{"id":6236,"date":"2023-09-13T08:13:36","date_gmt":"2023-09-13T08:13:36","guid":{"rendered":"https:\/\/longchangchemical.com\/?post_type=product&#038;p=6236"},"modified":"2026-05-08T08:26:25","modified_gmt":"2026-05-08T08:26:25","slug":"agesinag-d9001b-polydimethylsiloxane-with-hydroxy-group","status":"publish","type":"product","link":"https:\/\/longchangchemical.com\/fr\/product\/agesinag-d9001b-polydimethylsiloxane-with-hydroxy-group\/","title":{"rendered":"CHLUMICRYL\u00ae AG-D9001B \/ Polydim\u00e9thylsiloxane avec groupe hydroxy"},"content":{"rendered":"<h2>Additif anti-graffiti<br \/>\nPolydim\u00e9thylsiloxane avec groupe hydroxy<\/h2>\n<p><strong>Num\u00e9ro du produit<\/strong>: AG-D9001B<\/p>\n<p><strong>Alternatives \u00e9quivalentes<\/strong>BYK 370<\/p>\n<p><strong>Sp\u00e9cifications<\/strong><\/p>\n<table width=\"100%\" cellspacing=\"0\" cellpadding=\"0\">\n<tbody>\n<tr>\n<td>Composition<\/td>\n<td>polydim\u00e9thylsiloxane avec groupe hydroxy<\/td>\n<\/tr>\n<tr>\n<td>Apparence<\/td>\n<td>liquide clair l\u00e9g\u00e8rement jaun\u00e2tre<\/td>\n<\/tr>\n<tr>\n<td>Solvant Sinosolv<\/td>\n<td>Xyl\u00e8ne<\/td>\n<\/tr>\n<tr>\n<td>Contenu<\/td>\n<td>25\u00b13%(105\u2103 3h)<\/td>\n<\/tr>\n<tr>\n<td>Densit\u00e9<\/td>\n<td>0,89-0,93g\/ml(25\u00b11)\u2103<\/td>\n<\/tr>\n<tr>\n<td>Viscosit\u00e9<\/td>\n<td>6-30s(Tu-4 viscometer)(25\u00b10.2)\u2103<\/td>\n<\/tr>\n<tr>\n<td>Indice d'hydroxyle<\/td>\n<td>10-30 mg KOH\/g<\/td>\n<\/tr>\n<tr>\n<td>Indice d'acidit\u00e9<\/td>\n<td>\u22640,5 mg KOH\/g<\/td>\n<\/tr>\n<tr>\n<td>Point d'\u00e9clair<\/td>\n<td>\uff1e100\u2103<\/td>\n<\/tr>\n<\/tbody>\n<\/table>\n<p>Note : Cette fiche technique est destin\u00e9e \u00e0 fournir des r\u00e9sultats typiques, et non pas standard.<\/p>\n<p><strong>Syst\u00e8me d'application<\/strong><\/p>\n<p>A base de solvant<\/p>\n<p><strong>Propri\u00e9t\u00e9s<\/strong><\/p>\n<p>\u25cf Am\u00e9liorer l'anti-graffiti et la nettoyabilit\u00e9 de la surface.<br \/>\n\u25cf Excellente r\u00e9sistance au blocage, r\u00e9sistance \u00e0 l'essuyage du stylo marqueur, hydrophobie et ol\u00e9ophobie.<br \/>\n\u25cf En cas d'utilisation dans le syst\u00e8me two-pack(cuisson \u00e0 basse temp\u00e9rature) , nous sugg\u00e9rons d'utiliser une r\u00e9sine acrylique avec un indice d'hydroxyle \u00e9lev\u00e9 et de prolonger le temps de cuisson pour am\u00e9liorer la propri\u00e9t\u00e9 anti-graffiti. \u00c9valuer d'abord la compatibilit\u00e9 avant d'utiliser le vernis.<br \/>\n\u25cf Dilu\u00e9 \u00e0 10-20% avec du xyl\u00e8ne, puis ajout\u00e9 au syst\u00e8me. Agiter uniform\u00e9ment.<\/p>\n<p><strong>Incorporation<\/strong><\/p>\n<p>Facile \u00e0 ajouter avec un solvant pr\u00e9-dilu\u00e9 identique \u00e0 celui du syst\u00e8me de rev\u00eatement. Peut \u00eatre ajout\u00e9 apr\u00e8s l'ajout.<\/p>\n<p><strong>Proposer un ajout<\/strong><\/p>\n<p>Addition \u00e0 la formulation totale 1-5%<\/p>\n<p><strong>paquet<\/strong><\/p>\n<p>25KG \/ 180KG<\/p>\n<p><strong><b>Stockage :<\/b><\/strong><\/p>\n<div>\n<p>Les produits sont conserv\u00e9s dans un entrep\u00f4t sec, propre et bien ventil\u00e9.<\/p>\n<p>\u00c9viter l'exposition \u00e0 la lumi\u00e8re et \u00e0 la chaleur.<\/p>\n<p>Prot\u00e9ger le produit des fuites, de la pluie et de l'insolation pendant le transport.<\/p>\n<p>&nbsp;<\/p>\n<\/div>","protected":false},"excerpt":{"rendered":"<p>AG-D9001B Polydimethylsiloxane with hydroxy group is used in industrial processing and formulation applications.<\/p>","protected":false},"featured_media":0,"comment_status":"closed","ping_status":"closed","template":"","meta":[],"product_brand":[],"product_cat":[149],"product_tag":[],"class_list":{"0":"post-6236","1":"product","2":"type-product","3":"status-publish","5":"product_cat-anti-graffiti-additive","7":"first","8":"instock","9":"shipping-taxable","10":"product-type-simple"},"yoast_head":"<!-- This site is optimized with the Yoast SEO plugin v25.3.1 - https:\/\/yoast.com\/wordpress\/plugins\/seo\/ -->\n<title>AG-D9001B Polydimethylsiloxane with hydroxy group | Longchang Chemical<\/title>\n<meta name=\"description\" content=\"AG-D9001B Polydimethylsiloxane with hydroxy group is used in industrial processing and formulation applications.\" \/>\n<meta name=\"robots\" content=\"index, follow, max-snippet:-1, max-image-preview:large, max-video-preview:-1\" \/>\n<link rel=\"canonical\" href=\"https:\/\/longchangchemical.com\/fr\/product\/agesinag-d9001b-polydimethylsiloxane-with-hydroxy-group\/\" \/>\n<meta property=\"og:locale\" content=\"fr_FR\" \/>\n<meta property=\"og:type\" content=\"article\" \/>\n<meta property=\"og:title\" content=\"AG-D9001B Polydimethylsiloxane with hydroxy group | Longchang Chemical\" \/>\n<meta property=\"og:description\" content=\"AG-D9001B Polydimethylsiloxane with hydroxy group is used in industrial processing and formulation applications.\" \/>\n<meta property=\"og:url\" content=\"https:\/\/longchangchemical.com\/fr\/product\/agesinag-d9001b-polydimethylsiloxane-with-hydroxy-group\/\" \/>\n<meta property=\"og:site_name\" content=\"Longchang Chemical\" \/>\n<meta property=\"article:modified_time\" content=\"2026-05-08T08:26:25+00:00\" \/>\n<meta property=\"og:image\" content=\"https:\/\/longchangchemical.com\/wp-content\/uploads\/2024\/02\/logo-jpeg.jpg\" \/>\n\t<meta property=\"og:image:width\" content=\"1000\" \/>\n\t<meta property=\"og:image:height\" content=\"1000\" \/>\n\t<meta property=\"og:image:type\" content=\"image\/jpeg\" \/>\n<meta name=\"twitter:card\" content=\"summary_large_image\" \/>\n<script type=\"application\/ld+json\" class=\"yoast-schema-graph\">{\"@context\":\"https:\/\/schema.org\",\"@graph\":[{\"@type\":\"WebPage\",\"@id\":\"https:\/\/longchangchemical.com\/product\/agesinag-d9001b-polydimethylsiloxane-with-hydroxy-group\/\",\"url\":\"https:\/\/longchangchemical.com\/product\/agesinag-d9001b-polydimethylsiloxane-with-hydroxy-group\/\",\"name\":\"AG-D9001B Polydimethylsiloxane with hydroxy group | Longchang Chemical\",\"isPartOf\":{\"@id\":\"https:\/\/longchangchemical.com\/#website\"},\"datePublished\":\"2023-09-13T08:13:36+00:00\",\"dateModified\":\"2026-05-08T08:26:25+00:00\",\"description\":\"AG-D9001B Polydimethylsiloxane with hydroxy group is used in industrial processing and formulation applications.\",\"breadcrumb\":{\"@id\":\"https:\/\/longchangchemical.com\/product\/agesinag-d9001b-polydimethylsiloxane-with-hydroxy-group\/#breadcrumb\"},\"inLanguage\":\"fr-FR\",\"potentialAction\":[{\"@type\":\"ReadAction\",\"target\":[\"https:\/\/longchangchemical.com\/product\/agesinag-d9001b-polydimethylsiloxane-with-hydroxy-group\/\"]}]},{\"@type\":\"BreadcrumbList\",\"@id\":\"https:\/\/longchangchemical.com\/product\/agesinag-d9001b-polydimethylsiloxane-with-hydroxy-group\/#breadcrumb\",\"itemListElement\":[{\"@type\":\"ListItem\",\"position\":1,\"name\":\"Home\",\"item\":\"https:\/\/longchangchemical.com\/\"},{\"@type\":\"ListItem\",\"position\":2,\"name\":\"Products Longchang\",\"item\":\"https:\/\/longchangchemical.com\/product\/\"},{\"@type\":\"ListItem\",\"position\":3,\"name\":\"CHLUMICRYL\u00ae AG-D9001B \/ Polydimethylsiloxane with hydroxy group\"}]},{\"@type\":\"WebSite\",\"@id\":\"https:\/\/longchangchemical.com\/#website\",\"url\":\"https:\/\/longchangchemical.com\/\",\"name\":\"Longchang Chemical\",\"description\":\"China chemical manufacturer \uff06 supplier\",\"publisher\":{\"@id\":\"https:\/\/longchangchemical.com\/#organization\"},\"potentialAction\":[{\"@type\":\"SearchAction\",\"target\":{\"@type\":\"EntryPoint\",\"urlTemplate\":\"https:\/\/longchangchemical.com\/?s={search_term_string}\"},\"query-input\":{\"@type\":\"PropertyValueSpecification\",\"valueRequired\":true,\"valueName\":\"search_term_string\"}}],\"inLanguage\":\"fr-FR\"},{\"@type\":\"Organization\",\"@id\":\"https:\/\/longchangchemical.com\/#organization\",\"name\":\"Longchang Chemical\",\"url\":\"https:\/\/longchangchemical.com\/\",\"logo\":{\"@type\":\"ImageObject\",\"inLanguage\":\"fr-FR\",\"@id\":\"https:\/\/longchangchemical.com\/#\/schema\/logo\/image\/\",\"url\":\"https:\/\/longchangchemical.com\/wp-content\/uploads\/2020\/08\/cropped-longchang-logo.png\",\"contentUrl\":\"https:\/\/longchangchemical.com\/wp-content\/uploads\/2020\/08\/cropped-longchang-logo.png\",\"width\":512,\"height\":512,\"caption\":\"Longchang Chemical\"},\"image\":{\"@id\":\"https:\/\/longchangchemical.com\/#\/schema\/logo\/image\/\"}}]}<\/script>\n<!-- \/ Yoast SEO plugin. -->","yoast_head_json":{"title":"AG-D9001B Polydimethylsiloxane with hydroxy group | Longchang Chemical","description":"AG-D9001B Polydimethylsiloxane with hydroxy group is used in industrial processing and formulation applications.","robots":{"index":"index","follow":"follow","max-snippet":"max-snippet:-1","max-image-preview":"max-image-preview:large","max-video-preview":"max-video-preview:-1"},"canonical":"https:\/\/longchangchemical.com\/fr\/product\/agesinag-d9001b-polydimethylsiloxane-with-hydroxy-group\/","og_locale":"fr_FR","og_type":"article","og_title":"AG-D9001B Polydimethylsiloxane with hydroxy group | Longchang Chemical","og_description":"AG-D9001B Polydimethylsiloxane with hydroxy group is used in industrial processing and formulation applications.","og_url":"https:\/\/longchangchemical.com\/fr\/product\/agesinag-d9001b-polydimethylsiloxane-with-hydroxy-group\/","og_site_name":"Longchang Chemical","article_modified_time":"2026-05-08T08:26:25+00:00","og_image":[{"width":1000,"height":1000,"url":"https:\/\/longchangchemical.com\/wp-content\/uploads\/2024\/02\/logo-jpeg.jpg","type":"image\/jpeg"}],"twitter_card":"summary_large_image","schema":{"@context":"https:\/\/schema.org","@graph":[{"@type":"WebPage","@id":"https:\/\/longchangchemical.com\/product\/agesinag-d9001b-polydimethylsiloxane-with-hydroxy-group\/","url":"https:\/\/longchangchemical.com\/product\/agesinag-d9001b-polydimethylsiloxane-with-hydroxy-group\/","name":"AG-D9001B Polydimethylsiloxane with hydroxy group | Longchang Chemical","isPartOf":{"@id":"https:\/\/longchangchemical.com\/#website"},"datePublished":"2023-09-13T08:13:36+00:00","dateModified":"2026-05-08T08:26:25+00:00","description":"AG-D9001B Polydimethylsiloxane with hydroxy group is used in industrial processing and formulation applications.","breadcrumb":{"@id":"https:\/\/longchangchemical.com\/product\/agesinag-d9001b-polydimethylsiloxane-with-hydroxy-group\/#breadcrumb"},"inLanguage":"fr-FR","potentialAction":[{"@type":"ReadAction","target":["https:\/\/longchangchemical.com\/product\/agesinag-d9001b-polydimethylsiloxane-with-hydroxy-group\/"]}]},{"@type":"BreadcrumbList","@id":"https:\/\/longchangchemical.com\/product\/agesinag-d9001b-polydimethylsiloxane-with-hydroxy-group\/#breadcrumb","itemListElement":[{"@type":"ListItem","position":1,"name":"Home","item":"https:\/\/longchangchemical.com\/"},{"@type":"ListItem","position":2,"name":"Products Longchang","item":"https:\/\/longchangchemical.com\/product\/"},{"@type":"ListItem","position":3,"name":"CHLUMICRYL\u00ae AG-D9001B \/ Polydimethylsiloxane with hydroxy group"}]},{"@type":"WebSite","@id":"https:\/\/longchangchemical.com\/#website","url":"https:\/\/longchangchemical.com\/","name":"Longchang Chemical","description":"Fabricant chinois de produits chimiques \uff06 fournisseur","publisher":{"@id":"https:\/\/longchangchemical.com\/#organization"},"potentialAction":[{"@type":"SearchAction","target":{"@type":"EntryPoint","urlTemplate":"https:\/\/longchangchemical.com\/?s={search_term_string}"},"query-input":{"@type":"PropertyValueSpecification","valueRequired":true,"valueName":"search_term_string"}}],"inLanguage":"fr-FR"},{"@type":"Organization","@id":"https:\/\/longchangchemical.com\/#organization","name":"Longchang Chemical","url":"https:\/\/longchangchemical.com\/","logo":{"@type":"ImageObject","inLanguage":"fr-FR","@id":"https:\/\/longchangchemical.com\/#\/schema\/logo\/image\/","url":"https:\/\/longchangchemical.com\/wp-content\/uploads\/2020\/08\/cropped-longchang-logo.png","contentUrl":"https:\/\/longchangchemical.com\/wp-content\/uploads\/2020\/08\/cropped-longchang-logo.png","width":512,"height":512,"caption":"Longchang Chemical"},"image":{"@id":"https:\/\/longchangchemical.com\/#\/schema\/logo\/image\/"}}]}},"_links":{"self":[{"href":"https:\/\/longchangchemical.com\/fr\/wp-json\/wp\/v2\/product\/6236","targetHints":{"allow":["GET"]}}],"collection":[{"href":"https:\/\/longchangchemical.com\/fr\/wp-json\/wp\/v2\/product"}],"about":[{"href":"https:\/\/longchangchemical.com\/fr\/wp-json\/wp\/v2\/types\/product"}],"replies":[{"embeddable":true,"href":"https:\/\/longchangchemical.com\/fr\/wp-json\/wp\/v2\/comments?post=6236"}],"wp:attachment":[{"href":"https:\/\/longchangchemical.com\/fr\/wp-json\/wp\/v2\/media?parent=6236"}],"wp:term":[{"taxonomy":"product_brand","embeddable":true,"href":"https:\/\/longchangchemical.com\/fr\/wp-json\/wp\/v2\/product_brand?post=6236"},{"taxonomy":"product_cat","embeddable":true,"href":"https:\/\/longchangchemical.com\/fr\/wp-json\/wp\/v2\/product_cat?post=6236"},{"taxonomy":"product_tag","embeddable":true,"href":"https:\/\/longchangchemical.com\/fr\/wp-json\/wp\/v2\/product_tag?post=6236"}],"curies":[{"name":"wp","href":"https:\/\/api.w.org\/{rel}","templated":true}]}}