{"id":6205,"date":"2023-08-18T07:59:18","date_gmt":"2023-08-18T07:59:18","guid":{"rendered":"https:\/\/longchangchemical.com\/?post_type=product&#038;p=6205"},"modified":"2025-04-01T05:53:32","modified_gmt":"2025-04-01T05:53:32","slug":"uv-5151-cas-104810-48-2","status":"publish","type":"product","link":"https:\/\/longchangchemical.com\/fr\/product\/uv-5151-cas-104810-48-2\/","title":{"rendered":"CHLUMILS\u00ae UV 5151 \/ Stabilisateur de lumi\u00e8re 5151 CAS 104810-48-2"},"content":{"rendered":"<h1><strong>UV 5151 \/ Stabilisateur de lumi\u00e8re 5151 CAS 104810-48-2<\/strong><\/h1>\n<table style=\"border-collapse: collapse; width: 366.77pt;\" border=\"0\" width=\"489\" cellspacing=\"0\" cellpadding=\"0\">\n<tbody>\n<tr style=\"height: 17.25pt;\">\n<td class=\"et2\" style=\"height: 17.25pt; width: 164.25pt;\" width=\"219\" height=\"23\">Apparence<\/td>\n<td class=\"et3\" style=\"width: 202.50pt;\" width=\"270\">Liquide visqueux de couleur ambre<\/td>\n<\/tr>\n<tr style=\"height: 17.25pt;\">\n<td class=\"et2\" style=\"height: 17.25pt; width: 164.25pt;\" width=\"219\" height=\"23\">Contenu<\/td>\n<td class=\"et3\" style=\"width: 202.50pt;\" width=\"270\">\u226593%<\/td>\n<\/tr>\n<tr style=\"height: 17.25pt;\">\n<td class=\"et2\" style=\"height: 17.25pt; width: 164.25pt;\" width=\"219\" height=\"23\">Viscosit\u00e9@20<span class=\"font3\">\u2103<\/span><\/td>\n<td class=\"et3\" style=\"width: 202.50pt;\" width=\"270\">7000mPa.s<\/td>\n<\/tr>\n<tr style=\"height: 17.25pt;\">\n<td class=\"et2\" style=\"height: 17.25pt; width: 164.25pt;\" width=\"219\" height=\"23\">Densit\u00e9<\/td>\n<td class=\"et3\" style=\"width: 202.50pt;\" width=\"270\">1,10g\/cm3<\/td>\n<\/tr>\n<tr style=\"height: 17.25pt;\">\n<td class=\"et2\" style=\"height: 17.25pt; width: 164.25pt;\" width=\"219\" height=\"23\">Fr\u00eane<\/td>\n<td class=\"et3\" style=\"width: 202.50pt;\" width=\"270\">\u22640.1%<\/td>\n<\/tr>\n<tr style=\"height: 17.25pt;\">\n<td class=\"et2\" style=\"height: 17.25pt; width: 164.25pt;\" width=\"219\" height=\"23\">Volatilit\u00e9<\/td>\n<td class=\"et3\" style=\"width: 202.50pt;\" width=\"270\">\u22640.5%<\/td>\n<\/tr>\n<tr style=\"height: 17.25pt;\">\n<td class=\"et4\" style=\"height: 34.50pt; width: 164.25pt;\" rowspan=\"2\" width=\"219\" height=\"46\">Transmittance<\/td>\n<td class=\"et3\" style=\"width: 202.50pt;\" width=\"270\">460nm\u226595%<\/td>\n<\/tr>\n<tr style=\"height: 17.25pt;\">\n<td class=\"et3\" style=\"width: 202.50pt;\" width=\"270\">500nm\u226597%<\/td>\n<\/tr>\n<tr style=\"height: 17.25pt;\">\n<td class=\"et2\" style=\"height: 17.25pt; width: 164.25pt;\" width=\"219\" height=\"23\">Sp\u00e9cification de l'emballage<\/td>\n<td class=\"et3\" style=\"width: 202.50pt;\" width=\"270\">25kg 200kg<\/td>\n<\/tr>\n<\/tbody>\n<\/table>\n<h2><strong>UV 5151 Utilisation<\/strong><\/h2>\n<p>Le stabilisateur de lumi\u00e8re UV5151 est un m\u00e9lange synergique d'absorbeur UV liquide hydroxyph\u00e9nylbenzotriazole et de stabilisateur de lumi\u00e8re liquide amine encombr\u00e9e, qui se caract\u00e9rise par une bonne compatibilit\u00e9, une faible volatilit\u00e9, une bonne dispersion, une faible migration, une bonne stabilit\u00e9 thermique et une grande stabilit\u00e9 \u00e0 la lumi\u00e8re. Groupe hydroxyle sp\u00e9cial, facile \u00e0 \u00e9mulsifier dans un syst\u00e8me aqueux, la dispersion dans un syst\u00e8me aqueux peut \u00eatre obtenue par dissolution dans des solvants aqueux tels que l'\u00e9ther di\u00e9thylique du di\u00e9thyl\u00e8ne glycol. Il convient \u00e0 la cuisson \u00e0 haute temp\u00e9rature et aux exigences s\u00e9v\u00e8res des rev\u00eatements automobiles, des rev\u00eatements industriels, des rev\u00eatements pour le bois, en particulier pour les rev\u00eatements \u00e0 base d'eau.<\/p>\n<p>&nbsp;<\/p>\n<p><span style=\"color: #0267c1;\"><!--more--><\/span><\/p>\n<blockquote>\n<h3>Contactez-nous d\u00e8s maintenant !<\/h3>\n<h3>Si vous avez besoin d'un prix ou d'un \u00e9chantillon, veuillez nous envoyer un courriel \u00e0 l'adresse suivante <span style=\"color: #0267c1;\"><a style=\"color: #0267c1;\" href=\"mailto:info@longchangchemical.com\"><strong>info@longchangchemical.com<\/strong><\/a><\/span>ou utilisez le chat en direct du site web pour obtenir une r\u00e9ponse rapide.<\/h3>\n<\/blockquote>\n<p>&nbsp;<\/p>","protected":false},"excerpt":{"rendered":"<p>UV 5151 \/ Stabilisateur de lumi\u00e8re 5151 CAS 104810-48-2 Apparence Liquide visqueux de couleur ambre Contenu \u226593% Viscosit\u00e9@20\u2103 7000mPa.s Densit\u00e9 1.10g\/cm3 Cendres \u22640.1% Volatilit\u00e9 \u22640.5% Transmittance 460nm\u226595% 500nm\u226597% Sp\u00e9cification d'emballage 25kg 200kg UV 5151 Utilisation Stabilisateur de lumi\u00e8re UV5151 est un m\u00e9lange synergique d'absorbeur UV liquide hydroxyph\u00e9nylbenzotriazole et de stabilisateur de lumi\u00e8re liquide amine encombr\u00e9e, qui se caract\u00e9rise par [...]<\/p>","protected":false},"featured_media":6206,"comment_status":"open","ping_status":"closed","template":"","meta":[],"product_brand":[],"product_cat":[104],"product_tag":[],"class_list":{"0":"post-6205","1":"product","2":"type-product","3":"status-publish","4":"has-post-thumbnail","6":"product_cat-light-stabilizer","8":"first","9":"instock","10":"shipping-taxable","11":"product-type-simple"},"yoast_head":"<!-- This site is optimized with the Yoast SEO plugin v25.3.1 - https:\/\/yoast.com\/wordpress\/plugins\/seo\/ -->\n<title>China UV 5151 \/ Light stabilizer 5151 CAS 104810-48-2 Manufacturer - Longchang Chemical<\/title>\n<meta name=\"description\" content=\"UV 5151 \/ Light stabilizer 5151 CAS 104810-48-2 is a key product of Longchang Chemical. We provide the best price. We are the leading manufacturer in China with the best quality and competitive price.\" \/>\n<meta name=\"robots\" content=\"index, follow, max-snippet:-1, max-image-preview:large, max-video-preview:-1\" \/>\n<link rel=\"canonical\" href=\"https:\/\/longchangchemical.com\/fr\/product\/uv-5151-cas-104810-48-2\/\" \/>\n<meta property=\"og:locale\" content=\"fr_FR\" \/>\n<meta property=\"og:type\" content=\"article\" \/>\n<meta property=\"og:title\" content=\"China UV 5151 \/ Light stabilizer 5151 CAS 104810-48-2 Manufacturer - Longchang Chemical\" \/>\n<meta property=\"og:description\" content=\"UV 5151 \/ Light stabilizer 5151 CAS 104810-48-2 is a key product of Longchang Chemical. We provide the best price. We are the leading manufacturer in China with the best quality and competitive price.\" \/>\n<meta property=\"og:url\" content=\"https:\/\/longchangchemical.com\/fr\/product\/uv-5151-cas-104810-48-2\/\" \/>\n<meta property=\"og:site_name\" content=\"Longchang Chemical\" \/>\n<meta property=\"article:modified_time\" content=\"2025-04-01T05:53:32+00:00\" \/>\n<meta property=\"og:image\" content=\"https:\/\/longchangchemical.com\/wp-content\/uploads\/2023\/08\/UV-5151.png\" \/>\n\t<meta property=\"og:image:width\" content=\"440\" \/>\n\t<meta property=\"og:image:height\" content=\"747\" \/>\n\t<meta property=\"og:image:type\" content=\"image\/png\" \/>\n<meta name=\"twitter:card\" content=\"summary_large_image\" \/>\n<script type=\"application\/ld+json\" class=\"yoast-schema-graph\">{\"@context\":\"https:\/\/schema.org\",\"@graph\":[{\"@type\":\"WebPage\",\"@id\":\"https:\/\/longchangchemical.com\/product\/uv-5151-cas-104810-48-2\/\",\"url\":\"https:\/\/longchangchemical.com\/product\/uv-5151-cas-104810-48-2\/\",\"name\":\"China UV 5151 \/ Light stabilizer 5151 CAS 104810-48-2 Manufacturer - Longchang Chemical\",\"isPartOf\":{\"@id\":\"https:\/\/longchangchemical.com\/#website\"},\"primaryImageOfPage\":{\"@id\":\"https:\/\/longchangchemical.com\/product\/uv-5151-cas-104810-48-2\/#primaryimage\"},\"image\":{\"@id\":\"https:\/\/longchangchemical.com\/product\/uv-5151-cas-104810-48-2\/#primaryimage\"},\"thumbnailUrl\":\"https:\/\/longchangchemical.com\/wp-content\/uploads\/2023\/08\/UV-5151.png\",\"datePublished\":\"2023-08-18T07:59:18+00:00\",\"dateModified\":\"2025-04-01T05:53:32+00:00\",\"description\":\"UV 5151 \/ Light stabilizer 5151 CAS 104810-48-2 is a key product of Longchang Chemical. We provide the best price. We are the leading manufacturer in China with the best quality and competitive price.\",\"breadcrumb\":{\"@id\":\"https:\/\/longchangchemical.com\/product\/uv-5151-cas-104810-48-2\/#breadcrumb\"},\"inLanguage\":\"fr-FR\",\"potentialAction\":[{\"@type\":\"ReadAction\",\"target\":[\"https:\/\/longchangchemical.com\/product\/uv-5151-cas-104810-48-2\/\"]}]},{\"@type\":\"ImageObject\",\"inLanguage\":\"fr-FR\",\"@id\":\"https:\/\/longchangchemical.com\/product\/uv-5151-cas-104810-48-2\/#primaryimage\",\"url\":\"https:\/\/longchangchemical.com\/wp-content\/uploads\/2023\/08\/UV-5151.png\",\"contentUrl\":\"https:\/\/longchangchemical.com\/wp-content\/uploads\/2023\/08\/UV-5151.png\",\"width\":440,\"height\":747},{\"@type\":\"BreadcrumbList\",\"@id\":\"https:\/\/longchangchemical.com\/product\/uv-5151-cas-104810-48-2\/#breadcrumb\",\"itemListElement\":[{\"@type\":\"ListItem\",\"position\":1,\"name\":\"Home\",\"item\":\"https:\/\/longchangchemical.com\/\"},{\"@type\":\"ListItem\",\"position\":2,\"name\":\"Products Longchang\",\"item\":\"https:\/\/longchangchemical.com\/product\/\"},{\"@type\":\"ListItem\",\"position\":3,\"name\":\"CHLUMILS\u00ae UV 5151 \/ Light stabilizer 5151 CAS 104810-48-2\"}]},{\"@type\":\"WebSite\",\"@id\":\"https:\/\/longchangchemical.com\/#website\",\"url\":\"https:\/\/longchangchemical.com\/\",\"name\":\"Longchang Chemical\",\"description\":\"China chemical manufacturer \uff06 supplier\",\"publisher\":{\"@id\":\"https:\/\/longchangchemical.com\/#organization\"},\"potentialAction\":[{\"@type\":\"SearchAction\",\"target\":{\"@type\":\"EntryPoint\",\"urlTemplate\":\"https:\/\/longchangchemical.com\/?s={search_term_string}\"},\"query-input\":{\"@type\":\"PropertyValueSpecification\",\"valueRequired\":true,\"valueName\":\"search_term_string\"}}],\"inLanguage\":\"fr-FR\"},{\"@type\":\"Organization\",\"@id\":\"https:\/\/longchangchemical.com\/#organization\",\"name\":\"Longchang Chemical\",\"url\":\"https:\/\/longchangchemical.com\/\",\"logo\":{\"@type\":\"ImageObject\",\"inLanguage\":\"fr-FR\",\"@id\":\"https:\/\/longchangchemical.com\/#\/schema\/logo\/image\/\",\"url\":\"https:\/\/longchangchemical.com\/wp-content\/uploads\/2020\/08\/cropped-longchang-logo.png\",\"contentUrl\":\"https:\/\/longchangchemical.com\/wp-content\/uploads\/2020\/08\/cropped-longchang-logo.png\",\"width\":512,\"height\":512,\"caption\":\"Longchang Chemical\"},\"image\":{\"@id\":\"https:\/\/longchangchemical.com\/#\/schema\/logo\/image\/\"}}]}<\/script>\n<!-- \/ Yoast SEO plugin. -->","yoast_head_json":{"title":"Chine UV 5151 \/ Stabilisateur de lumi\u00e8re 5151 CAS 104810-48-2 Fabricant - Longchang Chemical","description":"UV 5151 \/ Light stabilizer 5151 CAS 104810-48-2 est un produit cl\u00e9 de Longchang Chemical. Nous fournissons le meilleur prix. Nous sommes le principal fabricant en Chine avec la meilleure qualit\u00e9 et un prix comp\u00e9titif.","robots":{"index":"index","follow":"follow","max-snippet":"max-snippet:-1","max-image-preview":"max-image-preview:large","max-video-preview":"max-video-preview:-1"},"canonical":"https:\/\/longchangchemical.com\/fr\/product\/uv-5151-cas-104810-48-2\/","og_locale":"fr_FR","og_type":"article","og_title":"China UV 5151 \/ Light stabilizer 5151 CAS 104810-48-2 Manufacturer - Longchang Chemical","og_description":"UV 5151 \/ Light stabilizer 5151 CAS 104810-48-2 is a key product of Longchang Chemical. We provide the best price. We are the leading manufacturer in China with the best quality and competitive price.","og_url":"https:\/\/longchangchemical.com\/fr\/product\/uv-5151-cas-104810-48-2\/","og_site_name":"Longchang Chemical","article_modified_time":"2025-04-01T05:53:32+00:00","og_image":[{"width":440,"height":747,"url":"https:\/\/longchangchemical.com\/wp-content\/uploads\/2023\/08\/UV-5151.png","type":"image\/png"}],"twitter_card":"summary_large_image","schema":{"@context":"https:\/\/schema.org","@graph":[{"@type":"WebPage","@id":"https:\/\/longchangchemical.com\/product\/uv-5151-cas-104810-48-2\/","url":"https:\/\/longchangchemical.com\/product\/uv-5151-cas-104810-48-2\/","name":"Chine UV 5151 \/ Stabilisateur de lumi\u00e8re 5151 CAS 104810-48-2 Fabricant - Longchang Chemical","isPartOf":{"@id":"https:\/\/longchangchemical.com\/#website"},"primaryImageOfPage":{"@id":"https:\/\/longchangchemical.com\/product\/uv-5151-cas-104810-48-2\/#primaryimage"},"image":{"@id":"https:\/\/longchangchemical.com\/product\/uv-5151-cas-104810-48-2\/#primaryimage"},"thumbnailUrl":"https:\/\/longchangchemical.com\/wp-content\/uploads\/2023\/08\/UV-5151.png","datePublished":"2023-08-18T07:59:18+00:00","dateModified":"2025-04-01T05:53:32+00:00","description":"UV 5151 \/ Light stabilizer 5151 CAS 104810-48-2 est un produit cl\u00e9 de Longchang Chemical. Nous fournissons le meilleur prix. Nous sommes le principal fabricant en Chine avec la meilleure qualit\u00e9 et un prix comp\u00e9titif.","breadcrumb":{"@id":"https:\/\/longchangchemical.com\/product\/uv-5151-cas-104810-48-2\/#breadcrumb"},"inLanguage":"fr-FR","potentialAction":[{"@type":"ReadAction","target":["https:\/\/longchangchemical.com\/product\/uv-5151-cas-104810-48-2\/"]}]},{"@type":"ImageObject","inLanguage":"fr-FR","@id":"https:\/\/longchangchemical.com\/product\/uv-5151-cas-104810-48-2\/#primaryimage","url":"https:\/\/longchangchemical.com\/wp-content\/uploads\/2023\/08\/UV-5151.png","contentUrl":"https:\/\/longchangchemical.com\/wp-content\/uploads\/2023\/08\/UV-5151.png","width":440,"height":747},{"@type":"BreadcrumbList","@id":"https:\/\/longchangchemical.com\/product\/uv-5151-cas-104810-48-2\/#breadcrumb","itemListElement":[{"@type":"ListItem","position":1,"name":"Home","item":"https:\/\/longchangchemical.com\/"},{"@type":"ListItem","position":2,"name":"Products Longchang","item":"https:\/\/longchangchemical.com\/product\/"},{"@type":"ListItem","position":3,"name":"CHLUMILS\u00ae UV 5151 \/ Light stabilizer 5151 CAS 104810-48-2"}]},{"@type":"WebSite","@id":"https:\/\/longchangchemical.com\/#website","url":"https:\/\/longchangchemical.com\/","name":"Longchang Chemical","description":"Fabricant chinois de produits chimiques \uff06 fournisseur","publisher":{"@id":"https:\/\/longchangchemical.com\/#organization"},"potentialAction":[{"@type":"SearchAction","target":{"@type":"EntryPoint","urlTemplate":"https:\/\/longchangchemical.com\/?s={search_term_string}"},"query-input":{"@type":"PropertyValueSpecification","valueRequired":true,"valueName":"search_term_string"}}],"inLanguage":"fr-FR"},{"@type":"Organization","@id":"https:\/\/longchangchemical.com\/#organization","name":"Longchang Chemical","url":"https:\/\/longchangchemical.com\/","logo":{"@type":"ImageObject","inLanguage":"fr-FR","@id":"https:\/\/longchangchemical.com\/#\/schema\/logo\/image\/","url":"https:\/\/longchangchemical.com\/wp-content\/uploads\/2020\/08\/cropped-longchang-logo.png","contentUrl":"https:\/\/longchangchemical.com\/wp-content\/uploads\/2020\/08\/cropped-longchang-logo.png","width":512,"height":512,"caption":"Longchang Chemical"},"image":{"@id":"https:\/\/longchangchemical.com\/#\/schema\/logo\/image\/"}}]}},"_links":{"self":[{"href":"https:\/\/longchangchemical.com\/fr\/wp-json\/wp\/v2\/product\/6205","targetHints":{"allow":["GET"]}}],"collection":[{"href":"https:\/\/longchangchemical.com\/fr\/wp-json\/wp\/v2\/product"}],"about":[{"href":"https:\/\/longchangchemical.com\/fr\/wp-json\/wp\/v2\/types\/product"}],"replies":[{"embeddable":true,"href":"https:\/\/longchangchemical.com\/fr\/wp-json\/wp\/v2\/comments?post=6205"}],"wp:featuredmedia":[{"embeddable":true,"href":"https:\/\/longchangchemical.com\/fr\/wp-json\/wp\/v2\/media\/6206"}],"wp:attachment":[{"href":"https:\/\/longchangchemical.com\/fr\/wp-json\/wp\/v2\/media?parent=6205"}],"wp:term":[{"taxonomy":"product_brand","embeddable":true,"href":"https:\/\/longchangchemical.com\/fr\/wp-json\/wp\/v2\/product_brand?post=6205"},{"taxonomy":"product_cat","embeddable":true,"href":"https:\/\/longchangchemical.com\/fr\/wp-json\/wp\/v2\/product_cat?post=6205"},{"taxonomy":"product_tag","embeddable":true,"href":"https:\/\/longchangchemical.com\/fr\/wp-json\/wp\/v2\/product_tag?post=6205"}],"curies":[{"name":"wp","href":"https:\/\/api.w.org\/{rel}","templated":true}]}}