{"id":6198,"date":"2023-08-07T13:13:26","date_gmt":"2023-08-07T13:13:26","guid":{"rendered":"https:\/\/longchangchemical.com\/?post_type=product&#038;p=6198"},"modified":"2026-05-08T02:59:59","modified_gmt":"2026-05-08T02:59:59","slug":"agesinfs-d9013r","status":"publish","type":"product","link":"https:\/\/longchangchemical.com\/fr\/product\/agesinfs-d9013r\/","title":{"rendered":"CHLUMICRYL\u00ae FS-D9013R"},"content":{"rendered":"<h2>Solution de copolym\u00e8re fluorocarbon\u00e9<\/h2>\n<p><strong>Num\u00e9ro du produit<\/strong>: FS-D9013R<\/p>\n<p><strong>Sp\u00e9cifications<\/strong><br \/>\nComposition Solution de copolym\u00e8re fluorocarbon\u00e9<br \/>\nAspect Liquide clair transparent \u00e0 l\u00e9g\u00e8rement jaun\u00e2tre<br \/>\nSolvant Ester dibasique<br \/>\nSubstance active 13%<br \/>\nDensit\u00e9 1,11-1,15g\/ml(25\u00b11)\u2103<br \/>\nViscosit\u00e9 6-25s(viscosim\u00e8tre Tu-4)(25\u00b10.2)\u2103<br \/>\nPoint d'\u00e9clair \uff1e100\u2103<br \/>\nNote : Cette fiche technique est destin\u00e9e \u00e0 fournir des r\u00e9sultats typiques, et non pas standard.<\/p>\n<p><strong>Syst\u00e8me d'application<\/strong><br \/>\nDurcissement UV \u00e0 base de solvant<\/p>\n<p><strong>Propri\u00e9t\u00e9s<\/strong><br \/>\nBon nivellement des ondes longues. Pr\u00e9vient le ph\u00e9nom\u00e8ne de la peau d'orange.<br \/>\nExcellente capacit\u00e9 \u00e0 lutter contre la formation de crat\u00e8res.<br \/>\nVitesse de mont\u00e9e en niveau rapide.<br \/>\nR\u00e9sistance aux temp\u00e9ratures \u00e9lev\u00e9es. Peut \u00eatre recouvert.<br \/>\nDans les syst\u00e8mes o\u00f9 les additifs \u00e0 base de silicone ne peuvent pas \u00eatre utilis\u00e9s, ils sont souvent employ\u00e9s comme additifs anti-retrait.<br \/>\nL'excellent effet anti-crat\u00e8re de l'appr\u00eat UV commun n'affecte pas le revernissage. Il convient de noter qu'il n'est pas applicable \u00e0 l'appr\u00eat UV pour galvanoplastie sous vide, ce qui affectera le revernissage.<\/p>\n<p><strong>Incorporation<\/strong><br \/>\nDoit \u00eatre dilu\u00e9 avec un solvant appropri\u00e9. Peut \u00eatre ajout\u00e9 \u00e0 n'importe quel stade du processus de production, y compris apr\u00e8s l'ajout.<\/p>\n<p><strong>Proposer un ajout<\/strong><br \/>\nAddition \u00e0 la formulation totale 0,1-1,0%<\/p>\n<p><strong>paquet<\/strong><\/p>\n<p>25KG \/ 180KG<\/p>\n<p><strong><b>Stockage :<\/b><\/strong><\/p>\n<div>\n<p>Les produits sont conserv\u00e9s dans un entrep\u00f4t sec, propre et bien ventil\u00e9.<\/p>\n<p>\u00c9viter l'exposition \u00e0 la lumi\u00e8re et \u00e0 la chaleur.<\/p>\n<p>Prot\u00e9ger le produit des fuites, de la pluie et de l'insolation pendant le transport.<\/p>\n<\/div>","protected":false},"excerpt":{"rendered":"<p>Description du produit : Solution de copolym\u00e8re fluorocarbon\u00e9<\/p>\n<p>Alternatives \u00e9quivalentes : n\/a<\/p>\n<p>Syst\u00e8me d'application : A base de solvant \/ durcissement UV<\/p>\n<p>Solvant : Ester dibasique<\/p>\n<p>Viscosit\u00e9 : 6-25s(viscosim\u00e8tre Tu-4)(25\u00b10.2)\u2103<\/p>\n<p>Emballage : 25KG ou 180KG\/tambour<\/p>","protected":false},"featured_media":6292,"comment_status":"closed","ping_status":"closed","template":"","meta":[],"product_brand":[],"product_cat":[138,147],"product_tag":[],"class_list":{"0":"post-6198","1":"product","2":"type-product","3":"status-publish","4":"has-post-thumbnail","6":"product_cat-coating-and-ink-additives","7":"product_cat-fluorine-surfactant","9":"first","10":"instock","11":"shipping-taxable","12":"product-type-simple"},"yoast_head":"<!-- This site is optimized with the Yoast SEO plugin v25.3.1 - https:\/\/yoast.com\/wordpress\/plugins\/seo\/ -->\n<title>FS-D9013R Coating Additive | Longchang Chemical<\/title>\n<meta name=\"description\" content=\"FS-D9013R Coating Additive is a coating additive for coatings, inks and specialty surface modification.\" \/>\n<meta name=\"robots\" content=\"index, follow, max-snippet:-1, max-image-preview:large, max-video-preview:-1\" \/>\n<link rel=\"canonical\" href=\"https:\/\/longchangchemical.com\/fr\/product\/agesinfs-d9013r\/\" \/>\n<meta property=\"og:locale\" content=\"fr_FR\" \/>\n<meta property=\"og:type\" content=\"article\" \/>\n<meta property=\"og:title\" content=\"FS-D9013R Coating Additive | Longchang Chemical\" \/>\n<meta property=\"og:description\" content=\"FS-D9013R Coating Additive is a coating additive for coatings, inks and specialty surface modification.\" \/>\n<meta property=\"og:url\" content=\"https:\/\/longchangchemical.com\/fr\/product\/agesinfs-d9013r\/\" \/>\n<meta property=\"og:site_name\" content=\"Longchang Chemical\" \/>\n<meta property=\"article:modified_time\" content=\"2026-05-08T02:59:59+00:00\" \/>\n<meta property=\"og:image\" content=\"https:\/\/longchangchemical.com\/wp-content\/uploads\/2023\/08\/-FS-D9013R.jpg\" \/>\n\t<meta property=\"og:image:width\" content=\"800\" \/>\n\t<meta property=\"og:image:height\" content=\"800\" \/>\n\t<meta property=\"og:image:type\" content=\"image\/jpeg\" \/>\n<meta name=\"twitter:card\" content=\"summary_large_image\" \/>\n<script type=\"application\/ld+json\" class=\"yoast-schema-graph\">{\"@context\":\"https:\/\/schema.org\",\"@graph\":[{\"@type\":\"WebPage\",\"@id\":\"https:\/\/longchangchemical.com\/product\/agesinfs-d9013r\/\",\"url\":\"https:\/\/longchangchemical.com\/product\/agesinfs-d9013r\/\",\"name\":\"FS-D9013R Coating Additive | Longchang Chemical\",\"isPartOf\":{\"@id\":\"https:\/\/longchangchemical.com\/#website\"},\"primaryImageOfPage\":{\"@id\":\"https:\/\/longchangchemical.com\/product\/agesinfs-d9013r\/#primaryimage\"},\"image\":{\"@id\":\"https:\/\/longchangchemical.com\/product\/agesinfs-d9013r\/#primaryimage\"},\"thumbnailUrl\":\"https:\/\/longchangchemical.com\/wp-content\/uploads\/2023\/08\/-FS-D9013R.jpg\",\"datePublished\":\"2023-08-07T13:13:26+00:00\",\"dateModified\":\"2026-05-08T02:59:59+00:00\",\"description\":\"FS-D9013R Coating Additive is a coating additive for coatings, inks and specialty surface modification.\",\"breadcrumb\":{\"@id\":\"https:\/\/longchangchemical.com\/product\/agesinfs-d9013r\/#breadcrumb\"},\"inLanguage\":\"fr-FR\",\"potentialAction\":[{\"@type\":\"ReadAction\",\"target\":[\"https:\/\/longchangchemical.com\/product\/agesinfs-d9013r\/\"]}]},{\"@type\":\"ImageObject\",\"inLanguage\":\"fr-FR\",\"@id\":\"https:\/\/longchangchemical.com\/product\/agesinfs-d9013r\/#primaryimage\",\"url\":\"https:\/\/longchangchemical.com\/wp-content\/uploads\/2023\/08\/-FS-D9013R.jpg\",\"contentUrl\":\"https:\/\/longchangchemical.com\/wp-content\/uploads\/2023\/08\/-FS-D9013R.jpg\",\"width\":800,\"height\":800,\"caption\":\"FS-D9013R\"},{\"@type\":\"BreadcrumbList\",\"@id\":\"https:\/\/longchangchemical.com\/product\/agesinfs-d9013r\/#breadcrumb\",\"itemListElement\":[{\"@type\":\"ListItem\",\"position\":1,\"name\":\"Home\",\"item\":\"https:\/\/longchangchemical.com\/\"},{\"@type\":\"ListItem\",\"position\":2,\"name\":\"Products Longchang\",\"item\":\"https:\/\/longchangchemical.com\/product\/\"},{\"@type\":\"ListItem\",\"position\":3,\"name\":\"CHLUMICRYL\u00ae FS-D9013R\"}]},{\"@type\":\"WebSite\",\"@id\":\"https:\/\/longchangchemical.com\/#website\",\"url\":\"https:\/\/longchangchemical.com\/\",\"name\":\"Longchang Chemical\",\"description\":\"China chemical manufacturer \uff06 supplier\",\"publisher\":{\"@id\":\"https:\/\/longchangchemical.com\/#organization\"},\"potentialAction\":[{\"@type\":\"SearchAction\",\"target\":{\"@type\":\"EntryPoint\",\"urlTemplate\":\"https:\/\/longchangchemical.com\/?s={search_term_string}\"},\"query-input\":{\"@type\":\"PropertyValueSpecification\",\"valueRequired\":true,\"valueName\":\"search_term_string\"}}],\"inLanguage\":\"fr-FR\"},{\"@type\":\"Organization\",\"@id\":\"https:\/\/longchangchemical.com\/#organization\",\"name\":\"Longchang Chemical\",\"url\":\"https:\/\/longchangchemical.com\/\",\"logo\":{\"@type\":\"ImageObject\",\"inLanguage\":\"fr-FR\",\"@id\":\"https:\/\/longchangchemical.com\/#\/schema\/logo\/image\/\",\"url\":\"https:\/\/longchangchemical.com\/wp-content\/uploads\/2020\/08\/cropped-longchang-logo.png\",\"contentUrl\":\"https:\/\/longchangchemical.com\/wp-content\/uploads\/2020\/08\/cropped-longchang-logo.png\",\"width\":512,\"height\":512,\"caption\":\"Longchang Chemical\"},\"image\":{\"@id\":\"https:\/\/longchangchemical.com\/#\/schema\/logo\/image\/\"}}]}<\/script>\n<!-- \/ Yoast SEO plugin. -->","yoast_head_json":{"title":"FS-D9013R Coating Additive | Longchang Chemical","description":"FS-D9013R Coating Additive is a coating additive for coatings, inks and specialty surface modification.","robots":{"index":"index","follow":"follow","max-snippet":"max-snippet:-1","max-image-preview":"max-image-preview:large","max-video-preview":"max-video-preview:-1"},"canonical":"https:\/\/longchangchemical.com\/fr\/product\/agesinfs-d9013r\/","og_locale":"fr_FR","og_type":"article","og_title":"FS-D9013R Coating Additive | Longchang Chemical","og_description":"FS-D9013R Coating Additive is a coating additive for coatings, inks and specialty surface modification.","og_url":"https:\/\/longchangchemical.com\/fr\/product\/agesinfs-d9013r\/","og_site_name":"Longchang Chemical","article_modified_time":"2026-05-08T02:59:59+00:00","og_image":[{"width":800,"height":800,"url":"https:\/\/longchangchemical.com\/wp-content\/uploads\/2023\/08\/-FS-D9013R.jpg","type":"image\/jpeg"}],"twitter_card":"summary_large_image","schema":{"@context":"https:\/\/schema.org","@graph":[{"@type":"WebPage","@id":"https:\/\/longchangchemical.com\/product\/agesinfs-d9013r\/","url":"https:\/\/longchangchemical.com\/product\/agesinfs-d9013r\/","name":"FS-D9013R Coating Additive | Longchang Chemical","isPartOf":{"@id":"https:\/\/longchangchemical.com\/#website"},"primaryImageOfPage":{"@id":"https:\/\/longchangchemical.com\/product\/agesinfs-d9013r\/#primaryimage"},"image":{"@id":"https:\/\/longchangchemical.com\/product\/agesinfs-d9013r\/#primaryimage"},"thumbnailUrl":"https:\/\/longchangchemical.com\/wp-content\/uploads\/2023\/08\/-FS-D9013R.jpg","datePublished":"2023-08-07T13:13:26+00:00","dateModified":"2026-05-08T02:59:59+00:00","description":"FS-D9013R Coating Additive is a coating additive for coatings, inks and specialty surface modification.","breadcrumb":{"@id":"https:\/\/longchangchemical.com\/product\/agesinfs-d9013r\/#breadcrumb"},"inLanguage":"fr-FR","potentialAction":[{"@type":"ReadAction","target":["https:\/\/longchangchemical.com\/product\/agesinfs-d9013r\/"]}]},{"@type":"ImageObject","inLanguage":"fr-FR","@id":"https:\/\/longchangchemical.com\/product\/agesinfs-d9013r\/#primaryimage","url":"https:\/\/longchangchemical.com\/wp-content\/uploads\/2023\/08\/-FS-D9013R.jpg","contentUrl":"https:\/\/longchangchemical.com\/wp-content\/uploads\/2023\/08\/-FS-D9013R.jpg","width":800,"height":800,"caption":"FS-D9013R"},{"@type":"BreadcrumbList","@id":"https:\/\/longchangchemical.com\/product\/agesinfs-d9013r\/#breadcrumb","itemListElement":[{"@type":"ListItem","position":1,"name":"Home","item":"https:\/\/longchangchemical.com\/"},{"@type":"ListItem","position":2,"name":"Products Longchang","item":"https:\/\/longchangchemical.com\/product\/"},{"@type":"ListItem","position":3,"name":"CHLUMICRYL\u00ae FS-D9013R"}]},{"@type":"WebSite","@id":"https:\/\/longchangchemical.com\/#website","url":"https:\/\/longchangchemical.com\/","name":"Longchang Chemical","description":"Fabricant chinois de produits chimiques \uff06 fournisseur","publisher":{"@id":"https:\/\/longchangchemical.com\/#organization"},"potentialAction":[{"@type":"SearchAction","target":{"@type":"EntryPoint","urlTemplate":"https:\/\/longchangchemical.com\/?s={search_term_string}"},"query-input":{"@type":"PropertyValueSpecification","valueRequired":true,"valueName":"search_term_string"}}],"inLanguage":"fr-FR"},{"@type":"Organization","@id":"https:\/\/longchangchemical.com\/#organization","name":"Longchang Chemical","url":"https:\/\/longchangchemical.com\/","logo":{"@type":"ImageObject","inLanguage":"fr-FR","@id":"https:\/\/longchangchemical.com\/#\/schema\/logo\/image\/","url":"https:\/\/longchangchemical.com\/wp-content\/uploads\/2020\/08\/cropped-longchang-logo.png","contentUrl":"https:\/\/longchangchemical.com\/wp-content\/uploads\/2020\/08\/cropped-longchang-logo.png","width":512,"height":512,"caption":"Longchang Chemical"},"image":{"@id":"https:\/\/longchangchemical.com\/#\/schema\/logo\/image\/"}}]}},"_links":{"self":[{"href":"https:\/\/longchangchemical.com\/fr\/wp-json\/wp\/v2\/product\/6198","targetHints":{"allow":["GET"]}}],"collection":[{"href":"https:\/\/longchangchemical.com\/fr\/wp-json\/wp\/v2\/product"}],"about":[{"href":"https:\/\/longchangchemical.com\/fr\/wp-json\/wp\/v2\/types\/product"}],"replies":[{"embeddable":true,"href":"https:\/\/longchangchemical.com\/fr\/wp-json\/wp\/v2\/comments?post=6198"}],"wp:featuredmedia":[{"embeddable":true,"href":"https:\/\/longchangchemical.com\/fr\/wp-json\/wp\/v2\/media\/6292"}],"wp:attachment":[{"href":"https:\/\/longchangchemical.com\/fr\/wp-json\/wp\/v2\/media?parent=6198"}],"wp:term":[{"taxonomy":"product_brand","embeddable":true,"href":"https:\/\/longchangchemical.com\/fr\/wp-json\/wp\/v2\/product_brand?post=6198"},{"taxonomy":"product_cat","embeddable":true,"href":"https:\/\/longchangchemical.com\/fr\/wp-json\/wp\/v2\/product_cat?post=6198"},{"taxonomy":"product_tag","embeddable":true,"href":"https:\/\/longchangchemical.com\/fr\/wp-json\/wp\/v2\/product_tag?post=6198"}],"curies":[{"name":"wp","href":"https:\/\/api.w.org\/{rel}","templated":true}]}}