{"id":6192,"date":"2023-07-25T07:37:10","date_gmt":"2023-07-25T07:37:10","guid":{"rendered":"https:\/\/longchangchemical.com\/?post_type=product&#038;p=6192"},"modified":"2026-05-08T02:59:59","modified_gmt":"2026-05-08T02:59:59","slug":"agesin-fs-d8980","status":"publish","type":"product","link":"https:\/\/longchangchemical.com\/fr\/product\/agesin-fs-d8980\/","title":{"rendered":"CHLUMICRYL\u00ae FS-D8980"},"content":{"rendered":"<h2>Solution de copolym\u00e8re fluorocarbon\u00e9<\/h2>\n<p><strong>Num\u00e9ro du produit<\/strong>: FS-D8980<\/p>\n<p><strong>Alternatives \u00e9quivalentes<\/strong>:BASF EFKA 3600<\/p>\n<p><strong>Sp\u00e9cifications<\/strong><\/p>\n<table width=\"100%\" cellspacing=\"0\" cellpadding=\"0\">\n<tbody>\n<tr>\n<td valign=\"top\" width=\"113\">Composition<\/td>\n<td valign=\"top\" width=\"226\">Solution de copolym\u00e8re fluorocarbon\u00e9<\/td>\n<\/tr>\n<tr>\n<td valign=\"top\" width=\"113\">Apparence<\/td>\n<td valign=\"top\" width=\"226\">\n<p align=\"justify\">Liquide transparent \u00e0 l\u00e9g\u00e8rement jaun\u00e2tre<\/p>\n<\/td>\n<\/tr>\n<tr>\n<td valign=\"top\" width=\"113\">Solvant Sinosolv<\/td>\n<td valign=\"top\" width=\"226\">--<\/td>\n<\/tr>\n<tr>\n<td valign=\"top\" width=\"113\">Substance active<\/td>\n<td valign=\"top\" width=\"226\">\u226595% (140\u2103 2h)<\/td>\n<\/tr>\n<tr>\n<td valign=\"top\" width=\"113\">Densit\u00e9<\/td>\n<td valign=\"top\" width=\"226\">1,20-1,24g\/ml(25\u00b11)\u2103<\/td>\n<\/tr>\n<tr>\n<td valign=\"top\" width=\"113\">Viscosit\u00e9<\/td>\n<td valign=\"top\" width=\"226\">\n<p align=\"justify\">8000-35000<br \/>\n(viscosim\u00e8tre rotatif)(25\u00b10,2)\u2103<\/p>\n<\/td>\n<\/tr>\n<tr>\n<td valign=\"top\" width=\"113\">Point d'\u00e9clair<\/td>\n<td valign=\"top\" width=\"226\">\uff1e62\u2103<\/td>\n<\/tr>\n<\/tbody>\n<\/table>\n<p>Note : Cette fiche technique est destin\u00e9e \u00e0 fournir des r\u00e9sultats typiques et non des normes.<\/p>\n<p><strong>Syst\u00e8me d'application<\/strong><br \/>\nDurcissement UV \u00e0 base de solvant<br \/>\n<strong>Propri\u00e9t\u00e9s<\/strong><br \/>\nBonne compatibilit\u00e9 avec les vernis.<br \/>\nBon nivellement des ondes longues. Pr\u00e9vient le ph\u00e9nom\u00e8ne de la peau d'orange.<br \/>\nConvient \u00e0 la pulv\u00e9risation sur de grandes surfaces, sans inhibition de la mousse.<br \/>\nApr\u00e8s la pulv\u00e9risation humide et le s\u00e9chage de plusieurs couleurs, comme les raquettes de badminton, il est possible d'\u00e9viter et d'\u00e9liminer le ph\u00e9nom\u00e8ne de canal de couleur entre les couleurs.<br \/>\n<strong>Incorporation<\/strong><br \/>\nIls peuvent \u00eatre ajout\u00e9s \u00e0 n'importe quel stade du processus de production, y compris apr\u00e8s l'ajout.<br \/>\n<strong>Proposer un ajout<\/strong><br \/>\nAddition \u00e0 la formulation totale 0,05-0,8%<br \/>\n<strong>Stabilit\u00e9 du stockage<\/strong><br \/>\nLes produits qui d\u00e9passent la p\u00e9riode de stockage peuvent continuer \u00e0 \u00eatre utilis\u00e9s apr\u00e8s inspection. Le r\u00e9cipient doit \u00eatre referm\u00e9 imm\u00e9diatement apr\u00e8s utilisation.<\/p>\n<p><strong>Appliquer la recommandation<\/strong><\/p>\n<table width=\"100%\" cellspacing=\"0\" cellpadding=\"0\">\n<tbody>\n<tr>\n<td valign=\"top\" width=\"198\">La transparence dans le vernis<\/td>\n<td valign=\"top\" width=\"132\">4<\/td>\n<\/tr>\n<tr>\n<td valign=\"top\" width=\"198\">D\u00e9moussage<\/td>\n<td valign=\"top\" width=\"132\">2<\/td>\n<\/tr>\n<tr>\n<td valign=\"top\" width=\"198\">Tension superficielle dynamique<\/td>\n<td valign=\"top\" width=\"132\">4<\/td>\n<\/tr>\n<tr>\n<td valign=\"top\" width=\"198\">Tension superficielle statique<\/td>\n<td valign=\"top\" width=\"132\">3.5<\/td>\n<\/tr>\n<tr>\n<td valign=\"top\" width=\"198\">Slip (glissement)<\/td>\n<td valign=\"top\" width=\"132\">5<\/td>\n<\/tr>\n<\/tbody>\n<\/table>\n<p>0=indisponible 5=tr\u00e8s efficace<\/p>\n<p><strong>paquet<\/strong><\/p>\n<p>25KG \/ 180KG<\/p>\n<p><strong><b>Stockage :<\/b><\/strong><\/p>\n<div>\n<p>Les produits sont conserv\u00e9s dans un entrep\u00f4t sec, propre et bien ventil\u00e9.<\/p>\n<p>\u00c9viter l'exposition \u00e0 la lumi\u00e8re et \u00e0 la chaleur.<\/p>\n<p>Prot\u00e9ger le produit des fuites, de la pluie et de l'insolation pendant le transport.<\/p>\n<\/div>","protected":false},"excerpt":{"rendered":"<p>Description du produit : Solution de copolym\u00e8re fluorocarbon\u00e9<\/p>\n<p>Alternatives \u00e9quivalentes : BASF EFKA 3600<\/p>\n<p>Syst\u00e8me d'application : A base de solvant \/ durcissement UV<\/p>\n<p>Solvant : Ester dibasique<\/p>\n<p>Viscosit\u00e9 : 8000-35000(viscosim\u00e8tre rotatif)(25\u00b10.2)\u2103<\/p>\n<p>Emballage : 25KG ou 180KG\/tambour<\/p>","protected":false},"featured_media":0,"comment_status":"closed","ping_status":"closed","template":"","meta":[],"product_brand":[],"product_cat":[138,147],"product_tag":[],"class_list":{"0":"post-6192","1":"product","2":"type-product","3":"status-publish","5":"product_cat-coating-and-ink-additives","6":"product_cat-fluorine-surfactant","8":"first","9":"instock","10":"shipping-taxable","11":"product-type-simple"},"yoast_head":"<!-- This site is optimized with the Yoast SEO plugin v25.3.1 - https:\/\/yoast.com\/wordpress\/plugins\/seo\/ -->\n<title>FS-D8980 Coating Additive | Longchang Chemical<\/title>\n<meta name=\"description\" content=\"FS-D8980 Coating Additive is a coating additive for coatings, inks and specialty surface modification.\" \/>\n<meta name=\"robots\" content=\"index, follow, max-snippet:-1, max-image-preview:large, max-video-preview:-1\" \/>\n<link rel=\"canonical\" href=\"https:\/\/longchangchemical.com\/fr\/product\/agesin-fs-d8980\/\" \/>\n<meta property=\"og:locale\" content=\"fr_FR\" \/>\n<meta property=\"og:type\" content=\"article\" \/>\n<meta property=\"og:title\" content=\"FS-D8980 Coating Additive | Longchang Chemical\" \/>\n<meta property=\"og:description\" content=\"FS-D8980 Coating Additive is a coating additive for coatings, inks and specialty surface modification.\" \/>\n<meta property=\"og:url\" content=\"https:\/\/longchangchemical.com\/fr\/product\/agesin-fs-d8980\/\" \/>\n<meta property=\"og:site_name\" content=\"Longchang Chemical\" \/>\n<meta property=\"article:modified_time\" content=\"2026-05-08T02:59:59+00:00\" \/>\n<meta property=\"og:image\" content=\"https:\/\/longchangchemical.com\/wp-content\/uploads\/2024\/02\/logo-jpeg.jpg\" \/>\n\t<meta property=\"og:image:width\" content=\"1000\" \/>\n\t<meta property=\"og:image:height\" content=\"1000\" \/>\n\t<meta property=\"og:image:type\" content=\"image\/jpeg\" \/>\n<meta name=\"twitter:card\" content=\"summary_large_image\" \/>\n<script type=\"application\/ld+json\" class=\"yoast-schema-graph\">{\"@context\":\"https:\/\/schema.org\",\"@graph\":[{\"@type\":\"WebPage\",\"@id\":\"https:\/\/longchangchemical.com\/product\/agesin-fs-d8980\/\",\"url\":\"https:\/\/longchangchemical.com\/product\/agesin-fs-d8980\/\",\"name\":\"FS-D8980 Coating Additive | Longchang Chemical\",\"isPartOf\":{\"@id\":\"https:\/\/longchangchemical.com\/#website\"},\"datePublished\":\"2023-07-25T07:37:10+00:00\",\"dateModified\":\"2026-05-08T02:59:59+00:00\",\"description\":\"FS-D8980 Coating Additive is a coating additive for coatings, inks and specialty surface modification.\",\"breadcrumb\":{\"@id\":\"https:\/\/longchangchemical.com\/product\/agesin-fs-d8980\/#breadcrumb\"},\"inLanguage\":\"fr-FR\",\"potentialAction\":[{\"@type\":\"ReadAction\",\"target\":[\"https:\/\/longchangchemical.com\/product\/agesin-fs-d8980\/\"]}]},{\"@type\":\"BreadcrumbList\",\"@id\":\"https:\/\/longchangchemical.com\/product\/agesin-fs-d8980\/#breadcrumb\",\"itemListElement\":[{\"@type\":\"ListItem\",\"position\":1,\"name\":\"Home\",\"item\":\"https:\/\/longchangchemical.com\/\"},{\"@type\":\"ListItem\",\"position\":2,\"name\":\"Products Longchang\",\"item\":\"https:\/\/longchangchemical.com\/product\/\"},{\"@type\":\"ListItem\",\"position\":3,\"name\":\"CHLUMICRYL\u00ae FS-D8980\"}]},{\"@type\":\"WebSite\",\"@id\":\"https:\/\/longchangchemical.com\/#website\",\"url\":\"https:\/\/longchangchemical.com\/\",\"name\":\"Longchang Chemical\",\"description\":\"China chemical manufacturer \uff06 supplier\",\"publisher\":{\"@id\":\"https:\/\/longchangchemical.com\/#organization\"},\"potentialAction\":[{\"@type\":\"SearchAction\",\"target\":{\"@type\":\"EntryPoint\",\"urlTemplate\":\"https:\/\/longchangchemical.com\/?s={search_term_string}\"},\"query-input\":{\"@type\":\"PropertyValueSpecification\",\"valueRequired\":true,\"valueName\":\"search_term_string\"}}],\"inLanguage\":\"fr-FR\"},{\"@type\":\"Organization\",\"@id\":\"https:\/\/longchangchemical.com\/#organization\",\"name\":\"Longchang Chemical\",\"url\":\"https:\/\/longchangchemical.com\/\",\"logo\":{\"@type\":\"ImageObject\",\"inLanguage\":\"fr-FR\",\"@id\":\"https:\/\/longchangchemical.com\/#\/schema\/logo\/image\/\",\"url\":\"https:\/\/longchangchemical.com\/wp-content\/uploads\/2020\/08\/cropped-longchang-logo.png\",\"contentUrl\":\"https:\/\/longchangchemical.com\/wp-content\/uploads\/2020\/08\/cropped-longchang-logo.png\",\"width\":512,\"height\":512,\"caption\":\"Longchang Chemical\"},\"image\":{\"@id\":\"https:\/\/longchangchemical.com\/#\/schema\/logo\/image\/\"}}]}<\/script>\n<!-- \/ Yoast SEO plugin. -->","yoast_head_json":{"title":"FS-D8980 Coating Additive | Longchang Chemical","description":"FS-D8980 Coating Additive is a coating additive for coatings, inks and specialty surface modification.","robots":{"index":"index","follow":"follow","max-snippet":"max-snippet:-1","max-image-preview":"max-image-preview:large","max-video-preview":"max-video-preview:-1"},"canonical":"https:\/\/longchangchemical.com\/fr\/product\/agesin-fs-d8980\/","og_locale":"fr_FR","og_type":"article","og_title":"FS-D8980 Coating Additive | Longchang Chemical","og_description":"FS-D8980 Coating Additive is a coating additive for coatings, inks and specialty surface modification.","og_url":"https:\/\/longchangchemical.com\/fr\/product\/agesin-fs-d8980\/","og_site_name":"Longchang Chemical","article_modified_time":"2026-05-08T02:59:59+00:00","og_image":[{"width":1000,"height":1000,"url":"https:\/\/longchangchemical.com\/wp-content\/uploads\/2024\/02\/logo-jpeg.jpg","type":"image\/jpeg"}],"twitter_card":"summary_large_image","schema":{"@context":"https:\/\/schema.org","@graph":[{"@type":"WebPage","@id":"https:\/\/longchangchemical.com\/product\/agesin-fs-d8980\/","url":"https:\/\/longchangchemical.com\/product\/agesin-fs-d8980\/","name":"FS-D8980 Coating Additive | Longchang Chemical","isPartOf":{"@id":"https:\/\/longchangchemical.com\/#website"},"datePublished":"2023-07-25T07:37:10+00:00","dateModified":"2026-05-08T02:59:59+00:00","description":"FS-D8980 Coating Additive is a coating additive for coatings, inks and specialty surface modification.","breadcrumb":{"@id":"https:\/\/longchangchemical.com\/product\/agesin-fs-d8980\/#breadcrumb"},"inLanguage":"fr-FR","potentialAction":[{"@type":"ReadAction","target":["https:\/\/longchangchemical.com\/product\/agesin-fs-d8980\/"]}]},{"@type":"BreadcrumbList","@id":"https:\/\/longchangchemical.com\/product\/agesin-fs-d8980\/#breadcrumb","itemListElement":[{"@type":"ListItem","position":1,"name":"Home","item":"https:\/\/longchangchemical.com\/"},{"@type":"ListItem","position":2,"name":"Products Longchang","item":"https:\/\/longchangchemical.com\/product\/"},{"@type":"ListItem","position":3,"name":"CHLUMICRYL\u00ae FS-D8980"}]},{"@type":"WebSite","@id":"https:\/\/longchangchemical.com\/#website","url":"https:\/\/longchangchemical.com\/","name":"Longchang Chemical","description":"Fabricant chinois de produits chimiques \uff06 fournisseur","publisher":{"@id":"https:\/\/longchangchemical.com\/#organization"},"potentialAction":[{"@type":"SearchAction","target":{"@type":"EntryPoint","urlTemplate":"https:\/\/longchangchemical.com\/?s={search_term_string}"},"query-input":{"@type":"PropertyValueSpecification","valueRequired":true,"valueName":"search_term_string"}}],"inLanguage":"fr-FR"},{"@type":"Organization","@id":"https:\/\/longchangchemical.com\/#organization","name":"Longchang Chemical","url":"https:\/\/longchangchemical.com\/","logo":{"@type":"ImageObject","inLanguage":"fr-FR","@id":"https:\/\/longchangchemical.com\/#\/schema\/logo\/image\/","url":"https:\/\/longchangchemical.com\/wp-content\/uploads\/2020\/08\/cropped-longchang-logo.png","contentUrl":"https:\/\/longchangchemical.com\/wp-content\/uploads\/2020\/08\/cropped-longchang-logo.png","width":512,"height":512,"caption":"Longchang Chemical"},"image":{"@id":"https:\/\/longchangchemical.com\/#\/schema\/logo\/image\/"}}]}},"_links":{"self":[{"href":"https:\/\/longchangchemical.com\/fr\/wp-json\/wp\/v2\/product\/6192","targetHints":{"allow":["GET"]}}],"collection":[{"href":"https:\/\/longchangchemical.com\/fr\/wp-json\/wp\/v2\/product"}],"about":[{"href":"https:\/\/longchangchemical.com\/fr\/wp-json\/wp\/v2\/types\/product"}],"replies":[{"embeddable":true,"href":"https:\/\/longchangchemical.com\/fr\/wp-json\/wp\/v2\/comments?post=6192"}],"wp:attachment":[{"href":"https:\/\/longchangchemical.com\/fr\/wp-json\/wp\/v2\/media?parent=6192"}],"wp:term":[{"taxonomy":"product_brand","embeddable":true,"href":"https:\/\/longchangchemical.com\/fr\/wp-json\/wp\/v2\/product_brand?post=6192"},{"taxonomy":"product_cat","embeddable":true,"href":"https:\/\/longchangchemical.com\/fr\/wp-json\/wp\/v2\/product_cat?post=6192"},{"taxonomy":"product_tag","embeddable":true,"href":"https:\/\/longchangchemical.com\/fr\/wp-json\/wp\/v2\/product_tag?post=6192"}],"curies":[{"name":"wp","href":"https:\/\/api.w.org\/{rel}","templated":true}]}}