{"id":6188,"date":"2023-07-20T14:25:12","date_gmt":"2023-07-20T14:25:12","guid":{"rendered":"https:\/\/longchangchemical.com\/?post_type=product&#038;p=6188"},"modified":"2025-04-01T07:07:57","modified_gmt":"2025-04-01T07:07:57","slug":"agesin-la-d559","status":"publish","type":"product","link":"https:\/\/longchangchemical.com\/fr\/product\/agesin-la-d559\/","title":{"rendered":"CHLUMICRYL\u00ae LA-D559"},"content":{"rendered":"<h1>Polydim\u00e9thylsiloxane modifi\u00e9 par un poly\u00e9ther avec groupe fonctionnel OH<\/h1>\n<p><strong>Num\u00e9ro du produit<\/strong>: LA-D559<\/p>\n<p><strong><b>Alternative \u00e9quivalente<\/b><\/strong><strong><b>s<\/b><\/strong>: DOW CORNING 29<\/p>\n<p><strong>Sp\u00e9cifications<\/strong><\/p>\n<table width=\"100%\" cellspacing=\"0\" cellpadding=\"0\">\n<tbody>\n<tr>\n<td>Composition<\/td>\n<td>Poly\u00e9ther modifi\u00e9 polydim\u00e9thyle<br \/>\nsiloxane avec groupe fonctionnel OH<\/td>\n<\/tr>\n<tr>\n<td>Apparence<\/td>\n<td>liquide clair l\u00e9g\u00e8rement jaun\u00e2tre (p\u00e2te \u00e0 basse temp\u00e9rature)<br \/>\ntemp\u00e9rature)<\/td>\n<\/tr>\n<tr>\n<td>Solvant Sinosolv<\/td>\n<td>--<\/td>\n<\/tr>\n<tr>\n<td>Densit\u00e9<\/td>\n<td>1,01-1,05g\/ml(25\u00b11)\u2103<\/td>\n<\/tr>\n<tr>\n<td>Viscosit\u00e9<\/td>\n<td>F-M(viscosim\u00e8tre \u00e0 bulles)(25\u00b10,2)\u2103<\/td>\n<\/tr>\n<tr>\n<td>Substance active<\/td>\n<td>100%<\/td>\n<\/tr>\n<tr>\n<td>Point d'\u00e9clair<\/td>\n<td>\uff1e100\u2103<\/td>\n<\/tr>\n<\/tbody>\n<\/table>\n<p>Note : Cette fiche technique est destin\u00e9e \u00e0 fournir des r\u00e9sultats typiques, et non pas standard.<\/p>\n<p><strong>Syst\u00e8me d'application<\/strong><\/p>\n<p>Durcissement aux UV<\/p>\n<p><strong>Propri\u00e9t\u00e9s<\/strong><\/p>\n<p>\u25cf Copolym\u00e8re organique de silicone de structure chimique ABA comprenant un groupe r\u00e9actif. Augmentation du nivellement, du mouillage et de la brillance pour les peintures et les encres.<br \/>\n\u25cf Le produit peut \u00eatre trouble et visqueux \u00e0 une temp\u00e9rature inf\u00e9rieure \u00e0 20 \u2103 . Il deviendra clair et fluide apr\u00e8s avoir \u00e9t\u00e9 chauff\u00e9. Cela n'a pas d'incidence sur la qualit\u00e9.<\/p>\n<p><strong>Incorporation<\/strong><\/p>\n<p>Les additifs peuvent \u00eatre incorpor\u00e9s directement ou ajout\u00e9s \u00e0 la r\u00e9sine apr\u00e8s dilution dans un solvant organique ou dans l'eau.<\/p>\n<p><strong>Proposer un ajout<\/strong><\/p>\n<p>Addition \u00e0 la formulation totale 0,05-0,5%<\/p>\n<p><strong>paquet<\/strong><\/p>\n<p>25KG \/ 180KG<\/p>\n<p><strong><b>Stockage :<\/b><\/strong><\/p>\n<div>\n<p>Les produits sont conserv\u00e9s dans un entrep\u00f4t sec, propre et bien ventil\u00e9.<\/p>\n<p>\u00c9viter l'exposition \u00e0 la lumi\u00e8re et \u00e0 la chaleur.<\/p>\n<p>Prot\u00e9ger le produit des fuites, de la pluie et de l'insolation pendant le transport.<\/p>\n<\/div>","protected":false},"excerpt":{"rendered":"<table class=\"woocommerce-product-attributes shop_attributes\">\n<tbody>\n<tr class=\"woocommerce-product-attributes-item woocommerce-product-attributes-item--attribute_product-description\">\n<th class=\"woocommerce-product-attributes-item__label\">Description du produit :<\/th>\n<td class=\"woocommerce-product-attributes-item__value\">Polydim\u00e9thylsiloxane modifi\u00e9 par un poly\u00e9ther avec groupe fonctionnel OH<\/td>\n<\/tr>\n<tr class=\"woocommerce-product-attributes-item woocommerce-product-attributes-item--attribute_equivalent-alternatives\">\n<th class=\"woocommerce-product-attributes-item__label\">Alternatives \u00e9quivalentes<\/th>\n<td class=\"woocommerce-product-attributes-item__value\">DOW CORNING 29<\/td>\n<\/tr>\n<tr class=\"woocommerce-product-attributes-item woocommerce-product-attributes-item--attribute_application-system\">\n<th class=\"woocommerce-product-attributes-item__label\">Syst\u00e8me d'application<\/th>\n<td class=\"woocommerce-product-attributes-item__value\">Durcissement aux UV<\/td>\n<\/tr>\n<tr class=\"woocommerce-product-attributes-item woocommerce-product-attributes-item--attribute_solvent\">\n<th class=\"woocommerce-product-attributes-item__label\">Solvant Sinosolv<\/th>\n<td class=\"woocommerce-product-attributes-item__value\">--<\/td>\n<\/tr>\n<tr class=\"woocommerce-product-attributes-item woocommerce-product-attributes-item--attribute_viscosity\">\n<th class=\"woocommerce-product-attributes-item__label\">Viscosit\u00e9<\/th>\n<td class=\"woocommerce-product-attributes-item__value\">F-M(viscosim\u00e8tre \u00e0 bulles)(25\u00b10,2)\u2103<\/td>\n<\/tr>\n<tr class=\"woocommerce-product-attributes-item woocommerce-product-attributes-item--attribute_package\">\n<th class=\"woocommerce-product-attributes-item__label\">Paquet<\/th>\n<td class=\"woocommerce-product-attributes-item__value\">25KG ou 180KG\/tambour<\/td>\n<\/tr>\n<\/tbody>\n<\/table>","protected":false},"featured_media":0,"comment_status":"closed","ping_status":"closed","template":"","meta":[],"product_brand":[],"product_cat":[138,146],"product_tag":[],"class_list":{"0":"post-6188","1":"product","2":"type-product","3":"status-publish","5":"product_cat-coating-and-ink-additives","6":"product_cat-leveling-agent","8":"first","9":"instock","10":"shipping-taxable","11":"product-type-simple"},"yoast_head":"<!-- This site is optimized with the Yoast SEO plugin v25.3.1 - https:\/\/yoast.com\/wordpress\/plugins\/seo\/ -->\n<title>China CHLUMICRYL\u00ae LA-D559 Manufacturer - Longchang Chemical<\/title>\n<meta name=\"description\" content=\"CHLUMICRYL\u00ae LA-D559 is a key product of Longchang Chemical. We provide the best price. We are the leading manufacturer in China with the best quality and competitive price.\" \/>\n<meta name=\"robots\" content=\"index, follow, max-snippet:-1, max-image-preview:large, max-video-preview:-1\" \/>\n<link rel=\"canonical\" href=\"https:\/\/longchangchemical.com\/fr\/product\/agesin-la-d559\/\" \/>\n<meta property=\"og:locale\" content=\"fr_FR\" \/>\n<meta property=\"og:type\" content=\"article\" \/>\n<meta property=\"og:title\" content=\"China CHLUMICRYL\u00ae LA-D559 Manufacturer - Longchang Chemical\" \/>\n<meta property=\"og:description\" content=\"CHLUMICRYL\u00ae LA-D559 is a key product of Longchang Chemical. We provide the best price. We are the leading manufacturer in China with the best quality and competitive price.\" \/>\n<meta property=\"og:url\" content=\"https:\/\/longchangchemical.com\/fr\/product\/agesin-la-d559\/\" \/>\n<meta property=\"og:site_name\" content=\"Longchang Chemical\" \/>\n<meta property=\"article:modified_time\" content=\"2025-04-01T07:07:57+00:00\" \/>\n<meta property=\"og:image\" content=\"https:\/\/longchangchemical.com\/wp-content\/uploads\/2024\/02\/logo-jpeg.jpg\" \/>\n\t<meta property=\"og:image:width\" content=\"1000\" \/>\n\t<meta property=\"og:image:height\" content=\"1000\" \/>\n\t<meta property=\"og:image:type\" content=\"image\/jpeg\" \/>\n<meta name=\"twitter:card\" content=\"summary_large_image\" \/>\n<script type=\"application\/ld+json\" class=\"yoast-schema-graph\">{\"@context\":\"https:\/\/schema.org\",\"@graph\":[{\"@type\":\"WebPage\",\"@id\":\"https:\/\/longchangchemical.com\/product\/agesin-la-d559\/\",\"url\":\"https:\/\/longchangchemical.com\/product\/agesin-la-d559\/\",\"name\":\"China CHLUMICRYL\u00ae LA-D559 Manufacturer - Longchang Chemical\",\"isPartOf\":{\"@id\":\"https:\/\/longchangchemical.com\/#website\"},\"datePublished\":\"2023-07-20T14:25:12+00:00\",\"dateModified\":\"2025-04-01T07:07:57+00:00\",\"description\":\"CHLUMICRYL\u00ae LA-D559 is a key product of Longchang Chemical. We provide the best price. We are the leading manufacturer in China with the best quality and competitive price.\",\"breadcrumb\":{\"@id\":\"https:\/\/longchangchemical.com\/product\/agesin-la-d559\/#breadcrumb\"},\"inLanguage\":\"fr-FR\",\"potentialAction\":[{\"@type\":\"ReadAction\",\"target\":[\"https:\/\/longchangchemical.com\/product\/agesin-la-d559\/\"]}]},{\"@type\":\"BreadcrumbList\",\"@id\":\"https:\/\/longchangchemical.com\/product\/agesin-la-d559\/#breadcrumb\",\"itemListElement\":[{\"@type\":\"ListItem\",\"position\":1,\"name\":\"Home\",\"item\":\"https:\/\/longchangchemical.com\/\"},{\"@type\":\"ListItem\",\"position\":2,\"name\":\"Products Longchang\",\"item\":\"https:\/\/longchangchemical.com\/product\/\"},{\"@type\":\"ListItem\",\"position\":3,\"name\":\"CHLUMICRYL\u00ae LA-D559\"}]},{\"@type\":\"WebSite\",\"@id\":\"https:\/\/longchangchemical.com\/#website\",\"url\":\"https:\/\/longchangchemical.com\/\",\"name\":\"Longchang Chemical\",\"description\":\"China chemical manufacturer \uff06 supplier\",\"publisher\":{\"@id\":\"https:\/\/longchangchemical.com\/#organization\"},\"potentialAction\":[{\"@type\":\"SearchAction\",\"target\":{\"@type\":\"EntryPoint\",\"urlTemplate\":\"https:\/\/longchangchemical.com\/?s={search_term_string}\"},\"query-input\":{\"@type\":\"PropertyValueSpecification\",\"valueRequired\":true,\"valueName\":\"search_term_string\"}}],\"inLanguage\":\"fr-FR\"},{\"@type\":\"Organization\",\"@id\":\"https:\/\/longchangchemical.com\/#organization\",\"name\":\"Longchang Chemical\",\"url\":\"https:\/\/longchangchemical.com\/\",\"logo\":{\"@type\":\"ImageObject\",\"inLanguage\":\"fr-FR\",\"@id\":\"https:\/\/longchangchemical.com\/#\/schema\/logo\/image\/\",\"url\":\"https:\/\/longchangchemical.com\/wp-content\/uploads\/2020\/08\/cropped-longchang-logo.png\",\"contentUrl\":\"https:\/\/longchangchemical.com\/wp-content\/uploads\/2020\/08\/cropped-longchang-logo.png\",\"width\":512,\"height\":512,\"caption\":\"Longchang Chemical\"},\"image\":{\"@id\":\"https:\/\/longchangchemical.com\/#\/schema\/logo\/image\/\"}}]}<\/script>\n<!-- \/ Yoast SEO plugin. -->","yoast_head_json":{"title":"CHLUMICRYL\u00ae LA-D559 fabricant chinois - Longchang Chemical","description":"CHLUMICRYL\u00ae LA-D559 est un produit cl\u00e9 de Longchang Chemical. Nous fournissons le meilleur prix. Nous sommes le principal fabricant en Chine avec la meilleure qualit\u00e9 et un prix comp\u00e9titif.","robots":{"index":"index","follow":"follow","max-snippet":"max-snippet:-1","max-image-preview":"max-image-preview:large","max-video-preview":"max-video-preview:-1"},"canonical":"https:\/\/longchangchemical.com\/fr\/product\/agesin-la-d559\/","og_locale":"fr_FR","og_type":"article","og_title":"China CHLUMICRYL\u00ae LA-D559 Manufacturer - Longchang Chemical","og_description":"CHLUMICRYL\u00ae LA-D559 is a key product of Longchang Chemical. We provide the best price. We are the leading manufacturer in China with the best quality and competitive price.","og_url":"https:\/\/longchangchemical.com\/fr\/product\/agesin-la-d559\/","og_site_name":"Longchang Chemical","article_modified_time":"2025-04-01T07:07:57+00:00","og_image":[{"width":1000,"height":1000,"url":"https:\/\/longchangchemical.com\/wp-content\/uploads\/2024\/02\/logo-jpeg.jpg","type":"image\/jpeg"}],"twitter_card":"summary_large_image","schema":{"@context":"https:\/\/schema.org","@graph":[{"@type":"WebPage","@id":"https:\/\/longchangchemical.com\/product\/agesin-la-d559\/","url":"https:\/\/longchangchemical.com\/product\/agesin-la-d559\/","name":"CHLUMICRYL\u00ae LA-D559 fabricant chinois - Longchang Chemical","isPartOf":{"@id":"https:\/\/longchangchemical.com\/#website"},"datePublished":"2023-07-20T14:25:12+00:00","dateModified":"2025-04-01T07:07:57+00:00","description":"CHLUMICRYL\u00ae LA-D559 est un produit cl\u00e9 de Longchang Chemical. Nous fournissons le meilleur prix. Nous sommes le principal fabricant en Chine avec la meilleure qualit\u00e9 et un prix comp\u00e9titif.","breadcrumb":{"@id":"https:\/\/longchangchemical.com\/product\/agesin-la-d559\/#breadcrumb"},"inLanguage":"fr-FR","potentialAction":[{"@type":"ReadAction","target":["https:\/\/longchangchemical.com\/product\/agesin-la-d559\/"]}]},{"@type":"BreadcrumbList","@id":"https:\/\/longchangchemical.com\/product\/agesin-la-d559\/#breadcrumb","itemListElement":[{"@type":"ListItem","position":1,"name":"Home","item":"https:\/\/longchangchemical.com\/"},{"@type":"ListItem","position":2,"name":"Products Longchang","item":"https:\/\/longchangchemical.com\/product\/"},{"@type":"ListItem","position":3,"name":"CHLUMICRYL\u00ae LA-D559"}]},{"@type":"WebSite","@id":"https:\/\/longchangchemical.com\/#website","url":"https:\/\/longchangchemical.com\/","name":"Longchang Chemical","description":"Fabricant chinois de produits chimiques \uff06 fournisseur","publisher":{"@id":"https:\/\/longchangchemical.com\/#organization"},"potentialAction":[{"@type":"SearchAction","target":{"@type":"EntryPoint","urlTemplate":"https:\/\/longchangchemical.com\/?s={search_term_string}"},"query-input":{"@type":"PropertyValueSpecification","valueRequired":true,"valueName":"search_term_string"}}],"inLanguage":"fr-FR"},{"@type":"Organization","@id":"https:\/\/longchangchemical.com\/#organization","name":"Longchang Chemical","url":"https:\/\/longchangchemical.com\/","logo":{"@type":"ImageObject","inLanguage":"fr-FR","@id":"https:\/\/longchangchemical.com\/#\/schema\/logo\/image\/","url":"https:\/\/longchangchemical.com\/wp-content\/uploads\/2020\/08\/cropped-longchang-logo.png","contentUrl":"https:\/\/longchangchemical.com\/wp-content\/uploads\/2020\/08\/cropped-longchang-logo.png","width":512,"height":512,"caption":"Longchang Chemical"},"image":{"@id":"https:\/\/longchangchemical.com\/#\/schema\/logo\/image\/"}}]}},"_links":{"self":[{"href":"https:\/\/longchangchemical.com\/fr\/wp-json\/wp\/v2\/product\/6188","targetHints":{"allow":["GET"]}}],"collection":[{"href":"https:\/\/longchangchemical.com\/fr\/wp-json\/wp\/v2\/product"}],"about":[{"href":"https:\/\/longchangchemical.com\/fr\/wp-json\/wp\/v2\/types\/product"}],"replies":[{"embeddable":true,"href":"https:\/\/longchangchemical.com\/fr\/wp-json\/wp\/v2\/comments?post=6188"}],"wp:attachment":[{"href":"https:\/\/longchangchemical.com\/fr\/wp-json\/wp\/v2\/media?parent=6188"}],"wp:term":[{"taxonomy":"product_brand","embeddable":true,"href":"https:\/\/longchangchemical.com\/fr\/wp-json\/wp\/v2\/product_brand?post=6188"},{"taxonomy":"product_cat","embeddable":true,"href":"https:\/\/longchangchemical.com\/fr\/wp-json\/wp\/v2\/product_cat?post=6188"},{"taxonomy":"product_tag","embeddable":true,"href":"https:\/\/longchangchemical.com\/fr\/wp-json\/wp\/v2\/product_tag?post=6188"}],"curies":[{"name":"wp","href":"https:\/\/api.w.org\/{rel}","templated":true}]}}