{"id":6162,"date":"2023-07-02T02:56:26","date_gmt":"2023-07-02T02:56:26","guid":{"rendered":"https:\/\/longchangchemical.com\/?post_type=product&#038;p=6162"},"modified":"2025-04-01T05:53:37","modified_gmt":"2025-04-01T05:53:37","slug":"ferrocene-cas-102-54-5","status":"publish","type":"product","link":"https:\/\/longchangchemical.com\/fr\/product\/ferrocene-cas-102-54-5\/","title":{"rendered":"CHLUMILS\u00ae Ferroc\u00e8ne CAS 102-54-5"},"content":{"rendered":"<table style=\"border-collapse: collapse; width: 369.77pt;\" border=\"0\" width=\"493\" cellspacing=\"0\" cellpadding=\"0\">\n<tbody>\n<tr style=\"height: 14.25pt;\">\n<td class=\"et2\" style=\"height: 14.25pt; width: 117.75pt;\" width=\"157\" height=\"19\">\u00c9l\u00e9ments du test<\/td>\n<td class=\"et2\" style=\"width: 172.50pt;\" width=\"230\">Indice de sp\u00e9cification<\/td>\n<td class=\"et2\" style=\"width: 79.50pt;\" width=\"106\">R\u00e9sultats des tests<\/td>\n<\/tr>\n<tr style=\"height: 28.50pt;\">\n<td class=\"et2\" style=\"height: 28.50pt;\" height=\"38\">Apparence<\/td>\n<td class=\"et3\" style=\"width: 172.50pt;\" width=\"230\">Cristal rouge fonc\u00e9 ou poudre orange<\/td>\n<td class=\"et2\">Conformit\u00e9<\/td>\n<\/tr>\n<tr style=\"height: 14.25pt;\">\n<td class=\"et2\" style=\"height: 14.25pt;\" height=\"19\">La puret\u00e9<\/td>\n<td class=\"et2\">\u226599.0%<\/td>\n<td class=\"et4\">99.30%<\/td>\n<\/tr>\n<tr style=\"height: 14.25pt;\">\n<td class=\"et2\" style=\"height: 14.25pt;\" height=\"19\">R\u00e9sidus d'eau<\/td>\n<td class=\"et2\">\u22641%<\/td>\n<td class=\"et4\">0.35%<\/td>\n<\/tr>\n<tr style=\"height: 14.25pt;\">\n<td class=\"et2\" style=\"height: 14.25pt;\" height=\"19\">M\u00e9thanol insoluble<\/td>\n<td class=\"et2\">\u22640.05%<\/td>\n<td class=\"et4\">0.01%<\/td>\n<\/tr>\n<tr style=\"height: 14.25pt;\">\n<td class=\"et2\" style=\"height: 14.25pt;\" height=\"19\">Oxyde de fer<\/td>\n<td class=\"et2\">\u22640.01%<\/td>\n<td class=\"et5\">0.007%<\/td>\n<\/tr>\n<tr style=\"height: 14.25pt;\">\n<td class=\"et2\" style=\"height: 14.25pt;\" height=\"19\">Solvant organique<\/td>\n<td class=\"et2\">\u22640.05%<\/td>\n<td class=\"et5\">0.043%<\/td>\n<\/tr>\n<tr style=\"height: 14.25pt;\">\n<td class=\"et2\" style=\"height: 14.25pt;\" height=\"19\">R\u00e9sidus de type chargeur unique<\/td>\n<td class=\"et2\">\u22641%<\/td>\n<td class=\"et4\">0.50%<\/td>\n<\/tr>\n<\/tbody>\n<\/table>\n<h2><strong>Utilisation du ferroc\u00e8ne<\/strong><\/h2>\n<p>Les principales applications du ferroc\u00e8ne sont d\u00e9crites ci-dessous :<br \/>\n(1) Utilis\u00e9 comme \u00e9liminateur de suie \u00e0 faible consommation d'\u00e9nergie et comme agent anti-explosif pour les carburants. Il est notamment utilis\u00e9 pour fabriquer un agent antid\u00e9flagrant pour l'essence, un catalyseur de taux de combustion pour le propergol, un combustible solide pour l'a\u00e9rospatiale, etc.<br \/>\n(2) Utilis\u00e9 comme catalyseur. Il peut \u00eatre utilis\u00e9 comme catalyseur pour l'ammoniac, comme r\u00e9sine de silicone, comme agent de m\u00fbrissement du caoutchouc, il peut arr\u00eater la d\u00e9gradation du poly\u00e9thyl\u00e8ne \u00e0 la lumi\u00e8re, il est utilis\u00e9 dans les films pour terres agricoles, il peut \u00eatre utilis\u00e9 dans un certain laps de temps pour la d\u00e9gradation naturelle du craquage, il n'affecte pas la culture d'engrais.<br \/>\n(3) Utilis\u00e9 comme agent anti-explosif pour l'essence. Il peut remplacer le plomb t\u00e9tra\u00e9thyle toxique dans l'essence en tant qu'agent anti-explosif pour fabriquer de l'essence sans plomb de haute qualit\u00e9, afin d'\u00e9liminer la pollution des \u00e9missions de carburant dans l'environnement et les effets toxiques sur les \u00eatres humains.<br \/>\n(4) Utilis\u00e9 comme absorbeur de rayonnement, stabilisateur de chaleur, stabilisateur de lumi\u00e8re et inhibiteur de fum\u00e9e.<br \/>\n(5) D'un point de vue chimique, le ferroc\u00e8ne est similaire aux compos\u00e9s aromatiques, il n'est pas facile de le soumettre \u00e0 des r\u00e9actions d'addition, mais il est facile de le soumettre \u00e0 des r\u00e9actions de substitution \u00e9lectrophile, et il peut subir des r\u00e9actions de m\u00e9tallisation, d'acylation, d'alkylation, de sulfonation, de formylation et d'\u00e9change de complexes, ce qui permet de pr\u00e9parer une s\u00e9rie de d\u00e9riv\u00e9s largement utilis\u00e9s.<\/p>\n<h2><strong>Contactez-nous d\u00e8s maintenant !<\/strong><\/h2>\n<p><strong>Si vous avez besoin de COA, MSDS ou TDS, veuillez remplir vos coordonn\u00e9es dans le formulaire ci-dessous, nous vous contacterons g\u00e9n\u00e9ralement dans les 24 heures. Vous pouvez \u00e9galement m'envoyer un courriel\u00a0<a href=\"mailto:info@longchangchemical.com\">info@longchangchemical.com<\/a>\u00a0pendant les heures de travail ( 8:30 am to 6:00 pm UTC+8 Mon.~Sat. ) ou utilisez le chat en direct du site web pour obtenir une r\u00e9ponse rapide.<\/strong><\/p>","protected":false},"excerpt":{"rendered":"<p><strong>Whatsapp :\u00a0<\/strong><strong><a href=\"tell:(+86)13256193735\">(+86)13256193735<\/a><\/strong><\/p>\n<p>Contactez-nous par t\u00e9l\u00e9phone.<\/p>\n<p><strong>Courriel :<\/strong><strong>\u00a0<a id=\"clickemail\" href=\"mailto:info@longchangchemical.com\">info@longchangchemical.com<\/a><\/strong><\/p>\n<p>Contactez-nous par e-mail.<\/p>","protected":false},"featured_media":6166,"comment_status":"open","ping_status":"closed","template":"","meta":[],"product_brand":[],"product_cat":[104],"product_tag":[],"class_list":{"0":"post-6162","1":"product","2":"type-product","3":"status-publish","4":"has-post-thumbnail","6":"product_cat-light-stabilizer","8":"first","9":"instock","10":"shipping-taxable","11":"product-type-simple"},"yoast_head":"<!-- This site is optimized with the Yoast SEO plugin v25.3.1 - https:\/\/yoast.com\/wordpress\/plugins\/seo\/ -->\n<title>China CHLUMILS\u00ae Ferrocene CAS 102-54-5 Manufacturer - Longchang Chemical<\/title>\n<meta name=\"description\" content=\"CHLUMILS\u00ae Ferrocene CAS 102-54-5 is a key product of Longchang Chemical. We provide the best price. We are the leading manufacturer in China with the best quality and competitive price.\" \/>\n<meta name=\"robots\" content=\"index, follow, max-snippet:-1, max-image-preview:large, max-video-preview:-1\" \/>\n<link rel=\"canonical\" href=\"https:\/\/longchangchemical.com\/fr\/product\/ferrocene-cas-102-54-5\/\" \/>\n<meta property=\"og:locale\" content=\"fr_FR\" \/>\n<meta property=\"og:type\" content=\"article\" \/>\n<meta property=\"og:title\" content=\"China CHLUMILS\u00ae Ferrocene CAS 102-54-5 Manufacturer - Longchang Chemical\" \/>\n<meta property=\"og:description\" content=\"CHLUMILS\u00ae Ferrocene CAS 102-54-5 is a key product of Longchang Chemical. We provide the best price. We are the leading manufacturer in China with the best quality and competitive price.\" \/>\n<meta property=\"og:url\" content=\"https:\/\/longchangchemical.com\/fr\/product\/ferrocene-cas-102-54-5\/\" \/>\n<meta property=\"og:site_name\" content=\"Longchang Chemical\" \/>\n<meta property=\"article:modified_time\" content=\"2025-04-01T05:53:37+00:00\" \/>\n<meta property=\"og:image\" content=\"https:\/\/longchangchemical.com\/wp-content\/uploads\/2023\/07\/Ferrocene-CAS-102-54-5.jpg\" \/>\n\t<meta property=\"og:image:width\" content=\"400\" \/>\n\t<meta property=\"og:image:height\" content=\"300\" \/>\n\t<meta property=\"og:image:type\" content=\"image\/jpeg\" \/>\n<meta name=\"twitter:card\" content=\"summary_large_image\" \/>\n<script type=\"application\/ld+json\" class=\"yoast-schema-graph\">{\"@context\":\"https:\/\/schema.org\",\"@graph\":[{\"@type\":\"WebPage\",\"@id\":\"https:\/\/longchangchemical.com\/product\/ferrocene-cas-102-54-5\/\",\"url\":\"https:\/\/longchangchemical.com\/product\/ferrocene-cas-102-54-5\/\",\"name\":\"China CHLUMILS\u00ae Ferrocene CAS 102-54-5 Manufacturer - Longchang Chemical\",\"isPartOf\":{\"@id\":\"https:\/\/longchangchemical.com\/#website\"},\"primaryImageOfPage\":{\"@id\":\"https:\/\/longchangchemical.com\/product\/ferrocene-cas-102-54-5\/#primaryimage\"},\"image\":{\"@id\":\"https:\/\/longchangchemical.com\/product\/ferrocene-cas-102-54-5\/#primaryimage\"},\"thumbnailUrl\":\"https:\/\/longchangchemical.com\/wp-content\/uploads\/2023\/07\/Ferrocene-CAS-102-54-5.jpg\",\"datePublished\":\"2023-07-02T02:56:26+00:00\",\"dateModified\":\"2025-04-01T05:53:37+00:00\",\"description\":\"CHLUMILS\u00ae Ferrocene CAS 102-54-5 is a key product of Longchang Chemical. We provide the best price. We are the leading manufacturer in China with the best quality and competitive price.\",\"breadcrumb\":{\"@id\":\"https:\/\/longchangchemical.com\/product\/ferrocene-cas-102-54-5\/#breadcrumb\"},\"inLanguage\":\"fr-FR\",\"potentialAction\":[{\"@type\":\"ReadAction\",\"target\":[\"https:\/\/longchangchemical.com\/product\/ferrocene-cas-102-54-5\/\"]}]},{\"@type\":\"ImageObject\",\"inLanguage\":\"fr-FR\",\"@id\":\"https:\/\/longchangchemical.com\/product\/ferrocene-cas-102-54-5\/#primaryimage\",\"url\":\"https:\/\/longchangchemical.com\/wp-content\/uploads\/2023\/07\/Ferrocene-CAS-102-54-5.jpg\",\"contentUrl\":\"https:\/\/longchangchemical.com\/wp-content\/uploads\/2023\/07\/Ferrocene-CAS-102-54-5.jpg\",\"width\":400,\"height\":300},{\"@type\":\"BreadcrumbList\",\"@id\":\"https:\/\/longchangchemical.com\/product\/ferrocene-cas-102-54-5\/#breadcrumb\",\"itemListElement\":[{\"@type\":\"ListItem\",\"position\":1,\"name\":\"Home\",\"item\":\"https:\/\/longchangchemical.com\/\"},{\"@type\":\"ListItem\",\"position\":2,\"name\":\"Products Longchang\",\"item\":\"https:\/\/longchangchemical.com\/product\/\"},{\"@type\":\"ListItem\",\"position\":3,\"name\":\"CHLUMILS\u00ae Ferrocene CAS 102-54-5\"}]},{\"@type\":\"WebSite\",\"@id\":\"https:\/\/longchangchemical.com\/#website\",\"url\":\"https:\/\/longchangchemical.com\/\",\"name\":\"Longchang Chemical\",\"description\":\"China chemical manufacturer \uff06 supplier\",\"publisher\":{\"@id\":\"https:\/\/longchangchemical.com\/#organization\"},\"potentialAction\":[{\"@type\":\"SearchAction\",\"target\":{\"@type\":\"EntryPoint\",\"urlTemplate\":\"https:\/\/longchangchemical.com\/?s={search_term_string}\"},\"query-input\":{\"@type\":\"PropertyValueSpecification\",\"valueRequired\":true,\"valueName\":\"search_term_string\"}}],\"inLanguage\":\"fr-FR\"},{\"@type\":\"Organization\",\"@id\":\"https:\/\/longchangchemical.com\/#organization\",\"name\":\"Longchang Chemical\",\"url\":\"https:\/\/longchangchemical.com\/\",\"logo\":{\"@type\":\"ImageObject\",\"inLanguage\":\"fr-FR\",\"@id\":\"https:\/\/longchangchemical.com\/#\/schema\/logo\/image\/\",\"url\":\"https:\/\/longchangchemical.com\/wp-content\/uploads\/2020\/08\/cropped-longchang-logo.png\",\"contentUrl\":\"https:\/\/longchangchemical.com\/wp-content\/uploads\/2020\/08\/cropped-longchang-logo.png\",\"width\":512,\"height\":512,\"caption\":\"Longchang Chemical\"},\"image\":{\"@id\":\"https:\/\/longchangchemical.com\/#\/schema\/logo\/image\/\"}}]}<\/script>\n<!-- \/ Yoast SEO plugin. -->","yoast_head_json":{"title":"CHLUMILS\u00ae Ferroc\u00e8ne CAS 102-54-5 fabricant chinois - Longchang Chemical","description":"CHLUMILS\u00ae Ferroc\u00e8ne CAS 102-54-5 est un produit cl\u00e9 de Longchang Chemical. Nous fournissons le meilleur prix. Nous sommes le principal fabricant en Chine avec la meilleure qualit\u00e9 et un prix comp\u00e9titif.","robots":{"index":"index","follow":"follow","max-snippet":"max-snippet:-1","max-image-preview":"max-image-preview:large","max-video-preview":"max-video-preview:-1"},"canonical":"https:\/\/longchangchemical.com\/fr\/product\/ferrocene-cas-102-54-5\/","og_locale":"fr_FR","og_type":"article","og_title":"China CHLUMILS\u00ae Ferrocene CAS 102-54-5 Manufacturer - Longchang Chemical","og_description":"CHLUMILS\u00ae Ferrocene CAS 102-54-5 is a key product of Longchang Chemical. We provide the best price. We are the leading manufacturer in China with the best quality and competitive price.","og_url":"https:\/\/longchangchemical.com\/fr\/product\/ferrocene-cas-102-54-5\/","og_site_name":"Longchang Chemical","article_modified_time":"2025-04-01T05:53:37+00:00","og_image":[{"width":400,"height":300,"url":"https:\/\/longchangchemical.com\/wp-content\/uploads\/2023\/07\/Ferrocene-CAS-102-54-5.jpg","type":"image\/jpeg"}],"twitter_card":"summary_large_image","schema":{"@context":"https:\/\/schema.org","@graph":[{"@type":"WebPage","@id":"https:\/\/longchangchemical.com\/product\/ferrocene-cas-102-54-5\/","url":"https:\/\/longchangchemical.com\/product\/ferrocene-cas-102-54-5\/","name":"CHLUMILS\u00ae Ferroc\u00e8ne CAS 102-54-5 fabricant chinois - Longchang Chemical","isPartOf":{"@id":"https:\/\/longchangchemical.com\/#website"},"primaryImageOfPage":{"@id":"https:\/\/longchangchemical.com\/product\/ferrocene-cas-102-54-5\/#primaryimage"},"image":{"@id":"https:\/\/longchangchemical.com\/product\/ferrocene-cas-102-54-5\/#primaryimage"},"thumbnailUrl":"https:\/\/longchangchemical.com\/wp-content\/uploads\/2023\/07\/Ferrocene-CAS-102-54-5.jpg","datePublished":"2023-07-02T02:56:26+00:00","dateModified":"2025-04-01T05:53:37+00:00","description":"CHLUMILS\u00ae Ferroc\u00e8ne CAS 102-54-5 est un produit cl\u00e9 de Longchang Chemical. Nous fournissons le meilleur prix. Nous sommes le principal fabricant en Chine avec la meilleure qualit\u00e9 et un prix comp\u00e9titif.","breadcrumb":{"@id":"https:\/\/longchangchemical.com\/product\/ferrocene-cas-102-54-5\/#breadcrumb"},"inLanguage":"fr-FR","potentialAction":[{"@type":"ReadAction","target":["https:\/\/longchangchemical.com\/product\/ferrocene-cas-102-54-5\/"]}]},{"@type":"ImageObject","inLanguage":"fr-FR","@id":"https:\/\/longchangchemical.com\/product\/ferrocene-cas-102-54-5\/#primaryimage","url":"https:\/\/longchangchemical.com\/wp-content\/uploads\/2023\/07\/Ferrocene-CAS-102-54-5.jpg","contentUrl":"https:\/\/longchangchemical.com\/wp-content\/uploads\/2023\/07\/Ferrocene-CAS-102-54-5.jpg","width":400,"height":300},{"@type":"BreadcrumbList","@id":"https:\/\/longchangchemical.com\/product\/ferrocene-cas-102-54-5\/#breadcrumb","itemListElement":[{"@type":"ListItem","position":1,"name":"Home","item":"https:\/\/longchangchemical.com\/"},{"@type":"ListItem","position":2,"name":"Products Longchang","item":"https:\/\/longchangchemical.com\/product\/"},{"@type":"ListItem","position":3,"name":"CHLUMILS\u00ae Ferrocene CAS 102-54-5"}]},{"@type":"WebSite","@id":"https:\/\/longchangchemical.com\/#website","url":"https:\/\/longchangchemical.com\/","name":"Longchang Chemical","description":"Fabricant chinois de produits chimiques \uff06 fournisseur","publisher":{"@id":"https:\/\/longchangchemical.com\/#organization"},"potentialAction":[{"@type":"SearchAction","target":{"@type":"EntryPoint","urlTemplate":"https:\/\/longchangchemical.com\/?s={search_term_string}"},"query-input":{"@type":"PropertyValueSpecification","valueRequired":true,"valueName":"search_term_string"}}],"inLanguage":"fr-FR"},{"@type":"Organization","@id":"https:\/\/longchangchemical.com\/#organization","name":"Longchang Chemical","url":"https:\/\/longchangchemical.com\/","logo":{"@type":"ImageObject","inLanguage":"fr-FR","@id":"https:\/\/longchangchemical.com\/#\/schema\/logo\/image\/","url":"https:\/\/longchangchemical.com\/wp-content\/uploads\/2020\/08\/cropped-longchang-logo.png","contentUrl":"https:\/\/longchangchemical.com\/wp-content\/uploads\/2020\/08\/cropped-longchang-logo.png","width":512,"height":512,"caption":"Longchang Chemical"},"image":{"@id":"https:\/\/longchangchemical.com\/#\/schema\/logo\/image\/"}}]}},"_links":{"self":[{"href":"https:\/\/longchangchemical.com\/fr\/wp-json\/wp\/v2\/product\/6162","targetHints":{"allow":["GET"]}}],"collection":[{"href":"https:\/\/longchangchemical.com\/fr\/wp-json\/wp\/v2\/product"}],"about":[{"href":"https:\/\/longchangchemical.com\/fr\/wp-json\/wp\/v2\/types\/product"}],"replies":[{"embeddable":true,"href":"https:\/\/longchangchemical.com\/fr\/wp-json\/wp\/v2\/comments?post=6162"}],"wp:featuredmedia":[{"embeddable":true,"href":"https:\/\/longchangchemical.com\/fr\/wp-json\/wp\/v2\/media\/6166"}],"wp:attachment":[{"href":"https:\/\/longchangchemical.com\/fr\/wp-json\/wp\/v2\/media?parent=6162"}],"wp:term":[{"taxonomy":"product_brand","embeddable":true,"href":"https:\/\/longchangchemical.com\/fr\/wp-json\/wp\/v2\/product_brand?post=6162"},{"taxonomy":"product_cat","embeddable":true,"href":"https:\/\/longchangchemical.com\/fr\/wp-json\/wp\/v2\/product_cat?post=6162"},{"taxonomy":"product_tag","embeddable":true,"href":"https:\/\/longchangchemical.com\/fr\/wp-json\/wp\/v2\/product_tag?post=6162"}],"curies":[{"name":"wp","href":"https:\/\/api.w.org\/{rel}","templated":true}]}}