{"id":6123,"date":"2023-05-30T06:19:00","date_gmt":"2023-05-30T06:19:00","guid":{"rendered":"https:\/\/longchangchemical.com\/?post_type=product&#038;p=6123"},"modified":"2025-04-01T07:18:55","modified_gmt":"2025-04-01T07:18:55","slug":"lcflex-p-23","status":"publish","type":"product","link":"https:\/\/longchangchemical.com\/fr\/product\/lcflex-p-23\/","title":{"rendered":"CHLUMIFLEX\u00ae P-23 \/ Agent de nucl\u00e9ation P-23"},"content":{"rendered":"<p>&nbsp;<\/p>\n<p>L'agent nucl\u00e9ant P-23 est un agent nucl\u00e9ant compos\u00e9 qui acc\u00e9l\u00e8re la cristallisation des polym\u00e8res. Il convient au polyester (PET, PBT) et au nylon (PA6, PA66, PA11, PA12, copolym\u00e8re PA). Lorsque le P-23 est ajout\u00e9 au polym\u00e8re fondu, il est facilement dispers\u00e9 en particules tr\u00e8s fines, qui jouent alors un r\u00f4le de nucl\u00e9ation tr\u00e8s efficace et forment une structure cristalline fine.<\/p>\n<h2><strong>CHLUMIFLEX\u00ae P-23 Utilisation<\/strong><\/h2>\n<p>Il pr\u00e9sente les avantages suivants dans le processus de moulage par injection :<\/p>\n<p>\u25c6R\u00e9duire le cycle de moulage et am\u00e9liorer la productivit\u00e9.<\/p>\n<p>\u25c6Improviser le d\u00e9moulage.<\/p>\n<p>\u25c6Am\u00e9liorer la stabilit\u00e9 dimensionnelle des produits.<\/p>\n<p>R\u00e9duire le r\u00e9tr\u00e9cissement des produits.<\/p>\n<p>\u25c6Pr\u00e9venir la fissuration sous contrainte des produits.<\/p>\n<p>Am\u00e9liorer les propri\u00e9t\u00e9s m\u00e9caniques (augmentation de la r\u00e9sistance \u00e0 la traction et de la duret\u00e9).<\/p>\n<p>\u25c6Am\u00e9liorer la brillance de la surface.<\/p>\n<p>Ces propri\u00e9t\u00e9s am\u00e9lior\u00e9es ne sont pas seulement pr\u00e9sentes dans les mat\u00e9riaux non renforc\u00e9s, mais sont \u00e9galement efficaces dans les mat\u00e9riaux renforc\u00e9s, et conviennent particuli\u00e8rement aux mat\u00e9riaux renforc\u00e9s par des fibres de verre. La raison de ces effets est sa capacit\u00e9 \u00e0 former une structure cristalline plus d\u00e9taill\u00e9e et plus uniforme dans la matrice de nylon que les fibres de verre.<\/p>\n<p>Utilisation :<\/p>\n<p>L'ajout optimal d'agent nucl\u00e9ant P-23 est d'environ 0,2-0,5%, en fonction du type de polym\u00e8re et des propri\u00e9t\u00e9s que le produit final doit atteindre. Il peut \u00eatre ajout\u00e9 directement ou utilis\u00e9 comme m\u00e9lange ma\u00eetre.<\/p>\n<p>Emballage :<\/p>\n<p>Le produit est emball\u00e9 dans des sacs en papier d'un poids net de 25 kg par sac.<\/p>\n<p>&nbsp;<\/p>\n<h2><strong><b>Contactez-nous d\u00e8s maintenant !<\/b><\/strong><\/h2>\n<h4><strong><b>Si vous avez besoin de COA, MSDS ou TDS, veuillez indiquer vos coordonn\u00e9es dans le formulaire ci-dessous. Nous vous contacterons g\u00e9n\u00e9ralement dans les 24 heures.<\/b><\/strong> Vous pouvez \u00e9galement m'envoyer un courriel <a href=\"mailto:info@longchangchemical.com\"><span style=\"color: #0000ff;\">info@longchangchemical.com<\/span><\/a> pendant les heures de travail ( 8:30 am to 6:00 pm UTC+8 Mon.~Sat. ) ou utilisez le chat en direct du site web pour obtenir une r\u00e9ponse rapide.<\/h4>","protected":false},"excerpt":{"rendered":"<p>&nbsp; L'agent nucl\u00e9ant P-23 est un agent nucl\u00e9ant compos\u00e9 qui acc\u00e9l\u00e8re la cristallisation des polym\u00e8res. Il convient au polyester (PET, PBT) et au nylon (PA6, PA66, PA11, PA12, copolym\u00e8re PA). Lorsque le P-23 est ajout\u00e9 au polym\u00e8re fondu, il est facilement dispers\u00e9 en particules tr\u00e8s fines, qui jouent alors un r\u00f4le de nucl\u00e9ation tr\u00e8s efficace [...]<\/p>","protected":false},"featured_media":0,"comment_status":"open","ping_status":"closed","template":"","meta":[],"product_brand":[],"product_cat":[141],"product_tag":[],"class_list":{"0":"post-6123","1":"product","2":"type-product","3":"status-publish","5":"product_cat-nucleating-agent","7":"first","8":"instock","9":"shipping-taxable","10":"product-type-simple"},"yoast_head":"<!-- This site is optimized with the Yoast SEO plugin v25.3.1 - https:\/\/yoast.com\/wordpress\/plugins\/seo\/ -->\n<title>China CHLUMIFLEX\u00ae P-23 \/ Nucleating agent P-23 Manufacturer - Longchang Chemical<\/title>\n<meta name=\"description\" content=\"CHLUMIFLEX\u00ae P-23 \/ Nucleating agent P-23 is a key product of Longchang Chemical. We provide the best price. We are the leading manufacturer in China with the best quality and competitive price.\" \/>\n<meta name=\"robots\" content=\"index, follow, max-snippet:-1, max-image-preview:large, max-video-preview:-1\" \/>\n<link rel=\"canonical\" href=\"https:\/\/longchangchemical.com\/fr\/product\/lcflex-p-23\/\" \/>\n<meta property=\"og:locale\" content=\"fr_FR\" \/>\n<meta property=\"og:type\" content=\"article\" \/>\n<meta property=\"og:title\" content=\"China CHLUMIFLEX\u00ae P-23 \/ Nucleating agent P-23 Manufacturer - Longchang Chemical\" \/>\n<meta property=\"og:description\" content=\"CHLUMIFLEX\u00ae P-23 \/ Nucleating agent P-23 is a key product of Longchang Chemical. We provide the best price. We are the leading manufacturer in China with the best quality and competitive price.\" \/>\n<meta property=\"og:url\" content=\"https:\/\/longchangchemical.com\/fr\/product\/lcflex-p-23\/\" \/>\n<meta property=\"og:site_name\" content=\"Longchang Chemical\" \/>\n<meta property=\"article:modified_time\" content=\"2025-04-01T07:18:55+00:00\" \/>\n<meta property=\"og:image\" content=\"https:\/\/longchangchemical.com\/wp-content\/uploads\/2024\/02\/logo-jpeg.jpg\" \/>\n\t<meta property=\"og:image:width\" content=\"1000\" \/>\n\t<meta property=\"og:image:height\" content=\"1000\" \/>\n\t<meta property=\"og:image:type\" content=\"image\/jpeg\" \/>\n<meta name=\"twitter:card\" content=\"summary_large_image\" \/>\n<script type=\"application\/ld+json\" class=\"yoast-schema-graph\">{\"@context\":\"https:\/\/schema.org\",\"@graph\":[{\"@type\":\"WebPage\",\"@id\":\"https:\/\/longchangchemical.com\/product\/lcflex-p-23\/\",\"url\":\"https:\/\/longchangchemical.com\/product\/lcflex-p-23\/\",\"name\":\"China CHLUMIFLEX\u00ae P-23 \/ Nucleating agent P-23 Manufacturer - Longchang Chemical\",\"isPartOf\":{\"@id\":\"https:\/\/longchangchemical.com\/#website\"},\"datePublished\":\"2023-05-30T06:19:00+00:00\",\"dateModified\":\"2025-04-01T07:18:55+00:00\",\"description\":\"CHLUMIFLEX\u00ae P-23 \/ Nucleating agent P-23 is a key product of Longchang Chemical. We provide the best price. We are the leading manufacturer in China with the best quality and competitive price.\",\"breadcrumb\":{\"@id\":\"https:\/\/longchangchemical.com\/product\/lcflex-p-23\/#breadcrumb\"},\"inLanguage\":\"fr-FR\",\"potentialAction\":[{\"@type\":\"ReadAction\",\"target\":[\"https:\/\/longchangchemical.com\/product\/lcflex-p-23\/\"]}]},{\"@type\":\"BreadcrumbList\",\"@id\":\"https:\/\/longchangchemical.com\/product\/lcflex-p-23\/#breadcrumb\",\"itemListElement\":[{\"@type\":\"ListItem\",\"position\":1,\"name\":\"Home\",\"item\":\"https:\/\/longchangchemical.com\/\"},{\"@type\":\"ListItem\",\"position\":2,\"name\":\"Products Longchang\",\"item\":\"https:\/\/longchangchemical.com\/product\/\"},{\"@type\":\"ListItem\",\"position\":3,\"name\":\"CHLUMIFLEX\u00ae P-23 \/ Nucleating agent P-23\"}]},{\"@type\":\"WebSite\",\"@id\":\"https:\/\/longchangchemical.com\/#website\",\"url\":\"https:\/\/longchangchemical.com\/\",\"name\":\"Longchang Chemical\",\"description\":\"China chemical manufacturer \uff06 supplier\",\"publisher\":{\"@id\":\"https:\/\/longchangchemical.com\/#organization\"},\"potentialAction\":[{\"@type\":\"SearchAction\",\"target\":{\"@type\":\"EntryPoint\",\"urlTemplate\":\"https:\/\/longchangchemical.com\/?s={search_term_string}\"},\"query-input\":{\"@type\":\"PropertyValueSpecification\",\"valueRequired\":true,\"valueName\":\"search_term_string\"}}],\"inLanguage\":\"fr-FR\"},{\"@type\":\"Organization\",\"@id\":\"https:\/\/longchangchemical.com\/#organization\",\"name\":\"Longchang Chemical\",\"url\":\"https:\/\/longchangchemical.com\/\",\"logo\":{\"@type\":\"ImageObject\",\"inLanguage\":\"fr-FR\",\"@id\":\"https:\/\/longchangchemical.com\/#\/schema\/logo\/image\/\",\"url\":\"https:\/\/longchangchemical.com\/wp-content\/uploads\/2020\/08\/cropped-longchang-logo.png\",\"contentUrl\":\"https:\/\/longchangchemical.com\/wp-content\/uploads\/2020\/08\/cropped-longchang-logo.png\",\"width\":512,\"height\":512,\"caption\":\"Longchang Chemical\"},\"image\":{\"@id\":\"https:\/\/longchangchemical.com\/#\/schema\/logo\/image\/\"}}]}<\/script>\n<!-- \/ Yoast SEO plugin. -->","yoast_head_json":{"title":"CHLUMIFLEX\u00ae P-23 \/ Agent de nucl\u00e9ation P-23, Chine - Longchang Chemical","description":"CHLUMIFLEX\u00ae P-23 \/ Agent de nucl\u00e9ation P-23 est un produit cl\u00e9 de Longchang Chemical. Nous fournissons le meilleur prix. Nous sommes le premier fabricant en Chine avec la meilleure qualit\u00e9 et un prix comp\u00e9titif.","robots":{"index":"index","follow":"follow","max-snippet":"max-snippet:-1","max-image-preview":"max-image-preview:large","max-video-preview":"max-video-preview:-1"},"canonical":"https:\/\/longchangchemical.com\/fr\/product\/lcflex-p-23\/","og_locale":"fr_FR","og_type":"article","og_title":"China CHLUMIFLEX\u00ae P-23 \/ Nucleating agent P-23 Manufacturer - Longchang Chemical","og_description":"CHLUMIFLEX\u00ae P-23 \/ Nucleating agent P-23 is a key product of Longchang Chemical. We provide the best price. We are the leading manufacturer in China with the best quality and competitive price.","og_url":"https:\/\/longchangchemical.com\/fr\/product\/lcflex-p-23\/","og_site_name":"Longchang Chemical","article_modified_time":"2025-04-01T07:18:55+00:00","og_image":[{"width":1000,"height":1000,"url":"https:\/\/longchangchemical.com\/wp-content\/uploads\/2024\/02\/logo-jpeg.jpg","type":"image\/jpeg"}],"twitter_card":"summary_large_image","schema":{"@context":"https:\/\/schema.org","@graph":[{"@type":"WebPage","@id":"https:\/\/longchangchemical.com\/product\/lcflex-p-23\/","url":"https:\/\/longchangchemical.com\/product\/lcflex-p-23\/","name":"CHLUMIFLEX\u00ae P-23 \/ Agent de nucl\u00e9ation P-23, Chine - Longchang Chemical","isPartOf":{"@id":"https:\/\/longchangchemical.com\/#website"},"datePublished":"2023-05-30T06:19:00+00:00","dateModified":"2025-04-01T07:18:55+00:00","description":"CHLUMIFLEX\u00ae P-23 \/ Agent de nucl\u00e9ation P-23 est un produit cl\u00e9 de Longchang Chemical. Nous fournissons le meilleur prix. Nous sommes le premier fabricant en Chine avec la meilleure qualit\u00e9 et un prix comp\u00e9titif.","breadcrumb":{"@id":"https:\/\/longchangchemical.com\/product\/lcflex-p-23\/#breadcrumb"},"inLanguage":"fr-FR","potentialAction":[{"@type":"ReadAction","target":["https:\/\/longchangchemical.com\/product\/lcflex-p-23\/"]}]},{"@type":"BreadcrumbList","@id":"https:\/\/longchangchemical.com\/product\/lcflex-p-23\/#breadcrumb","itemListElement":[{"@type":"ListItem","position":1,"name":"Home","item":"https:\/\/longchangchemical.com\/"},{"@type":"ListItem","position":2,"name":"Products Longchang","item":"https:\/\/longchangchemical.com\/product\/"},{"@type":"ListItem","position":3,"name":"CHLUMIFLEX\u00ae P-23 \/ Nucleating agent P-23"}]},{"@type":"WebSite","@id":"https:\/\/longchangchemical.com\/#website","url":"https:\/\/longchangchemical.com\/","name":"Longchang Chemical","description":"Fabricant chinois de produits chimiques \uff06 fournisseur","publisher":{"@id":"https:\/\/longchangchemical.com\/#organization"},"potentialAction":[{"@type":"SearchAction","target":{"@type":"EntryPoint","urlTemplate":"https:\/\/longchangchemical.com\/?s={search_term_string}"},"query-input":{"@type":"PropertyValueSpecification","valueRequired":true,"valueName":"search_term_string"}}],"inLanguage":"fr-FR"},{"@type":"Organization","@id":"https:\/\/longchangchemical.com\/#organization","name":"Longchang Chemical","url":"https:\/\/longchangchemical.com\/","logo":{"@type":"ImageObject","inLanguage":"fr-FR","@id":"https:\/\/longchangchemical.com\/#\/schema\/logo\/image\/","url":"https:\/\/longchangchemical.com\/wp-content\/uploads\/2020\/08\/cropped-longchang-logo.png","contentUrl":"https:\/\/longchangchemical.com\/wp-content\/uploads\/2020\/08\/cropped-longchang-logo.png","width":512,"height":512,"caption":"Longchang Chemical"},"image":{"@id":"https:\/\/longchangchemical.com\/#\/schema\/logo\/image\/"}}]}},"_links":{"self":[{"href":"https:\/\/longchangchemical.com\/fr\/wp-json\/wp\/v2\/product\/6123","targetHints":{"allow":["GET"]}}],"collection":[{"href":"https:\/\/longchangchemical.com\/fr\/wp-json\/wp\/v2\/product"}],"about":[{"href":"https:\/\/longchangchemical.com\/fr\/wp-json\/wp\/v2\/types\/product"}],"replies":[{"embeddable":true,"href":"https:\/\/longchangchemical.com\/fr\/wp-json\/wp\/v2\/comments?post=6123"}],"wp:attachment":[{"href":"https:\/\/longchangchemical.com\/fr\/wp-json\/wp\/v2\/media?parent=6123"}],"wp:term":[{"taxonomy":"product_brand","embeddable":true,"href":"https:\/\/longchangchemical.com\/fr\/wp-json\/wp\/v2\/product_brand?post=6123"},{"taxonomy":"product_cat","embeddable":true,"href":"https:\/\/longchangchemical.com\/fr\/wp-json\/wp\/v2\/product_cat?post=6123"},{"taxonomy":"product_tag","embeddable":true,"href":"https:\/\/longchangchemical.com\/fr\/wp-json\/wp\/v2\/product_tag?post=6123"}],"curies":[{"name":"wp","href":"https:\/\/api.w.org\/{rel}","templated":true}]}}