{"id":6089,"date":"2023-05-13T06:50:58","date_gmt":"2023-05-13T06:50:58","guid":{"rendered":"https:\/\/longchangchemical.com\/?post_type=product&#038;p=6089"},"modified":"2026-01-09T06:57:33","modified_gmt":"2026-01-09T06:57:33","slug":"lcsorb-bp-8-cas-131-53-3","status":"publish","type":"product","link":"https:\/\/longchangchemical.com\/fr\/product\/lcsorb-bp-8-cas-131-53-3\/","title":{"rendered":"CHLUMIUV\u00ae BP-8 CAS 131-53-3"},"content":{"rendered":"<h1><strong>BP-8 CAS 131-53-3<\/strong><\/h1>\n<table style=\"border-collapse: collapse; width: 245.28pt;\" border=\"0\" width=\"327\" cellspacing=\"0\" cellpadding=\"0\">\n<tbody>\n<tr style=\"height: 42.75pt;\">\n<td class=\"et2\" style=\"height: 42.75pt; width: 118.50pt;\" width=\"158\" height=\"57\">Apparence<\/td>\n<td class=\"et2\" style=\"width: 126.75pt;\" width=\"169\">Poudre jaune clair<\/td>\n<\/tr>\n<tr style=\"height: 28.50pt;\">\n<td class=\"et2\" style=\"height: 28.50pt; width: 118.50pt;\" width=\"158\" height=\"38\">Poids mol\u00e9culaire<\/td>\n<td class=\"et2\" style=\"width: 126.75pt;\" width=\"169\">244.2<\/td>\n<\/tr>\n<tr style=\"height: 28.50pt;\">\n<td class=\"et2\" style=\"height: 28.50pt; width: 118.50pt;\" width=\"158\" height=\"38\">Contenu<\/td>\n<td class=\"et2\" style=\"width: 126.75pt;\" width=\"169\">97.0-103.0%<\/td>\n<\/tr>\n<tr style=\"height: 28.50pt;\">\n<td class=\"et2\" style=\"height: 28.50pt; width: 118.50pt;\" width=\"158\" height=\"38\">Point de fusion<\/td>\n<td class=\"et2\" style=\"width: 126.75pt;\" width=\"169\">\u226571<span class=\"font2\">\u2103<\/span><\/td>\n<\/tr>\n<tr style=\"height: 28.50pt;\">\n<td class=\"et2\" style=\"height: 28.50pt; width: 118.50pt;\" width=\"158\" height=\"38\">Point d'\u00e9clair<\/td>\n<td class=\"et2\" style=\"width: 126.75pt;\" width=\"169\">146<span class=\"font2\">\u2103<\/span><\/td>\n<\/tr>\n<tr style=\"height: 28.50pt;\">\n<td class=\"et2\" style=\"height: 28.50pt; width: 118.50pt;\" width=\"158\" height=\"38\">Densit\u00e9@20<span class=\"font2\">\u2103<\/span><\/td>\n<td class=\"et2\" style=\"width: 126.75pt;\" width=\"169\">1,30g\/cm3<\/td>\n<\/tr>\n<tr style=\"height: 14.25pt;\">\n<td class=\"et2\" style=\"height: 14.25pt; width: 118.50pt;\" width=\"158\" height=\"19\">Fr\u00eane<\/td>\n<td class=\"et2\" style=\"width: 126.75pt;\" width=\"169\">\u22640.1%<\/td>\n<\/tr>\n<tr style=\"height: 14.25pt;\">\n<td class=\"et2\" style=\"height: 14.25pt; width: 118.50pt;\" width=\"158\" height=\"19\">Volatilit\u00e9<\/td>\n<td class=\"et2\" style=\"width: 126.75pt;\" width=\"169\">\u22640.5%<\/td>\n<\/tr>\n<tr style=\"height: 57.00pt;\">\n<td class=\"et2\" style=\"height: 57.00pt; width: 118.50pt;\" width=\"158\" height=\"76\">Sp\u00e9cification de l'emballage<\/td>\n<td class=\"et2\" style=\"width: 126.75pt;\" width=\"169\">Tambour de papier en carton de 25 kg<\/td>\n<\/tr>\n<\/tbody>\n<\/table>\n<h2><strong>BP-8 Utilisation<\/strong><\/h2>\n<p>1. L'absorbeur UV BP-8 est un absorbeur UV de type benzoph\u00e9none, dont la structure mol\u00e9culaire contient deux groupes hydroxyles voisins. Il est capable d'absorber la lumi\u00e8re UV de 320-400 nm et pr\u00e9sente une bonne compatibilit\u00e9, un long temps de maintien, une bonne stabilit\u00e9 thermique et une grande efficacit\u00e9 d'absorption.<\/p>\n<p>2. L'absorbeur UV BP-8 convient aux plastiques et aux rev\u00eatements, en particulier au polym\u00e9thacrylate de m\u00e9thyle, au chlorure de polyvinyle, \u00e0 la r\u00e9sine ABS, \u00e0 la r\u00e9sine de mylamine, \u00e0 la r\u00e9sine acrylique, \u00e0 la r\u00e9sine insatur\u00e9e et \u00e0 la r\u00e9sine de cellulose. Le dosage g\u00e9n\u00e9ral est de 0,5-3%.<\/p>\n<h2><strong>Contactez-nous d\u00e8s maintenant !<\/strong><\/h2>\n<p><strong>Si vous avez besoin de COA, MSDS ou TDS de <span style=\"color: #00ccff;\"><a style=\"color: #00ccff;\" href=\"https:\/\/longchangchemical.com\/fr\/product-category\/lcsorb-uv-absorber\/\">Absorbeur d'UV lcsorb<\/a><\/span>Si vous avez besoin d'aide, veuillez indiquer vos coordonn\u00e9es dans le formulaire ci-dessous. Nous vous contacterons g\u00e9n\u00e9ralement dans les 24 heures. Vous pouvez \u00e9galement m'envoyer un courriel <span style=\"color: #00ccff;\"><a style=\"color: #00ccff;\" href=\"mailto:info@longchangchemical.com\">info@longchangchemical.com<\/a> <\/span>pendant les heures de travail ( 8:30 am to 6:00 pm UTC+8 Mon.~Sat. ) ou utilisez le chat en direct du site web pour obtenir une r\u00e9ponse rapide.<\/strong><\/p>","protected":false},"excerpt":{"rendered":"<p>BP-8 CAS 131-53-3 Apparence Poudre jaune clair Poids mol\u00e9culaire 244,2 Contenu 97,0-103,0% Point de fusion \u226571\u2103 Point d'\u00e9clair 146\u2103 Densit\u00e9@20\u2103 1,30g\/cm3 Cendres \u22640,1% Volatilit\u00e9 \u22640,5% Sp\u00e9cification d'emballage 25kg carton papier tambour BP-8 Utilisation 1. Absorbeur UV BP-8 est un absorbeur UV de type benzoph\u00e9none, dont la structure mol\u00e9culaire contient deux groupes hydroxyles voisins. Il est capable d'absorber [...]<\/p>","protected":false},"featured_media":7939,"comment_status":"closed","ping_status":"closed","template":"","meta":[],"product_brand":[],"product_cat":[139],"product_tag":[],"class_list":{"0":"post-6089","1":"product","2":"type-product","3":"status-publish","4":"has-post-thumbnail","6":"product_cat-lcsorb-uv-absorber","8":"first","9":"instock","10":"shipping-taxable","11":"product-type-simple"},"yoast_head":"<!-- This site is optimized with the Yoast SEO plugin v25.3.1 - https:\/\/yoast.com\/wordpress\/plugins\/seo\/ -->\n<title>China CHLUMIUV\u00ae BP-8 CAS 131-53-3 Manufacturer - Longchang Chemical<\/title>\n<meta name=\"description\" content=\"CHLUMIUV\u00ae BP-8 CAS 131-53-3 is a key product of Longchang Chemical. We provide the best price. We are the leading manufacturer in China with the best quality and competitive price.\" \/>\n<meta name=\"robots\" content=\"index, follow, max-snippet:-1, max-image-preview:large, max-video-preview:-1\" \/>\n<link rel=\"canonical\" href=\"https:\/\/longchangchemical.com\/fr\/product\/lcsorb-bp-8-cas-131-53-3\/\" \/>\n<meta property=\"og:locale\" content=\"fr_FR\" \/>\n<meta property=\"og:type\" content=\"article\" \/>\n<meta property=\"og:title\" content=\"China CHLUMIUV\u00ae BP-8 CAS 131-53-3 Manufacturer - Longchang Chemical\" \/>\n<meta property=\"og:description\" content=\"CHLUMIUV\u00ae BP-8 CAS 131-53-3 is a key product of Longchang Chemical. We provide the best price. We are the leading manufacturer in China with the best quality and competitive price.\" \/>\n<meta property=\"og:url\" content=\"https:\/\/longchangchemical.com\/fr\/product\/lcsorb-bp-8-cas-131-53-3\/\" \/>\n<meta property=\"og:site_name\" content=\"Longchang Chemical\" \/>\n<meta property=\"article:modified_time\" content=\"2026-01-09T06:57:33+00:00\" \/>\n<meta property=\"og:image\" content=\"https:\/\/longchangchemical.com\/wp-content\/uploads\/2023\/05\/131-53-3.jpg\" \/>\n\t<meta property=\"og:image:width\" content=\"600\" \/>\n\t<meta property=\"og:image:height\" content=\"600\" \/>\n\t<meta property=\"og:image:type\" content=\"image\/jpeg\" \/>\n<meta name=\"twitter:card\" content=\"summary_large_image\" \/>\n<script type=\"application\/ld+json\" class=\"yoast-schema-graph\">{\"@context\":\"https:\/\/schema.org\",\"@graph\":[{\"@type\":\"WebPage\",\"@id\":\"https:\/\/longchangchemical.com\/product\/lcsorb-bp-8-cas-131-53-3\/\",\"url\":\"https:\/\/longchangchemical.com\/product\/lcsorb-bp-8-cas-131-53-3\/\",\"name\":\"China CHLUMIUV\u00ae BP-8 CAS 131-53-3 Manufacturer - Longchang Chemical\",\"isPartOf\":{\"@id\":\"https:\/\/longchangchemical.com\/#website\"},\"primaryImageOfPage\":{\"@id\":\"https:\/\/longchangchemical.com\/product\/lcsorb-bp-8-cas-131-53-3\/#primaryimage\"},\"image\":{\"@id\":\"https:\/\/longchangchemical.com\/product\/lcsorb-bp-8-cas-131-53-3\/#primaryimage\"},\"thumbnailUrl\":\"https:\/\/longchangchemical.com\/wp-content\/uploads\/2023\/05\/131-53-3.jpg\",\"datePublished\":\"2023-05-13T06:50:58+00:00\",\"dateModified\":\"2026-01-09T06:57:33+00:00\",\"description\":\"CHLUMIUV\u00ae BP-8 CAS 131-53-3 is a key product of Longchang Chemical. We provide the best price. We are the leading manufacturer in China with the best quality and competitive price.\",\"breadcrumb\":{\"@id\":\"https:\/\/longchangchemical.com\/product\/lcsorb-bp-8-cas-131-53-3\/#breadcrumb\"},\"inLanguage\":\"fr-FR\",\"potentialAction\":[{\"@type\":\"ReadAction\",\"target\":[\"https:\/\/longchangchemical.com\/product\/lcsorb-bp-8-cas-131-53-3\/\"]}]},{\"@type\":\"ImageObject\",\"inLanguage\":\"fr-FR\",\"@id\":\"https:\/\/longchangchemical.com\/product\/lcsorb-bp-8-cas-131-53-3\/#primaryimage\",\"url\":\"https:\/\/longchangchemical.com\/wp-content\/uploads\/2023\/05\/131-53-3.jpg\",\"contentUrl\":\"https:\/\/longchangchemical.com\/wp-content\/uploads\/2023\/05\/131-53-3.jpg\",\"width\":600,\"height\":600},{\"@type\":\"BreadcrumbList\",\"@id\":\"https:\/\/longchangchemical.com\/product\/lcsorb-bp-8-cas-131-53-3\/#breadcrumb\",\"itemListElement\":[{\"@type\":\"ListItem\",\"position\":1,\"name\":\"Home\",\"item\":\"https:\/\/longchangchemical.com\/\"},{\"@type\":\"ListItem\",\"position\":2,\"name\":\"Products Longchang\",\"item\":\"https:\/\/longchangchemical.com\/product\/\"},{\"@type\":\"ListItem\",\"position\":3,\"name\":\"CHLUMIUV\u00ae BP-8 CAS 131-53-3\"}]},{\"@type\":\"WebSite\",\"@id\":\"https:\/\/longchangchemical.com\/#website\",\"url\":\"https:\/\/longchangchemical.com\/\",\"name\":\"Longchang Chemical\",\"description\":\"China chemical manufacturer \uff06 supplier\",\"publisher\":{\"@id\":\"https:\/\/longchangchemical.com\/#organization\"},\"potentialAction\":[{\"@type\":\"SearchAction\",\"target\":{\"@type\":\"EntryPoint\",\"urlTemplate\":\"https:\/\/longchangchemical.com\/?s={search_term_string}\"},\"query-input\":{\"@type\":\"PropertyValueSpecification\",\"valueRequired\":true,\"valueName\":\"search_term_string\"}}],\"inLanguage\":\"fr-FR\"},{\"@type\":\"Organization\",\"@id\":\"https:\/\/longchangchemical.com\/#organization\",\"name\":\"Longchang Chemical\",\"url\":\"https:\/\/longchangchemical.com\/\",\"logo\":{\"@type\":\"ImageObject\",\"inLanguage\":\"fr-FR\",\"@id\":\"https:\/\/longchangchemical.com\/#\/schema\/logo\/image\/\",\"url\":\"https:\/\/longchangchemical.com\/wp-content\/uploads\/2020\/08\/cropped-longchang-logo.png\",\"contentUrl\":\"https:\/\/longchangchemical.com\/wp-content\/uploads\/2020\/08\/cropped-longchang-logo.png\",\"width\":512,\"height\":512,\"caption\":\"Longchang Chemical\"},\"image\":{\"@id\":\"https:\/\/longchangchemical.com\/#\/schema\/logo\/image\/\"}}]}<\/script>\n<!-- \/ Yoast SEO plugin. -->","yoast_head_json":{"title":"CHLUMIUV\u00ae BP-8 CAS 131-53-3 fabricant chinois - Longchang Chemical","description":"CHLUMIUV\u00ae BP-8 CAS 131-53-3 est un produit cl\u00e9 de Longchang Chemical. Nous fournissons le meilleur prix. Nous sommes le principal fabricant en Chine avec la meilleure qualit\u00e9 et un prix comp\u00e9titif.","robots":{"index":"index","follow":"follow","max-snippet":"max-snippet:-1","max-image-preview":"max-image-preview:large","max-video-preview":"max-video-preview:-1"},"canonical":"https:\/\/longchangchemical.com\/fr\/product\/lcsorb-bp-8-cas-131-53-3\/","og_locale":"fr_FR","og_type":"article","og_title":"China CHLUMIUV\u00ae BP-8 CAS 131-53-3 Manufacturer - Longchang Chemical","og_description":"CHLUMIUV\u00ae BP-8 CAS 131-53-3 is a key product of Longchang Chemical. We provide the best price. We are the leading manufacturer in China with the best quality and competitive price.","og_url":"https:\/\/longchangchemical.com\/fr\/product\/lcsorb-bp-8-cas-131-53-3\/","og_site_name":"Longchang Chemical","article_modified_time":"2026-01-09T06:57:33+00:00","og_image":[{"width":600,"height":600,"url":"https:\/\/longchangchemical.com\/wp-content\/uploads\/2023\/05\/131-53-3.jpg","type":"image\/jpeg"}],"twitter_card":"summary_large_image","schema":{"@context":"https:\/\/schema.org","@graph":[{"@type":"WebPage","@id":"https:\/\/longchangchemical.com\/product\/lcsorb-bp-8-cas-131-53-3\/","url":"https:\/\/longchangchemical.com\/product\/lcsorb-bp-8-cas-131-53-3\/","name":"CHLUMIUV\u00ae BP-8 CAS 131-53-3 fabricant chinois - Longchang Chemical","isPartOf":{"@id":"https:\/\/longchangchemical.com\/#website"},"primaryImageOfPage":{"@id":"https:\/\/longchangchemical.com\/product\/lcsorb-bp-8-cas-131-53-3\/#primaryimage"},"image":{"@id":"https:\/\/longchangchemical.com\/product\/lcsorb-bp-8-cas-131-53-3\/#primaryimage"},"thumbnailUrl":"https:\/\/longchangchemical.com\/wp-content\/uploads\/2023\/05\/131-53-3.jpg","datePublished":"2023-05-13T06:50:58+00:00","dateModified":"2026-01-09T06:57:33+00:00","description":"CHLUMIUV\u00ae BP-8 CAS 131-53-3 est un produit cl\u00e9 de Longchang Chemical. Nous fournissons le meilleur prix. Nous sommes le principal fabricant en Chine avec la meilleure qualit\u00e9 et un prix comp\u00e9titif.","breadcrumb":{"@id":"https:\/\/longchangchemical.com\/product\/lcsorb-bp-8-cas-131-53-3\/#breadcrumb"},"inLanguage":"fr-FR","potentialAction":[{"@type":"ReadAction","target":["https:\/\/longchangchemical.com\/product\/lcsorb-bp-8-cas-131-53-3\/"]}]},{"@type":"ImageObject","inLanguage":"fr-FR","@id":"https:\/\/longchangchemical.com\/product\/lcsorb-bp-8-cas-131-53-3\/#primaryimage","url":"https:\/\/longchangchemical.com\/wp-content\/uploads\/2023\/05\/131-53-3.jpg","contentUrl":"https:\/\/longchangchemical.com\/wp-content\/uploads\/2023\/05\/131-53-3.jpg","width":600,"height":600},{"@type":"BreadcrumbList","@id":"https:\/\/longchangchemical.com\/product\/lcsorb-bp-8-cas-131-53-3\/#breadcrumb","itemListElement":[{"@type":"ListItem","position":1,"name":"Home","item":"https:\/\/longchangchemical.com\/"},{"@type":"ListItem","position":2,"name":"Products Longchang","item":"https:\/\/longchangchemical.com\/product\/"},{"@type":"ListItem","position":3,"name":"CHLUMIUV\u00ae BP-8 CAS 131-53-3"}]},{"@type":"WebSite","@id":"https:\/\/longchangchemical.com\/#website","url":"https:\/\/longchangchemical.com\/","name":"Longchang Chemical","description":"Fabricant chinois de produits chimiques \uff06 fournisseur","publisher":{"@id":"https:\/\/longchangchemical.com\/#organization"},"potentialAction":[{"@type":"SearchAction","target":{"@type":"EntryPoint","urlTemplate":"https:\/\/longchangchemical.com\/?s={search_term_string}"},"query-input":{"@type":"PropertyValueSpecification","valueRequired":true,"valueName":"search_term_string"}}],"inLanguage":"fr-FR"},{"@type":"Organization","@id":"https:\/\/longchangchemical.com\/#organization","name":"Longchang Chemical","url":"https:\/\/longchangchemical.com\/","logo":{"@type":"ImageObject","inLanguage":"fr-FR","@id":"https:\/\/longchangchemical.com\/#\/schema\/logo\/image\/","url":"https:\/\/longchangchemical.com\/wp-content\/uploads\/2020\/08\/cropped-longchang-logo.png","contentUrl":"https:\/\/longchangchemical.com\/wp-content\/uploads\/2020\/08\/cropped-longchang-logo.png","width":512,"height":512,"caption":"Longchang Chemical"},"image":{"@id":"https:\/\/longchangchemical.com\/#\/schema\/logo\/image\/"}}]}},"_links":{"self":[{"href":"https:\/\/longchangchemical.com\/fr\/wp-json\/wp\/v2\/product\/6089","targetHints":{"allow":["GET"]}}],"collection":[{"href":"https:\/\/longchangchemical.com\/fr\/wp-json\/wp\/v2\/product"}],"about":[{"href":"https:\/\/longchangchemical.com\/fr\/wp-json\/wp\/v2\/types\/product"}],"replies":[{"embeddable":true,"href":"https:\/\/longchangchemical.com\/fr\/wp-json\/wp\/v2\/comments?post=6089"}],"wp:featuredmedia":[{"embeddable":true,"href":"https:\/\/longchangchemical.com\/fr\/wp-json\/wp\/v2\/media\/7939"}],"wp:attachment":[{"href":"https:\/\/longchangchemical.com\/fr\/wp-json\/wp\/v2\/media?parent=6089"}],"wp:term":[{"taxonomy":"product_brand","embeddable":true,"href":"https:\/\/longchangchemical.com\/fr\/wp-json\/wp\/v2\/product_brand?post=6089"},{"taxonomy":"product_cat","embeddable":true,"href":"https:\/\/longchangchemical.com\/fr\/wp-json\/wp\/v2\/product_cat?post=6089"},{"taxonomy":"product_tag","embeddable":true,"href":"https:\/\/longchangchemical.com\/fr\/wp-json\/wp\/v2\/product_tag?post=6089"}],"curies":[{"name":"wp","href":"https:\/\/api.w.org\/{rel}","templated":true}]}}