{"id":6085,"date":"2023-05-09T14:01:33","date_gmt":"2023-05-09T14:01:33","guid":{"rendered":"https:\/\/longchangchemical.com\/?post_type=product&#038;p=6085"},"modified":"2026-01-09T07:14:28","modified_gmt":"2026-01-09T07:14:28","slug":"lcsorb-bp-5-cas-6628-37-1","status":"publish","type":"product","link":"https:\/\/longchangchemical.com\/fr\/product\/lcsorb-bp-5-cas-6628-37-1\/","title":{"rendered":"CHLUMIUV\u00ae BP-5 CAS 6628-37-1"},"content":{"rendered":"<h1><strong>BP-5 CAS 6628-37-1<\/strong><\/h1>\n<table style=\"border-collapse: collapse; width: 258.02pt;\" border=\"0\" width=\"344\" cellspacing=\"0\" cellpadding=\"0\">\n<tbody>\n<tr style=\"height: 13.50pt;\">\n<td class=\"et2\" style=\"height: 13.50pt; width: 125.25pt;\" width=\"167\" height=\"18\">Apparence<\/td>\n<td class=\"et3\" style=\"width: 132.75pt;\" width=\"177\">Poudre jaune clair<\/td>\n<\/tr>\n<tr style=\"height: 13.50pt;\">\n<td class=\"et2\" style=\"height: 13.50pt;\" height=\"18\">Contenu<\/td>\n<td class=\"et3\">\u226590%<\/td>\n<\/tr>\n<tr style=\"height: 13.50pt;\">\n<td class=\"et2\" style=\"height: 13.50pt;\" height=\"18\">Contenu volatil<\/td>\n<td class=\"et3\">\u2264 2%<\/td>\n<\/tr>\n<tr style=\"height: 13.50pt;\">\n<td class=\"et4\" style=\"height: 13.50pt;\" height=\"18\">pH<\/td>\n<td class=\"et5\">5-7<\/td>\n<\/tr>\n<tr style=\"height: 13.50pt;\">\n<td class=\"et2\" style=\"height: 13.50pt;\" height=\"18\">M\u00e9tal lourd<\/td>\n<td class=\"et3\">\u2264 10ppm<\/td>\n<\/tr>\n<\/tbody>\n<\/table>\n<h1>BP-5 UTILISATION<\/h1>\n<p>BP-5 est soluble dans l'eau et est un absorbeur d'UV neutre \u00e0 large spectre, soluble dans l'eau, avec une efficacit\u00e9 d'absorption \u00e9lev\u00e9e, des effets secondaires non toxiques et non t\u00e9ratog\u00e8nes, et une bonne stabilit\u00e9 \u00e0 la lumi\u00e8re et \u00e0 la chaleur. Il peut am\u00e9liorer la stabilit\u00e9 des shampooings, des gels douche et des parfums contenant des substances polyacryliques.<\/p>\n<h2><strong>Contactez-nous d\u00e8s maintenant !<\/strong><\/h2>\n<p><strong>Si vous avez besoin de COA, MSDS ou TDS de <span style=\"color: #00ccff;\"><a style=\"color: #00ccff;\" href=\"https:\/\/longchangchemical.com\/fr\/product-category\/lcsorb-uv-absorber\/\">Absorbeur d'UV lcsorb<\/a><\/span>Si vous avez besoin d'aide, veuillez indiquer vos coordonn\u00e9es dans le formulaire ci-dessous. Nous vous contacterons g\u00e9n\u00e9ralement dans les 24 heures. Vous pouvez \u00e9galement m'envoyer un courriel <span style=\"color: #00ccff;\"><a style=\"color: #00ccff;\" href=\"mailto:info@longchangchemical.com\">info@longchangchemical.com<\/a> <\/span>pendant les heures de travail ( 8:30 am to 6:00 pm UTC+8 Mon.~Sat. ) ou utilisez le chat en direct du site web pour obtenir une r\u00e9ponse rapide.<\/strong><\/p>","protected":false},"excerpt":{"rendered":"<p>BP-5 CAS 6628-37-1 Apparence Poudre jaune clair Teneur \u226590% Teneur en mati\u00e8res volatiles \u2264 2% pH 5-7 M\u00e9taux lourds \u2264 10ppm BP-5 USAGE Le BP-5 est soluble dans l'eau et est un absorbeur UV neutre \u00e0 large spectre soluble dans l'eau avec une efficacit\u00e9 d'absorption \u00e9lev\u00e9e, des effets secondaires non toxiques et non t\u00e9ratog\u00e8nes, et une bonne stabilit\u00e9 \u00e0 la lumi\u00e8re et \u00e0 la chaleur. Il peut am\u00e9liorer la stabilit\u00e9 des [...]<\/p>","protected":false},"featured_media":7946,"comment_status":"closed","ping_status":"closed","template":"","meta":[],"product_brand":[],"product_cat":[139],"product_tag":[],"class_list":{"0":"post-6085","1":"product","2":"type-product","3":"status-publish","4":"has-post-thumbnail","6":"product_cat-lcsorb-uv-absorber","8":"first","9":"instock","10":"shipping-taxable","11":"product-type-simple"},"yoast_head":"<!-- This site is optimized with the Yoast SEO plugin v25.3.1 - https:\/\/yoast.com\/wordpress\/plugins\/seo\/ -->\n<title>China CHLUMIUV\u00ae BP-5 CAS 6628-37-1 Manufacturer - Longchang Chemical<\/title>\n<meta name=\"description\" content=\"CHLUMIUV\u00ae BP-5 CAS 6628-37-1 is a key product of Longchang Chemical. We provide the best price. We are the leading manufacturer in China with the best quality and competitive price.\" \/>\n<meta name=\"robots\" content=\"index, follow, max-snippet:-1, max-image-preview:large, max-video-preview:-1\" \/>\n<link rel=\"canonical\" href=\"https:\/\/longchangchemical.com\/fr\/product\/lcsorb-bp-5-cas-6628-37-1\/\" \/>\n<meta property=\"og:locale\" content=\"fr_FR\" \/>\n<meta property=\"og:type\" content=\"article\" \/>\n<meta property=\"og:title\" content=\"China CHLUMIUV\u00ae BP-5 CAS 6628-37-1 Manufacturer - Longchang Chemical\" \/>\n<meta property=\"og:description\" content=\"CHLUMIUV\u00ae BP-5 CAS 6628-37-1 is a key product of Longchang Chemical. We provide the best price. We are the leading manufacturer in China with the best quality and competitive price.\" \/>\n<meta property=\"og:url\" content=\"https:\/\/longchangchemical.com\/fr\/product\/lcsorb-bp-5-cas-6628-37-1\/\" \/>\n<meta property=\"og:site_name\" content=\"Longchang Chemical\" \/>\n<meta property=\"article:modified_time\" content=\"2026-01-09T07:14:28+00:00\" \/>\n<meta property=\"og:image\" content=\"https:\/\/longchangchemical.com\/wp-content\/uploads\/2023\/05\/6628-37-1-2.jpg\" \/>\n\t<meta property=\"og:image:width\" content=\"600\" \/>\n\t<meta property=\"og:image:height\" content=\"600\" \/>\n\t<meta property=\"og:image:type\" content=\"image\/jpeg\" \/>\n<meta name=\"twitter:card\" content=\"summary_large_image\" \/>\n<script type=\"application\/ld+json\" class=\"yoast-schema-graph\">{\"@context\":\"https:\/\/schema.org\",\"@graph\":[{\"@type\":\"WebPage\",\"@id\":\"https:\/\/longchangchemical.com\/product\/lcsorb-bp-5-cas-6628-37-1\/\",\"url\":\"https:\/\/longchangchemical.com\/product\/lcsorb-bp-5-cas-6628-37-1\/\",\"name\":\"China CHLUMIUV\u00ae BP-5 CAS 6628-37-1 Manufacturer - Longchang Chemical\",\"isPartOf\":{\"@id\":\"https:\/\/longchangchemical.com\/#website\"},\"primaryImageOfPage\":{\"@id\":\"https:\/\/longchangchemical.com\/product\/lcsorb-bp-5-cas-6628-37-1\/#primaryimage\"},\"image\":{\"@id\":\"https:\/\/longchangchemical.com\/product\/lcsorb-bp-5-cas-6628-37-1\/#primaryimage\"},\"thumbnailUrl\":\"https:\/\/longchangchemical.com\/wp-content\/uploads\/2023\/05\/6628-37-1-2.jpg\",\"datePublished\":\"2023-05-09T14:01:33+00:00\",\"dateModified\":\"2026-01-09T07:14:28+00:00\",\"description\":\"CHLUMIUV\u00ae BP-5 CAS 6628-37-1 is a key product of Longchang Chemical. We provide the best price. We are the leading manufacturer in China with the best quality and competitive price.\",\"breadcrumb\":{\"@id\":\"https:\/\/longchangchemical.com\/product\/lcsorb-bp-5-cas-6628-37-1\/#breadcrumb\"},\"inLanguage\":\"fr-FR\",\"potentialAction\":[{\"@type\":\"ReadAction\",\"target\":[\"https:\/\/longchangchemical.com\/product\/lcsorb-bp-5-cas-6628-37-1\/\"]}]},{\"@type\":\"ImageObject\",\"inLanguage\":\"fr-FR\",\"@id\":\"https:\/\/longchangchemical.com\/product\/lcsorb-bp-5-cas-6628-37-1\/#primaryimage\",\"url\":\"https:\/\/longchangchemical.com\/wp-content\/uploads\/2023\/05\/6628-37-1-2.jpg\",\"contentUrl\":\"https:\/\/longchangchemical.com\/wp-content\/uploads\/2023\/05\/6628-37-1-2.jpg\",\"width\":600,\"height\":600},{\"@type\":\"BreadcrumbList\",\"@id\":\"https:\/\/longchangchemical.com\/product\/lcsorb-bp-5-cas-6628-37-1\/#breadcrumb\",\"itemListElement\":[{\"@type\":\"ListItem\",\"position\":1,\"name\":\"Home\",\"item\":\"https:\/\/longchangchemical.com\/\"},{\"@type\":\"ListItem\",\"position\":2,\"name\":\"Products Longchang\",\"item\":\"https:\/\/longchangchemical.com\/product\/\"},{\"@type\":\"ListItem\",\"position\":3,\"name\":\"CHLUMIUV\u00ae BP-5 CAS 6628-37-1\"}]},{\"@type\":\"WebSite\",\"@id\":\"https:\/\/longchangchemical.com\/#website\",\"url\":\"https:\/\/longchangchemical.com\/\",\"name\":\"Longchang Chemical\",\"description\":\"China chemical manufacturer \uff06 supplier\",\"publisher\":{\"@id\":\"https:\/\/longchangchemical.com\/#organization\"},\"potentialAction\":[{\"@type\":\"SearchAction\",\"target\":{\"@type\":\"EntryPoint\",\"urlTemplate\":\"https:\/\/longchangchemical.com\/?s={search_term_string}\"},\"query-input\":{\"@type\":\"PropertyValueSpecification\",\"valueRequired\":true,\"valueName\":\"search_term_string\"}}],\"inLanguage\":\"fr-FR\"},{\"@type\":\"Organization\",\"@id\":\"https:\/\/longchangchemical.com\/#organization\",\"name\":\"Longchang Chemical\",\"url\":\"https:\/\/longchangchemical.com\/\",\"logo\":{\"@type\":\"ImageObject\",\"inLanguage\":\"fr-FR\",\"@id\":\"https:\/\/longchangchemical.com\/#\/schema\/logo\/image\/\",\"url\":\"https:\/\/longchangchemical.com\/wp-content\/uploads\/2020\/08\/cropped-longchang-logo.png\",\"contentUrl\":\"https:\/\/longchangchemical.com\/wp-content\/uploads\/2020\/08\/cropped-longchang-logo.png\",\"width\":512,\"height\":512,\"caption\":\"Longchang Chemical\"},\"image\":{\"@id\":\"https:\/\/longchangchemical.com\/#\/schema\/logo\/image\/\"}}]}<\/script>\n<!-- \/ Yoast SEO plugin. -->","yoast_head_json":{"title":"CHLUMIUV\u00ae BP-5 CAS 6628-37-1 fabricant chinois - Longchang Chemical","description":"CHLUMIUV\u00ae BP-5 CAS 6628-37-1 est un produit cl\u00e9 de Longchang Chemical. Nous fournissons le meilleur prix. Nous sommes le principal fabricant en Chine avec la meilleure qualit\u00e9 et un prix comp\u00e9titif.","robots":{"index":"index","follow":"follow","max-snippet":"max-snippet:-1","max-image-preview":"max-image-preview:large","max-video-preview":"max-video-preview:-1"},"canonical":"https:\/\/longchangchemical.com\/fr\/product\/lcsorb-bp-5-cas-6628-37-1\/","og_locale":"fr_FR","og_type":"article","og_title":"China CHLUMIUV\u00ae BP-5 CAS 6628-37-1 Manufacturer - Longchang Chemical","og_description":"CHLUMIUV\u00ae BP-5 CAS 6628-37-1 is a key product of Longchang Chemical. We provide the best price. We are the leading manufacturer in China with the best quality and competitive price.","og_url":"https:\/\/longchangchemical.com\/fr\/product\/lcsorb-bp-5-cas-6628-37-1\/","og_site_name":"Longchang Chemical","article_modified_time":"2026-01-09T07:14:28+00:00","og_image":[{"width":600,"height":600,"url":"https:\/\/longchangchemical.com\/wp-content\/uploads\/2023\/05\/6628-37-1-2.jpg","type":"image\/jpeg"}],"twitter_card":"summary_large_image","schema":{"@context":"https:\/\/schema.org","@graph":[{"@type":"WebPage","@id":"https:\/\/longchangchemical.com\/product\/lcsorb-bp-5-cas-6628-37-1\/","url":"https:\/\/longchangchemical.com\/product\/lcsorb-bp-5-cas-6628-37-1\/","name":"CHLUMIUV\u00ae BP-5 CAS 6628-37-1 fabricant chinois - Longchang Chemical","isPartOf":{"@id":"https:\/\/longchangchemical.com\/#website"},"primaryImageOfPage":{"@id":"https:\/\/longchangchemical.com\/product\/lcsorb-bp-5-cas-6628-37-1\/#primaryimage"},"image":{"@id":"https:\/\/longchangchemical.com\/product\/lcsorb-bp-5-cas-6628-37-1\/#primaryimage"},"thumbnailUrl":"https:\/\/longchangchemical.com\/wp-content\/uploads\/2023\/05\/6628-37-1-2.jpg","datePublished":"2023-05-09T14:01:33+00:00","dateModified":"2026-01-09T07:14:28+00:00","description":"CHLUMIUV\u00ae BP-5 CAS 6628-37-1 est un produit cl\u00e9 de Longchang Chemical. Nous fournissons le meilleur prix. Nous sommes le principal fabricant en Chine avec la meilleure qualit\u00e9 et un prix comp\u00e9titif.","breadcrumb":{"@id":"https:\/\/longchangchemical.com\/product\/lcsorb-bp-5-cas-6628-37-1\/#breadcrumb"},"inLanguage":"fr-FR","potentialAction":[{"@type":"ReadAction","target":["https:\/\/longchangchemical.com\/product\/lcsorb-bp-5-cas-6628-37-1\/"]}]},{"@type":"ImageObject","inLanguage":"fr-FR","@id":"https:\/\/longchangchemical.com\/product\/lcsorb-bp-5-cas-6628-37-1\/#primaryimage","url":"https:\/\/longchangchemical.com\/wp-content\/uploads\/2023\/05\/6628-37-1-2.jpg","contentUrl":"https:\/\/longchangchemical.com\/wp-content\/uploads\/2023\/05\/6628-37-1-2.jpg","width":600,"height":600},{"@type":"BreadcrumbList","@id":"https:\/\/longchangchemical.com\/product\/lcsorb-bp-5-cas-6628-37-1\/#breadcrumb","itemListElement":[{"@type":"ListItem","position":1,"name":"Home","item":"https:\/\/longchangchemical.com\/"},{"@type":"ListItem","position":2,"name":"Products Longchang","item":"https:\/\/longchangchemical.com\/product\/"},{"@type":"ListItem","position":3,"name":"CHLUMIUV\u00ae BP-5 CAS 6628-37-1"}]},{"@type":"WebSite","@id":"https:\/\/longchangchemical.com\/#website","url":"https:\/\/longchangchemical.com\/","name":"Longchang Chemical","description":"Fabricant chinois de produits chimiques \uff06 fournisseur","publisher":{"@id":"https:\/\/longchangchemical.com\/#organization"},"potentialAction":[{"@type":"SearchAction","target":{"@type":"EntryPoint","urlTemplate":"https:\/\/longchangchemical.com\/?s={search_term_string}"},"query-input":{"@type":"PropertyValueSpecification","valueRequired":true,"valueName":"search_term_string"}}],"inLanguage":"fr-FR"},{"@type":"Organization","@id":"https:\/\/longchangchemical.com\/#organization","name":"Longchang Chemical","url":"https:\/\/longchangchemical.com\/","logo":{"@type":"ImageObject","inLanguage":"fr-FR","@id":"https:\/\/longchangchemical.com\/#\/schema\/logo\/image\/","url":"https:\/\/longchangchemical.com\/wp-content\/uploads\/2020\/08\/cropped-longchang-logo.png","contentUrl":"https:\/\/longchangchemical.com\/wp-content\/uploads\/2020\/08\/cropped-longchang-logo.png","width":512,"height":512,"caption":"Longchang Chemical"},"image":{"@id":"https:\/\/longchangchemical.com\/#\/schema\/logo\/image\/"}}]}},"_links":{"self":[{"href":"https:\/\/longchangchemical.com\/fr\/wp-json\/wp\/v2\/product\/6085","targetHints":{"allow":["GET"]}}],"collection":[{"href":"https:\/\/longchangchemical.com\/fr\/wp-json\/wp\/v2\/product"}],"about":[{"href":"https:\/\/longchangchemical.com\/fr\/wp-json\/wp\/v2\/types\/product"}],"replies":[{"embeddable":true,"href":"https:\/\/longchangchemical.com\/fr\/wp-json\/wp\/v2\/comments?post=6085"}],"wp:featuredmedia":[{"embeddable":true,"href":"https:\/\/longchangchemical.com\/fr\/wp-json\/wp\/v2\/media\/7946"}],"wp:attachment":[{"href":"https:\/\/longchangchemical.com\/fr\/wp-json\/wp\/v2\/media?parent=6085"}],"wp:term":[{"taxonomy":"product_brand","embeddable":true,"href":"https:\/\/longchangchemical.com\/fr\/wp-json\/wp\/v2\/product_brand?post=6085"},{"taxonomy":"product_cat","embeddable":true,"href":"https:\/\/longchangchemical.com\/fr\/wp-json\/wp\/v2\/product_cat?post=6085"},{"taxonomy":"product_tag","embeddable":true,"href":"https:\/\/longchangchemical.com\/fr\/wp-json\/wp\/v2\/product_tag?post=6085"}],"curies":[{"name":"wp","href":"https:\/\/api.w.org\/{rel}","templated":true}]}}