{"id":6056,"date":"2023-04-29T14:03:39","date_gmt":"2023-04-29T14:03:39","guid":{"rendered":"https:\/\/longchangchemical.com\/?post_type=product&#038;p=6056"},"modified":"2026-01-09T08:56:01","modified_gmt":"2026-01-09T08:56:01","slug":"lcsorb-360-cas-103597-45-1","status":"publish","type":"product","link":"https:\/\/longchangchemical.com\/fr\/product\/lcsorb-360-cas-103597-45-1\/","title":{"rendered":"CHLUMIUV\u00ae 360 CAS 103597-45-1"},"content":{"rendered":"<h1><strong>360 CAS 103597-45-1<\/strong><\/h1>\n<table style=\"border-collapse: collapse; width: 232.53pt;\" border=\"0\" width=\"310\" cellspacing=\"0\" cellpadding=\"0\">\n<tbody>\n<tr style=\"height: 28.50pt;\">\n<td class=\"et2\" style=\"height: 28.50pt; width: 97.50pt;\" width=\"130\" height=\"38\">Apparence<\/td>\n<td class=\"et2\" style=\"width: 135.00pt;\" width=\"180\">Poudre jaune clair<\/td>\n<\/tr>\n<tr style=\"height: 28.50pt;\">\n<td class=\"et2\" style=\"height: 28.50pt; width: 97.50pt;\" width=\"130\" height=\"38\">Poids mol\u00e9culaire<\/td>\n<td class=\"et2\" style=\"width: 135.00pt;\" width=\"180\">658.9<\/td>\n<\/tr>\n<tr style=\"height: 14.25pt;\">\n<td class=\"et2\" style=\"height: 14.25pt; width: 97.50pt;\" width=\"130\" height=\"19\">Contenu<\/td>\n<td class=\"et2\" style=\"width: 135.00pt;\" width=\"180\">\u226599.0%<\/td>\n<\/tr>\n<tr style=\"height: 28.50pt;\">\n<td class=\"et2\" style=\"height: 28.50pt; width: 97.50pt;\" width=\"130\" height=\"38\">Point de fusion<\/td>\n<td class=\"et2\" style=\"width: 135.00pt;\" width=\"180\">195-198\u00b0C<\/td>\n<\/tr>\n<tr style=\"height: 28.50pt;\">\n<td class=\"et2\" style=\"height: 28.50pt; width: 97.50pt;\" width=\"130\" height=\"38\">Point d'\u00e9clair<\/td>\n<td class=\"et2\" style=\"width: 135.00pt;\" width=\"180\">420.5\u00b0C<\/td>\n<\/tr>\n<tr style=\"height: 28.50pt;\">\n<td class=\"et2\" style=\"height: 28.50pt; width: 97.50pt;\" width=\"130\" height=\"38\">Densit\u00e9@20\u00b0C<\/td>\n<td class=\"et2\" style=\"width: 135.00pt;\" width=\"180\">1,16g\/cm3<\/td>\n<\/tr>\n<tr style=\"height: 14.25pt;\">\n<td class=\"et2\" style=\"height: 14.25pt; width: 97.50pt;\" width=\"130\" height=\"19\">Fr\u00eane<\/td>\n<td class=\"et2\" style=\"width: 135.00pt;\" width=\"180\">\u22640.1%<\/td>\n<\/tr>\n<tr style=\"height: 14.25pt;\">\n<td class=\"et2\" style=\"height: 14.25pt; width: 97.50pt;\" width=\"130\" height=\"19\">Volatiles<\/td>\n<td class=\"et2\" style=\"width: 135.00pt;\" width=\"180\">\u22640.3%<\/td>\n<\/tr>\n<tr style=\"height: 14.25pt;\">\n<td class=\"et4\" style=\"height: 28.50pt; width: 97.50pt; border-bottom: .5pt solid #000000;\" rowspan=\"2\" width=\"130\" height=\"38\">Transmission de la lumi\u00e8re<\/td>\n<td class=\"et2\" style=\"width: 135.00pt;\" width=\"180\">460nm\u226597%<\/td>\n<\/tr>\n<tr style=\"height: 14.25pt;\">\n<td class=\"et2\" style=\"width: 135.00pt;\" width=\"180\">500nm\u226598%<\/td>\n<\/tr>\n<\/tbody>\n<\/table>\n<h2><strong>360 Utilisation<\/strong><\/h2>\n<p>1. Ce produit a \u00e9galement une tr\u00e8s faible volatilit\u00e9, peut \u00eatre utilis\u00e9 avec d'autres stabilisateurs de lumi\u00e8re ou antioxydants, particuli\u00e8rement adapt\u00e9 au traitement, au vieillissement dans un environnement \u00e0 haute temp\u00e9rature, il peut \u00eatre moul\u00e9 sous forme de poudre, de solution ou d'extrusion \u00e0 l'\u00e9tat fondu, peut emp\u00eacher le suintement cristallin et la sublimation, il convient au moulage, \u00e0 la construction de couches minces de fibres, de papier et de papier peint, etc.Ce produit convient pour l'acrylate, le polyester, le polycarbonate, le polyformald\u00e9hyde, le polyamide, la polyol\u00e9fine, les polym\u00e8res de styr\u00e8ne, les \u00e9lastom\u00e8res, les adh\u00e9sifs, etc.<\/p>\n<p>2. L'UV-360 est un absorbeur UV de type benzotriazole, capable d'absorber la lumi\u00e8re UV de 300 \u00e0 400 nm, avec un pic d'absorption de 353 nm. Il pr\u00e9sente une r\u00e9sistance \u00e9lev\u00e9e \u00e0 la temp\u00e9rature, une r\u00e9sistance \u00e0 l'extraction, une faible volatilit\u00e9, une faible migration, une bonne stabilit\u00e9 thermique, une efficacit\u00e9 d'absorption \u00e9lev\u00e9e et des propri\u00e9t\u00e9s anti-oxydation, etc. Il convient \u00e0 la r\u00e9sine acrylique, au polycarbonate, au polystyr\u00e8ne, au sulfure de polyph\u00e9nyl\u00e8ne, \u00e0 l'\u00e9ther de polyph\u00e9nyl\u00e8ne, au polyamide, au polyformald\u00e9hyde, au copolym\u00e8re de styr\u00e8ne. Il convient particuli\u00e8rement aux conditions de traitement \u00e0 haute temp\u00e9rature o\u00f9 des niveaux \u00e9lev\u00e9s d'additifs, une grande compatibilit\u00e9, une forte charge UV, une faible volatilit\u00e9 et une faible migration sont n\u00e9cessaires pour obtenir une charge UV \u00e9lev\u00e9e tout en r\u00e9duisant la sublimation au point de sortie et en emp\u00eachant le d\u00e9p\u00f4t sur les moulages et les rouleaux de refroidissement. Particuli\u00e8rement adapt\u00e9 aux bicouches, aux couches adh\u00e9sives, aux couches de laminage ou de coextrusion, \u00e0 l'extrusion bicouche directe de flocons sans l'utilisation d'une troisi\u00e8me couche, \u00e9vitant le ressuage \u00e0 haute temp\u00e9rature et la cristallisation de surface, emp\u00eachant la sublimation et le d\u00e9p\u00f4t d'une charge UV \u00e9lev\u00e9e. Le dosage typique est de 0,1-0,5%.<\/p>\n<p>3. Convient pour : le traitement o\u00f9 une charge UV \u00e9lev\u00e9e, une faible volatilit\u00e9 et de bonnes conditions de compatibilit\u00e9 sont requises. L'objectif est d'obtenir une excellente protection contre les UV, de r\u00e9duire la sublimation lors de la mise \u00e0 l'air libre et d'\u00e9viter en m\u00eame temps les d\u00e9p\u00f4ts sur les moules, les rouleaux de refroidissement et les calibrateurs. Il est capable d'\u00e9viter le saignement ou la cristallisation sur l'ext\u00e9rieur de la pi\u00e8ce pendant le traitement ou les temp\u00e9ratures de service \u00e9lev\u00e9es. Ces caract\u00e9ristiques conviennent particuli\u00e8rement aux pi\u00e8ces en film lamin\u00e9, aux fibres, aux flocons, aux doubles flocons, aux couches adh\u00e9sives et aux pi\u00e8ces semi-finies lamin\u00e9es ou co-extrud\u00e9es.<\/p>\n<h2><strong>Contactez-nous d\u00e8s maintenant !<\/strong><\/h2>\n<p><strong>Si vous avez besoin de COA, MSDS ou TDS de <span style=\"color: #00ccff;\"><a style=\"color: #00ccff;\" href=\"https:\/\/longchangchemical.com\/fr\/product-category\/lcsorb-uv-absorber\/\">Absorbeur d'UV lcsorb<\/a><\/span>Si vous avez besoin d'aide, veuillez indiquer vos coordonn\u00e9es dans le formulaire ci-dessous. Nous vous contacterons g\u00e9n\u00e9ralement dans les 24 heures. Vous pouvez \u00e9galement m'envoyer un courriel <span style=\"color: #00ccff;\"><a style=\"color: #00ccff;\" href=\"mailto:info@longchangchemical.com\">info@longchangchemical.com<\/a> <\/span>pendant les heures de travail ( 8:30 am to 6:00 pm UTC+8 Mon.~Sat. ) ou utilisez le chat en direct du site web pour obtenir une r\u00e9ponse rapide.<\/strong><\/p>","protected":false},"excerpt":{"rendered":"<p>360 CAS 103597-45-1 Apparence Poudre jaune clair Poids mol\u00e9culaire 658,9 Contenu \u226599,0% Point de fusion 195-198\u00b0C Point d'\u00e9clair 420,5\u00b0C Densit\u00e9@20\u00b0C 1,16g\/cm3 Cendres \u22640,1% Volatiles \u22640,3% Transmission de la lumi\u00e8re 460nm\u226597% 500nm\u226598% 360 Utilisation 1. Ce produit a \u00e9galement une tr\u00e8s faible volatilit\u00e9, peut \u00eatre utilis\u00e9 avec d'autres stabilisateurs de lumi\u00e8re ou antioxydants, particuli\u00e8rement adapt\u00e9 pour le traitement, le vieillissement au sein de la [...]<\/p>","protected":false},"featured_media":7952,"comment_status":"closed","ping_status":"closed","template":"","meta":[],"product_brand":[],"product_cat":[139],"product_tag":[],"class_list":{"0":"post-6056","1":"product","2":"type-product","3":"status-publish","4":"has-post-thumbnail","6":"product_cat-lcsorb-uv-absorber","8":"first","9":"instock","10":"shipping-taxable","11":"product-type-simple"},"yoast_head":"<!-- This site is optimized with the Yoast SEO plugin v25.3.1 - https:\/\/yoast.com\/wordpress\/plugins\/seo\/ -->\n<title>China CHLUMIUV\u00ae 360 CAS 103597-45-1 Manufacturer - Longchang Chemical<\/title>\n<meta name=\"description\" content=\"CHLUMIUV\u00ae 360 CAS 103597-45-1 is a key product of Longchang Chemical. We provide the best price. We are the leading manufacturer in China with the best quality and competitive price.\" \/>\n<meta name=\"robots\" content=\"index, follow, max-snippet:-1, max-image-preview:large, max-video-preview:-1\" \/>\n<link rel=\"canonical\" href=\"https:\/\/longchangchemical.com\/fr\/product\/lcsorb-360-cas-103597-45-1\/\" \/>\n<meta property=\"og:locale\" content=\"fr_FR\" \/>\n<meta property=\"og:type\" content=\"article\" \/>\n<meta property=\"og:title\" content=\"China CHLUMIUV\u00ae 360 CAS 103597-45-1 Manufacturer - Longchang Chemical\" \/>\n<meta property=\"og:description\" content=\"CHLUMIUV\u00ae 360 CAS 103597-45-1 is a key product of Longchang Chemical. We provide the best price. We are the leading manufacturer in China with the best quality and competitive price.\" \/>\n<meta property=\"og:url\" content=\"https:\/\/longchangchemical.com\/fr\/product\/lcsorb-360-cas-103597-45-1\/\" \/>\n<meta property=\"og:site_name\" content=\"Longchang Chemical\" \/>\n<meta property=\"article:modified_time\" content=\"2026-01-09T08:56:01+00:00\" \/>\n<meta property=\"og:image\" content=\"https:\/\/longchangchemical.com\/wp-content\/uploads\/2023\/04\/103597-45-1.jpg\" \/>\n\t<meta property=\"og:image:width\" content=\"600\" \/>\n\t<meta property=\"og:image:height\" content=\"600\" \/>\n\t<meta property=\"og:image:type\" content=\"image\/jpeg\" \/>\n<meta name=\"twitter:card\" content=\"summary_large_image\" \/>\n<script type=\"application\/ld+json\" class=\"yoast-schema-graph\">{\"@context\":\"https:\/\/schema.org\",\"@graph\":[{\"@type\":\"WebPage\",\"@id\":\"https:\/\/longchangchemical.com\/product\/lcsorb-360-cas-103597-45-1\/\",\"url\":\"https:\/\/longchangchemical.com\/product\/lcsorb-360-cas-103597-45-1\/\",\"name\":\"China CHLUMIUV\u00ae 360 CAS 103597-45-1 Manufacturer - Longchang Chemical\",\"isPartOf\":{\"@id\":\"https:\/\/longchangchemical.com\/#website\"},\"primaryImageOfPage\":{\"@id\":\"https:\/\/longchangchemical.com\/product\/lcsorb-360-cas-103597-45-1\/#primaryimage\"},\"image\":{\"@id\":\"https:\/\/longchangchemical.com\/product\/lcsorb-360-cas-103597-45-1\/#primaryimage\"},\"thumbnailUrl\":\"https:\/\/longchangchemical.com\/wp-content\/uploads\/2023\/04\/103597-45-1.jpg\",\"datePublished\":\"2023-04-29T14:03:39+00:00\",\"dateModified\":\"2026-01-09T08:56:01+00:00\",\"description\":\"CHLUMIUV\u00ae 360 CAS 103597-45-1 is a key product of Longchang Chemical. We provide the best price. We are the leading manufacturer in China with the best quality and competitive price.\",\"breadcrumb\":{\"@id\":\"https:\/\/longchangchemical.com\/product\/lcsorb-360-cas-103597-45-1\/#breadcrumb\"},\"inLanguage\":\"fr-FR\",\"potentialAction\":[{\"@type\":\"ReadAction\",\"target\":[\"https:\/\/longchangchemical.com\/product\/lcsorb-360-cas-103597-45-1\/\"]}]},{\"@type\":\"ImageObject\",\"inLanguage\":\"fr-FR\",\"@id\":\"https:\/\/longchangchemical.com\/product\/lcsorb-360-cas-103597-45-1\/#primaryimage\",\"url\":\"https:\/\/longchangchemical.com\/wp-content\/uploads\/2023\/04\/103597-45-1.jpg\",\"contentUrl\":\"https:\/\/longchangchemical.com\/wp-content\/uploads\/2023\/04\/103597-45-1.jpg\",\"width\":600,\"height\":600},{\"@type\":\"BreadcrumbList\",\"@id\":\"https:\/\/longchangchemical.com\/product\/lcsorb-360-cas-103597-45-1\/#breadcrumb\",\"itemListElement\":[{\"@type\":\"ListItem\",\"position\":1,\"name\":\"Home\",\"item\":\"https:\/\/longchangchemical.com\/\"},{\"@type\":\"ListItem\",\"position\":2,\"name\":\"Products Longchang\",\"item\":\"https:\/\/longchangchemical.com\/product\/\"},{\"@type\":\"ListItem\",\"position\":3,\"name\":\"CHLUMIUV\u00ae 360 CAS 103597-45-1\"}]},{\"@type\":\"WebSite\",\"@id\":\"https:\/\/longchangchemical.com\/#website\",\"url\":\"https:\/\/longchangchemical.com\/\",\"name\":\"Longchang Chemical\",\"description\":\"China chemical manufacturer \uff06 supplier\",\"publisher\":{\"@id\":\"https:\/\/longchangchemical.com\/#organization\"},\"potentialAction\":[{\"@type\":\"SearchAction\",\"target\":{\"@type\":\"EntryPoint\",\"urlTemplate\":\"https:\/\/longchangchemical.com\/?s={search_term_string}\"},\"query-input\":{\"@type\":\"PropertyValueSpecification\",\"valueRequired\":true,\"valueName\":\"search_term_string\"}}],\"inLanguage\":\"fr-FR\"},{\"@type\":\"Organization\",\"@id\":\"https:\/\/longchangchemical.com\/#organization\",\"name\":\"Longchang Chemical\",\"url\":\"https:\/\/longchangchemical.com\/\",\"logo\":{\"@type\":\"ImageObject\",\"inLanguage\":\"fr-FR\",\"@id\":\"https:\/\/longchangchemical.com\/#\/schema\/logo\/image\/\",\"url\":\"https:\/\/longchangchemical.com\/wp-content\/uploads\/2020\/08\/cropped-longchang-logo.png\",\"contentUrl\":\"https:\/\/longchangchemical.com\/wp-content\/uploads\/2020\/08\/cropped-longchang-logo.png\",\"width\":512,\"height\":512,\"caption\":\"Longchang Chemical\"},\"image\":{\"@id\":\"https:\/\/longchangchemical.com\/#\/schema\/logo\/image\/\"}}]}<\/script>\n<!-- \/ Yoast SEO plugin. -->","yoast_head_json":{"title":"CHLUMIUV\u00ae 360 CAS 103597-45-1 fabricant chinois - Longchang Chemical","description":"CHLUMIUV\u00ae 360 CAS 103597-45-1 est un produit cl\u00e9 de Longchang Chemical. Nous fournissons le meilleur prix. Nous sommes le principal fabricant en Chine avec la meilleure qualit\u00e9 et un prix comp\u00e9titif.","robots":{"index":"index","follow":"follow","max-snippet":"max-snippet:-1","max-image-preview":"max-image-preview:large","max-video-preview":"max-video-preview:-1"},"canonical":"https:\/\/longchangchemical.com\/fr\/product\/lcsorb-360-cas-103597-45-1\/","og_locale":"fr_FR","og_type":"article","og_title":"China CHLUMIUV\u00ae 360 CAS 103597-45-1 Manufacturer - Longchang Chemical","og_description":"CHLUMIUV\u00ae 360 CAS 103597-45-1 is a key product of Longchang Chemical. We provide the best price. We are the leading manufacturer in China with the best quality and competitive price.","og_url":"https:\/\/longchangchemical.com\/fr\/product\/lcsorb-360-cas-103597-45-1\/","og_site_name":"Longchang Chemical","article_modified_time":"2026-01-09T08:56:01+00:00","og_image":[{"width":600,"height":600,"url":"https:\/\/longchangchemical.com\/wp-content\/uploads\/2023\/04\/103597-45-1.jpg","type":"image\/jpeg"}],"twitter_card":"summary_large_image","schema":{"@context":"https:\/\/schema.org","@graph":[{"@type":"WebPage","@id":"https:\/\/longchangchemical.com\/product\/lcsorb-360-cas-103597-45-1\/","url":"https:\/\/longchangchemical.com\/product\/lcsorb-360-cas-103597-45-1\/","name":"CHLUMIUV\u00ae 360 CAS 103597-45-1 fabricant chinois - Longchang Chemical","isPartOf":{"@id":"https:\/\/longchangchemical.com\/#website"},"primaryImageOfPage":{"@id":"https:\/\/longchangchemical.com\/product\/lcsorb-360-cas-103597-45-1\/#primaryimage"},"image":{"@id":"https:\/\/longchangchemical.com\/product\/lcsorb-360-cas-103597-45-1\/#primaryimage"},"thumbnailUrl":"https:\/\/longchangchemical.com\/wp-content\/uploads\/2023\/04\/103597-45-1.jpg","datePublished":"2023-04-29T14:03:39+00:00","dateModified":"2026-01-09T08:56:01+00:00","description":"CHLUMIUV\u00ae 360 CAS 103597-45-1 est un produit cl\u00e9 de Longchang Chemical. Nous fournissons le meilleur prix. Nous sommes le principal fabricant en Chine avec la meilleure qualit\u00e9 et un prix comp\u00e9titif.","breadcrumb":{"@id":"https:\/\/longchangchemical.com\/product\/lcsorb-360-cas-103597-45-1\/#breadcrumb"},"inLanguage":"fr-FR","potentialAction":[{"@type":"ReadAction","target":["https:\/\/longchangchemical.com\/product\/lcsorb-360-cas-103597-45-1\/"]}]},{"@type":"ImageObject","inLanguage":"fr-FR","@id":"https:\/\/longchangchemical.com\/product\/lcsorb-360-cas-103597-45-1\/#primaryimage","url":"https:\/\/longchangchemical.com\/wp-content\/uploads\/2023\/04\/103597-45-1.jpg","contentUrl":"https:\/\/longchangchemical.com\/wp-content\/uploads\/2023\/04\/103597-45-1.jpg","width":600,"height":600},{"@type":"BreadcrumbList","@id":"https:\/\/longchangchemical.com\/product\/lcsorb-360-cas-103597-45-1\/#breadcrumb","itemListElement":[{"@type":"ListItem","position":1,"name":"Home","item":"https:\/\/longchangchemical.com\/"},{"@type":"ListItem","position":2,"name":"Products Longchang","item":"https:\/\/longchangchemical.com\/product\/"},{"@type":"ListItem","position":3,"name":"CHLUMIUV\u00ae 360 CAS 103597-45-1"}]},{"@type":"WebSite","@id":"https:\/\/longchangchemical.com\/#website","url":"https:\/\/longchangchemical.com\/","name":"Longchang Chemical","description":"Fabricant chinois de produits chimiques \uff06 fournisseur","publisher":{"@id":"https:\/\/longchangchemical.com\/#organization"},"potentialAction":[{"@type":"SearchAction","target":{"@type":"EntryPoint","urlTemplate":"https:\/\/longchangchemical.com\/?s={search_term_string}"},"query-input":{"@type":"PropertyValueSpecification","valueRequired":true,"valueName":"search_term_string"}}],"inLanguage":"fr-FR"},{"@type":"Organization","@id":"https:\/\/longchangchemical.com\/#organization","name":"Longchang Chemical","url":"https:\/\/longchangchemical.com\/","logo":{"@type":"ImageObject","inLanguage":"fr-FR","@id":"https:\/\/longchangchemical.com\/#\/schema\/logo\/image\/","url":"https:\/\/longchangchemical.com\/wp-content\/uploads\/2020\/08\/cropped-longchang-logo.png","contentUrl":"https:\/\/longchangchemical.com\/wp-content\/uploads\/2020\/08\/cropped-longchang-logo.png","width":512,"height":512,"caption":"Longchang Chemical"},"image":{"@id":"https:\/\/longchangchemical.com\/#\/schema\/logo\/image\/"}}]}},"_links":{"self":[{"href":"https:\/\/longchangchemical.com\/fr\/wp-json\/wp\/v2\/product\/6056","targetHints":{"allow":["GET"]}}],"collection":[{"href":"https:\/\/longchangchemical.com\/fr\/wp-json\/wp\/v2\/product"}],"about":[{"href":"https:\/\/longchangchemical.com\/fr\/wp-json\/wp\/v2\/types\/product"}],"replies":[{"embeddable":true,"href":"https:\/\/longchangchemical.com\/fr\/wp-json\/wp\/v2\/comments?post=6056"}],"wp:featuredmedia":[{"embeddable":true,"href":"https:\/\/longchangchemical.com\/fr\/wp-json\/wp\/v2\/media\/7952"}],"wp:attachment":[{"href":"https:\/\/longchangchemical.com\/fr\/wp-json\/wp\/v2\/media?parent=6056"}],"wp:term":[{"taxonomy":"product_brand","embeddable":true,"href":"https:\/\/longchangchemical.com\/fr\/wp-json\/wp\/v2\/product_brand?post=6056"},{"taxonomy":"product_cat","embeddable":true,"href":"https:\/\/longchangchemical.com\/fr\/wp-json\/wp\/v2\/product_cat?post=6056"},{"taxonomy":"product_tag","embeddable":true,"href":"https:\/\/longchangchemical.com\/fr\/wp-json\/wp\/v2\/product_tag?post=6056"}],"curies":[{"name":"wp","href":"https:\/\/api.w.org\/{rel}","templated":true}]}}