{"id":6038,"date":"2023-04-18T13:05:55","date_gmt":"2023-04-18T13:05:55","guid":{"rendered":"https:\/\/longchangchemical.com\/?post_type=product&#038;p=6038"},"modified":"2026-01-09T09:19:45","modified_gmt":"2026-01-09T09:19:45","slug":"lcsorb-uv-p-cas-2440-22-4","status":"publish","type":"product","link":"https:\/\/longchangchemical.com\/fr\/product\/lcsorb-uv-p-cas-2440-22-4\/","title":{"rendered":"CHLUMIUV\u00ae UV-P \/ Tinuvin P CAS 2440-22-4"},"content":{"rendered":"<h1><strong>UV-P \/ Tinuvin P CAS 2440-22-4<\/strong><\/h1>\n<table style=\"border-collapse: collapse; width: 282.77pt;\" border=\"0\" width=\"377\" cellspacing=\"0\" cellpadding=\"0\">\n<tbody>\n<tr style=\"height: 15.00pt;\">\n<td class=\"et2\" style=\"height: 15.00pt; width: 135.00pt;\" width=\"180\" height=\"20\">Apparence<span class=\"font2\">\uff1a<\/span><\/td>\n<td class=\"et3\" style=\"width: 147.75pt;\" width=\"197\">Cristaux jaune clair<\/td>\n<\/tr>\n<tr style=\"height: 15.00pt;\">\n<td class=\"et2\" style=\"height: 15.00pt; width: 135.00pt;\" width=\"180\" height=\"20\">Puret\u00e9 (HPLC)<span class=\"font2\">\uff1a<\/span><\/td>\n<td class=\"et3\">99,0% min<\/td>\n<\/tr>\n<tr style=\"height: 30.00pt;\">\n<td class=\"et2\" style=\"height: 30.00pt; width: 135.00pt;\" width=\"180\" height=\"40\">Transmittance<span class=\"font2\">\uff1a<\/span><\/td>\n<td class=\"et2\" style=\"width: 147.75pt;\" width=\"197\">440nm : 97,0% min<br \/>\n500nm : 98,0% min<\/td>\n<\/tr>\n<tr style=\"height: 15.00pt;\">\n<td class=\"et2\" style=\"height: 15.00pt; width: 135.00pt;\" width=\"180\" height=\"20\">Point de fusion<span class=\"font2\">\uff1a<\/span><\/td>\n<td class=\"et3\">128.0<span class=\"font2\">\u2103<\/span><span class=\"font1\">~132.0<\/span><span class=\"font2\">\u2103<\/span><\/td>\n<\/tr>\n<tr style=\"height: 15.00pt;\">\n<td class=\"et2\" style=\"height: 15.00pt; width: 135.00pt;\" width=\"180\" height=\"20\">Volatiles<span class=\"font2\">\uff1a<\/span><\/td>\n<td class=\"et3\">0,50% max<\/td>\n<\/tr>\n<tr style=\"height: 15.00pt;\">\n<td class=\"et2\" style=\"height: 15.00pt; width: 135.00pt;\" width=\"180\" height=\"20\">Teneur en cendres<span class=\"font2\">\uff1a<\/span><\/td>\n<td class=\"et3\">0,10% max<\/td>\n<\/tr>\n<tr style=\"height: 15.00pt;\">\n<td class=\"et2\" style=\"height: 15.00pt; width: 135.00pt;\" width=\"180\" height=\"20\">Clart\u00e9 de la solution<span class=\"font2\">\uff1a<\/span><\/td>\n<td class=\"et3\">Clair<\/td>\n<\/tr>\n<\/tbody>\n<\/table>\n<h2><strong>UV-P Application\uff1a<\/strong><\/h2>\n<p>Ce produit est un absorbeur UV \u00e0 haute efficacit\u00e9, capable d'absorber efficacement la lumi\u00e8re UV de 270 \u00e0 380 nm ; inodore, r\u00e9sistant aux temp\u00e9ratures \u00e9lev\u00e9es, bon stabilisateur thermique ; ininflammable, non explosif, non toxique, s\u00fbr et inoffensif ; ce produit n'absorbe pratiquement pas la lumi\u00e8re visible, en particulier pour les produits transparents incolores et de couleur claire ; il est principalement utilis\u00e9 dans le PVC, le polystyr\u00e8ne, le polycarbonate, le polym\u00e9thacrylate de m\u00e9thyle, la r\u00e9sine AS, la r\u00e9sine ABS, le polypropyl\u00e8ne et le poly\u00e9thyl\u00e8ne.<\/p>\n<p>&nbsp;<\/p>\n<p>- Concentration\uff1a0.2-2.0%<\/p>\n<p>&nbsp;<\/p>\n<h2><strong>UV-P Stockage :<\/strong><\/h2>\n<p>Les produits sont conserv\u00e9s dans un entrep\u00f4t sec, propre et bien ventil\u00e9.<br \/>\n\u00c9viter l'exposition \u00e0 la lumi\u00e8re et \u00e0 la chaleur pour pr\u00e9venir l'oxydation.<br \/>\nProt\u00e9ger le produit des fuites, de la pluie et de l'insolation pendant le transport.<\/p>\n<p>&nbsp;<\/p>\n<h2><strong>Contactez-nous d\u00e8s maintenant !<\/strong><\/h2>\n<p><strong>Si vous avez besoin de COA, MSDS ou TDS de <span style=\"color: #00ccff;\"><a style=\"color: #00ccff;\" href=\"https:\/\/longchangchemical.com\/fr\/product-category\/lcsorb-uv-absorber\/\">Absorbeur d'UV lcsorb<\/a><\/span>Si vous avez besoin d'aide, veuillez indiquer vos coordonn\u00e9es dans le formulaire ci-dessous. Nous vous contacterons g\u00e9n\u00e9ralement dans les 24 heures. Vous pouvez \u00e9galement m'envoyer un courriel <span style=\"color: #00ccff;\"><a style=\"color: #00ccff;\" href=\"mailto:info@longchangchemical.com\">info@longchangchemical.com<\/a> <\/span>pendant les heures de travail ( 8:30 am to 6:00 pm UTC+8 Mon.~Sat. ) ou utilisez le chat en direct du site web pour obtenir une r\u00e9ponse rapide.<\/strong><\/p>","protected":false},"excerpt":{"rendered":"<p>Nom chimique : 2-(2\u2032-Hydroxy-5\u2032-m\u00e9thylph\u00e9nyl)benzotriazole<\/p>\n<p>Cas No. : 2440-22-4<\/p>\n<p>Synonyme :Drometrizole;Drometrizolum;LOTSORB UV P;Tinuvin P ; 2-(2\u2032-Hydroxy-5\u2032-m\u00e9thylph\u00e9nyl)benzotriazole ; 2-Benzotriazolyl-4-m\u00e9thylph\u00e9nol ; absorbeur UV-1 ; Porex P ; Benazol P ; Sumisorb 200 ; ADK Stab LA 32 ; Arelite BT10 ; Cyasorb UV5365 ; Eversorb 71 ; Lowilite 55 ; Seikalizer AZ ; Uvasorb SV ; Uvinul 3033P ; Viosorb 520<\/p>\n<p>MF : C13H11N3O<\/p>\n<p>Puret\u00e9 : 99,0% min<\/p>","protected":false},"featured_media":7957,"comment_status":"closed","ping_status":"closed","template":"","meta":[],"product_brand":[],"product_cat":[139],"product_tag":[],"class_list":{"0":"post-6038","1":"product","2":"type-product","3":"status-publish","4":"has-post-thumbnail","6":"product_cat-lcsorb-uv-absorber","8":"first","9":"instock","10":"shipping-taxable","11":"product-type-simple"},"yoast_head":"<!-- This site is optimized with the Yoast SEO plugin v25.3.1 - https:\/\/yoast.com\/wordpress\/plugins\/seo\/ -->\n<title>China CHLUMIUV\u00ae UV-P \/ Tinuvin P CAS 2440-22-4 Manufacturer - Longchang Chemical<\/title>\n<meta name=\"description\" content=\"CHLUMIUV\u00ae UV-P \/ Tinuvin P CAS 2440-22-4 is a key product of Longchang Chemical. We provide the best price. We are the leading manufacturer in China with the best quality and competitive price.\" \/>\n<meta name=\"robots\" content=\"index, follow, max-snippet:-1, max-image-preview:large, max-video-preview:-1\" \/>\n<link rel=\"canonical\" href=\"https:\/\/longchangchemical.com\/fr\/product\/lcsorb-uv-p-cas-2440-22-4\/\" \/>\n<meta property=\"og:locale\" content=\"fr_FR\" \/>\n<meta property=\"og:type\" content=\"article\" \/>\n<meta property=\"og:title\" content=\"China CHLUMIUV\u00ae UV-P \/ Tinuvin P CAS 2440-22-4 Manufacturer - Longchang Chemical\" \/>\n<meta property=\"og:description\" content=\"CHLUMIUV\u00ae UV-P \/ Tinuvin P CAS 2440-22-4 is a key product of Longchang Chemical. We provide the best price. We are the leading manufacturer in China with the best quality and competitive price.\" \/>\n<meta property=\"og:url\" content=\"https:\/\/longchangchemical.com\/fr\/product\/lcsorb-uv-p-cas-2440-22-4\/\" \/>\n<meta property=\"og:site_name\" content=\"Longchang Chemical\" \/>\n<meta property=\"article:modified_time\" content=\"2026-01-09T09:19:45+00:00\" \/>\n<meta property=\"og:image\" content=\"https:\/\/longchangchemical.com\/wp-content\/uploads\/2023\/04\/2440-22-4.jpg\" \/>\n\t<meta property=\"og:image:width\" content=\"600\" \/>\n\t<meta property=\"og:image:height\" content=\"600\" \/>\n\t<meta property=\"og:image:type\" content=\"image\/jpeg\" \/>\n<meta name=\"twitter:card\" content=\"summary_large_image\" \/>\n<script type=\"application\/ld+json\" class=\"yoast-schema-graph\">{\"@context\":\"https:\/\/schema.org\",\"@graph\":[{\"@type\":\"WebPage\",\"@id\":\"https:\/\/longchangchemical.com\/product\/lcsorb-uv-p-cas-2440-22-4\/\",\"url\":\"https:\/\/longchangchemical.com\/product\/lcsorb-uv-p-cas-2440-22-4\/\",\"name\":\"China CHLUMIUV\u00ae UV-P \/ Tinuvin P CAS 2440-22-4 Manufacturer - Longchang Chemical\",\"isPartOf\":{\"@id\":\"https:\/\/longchangchemical.com\/#website\"},\"primaryImageOfPage\":{\"@id\":\"https:\/\/longchangchemical.com\/product\/lcsorb-uv-p-cas-2440-22-4\/#primaryimage\"},\"image\":{\"@id\":\"https:\/\/longchangchemical.com\/product\/lcsorb-uv-p-cas-2440-22-4\/#primaryimage\"},\"thumbnailUrl\":\"https:\/\/longchangchemical.com\/wp-content\/uploads\/2023\/04\/2440-22-4.jpg\",\"datePublished\":\"2023-04-18T13:05:55+00:00\",\"dateModified\":\"2026-01-09T09:19:45+00:00\",\"description\":\"CHLUMIUV\u00ae UV-P \/ Tinuvin P CAS 2440-22-4 is a key product of Longchang Chemical. We provide the best price. We are the leading manufacturer in China with the best quality and competitive price.\",\"breadcrumb\":{\"@id\":\"https:\/\/longchangchemical.com\/product\/lcsorb-uv-p-cas-2440-22-4\/#breadcrumb\"},\"inLanguage\":\"fr-FR\",\"potentialAction\":[{\"@type\":\"ReadAction\",\"target\":[\"https:\/\/longchangchemical.com\/product\/lcsorb-uv-p-cas-2440-22-4\/\"]}]},{\"@type\":\"ImageObject\",\"inLanguage\":\"fr-FR\",\"@id\":\"https:\/\/longchangchemical.com\/product\/lcsorb-uv-p-cas-2440-22-4\/#primaryimage\",\"url\":\"https:\/\/longchangchemical.com\/wp-content\/uploads\/2023\/04\/2440-22-4.jpg\",\"contentUrl\":\"https:\/\/longchangchemical.com\/wp-content\/uploads\/2023\/04\/2440-22-4.jpg\",\"width\":600,\"height\":600},{\"@type\":\"BreadcrumbList\",\"@id\":\"https:\/\/longchangchemical.com\/product\/lcsorb-uv-p-cas-2440-22-4\/#breadcrumb\",\"itemListElement\":[{\"@type\":\"ListItem\",\"position\":1,\"name\":\"Home\",\"item\":\"https:\/\/longchangchemical.com\/\"},{\"@type\":\"ListItem\",\"position\":2,\"name\":\"Products Longchang\",\"item\":\"https:\/\/longchangchemical.com\/product\/\"},{\"@type\":\"ListItem\",\"position\":3,\"name\":\"CHLUMIUV\u00ae UV-P \/ Tinuvin P CAS 2440-22-4\"}]},{\"@type\":\"WebSite\",\"@id\":\"https:\/\/longchangchemical.com\/#website\",\"url\":\"https:\/\/longchangchemical.com\/\",\"name\":\"Longchang Chemical\",\"description\":\"China chemical manufacturer \uff06 supplier\",\"publisher\":{\"@id\":\"https:\/\/longchangchemical.com\/#organization\"},\"potentialAction\":[{\"@type\":\"SearchAction\",\"target\":{\"@type\":\"EntryPoint\",\"urlTemplate\":\"https:\/\/longchangchemical.com\/?s={search_term_string}\"},\"query-input\":{\"@type\":\"PropertyValueSpecification\",\"valueRequired\":true,\"valueName\":\"search_term_string\"}}],\"inLanguage\":\"fr-FR\"},{\"@type\":\"Organization\",\"@id\":\"https:\/\/longchangchemical.com\/#organization\",\"name\":\"Longchang Chemical\",\"url\":\"https:\/\/longchangchemical.com\/\",\"logo\":{\"@type\":\"ImageObject\",\"inLanguage\":\"fr-FR\",\"@id\":\"https:\/\/longchangchemical.com\/#\/schema\/logo\/image\/\",\"url\":\"https:\/\/longchangchemical.com\/wp-content\/uploads\/2020\/08\/cropped-longchang-logo.png\",\"contentUrl\":\"https:\/\/longchangchemical.com\/wp-content\/uploads\/2020\/08\/cropped-longchang-logo.png\",\"width\":512,\"height\":512,\"caption\":\"Longchang Chemical\"},\"image\":{\"@id\":\"https:\/\/longchangchemical.com\/#\/schema\/logo\/image\/\"}}]}<\/script>\n<!-- \/ Yoast SEO plugin. -->","yoast_head_json":{"title":"CHLUMIUV\u00ae UV-P \/ Tinuvin P CAS 2440-22-4 fabricant chinois - Longchang Chemical","description":"CHLUMIUV\u00ae UV-P \/ Tinuvin P CAS 2440-22-4 est un produit cl\u00e9 de Longchang Chemical. Nous fournissons le meilleur prix. Nous sommes le principal fabricant en Chine avec la meilleure qualit\u00e9 et un prix comp\u00e9titif.","robots":{"index":"index","follow":"follow","max-snippet":"max-snippet:-1","max-image-preview":"max-image-preview:large","max-video-preview":"max-video-preview:-1"},"canonical":"https:\/\/longchangchemical.com\/fr\/product\/lcsorb-uv-p-cas-2440-22-4\/","og_locale":"fr_FR","og_type":"article","og_title":"China CHLUMIUV\u00ae UV-P \/ Tinuvin P CAS 2440-22-4 Manufacturer - Longchang Chemical","og_description":"CHLUMIUV\u00ae UV-P \/ Tinuvin P CAS 2440-22-4 is a key product of Longchang Chemical. We provide the best price. We are the leading manufacturer in China with the best quality and competitive price.","og_url":"https:\/\/longchangchemical.com\/fr\/product\/lcsorb-uv-p-cas-2440-22-4\/","og_site_name":"Longchang Chemical","article_modified_time":"2026-01-09T09:19:45+00:00","og_image":[{"width":600,"height":600,"url":"https:\/\/longchangchemical.com\/wp-content\/uploads\/2023\/04\/2440-22-4.jpg","type":"image\/jpeg"}],"twitter_card":"summary_large_image","schema":{"@context":"https:\/\/schema.org","@graph":[{"@type":"WebPage","@id":"https:\/\/longchangchemical.com\/product\/lcsorb-uv-p-cas-2440-22-4\/","url":"https:\/\/longchangchemical.com\/product\/lcsorb-uv-p-cas-2440-22-4\/","name":"CHLUMIUV\u00ae UV-P \/ Tinuvin P CAS 2440-22-4 fabricant chinois - Longchang Chemical","isPartOf":{"@id":"https:\/\/longchangchemical.com\/#website"},"primaryImageOfPage":{"@id":"https:\/\/longchangchemical.com\/product\/lcsorb-uv-p-cas-2440-22-4\/#primaryimage"},"image":{"@id":"https:\/\/longchangchemical.com\/product\/lcsorb-uv-p-cas-2440-22-4\/#primaryimage"},"thumbnailUrl":"https:\/\/longchangchemical.com\/wp-content\/uploads\/2023\/04\/2440-22-4.jpg","datePublished":"2023-04-18T13:05:55+00:00","dateModified":"2026-01-09T09:19:45+00:00","description":"CHLUMIUV\u00ae UV-P \/ Tinuvin P CAS 2440-22-4 est un produit cl\u00e9 de Longchang Chemical. Nous fournissons le meilleur prix. Nous sommes le principal fabricant en Chine avec la meilleure qualit\u00e9 et un prix comp\u00e9titif.","breadcrumb":{"@id":"https:\/\/longchangchemical.com\/product\/lcsorb-uv-p-cas-2440-22-4\/#breadcrumb"},"inLanguage":"fr-FR","potentialAction":[{"@type":"ReadAction","target":["https:\/\/longchangchemical.com\/product\/lcsorb-uv-p-cas-2440-22-4\/"]}]},{"@type":"ImageObject","inLanguage":"fr-FR","@id":"https:\/\/longchangchemical.com\/product\/lcsorb-uv-p-cas-2440-22-4\/#primaryimage","url":"https:\/\/longchangchemical.com\/wp-content\/uploads\/2023\/04\/2440-22-4.jpg","contentUrl":"https:\/\/longchangchemical.com\/wp-content\/uploads\/2023\/04\/2440-22-4.jpg","width":600,"height":600},{"@type":"BreadcrumbList","@id":"https:\/\/longchangchemical.com\/product\/lcsorb-uv-p-cas-2440-22-4\/#breadcrumb","itemListElement":[{"@type":"ListItem","position":1,"name":"Home","item":"https:\/\/longchangchemical.com\/"},{"@type":"ListItem","position":2,"name":"Products Longchang","item":"https:\/\/longchangchemical.com\/product\/"},{"@type":"ListItem","position":3,"name":"CHLUMIUV\u00ae UV-P \/ Tinuvin P CAS 2440-22-4"}]},{"@type":"WebSite","@id":"https:\/\/longchangchemical.com\/#website","url":"https:\/\/longchangchemical.com\/","name":"Longchang Chemical","description":"Fabricant chinois de produits chimiques \uff06 fournisseur","publisher":{"@id":"https:\/\/longchangchemical.com\/#organization"},"potentialAction":[{"@type":"SearchAction","target":{"@type":"EntryPoint","urlTemplate":"https:\/\/longchangchemical.com\/?s={search_term_string}"},"query-input":{"@type":"PropertyValueSpecification","valueRequired":true,"valueName":"search_term_string"}}],"inLanguage":"fr-FR"},{"@type":"Organization","@id":"https:\/\/longchangchemical.com\/#organization","name":"Longchang Chemical","url":"https:\/\/longchangchemical.com\/","logo":{"@type":"ImageObject","inLanguage":"fr-FR","@id":"https:\/\/longchangchemical.com\/#\/schema\/logo\/image\/","url":"https:\/\/longchangchemical.com\/wp-content\/uploads\/2020\/08\/cropped-longchang-logo.png","contentUrl":"https:\/\/longchangchemical.com\/wp-content\/uploads\/2020\/08\/cropped-longchang-logo.png","width":512,"height":512,"caption":"Longchang Chemical"},"image":{"@id":"https:\/\/longchangchemical.com\/#\/schema\/logo\/image\/"}}]}},"_links":{"self":[{"href":"https:\/\/longchangchemical.com\/fr\/wp-json\/wp\/v2\/product\/6038","targetHints":{"allow":["GET"]}}],"collection":[{"href":"https:\/\/longchangchemical.com\/fr\/wp-json\/wp\/v2\/product"}],"about":[{"href":"https:\/\/longchangchemical.com\/fr\/wp-json\/wp\/v2\/types\/product"}],"replies":[{"embeddable":true,"href":"https:\/\/longchangchemical.com\/fr\/wp-json\/wp\/v2\/comments?post=6038"}],"wp:featuredmedia":[{"embeddable":true,"href":"https:\/\/longchangchemical.com\/fr\/wp-json\/wp\/v2\/media\/7957"}],"wp:attachment":[{"href":"https:\/\/longchangchemical.com\/fr\/wp-json\/wp\/v2\/media?parent=6038"}],"wp:term":[{"taxonomy":"product_brand","embeddable":true,"href":"https:\/\/longchangchemical.com\/fr\/wp-json\/wp\/v2\/product_brand?post=6038"},{"taxonomy":"product_cat","embeddable":true,"href":"https:\/\/longchangchemical.com\/fr\/wp-json\/wp\/v2\/product_cat?post=6038"},{"taxonomy":"product_tag","embeddable":true,"href":"https:\/\/longchangchemical.com\/fr\/wp-json\/wp\/v2\/product_tag?post=6038"}],"curies":[{"name":"wp","href":"https:\/\/api.w.org\/{rel}","templated":true}]}}