{"id":6023,"date":"2023-04-06T13:57:46","date_gmt":"2023-04-06T13:57:46","guid":{"rendered":"https:\/\/longchangchemical.com\/?post_type=product&#038;p=6023"},"modified":"2026-05-08T08:26:18","modified_gmt":"2026-05-08T08:26:18","slug":"agesin-dp-d2609r","status":"publish","type":"product","link":"https:\/\/longchangchemical.com\/fr\/product\/agesin-dp-d2609r\/","title":{"rendered":"CHLUMICRYL\u00ae DP-D2609R \/ Dispersant"},"content":{"rendered":"<h2>DP-D2609R \/ Dispersant<\/h2>\n<table style=\"border-collapse: collapse; width: 191.28pt;\" border=\"0\" width=\"255\" cellspacing=\"0\" cellpadding=\"0\">\n<tbody>\n<tr style=\"height: 24.75pt;\">\n<td class=\"et2\" style=\"height: 24.75pt; width: 54.00pt;\" width=\"72\" height=\"33\">Composition<\/td>\n<td class=\"et2\" style=\"width: 137.25pt;\" width=\"183\">Solution de polym\u00e8re contenant des groupes d'ancrage de pigments<\/td>\n<\/tr>\n<tr style=\"height: 14.25pt;\">\n<td class=\"et2\" style=\"height: 14.25pt; width: 54.00pt;\" width=\"72\" height=\"19\">Apparence<\/td>\n<td class=\"et2\" style=\"width: 137.25pt;\" width=\"183\">Liquide transparent l\u00e9g\u00e8rement jaune<\/td>\n<\/tr>\n<tr style=\"height: 24.75pt;\">\n<td class=\"et2\" style=\"height: 24.75pt; width: 54.00pt;\" width=\"72\" height=\"33\">Solvant Sinosolv<\/td>\n<td class=\"et2\" style=\"width: 137.25pt;\" width=\"183\">Ac\u00e9tate d'\u00e9ther m\u00e9thylique de dipropyl\u00e8ne glycol<\/td>\n<\/tr>\n<tr style=\"height: 14.25pt;\">\n<td class=\"et2\" style=\"height: 14.25pt; width: 54.00pt;\" width=\"72\" height=\"19\">Densit\u00e9<\/td>\n<td class=\"et2\" style=\"width: 137.25pt;\" width=\"183\">0,99-1,03 g\/ml (25\u00b11)\u00b0C<\/td>\n<\/tr>\n<tr style=\"height: 24.75pt;\">\n<td class=\"et2\" style=\"height: 24.75pt; width: 54.00pt;\" width=\"72\" height=\"33\">Viscosit\u00e9<\/td>\n<td class=\"et2\" style=\"width: 137.25pt;\" width=\"183\">100-1000 mPa-s (m\u00e9thode du viscosim\u00e8tre rotatif) (25\u00b10,2)\u00b0C<\/td>\n<\/tr>\n<tr style=\"height: 36.75pt;\">\n<td class=\"et2\" style=\"height: 36.75pt; width: 54.00pt;\" width=\"72\" height=\"49\">Teneur en substances actives<\/td>\n<td class=\"et3\" style=\"width: 137.25pt;\" width=\"183\">50%<\/td>\n<\/tr>\n<tr style=\"height: 14.25pt;\">\n<td class=\"et2\" style=\"height: 14.25pt; width: 54.00pt;\" width=\"72\" height=\"19\">Point d'\u00e9clair<\/td>\n<td class=\"et2\" style=\"width: 137.25pt;\" width=\"183\">&gt;70\u00b0C<\/td>\n<\/tr>\n<\/tbody>\n<\/table>\n<h2><strong>Domaines d'application<\/strong><\/h2>\n<p>Syst\u00e8mes de polym\u00e9risation \u00e0 base de solvants et UV<\/p>\n<h2><strong>Principales caract\u00e9ristiques<\/strong><\/h2>\n<p>1\u3001Disperse la poudre de matte, la poudre de verre, le talc ultrafin avec un excellent effet de r\u00e9duction de la viscosit\u00e9, peut \u00eatre utilis\u00e9 dans la production de p\u00e2te de matte \u00e0 haute concentration ;<br \/>\n2\u3001Il a un bon effet d'alignement directionnel sur la poudre mate et r\u00e9duit efficacement la brillance ;<br \/>\n3\u3001En cas d'utilisation dans un syst\u00e8me 2KPU, l'effet sur la dur\u00e9e de vie et la vitesse de s\u00e9chage doit \u00eatre \u00e9valu\u00e9.<\/p>\n<h2><strong>Utiliser la m\u00e9thode<\/strong><\/h2>\n<p>M\u00e9langer la r\u00e9sine, le solvant et le dispersant, puis ajouter la charge ou la poudre mate et disperser \u00e0 grande vitesse.<\/p>\n<h2><strong>Dosage recommand\u00e9<\/strong><\/h2>\n<p>2-20% pour la poudre de matage sous forme d'additifs fournis<\/p>\n<h2><strong>Stabilit\u00e9 du stockage<\/strong><\/h2>\n<p>Ce produit peut produire une l\u00e9g\u00e8re turbidit\u00e9 ou des traces de cristallisation lors d'un stockage prolong\u00e9 \u00e0 des temp\u00e9ratures inf\u00e9rieures ou \u00e9gales \u00e0 2\u00b0C. Cette turbidit\u00e9 ou cristallisation dispara\u00eet lors du r\u00e9chauffement et n'affecte pas la qualit\u00e9 ou l'utilisation du produit. Le produit est conserv\u00e9 dans son emballage d'origine non ouvert pendant 24 mois. Les produits qui ont d\u00e9pass\u00e9 leur p\u00e9riode de stockage peuvent continuer \u00e0 \u00eatre utilis\u00e9s apr\u00e8s avoir \u00e9t\u00e9 contr\u00f4l\u00e9s. Avant que le r\u00e9cipient ne soit compl\u00e8tement vide, il doit \u00eatre ferm\u00e9 herm\u00e9tiquement imm\u00e9diatement apr\u00e8s utilisation.<\/p>\n<h2><strong>Emballage<\/strong><\/h2>\n<p>25KG \/ 180KG<\/p>","protected":false},"excerpt":{"rendered":"<p>DP-D2609R Dispersant Coating Additive is a coating additive for characteristics 1\u3001Disperse matte powder, glass powder, ultra-fine talc with excellent viscosity reduction. Key benefits include 1\u3001Disperse matte powder, glass powder, and ultra-fine talc with excellent viscosity reduction effect.<\/p>","protected":false},"featured_media":0,"comment_status":"closed","ping_status":"closed","template":"","meta":[],"product_brand":[],"product_cat":[138],"product_tag":[],"class_list":{"0":"post-6023","1":"product","2":"type-product","3":"status-publish","5":"product_cat-coating-and-ink-additives","7":"first","8":"instock","9":"shipping-taxable","10":"product-type-simple"},"yoast_head":"<!-- This site is optimized with the Yoast SEO plugin v25.3.1 - https:\/\/yoast.com\/wordpress\/plugins\/seo\/ -->\n<title>DP-D2609R Dispersant Coating Additive | Longchang Chemical<\/title>\n<meta name=\"description\" content=\"DP-D2609R Dispersant Coating Additive is a coating additive for characteristics 1\u3001Disperse matte powder, glass powder, ultra-fine talc with excellent\" \/>\n<meta name=\"robots\" content=\"index, follow, max-snippet:-1, max-image-preview:large, max-video-preview:-1\" \/>\n<link rel=\"canonical\" href=\"https:\/\/longchangchemical.com\/fr\/product\/agesin-dp-d2609r\/\" \/>\n<meta property=\"og:locale\" content=\"fr_FR\" \/>\n<meta property=\"og:type\" content=\"article\" \/>\n<meta property=\"og:title\" content=\"DP-D2609R Dispersant Coating Additive | Longchang Chemical\" \/>\n<meta property=\"og:description\" content=\"DP-D2609R Dispersant Coating Additive is a coating additive for characteristics 1\u3001Disperse matte powder, glass powder, ultra-fine talc with excellent\" \/>\n<meta property=\"og:url\" content=\"https:\/\/longchangchemical.com\/fr\/product\/agesin-dp-d2609r\/\" \/>\n<meta property=\"og:site_name\" content=\"Longchang Chemical\" \/>\n<meta property=\"article:modified_time\" content=\"2026-05-08T08:26:18+00:00\" \/>\n<meta property=\"og:image\" content=\"https:\/\/longchangchemical.com\/wp-content\/uploads\/2024\/02\/logo-jpeg.jpg\" \/>\n\t<meta property=\"og:image:width\" content=\"1000\" \/>\n\t<meta property=\"og:image:height\" content=\"1000\" \/>\n\t<meta property=\"og:image:type\" content=\"image\/jpeg\" \/>\n<meta name=\"twitter:card\" content=\"summary_large_image\" \/>\n<script type=\"application\/ld+json\" class=\"yoast-schema-graph\">{\"@context\":\"https:\/\/schema.org\",\"@graph\":[{\"@type\":\"WebPage\",\"@id\":\"https:\/\/longchangchemical.com\/product\/agesin-dp-d2609r\/\",\"url\":\"https:\/\/longchangchemical.com\/product\/agesin-dp-d2609r\/\",\"name\":\"DP-D2609R Dispersant Coating Additive | Longchang Chemical\",\"isPartOf\":{\"@id\":\"https:\/\/longchangchemical.com\/#website\"},\"datePublished\":\"2023-04-06T13:57:46+00:00\",\"dateModified\":\"2026-05-08T08:26:18+00:00\",\"description\":\"DP-D2609R Dispersant Coating Additive is a coating additive for characteristics 1\u3001Disperse matte powder, glass powder, ultra-fine talc with excellent\",\"breadcrumb\":{\"@id\":\"https:\/\/longchangchemical.com\/product\/agesin-dp-d2609r\/#breadcrumb\"},\"inLanguage\":\"fr-FR\",\"potentialAction\":[{\"@type\":\"ReadAction\",\"target\":[\"https:\/\/longchangchemical.com\/product\/agesin-dp-d2609r\/\"]}]},{\"@type\":\"BreadcrumbList\",\"@id\":\"https:\/\/longchangchemical.com\/product\/agesin-dp-d2609r\/#breadcrumb\",\"itemListElement\":[{\"@type\":\"ListItem\",\"position\":1,\"name\":\"Home\",\"item\":\"https:\/\/longchangchemical.com\/\"},{\"@type\":\"ListItem\",\"position\":2,\"name\":\"Products Longchang\",\"item\":\"https:\/\/longchangchemical.com\/product\/\"},{\"@type\":\"ListItem\",\"position\":3,\"name\":\"CHLUMICRYL\u00ae DP-D2609R \/ Dispersant\"}]},{\"@type\":\"WebSite\",\"@id\":\"https:\/\/longchangchemical.com\/#website\",\"url\":\"https:\/\/longchangchemical.com\/\",\"name\":\"Longchang Chemical\",\"description\":\"China chemical manufacturer \uff06 supplier\",\"publisher\":{\"@id\":\"https:\/\/longchangchemical.com\/#organization\"},\"potentialAction\":[{\"@type\":\"SearchAction\",\"target\":{\"@type\":\"EntryPoint\",\"urlTemplate\":\"https:\/\/longchangchemical.com\/?s={search_term_string}\"},\"query-input\":{\"@type\":\"PropertyValueSpecification\",\"valueRequired\":true,\"valueName\":\"search_term_string\"}}],\"inLanguage\":\"fr-FR\"},{\"@type\":\"Organization\",\"@id\":\"https:\/\/longchangchemical.com\/#organization\",\"name\":\"Longchang Chemical\",\"url\":\"https:\/\/longchangchemical.com\/\",\"logo\":{\"@type\":\"ImageObject\",\"inLanguage\":\"fr-FR\",\"@id\":\"https:\/\/longchangchemical.com\/#\/schema\/logo\/image\/\",\"url\":\"https:\/\/longchangchemical.com\/wp-content\/uploads\/2020\/08\/cropped-longchang-logo.png\",\"contentUrl\":\"https:\/\/longchangchemical.com\/wp-content\/uploads\/2020\/08\/cropped-longchang-logo.png\",\"width\":512,\"height\":512,\"caption\":\"Longchang Chemical\"},\"image\":{\"@id\":\"https:\/\/longchangchemical.com\/#\/schema\/logo\/image\/\"}}]}<\/script>\n<!-- \/ Yoast SEO plugin. -->","yoast_head_json":{"title":"DP-D2609R Dispersant Coating Additive | Longchang Chemical","description":"DP-D2609R Dispersant Coating Additive is a coating additive for characteristics 1\u3001Disperse matte powder, glass powder, ultra-fine talc with excellent","robots":{"index":"index","follow":"follow","max-snippet":"max-snippet:-1","max-image-preview":"max-image-preview:large","max-video-preview":"max-video-preview:-1"},"canonical":"https:\/\/longchangchemical.com\/fr\/product\/agesin-dp-d2609r\/","og_locale":"fr_FR","og_type":"article","og_title":"DP-D2609R Dispersant Coating Additive | Longchang Chemical","og_description":"DP-D2609R Dispersant Coating Additive is a coating additive for characteristics 1\u3001Disperse matte powder, glass powder, ultra-fine talc with excellent","og_url":"https:\/\/longchangchemical.com\/fr\/product\/agesin-dp-d2609r\/","og_site_name":"Longchang Chemical","article_modified_time":"2026-05-08T08:26:18+00:00","og_image":[{"width":1000,"height":1000,"url":"https:\/\/longchangchemical.com\/wp-content\/uploads\/2024\/02\/logo-jpeg.jpg","type":"image\/jpeg"}],"twitter_card":"summary_large_image","schema":{"@context":"https:\/\/schema.org","@graph":[{"@type":"WebPage","@id":"https:\/\/longchangchemical.com\/product\/agesin-dp-d2609r\/","url":"https:\/\/longchangchemical.com\/product\/agesin-dp-d2609r\/","name":"DP-D2609R Dispersant Coating Additive | Longchang Chemical","isPartOf":{"@id":"https:\/\/longchangchemical.com\/#website"},"datePublished":"2023-04-06T13:57:46+00:00","dateModified":"2026-05-08T08:26:18+00:00","description":"DP-D2609R Dispersant Coating Additive is a coating additive for characteristics 1\u3001Disperse matte powder, glass powder, ultra-fine talc with excellent","breadcrumb":{"@id":"https:\/\/longchangchemical.com\/product\/agesin-dp-d2609r\/#breadcrumb"},"inLanguage":"fr-FR","potentialAction":[{"@type":"ReadAction","target":["https:\/\/longchangchemical.com\/product\/agesin-dp-d2609r\/"]}]},{"@type":"BreadcrumbList","@id":"https:\/\/longchangchemical.com\/product\/agesin-dp-d2609r\/#breadcrumb","itemListElement":[{"@type":"ListItem","position":1,"name":"Home","item":"https:\/\/longchangchemical.com\/"},{"@type":"ListItem","position":2,"name":"Products Longchang","item":"https:\/\/longchangchemical.com\/product\/"},{"@type":"ListItem","position":3,"name":"CHLUMICRYL\u00ae DP-D2609R \/ Dispersant"}]},{"@type":"WebSite","@id":"https:\/\/longchangchemical.com\/#website","url":"https:\/\/longchangchemical.com\/","name":"Longchang Chemical","description":"Fabricant chinois de produits chimiques \uff06 fournisseur","publisher":{"@id":"https:\/\/longchangchemical.com\/#organization"},"potentialAction":[{"@type":"SearchAction","target":{"@type":"EntryPoint","urlTemplate":"https:\/\/longchangchemical.com\/?s={search_term_string}"},"query-input":{"@type":"PropertyValueSpecification","valueRequired":true,"valueName":"search_term_string"}}],"inLanguage":"fr-FR"},{"@type":"Organization","@id":"https:\/\/longchangchemical.com\/#organization","name":"Longchang Chemical","url":"https:\/\/longchangchemical.com\/","logo":{"@type":"ImageObject","inLanguage":"fr-FR","@id":"https:\/\/longchangchemical.com\/#\/schema\/logo\/image\/","url":"https:\/\/longchangchemical.com\/wp-content\/uploads\/2020\/08\/cropped-longchang-logo.png","contentUrl":"https:\/\/longchangchemical.com\/wp-content\/uploads\/2020\/08\/cropped-longchang-logo.png","width":512,"height":512,"caption":"Longchang Chemical"},"image":{"@id":"https:\/\/longchangchemical.com\/#\/schema\/logo\/image\/"}}]}},"_links":{"self":[{"href":"https:\/\/longchangchemical.com\/fr\/wp-json\/wp\/v2\/product\/6023","targetHints":{"allow":["GET"]}}],"collection":[{"href":"https:\/\/longchangchemical.com\/fr\/wp-json\/wp\/v2\/product"}],"about":[{"href":"https:\/\/longchangchemical.com\/fr\/wp-json\/wp\/v2\/types\/product"}],"replies":[{"embeddable":true,"href":"https:\/\/longchangchemical.com\/fr\/wp-json\/wp\/v2\/comments?post=6023"}],"wp:attachment":[{"href":"https:\/\/longchangchemical.com\/fr\/wp-json\/wp\/v2\/media?parent=6023"}],"wp:term":[{"taxonomy":"product_brand","embeddable":true,"href":"https:\/\/longchangchemical.com\/fr\/wp-json\/wp\/v2\/product_brand?post=6023"},{"taxonomy":"product_cat","embeddable":true,"href":"https:\/\/longchangchemical.com\/fr\/wp-json\/wp\/v2\/product_cat?post=6023"},{"taxonomy":"product_tag","embeddable":true,"href":"https:\/\/longchangchemical.com\/fr\/wp-json\/wp\/v2\/product_tag?post=6023"}],"curies":[{"name":"wp","href":"https:\/\/api.w.org\/{rel}","templated":true}]}}