{"id":6006,"date":"2023-03-24T13:04:16","date_gmt":"2023-03-24T13:04:16","guid":{"rendered":"https:\/\/longchangchemical.com\/?post_type=product&#038;p=6006"},"modified":"2026-05-08T02:59:52","modified_gmt":"2026-05-08T02:59:52","slug":"agesin-dp-d265r","status":"publish","type":"product","link":"https:\/\/longchangchemical.com\/fr\/product\/agesin-dp-d265r\/","title":{"rendered":"CHLUMICRYL\u00ae DP-D265R \/ Dispersant"},"content":{"rendered":"<h2>DP-D265R \/ Dispersant<\/h2>\n<table style=\"border-collapse: collapse; width: 278.27pt;\" border=\"0\" width=\"371\" cellspacing=\"0\" cellpadding=\"0\">\n<tbody>\n<tr style=\"height: 24.75pt;\">\n<td class=\"et2\" style=\"height: 24.75pt; width: 129.75pt;\" width=\"173\" height=\"33\">Composition<\/td>\n<td class=\"et2\" style=\"width: 148.50pt;\" width=\"198\">Solution de copolym\u00e8re bloc polym\u00e9rique avec des groupes d'affinit\u00e9 pour les pigments<\/td>\n<\/tr>\n<tr style=\"height: 24.75pt;\">\n<td class=\"et2\" style=\"height: 24.75pt; width: 129.75pt;\" width=\"173\" height=\"33\">Apparence<\/td>\n<td class=\"et2\" style=\"width: 148.50pt;\" width=\"198\">Liquide transparent jaune \u00e0 brun rouge\u00e2tre<\/td>\n<\/tr>\n<tr style=\"height: 13.50pt;\">\n<td class=\"et2\" style=\"height: 13.50pt; width: 129.75pt;\" width=\"173\" height=\"18\">Solvant Sinosolv<\/td>\n<td class=\"et2\" style=\"width: 148.50pt;\" width=\"198\">Ester dibasique<\/td>\n<\/tr>\n<tr style=\"height: 13.50pt;\">\n<td class=\"et2\" style=\"height: 13.50pt; width: 129.75pt;\" width=\"173\" height=\"18\">Densit\u00e9<\/td>\n<td class=\"et2\" style=\"width: 148.50pt;\" width=\"198\">1,04-1,08 g\/ml (25\u00b11)<span class=\"font2\">\u2103<\/span><\/td>\n<\/tr>\n<tr style=\"height: 24.75pt;\">\n<td class=\"et2\" style=\"height: 24.75pt; width: 129.75pt;\" width=\"173\" height=\"33\">Viscosit\u00e9<\/td>\n<td class=\"et2\" style=\"width: 148.50pt;\" width=\"198\">6-30 s (m\u00e9thode du gobelet enduit-4) (25\u00b10,2)\u00b0C<\/td>\n<\/tr>\n<tr style=\"height: 13.50pt;\">\n<td class=\"et2\" style=\"height: 13.50pt; width: 129.75pt;\" width=\"173\" height=\"18\">Teneur en substances actives<\/td>\n<td class=\"et4\" style=\"width: 148.50pt;\" width=\"198\">45%<\/td>\n<\/tr>\n<tr style=\"height: 13.50pt;\">\n<td class=\"et2\" style=\"height: 13.50pt; width: 129.75pt;\" width=\"173\" height=\"18\">Point d'\u00e9clair<\/td>\n<td class=\"et2\" style=\"width: 148.50pt;\" width=\"198\">&gt;100\u2103<\/td>\n<\/tr>\n<\/tbody>\n<\/table>\n<h2><strong>Domaines d'application<\/strong><\/h2>\n<p>Rev\u00eatements \u00e0 base de solvants Encres<\/p>\n<h2><strong>Principales caract\u00e9ristiques<\/strong><\/h2>\n<p>1\u3001Le pigment organique dispers\u00e9 a une grande capacit\u00e9 d'\u00e9talement de la couleur, le noir de carbone dispers\u00e9 \u00e0 haute teneur en pigments a une excellente noirceur, un excellent effet de r\u00e9duction de la viscosit\u00e9.<br \/>\n2\u3001Ce produit peut \u00eatre utilis\u00e9 dans un syst\u00e8me de r\u00e9sine acrylique thermoplastique.<\/p>\n<h2><strong>Utiliser la m\u00e9thode<\/strong><\/h2>\n<p>Le dispersant doit \u00eatre ajout\u00e9 au mat\u00e9riau de broyage et bien agit\u00e9, puis ajouter le pigment pour le broyer et le disperser.<\/p>\n<h2><strong>Dosage recommand\u00e9<\/strong><\/h2>\n<table style=\"border-collapse: collapse; width: 108.03pt;\" border=\"0\" width=\"144\" cellspacing=\"0\" cellpadding=\"0\">\n<tbody>\n<tr style=\"height: 24.75pt;\">\n<td class=\"et2\" style=\"height: 24.75pt; width: 54.00pt;\" width=\"72\" height=\"33\">Pigments inorganiques<\/td>\n<td class=\"et2\" style=\"width: 54.00pt;\" width=\"72\">1-10%<\/td>\n<\/tr>\n<tr style=\"height: 24.75pt;\">\n<td class=\"et2\" style=\"height: 24.75pt; width: 54.00pt;\" width=\"72\" height=\"33\">Pigments organiques<\/td>\n<td class=\"et2\" style=\"width: 54.00pt;\" width=\"72\">15-35%<\/td>\n<\/tr>\n<tr style=\"height: 24.75pt;\">\n<td class=\"et2\" style=\"height: 24.75pt; width: 54.00pt;\" width=\"72\" height=\"33\">Noir de carbone<\/td>\n<td class=\"et2\" style=\"width: 54.00pt;\" width=\"72\">30-100%<\/td>\n<\/tr>\n<\/tbody>\n<\/table>\n<h2><strong>Stabilit\u00e9 du stockage<\/strong><\/h2>\n<p>Conserver dans l'emballage d'origine non ouvert pendant 24 mois. Une stratification et une turbidit\u00e9 peuvent appara\u00eetre lorsque la temp\u00e9rature est inf\u00e9rieure \u00e0 5\u00b0C. Chauffer et m\u00e9langer soigneusement avant utilisation n'affectera pas la qualit\u00e9 du produit. Le produit au-del\u00e0 de la p\u00e9riode de stockage peut continuer \u00e0 \u00eatre utilis\u00e9 apr\u00e8s avoir \u00e9t\u00e9 inspect\u00e9. Avant que le r\u00e9cipient ne soit compl\u00e8tement vide, il doit \u00eatre ferm\u00e9 herm\u00e9tiquement imm\u00e9diatement apr\u00e8s utilisation.<\/p>\n<h2><strong>Emballage<\/strong><\/h2>\n<p>25KG \/ 180KG<\/p>\n<p>&nbsp;<\/p>\n<p><!--more--><\/p>\n<p>Q : Pourquoi la pulv\u00e9risation \u00e9lectrostatique de la couche interm\u00e9diaire et ensuite la pulv\u00e9risation \u00e9lectrostatique de la couche de finition apparaissent-elles sur le film de la couche de finition qui est tr\u00e8s mince et mauvais sur l'huile, alors que l'opposant de la couche interm\u00e9diaire peut avoir un film de la couche de finition plus \u00e9pais et tr\u00e8s bon sur l'huile ? Pourquoi l'encre conductrice diminue-t-elle beaucoup si la r\u00e9sine de polyester est remplac\u00e9e par la r\u00e9sine de vinaigre de chlore ?<\/p>\n<p>&nbsp;<\/p>\n<p>R : Les questions ci-dessus concernent la conductivit\u00e9 de la couche d'encre de la peinture. Par exemple, le premier point de la question, apr\u00e8s avoir interrog\u00e9 attentivement le client, l'hydrophilie de l'adversaire au milieu du rev\u00eatement est bonne, une goutte d'eau dans le milieu du rev\u00eatement, l'adversaire sera rapidement humidifi\u00e9 pour s'\u00e9taler, et le client aura des perles d'eau, ce qui indique que l'hydrophilie du rev\u00eatement est meilleure et que la conductivit\u00e9 sera meilleure.<\/p>\n<p>Le deuxi\u00e8me point d'interrogation concerne les encres conductrices PET. En g\u00e9n\u00e9ral, ces encres conductrices sont fabriqu\u00e9es \u00e0 partir de r\u00e9sine ternaire d'ac\u00e9tate de chlore, dont la conductivit\u00e9 r\u00e9pond aux exigences, mais les exigences de l'industrie en mati\u00e8re d'absence d'halog\u00e8ne limitent l'utilisation de la r\u00e9sine d'ac\u00e9tate de chlore, qui est remplac\u00e9e par des r\u00e9sines polyester lin\u00e9aires \u00e0 macromol\u00e9cules, ce qui a pour effet de r\u00e9duire consid\u00e9rablement la conductivit\u00e9. Pourquoi ? L'une des raisons est que la structure de la r\u00e9sine de vinaigre de chlore contient du chlore et sera d\u00e9chlor\u00e9e, du point de vue de la polarit\u00e9 et de l'acide inorganique r\u00e9siduel du film de peinture, la conductivit\u00e9 \u00e9lectrique est bien meilleure que la r\u00e9sine de vinaigre de chlore que la r\u00e9sine de polyester. Alors, comment am\u00e9liorer la conductivit\u00e9 de l'encre conductrice du syst\u00e8me polyester est devenu un probl\u00e8me que beaucoup de clients et d'ing\u00e9nieurs veulent r\u00e9soudre d'urgence, apr\u00e8s de nombreux tests pour joindre les additifs appropri\u00e9s peuvent largement am\u00e9liorer la conductivit\u00e9, l'introduction d'additifs sp\u00e9ciaux ajout\u00e9s \u00e0 l'encre, ajouter 0,5%, la valeur de r\u00e9sistance peut \u00eatre r\u00e9duite de 5-10%, d'am\u00e9liorer la conductivit\u00e9 de l'encre.<\/p>","protected":false},"excerpt":{"rendered":"<p><strong>Alternatives \u00e9quivalentes-<\/strong>\u00a0Elementis Disponer 9850;BYK163<\/p>","protected":false},"featured_media":0,"comment_status":"closed","ping_status":"closed","template":"","meta":[],"product_brand":[],"product_cat":[138],"product_tag":[],"class_list":{"0":"post-6006","1":"product","2":"type-product","3":"status-publish","5":"product_cat-coating-and-ink-additives","7":"first","8":"instock","9":"shipping-taxable","10":"product-type-simple"},"yoast_head":"<!-- This site is optimized with the Yoast SEO plugin v25.3.1 - https:\/\/yoast.com\/wordpress\/plugins\/seo\/ -->\n<title>China CHLUMICRYL\u00ae DP-D265R \/ Dispersant Manufacturer - Longchang Chemical<\/title>\n<meta name=\"description\" content=\"Equivalent alternatives\u2013 Elementis Disponer 9850;BYK163\" \/>\n<meta name=\"robots\" content=\"index, follow, max-snippet:-1, max-image-preview:large, max-video-preview:-1\" \/>\n<link rel=\"canonical\" href=\"https:\/\/longchangchemical.com\/fr\/product\/agesin-dp-d265r\/\" \/>\n<meta property=\"og:locale\" content=\"fr_FR\" \/>\n<meta property=\"og:type\" content=\"article\" \/>\n<meta property=\"og:title\" content=\"China CHLUMICRYL\u00ae DP-D265R \/ Dispersant Manufacturer - Longchang Chemical\" \/>\n<meta property=\"og:description\" content=\"Equivalent alternatives\u2013 Elementis Disponer 9850;BYK163\" \/>\n<meta property=\"og:url\" content=\"https:\/\/longchangchemical.com\/fr\/product\/agesin-dp-d265r\/\" \/>\n<meta property=\"og:site_name\" content=\"Longchang Chemical\" \/>\n<meta property=\"article:modified_time\" content=\"2026-05-08T02:59:52+00:00\" \/>\n<meta property=\"og:image\" content=\"https:\/\/longchangchemical.com\/wp-content\/uploads\/2024\/02\/logo-jpeg.jpg\" \/>\n\t<meta property=\"og:image:width\" content=\"1000\" \/>\n\t<meta property=\"og:image:height\" content=\"1000\" \/>\n\t<meta property=\"og:image:type\" content=\"image\/jpeg\" \/>\n<meta name=\"twitter:card\" content=\"summary_large_image\" \/>\n<script type=\"application\/ld+json\" class=\"yoast-schema-graph\">{\"@context\":\"https:\/\/schema.org\",\"@graph\":[{\"@type\":\"WebPage\",\"@id\":\"https:\/\/longchangchemical.com\/product\/agesin-dp-d265r\/\",\"url\":\"https:\/\/longchangchemical.com\/product\/agesin-dp-d265r\/\",\"name\":\"China CHLUMICRYL\u00ae DP-D265R \/ Dispersant Manufacturer - Longchang Chemical\",\"isPartOf\":{\"@id\":\"https:\/\/longchangchemical.com\/#website\"},\"datePublished\":\"2023-03-24T13:04:16+00:00\",\"dateModified\":\"2026-05-08T02:59:52+00:00\",\"description\":\"Equivalent alternatives\u2013 Elementis Disponer 9850;BYK163\",\"breadcrumb\":{\"@id\":\"https:\/\/longchangchemical.com\/product\/agesin-dp-d265r\/#breadcrumb\"},\"inLanguage\":\"fr-FR\",\"potentialAction\":[{\"@type\":\"ReadAction\",\"target\":[\"https:\/\/longchangchemical.com\/product\/agesin-dp-d265r\/\"]}]},{\"@type\":\"BreadcrumbList\",\"@id\":\"https:\/\/longchangchemical.com\/product\/agesin-dp-d265r\/#breadcrumb\",\"itemListElement\":[{\"@type\":\"ListItem\",\"position\":1,\"name\":\"Home\",\"item\":\"https:\/\/longchangchemical.com\/\"},{\"@type\":\"ListItem\",\"position\":2,\"name\":\"Products Longchang\",\"item\":\"https:\/\/longchangchemical.com\/product\/\"},{\"@type\":\"ListItem\",\"position\":3,\"name\":\"CHLUMICRYL\u00ae DP-D265R \/ Dispersant\"}]},{\"@type\":\"WebSite\",\"@id\":\"https:\/\/longchangchemical.com\/#website\",\"url\":\"https:\/\/longchangchemical.com\/\",\"name\":\"Longchang Chemical\",\"description\":\"China chemical manufacturer \uff06 supplier\",\"publisher\":{\"@id\":\"https:\/\/longchangchemical.com\/#organization\"},\"potentialAction\":[{\"@type\":\"SearchAction\",\"target\":{\"@type\":\"EntryPoint\",\"urlTemplate\":\"https:\/\/longchangchemical.com\/?s={search_term_string}\"},\"query-input\":{\"@type\":\"PropertyValueSpecification\",\"valueRequired\":true,\"valueName\":\"search_term_string\"}}],\"inLanguage\":\"fr-FR\"},{\"@type\":\"Organization\",\"@id\":\"https:\/\/longchangchemical.com\/#organization\",\"name\":\"Longchang Chemical\",\"url\":\"https:\/\/longchangchemical.com\/\",\"logo\":{\"@type\":\"ImageObject\",\"inLanguage\":\"fr-FR\",\"@id\":\"https:\/\/longchangchemical.com\/#\/schema\/logo\/image\/\",\"url\":\"https:\/\/longchangchemical.com\/wp-content\/uploads\/2020\/08\/cropped-longchang-logo.png\",\"contentUrl\":\"https:\/\/longchangchemical.com\/wp-content\/uploads\/2020\/08\/cropped-longchang-logo.png\",\"width\":512,\"height\":512,\"caption\":\"Longchang Chemical\"},\"image\":{\"@id\":\"https:\/\/longchangchemical.com\/#\/schema\/logo\/image\/\"}}]}<\/script>\n<!-- \/ Yoast SEO plugin. -->","yoast_head_json":{"title":"CHLUMICRYL\u00ae DP-D265R \/ Fabricant de dispersants - Longchang Chemical","description":"Alternatives \u00e9quivalentes- Elementis Disponer 9850;BYK163","robots":{"index":"index","follow":"follow","max-snippet":"max-snippet:-1","max-image-preview":"max-image-preview:large","max-video-preview":"max-video-preview:-1"},"canonical":"https:\/\/longchangchemical.com\/fr\/product\/agesin-dp-d265r\/","og_locale":"fr_FR","og_type":"article","og_title":"China CHLUMICRYL\u00ae DP-D265R \/ Dispersant Manufacturer - Longchang Chemical","og_description":"Equivalent alternatives\u2013 Elementis Disponer 9850;BYK163","og_url":"https:\/\/longchangchemical.com\/fr\/product\/agesin-dp-d265r\/","og_site_name":"Longchang Chemical","article_modified_time":"2026-05-08T02:59:52+00:00","og_image":[{"width":1000,"height":1000,"url":"https:\/\/longchangchemical.com\/wp-content\/uploads\/2024\/02\/logo-jpeg.jpg","type":"image\/jpeg"}],"twitter_card":"summary_large_image","schema":{"@context":"https:\/\/schema.org","@graph":[{"@type":"WebPage","@id":"https:\/\/longchangchemical.com\/product\/agesin-dp-d265r\/","url":"https:\/\/longchangchemical.com\/product\/agesin-dp-d265r\/","name":"CHLUMICRYL\u00ae DP-D265R \/ Fabricant de dispersants - Longchang Chemical","isPartOf":{"@id":"https:\/\/longchangchemical.com\/#website"},"datePublished":"2023-03-24T13:04:16+00:00","dateModified":"2026-05-08T02:59:52+00:00","description":"Alternatives \u00e9quivalentes- Elementis Disponer 9850;BYK163","breadcrumb":{"@id":"https:\/\/longchangchemical.com\/product\/agesin-dp-d265r\/#breadcrumb"},"inLanguage":"fr-FR","potentialAction":[{"@type":"ReadAction","target":["https:\/\/longchangchemical.com\/product\/agesin-dp-d265r\/"]}]},{"@type":"BreadcrumbList","@id":"https:\/\/longchangchemical.com\/product\/agesin-dp-d265r\/#breadcrumb","itemListElement":[{"@type":"ListItem","position":1,"name":"Home","item":"https:\/\/longchangchemical.com\/"},{"@type":"ListItem","position":2,"name":"Products Longchang","item":"https:\/\/longchangchemical.com\/product\/"},{"@type":"ListItem","position":3,"name":"CHLUMICRYL\u00ae DP-D265R \/ Dispersant"}]},{"@type":"WebSite","@id":"https:\/\/longchangchemical.com\/#website","url":"https:\/\/longchangchemical.com\/","name":"Longchang Chemical","description":"Fabricant chinois de produits chimiques \uff06 fournisseur","publisher":{"@id":"https:\/\/longchangchemical.com\/#organization"},"potentialAction":[{"@type":"SearchAction","target":{"@type":"EntryPoint","urlTemplate":"https:\/\/longchangchemical.com\/?s={search_term_string}"},"query-input":{"@type":"PropertyValueSpecification","valueRequired":true,"valueName":"search_term_string"}}],"inLanguage":"fr-FR"},{"@type":"Organization","@id":"https:\/\/longchangchemical.com\/#organization","name":"Longchang Chemical","url":"https:\/\/longchangchemical.com\/","logo":{"@type":"ImageObject","inLanguage":"fr-FR","@id":"https:\/\/longchangchemical.com\/#\/schema\/logo\/image\/","url":"https:\/\/longchangchemical.com\/wp-content\/uploads\/2020\/08\/cropped-longchang-logo.png","contentUrl":"https:\/\/longchangchemical.com\/wp-content\/uploads\/2020\/08\/cropped-longchang-logo.png","width":512,"height":512,"caption":"Longchang Chemical"},"image":{"@id":"https:\/\/longchangchemical.com\/#\/schema\/logo\/image\/"}}]}},"_links":{"self":[{"href":"https:\/\/longchangchemical.com\/fr\/wp-json\/wp\/v2\/product\/6006","targetHints":{"allow":["GET"]}}],"collection":[{"href":"https:\/\/longchangchemical.com\/fr\/wp-json\/wp\/v2\/product"}],"about":[{"href":"https:\/\/longchangchemical.com\/fr\/wp-json\/wp\/v2\/types\/product"}],"replies":[{"embeddable":true,"href":"https:\/\/longchangchemical.com\/fr\/wp-json\/wp\/v2\/comments?post=6006"}],"wp:attachment":[{"href":"https:\/\/longchangchemical.com\/fr\/wp-json\/wp\/v2\/media?parent=6006"}],"wp:term":[{"taxonomy":"product_brand","embeddable":true,"href":"https:\/\/longchangchemical.com\/fr\/wp-json\/wp\/v2\/product_brand?post=6006"},{"taxonomy":"product_cat","embeddable":true,"href":"https:\/\/longchangchemical.com\/fr\/wp-json\/wp\/v2\/product_cat?post=6006"},{"taxonomy":"product_tag","embeddable":true,"href":"https:\/\/longchangchemical.com\/fr\/wp-json\/wp\/v2\/product_tag?post=6006"}],"curies":[{"name":"wp","href":"https:\/\/api.w.org\/{rel}","templated":true}]}}