{"id":5995,"date":"2023-03-18T14:06:22","date_gmt":"2023-03-18T14:06:22","guid":{"rendered":"https:\/\/longchangchemical.com\/?post_type=product&#038;p=5995"},"modified":"2026-05-08T08:26:17","modified_gmt":"2026-05-08T08:26:17","slug":"agesin-dp-d262r","status":"publish","type":"product","link":"https:\/\/longchangchemical.com\/fr\/product\/agesin-dp-d262r\/","title":{"rendered":"CHLUMICRYL\u00ae DP-D262R \/ Dispersant"},"content":{"rendered":"<h2>DP-D262R \/ Dispersant<\/h2>\n<table style=\"border-collapse: collapse; width: 293.27pt;\" border=\"0\" width=\"391\" cellspacing=\"0\" cellpadding=\"0\">\n<tbody>\n<tr style=\"height: 24.75pt;\">\n<td class=\"et2\" style=\"height: 24.75pt; width: 63.00pt;\" width=\"84\" height=\"33\">Composition<\/td>\n<td class=\"et2\" style=\"width: 230.25pt;\" width=\"307\">Solution de copolym\u00e8re bloc polym\u00e9rique avec des groupes d'affinit\u00e9 pour les pigments<\/td>\n<\/tr>\n<tr style=\"height: 14.25pt;\">\n<td class=\"et2\" style=\"height: 14.25pt; width: 63.00pt;\" width=\"84\" height=\"19\">Apparence<\/td>\n<td class=\"et2\" style=\"width: 230.25pt;\" width=\"307\">Liquide transparent incolore \u00e0 l\u00e9g\u00e8rement jaune<\/td>\n<\/tr>\n<tr style=\"height: 14.25pt;\">\n<td class=\"et2\" style=\"height: 14.25pt; width: 63.00pt;\" width=\"84\" height=\"19\">Solvant Sinosolv<\/td>\n<td class=\"et2\" style=\"width: 230.25pt;\" width=\"307\">Huile de solvant<\/td>\n<\/tr>\n<tr style=\"height: 14.25pt;\">\n<td class=\"et2\" style=\"height: 14.25pt; width: 63.00pt;\" width=\"84\" height=\"19\">Densit\u00e9<\/td>\n<td class=\"et2\" style=\"width: 230.25pt;\" width=\"307\">0,98-1,02 g\/ml (25\u00b11)\u2103<\/td>\n<\/tr>\n<tr style=\"height: 14.25pt;\">\n<td class=\"et2\" style=\"height: 14.25pt; width: 63.00pt;\" width=\"84\" height=\"19\">Viscosit\u00e9<\/td>\n<td class=\"et2\" style=\"width: 230.25pt;\" width=\"307\">25-80 s (m\u00e9thode de l'enrobage \u00e0 4 coupelles) (25\u00b10,2)\u2103<\/td>\n<\/tr>\n<tr style=\"height: 14.25pt;\">\n<td class=\"et2\" style=\"height: 14.25pt; width: 63.00pt;\" width=\"84\" height=\"19\">Contenu solide<\/td>\n<td class=\"et2\" style=\"width: 230.25pt;\" width=\"307\">48\u00b13% (140\u2103 2h)<\/td>\n<\/tr>\n<tr style=\"height: 14.25pt;\">\n<td class=\"et2\" style=\"height: 14.25pt; width: 63.00pt;\" width=\"84\" height=\"19\">Point d'\u00e9clair<\/td>\n<td class=\"et2\" style=\"width: 230.25pt;\" width=\"307\">&gt;62\u2103<\/td>\n<\/tr>\n<\/tbody>\n<\/table>\n<h2><strong> DP-D262R Domaines d'application<\/strong><\/h2>\n<p>Syst\u00e8mes \u00e0 base de solvants<\/p>\n<h2><strong> DP-D262R Caract\u00e9ristiques principales<\/strong><\/h2>\n<p>1\u3001Le dispersant polym\u00e8re de type bloc est compos\u00e9 d'un groupe pro-pigment et de l'adsorption de la surface du pigment dans le dispersant et d'un copolym\u00e8re de faible poids mol\u00e9culaire comme segment pro-m\u00e9dia.<br \/>\n2\u3001Le copolym\u00e8re de faible poids mol\u00e9culaire forme une couche d'obstruction d'une certaine \u00e9paisseur, qui r\u00e9duit l'attraction entre les particules de pigment et permet d'obtenir une bonne stabilit\u00e9 de la dispersion.<br \/>\n3\u3001Disperse le noir de carbone a une tr\u00e8s bonne diffusion de la couleur et de la brillance. Il peut \u00eatre utilis\u00e9 dans les syst\u00e8mes \u00e0 deux composants et thermodurcissables, mais ne s'applique pas aux syst\u00e8mes de rev\u00eatement de sol thermoplastiques acryliques et \u00e9poxy.<\/p>\n<h2><strong> DP-D262R M\u00e9thode d'utilisation<\/strong><\/h2>\n<p>Le dispersant doit \u00eatre ajout\u00e9 au mat\u00e9riau de broyage et bien agit\u00e9, puis ajouter le pigment pour le broyer et le disperser.<\/p>\n<h2><strong> DP-D262R <\/strong>Dosage recommand\u00e9<\/h2>\n<table style=\"border-collapse: collapse; width: 127.53pt;\" border=\"0\" width=\"170\" cellspacing=\"0\" cellpadding=\"0\">\n<tbody>\n<tr style=\"height: 24.75pt;\">\n<td class=\"et2\" style=\"height: 24.75pt; width: 63.00pt;\" width=\"84\" height=\"33\">Pigments inorganiques<\/td>\n<td class=\"et2\" style=\"width: 64.50pt;\" width=\"86\">1-10%<\/td>\n<\/tr>\n<tr style=\"height: 24.75pt;\">\n<td class=\"et2\" style=\"height: 24.75pt; width: 63.00pt;\" width=\"84\" height=\"33\">Pigments organiques<\/td>\n<td class=\"et2\" style=\"width: 64.50pt;\" width=\"86\">20-40%<\/td>\n<\/tr>\n<tr style=\"height: 14.25pt;\">\n<td class=\"et2\" style=\"height: 14.25pt; width: 63.00pt;\" width=\"84\" height=\"19\">Noir de carbone<\/td>\n<td class=\"et2\" style=\"width: 64.50pt;\" width=\"86\">30-100%<\/td>\n<\/tr>\n<\/tbody>\n<\/table>\n<h2><strong> DP-D262R Stabilit\u00e9 de stockage<\/strong><\/h2>\n<p>Conserver dans l'emballage d'origine non ouvert pendant 24 mois. Lorsque la temp\u00e9rature est inf\u00e9rieure \u00e0 5\u2103, une stratification et une turbidit\u00e9 peuvent se produire. Chauffer et m\u00e9langer soigneusement avant utilisation n'affectera pas la qualit\u00e9 du produit. Le produit au-del\u00e0 de la p\u00e9riode de stockage peut continuer \u00e0 \u00eatre utilis\u00e9 apr\u00e8s avoir pass\u00e9 l'inspection. Avant que le conteneur ne soit compl\u00e8tement vide, il doit \u00eatre ferm\u00e9 herm\u00e9tiquement imm\u00e9diatement apr\u00e8s utilisation.<\/p>\n<h2><strong> DP-D262R Emballage<\/strong><\/h2>\n<p>25KG \/ 180KG.<\/p>\n<h2><strong>Contactez-nous d\u00e8s maintenant !<\/strong><\/h2>\n<h4><strong><b>Si vous avez besoin de COA, MSDS ou TDS, veuillez remplir vos coordonn\u00e9es dans le formulaire ci-dessous, nous vous contacterons g\u00e9n\u00e9ralement dans les 24 heures. Vous pouvez \u00e9galement m'envoyer un courriel <span style=\"color: #0000ff;\"><a style=\"color: #0000ff;\" href=\"mailto:info@longchangchemical.com\">info@longchangchemical.com<\/a><\/span> pendant les heures de travail ( 8:30 am to 6:00 pm UTC+8 Mon.~Sat. ) ou utilisez le chat en direct du site web pour obtenir une r\u00e9ponse rapide.<\/b><\/strong><\/h4>","protected":false},"excerpt":{"rendered":"<p>DP-D262R Dispersant Coating Additive is a coating additive for coatings, inks and specialty surface modification. Key benefits include not applicable to thermoplastic acrylic and epoxy floor coating system. DP-D262R Use method Dispersant should be added to the grinding material and stirred well and then add pigment to grind and disperse. DP-D262R Recommended dosage Inorganic pigments 1-10% Organic pigments<\/p>","protected":false},"featured_media":0,"comment_status":"closed","ping_status":"closed","template":"","meta":[],"product_brand":[],"product_cat":[138],"product_tag":[],"class_list":{"0":"post-5995","1":"product","2":"type-product","3":"status-publish","5":"product_cat-coating-and-ink-additives","7":"first","8":"instock","9":"shipping-taxable","10":"product-type-simple"},"yoast_head":"<!-- This site is optimized with the Yoast SEO plugin v25.3.1 - https:\/\/yoast.com\/wordpress\/plugins\/seo\/ -->\n<title>DP-D262R Dispersant Coating Additive | Longchang Chemical<\/title>\n<meta name=\"description\" content=\"DP-D262R Dispersant Coating Additive is a coating additive for coatings, inks and specialty surface modification. Key benefits include not applicable to\" \/>\n<meta name=\"robots\" content=\"index, follow, max-snippet:-1, max-image-preview:large, max-video-preview:-1\" \/>\n<link rel=\"canonical\" href=\"https:\/\/longchangchemical.com\/fr\/product\/agesin-dp-d262r\/\" \/>\n<meta property=\"og:locale\" content=\"fr_FR\" \/>\n<meta property=\"og:type\" content=\"article\" \/>\n<meta property=\"og:title\" content=\"DP-D262R Dispersant Coating Additive | Longchang Chemical\" \/>\n<meta property=\"og:description\" content=\"DP-D262R Dispersant Coating Additive is a coating additive for coatings, inks and specialty surface modification. Key benefits include not applicable to\" \/>\n<meta property=\"og:url\" content=\"https:\/\/longchangchemical.com\/fr\/product\/agesin-dp-d262r\/\" \/>\n<meta property=\"og:site_name\" content=\"Longchang Chemical\" \/>\n<meta property=\"article:modified_time\" content=\"2026-05-08T08:26:17+00:00\" \/>\n<meta property=\"og:image\" content=\"https:\/\/longchangchemical.com\/wp-content\/uploads\/2024\/02\/logo-jpeg.jpg\" \/>\n\t<meta property=\"og:image:width\" content=\"1000\" \/>\n\t<meta property=\"og:image:height\" content=\"1000\" \/>\n\t<meta property=\"og:image:type\" content=\"image\/jpeg\" \/>\n<meta name=\"twitter:card\" content=\"summary_large_image\" \/>\n<script type=\"application\/ld+json\" class=\"yoast-schema-graph\">{\"@context\":\"https:\/\/schema.org\",\"@graph\":[{\"@type\":\"WebPage\",\"@id\":\"https:\/\/longchangchemical.com\/product\/agesin-dp-d262r\/\",\"url\":\"https:\/\/longchangchemical.com\/product\/agesin-dp-d262r\/\",\"name\":\"DP-D262R Dispersant Coating Additive | Longchang Chemical\",\"isPartOf\":{\"@id\":\"https:\/\/longchangchemical.com\/#website\"},\"datePublished\":\"2023-03-18T14:06:22+00:00\",\"dateModified\":\"2026-05-08T08:26:17+00:00\",\"description\":\"DP-D262R Dispersant Coating Additive is a coating additive for coatings, inks and specialty surface modification. Key benefits include not applicable to\",\"breadcrumb\":{\"@id\":\"https:\/\/longchangchemical.com\/product\/agesin-dp-d262r\/#breadcrumb\"},\"inLanguage\":\"fr-FR\",\"potentialAction\":[{\"@type\":\"ReadAction\",\"target\":[\"https:\/\/longchangchemical.com\/product\/agesin-dp-d262r\/\"]}]},{\"@type\":\"BreadcrumbList\",\"@id\":\"https:\/\/longchangchemical.com\/product\/agesin-dp-d262r\/#breadcrumb\",\"itemListElement\":[{\"@type\":\"ListItem\",\"position\":1,\"name\":\"Home\",\"item\":\"https:\/\/longchangchemical.com\/\"},{\"@type\":\"ListItem\",\"position\":2,\"name\":\"Products Longchang\",\"item\":\"https:\/\/longchangchemical.com\/product\/\"},{\"@type\":\"ListItem\",\"position\":3,\"name\":\"CHLUMICRYL\u00ae DP-D262R \/ Dispersant\"}]},{\"@type\":\"WebSite\",\"@id\":\"https:\/\/longchangchemical.com\/#website\",\"url\":\"https:\/\/longchangchemical.com\/\",\"name\":\"Longchang Chemical\",\"description\":\"China chemical manufacturer \uff06 supplier\",\"publisher\":{\"@id\":\"https:\/\/longchangchemical.com\/#organization\"},\"potentialAction\":[{\"@type\":\"SearchAction\",\"target\":{\"@type\":\"EntryPoint\",\"urlTemplate\":\"https:\/\/longchangchemical.com\/?s={search_term_string}\"},\"query-input\":{\"@type\":\"PropertyValueSpecification\",\"valueRequired\":true,\"valueName\":\"search_term_string\"}}],\"inLanguage\":\"fr-FR\"},{\"@type\":\"Organization\",\"@id\":\"https:\/\/longchangchemical.com\/#organization\",\"name\":\"Longchang Chemical\",\"url\":\"https:\/\/longchangchemical.com\/\",\"logo\":{\"@type\":\"ImageObject\",\"inLanguage\":\"fr-FR\",\"@id\":\"https:\/\/longchangchemical.com\/#\/schema\/logo\/image\/\",\"url\":\"https:\/\/longchangchemical.com\/wp-content\/uploads\/2020\/08\/cropped-longchang-logo.png\",\"contentUrl\":\"https:\/\/longchangchemical.com\/wp-content\/uploads\/2020\/08\/cropped-longchang-logo.png\",\"width\":512,\"height\":512,\"caption\":\"Longchang Chemical\"},\"image\":{\"@id\":\"https:\/\/longchangchemical.com\/#\/schema\/logo\/image\/\"}}]}<\/script>\n<!-- \/ Yoast SEO plugin. -->","yoast_head_json":{"title":"DP-D262R Dispersant Coating Additive | Longchang Chemical","description":"DP-D262R Dispersant Coating Additive is a coating additive for coatings, inks and specialty surface modification. Key benefits include not applicable to","robots":{"index":"index","follow":"follow","max-snippet":"max-snippet:-1","max-image-preview":"max-image-preview:large","max-video-preview":"max-video-preview:-1"},"canonical":"https:\/\/longchangchemical.com\/fr\/product\/agesin-dp-d262r\/","og_locale":"fr_FR","og_type":"article","og_title":"DP-D262R Dispersant Coating Additive | Longchang Chemical","og_description":"DP-D262R Dispersant Coating Additive is a coating additive for coatings, inks and specialty surface modification. Key benefits include not applicable to","og_url":"https:\/\/longchangchemical.com\/fr\/product\/agesin-dp-d262r\/","og_site_name":"Longchang Chemical","article_modified_time":"2026-05-08T08:26:17+00:00","og_image":[{"width":1000,"height":1000,"url":"https:\/\/longchangchemical.com\/wp-content\/uploads\/2024\/02\/logo-jpeg.jpg","type":"image\/jpeg"}],"twitter_card":"summary_large_image","schema":{"@context":"https:\/\/schema.org","@graph":[{"@type":"WebPage","@id":"https:\/\/longchangchemical.com\/product\/agesin-dp-d262r\/","url":"https:\/\/longchangchemical.com\/product\/agesin-dp-d262r\/","name":"DP-D262R Dispersant Coating Additive | Longchang Chemical","isPartOf":{"@id":"https:\/\/longchangchemical.com\/#website"},"datePublished":"2023-03-18T14:06:22+00:00","dateModified":"2026-05-08T08:26:17+00:00","description":"DP-D262R Dispersant Coating Additive is a coating additive for coatings, inks and specialty surface modification. Key benefits include not applicable to","breadcrumb":{"@id":"https:\/\/longchangchemical.com\/product\/agesin-dp-d262r\/#breadcrumb"},"inLanguage":"fr-FR","potentialAction":[{"@type":"ReadAction","target":["https:\/\/longchangchemical.com\/product\/agesin-dp-d262r\/"]}]},{"@type":"BreadcrumbList","@id":"https:\/\/longchangchemical.com\/product\/agesin-dp-d262r\/#breadcrumb","itemListElement":[{"@type":"ListItem","position":1,"name":"Home","item":"https:\/\/longchangchemical.com\/"},{"@type":"ListItem","position":2,"name":"Products Longchang","item":"https:\/\/longchangchemical.com\/product\/"},{"@type":"ListItem","position":3,"name":"CHLUMICRYL\u00ae DP-D262R \/ Dispersant"}]},{"@type":"WebSite","@id":"https:\/\/longchangchemical.com\/#website","url":"https:\/\/longchangchemical.com\/","name":"Longchang Chemical","description":"Fabricant chinois de produits chimiques \uff06 fournisseur","publisher":{"@id":"https:\/\/longchangchemical.com\/#organization"},"potentialAction":[{"@type":"SearchAction","target":{"@type":"EntryPoint","urlTemplate":"https:\/\/longchangchemical.com\/?s={search_term_string}"},"query-input":{"@type":"PropertyValueSpecification","valueRequired":true,"valueName":"search_term_string"}}],"inLanguage":"fr-FR"},{"@type":"Organization","@id":"https:\/\/longchangchemical.com\/#organization","name":"Longchang Chemical","url":"https:\/\/longchangchemical.com\/","logo":{"@type":"ImageObject","inLanguage":"fr-FR","@id":"https:\/\/longchangchemical.com\/#\/schema\/logo\/image\/","url":"https:\/\/longchangchemical.com\/wp-content\/uploads\/2020\/08\/cropped-longchang-logo.png","contentUrl":"https:\/\/longchangchemical.com\/wp-content\/uploads\/2020\/08\/cropped-longchang-logo.png","width":512,"height":512,"caption":"Longchang Chemical"},"image":{"@id":"https:\/\/longchangchemical.com\/#\/schema\/logo\/image\/"}}]}},"_links":{"self":[{"href":"https:\/\/longchangchemical.com\/fr\/wp-json\/wp\/v2\/product\/5995","targetHints":{"allow":["GET"]}}],"collection":[{"href":"https:\/\/longchangchemical.com\/fr\/wp-json\/wp\/v2\/product"}],"about":[{"href":"https:\/\/longchangchemical.com\/fr\/wp-json\/wp\/v2\/types\/product"}],"replies":[{"embeddable":true,"href":"https:\/\/longchangchemical.com\/fr\/wp-json\/wp\/v2\/comments?post=5995"}],"wp:attachment":[{"href":"https:\/\/longchangchemical.com\/fr\/wp-json\/wp\/v2\/media?parent=5995"}],"wp:term":[{"taxonomy":"product_brand","embeddable":true,"href":"https:\/\/longchangchemical.com\/fr\/wp-json\/wp\/v2\/product_brand?post=5995"},{"taxonomy":"product_cat","embeddable":true,"href":"https:\/\/longchangchemical.com\/fr\/wp-json\/wp\/v2\/product_cat?post=5995"},{"taxonomy":"product_tag","embeddable":true,"href":"https:\/\/longchangchemical.com\/fr\/wp-json\/wp\/v2\/product_tag?post=5995"}],"curies":[{"name":"wp","href":"https:\/\/api.w.org\/{rel}","templated":true}]}}