{"id":5980,"date":"2023-03-09T14:50:19","date_gmt":"2023-03-09T14:50:19","guid":{"rendered":"https:\/\/longchangchemical.com\/?post_type=product&#038;p=5980"},"modified":"2025-04-01T07:10:15","modified_gmt":"2025-04-01T07:10:15","slug":"agesin-dp-d2641r","status":"publish","type":"product","link":"https:\/\/longchangchemical.com\/fr\/product\/agesin-dp-d2641r\/","title":{"rendered":"CHLUMICRYL\u00ae DP-D2641R \/ Dispersant"},"content":{"rendered":"<h1>DP-D2641R \/ Dispersant<\/h1>\n<table style=\"border-collapse: collapse; width: 241.53pt;\" border=\"0\" width=\"322\" cellspacing=\"0\" cellpadding=\"0\">\n<tbody>\n<tr style=\"height: 36.00pt;\">\n<td class=\"et2\" style=\"height: 36.00pt; width: 99.00pt;\" width=\"132\" height=\"48\">Composition<\/td>\n<td class=\"et2\" style=\"width: 142.50pt;\" width=\"190\">Solution de copolym\u00e8re \u00e0 blocs avec des groupes d'affinit\u00e9 pour les pigments<\/td>\n<\/tr>\n<tr style=\"height: 13.50pt;\">\n<td class=\"et2\" style=\"height: 13.50pt; width: 99.00pt;\" width=\"132\" height=\"18\">Apparence<\/td>\n<td class=\"et2\" style=\"width: 142.50pt;\" width=\"190\">Liquide transparent l\u00e9g\u00e8rement jaune<\/td>\n<\/tr>\n<tr style=\"height: 13.50pt;\">\n<td class=\"et2\" style=\"height: 13.50pt; width: 99.00pt;\" width=\"132\" height=\"18\">Solvant Sinosolv<\/td>\n<td class=\"et2\" style=\"width: 142.50pt;\" width=\"190\">Ester dibasique<\/td>\n<\/tr>\n<tr style=\"height: 13.50pt;\">\n<td class=\"et2\" style=\"height: 13.50pt; width: 99.00pt;\" width=\"132\" height=\"18\">Densit\u00e9<\/td>\n<td class=\"et2\" style=\"width: 142.50pt;\" width=\"190\">1,07-1,11 g\/ml (25\u00b11)\u2103<\/td>\n<\/tr>\n<tr style=\"height: 24.00pt;\">\n<td class=\"et2\" style=\"height: 24.00pt; width: 99.00pt;\" width=\"132\" height=\"32\">Viscosit\u00e9<\/td>\n<td class=\"et2\" style=\"width: 142.50pt;\" width=\"190\">20-50 s (m\u00e9thode du gobelet enduit-4) (25\u00b10,2)\u2103<\/td>\n<\/tr>\n<tr style=\"height: 24.00pt;\">\n<td class=\"et2\" style=\"height: 24.00pt; width: 99.00pt;\" width=\"132\" height=\"32\">Teneur en substances actives<\/td>\n<td class=\"et3\" style=\"width: 142.50pt;\" width=\"190\">45%<\/td>\n<\/tr>\n<tr style=\"height: 13.50pt;\">\n<td class=\"et2\" style=\"height: 13.50pt; width: 99.00pt;\" width=\"132\" height=\"18\">Point d'\u00e9clair<\/td>\n<td class=\"et2\" style=\"width: 142.50pt;\" width=\"190\">&gt;100\u2103<\/td>\n<\/tr>\n<\/tbody>\n<\/table>\n<p>&nbsp;<\/p>\n<h2><strong>Domaines d'application<\/strong><\/h2>\n<p>Syst\u00e8mes \u00e0 base de solvants<\/p>\n<h2><strong>Principales caract\u00e9ristiques<\/strong><\/h2>\n<p>1\u3001La dispersion de noir de carbone \u00e0 haute teneur en pigments, de pigments organiques et de poudre mate pr\u00e9sente une excellente efficacit\u00e9 de dispersion et une capacit\u00e9 de r\u00e9duction de la viscosit\u00e9, aucune mousse stable et une excellente stabilit\u00e9 au stockage.<br \/>\n2\u3001Dans le syst\u00e8me de peinture color\u00e9e de rev\u00eatement de sol \u00e9poxy sans solvant, il se caract\u00e9rise par une r\u00e9duction rapide de la finesse, une r\u00e9duction \u00e9vidente de la viscosit\u00e9, une excellente phase de couleur et une stabilit\u00e9 au stockage.<\/p>\n<h2><strong>Utiliser la m\u00e9thode<\/strong><\/h2>\n<p>Le dispersant doit \u00eatre ajout\u00e9 au mat\u00e9riau de broyage et bien agit\u00e9, puis ajouter le pigment pour le broyer et le disperser.<\/p>\n<h2><strong>Dosage recommand\u00e9<\/strong><\/h2>\n<table style=\"border-collapse: collapse; width: 108.03pt;\" border=\"0\" width=\"144\" cellspacing=\"0\" cellpadding=\"0\">\n<tbody>\n<tr style=\"height: 24.00pt;\">\n<td class=\"et2\" style=\"height: 24.00pt; width: 54.00pt;\" width=\"72\" height=\"32\">Pigments inorganiques<\/td>\n<td class=\"et2\" style=\"width: 54.00pt;\" width=\"72\">1-10%<\/td>\n<\/tr>\n<tr style=\"height: 24.00pt;\">\n<td class=\"et2\" style=\"height: 24.00pt; width: 54.00pt;\" width=\"72\" height=\"32\">Pigments organiques<\/td>\n<td class=\"et2\" style=\"width: 54.00pt;\" width=\"72\">15-35%<\/td>\n<\/tr>\n<tr style=\"height: 24.00pt;\">\n<td class=\"et2\" style=\"height: 24.00pt; width: 54.00pt;\" width=\"72\" height=\"32\">Noir de carbone<\/td>\n<td class=\"et2\" style=\"width: 54.00pt;\" width=\"72\">25-100%<\/td>\n<\/tr>\n<\/tbody>\n<\/table>\n<p>Stabilit\u00e9 du stockage<\/p>\n<p>Conserver dans l'emballage d'origine non ouvert pendant 24 mois. Une stratification et une turbidit\u00e9 peuvent appara\u00eetre lorsque la temp\u00e9rature est inf\u00e9rieure \u00e0 5\u00b0C. Chauffer et m\u00e9langer soigneusement avant utilisation n'affectera pas la qualit\u00e9 du produit. Le produit au-del\u00e0 de la p\u00e9riode de stockage peut continuer \u00e0 \u00eatre utilis\u00e9 apr\u00e8s avoir \u00e9t\u00e9 inspect\u00e9. Avant que le r\u00e9cipient ne soit compl\u00e8tement vide, il doit \u00eatre ferm\u00e9 herm\u00e9tiquement imm\u00e9diatement apr\u00e8s utilisation.<\/p>\n<p>Emballage<\/p>\n<p>25KG \/ 180KG.<\/p>\n<h2><strong><b>Contactez-nous d\u00e8s maintenant !<\/b><\/strong><\/h2>\n<h4><strong><b>Si vous avez besoin de COA, MSDS ou TDS OF Levelling agent, veuillez remplir vos coordonn\u00e9es dans le formulaire ci-dessous, nous vous contacterons g\u00e9n\u00e9ralement dans les 24 heures. Vous pouvez \u00e9galement m'envoyer un courriel <span style=\"color: #00ccff;\"><a style=\"color: #00ccff;\" href=\"mailto:info@longchangchemical.com\">info@longchangchemical.com<\/a><\/span> pendant les heures de travail ( 8:30 am to 6:00 pm UTC+8 Mon.~Sat. ) ou utilisez le chat en direct du site web pour obtenir une r\u00e9ponse rapide.<\/b><\/strong><\/h4>","protected":false},"excerpt":{"rendered":"<p>DP-D2641R \/ Dispersant Composition Solution de copolym\u00e8re \u00e0 blocs polym\u00e8res avec des groupes d'affinit\u00e9 pour les pigments Apparence Liquide transparent l\u00e9g\u00e8rement jaune Solvant Ester dibasique Densit\u00e9 1,07-1,11 g\/ml (25\u00b11)\u2103 Viscosit\u00e9 20-50 s (m\u00e9thode du gobelet enduit-4) (25\u00b10.2)\u2103 Teneur en substance active 45% Point d'\u00e9clair &gt;100\u2103 Domaines d'application Syst\u00e8mes \u00e0 base de solvant Caract\u00e9ristiques principales 1\u3001La dispersion de noir de carbone \u00e0 haute teneur en pigments, de pigments organiques [...]<\/p>","protected":false},"featured_media":0,"comment_status":"closed","ping_status":"closed","template":"","meta":[],"product_brand":[],"product_cat":[138],"product_tag":[],"class_list":{"0":"post-5980","1":"product","2":"type-product","3":"status-publish","5":"product_cat-coating-and-ink-additives","7":"first","8":"instock","9":"shipping-taxable","10":"product-type-simple"},"yoast_head":"<!-- This site is optimized with the Yoast SEO plugin v25.3.1 - https:\/\/yoast.com\/wordpress\/plugins\/seo\/ -->\n<title>China CHLUMICRYL\u00ae DP-D2641R \/ Dispersant Manufacturer - Longchang Chemical<\/title>\n<meta name=\"description\" content=\"CHLUMICRYL\u00ae DP-D2641R \/ Dispersant is a key product of Longchang Chemical. We provide the best price. We are the leading manufacturer in China with the best quality and competitive price.\" \/>\n<meta name=\"robots\" content=\"index, follow, max-snippet:-1, max-image-preview:large, max-video-preview:-1\" \/>\n<link rel=\"canonical\" href=\"https:\/\/longchangchemical.com\/fr\/product\/agesin-dp-d2641r\/\" \/>\n<meta property=\"og:locale\" content=\"fr_FR\" \/>\n<meta property=\"og:type\" content=\"article\" \/>\n<meta property=\"og:title\" content=\"China CHLUMICRYL\u00ae DP-D2641R \/ Dispersant Manufacturer - Longchang Chemical\" \/>\n<meta property=\"og:description\" content=\"CHLUMICRYL\u00ae DP-D2641R \/ Dispersant is a key product of Longchang Chemical. We provide the best price. We are the leading manufacturer in China with the best quality and competitive price.\" \/>\n<meta property=\"og:url\" content=\"https:\/\/longchangchemical.com\/fr\/product\/agesin-dp-d2641r\/\" \/>\n<meta property=\"og:site_name\" content=\"Longchang Chemical\" \/>\n<meta property=\"article:modified_time\" content=\"2025-04-01T07:10:15+00:00\" \/>\n<meta property=\"og:image\" content=\"https:\/\/longchangchemical.com\/wp-content\/uploads\/2024\/02\/logo-jpeg.jpg\" \/>\n\t<meta property=\"og:image:width\" content=\"1000\" \/>\n\t<meta property=\"og:image:height\" content=\"1000\" \/>\n\t<meta property=\"og:image:type\" content=\"image\/jpeg\" \/>\n<meta name=\"twitter:card\" content=\"summary_large_image\" \/>\n<script type=\"application\/ld+json\" class=\"yoast-schema-graph\">{\"@context\":\"https:\/\/schema.org\",\"@graph\":[{\"@type\":\"WebPage\",\"@id\":\"https:\/\/longchangchemical.com\/product\/agesin-dp-d2641r\/\",\"url\":\"https:\/\/longchangchemical.com\/product\/agesin-dp-d2641r\/\",\"name\":\"China CHLUMICRYL\u00ae DP-D2641R \/ Dispersant Manufacturer - Longchang Chemical\",\"isPartOf\":{\"@id\":\"https:\/\/longchangchemical.com\/#website\"},\"datePublished\":\"2023-03-09T14:50:19+00:00\",\"dateModified\":\"2025-04-01T07:10:15+00:00\",\"description\":\"CHLUMICRYL\u00ae DP-D2641R \/ Dispersant is a key product of Longchang Chemical. We provide the best price. We are the leading manufacturer in China with the best quality and competitive price.\",\"breadcrumb\":{\"@id\":\"https:\/\/longchangchemical.com\/product\/agesin-dp-d2641r\/#breadcrumb\"},\"inLanguage\":\"fr-FR\",\"potentialAction\":[{\"@type\":\"ReadAction\",\"target\":[\"https:\/\/longchangchemical.com\/product\/agesin-dp-d2641r\/\"]}]},{\"@type\":\"BreadcrumbList\",\"@id\":\"https:\/\/longchangchemical.com\/product\/agesin-dp-d2641r\/#breadcrumb\",\"itemListElement\":[{\"@type\":\"ListItem\",\"position\":1,\"name\":\"Home\",\"item\":\"https:\/\/longchangchemical.com\/\"},{\"@type\":\"ListItem\",\"position\":2,\"name\":\"Products Longchang\",\"item\":\"https:\/\/longchangchemical.com\/product\/\"},{\"@type\":\"ListItem\",\"position\":3,\"name\":\"CHLUMICRYL\u00ae DP-D2641R \/ Dispersant\"}]},{\"@type\":\"WebSite\",\"@id\":\"https:\/\/longchangchemical.com\/#website\",\"url\":\"https:\/\/longchangchemical.com\/\",\"name\":\"Longchang Chemical\",\"description\":\"China chemical manufacturer \uff06 supplier\",\"publisher\":{\"@id\":\"https:\/\/longchangchemical.com\/#organization\"},\"potentialAction\":[{\"@type\":\"SearchAction\",\"target\":{\"@type\":\"EntryPoint\",\"urlTemplate\":\"https:\/\/longchangchemical.com\/?s={search_term_string}\"},\"query-input\":{\"@type\":\"PropertyValueSpecification\",\"valueRequired\":true,\"valueName\":\"search_term_string\"}}],\"inLanguage\":\"fr-FR\"},{\"@type\":\"Organization\",\"@id\":\"https:\/\/longchangchemical.com\/#organization\",\"name\":\"Longchang Chemical\",\"url\":\"https:\/\/longchangchemical.com\/\",\"logo\":{\"@type\":\"ImageObject\",\"inLanguage\":\"fr-FR\",\"@id\":\"https:\/\/longchangchemical.com\/#\/schema\/logo\/image\/\",\"url\":\"https:\/\/longchangchemical.com\/wp-content\/uploads\/2020\/08\/cropped-longchang-logo.png\",\"contentUrl\":\"https:\/\/longchangchemical.com\/wp-content\/uploads\/2020\/08\/cropped-longchang-logo.png\",\"width\":512,\"height\":512,\"caption\":\"Longchang Chemical\"},\"image\":{\"@id\":\"https:\/\/longchangchemical.com\/#\/schema\/logo\/image\/\"}}]}<\/script>\n<!-- \/ Yoast SEO plugin. -->","yoast_head_json":{"title":"CHLUMICRYL\u00ae DP-D2641R \/ Fabricant de dispersants - Longchang Chemical","description":"CHLUMICRYL\u00ae DP-D2641R \/ Dispersant est un produit cl\u00e9 de Longchang Chemical. Nous fournissons le meilleur prix. Nous sommes le principal fabricant en Chine avec la meilleure qualit\u00e9 et un prix comp\u00e9titif.","robots":{"index":"index","follow":"follow","max-snippet":"max-snippet:-1","max-image-preview":"max-image-preview:large","max-video-preview":"max-video-preview:-1"},"canonical":"https:\/\/longchangchemical.com\/fr\/product\/agesin-dp-d2641r\/","og_locale":"fr_FR","og_type":"article","og_title":"China CHLUMICRYL\u00ae DP-D2641R \/ Dispersant Manufacturer - Longchang Chemical","og_description":"CHLUMICRYL\u00ae DP-D2641R \/ Dispersant is a key product of Longchang Chemical. We provide the best price. We are the leading manufacturer in China with the best quality and competitive price.","og_url":"https:\/\/longchangchemical.com\/fr\/product\/agesin-dp-d2641r\/","og_site_name":"Longchang Chemical","article_modified_time":"2025-04-01T07:10:15+00:00","og_image":[{"width":1000,"height":1000,"url":"https:\/\/longchangchemical.com\/wp-content\/uploads\/2024\/02\/logo-jpeg.jpg","type":"image\/jpeg"}],"twitter_card":"summary_large_image","schema":{"@context":"https:\/\/schema.org","@graph":[{"@type":"WebPage","@id":"https:\/\/longchangchemical.com\/product\/agesin-dp-d2641r\/","url":"https:\/\/longchangchemical.com\/product\/agesin-dp-d2641r\/","name":"CHLUMICRYL\u00ae DP-D2641R \/ Fabricant de dispersants - Longchang Chemical","isPartOf":{"@id":"https:\/\/longchangchemical.com\/#website"},"datePublished":"2023-03-09T14:50:19+00:00","dateModified":"2025-04-01T07:10:15+00:00","description":"CHLUMICRYL\u00ae DP-D2641R \/ Dispersant est un produit cl\u00e9 de Longchang Chemical. Nous fournissons le meilleur prix. Nous sommes le principal fabricant en Chine avec la meilleure qualit\u00e9 et un prix comp\u00e9titif.","breadcrumb":{"@id":"https:\/\/longchangchemical.com\/product\/agesin-dp-d2641r\/#breadcrumb"},"inLanguage":"fr-FR","potentialAction":[{"@type":"ReadAction","target":["https:\/\/longchangchemical.com\/product\/agesin-dp-d2641r\/"]}]},{"@type":"BreadcrumbList","@id":"https:\/\/longchangchemical.com\/product\/agesin-dp-d2641r\/#breadcrumb","itemListElement":[{"@type":"ListItem","position":1,"name":"Home","item":"https:\/\/longchangchemical.com\/"},{"@type":"ListItem","position":2,"name":"Products Longchang","item":"https:\/\/longchangchemical.com\/product\/"},{"@type":"ListItem","position":3,"name":"CHLUMICRYL\u00ae DP-D2641R \/ Dispersant"}]},{"@type":"WebSite","@id":"https:\/\/longchangchemical.com\/#website","url":"https:\/\/longchangchemical.com\/","name":"Longchang Chemical","description":"Fabricant chinois de produits chimiques \uff06 fournisseur","publisher":{"@id":"https:\/\/longchangchemical.com\/#organization"},"potentialAction":[{"@type":"SearchAction","target":{"@type":"EntryPoint","urlTemplate":"https:\/\/longchangchemical.com\/?s={search_term_string}"},"query-input":{"@type":"PropertyValueSpecification","valueRequired":true,"valueName":"search_term_string"}}],"inLanguage":"fr-FR"},{"@type":"Organization","@id":"https:\/\/longchangchemical.com\/#organization","name":"Longchang Chemical","url":"https:\/\/longchangchemical.com\/","logo":{"@type":"ImageObject","inLanguage":"fr-FR","@id":"https:\/\/longchangchemical.com\/#\/schema\/logo\/image\/","url":"https:\/\/longchangchemical.com\/wp-content\/uploads\/2020\/08\/cropped-longchang-logo.png","contentUrl":"https:\/\/longchangchemical.com\/wp-content\/uploads\/2020\/08\/cropped-longchang-logo.png","width":512,"height":512,"caption":"Longchang Chemical"},"image":{"@id":"https:\/\/longchangchemical.com\/#\/schema\/logo\/image\/"}}]}},"_links":{"self":[{"href":"https:\/\/longchangchemical.com\/fr\/wp-json\/wp\/v2\/product\/5980","targetHints":{"allow":["GET"]}}],"collection":[{"href":"https:\/\/longchangchemical.com\/fr\/wp-json\/wp\/v2\/product"}],"about":[{"href":"https:\/\/longchangchemical.com\/fr\/wp-json\/wp\/v2\/types\/product"}],"replies":[{"embeddable":true,"href":"https:\/\/longchangchemical.com\/fr\/wp-json\/wp\/v2\/comments?post=5980"}],"wp:attachment":[{"href":"https:\/\/longchangchemical.com\/fr\/wp-json\/wp\/v2\/media?parent=5980"}],"wp:term":[{"taxonomy":"product_brand","embeddable":true,"href":"https:\/\/longchangchemical.com\/fr\/wp-json\/wp\/v2\/product_brand?post=5980"},{"taxonomy":"product_cat","embeddable":true,"href":"https:\/\/longchangchemical.com\/fr\/wp-json\/wp\/v2\/product_cat?post=5980"},{"taxonomy":"product_tag","embeddable":true,"href":"https:\/\/longchangchemical.com\/fr\/wp-json\/wp\/v2\/product_tag?post=5980"}],"curies":[{"name":"wp","href":"https:\/\/api.w.org\/{rel}","templated":true}]}}