{"id":5974,"date":"2023-03-07T08:04:35","date_gmt":"2023-03-07T08:04:35","guid":{"rendered":"https:\/\/longchangchemical.com\/?post_type=product&#038;p=5974"},"modified":"2026-05-08T08:26:17","modified_gmt":"2026-05-08T08:26:17","slug":"agesindp-d2608r","status":"publish","type":"product","link":"https:\/\/longchangchemical.com\/fr\/product\/agesindp-d2608r\/","title":{"rendered":"CHLUMICRYL\u00ae DP-D2608R \/ Dispersant"},"content":{"rendered":"<h2>DP-D2608R \/ Dispersant<\/h2>\n<table style=\"border-collapse: collapse; width: 261.77pt;\" border=\"0\" width=\"349\" cellspacing=\"0\" cellpadding=\"0\">\n<tbody>\n<tr style=\"height: 13.50pt;\">\n<td class=\"et2\" style=\"height: 13.50pt; width: 92.25pt;\" width=\"123\" height=\"18\">Composition<\/td>\n<td class=\"et2\" style=\"width: 169.50pt;\" width=\"226\">Solution de copolym\u00e8re d'acrylate<\/td>\n<\/tr>\n<tr style=\"height: 24.00pt;\">\n<td class=\"et2\" style=\"height: 24.00pt; width: 92.25pt;\" width=\"123\" height=\"32\">Apparence<\/td>\n<td class=\"et2\" style=\"width: 169.50pt;\" width=\"226\">Liquide transparent l\u00e9g\u00e8rement jaune \u00e0 jaune<\/td>\n<\/tr>\n<tr style=\"height: 13.50pt;\">\n<td class=\"et2\" style=\"height: 13.50pt; width: 92.25pt;\" width=\"123\" height=\"18\">Solvant Sinosolv<\/td>\n<td class=\"et2\" style=\"width: 169.50pt;\" width=\"226\">Ac\u00e9tate d'\u00e9ther m\u00e9thylique de dipropyl\u00e8ne glycol<\/td>\n<\/tr>\n<tr style=\"height: 13.50pt;\">\n<td class=\"et2\" style=\"height: 13.50pt; width: 92.25pt;\" width=\"123\" height=\"18\">Densit\u00e9<\/td>\n<td class=\"et2\" style=\"width: 169.50pt;\" width=\"226\">0,97-1,01 g\/ml (25\u00b11)\u2103<\/td>\n<\/tr>\n<tr style=\"height: 23.25pt;\">\n<td class=\"et2\" style=\"height: 23.25pt; width: 92.25pt;\" width=\"123\" height=\"31\">Viscosit\u00e9<\/td>\n<td class=\"et2\" style=\"width: 169.50pt;\" width=\"226\">10-40 s (m\u00e9thode du gobelet de rev\u00eatement-4) (25\u00b10,2)\u2103<\/td>\n<\/tr>\n<tr style=\"height: 24.00pt;\">\n<td class=\"et2\" style=\"height: 24.00pt; width: 92.25pt;\" width=\"123\" height=\"32\">Teneur en substances actives<\/td>\n<td class=\"et3\" style=\"width: 169.50pt;\" width=\"226\">60%<\/td>\n<\/tr>\n<tr style=\"height: 13.50pt;\">\n<td class=\"et2\" style=\"height: 13.50pt; width: 92.25pt;\" width=\"123\" height=\"18\">Valeur de l'amine<\/td>\n<td class=\"et2\" style=\"width: 169.50pt;\" width=\"226\">55-65 mgKOH\/g<\/td>\n<\/tr>\n<tr style=\"height: 13.50pt;\">\n<td class=\"et2\" style=\"height: 13.50pt; width: 92.25pt;\" width=\"123\" height=\"18\">Point d'\u00e9clair<\/td>\n<td class=\"et2\" style=\"width: 169.50pt;\" width=\"226\">&gt;70\u00b0C<\/td>\n<\/tr>\n<\/tbody>\n<\/table>\n<p>&nbsp;<\/p>\n<h2><strong>LA-D2608R Domaines d'application<\/strong><\/h2>\n<p>Syst\u00e8mes \u00e0 base de solvants et durcissant aux UV<\/p>\n<h2><strong>LA-D2608R Caract\u00e9ristiques principales<\/strong><\/h2>\n<p>1\u3001Dispersion de la poudre mate et de la charge inorganique avec un excellent effet de r\u00e9duction de la viscosit\u00e9.<br \/>\n2\u3001Am\u00e9liorer la dispersion et la stabilit\u00e9 de la poudre mate et de la charge.<br \/>\n3\u3001Il a un bon effet d'alignement directionnel sur la poudre mate et r\u00e9duit efficacement la brillance.<br \/>\n4\u3001Il peut \u00eatre compatible avec la plupart des poudres mates et autres charges inorganiques gr\u00e2ce \u00e0 son groupe d'affinit\u00e9 avec les pigments alcalins.<\/p>\n<h2><strong>LA-D2608R M\u00e9thode d'utilisation<\/strong><\/h2>\n<p>Bien m\u00e9langer la r\u00e9sine, le solvant et le dispersant, puis ajouter la charge color\u00e9e ou la poudre mate, bien m\u00e9langer et disperser \u00e0 grande vitesse.<\/p>\n<h2><strong>LA-D2608R Dosage recommand\u00e9<\/strong><\/h2>\n<p>3-15% pour la poudre mate sous forme de fourniture d'additifs<\/p>\n<h2><strong>LA-D2608R Stabilit\u00e9 de stockage<\/strong><\/h2>\n<p>24 mois dans l'emballage d'origine non ouvert. Une fois la p\u00e9riode de stockage d\u00e9pass\u00e9e, le produit peut continuer \u00e0 \u00eatre utilis\u00e9 apr\u00e8s avoir pass\u00e9 l'inspection. Avant que le conteneur ne soit compl\u00e8tement vide, il doit \u00eatre ferm\u00e9 herm\u00e9tiquement imm\u00e9diatement apr\u00e8s utilisation.<\/p>\n<h2><strong>Paquet LA-D2608R<\/strong><\/h2>\n<p>25KG \/ 180KG.<\/p>\n<h2><strong><b>Contactez-nous d\u00e8s maintenant !<\/b><\/strong><\/h2>\n<h4><strong><b>Si vous avez besoin de COA, MSDS ou TDS OF Levelling agent, veuillez remplir vos coordonn\u00e9es dans le formulaire ci-dessous, nous vous contacterons g\u00e9n\u00e9ralement dans les 24 heures. Vous pouvez \u00e9galement m'envoyer un courriel <span style=\"color: #00ccff;\"><a style=\"color: #00ccff;\" href=\"mailto:info@longchangchemical.com\">info@longchangchemical.com<\/a><\/span> pendant les heures de travail ( 8:30 am to 6:00 pm UTC+8 Mon.~Sat. ) ou utilisez le chat en direct du site web pour obtenir une r\u00e9ponse rapide.<\/b><\/strong><\/h4>","protected":false},"excerpt":{"rendered":"<p>DP-D2608R Dispersant Coating Additive is a coating additive for coatings, inks and specialty surface modification. Key benefits include solvent and dispersant well and then add color filler or matte powder and stir well and disperse at high speed. LA-D2608R Recommended dosage 3-15% for matte powder in the form of additive supply LA-D2608R.<\/p>","protected":false},"featured_media":0,"comment_status":"closed","ping_status":"closed","template":"","meta":[],"product_brand":[],"product_cat":[138],"product_tag":[],"class_list":{"0":"post-5974","1":"product","2":"type-product","3":"status-publish","5":"product_cat-coating-and-ink-additives","7":"first","8":"instock","9":"shipping-taxable","10":"product-type-simple"},"yoast_head":"<!-- This site is optimized with the Yoast SEO plugin v25.3.1 - https:\/\/yoast.com\/wordpress\/plugins\/seo\/ -->\n<title>DP-D2608R Dispersant Coating Additive | Longchang Chemical<\/title>\n<meta name=\"description\" content=\"DP-D2608R Dispersant Coating Additive is a coating additive for coatings, inks and specialty surface modification. Key benefits include solvent and\" \/>\n<meta name=\"robots\" content=\"index, follow, max-snippet:-1, max-image-preview:large, max-video-preview:-1\" \/>\n<link rel=\"canonical\" href=\"https:\/\/longchangchemical.com\/fr\/product\/agesindp-d2608r\/\" \/>\n<meta property=\"og:locale\" content=\"fr_FR\" \/>\n<meta property=\"og:type\" content=\"article\" \/>\n<meta property=\"og:title\" content=\"DP-D2608R Dispersant Coating Additive | Longchang Chemical\" \/>\n<meta property=\"og:description\" content=\"DP-D2608R Dispersant Coating Additive is a coating additive for coatings, inks and specialty surface modification. Key benefits include solvent and\" \/>\n<meta property=\"og:url\" content=\"https:\/\/longchangchemical.com\/fr\/product\/agesindp-d2608r\/\" \/>\n<meta property=\"og:site_name\" content=\"Longchang Chemical\" \/>\n<meta property=\"article:modified_time\" content=\"2026-05-08T08:26:17+00:00\" \/>\n<meta property=\"og:image\" content=\"https:\/\/longchangchemical.com\/wp-content\/uploads\/2024\/02\/logo-jpeg.jpg\" \/>\n\t<meta property=\"og:image:width\" content=\"1000\" \/>\n\t<meta property=\"og:image:height\" content=\"1000\" \/>\n\t<meta property=\"og:image:type\" content=\"image\/jpeg\" \/>\n<meta name=\"twitter:card\" content=\"summary_large_image\" \/>\n<script type=\"application\/ld+json\" class=\"yoast-schema-graph\">{\"@context\":\"https:\/\/schema.org\",\"@graph\":[{\"@type\":\"WebPage\",\"@id\":\"https:\/\/longchangchemical.com\/product\/agesindp-d2608r\/\",\"url\":\"https:\/\/longchangchemical.com\/product\/agesindp-d2608r\/\",\"name\":\"DP-D2608R Dispersant Coating Additive | Longchang Chemical\",\"isPartOf\":{\"@id\":\"https:\/\/longchangchemical.com\/#website\"},\"datePublished\":\"2023-03-07T08:04:35+00:00\",\"dateModified\":\"2026-05-08T08:26:17+00:00\",\"description\":\"DP-D2608R Dispersant Coating Additive is a coating additive for coatings, inks and specialty surface modification. Key benefits include solvent and\",\"breadcrumb\":{\"@id\":\"https:\/\/longchangchemical.com\/product\/agesindp-d2608r\/#breadcrumb\"},\"inLanguage\":\"fr-FR\",\"potentialAction\":[{\"@type\":\"ReadAction\",\"target\":[\"https:\/\/longchangchemical.com\/product\/agesindp-d2608r\/\"]}]},{\"@type\":\"BreadcrumbList\",\"@id\":\"https:\/\/longchangchemical.com\/product\/agesindp-d2608r\/#breadcrumb\",\"itemListElement\":[{\"@type\":\"ListItem\",\"position\":1,\"name\":\"Home\",\"item\":\"https:\/\/longchangchemical.com\/\"},{\"@type\":\"ListItem\",\"position\":2,\"name\":\"Products Longchang\",\"item\":\"https:\/\/longchangchemical.com\/product\/\"},{\"@type\":\"ListItem\",\"position\":3,\"name\":\"CHLUMICRYL\u00ae DP-D2608R \/ Dispersant\"}]},{\"@type\":\"WebSite\",\"@id\":\"https:\/\/longchangchemical.com\/#website\",\"url\":\"https:\/\/longchangchemical.com\/\",\"name\":\"Longchang Chemical\",\"description\":\"China chemical manufacturer \uff06 supplier\",\"publisher\":{\"@id\":\"https:\/\/longchangchemical.com\/#organization\"},\"potentialAction\":[{\"@type\":\"SearchAction\",\"target\":{\"@type\":\"EntryPoint\",\"urlTemplate\":\"https:\/\/longchangchemical.com\/?s={search_term_string}\"},\"query-input\":{\"@type\":\"PropertyValueSpecification\",\"valueRequired\":true,\"valueName\":\"search_term_string\"}}],\"inLanguage\":\"fr-FR\"},{\"@type\":\"Organization\",\"@id\":\"https:\/\/longchangchemical.com\/#organization\",\"name\":\"Longchang Chemical\",\"url\":\"https:\/\/longchangchemical.com\/\",\"logo\":{\"@type\":\"ImageObject\",\"inLanguage\":\"fr-FR\",\"@id\":\"https:\/\/longchangchemical.com\/#\/schema\/logo\/image\/\",\"url\":\"https:\/\/longchangchemical.com\/wp-content\/uploads\/2020\/08\/cropped-longchang-logo.png\",\"contentUrl\":\"https:\/\/longchangchemical.com\/wp-content\/uploads\/2020\/08\/cropped-longchang-logo.png\",\"width\":512,\"height\":512,\"caption\":\"Longchang Chemical\"},\"image\":{\"@id\":\"https:\/\/longchangchemical.com\/#\/schema\/logo\/image\/\"}}]}<\/script>\n<!-- \/ Yoast SEO plugin. -->","yoast_head_json":{"title":"DP-D2608R Dispersant Coating Additive | Longchang Chemical","description":"DP-D2608R Dispersant Coating Additive is a coating additive for coatings, inks and specialty surface modification. Key benefits include solvent and","robots":{"index":"index","follow":"follow","max-snippet":"max-snippet:-1","max-image-preview":"max-image-preview:large","max-video-preview":"max-video-preview:-1"},"canonical":"https:\/\/longchangchemical.com\/fr\/product\/agesindp-d2608r\/","og_locale":"fr_FR","og_type":"article","og_title":"DP-D2608R Dispersant Coating Additive | Longchang Chemical","og_description":"DP-D2608R Dispersant Coating Additive is a coating additive for coatings, inks and specialty surface modification. Key benefits include solvent and","og_url":"https:\/\/longchangchemical.com\/fr\/product\/agesindp-d2608r\/","og_site_name":"Longchang Chemical","article_modified_time":"2026-05-08T08:26:17+00:00","og_image":[{"width":1000,"height":1000,"url":"https:\/\/longchangchemical.com\/wp-content\/uploads\/2024\/02\/logo-jpeg.jpg","type":"image\/jpeg"}],"twitter_card":"summary_large_image","schema":{"@context":"https:\/\/schema.org","@graph":[{"@type":"WebPage","@id":"https:\/\/longchangchemical.com\/product\/agesindp-d2608r\/","url":"https:\/\/longchangchemical.com\/product\/agesindp-d2608r\/","name":"DP-D2608R Dispersant Coating Additive | Longchang Chemical","isPartOf":{"@id":"https:\/\/longchangchemical.com\/#website"},"datePublished":"2023-03-07T08:04:35+00:00","dateModified":"2026-05-08T08:26:17+00:00","description":"DP-D2608R Dispersant Coating Additive is a coating additive for coatings, inks and specialty surface modification. Key benefits include solvent and","breadcrumb":{"@id":"https:\/\/longchangchemical.com\/product\/agesindp-d2608r\/#breadcrumb"},"inLanguage":"fr-FR","potentialAction":[{"@type":"ReadAction","target":["https:\/\/longchangchemical.com\/product\/agesindp-d2608r\/"]}]},{"@type":"BreadcrumbList","@id":"https:\/\/longchangchemical.com\/product\/agesindp-d2608r\/#breadcrumb","itemListElement":[{"@type":"ListItem","position":1,"name":"Home","item":"https:\/\/longchangchemical.com\/"},{"@type":"ListItem","position":2,"name":"Products Longchang","item":"https:\/\/longchangchemical.com\/product\/"},{"@type":"ListItem","position":3,"name":"CHLUMICRYL\u00ae DP-D2608R \/ Dispersant"}]},{"@type":"WebSite","@id":"https:\/\/longchangchemical.com\/#website","url":"https:\/\/longchangchemical.com\/","name":"Longchang Chemical","description":"Fabricant chinois de produits chimiques \uff06 fournisseur","publisher":{"@id":"https:\/\/longchangchemical.com\/#organization"},"potentialAction":[{"@type":"SearchAction","target":{"@type":"EntryPoint","urlTemplate":"https:\/\/longchangchemical.com\/?s={search_term_string}"},"query-input":{"@type":"PropertyValueSpecification","valueRequired":true,"valueName":"search_term_string"}}],"inLanguage":"fr-FR"},{"@type":"Organization","@id":"https:\/\/longchangchemical.com\/#organization","name":"Longchang Chemical","url":"https:\/\/longchangchemical.com\/","logo":{"@type":"ImageObject","inLanguage":"fr-FR","@id":"https:\/\/longchangchemical.com\/#\/schema\/logo\/image\/","url":"https:\/\/longchangchemical.com\/wp-content\/uploads\/2020\/08\/cropped-longchang-logo.png","contentUrl":"https:\/\/longchangchemical.com\/wp-content\/uploads\/2020\/08\/cropped-longchang-logo.png","width":512,"height":512,"caption":"Longchang Chemical"},"image":{"@id":"https:\/\/longchangchemical.com\/#\/schema\/logo\/image\/"}}]}},"_links":{"self":[{"href":"https:\/\/longchangchemical.com\/fr\/wp-json\/wp\/v2\/product\/5974","targetHints":{"allow":["GET"]}}],"collection":[{"href":"https:\/\/longchangchemical.com\/fr\/wp-json\/wp\/v2\/product"}],"about":[{"href":"https:\/\/longchangchemical.com\/fr\/wp-json\/wp\/v2\/types\/product"}],"replies":[{"embeddable":true,"href":"https:\/\/longchangchemical.com\/fr\/wp-json\/wp\/v2\/comments?post=5974"}],"wp:attachment":[{"href":"https:\/\/longchangchemical.com\/fr\/wp-json\/wp\/v2\/media?parent=5974"}],"wp:term":[{"taxonomy":"product_brand","embeddable":true,"href":"https:\/\/longchangchemical.com\/fr\/wp-json\/wp\/v2\/product_brand?post=5974"},{"taxonomy":"product_cat","embeddable":true,"href":"https:\/\/longchangchemical.com\/fr\/wp-json\/wp\/v2\/product_cat?post=5974"},{"taxonomy":"product_tag","embeddable":true,"href":"https:\/\/longchangchemical.com\/fr\/wp-json\/wp\/v2\/product_tag?post=5974"}],"curies":[{"name":"wp","href":"https:\/\/api.w.org\/{rel}","templated":true}]}}