{"id":5973,"date":"2023-03-06T12:53:24","date_gmt":"2023-03-06T12:53:24","guid":{"rendered":"https:\/\/longchangchemical.com\/?post_type=product&#038;p=5973"},"modified":"2025-04-01T07:10:29","modified_gmt":"2025-04-01T07:10:29","slug":"agesin-dp-d2792","status":"publish","type":"product","link":"https:\/\/longchangchemical.com\/fr\/product\/agesin-dp-d2792\/","title":{"rendered":"CHLUMICRYL\u00ae DP-D2792 \/ Dispersant"},"content":{"rendered":"<h1><strong>DP-D2792 \/ Dispersant<\/strong><\/h1>\n<h2><strong>DP-D2792 Domaines d'application<\/strong><\/h2>\n<p>Syst\u00e8mes \u00e0 base d'eau<\/p>\n<h2><strong>DP-D2792 Caract\u00e9ristiques principales<\/strong><\/h2>\n<p>Sans APEO.<br \/>\nMouillage et dispersion efficaces des pigments inorganiques et organiques et du noir de carbone.<br \/>\nBon effet de r\u00e9duction de la viscosit\u00e9, am\u00e9lioration du nivellement et de la teneur en pigments de la p\u00e2te color\u00e9e.<br \/>\nExcellente propri\u00e9t\u00e9 d'\u00e9talement des pigments.<br \/>\nPeut \u00eatre utilis\u00e9 dans une vari\u00e9t\u00e9 de syst\u00e8mes de r\u00e9sine \u00e0 base d'eau.<\/p>\n<h2><strong>DP-D2792 M\u00e9thode d'utilisation<\/strong><\/h2>\n<p>Le dispersant doit \u00eatre ajout\u00e9 au mat\u00e9riau de broyage et bien agit\u00e9, puis ajouter le pigment pour le broyer et le disperser.<\/p>\n<h2><strong>DP-D2792 Stabilit\u00e9 du stockage<\/strong><\/h2>\n<p>Conserver l'emballage d'origine non ouvert pendant 24 mois. Une fois la p\u00e9riode de stockage d\u00e9pass\u00e9e, le produit peut continuer \u00e0 \u00eatre utilis\u00e9 apr\u00e8s avoir \u00e9t\u00e9 contr\u00f4l\u00e9. Avant que le conteneur ne soit compl\u00e8tement vide, il doit \u00eatre ferm\u00e9 herm\u00e9tiquement imm\u00e9diatement apr\u00e8s utilisation.<\/p>\n<h2><strong>Paquet DP-D2792<\/strong><\/h2>\n<p><strong>25KG \/ 200KG<\/strong><\/p>\n<h2><strong><b>Contactez-nous d\u00e8s maintenant !<\/b><\/strong><\/h2>\n<h4><strong><b>Si vous avez besoin de COA, MSDS ou TDS, veuillez remplir vos coordonn\u00e9es dans le formulaire ci-dessous, nous vous contacterons g\u00e9n\u00e9ralement dans les 24 heures. Vous pouvez \u00e9galement m'envoyer un courriel<span style=\"color: #00ccff;\"> <a style=\"color: #00ccff;\" href=\"mailto:info@longchangchemical.com\">info@longchangchemical.com<\/a><\/span> pendant les heures de travail ( 8:30 am to 6:00 pm UTC+8 Mon.~Sat. ) ou utilisez le chat en direct du site web pour obtenir une r\u00e9ponse rapide.<\/b><\/strong><\/h4>","protected":false},"excerpt":{"rendered":"<p>Composition : solution de copolym\u00e8re contenant des groupes polaires<br \/>\nAspect : Liquide transparent l\u00e9g\u00e8rement jaune \u00e0 jaune<br \/>\nSolvant : Eau\/\u00e9ther m\u00e9thylique de dipropyl\u00e8ne glycol<br \/>\nDensit\u00e9 : 1,08-1,12g\/ml (25\u00b11)\u2103<br \/>\nViscosit\u00e9 : 500-2000mPa-s (m\u00e9thode du viscosim\u00e8tre rotatif) (25\u00b10.2)\u2103<br \/>\nTeneur en mati\u00e8res solides : 58\u00b13% (140\u2103 2h)<br \/>\nPoint d'\u00e9clair : \u226570\u2103<\/p>","protected":false},"featured_media":0,"comment_status":"closed","ping_status":"closed","template":"","meta":[],"product_brand":[],"product_cat":[138],"product_tag":[],"class_list":{"0":"post-5973","1":"product","2":"type-product","3":"status-publish","5":"product_cat-coating-and-ink-additives","7":"first","8":"instock","9":"shipping-taxable","10":"product-type-simple"},"yoast_head":"<!-- This site is optimized with the Yoast SEO plugin v25.3.1 - https:\/\/yoast.com\/wordpress\/plugins\/seo\/ -->\n<title>China CHLUMICRYL\u00ae DP-D2792 \/ Dispersant Manufacturer - Longchang Chemical<\/title>\n<meta name=\"description\" content=\"CHLUMICRYL\u00ae DP-D2792 \/ Dispersant is a key product of Longchang Chemical. We provide the best price. We are the leading manufacturer in China with the best quality and competitive price.\" \/>\n<meta name=\"robots\" content=\"index, follow, max-snippet:-1, max-image-preview:large, max-video-preview:-1\" \/>\n<link rel=\"canonical\" href=\"https:\/\/longchangchemical.com\/fr\/product\/agesin-dp-d2792\/\" \/>\n<meta property=\"og:locale\" content=\"fr_FR\" \/>\n<meta property=\"og:type\" content=\"article\" \/>\n<meta property=\"og:title\" content=\"China CHLUMICRYL\u00ae DP-D2792 \/ Dispersant Manufacturer - Longchang Chemical\" \/>\n<meta property=\"og:description\" content=\"CHLUMICRYL\u00ae DP-D2792 \/ Dispersant is a key product of Longchang Chemical. We provide the best price. We are the leading manufacturer in China with the best quality and competitive price.\" \/>\n<meta property=\"og:url\" content=\"https:\/\/longchangchemical.com\/fr\/product\/agesin-dp-d2792\/\" \/>\n<meta property=\"og:site_name\" content=\"Longchang Chemical\" \/>\n<meta property=\"article:modified_time\" content=\"2025-04-01T07:10:29+00:00\" \/>\n<meta property=\"og:image\" content=\"https:\/\/longchangchemical.com\/wp-content\/uploads\/2024\/02\/logo-jpeg.jpg\" \/>\n\t<meta property=\"og:image:width\" content=\"1000\" \/>\n\t<meta property=\"og:image:height\" content=\"1000\" \/>\n\t<meta property=\"og:image:type\" content=\"image\/jpeg\" \/>\n<meta name=\"twitter:card\" content=\"summary_large_image\" \/>\n<script type=\"application\/ld+json\" class=\"yoast-schema-graph\">{\"@context\":\"https:\/\/schema.org\",\"@graph\":[{\"@type\":\"WebPage\",\"@id\":\"https:\/\/longchangchemical.com\/product\/agesin-dp-d2792\/\",\"url\":\"https:\/\/longchangchemical.com\/product\/agesin-dp-d2792\/\",\"name\":\"China CHLUMICRYL\u00ae DP-D2792 \/ Dispersant Manufacturer - Longchang Chemical\",\"isPartOf\":{\"@id\":\"https:\/\/longchangchemical.com\/#website\"},\"datePublished\":\"2023-03-06T12:53:24+00:00\",\"dateModified\":\"2025-04-01T07:10:29+00:00\",\"description\":\"CHLUMICRYL\u00ae DP-D2792 \/ Dispersant is a key product of Longchang Chemical. We provide the best price. We are the leading manufacturer in China with the best quality and competitive price.\",\"breadcrumb\":{\"@id\":\"https:\/\/longchangchemical.com\/product\/agesin-dp-d2792\/#breadcrumb\"},\"inLanguage\":\"fr-FR\",\"potentialAction\":[{\"@type\":\"ReadAction\",\"target\":[\"https:\/\/longchangchemical.com\/product\/agesin-dp-d2792\/\"]}]},{\"@type\":\"BreadcrumbList\",\"@id\":\"https:\/\/longchangchemical.com\/product\/agesin-dp-d2792\/#breadcrumb\",\"itemListElement\":[{\"@type\":\"ListItem\",\"position\":1,\"name\":\"Home\",\"item\":\"https:\/\/longchangchemical.com\/\"},{\"@type\":\"ListItem\",\"position\":2,\"name\":\"Products Longchang\",\"item\":\"https:\/\/longchangchemical.com\/product\/\"},{\"@type\":\"ListItem\",\"position\":3,\"name\":\"CHLUMICRYL\u00ae DP-D2792 \/ Dispersant\"}]},{\"@type\":\"WebSite\",\"@id\":\"https:\/\/longchangchemical.com\/#website\",\"url\":\"https:\/\/longchangchemical.com\/\",\"name\":\"Longchang Chemical\",\"description\":\"China chemical manufacturer \uff06 supplier\",\"publisher\":{\"@id\":\"https:\/\/longchangchemical.com\/#organization\"},\"potentialAction\":[{\"@type\":\"SearchAction\",\"target\":{\"@type\":\"EntryPoint\",\"urlTemplate\":\"https:\/\/longchangchemical.com\/?s={search_term_string}\"},\"query-input\":{\"@type\":\"PropertyValueSpecification\",\"valueRequired\":true,\"valueName\":\"search_term_string\"}}],\"inLanguage\":\"fr-FR\"},{\"@type\":\"Organization\",\"@id\":\"https:\/\/longchangchemical.com\/#organization\",\"name\":\"Longchang Chemical\",\"url\":\"https:\/\/longchangchemical.com\/\",\"logo\":{\"@type\":\"ImageObject\",\"inLanguage\":\"fr-FR\",\"@id\":\"https:\/\/longchangchemical.com\/#\/schema\/logo\/image\/\",\"url\":\"https:\/\/longchangchemical.com\/wp-content\/uploads\/2020\/08\/cropped-longchang-logo.png\",\"contentUrl\":\"https:\/\/longchangchemical.com\/wp-content\/uploads\/2020\/08\/cropped-longchang-logo.png\",\"width\":512,\"height\":512,\"caption\":\"Longchang Chemical\"},\"image\":{\"@id\":\"https:\/\/longchangchemical.com\/#\/schema\/logo\/image\/\"}}]}<\/script>\n<!-- \/ Yoast SEO plugin. -->","yoast_head_json":{"title":"CHLUMICRYL\u00ae DP-D2792 \/ Fabricant de dispersants - Longchang Chemical","description":"CHLUMICRYL\u00ae DP-D2792 \/ Dispersant est un produit cl\u00e9 de Longchang Chemical. Nous fournissons le meilleur prix. Nous sommes le principal fabricant en Chine avec la meilleure qualit\u00e9 et un prix comp\u00e9titif.","robots":{"index":"index","follow":"follow","max-snippet":"max-snippet:-1","max-image-preview":"max-image-preview:large","max-video-preview":"max-video-preview:-1"},"canonical":"https:\/\/longchangchemical.com\/fr\/product\/agesin-dp-d2792\/","og_locale":"fr_FR","og_type":"article","og_title":"China CHLUMICRYL\u00ae DP-D2792 \/ Dispersant Manufacturer - Longchang Chemical","og_description":"CHLUMICRYL\u00ae DP-D2792 \/ Dispersant is a key product of Longchang Chemical. We provide the best price. We are the leading manufacturer in China with the best quality and competitive price.","og_url":"https:\/\/longchangchemical.com\/fr\/product\/agesin-dp-d2792\/","og_site_name":"Longchang Chemical","article_modified_time":"2025-04-01T07:10:29+00:00","og_image":[{"width":1000,"height":1000,"url":"https:\/\/longchangchemical.com\/wp-content\/uploads\/2024\/02\/logo-jpeg.jpg","type":"image\/jpeg"}],"twitter_card":"summary_large_image","schema":{"@context":"https:\/\/schema.org","@graph":[{"@type":"WebPage","@id":"https:\/\/longchangchemical.com\/product\/agesin-dp-d2792\/","url":"https:\/\/longchangchemical.com\/product\/agesin-dp-d2792\/","name":"CHLUMICRYL\u00ae DP-D2792 \/ Fabricant de dispersants - Longchang Chemical","isPartOf":{"@id":"https:\/\/longchangchemical.com\/#website"},"datePublished":"2023-03-06T12:53:24+00:00","dateModified":"2025-04-01T07:10:29+00:00","description":"CHLUMICRYL\u00ae DP-D2792 \/ Dispersant est un produit cl\u00e9 de Longchang Chemical. Nous fournissons le meilleur prix. Nous sommes le principal fabricant en Chine avec la meilleure qualit\u00e9 et un prix comp\u00e9titif.","breadcrumb":{"@id":"https:\/\/longchangchemical.com\/product\/agesin-dp-d2792\/#breadcrumb"},"inLanguage":"fr-FR","potentialAction":[{"@type":"ReadAction","target":["https:\/\/longchangchemical.com\/product\/agesin-dp-d2792\/"]}]},{"@type":"BreadcrumbList","@id":"https:\/\/longchangchemical.com\/product\/agesin-dp-d2792\/#breadcrumb","itemListElement":[{"@type":"ListItem","position":1,"name":"Home","item":"https:\/\/longchangchemical.com\/"},{"@type":"ListItem","position":2,"name":"Products Longchang","item":"https:\/\/longchangchemical.com\/product\/"},{"@type":"ListItem","position":3,"name":"CHLUMICRYL\u00ae DP-D2792 \/ Dispersant"}]},{"@type":"WebSite","@id":"https:\/\/longchangchemical.com\/#website","url":"https:\/\/longchangchemical.com\/","name":"Longchang Chemical","description":"Fabricant chinois de produits chimiques \uff06 fournisseur","publisher":{"@id":"https:\/\/longchangchemical.com\/#organization"},"potentialAction":[{"@type":"SearchAction","target":{"@type":"EntryPoint","urlTemplate":"https:\/\/longchangchemical.com\/?s={search_term_string}"},"query-input":{"@type":"PropertyValueSpecification","valueRequired":true,"valueName":"search_term_string"}}],"inLanguage":"fr-FR"},{"@type":"Organization","@id":"https:\/\/longchangchemical.com\/#organization","name":"Longchang Chemical","url":"https:\/\/longchangchemical.com\/","logo":{"@type":"ImageObject","inLanguage":"fr-FR","@id":"https:\/\/longchangchemical.com\/#\/schema\/logo\/image\/","url":"https:\/\/longchangchemical.com\/wp-content\/uploads\/2020\/08\/cropped-longchang-logo.png","contentUrl":"https:\/\/longchangchemical.com\/wp-content\/uploads\/2020\/08\/cropped-longchang-logo.png","width":512,"height":512,"caption":"Longchang Chemical"},"image":{"@id":"https:\/\/longchangchemical.com\/#\/schema\/logo\/image\/"}}]}},"_links":{"self":[{"href":"https:\/\/longchangchemical.com\/fr\/wp-json\/wp\/v2\/product\/5973","targetHints":{"allow":["GET"]}}],"collection":[{"href":"https:\/\/longchangchemical.com\/fr\/wp-json\/wp\/v2\/product"}],"about":[{"href":"https:\/\/longchangchemical.com\/fr\/wp-json\/wp\/v2\/types\/product"}],"replies":[{"embeddable":true,"href":"https:\/\/longchangchemical.com\/fr\/wp-json\/wp\/v2\/comments?post=5973"}],"wp:attachment":[{"href":"https:\/\/longchangchemical.com\/fr\/wp-json\/wp\/v2\/media?parent=5973"}],"wp:term":[{"taxonomy":"product_brand","embeddable":true,"href":"https:\/\/longchangchemical.com\/fr\/wp-json\/wp\/v2\/product_brand?post=5973"},{"taxonomy":"product_cat","embeddable":true,"href":"https:\/\/longchangchemical.com\/fr\/wp-json\/wp\/v2\/product_cat?post=5973"},{"taxonomy":"product_tag","embeddable":true,"href":"https:\/\/longchangchemical.com\/fr\/wp-json\/wp\/v2\/product_tag?post=5973"}],"curies":[{"name":"wp","href":"https:\/\/api.w.org\/{rel}","templated":true}]}}