{"id":5902,"date":"2023-02-08T10:48:42","date_gmt":"2023-02-08T10:48:42","guid":{"rendered":"https:\/\/longchangchemical.com\/?post_type=product&#038;p=5902"},"modified":"2025-04-01T07:10:53","modified_gmt":"2025-04-01T07:10:53","slug":"agesin-uv-d7700d-tego-rad-2700","status":"publish","type":"product","link":"https:\/\/longchangchemical.com\/fr\/product\/agesin-uv-d7700d-tego-rad-2700\/","title":{"rendered":"CHLUMICRYL\u00ae UV-D7700D \/ TEGO Rad 2700"},"content":{"rendered":"<h1>Additif de silicium r\u00e9actif avec groupe fonctionnel acrylique<\/h1>\n<table style=\"border-collapse: collapse; width: 316.52pt;\" border=\"0\" width=\"422\" cellspacing=\"0\" cellpadding=\"0\">\n<tbody>\n<tr style=\"height: 27.00pt;\">\n<td class=\"et2\" style=\"height: 27.00pt; width: 108.00pt;\" width=\"144\" height=\"36\">Composition<\/td>\n<td class=\"et2\" style=\"width: 208.50pt;\" width=\"278\">Additif silicone r\u00e9actif avec groupe fonctionnel acide acrylique<\/td>\n<\/tr>\n<tr style=\"height: 27.00pt;\">\n<td class=\"et2\" style=\"height: 27.00pt; width: 108.00pt;\" width=\"144\" height=\"36\">Apparence<\/td>\n<td class=\"et2\" style=\"width: 208.50pt;\" width=\"278\">Liquide l\u00e9g\u00e8rement jaun\u00e2tre \u00e0 jaun\u00e2tre et trouble<\/td>\n<\/tr>\n<tr style=\"height: 13.50pt;\">\n<td class=\"et2\" style=\"height: 13.50pt; width: 108.00pt;\" width=\"144\" height=\"18\">Solvant Sinosolv<\/td>\n<td class=\"et2\" style=\"width: 208.50pt;\" width=\"278\">--<\/td>\n<\/tr>\n<tr style=\"height: 13.50pt;\">\n<td class=\"et2\" style=\"height: 13.50pt; width: 108.00pt;\" width=\"144\" height=\"18\">Densit\u00e9<\/td>\n<td class=\"et2\" style=\"width: 208.50pt;\" width=\"278\">0,96-1,00g\/ml(25\u00b11)\u2103<\/td>\n<\/tr>\n<tr style=\"height: 13.50pt;\">\n<td class=\"et2\" style=\"height: 13.50pt; width: 108.00pt;\" width=\"144\" height=\"18\">Viscosit\u00e9<\/td>\n<td class=\"et2\" style=\"width: 208.50pt;\" width=\"278\">3000-10000 mPa-s<\/td>\n<\/tr>\n<tr style=\"height: 13.50pt;\">\n<td class=\"et2\" style=\"height: 13.50pt; width: 108.00pt;\" width=\"144\" height=\"18\"><\/td>\n<td class=\"et2\" style=\"width: 208.50pt;\" width=\"278\">(viscosim\u00e8tre rotatif)(25\u00b10,2)\u2103<\/td>\n<\/tr>\n<tr style=\"height: 13.50pt;\">\n<td class=\"et2\" style=\"height: 13.50pt; width: 108.00pt;\" width=\"144\" height=\"18\">Substance active<\/td>\n<td class=\"et3\" style=\"width: 208.50pt;\" width=\"278\">100%<\/td>\n<\/tr>\n<tr style=\"height: 13.50pt;\">\n<td class=\"et2\" style=\"height: 13.50pt; width: 108.00pt;\" width=\"144\" height=\"18\">Point d'\u00e9clair<\/td>\n<td class=\"et2\" style=\"width: 208.50pt;\" width=\"278\">\uff1e100\u2103<\/td>\n<\/tr>\n<\/tbody>\n<\/table>\n<p>Note : Cette fiche technique est destin\u00e9e \u00e0 fournir des r\u00e9sultats typiques et non des normes.<\/p>\n<p><strong>Syst\u00e8me d'application<\/strong><br \/>\n1. Le TEGO Rad 2700 est un agent de d\u00e9moulage hautement r\u00e9ticul\u00e9 avec un excellent effet de d\u00e9moulage et de glissement, combin\u00e9 \u00e0 des propri\u00e9t\u00e9s de d\u00e9moussage, particuli\u00e8rement adapt\u00e9 aux encres de couleur \u00e0 haute viscosit\u00e9.<br \/>\n2. L'agent de d\u00e9moulage TEGO Rad 2700 est un additif extr\u00eamement efficace de r\u00e9ticulation par rayonnement qui am\u00e9liore le glissement et le d\u00e9collage. L'agent d'\u00e9galisation TEGO Rad 2700 est utilis\u00e9 dans les formulations d'agents d'\u00e9galisation \u00e0 durcissement par rayonnement, particuli\u00e8rement adapt\u00e9es aux formulations de vernis de couleur, aux agents d'\u00e9galisation des encres offset, aux agents d'\u00e9galisation des encres de s\u00e9rigraphie, ainsi que dans les encres d'impression \u00e0 durcissement par rayonnement et les agents d'\u00e9galisation de la surimpression lisse.<br \/>\n<strong>Propri\u00e9t\u00e9s<\/strong><br \/>\nAdditif silicon\u00e9 r\u00e9actif aux radiations. Bon d\u00e9moussage. R\u00e9duit nettement le coefficient de frottement. Excellente force de d\u00e9moulage.<br \/>\n1. Particuli\u00e8rement adapt\u00e9 aux syst\u00e8mes de p\u00e2te color\u00e9e<br \/>\n2. Antimousse efficace<br \/>\n3. Propri\u00e9t\u00e9s d'anti-adh\u00e9rence et de glissement les plus \u00e9lev\u00e9es.<br \/>\n4. Hautement r\u00e9ticulable pour les formulations durcissant par rayonnement.<br \/>\n5. Particuli\u00e8rement adapt\u00e9 \u00e0 une utilisation limit\u00e9e dans les formulations de vernis.<br \/>\n6. Am\u00e9lioration de la r\u00e9sistance aux rayures et aux marqueurs.<br \/>\n7. Effet glissant et antimousse suppl\u00e9mentaire<br \/>\n8. Tr\u00e8s bon effet de glissement, d'anti-adh\u00e9sion\/de d\u00e9collement, bonnes propri\u00e9t\u00e9s de d\u00e9moussage.<br \/>\n<strong>Incorporation<\/strong><br \/>\nFacile \u00e0 ajouter avec un solvant pr\u00e9-dilu\u00e9 identique \u00e0 celui du syst\u00e8me de rev\u00eatement. Peut \u00eatre ajout\u00e9 en post-addition.<br \/>\n<strong>Proposer un ajout<\/strong><br \/>\nAddition \u00e0 la formulation totale 0,1-1,0%<br \/>\n<strong>Stabilit\u00e9 du stockage<\/strong><br \/>\nLes produits qui d\u00e9passent la p\u00e9riode de stockage peuvent continuer \u00e0 \u00eatre utilis\u00e9s apr\u00e8s inspection. Le r\u00e9cipient doit \u00eatre referm\u00e9 imm\u00e9diatement apr\u00e8s utilisation.<\/p>\n<p><strong>Appliquer la recommandation<\/strong><\/p>\n<table style=\"border-collapse: collapse; width: 138.03pt;\" border=\"0\" width=\"184\" cellspacing=\"0\" cellpadding=\"0\">\n<tbody>\n<tr style=\"height: 13.50pt;\">\n<td class=\"et2\" style=\"height: 13.50pt; width: 84.00pt;\" width=\"112\" height=\"18\">Mobilit\u00e9<\/td>\n<td class=\"et2\" style=\"width: 54.00pt;\" width=\"72\">0<\/td>\n<\/tr>\n<tr style=\"height: 13.50pt;\">\n<td class=\"et2\" style=\"height: 13.50pt; width: 84.00pt;\" width=\"112\" height=\"18\">Slip (glissement)<\/td>\n<td class=\"et2\" style=\"width: 54.00pt;\" width=\"72\">5<\/td>\n<\/tr>\n<tr style=\"height: 40.50pt;\">\n<td class=\"et2\" style=\"height: 40.50pt; width: 84.00pt;\" width=\"112\" height=\"54\">R\u00e9sistance des b\u00e2tons<\/td>\n<td class=\"et2\" style=\"width: 54.00pt;\" width=\"72\">4<\/td>\n<\/tr>\n<tr style=\"height: 40.50pt;\">\n<td class=\"et2\" style=\"height: 40.50pt; width: 84.00pt;\" width=\"112\" height=\"54\">Mouillage de la substance<\/td>\n<td class=\"et2\" style=\"width: 54.00pt;\" width=\"72\">0<\/td>\n<\/tr>\n<tr style=\"height: 27.00pt;\">\n<td class=\"et2\" style=\"height: 27.00pt; width: 84.00pt;\" width=\"112\" height=\"36\">D\u00e9moussage<\/td>\n<td class=\"et2\" style=\"width: 54.00pt;\" width=\"72\">5<\/td>\n<\/tr>\n<\/tbody>\n<\/table>\n<p>0=indisponible 5=tr\u00e8s efficace<\/p>\n<p><strong>paquet<\/strong><br \/>\n25KG \/ 180KG<\/p>\n<p><strong><b>Stockage :<\/b><\/strong><\/p>\n<div>\n<p>Les produits sont conserv\u00e9s dans un entrep\u00f4t sec, propre et bien ventil\u00e9.<\/p>\n<p>\u00c9viter l'exposition \u00e0 la lumi\u00e8re et \u00e0 la chaleur.<\/p>\n<p>Prot\u00e9ger le produit des fuites, de la pluie et de l'insolation pendant le transport.<\/p>\n<\/div>\n<h2><strong><b>Contactez-nous d\u00e8s maintenant !<\/b><\/strong><\/h2>\n<h4><strong><b>Si vous avez besoin de COA, MSDS ou TDS, veuillez remplir vos coordonn\u00e9es dans le formulaire ci-dessous, nous vous contacterons g\u00e9n\u00e9ralement dans les 24 heures. Vous pouvez \u00e9galement m'envoyer un courriel<span style=\"color: #00ccff;\"> <a style=\"color: #00ccff;\" href=\"mailto:info@longchangchemical.com\">info@longchangchemical.com<\/a><\/span> pendant les heures de travail ( 8:30 am to 6:00 pm UTC+8 Mon.~Sat. ) ou utilisez le chat en direct du site web pour obtenir une r\u00e9ponse rapide.<\/b><\/strong><\/h4>","protected":false},"excerpt":{"rendered":"<p>Description du produit : Additif silicone r\u00e9actif avec groupe fonctionnel acide acrylique<\/p>\n<p>Num\u00e9ro de produit : UV-D7700d<\/p>\n<p>Remplacement complet - TEGO Rad 2700<\/p>\n<p>Aspect : Liquide turbide l\u00e9g\u00e8rement jaun\u00e2tre \u00e0 jaun\u00e2tre<\/p>\n<p>Viscosit\u00e9 : 3000-10000 mPa-s<\/p>\n<p>Emballage : 25KG ou 180KG\/tambour<\/p>","protected":false},"featured_media":3099,"comment_status":"closed","ping_status":"closed","template":"","meta":[],"product_brand":[],"product_cat":[138],"product_tag":[],"class_list":{"0":"post-5902","1":"product","2":"type-product","3":"status-publish","4":"has-post-thumbnail","6":"product_cat-coating-and-ink-additives","8":"first","9":"instock","10":"shipping-taxable","11":"product-type-simple"},"yoast_head":"<!-- This site is optimized with the Yoast SEO plugin v25.3.1 - https:\/\/yoast.com\/wordpress\/plugins\/seo\/ -->\n<title>TEGO Rad 2700 Manufacturer \/ Acrylic Reactive Silicone Additives - Longchang Chemical<\/title>\n<meta name=\"description\" content=\"UV-D7700D is Reactive silicon additive with acrylic functional group-Silicone polyether acrylate with crosslinked free radical,can Completely replaced- TEGO Rad 2700,BYK-UV3510; We are the leading coating and Ink addtives - Surface Additives, Substrate Wetting Agents, Wetting and Dispersing Additives, Defoamers, Leveling Agents, Adhesion Additives and Anti-Graffiti Additives manufacturer and supplier in China with the best quanlity and competitive price.\" \/>\n<meta name=\"robots\" content=\"index, follow, max-snippet:-1, max-image-preview:large, max-video-preview:-1\" \/>\n<link rel=\"canonical\" href=\"https:\/\/longchangchemical.com\/fr\/product\/agesin-uv-d7700d-tego-rad-2700\/\" \/>\n<meta property=\"og:locale\" content=\"fr_FR\" \/>\n<meta property=\"og:type\" content=\"article\" \/>\n<meta property=\"og:title\" content=\"TEGO Rad 2700 Manufacturer \/ Acrylic Reactive Silicone Additives - Longchang Chemical\" \/>\n<meta property=\"og:description\" content=\"UV-D7700D is Reactive silicon additive with acrylic functional group-Silicone polyether acrylate with crosslinked free radical,can Completely replaced- TEGO Rad 2700,BYK-UV3510; We are the leading coating and Ink addtives - Surface Additives, Substrate Wetting Agents, Wetting and Dispersing Additives, Defoamers, Leveling Agents, Adhesion Additives and Anti-Graffiti Additives manufacturer and supplier in China with the best quanlity and competitive price.\" \/>\n<meta property=\"og:url\" content=\"https:\/\/longchangchemical.com\/fr\/product\/agesin-uv-d7700d-tego-rad-2700\/\" \/>\n<meta property=\"og:site_name\" content=\"Longchang Chemical\" \/>\n<meta property=\"article:modified_time\" content=\"2025-04-01T07:10:53+00:00\" \/>\n<meta property=\"og:image\" content=\"https:\/\/longchangchemical.com\/wp-content\/uploads\/2020\/09\/dts1MrvOTESVXEVAphlu7w.jpg\" \/>\n\t<meta property=\"og:image:width\" content=\"722\" \/>\n\t<meta property=\"og:image:height\" content=\"325\" \/>\n\t<meta property=\"og:image:type\" content=\"image\/jpeg\" \/>\n<meta name=\"twitter:card\" content=\"summary_large_image\" \/>\n<script type=\"application\/ld+json\" class=\"yoast-schema-graph\">{\"@context\":\"https:\/\/schema.org\",\"@graph\":[{\"@type\":\"WebPage\",\"@id\":\"https:\/\/longchangchemical.com\/product\/agesin-uv-d7700d-tego-rad-2700\/\",\"url\":\"https:\/\/longchangchemical.com\/product\/agesin-uv-d7700d-tego-rad-2700\/\",\"name\":\"TEGO Rad 2700 Manufacturer \/ Acrylic Reactive Silicone Additives - Longchang Chemical\",\"isPartOf\":{\"@id\":\"https:\/\/longchangchemical.com\/#website\"},\"primaryImageOfPage\":{\"@id\":\"https:\/\/longchangchemical.com\/product\/agesin-uv-d7700d-tego-rad-2700\/#primaryimage\"},\"image\":{\"@id\":\"https:\/\/longchangchemical.com\/product\/agesin-uv-d7700d-tego-rad-2700\/#primaryimage\"},\"thumbnailUrl\":\"https:\/\/longchangchemical.com\/wp-content\/uploads\/2020\/09\/dts1MrvOTESVXEVAphlu7w.jpg\",\"datePublished\":\"2023-02-08T10:48:42+00:00\",\"dateModified\":\"2025-04-01T07:10:53+00:00\",\"description\":\"UV-D7700D is Reactive silicon additive with acrylic functional group-Silicone polyether acrylate with crosslinked free radical,can Completely replaced- TEGO Rad 2700,BYK-UV3510; We are the leading coating and Ink addtives - Surface Additives, Substrate Wetting Agents, Wetting and Dispersing Additives, Defoamers, Leveling Agents, Adhesion Additives and Anti-Graffiti Additives manufacturer and supplier in China with the best quanlity and competitive price.\",\"breadcrumb\":{\"@id\":\"https:\/\/longchangchemical.com\/product\/agesin-uv-d7700d-tego-rad-2700\/#breadcrumb\"},\"inLanguage\":\"fr-FR\",\"potentialAction\":[{\"@type\":\"ReadAction\",\"target\":[\"https:\/\/longchangchemical.com\/product\/agesin-uv-d7700d-tego-rad-2700\/\"]}]},{\"@type\":\"ImageObject\",\"inLanguage\":\"fr-FR\",\"@id\":\"https:\/\/longchangchemical.com\/product\/agesin-uv-d7700d-tego-rad-2700\/#primaryimage\",\"url\":\"https:\/\/longchangchemical.com\/wp-content\/uploads\/2020\/09\/dts1MrvOTESVXEVAphlu7w.jpg\",\"contentUrl\":\"https:\/\/longchangchemical.com\/wp-content\/uploads\/2020\/09\/dts1MrvOTESVXEVAphlu7w.jpg\",\"width\":722,\"height\":325,\"caption\":\"about longchang\"},{\"@type\":\"BreadcrumbList\",\"@id\":\"https:\/\/longchangchemical.com\/product\/agesin-uv-d7700d-tego-rad-2700\/#breadcrumb\",\"itemListElement\":[{\"@type\":\"ListItem\",\"position\":1,\"name\":\"Home\",\"item\":\"https:\/\/longchangchemical.com\/\"},{\"@type\":\"ListItem\",\"position\":2,\"name\":\"Products Longchang\",\"item\":\"https:\/\/longchangchemical.com\/product\/\"},{\"@type\":\"ListItem\",\"position\":3,\"name\":\"CHLUMICRYL\u00ae UV-D7700D \/ TEGO Rad 2700\"}]},{\"@type\":\"WebSite\",\"@id\":\"https:\/\/longchangchemical.com\/#website\",\"url\":\"https:\/\/longchangchemical.com\/\",\"name\":\"Longchang Chemical\",\"description\":\"China chemical manufacturer \uff06 supplier\",\"publisher\":{\"@id\":\"https:\/\/longchangchemical.com\/#organization\"},\"potentialAction\":[{\"@type\":\"SearchAction\",\"target\":{\"@type\":\"EntryPoint\",\"urlTemplate\":\"https:\/\/longchangchemical.com\/?s={search_term_string}\"},\"query-input\":{\"@type\":\"PropertyValueSpecification\",\"valueRequired\":true,\"valueName\":\"search_term_string\"}}],\"inLanguage\":\"fr-FR\"},{\"@type\":\"Organization\",\"@id\":\"https:\/\/longchangchemical.com\/#organization\",\"name\":\"Longchang Chemical\",\"url\":\"https:\/\/longchangchemical.com\/\",\"logo\":{\"@type\":\"ImageObject\",\"inLanguage\":\"fr-FR\",\"@id\":\"https:\/\/longchangchemical.com\/#\/schema\/logo\/image\/\",\"url\":\"https:\/\/longchangchemical.com\/wp-content\/uploads\/2020\/08\/cropped-longchang-logo.png\",\"contentUrl\":\"https:\/\/longchangchemical.com\/wp-content\/uploads\/2020\/08\/cropped-longchang-logo.png\",\"width\":512,\"height\":512,\"caption\":\"Longchang Chemical\"},\"image\":{\"@id\":\"https:\/\/longchangchemical.com\/#\/schema\/logo\/image\/\"}}]}<\/script>\n<!-- \/ Yoast SEO plugin. -->","yoast_head_json":{"title":"TEGO Rad 2700 Fabricant \/ Additifs de silicone r\u00e9actifs acryliques - Longchang Chemical","description":"UV-D7700D est un additif silicon\u00e9 r\u00e9actif avec un groupe fonctionnel acrylique. Il s'agit d'un poly\u00e9ther acrylate silicon\u00e9 avec un radical libre r\u00e9ticul\u00e9, qui peut \u00eatre compl\u00e8tement remplac\u00e9 - TEGO Rad 2700, BYK-UV3510 ; Nous sommes le principal fabricant et fournisseur d'additifs de rev\u00eatement et d'encre - Additifs de surface, agents mouillants de substrat, additifs mouillants et dispersants, antimousses, agents de nivellement, additifs d'adh\u00e9rence et additifs anti-graffiti en Chine, avec la meilleure qualit\u00e9 et le prix le plus comp\u00e9titif possible.","robots":{"index":"index","follow":"follow","max-snippet":"max-snippet:-1","max-image-preview":"max-image-preview:large","max-video-preview":"max-video-preview:-1"},"canonical":"https:\/\/longchangchemical.com\/fr\/product\/agesin-uv-d7700d-tego-rad-2700\/","og_locale":"fr_FR","og_type":"article","og_title":"TEGO Rad 2700 Manufacturer \/ Acrylic Reactive Silicone Additives - Longchang Chemical","og_description":"UV-D7700D is Reactive silicon additive with acrylic functional group-Silicone polyether acrylate with crosslinked free radical,can Completely replaced- TEGO Rad 2700,BYK-UV3510; We are the leading coating and Ink addtives - Surface Additives, Substrate Wetting Agents, Wetting and Dispersing Additives, Defoamers, Leveling Agents, Adhesion Additives and Anti-Graffiti Additives manufacturer and supplier in China with the best quanlity and competitive price.","og_url":"https:\/\/longchangchemical.com\/fr\/product\/agesin-uv-d7700d-tego-rad-2700\/","og_site_name":"Longchang Chemical","article_modified_time":"2025-04-01T07:10:53+00:00","og_image":[{"width":722,"height":325,"url":"https:\/\/longchangchemical.com\/wp-content\/uploads\/2020\/09\/dts1MrvOTESVXEVAphlu7w.jpg","type":"image\/jpeg"}],"twitter_card":"summary_large_image","schema":{"@context":"https:\/\/schema.org","@graph":[{"@type":"WebPage","@id":"https:\/\/longchangchemical.com\/product\/agesin-uv-d7700d-tego-rad-2700\/","url":"https:\/\/longchangchemical.com\/product\/agesin-uv-d7700d-tego-rad-2700\/","name":"TEGO Rad 2700 Fabricant \/ Additifs de silicone r\u00e9actifs acryliques - Longchang Chemical","isPartOf":{"@id":"https:\/\/longchangchemical.com\/#website"},"primaryImageOfPage":{"@id":"https:\/\/longchangchemical.com\/product\/agesin-uv-d7700d-tego-rad-2700\/#primaryimage"},"image":{"@id":"https:\/\/longchangchemical.com\/product\/agesin-uv-d7700d-tego-rad-2700\/#primaryimage"},"thumbnailUrl":"https:\/\/longchangchemical.com\/wp-content\/uploads\/2020\/09\/dts1MrvOTESVXEVAphlu7w.jpg","datePublished":"2023-02-08T10:48:42+00:00","dateModified":"2025-04-01T07:10:53+00:00","description":"UV-D7700D est un additif silicon\u00e9 r\u00e9actif avec un groupe fonctionnel acrylique. Il s'agit d'un poly\u00e9ther acrylate silicon\u00e9 avec un radical libre r\u00e9ticul\u00e9, qui peut \u00eatre compl\u00e8tement remplac\u00e9 - TEGO Rad 2700, BYK-UV3510 ; Nous sommes le principal fabricant et fournisseur d'additifs de rev\u00eatement et d'encre - Additifs de surface, agents mouillants de substrat, additifs mouillants et dispersants, antimousses, agents de nivellement, additifs d'adh\u00e9rence et additifs anti-graffiti en Chine, avec la meilleure qualit\u00e9 et le prix le plus comp\u00e9titif possible.","breadcrumb":{"@id":"https:\/\/longchangchemical.com\/product\/agesin-uv-d7700d-tego-rad-2700\/#breadcrumb"},"inLanguage":"fr-FR","potentialAction":[{"@type":"ReadAction","target":["https:\/\/longchangchemical.com\/product\/agesin-uv-d7700d-tego-rad-2700\/"]}]},{"@type":"ImageObject","inLanguage":"fr-FR","@id":"https:\/\/longchangchemical.com\/product\/agesin-uv-d7700d-tego-rad-2700\/#primaryimage","url":"https:\/\/longchangchemical.com\/wp-content\/uploads\/2020\/09\/dts1MrvOTESVXEVAphlu7w.jpg","contentUrl":"https:\/\/longchangchemical.com\/wp-content\/uploads\/2020\/09\/dts1MrvOTESVXEVAphlu7w.jpg","width":722,"height":325,"caption":"about longchang"},{"@type":"BreadcrumbList","@id":"https:\/\/longchangchemical.com\/product\/agesin-uv-d7700d-tego-rad-2700\/#breadcrumb","itemListElement":[{"@type":"ListItem","position":1,"name":"Home","item":"https:\/\/longchangchemical.com\/"},{"@type":"ListItem","position":2,"name":"Products Longchang","item":"https:\/\/longchangchemical.com\/product\/"},{"@type":"ListItem","position":3,"name":"CHLUMICRYL\u00ae UV-D7700D \/ TEGO Rad 2700"}]},{"@type":"WebSite","@id":"https:\/\/longchangchemical.com\/#website","url":"https:\/\/longchangchemical.com\/","name":"Longchang Chemical","description":"Fabricant chinois de produits chimiques \uff06 fournisseur","publisher":{"@id":"https:\/\/longchangchemical.com\/#organization"},"potentialAction":[{"@type":"SearchAction","target":{"@type":"EntryPoint","urlTemplate":"https:\/\/longchangchemical.com\/?s={search_term_string}"},"query-input":{"@type":"PropertyValueSpecification","valueRequired":true,"valueName":"search_term_string"}}],"inLanguage":"fr-FR"},{"@type":"Organization","@id":"https:\/\/longchangchemical.com\/#organization","name":"Longchang Chemical","url":"https:\/\/longchangchemical.com\/","logo":{"@type":"ImageObject","inLanguage":"fr-FR","@id":"https:\/\/longchangchemical.com\/#\/schema\/logo\/image\/","url":"https:\/\/longchangchemical.com\/wp-content\/uploads\/2020\/08\/cropped-longchang-logo.png","contentUrl":"https:\/\/longchangchemical.com\/wp-content\/uploads\/2020\/08\/cropped-longchang-logo.png","width":512,"height":512,"caption":"Longchang Chemical"},"image":{"@id":"https:\/\/longchangchemical.com\/#\/schema\/logo\/image\/"}}]}},"_links":{"self":[{"href":"https:\/\/longchangchemical.com\/fr\/wp-json\/wp\/v2\/product\/5902","targetHints":{"allow":["GET"]}}],"collection":[{"href":"https:\/\/longchangchemical.com\/fr\/wp-json\/wp\/v2\/product"}],"about":[{"href":"https:\/\/longchangchemical.com\/fr\/wp-json\/wp\/v2\/types\/product"}],"replies":[{"embeddable":true,"href":"https:\/\/longchangchemical.com\/fr\/wp-json\/wp\/v2\/comments?post=5902"}],"wp:featuredmedia":[{"embeddable":true,"href":"https:\/\/longchangchemical.com\/fr\/wp-json\/wp\/v2\/media\/3099"}],"wp:attachment":[{"href":"https:\/\/longchangchemical.com\/fr\/wp-json\/wp\/v2\/media?parent=5902"}],"wp:term":[{"taxonomy":"product_brand","embeddable":true,"href":"https:\/\/longchangchemical.com\/fr\/wp-json\/wp\/v2\/product_brand?post=5902"},{"taxonomy":"product_cat","embeddable":true,"href":"https:\/\/longchangchemical.com\/fr\/wp-json\/wp\/v2\/product_cat?post=5902"},{"taxonomy":"product_tag","embeddable":true,"href":"https:\/\/longchangchemical.com\/fr\/wp-json\/wp\/v2\/product_tag?post=5902"}],"curies":[{"name":"wp","href":"https:\/\/api.w.org\/{rel}","templated":true}]}}