{"id":5897,"date":"2023-02-11T14:10:16","date_gmt":"2023-02-11T14:10:16","guid":{"rendered":"https:\/\/longchangchemical.com\/?post_type=product&#038;p=5897"},"modified":"2026-05-08T08:26:16","modified_gmt":"2026-05-08T08:26:16","slug":"agesin-we-d9904b-defoamer","status":"publish","type":"product","link":"https:\/\/longchangchemical.com\/fr\/product\/agesin-we-d9904b-defoamer\/","title":{"rendered":"CHLUMICRYL\u00ae DF-D9904B \/ Antimousse"},"content":{"rendered":"<h2><strong> DF-D9904B \/ Antimousse<\/strong><\/h2>\n<table style=\"border-collapse: collapse; width: 190.53pt;\" border=\"0\" width=\"254\" cellspacing=\"0\" cellpadding=\"0\">\n<tbody>\n<tr style=\"height: 36.00pt;\">\n<td class=\"et2\" style=\"height: 36.00pt; width: 68.25pt;\" width=\"91\" height=\"48\">Composition<\/td>\n<td class=\"et2\" style=\"width: 122.25pt;\" width=\"163\">Compos\u00e9 de polysiloxane modifi\u00e9 par des poly\u00e9thers, sans silice<\/td>\n<\/tr>\n<tr style=\"height: 13.50pt;\">\n<td class=\"et2\" style=\"height: 13.50pt; width: 68.25pt;\" width=\"91\" height=\"18\">Apparence<\/td>\n<td class=\"et2\" style=\"width: 122.25pt;\" width=\"163\">Liquide clair<\/td>\n<\/tr>\n<tr style=\"height: 13.50pt;\">\n<td class=\"et2\" style=\"height: 13.50pt; width: 68.25pt;\" width=\"91\" height=\"18\">Solvant Sinosolv<\/td>\n<td class=\"et2\" style=\"width: 122.25pt;\" width=\"163\">&#8212;<\/td>\n<\/tr>\n<tr style=\"height: 13.50pt;\">\n<td class=\"et2\" style=\"height: 13.50pt; width: 68.25pt;\" width=\"91\" height=\"18\">Densit\u00e9<\/td>\n<td class=\"et2\" style=\"width: 122.25pt;\" width=\"163\">0,99-1,03 g\/ml (25\u00b11)\u00b0C<\/td>\n<\/tr>\n<tr style=\"height: 24.00pt;\">\n<td class=\"et2\" style=\"height: 24.00pt; width: 68.25pt;\" width=\"91\" height=\"32\">Viscosit\u00e9<\/td>\n<td class=\"et2\" style=\"width: 122.25pt;\" width=\"163\">10-50 s (m\u00e9thode du gobelet enduit-4) (25\u00b10,2)\u00b0C<\/td>\n<\/tr>\n<tr style=\"height: 36.00pt;\">\n<td class=\"et2\" style=\"height: 36.00pt; width: 68.25pt;\" width=\"91\" height=\"48\">Teneur en substances actives<\/td>\n<td class=\"et3\" style=\"width: 122.25pt;\" width=\"163\">100%<\/td>\n<\/tr>\n<tr style=\"height: 13.50pt;\">\n<td class=\"et2\" style=\"height: 13.50pt; width: 68.25pt;\" width=\"91\" height=\"18\">Point d'\u00e9clair<\/td>\n<td class=\"et2\" style=\"width: 122.25pt;\" width=\"163\">\u2265100\u2103<\/td>\n<\/tr>\n<\/tbody>\n<\/table>\n<p>&nbsp;<\/p>\n<p>Note : Cette performance ne repr\u00e9sente que des r\u00e9sultats typiques et n'est pas consid\u00e9r\u00e9e comme une sp\u00e9cification, bas\u00e9e sur l'AOC sp\u00e9cifique.<\/p>\n<h2><strong> WE-D9904B Domaines d'application<\/strong><\/h2>\n<p>Syst\u00e8mes \u00e0 base d'eau<\/p>\n<h2><strong> WE-D9904B Caract\u00e9ristiques principales<\/strong><\/h2>\n<p>1\u3001Il ne contient pas de silice et poss\u00e8de une bonne propri\u00e9t\u00e9 antimousse pour \u00e9viter les microbulles et les trous d'\u00e9pingle dans le film de rev\u00eatement des vernis et encres \u00e0 base d'eau.<br \/>\n2\u3001Il doit \u00eatre ajout\u00e9 dans des conditions de cisaillement \u00e9lev\u00e9, il n'est pas recommand\u00e9 de l'ajouter apr\u00e8s coup.<\/p>\n<h2><strong> WE-D9904B M\u00e9thode d'utilisation<\/strong><\/h2>\n<p>Afin d'am\u00e9liorer la compatibilit\u00e9 entre l'antimousse et le syst\u00e8me de r\u00e9sine, il est recommand\u00e9 d'ajouter d'abord l'antimousse au co-solvant, puis de l'ajouter \u00e0 l'abrasif sous agitation \u00e0 grande vitesse afin de le disperser uniform\u00e9ment.<\/p>\n<h2><strong> WE-D9904B Dosage recommand\u00e9<\/strong><\/h2>\n<p>Quantit\u00e9 d'ajout (formule totale) 0,05-0,5%<\/p>\n<h2><strong> WE-D9904B Stabilit\u00e9 de stockage<\/strong><\/h2>\n<p>Conserver dans l'emballage d'origine non ouvert pendant 24 mois. Une stratification et une turbidit\u00e9 peuvent appara\u00eetre lorsque la temp\u00e9rature est inf\u00e9rieure \u00e0 5\u00b0C. Chauffer et m\u00e9langer soigneusement avant utilisation n'affectera pas la qualit\u00e9 du produit. Le produit au-del\u00e0 de la p\u00e9riode de stockage peut continuer \u00e0 \u00eatre utilis\u00e9 apr\u00e8s avoir \u00e9t\u00e9 inspect\u00e9. Avant que le r\u00e9cipient ne soit compl\u00e8tement vide, il doit \u00eatre ferm\u00e9 herm\u00e9tiquement imm\u00e9diatement apr\u00e8s utilisation.<\/p>\n<h2><strong> WE-D9904B Emballage<\/strong><\/h2>\n<p>25KG \/ 180KG.<\/p>\n<h2><strong><b>Contactez-nous d\u00e8s maintenant !<\/b><\/strong><\/h2>\n<h4><strong><b>Si vous avez besoin de COA, MSDS ou TDS, veuillez remplir vos coordonn\u00e9es dans le formulaire ci-dessous, nous vous contacterons g\u00e9n\u00e9ralement dans les 24 heures. Vous pouvez \u00e9galement m'envoyer un courriel<span style=\"color: #00ccff;\"> <a style=\"color: #00ccff;\" href=\"mailto:info@longchangchemical.com\">info@longchangchemical.com<\/a><\/span> pendant les heures de travail ( 8:30 am to 6:00 pm UTC+8 Mon.~Sat. ) ou utilisez le chat en direct du site web pour obtenir une r\u00e9ponse rapide.<\/b><\/strong><\/h4>","protected":false},"excerpt":{"rendered":"<p>DF-D9904B Defoamer is a defoamer for foam control in coatings, inks and process systems. Key properties include not recommended to be added afterwards. WE-D9904B Use method In order to improve the compatibility of defoamer and resin system, it is recommended to add defoamer to the co-solvent first, and then add it to the abrasive under high speed stirring<\/p>","protected":false},"featured_media":5911,"comment_status":"closed","ping_status":"closed","template":"","meta":[],"product_brand":[],"product_cat":[138],"product_tag":[],"class_list":{"0":"post-5897","1":"product","2":"type-product","3":"status-publish","4":"has-post-thumbnail","6":"product_cat-coating-and-ink-additives","8":"first","9":"instock","10":"shipping-taxable","11":"product-type-simple"},"yoast_head":"<!-- This site is optimized with the Yoast SEO plugin v25.3.1 - https:\/\/yoast.com\/wordpress\/plugins\/seo\/ -->\n<title>DF-D9904B Defoamer | Longchang Chemical<\/title>\n<meta name=\"description\" content=\"DF-D9904B Defoamer is a defoamer for foam control in coatings, inks and process systems. Key properties include not recommended to be added afterwards\" \/>\n<meta name=\"robots\" content=\"index, follow, max-snippet:-1, max-image-preview:large, max-video-preview:-1\" \/>\n<link rel=\"canonical\" href=\"https:\/\/longchangchemical.com\/fr\/product\/agesin-we-d9904b-defoamer\/\" \/>\n<meta property=\"og:locale\" content=\"fr_FR\" \/>\n<meta property=\"og:type\" content=\"article\" \/>\n<meta property=\"og:title\" content=\"DF-D9904B Defoamer | Longchang Chemical\" \/>\n<meta property=\"og:description\" content=\"DF-D9904B Defoamer is a defoamer for foam control in coatings, inks and process systems. Key properties include not recommended to be added afterwards\" \/>\n<meta property=\"og:url\" content=\"https:\/\/longchangchemical.com\/fr\/product\/agesin-we-d9904b-defoamer\/\" \/>\n<meta property=\"og:site_name\" content=\"Longchang Chemical\" \/>\n<meta property=\"article:modified_time\" content=\"2026-05-08T08:26:16+00:00\" \/>\n<meta property=\"og:image\" content=\"https:\/\/longchangchemical.com\/wp-content\/uploads\/2023\/02\/-WE-D9904B-Defoamer.jpg\" \/>\n\t<meta property=\"og:image:width\" content=\"800\" \/>\n\t<meta property=\"og:image:height\" content=\"800\" \/>\n\t<meta property=\"og:image:type\" content=\"image\/jpeg\" \/>\n<meta name=\"twitter:card\" content=\"summary_large_image\" \/>\n<script type=\"application\/ld+json\" class=\"yoast-schema-graph\">{\"@context\":\"https:\/\/schema.org\",\"@graph\":[{\"@type\":\"WebPage\",\"@id\":\"https:\/\/longchangchemical.com\/product\/agesin-we-d9904b-defoamer\/\",\"url\":\"https:\/\/longchangchemical.com\/product\/agesin-we-d9904b-defoamer\/\",\"name\":\"DF-D9904B Defoamer | Longchang Chemical\",\"isPartOf\":{\"@id\":\"https:\/\/longchangchemical.com\/#website\"},\"primaryImageOfPage\":{\"@id\":\"https:\/\/longchangchemical.com\/product\/agesin-we-d9904b-defoamer\/#primaryimage\"},\"image\":{\"@id\":\"https:\/\/longchangchemical.com\/product\/agesin-we-d9904b-defoamer\/#primaryimage\"},\"thumbnailUrl\":\"https:\/\/longchangchemical.com\/wp-content\/uploads\/2023\/02\/-WE-D9904B-Defoamer.jpg\",\"datePublished\":\"2023-02-11T14:10:16+00:00\",\"dateModified\":\"2026-05-08T08:26:16+00:00\",\"description\":\"DF-D9904B Defoamer is a defoamer for foam control in coatings, inks and process systems. Key properties include not recommended to be added afterwards\",\"breadcrumb\":{\"@id\":\"https:\/\/longchangchemical.com\/product\/agesin-we-d9904b-defoamer\/#breadcrumb\"},\"inLanguage\":\"fr-FR\",\"potentialAction\":[{\"@type\":\"ReadAction\",\"target\":[\"https:\/\/longchangchemical.com\/product\/agesin-we-d9904b-defoamer\/\"]}]},{\"@type\":\"ImageObject\",\"inLanguage\":\"fr-FR\",\"@id\":\"https:\/\/longchangchemical.com\/product\/agesin-we-d9904b-defoamer\/#primaryimage\",\"url\":\"https:\/\/longchangchemical.com\/wp-content\/uploads\/2023\/02\/-WE-D9904B-Defoamer.jpg\",\"contentUrl\":\"https:\/\/longchangchemical.com\/wp-content\/uploads\/2023\/02\/-WE-D9904B-Defoamer.jpg\",\"width\":800,\"height\":800,\"caption\":\"WE-D9904B \/ Defoamer\"},{\"@type\":\"BreadcrumbList\",\"@id\":\"https:\/\/longchangchemical.com\/product\/agesin-we-d9904b-defoamer\/#breadcrumb\",\"itemListElement\":[{\"@type\":\"ListItem\",\"position\":1,\"name\":\"Home\",\"item\":\"https:\/\/longchangchemical.com\/\"},{\"@type\":\"ListItem\",\"position\":2,\"name\":\"Products Longchang\",\"item\":\"https:\/\/longchangchemical.com\/product\/\"},{\"@type\":\"ListItem\",\"position\":3,\"name\":\"CHLUMICRYL\u00ae DF-D9904B \/ Defoamer\"}]},{\"@type\":\"WebSite\",\"@id\":\"https:\/\/longchangchemical.com\/#website\",\"url\":\"https:\/\/longchangchemical.com\/\",\"name\":\"Longchang Chemical\",\"description\":\"China chemical manufacturer \uff06 supplier\",\"publisher\":{\"@id\":\"https:\/\/longchangchemical.com\/#organization\"},\"potentialAction\":[{\"@type\":\"SearchAction\",\"target\":{\"@type\":\"EntryPoint\",\"urlTemplate\":\"https:\/\/longchangchemical.com\/?s={search_term_string}\"},\"query-input\":{\"@type\":\"PropertyValueSpecification\",\"valueRequired\":true,\"valueName\":\"search_term_string\"}}],\"inLanguage\":\"fr-FR\"},{\"@type\":\"Organization\",\"@id\":\"https:\/\/longchangchemical.com\/#organization\",\"name\":\"Longchang Chemical\",\"url\":\"https:\/\/longchangchemical.com\/\",\"logo\":{\"@type\":\"ImageObject\",\"inLanguage\":\"fr-FR\",\"@id\":\"https:\/\/longchangchemical.com\/#\/schema\/logo\/image\/\",\"url\":\"https:\/\/longchangchemical.com\/wp-content\/uploads\/2020\/08\/cropped-longchang-logo.png\",\"contentUrl\":\"https:\/\/longchangchemical.com\/wp-content\/uploads\/2020\/08\/cropped-longchang-logo.png\",\"width\":512,\"height\":512,\"caption\":\"Longchang Chemical\"},\"image\":{\"@id\":\"https:\/\/longchangchemical.com\/#\/schema\/logo\/image\/\"}}]}<\/script>\n<!-- \/ Yoast SEO plugin. -->","yoast_head_json":{"title":"DF-D9904B Defoamer | Longchang Chemical","description":"DF-D9904B Defoamer is a defoamer for foam control in coatings, inks and process systems. Key properties include not recommended to be added afterwards","robots":{"index":"index","follow":"follow","max-snippet":"max-snippet:-1","max-image-preview":"max-image-preview:large","max-video-preview":"max-video-preview:-1"},"canonical":"https:\/\/longchangchemical.com\/fr\/product\/agesin-we-d9904b-defoamer\/","og_locale":"fr_FR","og_type":"article","og_title":"DF-D9904B Defoamer | Longchang Chemical","og_description":"DF-D9904B Defoamer is a defoamer for foam control in coatings, inks and process systems. Key properties include not recommended to be added afterwards","og_url":"https:\/\/longchangchemical.com\/fr\/product\/agesin-we-d9904b-defoamer\/","og_site_name":"Longchang Chemical","article_modified_time":"2026-05-08T08:26:16+00:00","og_image":[{"width":800,"height":800,"url":"https:\/\/longchangchemical.com\/wp-content\/uploads\/2023\/02\/-WE-D9904B-Defoamer.jpg","type":"image\/jpeg"}],"twitter_card":"summary_large_image","schema":{"@context":"https:\/\/schema.org","@graph":[{"@type":"WebPage","@id":"https:\/\/longchangchemical.com\/product\/agesin-we-d9904b-defoamer\/","url":"https:\/\/longchangchemical.com\/product\/agesin-we-d9904b-defoamer\/","name":"DF-D9904B Defoamer | Longchang Chemical","isPartOf":{"@id":"https:\/\/longchangchemical.com\/#website"},"primaryImageOfPage":{"@id":"https:\/\/longchangchemical.com\/product\/agesin-we-d9904b-defoamer\/#primaryimage"},"image":{"@id":"https:\/\/longchangchemical.com\/product\/agesin-we-d9904b-defoamer\/#primaryimage"},"thumbnailUrl":"https:\/\/longchangchemical.com\/wp-content\/uploads\/2023\/02\/-WE-D9904B-Defoamer.jpg","datePublished":"2023-02-11T14:10:16+00:00","dateModified":"2026-05-08T08:26:16+00:00","description":"DF-D9904B Defoamer is a defoamer for foam control in coatings, inks and process systems. Key properties include not recommended to be added afterwards","breadcrumb":{"@id":"https:\/\/longchangchemical.com\/product\/agesin-we-d9904b-defoamer\/#breadcrumb"},"inLanguage":"fr-FR","potentialAction":[{"@type":"ReadAction","target":["https:\/\/longchangchemical.com\/product\/agesin-we-d9904b-defoamer\/"]}]},{"@type":"ImageObject","inLanguage":"fr-FR","@id":"https:\/\/longchangchemical.com\/product\/agesin-we-d9904b-defoamer\/#primaryimage","url":"https:\/\/longchangchemical.com\/wp-content\/uploads\/2023\/02\/-WE-D9904B-Defoamer.jpg","contentUrl":"https:\/\/longchangchemical.com\/wp-content\/uploads\/2023\/02\/-WE-D9904B-Defoamer.jpg","width":800,"height":800,"caption":"WE-D9904B \/ Defoamer"},{"@type":"BreadcrumbList","@id":"https:\/\/longchangchemical.com\/product\/agesin-we-d9904b-defoamer\/#breadcrumb","itemListElement":[{"@type":"ListItem","position":1,"name":"Home","item":"https:\/\/longchangchemical.com\/"},{"@type":"ListItem","position":2,"name":"Products Longchang","item":"https:\/\/longchangchemical.com\/product\/"},{"@type":"ListItem","position":3,"name":"CHLUMICRYL\u00ae DF-D9904B \/ Defoamer"}]},{"@type":"WebSite","@id":"https:\/\/longchangchemical.com\/#website","url":"https:\/\/longchangchemical.com\/","name":"Longchang Chemical","description":"Fabricant chinois de produits chimiques \uff06 fournisseur","publisher":{"@id":"https:\/\/longchangchemical.com\/#organization"},"potentialAction":[{"@type":"SearchAction","target":{"@type":"EntryPoint","urlTemplate":"https:\/\/longchangchemical.com\/?s={search_term_string}"},"query-input":{"@type":"PropertyValueSpecification","valueRequired":true,"valueName":"search_term_string"}}],"inLanguage":"fr-FR"},{"@type":"Organization","@id":"https:\/\/longchangchemical.com\/#organization","name":"Longchang Chemical","url":"https:\/\/longchangchemical.com\/","logo":{"@type":"ImageObject","inLanguage":"fr-FR","@id":"https:\/\/longchangchemical.com\/#\/schema\/logo\/image\/","url":"https:\/\/longchangchemical.com\/wp-content\/uploads\/2020\/08\/cropped-longchang-logo.png","contentUrl":"https:\/\/longchangchemical.com\/wp-content\/uploads\/2020\/08\/cropped-longchang-logo.png","width":512,"height":512,"caption":"Longchang Chemical"},"image":{"@id":"https:\/\/longchangchemical.com\/#\/schema\/logo\/image\/"}}]}},"_links":{"self":[{"href":"https:\/\/longchangchemical.com\/fr\/wp-json\/wp\/v2\/product\/5897","targetHints":{"allow":["GET"]}}],"collection":[{"href":"https:\/\/longchangchemical.com\/fr\/wp-json\/wp\/v2\/product"}],"about":[{"href":"https:\/\/longchangchemical.com\/fr\/wp-json\/wp\/v2\/types\/product"}],"replies":[{"embeddable":true,"href":"https:\/\/longchangchemical.com\/fr\/wp-json\/wp\/v2\/comments?post=5897"}],"wp:featuredmedia":[{"embeddable":true,"href":"https:\/\/longchangchemical.com\/fr\/wp-json\/wp\/v2\/media\/5911"}],"wp:attachment":[{"href":"https:\/\/longchangchemical.com\/fr\/wp-json\/wp\/v2\/media?parent=5897"}],"wp:term":[{"taxonomy":"product_brand","embeddable":true,"href":"https:\/\/longchangchemical.com\/fr\/wp-json\/wp\/v2\/product_brand?post=5897"},{"taxonomy":"product_cat","embeddable":true,"href":"https:\/\/longchangchemical.com\/fr\/wp-json\/wp\/v2\/product_cat?post=5897"},{"taxonomy":"product_tag","embeddable":true,"href":"https:\/\/longchangchemical.com\/fr\/wp-json\/wp\/v2\/product_tag?post=5897"}],"curies":[{"name":"wp","href":"https:\/\/api.w.org\/{rel}","templated":true}]}}