{"id":5896,"date":"2023-02-06T14:19:42","date_gmt":"2023-02-06T14:19:42","guid":{"rendered":"https:\/\/longchangchemical.com\/?post_type=product&#038;p=5896"},"modified":"2025-04-01T07:11:04","modified_gmt":"2025-04-01T07:11:04","slug":"agesin-we-d9904br-defoamer","status":"publish","type":"product","link":"https:\/\/longchangchemical.com\/fr\/product\/agesin-we-d9904br-defoamer\/","title":{"rendered":"CHLUMICRYL\u00ae DF-D9904BR \/ Antimousse"},"content":{"rendered":"<h1><strong> DF-D9904BR \/ Antimousse<\/strong><\/h1>\n<table style=\"border-collapse: collapse; width: 243.78pt;\" border=\"0\" width=\"325\" cellspacing=\"0\" cellpadding=\"0\">\n<tbody>\n<tr style=\"height: 36.00pt;\">\n<td class=\"et2\" style=\"height: 36.00pt; width: 113.25pt;\" width=\"151\" height=\"48\">Composition<\/td>\n<td class=\"et2\" style=\"width: 130.50pt;\" width=\"174\">Compos\u00e9 de polysiloxane modifi\u00e9 par des poly\u00e9thers, sans silice<\/td>\n<\/tr>\n<tr style=\"height: 13.50pt;\">\n<td class=\"et2\" style=\"height: 13.50pt; width: 113.25pt;\" width=\"151\" height=\"18\">Apparence<\/td>\n<td class=\"et2\" style=\"width: 130.50pt;\" width=\"174\">Liquide clair<\/td>\n<\/tr>\n<tr style=\"height: 24.00pt;\">\n<td class=\"et2\" style=\"height: 24.00pt; width: 113.25pt;\" width=\"151\" height=\"32\">Solvant Sinosolv<\/td>\n<td class=\"et2\" style=\"width: 130.50pt;\" width=\"174\">\u00c9ther m\u00e9thylique du dipropyl\u00e8ne glycol<\/td>\n<\/tr>\n<tr style=\"height: 13.50pt;\">\n<td class=\"et2\" style=\"height: 13.50pt; width: 113.25pt;\" width=\"151\" height=\"18\">Densit\u00e9<\/td>\n<td class=\"et2\" style=\"width: 130.50pt;\" width=\"174\">0,95-0,99 g\/ml (25\u00b11)\u2103<\/td>\n<\/tr>\n<tr style=\"height: 24.00pt;\">\n<td class=\"et2\" style=\"height: 24.00pt; width: 113.25pt;\" width=\"151\" height=\"32\">Viscosit\u00e9<\/td>\n<td class=\"et2\" style=\"width: 130.50pt;\" width=\"174\">6-30 s (m\u00e9thode de l'enrobage \u00e0 4 coupelles) (25\u00b10,2)\u2103<\/td>\n<\/tr>\n<tr style=\"height: 13.50pt;\">\n<td class=\"et2\" style=\"height: 13.50pt; width: 113.25pt;\" width=\"151\" height=\"18\">Teneur en substances actives<\/td>\n<td class=\"et3\" style=\"width: 130.50pt;\" width=\"174\">30%<\/td>\n<\/tr>\n<tr style=\"height: 13.50pt;\">\n<td class=\"et2\" style=\"height: 13.50pt; width: 113.25pt;\" width=\"151\" height=\"18\">Point d'\u00e9clair<\/td>\n<td class=\"et2\" style=\"width: 130.50pt;\" width=\"174\">\u226570\u2103<\/td>\n<\/tr>\n<\/tbody>\n<\/table>\n<p>&nbsp;<\/p>\n<p>Note : Cette performance ne repr\u00e9sente que des r\u00e9sultats typiques et n'est pas consid\u00e9r\u00e9e comme une sp\u00e9cification, bas\u00e9e sur l'AOC sp\u00e9cifique.<\/p>\n<h2><strong> WE-D9904BR Domaines d'application<\/strong><\/h2>\n<p>Syst\u00e8mes \u00e0 base d'eau<\/p>\n<h2><strong> WE-D9904BR Caract\u00e9ristiques principales<\/strong><\/h2>\n<p>1\u3001Il ne contient pas de silice et poss\u00e8de une bonne propri\u00e9t\u00e9 antimousse pour \u00e9viter les microbulles et les trous d'\u00e9pingle dans le film de rev\u00eatement des vernis et encres \u00e0 base d'eau.<br \/>\n2\u3001Il doit \u00eatre ajout\u00e9 dans des conditions de cisaillement \u00e9lev\u00e9, il n'est pas recommand\u00e9 de l'ajouter apr\u00e8s coup.<\/p>\n<h2><strong> WE-D9904BR M\u00e9thode d'utilisation<\/strong><\/h2>\n<p>Afin d'am\u00e9liorer la compatibilit\u00e9 entre l'antimousse et le syst\u00e8me de r\u00e9sine, il est recommand\u00e9 d'ajouter d'abord l'antimousse au co-solvant, puis de l'ajouter \u00e0 l'abrasif sous agitation \u00e0 grande vitesse afin de le disperser uniform\u00e9ment.<\/p>\n<p>Dosage recommand\u00e9<\/p>\n<p>Quantit\u00e9 d'ajout (formule totale) 0,1-1,0%<\/p>\n<h2><strong>Stabilit\u00e9 du stockage<\/strong><\/h2>\n<p>Conserver dans l'emballage d'origine non ouvert pendant 24 mois. Une stratification et une turbidit\u00e9 peuvent appara\u00eetre lorsque la temp\u00e9rature est inf\u00e9rieure \u00e0 5\u00b0C. Chauffer et m\u00e9langer soigneusement avant utilisation n'affectera pas la qualit\u00e9 du produit. Le produit au-del\u00e0 de la p\u00e9riode de stockage peut continuer \u00e0 \u00eatre utilis\u00e9 apr\u00e8s avoir \u00e9t\u00e9 inspect\u00e9. Avant que le r\u00e9cipient ne soit compl\u00e8tement vide, il doit \u00eatre ferm\u00e9 herm\u00e9tiquement imm\u00e9diatement apr\u00e8s utilisation.<\/p>\n<h2><strong> WE-D9904BR Emballage<\/strong><\/h2>\n<p>25KG \/ 180KG.<\/p>\n<h2><strong><b>Contactez-nous d\u00e8s maintenant !<\/b><\/strong><\/h2>\n<h4><strong><b>Si vous avez besoin de COA, MSDS ou TDS, veuillez remplir vos coordonn\u00e9es dans le formulaire ci-dessous, nous vous contacterons g\u00e9n\u00e9ralement dans les 24 heures. Vous pouvez \u00e9galement m'envoyer un courriel<span style=\"color: #00ccff;\"> <a style=\"color: #00ccff;\" href=\"mailto:info@longchangchemical.com\">info@longchangchemical.com<\/a><\/span> pendant les heures de travail ( 8:30 am to 6:00 pm UTC+8 Mon.~Sat. ) ou utilisez le chat en direct du site web pour obtenir une r\u00e9ponse rapide.<\/b><\/strong><\/h4>\n<p>&nbsp;<\/p>","protected":false},"excerpt":{"rendered":"<p>DF-D9904BR \/ Antimousse Composition Compos\u00e9 de polysiloxane modifi\u00e9 au poly\u00e9ther, sans silice Apparence Liquide clair Solvant Dipropyl\u00e8ne glycol m\u00e9thyl \u00e9ther Densit\u00e9 0,95-0,99 g\/ml (25\u00b11)\u2103 Viscosit\u00e9 6-30 s (m\u00e9thode du rev\u00eatement-4 cup)(25\u00b10,2)\u2103 Teneur en substance active 30% Point d'\u00e9clair \u226570\u2103 Remarque : Cette performance repr\u00e9sente uniquement des r\u00e9sultats typiques et n'est pas consid\u00e9r\u00e9e comme une sp\u00e9cification, sur la base du COA sp\u00e9cifique. WE-D9904BR [...]<\/p>","protected":false},"featured_media":5912,"comment_status":"closed","ping_status":"closed","template":"","meta":[],"product_brand":[],"product_cat":[138],"product_tag":[],"class_list":{"0":"post-5896","1":"product","2":"type-product","3":"status-publish","4":"has-post-thumbnail","6":"product_cat-coating-and-ink-additives","8":"first","9":"instock","10":"shipping-taxable","11":"product-type-simple"},"yoast_head":"<!-- This site is optimized with the Yoast SEO plugin v25.3.1 - https:\/\/yoast.com\/wordpress\/plugins\/seo\/ -->\n<title>China CHLUMICRYL\u00ae DF-D9904BR \/ Defoamer Manufacturer - Longchang Chemical<\/title>\n<meta name=\"description\" content=\"CHLUMICRYL\u00ae DF-D9904BR \/ Defoamer is a key product of Longchang Chemical. We provide the best price. We are the leading manufacturer in China with the best quality and competitive price.\" \/>\n<meta name=\"robots\" content=\"index, follow, max-snippet:-1, max-image-preview:large, max-video-preview:-1\" \/>\n<link rel=\"canonical\" href=\"https:\/\/longchangchemical.com\/fr\/product\/agesin-we-d9904br-defoamer\/\" \/>\n<meta property=\"og:locale\" content=\"fr_FR\" \/>\n<meta property=\"og:type\" content=\"article\" \/>\n<meta property=\"og:title\" content=\"China CHLUMICRYL\u00ae DF-D9904BR \/ Defoamer Manufacturer - Longchang Chemical\" \/>\n<meta property=\"og:description\" content=\"CHLUMICRYL\u00ae DF-D9904BR \/ Defoamer is a key product of Longchang Chemical. We provide the best price. We are the leading manufacturer in China with the best quality and competitive price.\" \/>\n<meta property=\"og:url\" content=\"https:\/\/longchangchemical.com\/fr\/product\/agesin-we-d9904br-defoamer\/\" \/>\n<meta property=\"og:site_name\" content=\"Longchang Chemical\" \/>\n<meta property=\"article:modified_time\" content=\"2025-04-01T07:11:04+00:00\" \/>\n<meta property=\"og:image\" content=\"https:\/\/longchangchemical.com\/wp-content\/uploads\/2023\/02\/-WE-D9904BR-Defoamer.jpg\" \/>\n\t<meta property=\"og:image:width\" content=\"800\" \/>\n\t<meta property=\"og:image:height\" content=\"800\" \/>\n\t<meta property=\"og:image:type\" content=\"image\/jpeg\" \/>\n<meta name=\"twitter:card\" content=\"summary_large_image\" \/>\n<script type=\"application\/ld+json\" class=\"yoast-schema-graph\">{\"@context\":\"https:\/\/schema.org\",\"@graph\":[{\"@type\":\"WebPage\",\"@id\":\"https:\/\/longchangchemical.com\/product\/agesin-we-d9904br-defoamer\/\",\"url\":\"https:\/\/longchangchemical.com\/product\/agesin-we-d9904br-defoamer\/\",\"name\":\"China CHLUMICRYL\u00ae DF-D9904BR \/ Defoamer Manufacturer - Longchang Chemical\",\"isPartOf\":{\"@id\":\"https:\/\/longchangchemical.com\/#website\"},\"primaryImageOfPage\":{\"@id\":\"https:\/\/longchangchemical.com\/product\/agesin-we-d9904br-defoamer\/#primaryimage\"},\"image\":{\"@id\":\"https:\/\/longchangchemical.com\/product\/agesin-we-d9904br-defoamer\/#primaryimage\"},\"thumbnailUrl\":\"https:\/\/longchangchemical.com\/wp-content\/uploads\/2023\/02\/-WE-D9904BR-Defoamer.jpg\",\"datePublished\":\"2023-02-06T14:19:42+00:00\",\"dateModified\":\"2025-04-01T07:11:04+00:00\",\"description\":\"CHLUMICRYL\u00ae DF-D9904BR \/ Defoamer is a key product of Longchang Chemical. We provide the best price. We are the leading manufacturer in China with the best quality and competitive price.\",\"breadcrumb\":{\"@id\":\"https:\/\/longchangchemical.com\/product\/agesin-we-d9904br-defoamer\/#breadcrumb\"},\"inLanguage\":\"fr-FR\",\"potentialAction\":[{\"@type\":\"ReadAction\",\"target\":[\"https:\/\/longchangchemical.com\/product\/agesin-we-d9904br-defoamer\/\"]}]},{\"@type\":\"ImageObject\",\"inLanguage\":\"fr-FR\",\"@id\":\"https:\/\/longchangchemical.com\/product\/agesin-we-d9904br-defoamer\/#primaryimage\",\"url\":\"https:\/\/longchangchemical.com\/wp-content\/uploads\/2023\/02\/-WE-D9904BR-Defoamer.jpg\",\"contentUrl\":\"https:\/\/longchangchemical.com\/wp-content\/uploads\/2023\/02\/-WE-D9904BR-Defoamer.jpg\",\"width\":800,\"height\":800,\"caption\":\"WE-D9904BR \/ Defoamer\"},{\"@type\":\"BreadcrumbList\",\"@id\":\"https:\/\/longchangchemical.com\/product\/agesin-we-d9904br-defoamer\/#breadcrumb\",\"itemListElement\":[{\"@type\":\"ListItem\",\"position\":1,\"name\":\"Home\",\"item\":\"https:\/\/longchangchemical.com\/\"},{\"@type\":\"ListItem\",\"position\":2,\"name\":\"Products Longchang\",\"item\":\"https:\/\/longchangchemical.com\/product\/\"},{\"@type\":\"ListItem\",\"position\":3,\"name\":\"CHLUMICRYL\u00ae DF-D9904BR \/ Defoamer\"}]},{\"@type\":\"WebSite\",\"@id\":\"https:\/\/longchangchemical.com\/#website\",\"url\":\"https:\/\/longchangchemical.com\/\",\"name\":\"Longchang Chemical\",\"description\":\"China chemical manufacturer \uff06 supplier\",\"publisher\":{\"@id\":\"https:\/\/longchangchemical.com\/#organization\"},\"potentialAction\":[{\"@type\":\"SearchAction\",\"target\":{\"@type\":\"EntryPoint\",\"urlTemplate\":\"https:\/\/longchangchemical.com\/?s={search_term_string}\"},\"query-input\":{\"@type\":\"PropertyValueSpecification\",\"valueRequired\":true,\"valueName\":\"search_term_string\"}}],\"inLanguage\":\"fr-FR\"},{\"@type\":\"Organization\",\"@id\":\"https:\/\/longchangchemical.com\/#organization\",\"name\":\"Longchang Chemical\",\"url\":\"https:\/\/longchangchemical.com\/\",\"logo\":{\"@type\":\"ImageObject\",\"inLanguage\":\"fr-FR\",\"@id\":\"https:\/\/longchangchemical.com\/#\/schema\/logo\/image\/\",\"url\":\"https:\/\/longchangchemical.com\/wp-content\/uploads\/2020\/08\/cropped-longchang-logo.png\",\"contentUrl\":\"https:\/\/longchangchemical.com\/wp-content\/uploads\/2020\/08\/cropped-longchang-logo.png\",\"width\":512,\"height\":512,\"caption\":\"Longchang Chemical\"},\"image\":{\"@id\":\"https:\/\/longchangchemical.com\/#\/schema\/logo\/image\/\"}}]}<\/script>\n<!-- \/ Yoast SEO plugin. -->","yoast_head_json":{"title":"CHLUMICRYL\u00ae DF-D9904BR \/ Antimousse fabricant chinois - Longchang Chemical","description":"CHLUMICRYL\u00ae DF-D9904BR \/ Defoamer est un produit cl\u00e9 de Longchang Chemical. Nous fournissons le meilleur prix. Nous sommes le principal fabricant en Chine avec la meilleure qualit\u00e9 et un prix comp\u00e9titif.","robots":{"index":"index","follow":"follow","max-snippet":"max-snippet:-1","max-image-preview":"max-image-preview:large","max-video-preview":"max-video-preview:-1"},"canonical":"https:\/\/longchangchemical.com\/fr\/product\/agesin-we-d9904br-defoamer\/","og_locale":"fr_FR","og_type":"article","og_title":"China CHLUMICRYL\u00ae DF-D9904BR \/ Defoamer Manufacturer - Longchang Chemical","og_description":"CHLUMICRYL\u00ae DF-D9904BR \/ Defoamer is a key product of Longchang Chemical. We provide the best price. We are the leading manufacturer in China with the best quality and competitive price.","og_url":"https:\/\/longchangchemical.com\/fr\/product\/agesin-we-d9904br-defoamer\/","og_site_name":"Longchang Chemical","article_modified_time":"2025-04-01T07:11:04+00:00","og_image":[{"width":800,"height":800,"url":"https:\/\/longchangchemical.com\/wp-content\/uploads\/2023\/02\/-WE-D9904BR-Defoamer.jpg","type":"image\/jpeg"}],"twitter_card":"summary_large_image","schema":{"@context":"https:\/\/schema.org","@graph":[{"@type":"WebPage","@id":"https:\/\/longchangchemical.com\/product\/agesin-we-d9904br-defoamer\/","url":"https:\/\/longchangchemical.com\/product\/agesin-we-d9904br-defoamer\/","name":"CHLUMICRYL\u00ae DF-D9904BR \/ Antimousse fabricant chinois - Longchang Chemical","isPartOf":{"@id":"https:\/\/longchangchemical.com\/#website"},"primaryImageOfPage":{"@id":"https:\/\/longchangchemical.com\/product\/agesin-we-d9904br-defoamer\/#primaryimage"},"image":{"@id":"https:\/\/longchangchemical.com\/product\/agesin-we-d9904br-defoamer\/#primaryimage"},"thumbnailUrl":"https:\/\/longchangchemical.com\/wp-content\/uploads\/2023\/02\/-WE-D9904BR-Defoamer.jpg","datePublished":"2023-02-06T14:19:42+00:00","dateModified":"2025-04-01T07:11:04+00:00","description":"CHLUMICRYL\u00ae DF-D9904BR \/ Defoamer est un produit cl\u00e9 de Longchang Chemical. Nous fournissons le meilleur prix. Nous sommes le principal fabricant en Chine avec la meilleure qualit\u00e9 et un prix comp\u00e9titif.","breadcrumb":{"@id":"https:\/\/longchangchemical.com\/product\/agesin-we-d9904br-defoamer\/#breadcrumb"},"inLanguage":"fr-FR","potentialAction":[{"@type":"ReadAction","target":["https:\/\/longchangchemical.com\/product\/agesin-we-d9904br-defoamer\/"]}]},{"@type":"ImageObject","inLanguage":"fr-FR","@id":"https:\/\/longchangchemical.com\/product\/agesin-we-d9904br-defoamer\/#primaryimage","url":"https:\/\/longchangchemical.com\/wp-content\/uploads\/2023\/02\/-WE-D9904BR-Defoamer.jpg","contentUrl":"https:\/\/longchangchemical.com\/wp-content\/uploads\/2023\/02\/-WE-D9904BR-Defoamer.jpg","width":800,"height":800,"caption":"WE-D9904BR \/ Defoamer"},{"@type":"BreadcrumbList","@id":"https:\/\/longchangchemical.com\/product\/agesin-we-d9904br-defoamer\/#breadcrumb","itemListElement":[{"@type":"ListItem","position":1,"name":"Home","item":"https:\/\/longchangchemical.com\/"},{"@type":"ListItem","position":2,"name":"Products Longchang","item":"https:\/\/longchangchemical.com\/product\/"},{"@type":"ListItem","position":3,"name":"CHLUMICRYL\u00ae DF-D9904BR \/ Defoamer"}]},{"@type":"WebSite","@id":"https:\/\/longchangchemical.com\/#website","url":"https:\/\/longchangchemical.com\/","name":"Longchang Chemical","description":"Fabricant chinois de produits chimiques \uff06 fournisseur","publisher":{"@id":"https:\/\/longchangchemical.com\/#organization"},"potentialAction":[{"@type":"SearchAction","target":{"@type":"EntryPoint","urlTemplate":"https:\/\/longchangchemical.com\/?s={search_term_string}"},"query-input":{"@type":"PropertyValueSpecification","valueRequired":true,"valueName":"search_term_string"}}],"inLanguage":"fr-FR"},{"@type":"Organization","@id":"https:\/\/longchangchemical.com\/#organization","name":"Longchang Chemical","url":"https:\/\/longchangchemical.com\/","logo":{"@type":"ImageObject","inLanguage":"fr-FR","@id":"https:\/\/longchangchemical.com\/#\/schema\/logo\/image\/","url":"https:\/\/longchangchemical.com\/wp-content\/uploads\/2020\/08\/cropped-longchang-logo.png","contentUrl":"https:\/\/longchangchemical.com\/wp-content\/uploads\/2020\/08\/cropped-longchang-logo.png","width":512,"height":512,"caption":"Longchang Chemical"},"image":{"@id":"https:\/\/longchangchemical.com\/#\/schema\/logo\/image\/"}}]}},"_links":{"self":[{"href":"https:\/\/longchangchemical.com\/fr\/wp-json\/wp\/v2\/product\/5896","targetHints":{"allow":["GET"]}}],"collection":[{"href":"https:\/\/longchangchemical.com\/fr\/wp-json\/wp\/v2\/product"}],"about":[{"href":"https:\/\/longchangchemical.com\/fr\/wp-json\/wp\/v2\/types\/product"}],"replies":[{"embeddable":true,"href":"https:\/\/longchangchemical.com\/fr\/wp-json\/wp\/v2\/comments?post=5896"}],"wp:featuredmedia":[{"embeddable":true,"href":"https:\/\/longchangchemical.com\/fr\/wp-json\/wp\/v2\/media\/5912"}],"wp:attachment":[{"href":"https:\/\/longchangchemical.com\/fr\/wp-json\/wp\/v2\/media?parent=5896"}],"wp:term":[{"taxonomy":"product_brand","embeddable":true,"href":"https:\/\/longchangchemical.com\/fr\/wp-json\/wp\/v2\/product_brand?post=5896"},{"taxonomy":"product_cat","embeddable":true,"href":"https:\/\/longchangchemical.com\/fr\/wp-json\/wp\/v2\/product_cat?post=5896"},{"taxonomy":"product_tag","embeddable":true,"href":"https:\/\/longchangchemical.com\/fr\/wp-json\/wp\/v2\/product_tag?post=5896"}],"curies":[{"name":"wp","href":"https:\/\/api.w.org\/{rel}","templated":true}]}}