{"id":5866,"date":"2023-01-23T08:44:03","date_gmt":"2023-01-23T08:44:03","guid":{"rendered":"https:\/\/longchangchemical.com\/?post_type=product&#038;p=5866"},"modified":"2026-05-08T08:26:15","modified_gmt":"2026-05-08T08:26:15","slug":"agesin-dispersants","status":"publish","type":"product","link":"https:\/\/longchangchemical.com\/fr\/product\/agesin-dispersants\/","title":{"rendered":"Dispersants CHLUMICRYL"},"content":{"rendered":"<p>La peinture est appliqu\u00e9e sur la surface de l'objet \u00e0 prot\u00e9ger ou \u00e0 d\u00e9corer, et peut former un film continu fermement attach\u00e9 \u00e0 l'objet \u00e0 recouvrir. Son r\u00f4le est principalement quadruple : protection, d\u00e9coration, masquage des d\u00e9fauts du produit et autre r\u00f4le sp\u00e9cial pour am\u00e9liorer la valeur du produit. La raison pour laquelle ce r\u00f4le est si important est indissociable des additifs pr\u00e9sents dans le rev\u00eatement. Aujourd'hui, nous allons nous int\u00e9resser \u00e0 l'agent mouillant et \u00e0 l'agent dispersant pr\u00e9sents dans le rev\u00eatement.<\/p>\n<p>&nbsp;<\/p>\n<p>I. Principe d'action.<\/p>\n<p>1. D'un point de vue m\u00e9canique, l'objectif le plus fondamental de la dispersion des pigments dans le milieu est de disperser les particules coh\u00e9sives ol\u00e9ophiles qui r\u00e9sultent du s\u00e9chage dans le processus de fabrication des pigments. Lorsque la finesse des particules diminue, la surface expos\u00e9e augmente et am\u00e9liore les propri\u00e9t\u00e9s optiques du pigment, telles que la performance de coloration, la brillance, l'\u00e9clat, le pouvoir couvrant ou la transparence.<\/p>\n<p>&nbsp;<\/p>\n<p>2. Dans les syst\u00e8mes g\u00e9n\u00e9raux de broyage de dispersants, tels que les encres et les rev\u00eatements, la r\u00e9sine est l'un des composants de la formulation, mais la r\u00e9sine et le dispersant sont en concurrence dans les pigments. La capacit\u00e9 d'adsorption du dispersant sur la surface du pigment sera \u00e9galement affect\u00e9e par la r\u00e9sine, et la r\u00e9sine et le dispersant seront en concurrence pour l'opportunit\u00e9 d'adsorption sur la surface du pigment. Mais la diff\u00e9rence entre le dispersant et la r\u00e9sine est la rapidit\u00e9 de l'adsorption du dispersant sur la surface du pigment, le dispersant a non seulement un pouvoir d'adsorption extr\u00eamement fort sur le pigment, mais aussi une bonne affinit\u00e9 avec le solvant. La r\u00e9sine \u00e0 la surface du pigment ne joue en r\u00e9alit\u00e9 qu'un r\u00f4le de mouillage, elle ne reste pas longtemps \u00e0 la surface du pigment, apr\u00e8s un certain temps, la r\u00e9sine quittera lentement la surface du pigment et conduira \u00e0 la floculation, bien que la pr\u00e9sence de r\u00e9sine entrave toujours l'ancrage du dispersant \u00e0 la surface du pigment. Par cons\u00e9quent, lors du choix de la r\u00e9sine, il convient d'examiner la fonction de formation de film apport\u00e9e par la r\u00e9sine, et il n'est pas n\u00e9cessaire de choisir une autre bonne r\u00e9sine de mouillage ou de broyage. En outre, la teneur en r\u00e9sine du mat\u00e9riau de base de broyage doit \u00eatre consid\u00e9r\u00e9e comme suffisante pour maintenir la stabilit\u00e9 de la formule.<\/p>\n<p>&nbsp;<\/p>\n<p>&nbsp;<\/p>\n<p>3. L'utilisation d'un dispersant dans la base de broyage, par rapport \u00e0 la base de broyage traditionnelle, l'ajustement le plus critique de sa formulation est la concentration de la solution de r\u00e9sine. La concentration de r\u00e9sine dans les supports de broyage traditionnels est \u00e9lev\u00e9e, et la quantit\u00e9 de pigment qui peut \u00eatre charg\u00e9e est faible. Bien que la r\u00e9duction de la concentration de r\u00e9sine puisse r\u00e9duire la viscosit\u00e9 du milieu de dispersion lui-m\u00eame et augmenter la quantit\u00e9 de pigment \u00e0 remplir, un tel syst\u00e8me de dispersion n'est pas stable et ne peut pas \u00eatre utilis\u00e9 dans la production r\u00e9elle. Si un bon dispersant est utilis\u00e9, le syst\u00e8me de dispersion peut \u00eatre stabilis\u00e9 \u00e0 une concentration de r\u00e9sine plus faible, ce qui permet d'am\u00e9liorer consid\u00e9rablement le remplissage de pigments dans le mat\u00e9riau de base de broyage. La barri\u00e8re spatiale cr\u00e9\u00e9e par la cha\u00eene solvant\u00e9e du dispersant dans le milieu r\u00e9duit l'aspiration entre les particules et r\u00e9duit consid\u00e9rablement la viscosit\u00e9 du broyage, ce qui est l'une des raisons pour lesquelles le remplissage des pigments peut \u00eatre am\u00e9lior\u00e9. Sous l'action du dispersant, l'augmentation du taux de remplissage des pigments varie en fonction des diff\u00e9rents syst\u00e8mes de dispersion, mais lors du processus d'ajustement, le mat\u00e9riau de base du broyage doit \u00eatre maintenu \u00e0 une viscosit\u00e9 mod\u00e9r\u00e9e.<\/p>\n<p>&nbsp;<\/p>\n<p>Deuxi\u00e8mement, la m\u00e9thode d'utilisation et le dosage.<\/p>\n<p>Le dosage de l'agent mouillant et dispersant doit \u00eatre d\u00e9termin\u00e9 en fonction du pigment dispers\u00e9, et le meilleur dosage est bas\u00e9 sur la formation d'une couche dense d'adsorption d'une seule mol\u00e9cule \u00e0 la surface du pigment. Si le dosage est trop faible, le dispersant ne peut pas montrer ses avantages, et un dosage trop \u00e9lev\u00e9 affectera la stabilit\u00e9 du broyage. Ceci est principalement d\u00fb au fait que le dispersant mouillant surcharg\u00e9 \u00e0 la surface du pigment ne peut pas \u00e9tirer compl\u00e8tement les cha\u00eenes solventis\u00e9es du dispersant, et en outre une grande quantit\u00e9 de dispersant libre aura un impact n\u00e9gatif sur le film de rev\u00eatement.<\/p>\n<p>&nbsp;<\/p>\n<p>Dans le processus op\u00e9rationnel r\u00e9el, nous pouvons calculer la quantit\u00e9 approximative de dispersant selon les r\u00e8gles th\u00e9oriques, puis l'utiliser comme point m\u00e9dian pour monter et descendre, et observer le changement des indices de performance tels que la viscosit\u00e9, la brillance du film et le pouvoir colorant du syst\u00e8me dispers\u00e9 avec la quantit\u00e9 de dispersant, lorsque la quantit\u00e9 de dispersant est mod\u00e9r\u00e9e, la viscosit\u00e9 du syst\u00e8me dispers\u00e9 a une valeur minimale \u00e9vidente, tandis que la brillance et le pouvoir colorant du film ont une grande valeur.<\/p>","protected":false},"excerpt":{"rendered":"<p>Dispersants Coating Additive is a coating additive for coatings, inks and specialty surface modification. Key benefits include Paint is coated on the surface of the object to be protected or decorated, and can form a continuous film firmly attached to the object to be coated, and its role is mainly four points: protection.<\/p>","protected":false},"featured_media":0,"comment_status":"closed","ping_status":"closed","template":"","meta":[],"product_brand":[],"product_cat":[138],"product_tag":[],"class_list":{"0":"post-5866","1":"product","2":"type-product","3":"status-publish","5":"product_cat-coating-and-ink-additives","7":"first","8":"instock","9":"shipping-taxable","10":"product-type-simple"},"yoast_head":"<!-- This site is optimized with the Yoast SEO plugin v25.3.1 - https:\/\/yoast.com\/wordpress\/plugins\/seo\/ -->\n<title>China Dispersants Manufacturer - Longchang Chemical<\/title>\n<meta name=\"description\" content=\"Dispersants Coating Additive is a coating additive for coatings, inks and specialty surface modification. Key benefits include Paint is coated on the\" \/>\n<meta name=\"robots\" content=\"index, follow, max-snippet:-1, max-image-preview:large, max-video-preview:-1\" \/>\n<link rel=\"canonical\" href=\"https:\/\/longchangchemical.com\/fr\/product\/agesin-dispersants\/\" \/>\n<meta property=\"og:locale\" content=\"fr_FR\" \/>\n<meta property=\"og:type\" content=\"article\" \/>\n<meta property=\"og:title\" content=\"China Dispersants Manufacturer - Longchang Chemical\" \/>\n<meta property=\"og:description\" content=\"Dispersants Coating Additive is a coating additive for coatings, inks and specialty surface modification. Key benefits include Paint is coated on the\" \/>\n<meta property=\"og:url\" content=\"https:\/\/longchangchemical.com\/fr\/product\/agesin-dispersants\/\" \/>\n<meta property=\"og:site_name\" content=\"Longchang Chemical\" \/>\n<meta property=\"article:modified_time\" content=\"2026-05-08T08:26:15+00:00\" \/>\n<meta property=\"og:image\" content=\"https:\/\/longchangchemical.com\/wp-content\/uploads\/2024\/02\/logo-jpeg.jpg\" \/>\n\t<meta property=\"og:image:width\" content=\"1000\" \/>\n\t<meta property=\"og:image:height\" content=\"1000\" \/>\n\t<meta property=\"og:image:type\" content=\"image\/jpeg\" \/>\n<meta name=\"twitter:card\" content=\"summary_large_image\" \/>\n<script type=\"application\/ld+json\" class=\"yoast-schema-graph\">{\"@context\":\"https:\/\/schema.org\",\"@graph\":[{\"@type\":\"WebPage\",\"@id\":\"https:\/\/longchangchemical.com\/product\/agesin-dispersants\/\",\"url\":\"https:\/\/longchangchemical.com\/product\/agesin-dispersants\/\",\"name\":\"China Dispersants Manufacturer - Longchang Chemical\",\"isPartOf\":{\"@id\":\"https:\/\/longchangchemical.com\/#website\"},\"datePublished\":\"2023-01-23T08:44:03+00:00\",\"dateModified\":\"2026-05-08T08:26:15+00:00\",\"description\":\"Dispersants Coating Additive is a coating additive for coatings, inks and specialty surface modification. Key benefits include Paint is coated on the\",\"breadcrumb\":{\"@id\":\"https:\/\/longchangchemical.com\/product\/agesin-dispersants\/#breadcrumb\"},\"inLanguage\":\"fr-FR\",\"potentialAction\":[{\"@type\":\"ReadAction\",\"target\":[\"https:\/\/longchangchemical.com\/product\/agesin-dispersants\/\"]}]},{\"@type\":\"BreadcrumbList\",\"@id\":\"https:\/\/longchangchemical.com\/product\/agesin-dispersants\/#breadcrumb\",\"itemListElement\":[{\"@type\":\"ListItem\",\"position\":1,\"name\":\"Home\",\"item\":\"https:\/\/longchangchemical.com\/\"},{\"@type\":\"ListItem\",\"position\":2,\"name\":\"Products Longchang\",\"item\":\"https:\/\/longchangchemical.com\/product\/\"},{\"@type\":\"ListItem\",\"position\":3,\"name\":\"CHLUMICRYL\u00ae Dispersants\"}]},{\"@type\":\"WebSite\",\"@id\":\"https:\/\/longchangchemical.com\/#website\",\"url\":\"https:\/\/longchangchemical.com\/\",\"name\":\"Longchang Chemical\",\"description\":\"China chemical manufacturer \uff06 supplier\",\"publisher\":{\"@id\":\"https:\/\/longchangchemical.com\/#organization\"},\"potentialAction\":[{\"@type\":\"SearchAction\",\"target\":{\"@type\":\"EntryPoint\",\"urlTemplate\":\"https:\/\/longchangchemical.com\/?s={search_term_string}\"},\"query-input\":{\"@type\":\"PropertyValueSpecification\",\"valueRequired\":true,\"valueName\":\"search_term_string\"}}],\"inLanguage\":\"fr-FR\"},{\"@type\":\"Organization\",\"@id\":\"https:\/\/longchangchemical.com\/#organization\",\"name\":\"Longchang Chemical\",\"url\":\"https:\/\/longchangchemical.com\/\",\"logo\":{\"@type\":\"ImageObject\",\"inLanguage\":\"fr-FR\",\"@id\":\"https:\/\/longchangchemical.com\/#\/schema\/logo\/image\/\",\"url\":\"https:\/\/longchangchemical.com\/wp-content\/uploads\/2020\/08\/cropped-longchang-logo.png\",\"contentUrl\":\"https:\/\/longchangchemical.com\/wp-content\/uploads\/2020\/08\/cropped-longchang-logo.png\",\"width\":512,\"height\":512,\"caption\":\"Longchang Chemical\"},\"image\":{\"@id\":\"https:\/\/longchangchemical.com\/#\/schema\/logo\/image\/\"}}]}<\/script>\n<!-- \/ Yoast SEO plugin. -->","yoast_head_json":{"title":"Fabricant chinois de dispersants - Longchang Chemical","description":"Dispersants Coating Additive is a coating additive for coatings, inks and specialty surface modification. Key benefits include Paint is coated on the","robots":{"index":"index","follow":"follow","max-snippet":"max-snippet:-1","max-image-preview":"max-image-preview:large","max-video-preview":"max-video-preview:-1"},"canonical":"https:\/\/longchangchemical.com\/fr\/product\/agesin-dispersants\/","og_locale":"fr_FR","og_type":"article","og_title":"China Dispersants Manufacturer - Longchang Chemical","og_description":"Dispersants Coating Additive is a coating additive for coatings, inks and specialty surface modification. Key benefits include Paint is coated on the","og_url":"https:\/\/longchangchemical.com\/fr\/product\/agesin-dispersants\/","og_site_name":"Longchang Chemical","article_modified_time":"2026-05-08T08:26:15+00:00","og_image":[{"width":1000,"height":1000,"url":"https:\/\/longchangchemical.com\/wp-content\/uploads\/2024\/02\/logo-jpeg.jpg","type":"image\/jpeg"}],"twitter_card":"summary_large_image","schema":{"@context":"https:\/\/schema.org","@graph":[{"@type":"WebPage","@id":"https:\/\/longchangchemical.com\/product\/agesin-dispersants\/","url":"https:\/\/longchangchemical.com\/product\/agesin-dispersants\/","name":"Fabricant chinois de dispersants - Longchang Chemical","isPartOf":{"@id":"https:\/\/longchangchemical.com\/#website"},"datePublished":"2023-01-23T08:44:03+00:00","dateModified":"2026-05-08T08:26:15+00:00","description":"Dispersants Coating Additive is a coating additive for coatings, inks and specialty surface modification. Key benefits include Paint is coated on the","breadcrumb":{"@id":"https:\/\/longchangchemical.com\/product\/agesin-dispersants\/#breadcrumb"},"inLanguage":"fr-FR","potentialAction":[{"@type":"ReadAction","target":["https:\/\/longchangchemical.com\/product\/agesin-dispersants\/"]}]},{"@type":"BreadcrumbList","@id":"https:\/\/longchangchemical.com\/product\/agesin-dispersants\/#breadcrumb","itemListElement":[{"@type":"ListItem","position":1,"name":"Home","item":"https:\/\/longchangchemical.com\/"},{"@type":"ListItem","position":2,"name":"Products Longchang","item":"https:\/\/longchangchemical.com\/product\/"},{"@type":"ListItem","position":3,"name":"CHLUMICRYL\u00ae Dispersants"}]},{"@type":"WebSite","@id":"https:\/\/longchangchemical.com\/#website","url":"https:\/\/longchangchemical.com\/","name":"Longchang Chemical","description":"Fabricant chinois de produits chimiques \uff06 fournisseur","publisher":{"@id":"https:\/\/longchangchemical.com\/#organization"},"potentialAction":[{"@type":"SearchAction","target":{"@type":"EntryPoint","urlTemplate":"https:\/\/longchangchemical.com\/?s={search_term_string}"},"query-input":{"@type":"PropertyValueSpecification","valueRequired":true,"valueName":"search_term_string"}}],"inLanguage":"fr-FR"},{"@type":"Organization","@id":"https:\/\/longchangchemical.com\/#organization","name":"Longchang Chemical","url":"https:\/\/longchangchemical.com\/","logo":{"@type":"ImageObject","inLanguage":"fr-FR","@id":"https:\/\/longchangchemical.com\/#\/schema\/logo\/image\/","url":"https:\/\/longchangchemical.com\/wp-content\/uploads\/2020\/08\/cropped-longchang-logo.png","contentUrl":"https:\/\/longchangchemical.com\/wp-content\/uploads\/2020\/08\/cropped-longchang-logo.png","width":512,"height":512,"caption":"Longchang Chemical"},"image":{"@id":"https:\/\/longchangchemical.com\/#\/schema\/logo\/image\/"}}]}},"_links":{"self":[{"href":"https:\/\/longchangchemical.com\/fr\/wp-json\/wp\/v2\/product\/5866","targetHints":{"allow":["GET"]}}],"collection":[{"href":"https:\/\/longchangchemical.com\/fr\/wp-json\/wp\/v2\/product"}],"about":[{"href":"https:\/\/longchangchemical.com\/fr\/wp-json\/wp\/v2\/types\/product"}],"replies":[{"embeddable":true,"href":"https:\/\/longchangchemical.com\/fr\/wp-json\/wp\/v2\/comments?post=5866"}],"wp:attachment":[{"href":"https:\/\/longchangchemical.com\/fr\/wp-json\/wp\/v2\/media?parent=5866"}],"wp:term":[{"taxonomy":"product_brand","embeddable":true,"href":"https:\/\/longchangchemical.com\/fr\/wp-json\/wp\/v2\/product_brand?post=5866"},{"taxonomy":"product_cat","embeddable":true,"href":"https:\/\/longchangchemical.com\/fr\/wp-json\/wp\/v2\/product_cat?post=5866"},{"taxonomy":"product_tag","embeddable":true,"href":"https:\/\/longchangchemical.com\/fr\/wp-json\/wp\/v2\/product_tag?post=5866"}],"curies":[{"name":"wp","href":"https:\/\/api.w.org\/{rel}","templated":true}]}}