{"id":5808,"date":"2022-12-19T13:02:35","date_gmt":"2022-12-19T13:02:35","guid":{"rendered":"https:\/\/longchangchemical.com\/?post_type=product&#038;p=5808"},"modified":"2025-12-22T06:53:27","modified_gmt":"2025-12-22T06:53:27","slug":"sinofdas-udad-ursodeoxycholic-acid-cas-128-13-2","status":"publish","type":"product","link":"https:\/\/longchangchemical.com\/fr\/product\/sinofdas-udad-ursodeoxycholic-acid-cas-128-13-2\/","title":{"rendered":"UDAD CAS 128-13-2"},"content":{"rendered":"<h1><strong>Acide ursod\u00e9soxycholique CAS 128-13-2<\/strong><\/h1>\n<table class=\"table-1\">\n<tbody>\n<tr>\n<td width=\"281\">Objet<\/td>\n<td width=\"369\">Sp\u00e9cifications<\/td>\n<\/tr>\n<tr>\n<td width=\"281\">Apparence<\/td>\n<td width=\"369\">Poudre blanche ou presque blanche<\/td>\n<\/tr>\n<tr>\n<td width=\"281\">Solubilit\u00e9<\/td>\n<td width=\"369\">Pratiquement insoluble dans l'eau ; librement soluble dans l'\u00e9thanol (96 pour cent) ; l\u00e9g\u00e8rement soluble dans l'ac\u00e9tone ; pratiquement insoluble dans le chlorure de m\u00e9thyl\u00e8ne.<\/td>\n<\/tr>\n<tr>\n<td width=\"281\">Identification des RI<\/td>\n<td width=\"369\">Le spectre d'absorption IR doit \u00eatre conforme \u00e0 la norme de r\u00e9f\u00e9rence.<\/td>\n<\/tr>\n<tr>\n<td width=\"281\">Identification TLC<\/td>\n<td width=\"369\">La tache principale du chromatogramme obtenu avec la solution de repos (b) est similaire en position, en couleur et en taille \u00e0 la tache principale du chromatogramme obtenu avec la solution de r\u00e9f\u00e9rence (a).<\/td>\n<\/tr>\n<tr>\n<td width=\"281\">Identification chimique<\/td>\n<td width=\"369\">La suspension obtenue est bleu verd\u00e2tre.<\/td>\n<\/tr>\n<tr>\n<td width=\"281\">Optique sp\u00e9cifique<\/td>\n<td width=\"369\">+58.0\u00ba~+62.0\u00ba<\/td>\n<\/tr>\n<tr>\n<td width=\"281\">Point de fusion<\/td>\n<td width=\"369\">\u00c0 propos de 202\u2103<\/td>\n<\/tr>\n<tr>\n<td width=\"281\">Impuret\u00e9 C<\/td>\n<td width=\"369\">\u22640.1%<\/td>\n<\/tr>\n<tr>\n<td width=\"281\">Impuret\u00e9 A<\/td>\n<td width=\"369\">\u22641.0%<\/td>\n<\/tr>\n<tr>\n<td width=\"281\">Impuret\u00e9s non sp\u00e9cifi\u00e9es<\/td>\n<td width=\"369\">\u22640.1%<\/td>\n<\/tr>\n<tr>\n<td width=\"281\">Impuret\u00e9s totales<\/td>\n<td width=\"369\">\u00a0\u22641.5%<\/td>\n<\/tr>\n<tr>\n<td width=\"281\">M\u00e9thanol<\/td>\n<td width=\"369\">\u22643000ppm<\/td>\n<\/tr>\n<tr>\n<td width=\"281\">Isopropanol<\/td>\n<td width=\"369\">\u22645000ppm<\/td>\n<\/tr>\n<tr>\n<td width=\"281\">Ac\u00e9tate d'\u00e9thyle<\/td>\n<td width=\"369\">\u22645000ppm<\/td>\n<\/tr>\n<tr>\n<td width=\"281\">Perte au s\u00e9chage<\/td>\n<td width=\"369\">\u22641.0%<\/td>\n<\/tr>\n<tr>\n<td width=\"281\">Cendres sulfat\u00e9es<\/td>\n<td width=\"369\">\u22640.1%<\/td>\n<\/tr>\n<tr>\n<td width=\"281\">M\u00e9taux lourds<\/td>\n<td width=\"369\">\u226420ppm<\/td>\n<\/tr>\n<tr>\n<td width=\"281\">Nombre total de microbes a\u00e9robies<\/td>\n<td width=\"369\">\u226410\u00b3cfu\/g<\/td>\n<\/tr>\n<tr>\n<td width=\"281\">D\u00e9nombrement total des levures et moisissures<\/td>\n<td width=\"369\">\u226410\u00b2cfu\/g<\/td>\n<\/tr>\n<tr>\n<td width=\"281\">Escherichia coli<\/td>\n<td width=\"369\">Non d\u00e9tect\u00e9<\/td>\n<\/tr>\n<tr>\n<td width=\"281\">Essai (sur substance s\u00e8che)<\/td>\n<td width=\"369\">\u00a099.0%~101.0%<\/td>\n<\/tr>\n<tr>\n<td width=\"281\">Taille des particules<\/td>\n<td width=\"369\">Pour r\u00e9f\u00e9rence<\/td>\n<\/tr>\n<\/tbody>\n<\/table>\n<h2><\/h2>\n<h2><strong>Utilisation de l'acide ursod\u00e9soxycholique<\/strong><\/h2>\n<p>1. Une \u00e9tude montre que l'acide ursod\u00e9soxycholique peut \u00eatre utilis\u00e9 pour pr\u00e9venir les infections \u00e0 n\u00e9ocoronavirus. Il r\u00e9duit le nombre de r\u00e9cepteurs cellulaires de l'enzyme de conversion de l'angiotensine sur les cellules, ce qui rend plus difficile la p\u00e9n\u00e9tration des virus dans les cellules humaines.<\/p>\n<p>2. L'acide ursod\u00e9soxycholique a un effet cholestatique b\u00e9n\u00e9fique car il augmente la s\u00e9cr\u00e9tion d'acides biliaires lorsqu'il p\u00e9n\u00e8tre dans l'organisme du patient.<\/p>\n<p>3. Il inhibe \u00e9galement la synth\u00e8se du cholest\u00e9rol dans le foie, r\u00e9duisant ainsi le cholest\u00e9rol et les esters de cholest\u00e9rol contenus dans la bile. En outre, des \u00e9tudes ont montr\u00e9 que l'acide ursod\u00e9soxycholique peut avoir un effet immunomodulateur dans le cas de maladies h\u00e9patiques chroniques.<\/p>\n<p>4. L'acide ursod\u00e9soxycholique est utile pour la r\u00e9duction du cholest\u00e9rol et la dissolution des calculs, et peut \u00eatre utilis\u00e9 pour le traitement de petits calculs dans la v\u00e9sicule biliaire sans intervention chirurgicale.<\/p>\n<p>&nbsp;<\/p>\n<h2><strong>Emballage et exp\u00e9dition de l'acide ursod\u00e9soxycholique<\/strong><\/h2>\n<p>Emballage:25KG\/tambour<br \/>\nLivraison : marchandises g\u00e9n\u00e9rales<\/p>\n<h2><strong>Stockage de l'acide ursod\u00e9soxycholique<\/strong><\/h2>\n<p>Conditions de stockage : Stocker dans un endroit frais, sec et bien ventil\u00e9.<\/p>\n<p>&nbsp;<\/p>\n<h2><strong><b>Contactez-nous d\u00e8s maintenant !<\/b><\/strong><\/h2>\n<h4><strong><b>Si vous avez besoin de COA, MSDS ou TDS, veuillez indiquer vos coordonn\u00e9es dans le formulaire ci-dessous. Nous vous contacterons g\u00e9n\u00e9ralement dans les 24 heures.<\/b><\/strong> Vous pouvez \u00e9galement m'envoyer un courriel <a href=\"mailto:info@longchangchemical.com\"><span style=\"color: #0000ff;\">info@longchangchemical.com<\/span><\/a> pendant les heures de travail ( 8:30 am to 6:00 pm UTC+8 Mon.~Sat. ) ou utilisez le chat en direct du site web pour obtenir une r\u00e9ponse rapide.<\/h4>","protected":false},"excerpt":{"rendered":"<p>Nom chimique : acide ursod\u00e9soxycholique<br \/>\nNum\u00e9ro CAS : 128-13-2<br \/>\nFormule mol\u00e9culaire:C24H40O4<\/p>\n<p>Poids mol\u00e9culaire : 392,57<br \/>\nAspect : poudre blanche<\/p>\n<p>Essai:99%<br \/>\nAspect : poudre blanche<br \/>\nCapacit\u00e9:300MT\/Mois<br \/>\nEmballage:25KG\/tambour<br \/>\n\u00c9chantillon : disponible<\/p>","protected":false},"featured_media":5809,"comment_status":"open","ping_status":"closed","template":"","meta":[],"product_brand":[],"product_cat":[73],"product_tag":[],"class_list":{"0":"post-5808","1":"product","2":"type-product","3":"status-publish","4":"has-post-thumbnail","6":"product_cat-other-additives","8":"first","9":"instock","10":"shipping-taxable","11":"product-type-simple"},"yoast_head":"<!-- This site is optimized with the Yoast SEO plugin v25.3.1 - https:\/\/yoast.com\/wordpress\/plugins\/seo\/ -->\n<title>China Ursodeoxycholic acid Manufacturer CAS 128-13-2 supplier - Longchang Chemical<\/title>\n<meta name=\"description\" content=\"UDAD CAS 128-13-2 is a key product of Longchang Chemical. We provide the best price. We are the leading manufacturer in China with the best quality and competitive price.\" \/>\n<meta name=\"robots\" content=\"index, follow, max-snippet:-1, max-image-preview:large, max-video-preview:-1\" \/>\n<link rel=\"canonical\" href=\"https:\/\/longchangchemical.com\/fr\/product\/sinofdas-udad-ursodeoxycholic-acid-cas-128-13-2\/\" \/>\n<meta property=\"og:locale\" content=\"fr_FR\" \/>\n<meta property=\"og:type\" content=\"article\" \/>\n<meta property=\"og:title\" content=\"China Ursodeoxycholic acid Manufacturer CAS 128-13-2 supplier - Longchang Chemical\" \/>\n<meta property=\"og:description\" content=\"UDAD CAS 128-13-2 is a key product of Longchang Chemical. We provide the best price. We are the leading manufacturer in China with the best quality and competitive price.\" \/>\n<meta property=\"og:url\" content=\"https:\/\/longchangchemical.com\/fr\/product\/sinofdas-udad-ursodeoxycholic-acid-cas-128-13-2\/\" \/>\n<meta property=\"og:site_name\" content=\"Longchang Chemical\" \/>\n<meta property=\"article:modified_time\" content=\"2025-12-22T06:53:27+00:00\" \/>\n<meta property=\"og:image\" content=\"https:\/\/longchangchemical.com\/wp-content\/uploads\/2022\/12\/-UDAD-Ursodeoxycholic-acid-CAS-128-13-2.jpg\" \/>\n\t<meta property=\"og:image:width\" content=\"800\" \/>\n\t<meta property=\"og:image:height\" content=\"800\" \/>\n\t<meta property=\"og:image:type\" content=\"image\/jpeg\" \/>\n<meta name=\"twitter:card\" content=\"summary_large_image\" \/>\n<script type=\"application\/ld+json\" class=\"yoast-schema-graph\">{\"@context\":\"https:\/\/schema.org\",\"@graph\":[{\"@type\":\"WebPage\",\"@id\":\"https:\/\/longchangchemical.com\/product\/sinofdas-udad-ursodeoxycholic-acid-cas-128-13-2\/\",\"url\":\"https:\/\/longchangchemical.com\/product\/sinofdas-udad-ursodeoxycholic-acid-cas-128-13-2\/\",\"name\":\"China Ursodeoxycholic acid Manufacturer CAS 128-13-2 supplier - Longchang Chemical\",\"isPartOf\":{\"@id\":\"https:\/\/longchangchemical.com\/#website\"},\"primaryImageOfPage\":{\"@id\":\"https:\/\/longchangchemical.com\/product\/sinofdas-udad-ursodeoxycholic-acid-cas-128-13-2\/#primaryimage\"},\"image\":{\"@id\":\"https:\/\/longchangchemical.com\/product\/sinofdas-udad-ursodeoxycholic-acid-cas-128-13-2\/#primaryimage\"},\"thumbnailUrl\":\"https:\/\/longchangchemical.com\/wp-content\/uploads\/2022\/12\/-UDAD-Ursodeoxycholic-acid-CAS-128-13-2.jpg\",\"datePublished\":\"2022-12-19T13:02:35+00:00\",\"dateModified\":\"2025-12-22T06:53:27+00:00\",\"description\":\"UDAD CAS 128-13-2 is a key product of Longchang Chemical. We provide the best price. We are the leading manufacturer in China with the best quality and competitive price.\",\"breadcrumb\":{\"@id\":\"https:\/\/longchangchemical.com\/product\/sinofdas-udad-ursodeoxycholic-acid-cas-128-13-2\/#breadcrumb\"},\"inLanguage\":\"fr-FR\",\"potentialAction\":[{\"@type\":\"ReadAction\",\"target\":[\"https:\/\/longchangchemical.com\/product\/sinofdas-udad-ursodeoxycholic-acid-cas-128-13-2\/\"]}]},{\"@type\":\"ImageObject\",\"inLanguage\":\"fr-FR\",\"@id\":\"https:\/\/longchangchemical.com\/product\/sinofdas-udad-ursodeoxycholic-acid-cas-128-13-2\/#primaryimage\",\"url\":\"https:\/\/longchangchemical.com\/wp-content\/uploads\/2022\/12\/-UDAD-Ursodeoxycholic-acid-CAS-128-13-2.jpg\",\"contentUrl\":\"https:\/\/longchangchemical.com\/wp-content\/uploads\/2022\/12\/-UDAD-Ursodeoxycholic-acid-CAS-128-13-2.jpg\",\"width\":800,\"height\":800,\"caption\":\"UDAD \/ Ursodeoxycholic acid CAS 128-13-2\"},{\"@type\":\"BreadcrumbList\",\"@id\":\"https:\/\/longchangchemical.com\/product\/sinofdas-udad-ursodeoxycholic-acid-cas-128-13-2\/#breadcrumb\",\"itemListElement\":[{\"@type\":\"ListItem\",\"position\":1,\"name\":\"Home\",\"item\":\"https:\/\/longchangchemical.com\/\"},{\"@type\":\"ListItem\",\"position\":2,\"name\":\"Products Longchang\",\"item\":\"https:\/\/longchangchemical.com\/product\/\"},{\"@type\":\"ListItem\",\"position\":3,\"name\":\"UDAD CAS 128-13-2\"}]},{\"@type\":\"WebSite\",\"@id\":\"https:\/\/longchangchemical.com\/#website\",\"url\":\"https:\/\/longchangchemical.com\/\",\"name\":\"Longchang Chemical\",\"description\":\"China chemical manufacturer \uff06 supplier\",\"publisher\":{\"@id\":\"https:\/\/longchangchemical.com\/#organization\"},\"potentialAction\":[{\"@type\":\"SearchAction\",\"target\":{\"@type\":\"EntryPoint\",\"urlTemplate\":\"https:\/\/longchangchemical.com\/?s={search_term_string}\"},\"query-input\":{\"@type\":\"PropertyValueSpecification\",\"valueRequired\":true,\"valueName\":\"search_term_string\"}}],\"inLanguage\":\"fr-FR\"},{\"@type\":\"Organization\",\"@id\":\"https:\/\/longchangchemical.com\/#organization\",\"name\":\"Longchang Chemical\",\"url\":\"https:\/\/longchangchemical.com\/\",\"logo\":{\"@type\":\"ImageObject\",\"inLanguage\":\"fr-FR\",\"@id\":\"https:\/\/longchangchemical.com\/#\/schema\/logo\/image\/\",\"url\":\"https:\/\/longchangchemical.com\/wp-content\/uploads\/2020\/08\/cropped-longchang-logo.png\",\"contentUrl\":\"https:\/\/longchangchemical.com\/wp-content\/uploads\/2020\/08\/cropped-longchang-logo.png\",\"width\":512,\"height\":512,\"caption\":\"Longchang Chemical\"},\"image\":{\"@id\":\"https:\/\/longchangchemical.com\/#\/schema\/logo\/image\/\"}}]}<\/script>\n<!-- \/ Yoast SEO plugin. -->","yoast_head_json":{"title":"Fournisseur chinois d'acide ursod\u00e9soxycholique CAS 128-13-2 - Longchang Chemical","description":"UDAD CAS 128-13-2 est un produit cl\u00e9 de Longchang Chemical. Nous fournissons le meilleur prix. Nous sommes le premier fabricant en Chine avec la meilleure qualit\u00e9 et un prix comp\u00e9titif.","robots":{"index":"index","follow":"follow","max-snippet":"max-snippet:-1","max-image-preview":"max-image-preview:large","max-video-preview":"max-video-preview:-1"},"canonical":"https:\/\/longchangchemical.com\/fr\/product\/sinofdas-udad-ursodeoxycholic-acid-cas-128-13-2\/","og_locale":"fr_FR","og_type":"article","og_title":"China Ursodeoxycholic acid Manufacturer CAS 128-13-2 supplier - Longchang Chemical","og_description":"UDAD CAS 128-13-2 is a key product of Longchang Chemical. We provide the best price. We are the leading manufacturer in China with the best quality and competitive price.","og_url":"https:\/\/longchangchemical.com\/fr\/product\/sinofdas-udad-ursodeoxycholic-acid-cas-128-13-2\/","og_site_name":"Longchang Chemical","article_modified_time":"2025-12-22T06:53:27+00:00","og_image":[{"width":800,"height":800,"url":"https:\/\/longchangchemical.com\/wp-content\/uploads\/2022\/12\/-UDAD-Ursodeoxycholic-acid-CAS-128-13-2.jpg","type":"image\/jpeg"}],"twitter_card":"summary_large_image","schema":{"@context":"https:\/\/schema.org","@graph":[{"@type":"WebPage","@id":"https:\/\/longchangchemical.com\/product\/sinofdas-udad-ursodeoxycholic-acid-cas-128-13-2\/","url":"https:\/\/longchangchemical.com\/product\/sinofdas-udad-ursodeoxycholic-acid-cas-128-13-2\/","name":"Fournisseur chinois d'acide ursod\u00e9soxycholique CAS 128-13-2 - Longchang Chemical","isPartOf":{"@id":"https:\/\/longchangchemical.com\/#website"},"primaryImageOfPage":{"@id":"https:\/\/longchangchemical.com\/product\/sinofdas-udad-ursodeoxycholic-acid-cas-128-13-2\/#primaryimage"},"image":{"@id":"https:\/\/longchangchemical.com\/product\/sinofdas-udad-ursodeoxycholic-acid-cas-128-13-2\/#primaryimage"},"thumbnailUrl":"https:\/\/longchangchemical.com\/wp-content\/uploads\/2022\/12\/-UDAD-Ursodeoxycholic-acid-CAS-128-13-2.jpg","datePublished":"2022-12-19T13:02:35+00:00","dateModified":"2025-12-22T06:53:27+00:00","description":"UDAD CAS 128-13-2 est un produit cl\u00e9 de Longchang Chemical. Nous fournissons le meilleur prix. Nous sommes le premier fabricant en Chine avec la meilleure qualit\u00e9 et un prix comp\u00e9titif.","breadcrumb":{"@id":"https:\/\/longchangchemical.com\/product\/sinofdas-udad-ursodeoxycholic-acid-cas-128-13-2\/#breadcrumb"},"inLanguage":"fr-FR","potentialAction":[{"@type":"ReadAction","target":["https:\/\/longchangchemical.com\/product\/sinofdas-udad-ursodeoxycholic-acid-cas-128-13-2\/"]}]},{"@type":"ImageObject","inLanguage":"fr-FR","@id":"https:\/\/longchangchemical.com\/product\/sinofdas-udad-ursodeoxycholic-acid-cas-128-13-2\/#primaryimage","url":"https:\/\/longchangchemical.com\/wp-content\/uploads\/2022\/12\/-UDAD-Ursodeoxycholic-acid-CAS-128-13-2.jpg","contentUrl":"https:\/\/longchangchemical.com\/wp-content\/uploads\/2022\/12\/-UDAD-Ursodeoxycholic-acid-CAS-128-13-2.jpg","width":800,"height":800,"caption":"UDAD \/ Ursodeoxycholic acid CAS 128-13-2"},{"@type":"BreadcrumbList","@id":"https:\/\/longchangchemical.com\/product\/sinofdas-udad-ursodeoxycholic-acid-cas-128-13-2\/#breadcrumb","itemListElement":[{"@type":"ListItem","position":1,"name":"Home","item":"https:\/\/longchangchemical.com\/"},{"@type":"ListItem","position":2,"name":"Products Longchang","item":"https:\/\/longchangchemical.com\/product\/"},{"@type":"ListItem","position":3,"name":"UDAD CAS 128-13-2"}]},{"@type":"WebSite","@id":"https:\/\/longchangchemical.com\/#website","url":"https:\/\/longchangchemical.com\/","name":"Longchang Chemical","description":"Fabricant chinois de produits chimiques \uff06 fournisseur","publisher":{"@id":"https:\/\/longchangchemical.com\/#organization"},"potentialAction":[{"@type":"SearchAction","target":{"@type":"EntryPoint","urlTemplate":"https:\/\/longchangchemical.com\/?s={search_term_string}"},"query-input":{"@type":"PropertyValueSpecification","valueRequired":true,"valueName":"search_term_string"}}],"inLanguage":"fr-FR"},{"@type":"Organization","@id":"https:\/\/longchangchemical.com\/#organization","name":"Longchang Chemical","url":"https:\/\/longchangchemical.com\/","logo":{"@type":"ImageObject","inLanguage":"fr-FR","@id":"https:\/\/longchangchemical.com\/#\/schema\/logo\/image\/","url":"https:\/\/longchangchemical.com\/wp-content\/uploads\/2020\/08\/cropped-longchang-logo.png","contentUrl":"https:\/\/longchangchemical.com\/wp-content\/uploads\/2020\/08\/cropped-longchang-logo.png","width":512,"height":512,"caption":"Longchang Chemical"},"image":{"@id":"https:\/\/longchangchemical.com\/#\/schema\/logo\/image\/"}}]}},"_links":{"self":[{"href":"https:\/\/longchangchemical.com\/fr\/wp-json\/wp\/v2\/product\/5808","targetHints":{"allow":["GET"]}}],"collection":[{"href":"https:\/\/longchangchemical.com\/fr\/wp-json\/wp\/v2\/product"}],"about":[{"href":"https:\/\/longchangchemical.com\/fr\/wp-json\/wp\/v2\/types\/product"}],"replies":[{"embeddable":true,"href":"https:\/\/longchangchemical.com\/fr\/wp-json\/wp\/v2\/comments?post=5808"}],"wp:featuredmedia":[{"embeddable":true,"href":"https:\/\/longchangchemical.com\/fr\/wp-json\/wp\/v2\/media\/5809"}],"wp:attachment":[{"href":"https:\/\/longchangchemical.com\/fr\/wp-json\/wp\/v2\/media?parent=5808"}],"wp:term":[{"taxonomy":"product_brand","embeddable":true,"href":"https:\/\/longchangchemical.com\/fr\/wp-json\/wp\/v2\/product_brand?post=5808"},{"taxonomy":"product_cat","embeddable":true,"href":"https:\/\/longchangchemical.com\/fr\/wp-json\/wp\/v2\/product_cat?post=5808"},{"taxonomy":"product_tag","embeddable":true,"href":"https:\/\/longchangchemical.com\/fr\/wp-json\/wp\/v2\/product_tag?post=5808"}],"curies":[{"name":"wp","href":"https:\/\/api.w.org\/{rel}","templated":true}]}}