{"id":5779,"date":"2022-12-08T12:12:59","date_gmt":"2022-12-08T12:12:59","guid":{"rendered":"https:\/\/longchangchemical.com\/?post_type=product&#038;p=5779"},"modified":"2026-01-12T04:12:36","modified_gmt":"2026-01-12T04:12:36","slug":"synocat-teda-a33-280-57-9","status":"publish","type":"product","link":"https:\/\/longchangchemical.com\/fr\/product\/synocat-teda-a33-280-57-9\/","title":{"rendered":"TEDA(A33) CAS 280-57-9"},"content":{"rendered":"<h1><strong>TEDA(A33) CAS 280-57-9<\/strong><\/h1>\n<p>&nbsp;<\/p>\n<table style=\"border-collapse: collapse; width: 278.27pt;\" border=\"0\" width=\"371\" cellspacing=\"0\" cellpadding=\"0\">\n<tbody>\n<tr style=\"height: 34.50pt;\">\n<td class=\"et2\" style=\"height: 34.50pt; width: 147.75pt;\" width=\"197\" height=\"46\">Apparence<\/td>\n<td style=\"width: 130.50pt;\" width=\"174\">Liquide transparent<\/td>\n<\/tr>\n<tr style=\"height: 17.25pt;\">\n<td class=\"et2\" style=\"height: 17.25pt; width: 147.75pt;\" width=\"197\" height=\"23\">Contenu du TEDA<\/td>\n<td>33~34%<\/td>\n<\/tr>\n<tr style=\"height: 17.25pt;\">\n<td class=\"et2\" style=\"height: 17.25pt; width: 147.75pt;\" width=\"197\" height=\"23\">Contenu du DPG<\/td>\n<td>66~67%<\/td>\n<\/tr>\n<tr style=\"height: 17.25pt;\">\n<td class=\"et2\" style=\"height: 17.25pt; width: 147.75pt;\" width=\"197\" height=\"23\">Teneur en eau<\/td>\n<td>\u22640.3%<\/td>\n<\/tr>\n<\/tbody>\n<\/table>\n<p><strong>Emballage<\/strong>200kgs\/tambour en fer ou 25KGs\/tambour<\/p>\n<p><strong>Application :<\/strong><\/p>\n<p>1. Ce produit est un interm\u00e9diaire de synth\u00e8se organique, un mat\u00e9riau synth\u00e9tique l\u00e9ger et stable, largement utilis\u00e9 dans la mousse de polyur\u00e9thane, les produits \u00e9lastom\u00e8res et plastiques et les processus de moulage. Il s'agit \u00e9galement d'un initiateur de polym\u00e8res, qui peut \u00eatre utilis\u00e9 comme catalyseur pour la polym\u00e9risation de l'\u00e9thyl\u00e8ne et la polym\u00e9risation de l'oxyde d'\u00e9thyl\u00e8ne, et ses d\u00e9riv\u00e9s peuvent \u00eatre utilis\u00e9s comme inhibiteurs de corrosion, \u00e9mulsifiants, etc.<\/p>\n<p>2. TEDA, Tri\u00e9thyl\u00e8nediamine est divis\u00e9 en 99% de poudre et 33% de liquide. Elle sent l'ammoniaque. Ce produit est un interm\u00e9diaire de synth\u00e8se organique et un mat\u00e9riau synth\u00e9tique stable \u00e0 la lumi\u00e8re. Il est largement utilis\u00e9 dans la mousse de polyur\u00e9thane, les \u00e9lastom\u00e8res, les produits plastiques et les processus de moulage. Il s'agit \u00e9galement d'un initiateur de polym\u00e8res, qui peut \u00eatre utilis\u00e9 comme catalyseur pour la polym\u00e9risation de l'\u00e9thyl\u00e8ne et la polym\u00e9risation de l'oxyde d'\u00e9thyl\u00e8ne, et ses d\u00e9riv\u00e9s peuvent \u00eatre utilis\u00e9s comme inhibiteurs de corrosion, \u00e9mulsifiants, etc.<\/p>\n<p><strong><b>Stockage :<\/b><\/strong><\/p>\n<p>Les produits sont conserv\u00e9s dans un entrep\u00f4t sec, propre et bien ventil\u00e9.<\/p>\n<p>\u00c9viter l'exposition \u00e0 la lumi\u00e8re et \u00e0 la chaleur pour pr\u00e9venir l'oxydation.<\/p>\n<p>Prot\u00e9ger le produit des fuites, de la pluie et de l'insolation pendant le transport.<\/p>\n<h2><strong><b>Contactez-nous d\u00e8s maintenant !<\/b><\/strong><\/h2>\n<h4><strong><b>Si vous avez besoin de COA, MSDS ou TDS, veuillez indiquer vos coordonn\u00e9es dans le formulaire ci-dessous. Nous vous contacterons g\u00e9n\u00e9ralement dans les 24 heures.<\/b><\/strong> Vous pouvez \u00e9galement m'envoyer un courriel <a href=\"mailto:info@longchangchemical.com\"><span style=\"color: #0000ff;\">info@longchangchemical.com<\/span><\/a> pendant les heures de travail ( 8:30 am to 6:00 pm UTC+8 Mon.~Sat. ) ou utilisez le chat en direct du site web pour obtenir une r\u00e9ponse rapide.<\/h4>","protected":false},"excerpt":{"rendered":"<p>Nom chimique : Tri\u00e9thyl\u00e8nediamine<\/p>\n<p>NUM\u00c9RO DE CAS : 280-57-9<\/p>\n<p>Formule : C6H12N2<\/p>\n<p>Contenu : 33% liquide<\/p>","protected":false},"featured_media":5917,"comment_status":"closed","ping_status":"closed","template":"","meta":[],"product_brand":[],"product_cat":[119],"product_tag":[],"class_list":{"0":"post-5779","1":"product","2":"type-product","3":"status-publish","4":"has-post-thumbnail","6":"product_cat-synocat-polyurethane-catalyst","8":"first","9":"instock","10":"shipping-taxable","11":"product-type-simple"},"yoast_head":"<!-- This site is optimized with the Yoast SEO plugin v25.3.1 - https:\/\/yoast.com\/wordpress\/plugins\/seo\/ -->\n<title>China TEDA(A33) CAS 280-57-9 Manufacturer - Longchang Chemical<\/title>\n<meta name=\"description\" content=\"TEDA(A33) CAS 280-57-9 is a key product of Longchang Chemical. We provide the best price. We are the leading manufacturer in China with the best quality and competitive price.\" \/>\n<meta name=\"robots\" content=\"index, follow, max-snippet:-1, max-image-preview:large, max-video-preview:-1\" \/>\n<link rel=\"canonical\" href=\"https:\/\/longchangchemical.com\/fr\/product\/synocat-teda-a33-280-57-9\/\" \/>\n<meta property=\"og:locale\" content=\"fr_FR\" \/>\n<meta property=\"og:type\" content=\"article\" \/>\n<meta property=\"og:title\" content=\"China TEDA(A33) CAS 280-57-9 Manufacturer - Longchang Chemical\" \/>\n<meta property=\"og:description\" content=\"TEDA(A33) CAS 280-57-9 is a key product of Longchang Chemical. We provide the best price. We are the leading manufacturer in China with the best quality and competitive price.\" \/>\n<meta property=\"og:url\" content=\"https:\/\/longchangchemical.com\/fr\/product\/synocat-teda-a33-280-57-9\/\" \/>\n<meta property=\"og:site_name\" content=\"Longchang Chemical\" \/>\n<meta property=\"article:modified_time\" content=\"2026-01-12T04:12:36+00:00\" \/>\n<meta property=\"og:image\" content=\"https:\/\/longchangchemical.com\/wp-content\/uploads\/2022\/12\/Synocat\u00ae-TEDAA33.jpg\" \/>\n\t<meta property=\"og:image:width\" content=\"800\" \/>\n\t<meta property=\"og:image:height\" content=\"800\" \/>\n\t<meta property=\"og:image:type\" content=\"image\/jpeg\" \/>\n<meta name=\"twitter:card\" content=\"summary_large_image\" \/>\n<script type=\"application\/ld+json\" class=\"yoast-schema-graph\">{\"@context\":\"https:\/\/schema.org\",\"@graph\":[{\"@type\":\"WebPage\",\"@id\":\"https:\/\/longchangchemical.com\/product\/synocat-teda-a33-280-57-9\/\",\"url\":\"https:\/\/longchangchemical.com\/product\/synocat-teda-a33-280-57-9\/\",\"name\":\"China TEDA(A33) CAS 280-57-9 Manufacturer - Longchang Chemical\",\"isPartOf\":{\"@id\":\"https:\/\/longchangchemical.com\/#website\"},\"primaryImageOfPage\":{\"@id\":\"https:\/\/longchangchemical.com\/product\/synocat-teda-a33-280-57-9\/#primaryimage\"},\"image\":{\"@id\":\"https:\/\/longchangchemical.com\/product\/synocat-teda-a33-280-57-9\/#primaryimage\"},\"thumbnailUrl\":\"https:\/\/longchangchemical.com\/wp-content\/uploads\/2022\/12\/Synocat\u00ae-TEDAA33.jpg\",\"datePublished\":\"2022-12-08T12:12:59+00:00\",\"dateModified\":\"2026-01-12T04:12:36+00:00\",\"description\":\"TEDA(A33) CAS 280-57-9 is a key product of Longchang Chemical. We provide the best price. We are the leading manufacturer in China with the best quality and competitive price.\",\"breadcrumb\":{\"@id\":\"https:\/\/longchangchemical.com\/product\/synocat-teda-a33-280-57-9\/#breadcrumb\"},\"inLanguage\":\"fr-FR\",\"potentialAction\":[{\"@type\":\"ReadAction\",\"target\":[\"https:\/\/longchangchemical.com\/product\/synocat-teda-a33-280-57-9\/\"]}]},{\"@type\":\"ImageObject\",\"inLanguage\":\"fr-FR\",\"@id\":\"https:\/\/longchangchemical.com\/product\/synocat-teda-a33-280-57-9\/#primaryimage\",\"url\":\"https:\/\/longchangchemical.com\/wp-content\/uploads\/2022\/12\/Synocat\u00ae-TEDAA33.jpg\",\"contentUrl\":\"https:\/\/longchangchemical.com\/wp-content\/uploads\/2022\/12\/Synocat\u00ae-TEDAA33.jpg\",\"width\":800,\"height\":800,\"caption\":\"TEDA(A33) CAS 280-57-9\"},{\"@type\":\"BreadcrumbList\",\"@id\":\"https:\/\/longchangchemical.com\/product\/synocat-teda-a33-280-57-9\/#breadcrumb\",\"itemListElement\":[{\"@type\":\"ListItem\",\"position\":1,\"name\":\"Home\",\"item\":\"https:\/\/longchangchemical.com\/\"},{\"@type\":\"ListItem\",\"position\":2,\"name\":\"Products Longchang\",\"item\":\"https:\/\/longchangchemical.com\/product\/\"},{\"@type\":\"ListItem\",\"position\":3,\"name\":\"TEDA(A33) CAS 280-57-9\"}]},{\"@type\":\"WebSite\",\"@id\":\"https:\/\/longchangchemical.com\/#website\",\"url\":\"https:\/\/longchangchemical.com\/\",\"name\":\"Longchang Chemical\",\"description\":\"China chemical manufacturer \uff06 supplier\",\"publisher\":{\"@id\":\"https:\/\/longchangchemical.com\/#organization\"},\"potentialAction\":[{\"@type\":\"SearchAction\",\"target\":{\"@type\":\"EntryPoint\",\"urlTemplate\":\"https:\/\/longchangchemical.com\/?s={search_term_string}\"},\"query-input\":{\"@type\":\"PropertyValueSpecification\",\"valueRequired\":true,\"valueName\":\"search_term_string\"}}],\"inLanguage\":\"fr-FR\"},{\"@type\":\"Organization\",\"@id\":\"https:\/\/longchangchemical.com\/#organization\",\"name\":\"Longchang Chemical\",\"url\":\"https:\/\/longchangchemical.com\/\",\"logo\":{\"@type\":\"ImageObject\",\"inLanguage\":\"fr-FR\",\"@id\":\"https:\/\/longchangchemical.com\/#\/schema\/logo\/image\/\",\"url\":\"https:\/\/longchangchemical.com\/wp-content\/uploads\/2020\/08\/cropped-longchang-logo.png\",\"contentUrl\":\"https:\/\/longchangchemical.com\/wp-content\/uploads\/2020\/08\/cropped-longchang-logo.png\",\"width\":512,\"height\":512,\"caption\":\"Longchang Chemical\"},\"image\":{\"@id\":\"https:\/\/longchangchemical.com\/#\/schema\/logo\/image\/\"}}]}<\/script>\n<!-- \/ Yoast SEO plugin. -->","yoast_head_json":{"title":"Chine TEDA(A33) CAS 280-57-9 Fabricant - Longchang Chemical","description":"TEDA(A33) CAS 280-57-9 est un produit cl\u00e9 de Longchang Chemical. Nous fournissons le meilleur prix. Nous sommes le principal fabricant en Chine avec la meilleure qualit\u00e9 et un prix comp\u00e9titif.","robots":{"index":"index","follow":"follow","max-snippet":"max-snippet:-1","max-image-preview":"max-image-preview:large","max-video-preview":"max-video-preview:-1"},"canonical":"https:\/\/longchangchemical.com\/fr\/product\/synocat-teda-a33-280-57-9\/","og_locale":"fr_FR","og_type":"article","og_title":"China TEDA(A33) CAS 280-57-9 Manufacturer - Longchang Chemical","og_description":"TEDA(A33) CAS 280-57-9 is a key product of Longchang Chemical. We provide the best price. We are the leading manufacturer in China with the best quality and competitive price.","og_url":"https:\/\/longchangchemical.com\/fr\/product\/synocat-teda-a33-280-57-9\/","og_site_name":"Longchang Chemical","article_modified_time":"2026-01-12T04:12:36+00:00","og_image":[{"width":800,"height":800,"url":"https:\/\/longchangchemical.com\/wp-content\/uploads\/2022\/12\/Synocat\u00ae-TEDAA33.jpg","type":"image\/jpeg"}],"twitter_card":"summary_large_image","schema":{"@context":"https:\/\/schema.org","@graph":[{"@type":"WebPage","@id":"https:\/\/longchangchemical.com\/product\/synocat-teda-a33-280-57-9\/","url":"https:\/\/longchangchemical.com\/product\/synocat-teda-a33-280-57-9\/","name":"Chine TEDA(A33) CAS 280-57-9 Fabricant - Longchang Chemical","isPartOf":{"@id":"https:\/\/longchangchemical.com\/#website"},"primaryImageOfPage":{"@id":"https:\/\/longchangchemical.com\/product\/synocat-teda-a33-280-57-9\/#primaryimage"},"image":{"@id":"https:\/\/longchangchemical.com\/product\/synocat-teda-a33-280-57-9\/#primaryimage"},"thumbnailUrl":"https:\/\/longchangchemical.com\/wp-content\/uploads\/2022\/12\/Synocat\u00ae-TEDAA33.jpg","datePublished":"2022-12-08T12:12:59+00:00","dateModified":"2026-01-12T04:12:36+00:00","description":"TEDA(A33) CAS 280-57-9 est un produit cl\u00e9 de Longchang Chemical. Nous fournissons le meilleur prix. Nous sommes le principal fabricant en Chine avec la meilleure qualit\u00e9 et un prix comp\u00e9titif.","breadcrumb":{"@id":"https:\/\/longchangchemical.com\/product\/synocat-teda-a33-280-57-9\/#breadcrumb"},"inLanguage":"fr-FR","potentialAction":[{"@type":"ReadAction","target":["https:\/\/longchangchemical.com\/product\/synocat-teda-a33-280-57-9\/"]}]},{"@type":"ImageObject","inLanguage":"fr-FR","@id":"https:\/\/longchangchemical.com\/product\/synocat-teda-a33-280-57-9\/#primaryimage","url":"https:\/\/longchangchemical.com\/wp-content\/uploads\/2022\/12\/Synocat\u00ae-TEDAA33.jpg","contentUrl":"https:\/\/longchangchemical.com\/wp-content\/uploads\/2022\/12\/Synocat\u00ae-TEDAA33.jpg","width":800,"height":800,"caption":"TEDA(A33) CAS 280-57-9"},{"@type":"BreadcrumbList","@id":"https:\/\/longchangchemical.com\/product\/synocat-teda-a33-280-57-9\/#breadcrumb","itemListElement":[{"@type":"ListItem","position":1,"name":"Home","item":"https:\/\/longchangchemical.com\/"},{"@type":"ListItem","position":2,"name":"Products Longchang","item":"https:\/\/longchangchemical.com\/product\/"},{"@type":"ListItem","position":3,"name":"TEDA(A33) CAS 280-57-9"}]},{"@type":"WebSite","@id":"https:\/\/longchangchemical.com\/#website","url":"https:\/\/longchangchemical.com\/","name":"Longchang Chemical","description":"Fabricant chinois de produits chimiques \uff06 fournisseur","publisher":{"@id":"https:\/\/longchangchemical.com\/#organization"},"potentialAction":[{"@type":"SearchAction","target":{"@type":"EntryPoint","urlTemplate":"https:\/\/longchangchemical.com\/?s={search_term_string}"},"query-input":{"@type":"PropertyValueSpecification","valueRequired":true,"valueName":"search_term_string"}}],"inLanguage":"fr-FR"},{"@type":"Organization","@id":"https:\/\/longchangchemical.com\/#organization","name":"Longchang Chemical","url":"https:\/\/longchangchemical.com\/","logo":{"@type":"ImageObject","inLanguage":"fr-FR","@id":"https:\/\/longchangchemical.com\/#\/schema\/logo\/image\/","url":"https:\/\/longchangchemical.com\/wp-content\/uploads\/2020\/08\/cropped-longchang-logo.png","contentUrl":"https:\/\/longchangchemical.com\/wp-content\/uploads\/2020\/08\/cropped-longchang-logo.png","width":512,"height":512,"caption":"Longchang Chemical"},"image":{"@id":"https:\/\/longchangchemical.com\/#\/schema\/logo\/image\/"}}]}},"_links":{"self":[{"href":"https:\/\/longchangchemical.com\/fr\/wp-json\/wp\/v2\/product\/5779","targetHints":{"allow":["GET"]}}],"collection":[{"href":"https:\/\/longchangchemical.com\/fr\/wp-json\/wp\/v2\/product"}],"about":[{"href":"https:\/\/longchangchemical.com\/fr\/wp-json\/wp\/v2\/types\/product"}],"replies":[{"embeddable":true,"href":"https:\/\/longchangchemical.com\/fr\/wp-json\/wp\/v2\/comments?post=5779"}],"wp:featuredmedia":[{"embeddable":true,"href":"https:\/\/longchangchemical.com\/fr\/wp-json\/wp\/v2\/media\/5917"}],"wp:attachment":[{"href":"https:\/\/longchangchemical.com\/fr\/wp-json\/wp\/v2\/media?parent=5779"}],"wp:term":[{"taxonomy":"product_brand","embeddable":true,"href":"https:\/\/longchangchemical.com\/fr\/wp-json\/wp\/v2\/product_brand?post=5779"},{"taxonomy":"product_cat","embeddable":true,"href":"https:\/\/longchangchemical.com\/fr\/wp-json\/wp\/v2\/product_cat?post=5779"},{"taxonomy":"product_tag","embeddable":true,"href":"https:\/\/longchangchemical.com\/fr\/wp-json\/wp\/v2\/product_tag?post=5779"}],"curies":[{"name":"wp","href":"https:\/\/api.w.org\/{rel}","templated":true}]}}