{"id":5769,"date":"2022-12-03T15:10:16","date_gmt":"2022-12-03T15:10:16","guid":{"rendered":"https:\/\/longchangchemical.com\/?post_type=product&#038;p=5769"},"modified":"2026-01-09T09:22:16","modified_gmt":"2026-01-09T09:22:16","slug":"lcsorb-uv-1577-cas-147315-50-2","status":"publish","type":"product","link":"https:\/\/longchangchemical.com\/fr\/product\/lcsorb-uv-1577-cas-147315-50-2\/","title":{"rendered":"UV-1577 \/ TINUVIN 1577 \/ Sarasorb 3577 CAS 147315-50-2"},"content":{"rendered":"<h1><strong>UV-1577 \/ TINUVIN 1577 CAS 147315-50-2<\/strong><\/h1>\n<div class=\"stm-products-catalog\">\n<div class=\"container\">\n<div class=\"row\">\n<div class=\"col-md-12 man_main_sidebar\">\n<div class=\"content-area\">\n<div id=\"product-4145\" class=\"product type-product post-4145 status-publish first instock product_cat-uv-absorber has-post-thumbnail shipping-taxable product-type-simple\">\n<div class=\"woocommerce-tabs wc-tabs-wrapper\">\n<div id=\"tab-description\" class=\"woocommerce-Tabs-panel woocommerce-Tabs-panel--description panel entry-content wc-tab\" role=\"tabpanel\" aria-labelledby=\"tab-title-description\">\n<div class=\"row\">\n<div class=\"col-md-6\">\n<table border=\"1\" width=\"505\" cellspacing=\"0\">\n<tbody>\n<tr>\n<td valign=\"top\" width=\"104\">Apparence<\/td>\n<td valign=\"top\" width=\"386\">Poudre cristalline jaune clair<\/td>\n<\/tr>\n<tr>\n<td valign=\"top\" width=\"104\">Contenu<\/td>\n<td valign=\"top\" width=\"386\">\u226598.5%(HPLC)<\/td>\n<\/tr>\n<tr>\n<td valign=\"top\" width=\"104\">Point de fusion<\/td>\n<td valign=\"top\" width=\"386\">147-151\u2103<\/td>\n<\/tr>\n<tr>\n<td valign=\"top\" width=\"104\">Fr\u00eane<\/td>\n<td valign=\"top\" width=\"386\">\u22640.1%<\/td>\n<\/tr>\n<tr>\n<td valign=\"top\" width=\"104\">Volatile<\/td>\n<td valign=\"top\" width=\"386\">\u22640.5%<\/td>\n<\/tr>\n<tr>\n<td valign=\"top\" width=\"104\">Transmittance<\/td>\n<td valign=\"top\" width=\"386\">450 nm\u226586.5% 500 nm\u226599%<\/td>\n<\/tr>\n<\/tbody>\n<\/table>\n<p><strong>Application\uff1a<\/strong><\/p>\n<p>UV-1577 convient aux poly\u00e9theramines, au polybutyl\u00e8ne t\u00e9r\u00e9phtalate, au polycarbonate, au poly\u00e9therester, au polym\u00e9thacrylate de m\u00e9thyle, au copolym\u00e8re acrylique, au polyamide, au polystyr\u00e8ne, \u00e0 la r\u00e9sine styr\u00e8ne-acrylonitrile et \u00e0 la polyol\u00e9fine, etc.<\/p>\n<p>&nbsp;<\/p>\n<p><strong>Stockage :<\/strong><br \/>\nLes produits sont conserv\u00e9s dans un entrep\u00f4t sec, propre et bien ventil\u00e9.<br \/>\n\u00c9viter l'exposition \u00e0 la lumi\u00e8re et \u00e0 la chaleur pour pr\u00e9venir l'oxydation.<br \/>\nProt\u00e9ger le produit des fuites, de la pluie et de l'insolation pendant le transport.<\/p>\n<\/div>\n<\/div>\n<\/div>\n<\/div>\n<\/div>\n<\/div>\n<\/div>\n<\/div>\n<\/div>\n<\/div>\n<div class=\"nav-box man_nav_previous man_image_bck col-md-6\" data-image=\"https:\/\/longchangchemical.com\/wp-content\/uploads\/2021\/08\/DMDEE-768x768.jpg\" data-color=\"#292929\">\n<h2><strong>Contactez-nous d\u00e8s maintenant !<\/strong><\/h2>\n<p><strong>Si vous avez besoin de COA, MSDS ou TDS de <span style=\"color: #00ccff;\"><a style=\"color: #00ccff;\" href=\"https:\/\/longchangchemical.com\/fr\/product-category\/lcsorb-uv-absorber\/\">Absorbeur d'UV lcsorb<\/a><\/span>Si vous avez besoin d'aide, veuillez indiquer vos coordonn\u00e9es dans le formulaire ci-dessous. Nous vous contacterons g\u00e9n\u00e9ralement dans les 24 heures. Vous pouvez \u00e9galement m'envoyer un courriel <span style=\"color: #00ccff;\"><a style=\"color: #00ccff;\" href=\"mailto:info@longchangchemical.com\">info@longchangchemical.com<\/a> <\/span>pendant les heures de travail ( 8:30 am to 6:00 pm UTC+8 Mon.~Sat. ) ou utilisez le chat en direct du site web pour obtenir une r\u00e9ponse rapide.<\/strong><\/p>\n<\/div>\n<div data-image=\"https:\/\/longchangchemical.com\/wp-content\/uploads\/2021\/08\/DMDEE-768x768.jpg\" data-color=\"#292929\"><\/div>","protected":false},"excerpt":{"rendered":"<p>Nom du produit : Absorbeur d'UV UV-1577<\/p>\n<p>Cas No. : 147315-50-2<\/p>\n<p>Nom chimique:2-(4,6-Diph\u00e9nyl-1,3,5-triazin-2-yl)-5-[(hexyl)oxy]-ph\u00e9nol<\/p>\n<p>Synonyme:Appolo 1577;BIOSORB 1577;TINUVIN 1577;;CG 30-1577;Chiguard 5577;K.SORB 1577;OMNISTAB UV 1577;Absorbeur d'UV UV-1577<\/p>\n<p>MF : C27H27N3O2<\/p>\n<p>Puret\u00e9 : \u226598.5%(HPLC)<\/p>","protected":false},"featured_media":7958,"comment_status":"closed","ping_status":"closed","template":"","meta":[],"product_brand":[],"product_cat":[139],"product_tag":[],"class_list":{"0":"post-5769","1":"product","2":"type-product","3":"status-publish","4":"has-post-thumbnail","6":"product_cat-lcsorb-uv-absorber","8":"first","9":"instock","10":"shipping-taxable","11":"product-type-simple"},"yoast_head":"<!-- This site is optimized with the Yoast SEO plugin v25.3.1 - https:\/\/yoast.com\/wordpress\/plugins\/seo\/ -->\n<title>Uv absorber UV-1577 \/ TINUVIN 1577 CAS 147315-50-2 manufacturer - Longchang Chemical<\/title>\n<meta name=\"description\" content=\"UV-1577 can replace Appolo 1577;BIOSORB 1577;TINUVIN 1577;;CG 30-1577;Chiguard 5577;K.SORB 1577;OMNISTAB UV 1577,used as ultraviolet absorber and is the key product of Longchang Chemical. We are the leading uv material manufacturer and supplier in China with the best quanlity and competitive price.\" \/>\n<meta name=\"robots\" content=\"index, follow, max-snippet:-1, max-image-preview:large, max-video-preview:-1\" \/>\n<link rel=\"canonical\" href=\"https:\/\/longchangchemical.com\/fr\/product\/lcsorb-uv-1577-cas-147315-50-2\/\" \/>\n<meta property=\"og:locale\" content=\"fr_FR\" \/>\n<meta property=\"og:type\" content=\"article\" \/>\n<meta property=\"og:title\" content=\"Uv absorber UV-1577 \/ TINUVIN 1577 CAS 147315-50-2 manufacturer - Longchang Chemical\" \/>\n<meta property=\"og:description\" content=\"UV-1577 can replace Appolo 1577;BIOSORB 1577;TINUVIN 1577;;CG 30-1577;Chiguard 5577;K.SORB 1577;OMNISTAB UV 1577,used as ultraviolet absorber and is the key product of Longchang Chemical. We are the leading uv material manufacturer and supplier in China with the best quanlity and competitive price.\" \/>\n<meta property=\"og:url\" content=\"https:\/\/longchangchemical.com\/fr\/product\/lcsorb-uv-1577-cas-147315-50-2\/\" \/>\n<meta property=\"og:site_name\" content=\"Longchang Chemical\" \/>\n<meta property=\"article:modified_time\" content=\"2026-01-09T09:22:16+00:00\" \/>\n<meta property=\"og:image\" content=\"https:\/\/longchangchemical.com\/wp-content\/uploads\/2022\/12\/147315-50-2.jpg\" \/>\n\t<meta property=\"og:image:width\" content=\"600\" \/>\n\t<meta property=\"og:image:height\" content=\"600\" \/>\n\t<meta property=\"og:image:type\" content=\"image\/jpeg\" \/>\n<meta name=\"twitter:card\" content=\"summary_large_image\" \/>\n<script type=\"application\/ld+json\" class=\"yoast-schema-graph\">{\"@context\":\"https:\/\/schema.org\",\"@graph\":[{\"@type\":\"WebPage\",\"@id\":\"https:\/\/longchangchemical.com\/product\/lcsorb-uv-1577-cas-147315-50-2\/\",\"url\":\"https:\/\/longchangchemical.com\/product\/lcsorb-uv-1577-cas-147315-50-2\/\",\"name\":\"Uv absorber UV-1577 \/ TINUVIN 1577 CAS 147315-50-2 manufacturer - Longchang Chemical\",\"isPartOf\":{\"@id\":\"https:\/\/longchangchemical.com\/#website\"},\"primaryImageOfPage\":{\"@id\":\"https:\/\/longchangchemical.com\/product\/lcsorb-uv-1577-cas-147315-50-2\/#primaryimage\"},\"image\":{\"@id\":\"https:\/\/longchangchemical.com\/product\/lcsorb-uv-1577-cas-147315-50-2\/#primaryimage\"},\"thumbnailUrl\":\"https:\/\/longchangchemical.com\/wp-content\/uploads\/2022\/12\/147315-50-2.jpg\",\"datePublished\":\"2022-12-03T15:10:16+00:00\",\"dateModified\":\"2026-01-09T09:22:16+00:00\",\"description\":\"UV-1577 can replace Appolo 1577;BIOSORB 1577;TINUVIN 1577;;CG 30-1577;Chiguard 5577;K.SORB 1577;OMNISTAB UV 1577,used as ultraviolet absorber and is the key product of Longchang Chemical. We are the leading uv material manufacturer and supplier in China with the best quanlity and competitive price.\",\"breadcrumb\":{\"@id\":\"https:\/\/longchangchemical.com\/product\/lcsorb-uv-1577-cas-147315-50-2\/#breadcrumb\"},\"inLanguage\":\"fr-FR\",\"potentialAction\":[{\"@type\":\"ReadAction\",\"target\":[\"https:\/\/longchangchemical.com\/product\/lcsorb-uv-1577-cas-147315-50-2\/\"]}]},{\"@type\":\"ImageObject\",\"inLanguage\":\"fr-FR\",\"@id\":\"https:\/\/longchangchemical.com\/product\/lcsorb-uv-1577-cas-147315-50-2\/#primaryimage\",\"url\":\"https:\/\/longchangchemical.com\/wp-content\/uploads\/2022\/12\/147315-50-2.jpg\",\"contentUrl\":\"https:\/\/longchangchemical.com\/wp-content\/uploads\/2022\/12\/147315-50-2.jpg\",\"width\":600,\"height\":600},{\"@type\":\"BreadcrumbList\",\"@id\":\"https:\/\/longchangchemical.com\/product\/lcsorb-uv-1577-cas-147315-50-2\/#breadcrumb\",\"itemListElement\":[{\"@type\":\"ListItem\",\"position\":1,\"name\":\"Home\",\"item\":\"https:\/\/longchangchemical.com\/\"},{\"@type\":\"ListItem\",\"position\":2,\"name\":\"Products Longchang\",\"item\":\"https:\/\/longchangchemical.com\/product\/\"},{\"@type\":\"ListItem\",\"position\":3,\"name\":\"UV-1577 \/ TINUVIN 1577 \/ Sarasorb 3577 CAS 147315-50-2\"}]},{\"@type\":\"WebSite\",\"@id\":\"https:\/\/longchangchemical.com\/#website\",\"url\":\"https:\/\/longchangchemical.com\/\",\"name\":\"Longchang Chemical\",\"description\":\"China chemical manufacturer \uff06 supplier\",\"publisher\":{\"@id\":\"https:\/\/longchangchemical.com\/#organization\"},\"potentialAction\":[{\"@type\":\"SearchAction\",\"target\":{\"@type\":\"EntryPoint\",\"urlTemplate\":\"https:\/\/longchangchemical.com\/?s={search_term_string}\"},\"query-input\":{\"@type\":\"PropertyValueSpecification\",\"valueRequired\":true,\"valueName\":\"search_term_string\"}}],\"inLanguage\":\"fr-FR\"},{\"@type\":\"Organization\",\"@id\":\"https:\/\/longchangchemical.com\/#organization\",\"name\":\"Longchang Chemical\",\"url\":\"https:\/\/longchangchemical.com\/\",\"logo\":{\"@type\":\"ImageObject\",\"inLanguage\":\"fr-FR\",\"@id\":\"https:\/\/longchangchemical.com\/#\/schema\/logo\/image\/\",\"url\":\"https:\/\/longchangchemical.com\/wp-content\/uploads\/2020\/08\/cropped-longchang-logo.png\",\"contentUrl\":\"https:\/\/longchangchemical.com\/wp-content\/uploads\/2020\/08\/cropped-longchang-logo.png\",\"width\":512,\"height\":512,\"caption\":\"Longchang Chemical\"},\"image\":{\"@id\":\"https:\/\/longchangchemical.com\/#\/schema\/logo\/image\/\"}}]}<\/script>\n<!-- \/ Yoast SEO plugin. -->","yoast_head_json":{"title":"Absorbeur d'UV UV-1577 \/ TINUVIN 1577 CAS 147315-50-2 fabricant - Longchang Chemical","description":"UV-1577 peut remplacer Appolo 1577;BIOSORB 1577;TINUVIN 1577;;CG 30-1577;Chiguard 5577;K.SORB 1577;OMNISTAB UV 1577, utilis\u00e9 comme absorbeur ultraviolet et est le produit cl\u00e9 de Longchang Chemical. Nous sommes le principal fabricant et fournisseur de mat\u00e9riaux UV en Chine, avec la meilleure qualit\u00e9 et le prix le plus comp\u00e9titif.","robots":{"index":"index","follow":"follow","max-snippet":"max-snippet:-1","max-image-preview":"max-image-preview:large","max-video-preview":"max-video-preview:-1"},"canonical":"https:\/\/longchangchemical.com\/fr\/product\/lcsorb-uv-1577-cas-147315-50-2\/","og_locale":"fr_FR","og_type":"article","og_title":"Uv absorber UV-1577 \/ TINUVIN 1577 CAS 147315-50-2 manufacturer - Longchang Chemical","og_description":"UV-1577 can replace Appolo 1577;BIOSORB 1577;TINUVIN 1577;;CG 30-1577;Chiguard 5577;K.SORB 1577;OMNISTAB UV 1577,used as ultraviolet absorber and is the key product of Longchang Chemical. We are the leading uv material manufacturer and supplier in China with the best quanlity and competitive price.","og_url":"https:\/\/longchangchemical.com\/fr\/product\/lcsorb-uv-1577-cas-147315-50-2\/","og_site_name":"Longchang Chemical","article_modified_time":"2026-01-09T09:22:16+00:00","og_image":[{"width":600,"height":600,"url":"https:\/\/longchangchemical.com\/wp-content\/uploads\/2022\/12\/147315-50-2.jpg","type":"image\/jpeg"}],"twitter_card":"summary_large_image","schema":{"@context":"https:\/\/schema.org","@graph":[{"@type":"WebPage","@id":"https:\/\/longchangchemical.com\/product\/lcsorb-uv-1577-cas-147315-50-2\/","url":"https:\/\/longchangchemical.com\/product\/lcsorb-uv-1577-cas-147315-50-2\/","name":"Absorbeur d'UV UV-1577 \/ TINUVIN 1577 CAS 147315-50-2 fabricant - Longchang Chemical","isPartOf":{"@id":"https:\/\/longchangchemical.com\/#website"},"primaryImageOfPage":{"@id":"https:\/\/longchangchemical.com\/product\/lcsorb-uv-1577-cas-147315-50-2\/#primaryimage"},"image":{"@id":"https:\/\/longchangchemical.com\/product\/lcsorb-uv-1577-cas-147315-50-2\/#primaryimage"},"thumbnailUrl":"https:\/\/longchangchemical.com\/wp-content\/uploads\/2022\/12\/147315-50-2.jpg","datePublished":"2022-12-03T15:10:16+00:00","dateModified":"2026-01-09T09:22:16+00:00","description":"UV-1577 peut remplacer Appolo 1577;BIOSORB 1577;TINUVIN 1577;;CG 30-1577;Chiguard 5577;K.SORB 1577;OMNISTAB UV 1577, utilis\u00e9 comme absorbeur ultraviolet et est le produit cl\u00e9 de Longchang Chemical. Nous sommes le principal fabricant et fournisseur de mat\u00e9riaux UV en Chine, avec la meilleure qualit\u00e9 et le prix le plus comp\u00e9titif.","breadcrumb":{"@id":"https:\/\/longchangchemical.com\/product\/lcsorb-uv-1577-cas-147315-50-2\/#breadcrumb"},"inLanguage":"fr-FR","potentialAction":[{"@type":"ReadAction","target":["https:\/\/longchangchemical.com\/product\/lcsorb-uv-1577-cas-147315-50-2\/"]}]},{"@type":"ImageObject","inLanguage":"fr-FR","@id":"https:\/\/longchangchemical.com\/product\/lcsorb-uv-1577-cas-147315-50-2\/#primaryimage","url":"https:\/\/longchangchemical.com\/wp-content\/uploads\/2022\/12\/147315-50-2.jpg","contentUrl":"https:\/\/longchangchemical.com\/wp-content\/uploads\/2022\/12\/147315-50-2.jpg","width":600,"height":600},{"@type":"BreadcrumbList","@id":"https:\/\/longchangchemical.com\/product\/lcsorb-uv-1577-cas-147315-50-2\/#breadcrumb","itemListElement":[{"@type":"ListItem","position":1,"name":"Home","item":"https:\/\/longchangchemical.com\/"},{"@type":"ListItem","position":2,"name":"Products Longchang","item":"https:\/\/longchangchemical.com\/product\/"},{"@type":"ListItem","position":3,"name":"UV-1577 \/ TINUVIN 1577 \/ Sarasorb 3577 CAS 147315-50-2"}]},{"@type":"WebSite","@id":"https:\/\/longchangchemical.com\/#website","url":"https:\/\/longchangchemical.com\/","name":"Longchang Chemical","description":"Fabricant chinois de produits chimiques \uff06 fournisseur","publisher":{"@id":"https:\/\/longchangchemical.com\/#organization"},"potentialAction":[{"@type":"SearchAction","target":{"@type":"EntryPoint","urlTemplate":"https:\/\/longchangchemical.com\/?s={search_term_string}"},"query-input":{"@type":"PropertyValueSpecification","valueRequired":true,"valueName":"search_term_string"}}],"inLanguage":"fr-FR"},{"@type":"Organization","@id":"https:\/\/longchangchemical.com\/#organization","name":"Longchang Chemical","url":"https:\/\/longchangchemical.com\/","logo":{"@type":"ImageObject","inLanguage":"fr-FR","@id":"https:\/\/longchangchemical.com\/#\/schema\/logo\/image\/","url":"https:\/\/longchangchemical.com\/wp-content\/uploads\/2020\/08\/cropped-longchang-logo.png","contentUrl":"https:\/\/longchangchemical.com\/wp-content\/uploads\/2020\/08\/cropped-longchang-logo.png","width":512,"height":512,"caption":"Longchang Chemical"},"image":{"@id":"https:\/\/longchangchemical.com\/#\/schema\/logo\/image\/"}}]}},"_links":{"self":[{"href":"https:\/\/longchangchemical.com\/fr\/wp-json\/wp\/v2\/product\/5769","targetHints":{"allow":["GET"]}}],"collection":[{"href":"https:\/\/longchangchemical.com\/fr\/wp-json\/wp\/v2\/product"}],"about":[{"href":"https:\/\/longchangchemical.com\/fr\/wp-json\/wp\/v2\/types\/product"}],"replies":[{"embeddable":true,"href":"https:\/\/longchangchemical.com\/fr\/wp-json\/wp\/v2\/comments?post=5769"}],"wp:featuredmedia":[{"embeddable":true,"href":"https:\/\/longchangchemical.com\/fr\/wp-json\/wp\/v2\/media\/7958"}],"wp:attachment":[{"href":"https:\/\/longchangchemical.com\/fr\/wp-json\/wp\/v2\/media?parent=5769"}],"wp:term":[{"taxonomy":"product_brand","embeddable":true,"href":"https:\/\/longchangchemical.com\/fr\/wp-json\/wp\/v2\/product_brand?post=5769"},{"taxonomy":"product_cat","embeddable":true,"href":"https:\/\/longchangchemical.com\/fr\/wp-json\/wp\/v2\/product_cat?post=5769"},{"taxonomy":"product_tag","embeddable":true,"href":"https:\/\/longchangchemical.com\/fr\/wp-json\/wp\/v2\/product_tag?post=5769"}],"curies":[{"name":"wp","href":"https:\/\/api.w.org\/{rel}","templated":true}]}}