{"id":5763,"date":"2022-11-30T11:50:53","date_gmt":"2022-11-30T11:50:53","guid":{"rendered":"https:\/\/longchangchemical.com\/?post_type=product&#038;p=5763"},"modified":"2026-01-09T09:26:40","modified_gmt":"2026-01-09T09:26:40","slug":"lcsorb-uv-328-cas-25973-55-1","status":"publish","type":"product","link":"https:\/\/longchangchemical.com\/fr\/product\/lcsorb-uv-328-cas-25973-55-1\/","title":{"rendered":"UV-328 \/ Tinuvin 328 \/ Eversorb 74 CAS 25973-55-1"},"content":{"rendered":"<h1>UV-328 \/ Tinuvin 328 \/ Eversorb 74 CAS 25973-55-1<\/h1>\n<table style=\"border-collapse: collapse; width: 301.52pt;\" border=\"0\" width=\"402\" cellspacing=\"0\" cellpadding=\"0\">\n<tbody>\n<tr style=\"height: 13.50pt;\">\n<td class=\"et2\" style=\"height: 13.50pt; width: 87.00pt;\" width=\"116\" height=\"18\">Apparence<\/td>\n<td class=\"et2\" style=\"width: 214.50pt;\" width=\"286\">Poudre cristalline jaune clair<\/td>\n<\/tr>\n<tr style=\"height: 13.50pt;\">\n<td class=\"et2\" style=\"height: 13.50pt; width: 87.00pt;\" width=\"116\" height=\"18\">Contenu<\/td>\n<td class=\"et2\" style=\"width: 214.50pt;\" width=\"286\">\u226599%(HPLC)<\/td>\n<\/tr>\n<tr style=\"height: 13.50pt;\">\n<td class=\"et2\" style=\"height: 13.50pt; width: 87.00pt;\" width=\"116\" height=\"18\">Point de fusion<\/td>\n<td class=\"et2\" style=\"width: 214.50pt;\" width=\"286\">79-87\u2103<\/td>\n<\/tr>\n<tr style=\"height: 13.50pt;\">\n<td class=\"et2\" style=\"height: 13.50pt; width: 87.00pt;\" width=\"116\" height=\"18\">Fr\u00eane<\/td>\n<td class=\"et2\" style=\"width: 214.50pt;\" width=\"286\">\u22640.1%<\/td>\n<\/tr>\n<tr style=\"height: 13.50pt;\">\n<td class=\"et2\" style=\"height: 13.50pt; width: 87.00pt;\" width=\"116\" height=\"18\">Volatile<\/td>\n<td class=\"et2\" style=\"width: 214.50pt;\" width=\"286\">\u22640.5%<\/td>\n<\/tr>\n<tr style=\"height: 13.50pt;\">\n<td class=\"et2\" style=\"height: 13.50pt; width: 87.00pt;\" width=\"116\" height=\"18\">Transmittance<\/td>\n<td class=\"et2\" style=\"width: 214.50pt;\" width=\"286\">460nm\u226596%\uff0c500nm\u226597%<\/td>\n<\/tr>\n<\/tbody>\n<\/table>\n<p>&nbsp;<\/p>\n<p><strong>Application\uff1a<\/strong><\/p>\n<p>1. Ce produit est un absorbeur d'ultraviolets \u00e0 haut rendement, qui peut absorber efficacement la lumi\u00e8re ultraviolette d'une longueur d'onde de 270 \u00e0 340 nanom\u00e8tres.<br \/>\n2. Les performances de stabilisation de la lumi\u00e8re sont similaires \u00e0 celles de l'UV-326 et de l'UV-327, mais ce produit pr\u00e9sente une bonne compatibilit\u00e9 avec la r\u00e9sine, une faible volatilisation thermique et une grande r\u00e9sistance au lavage.<br \/>\n3. Principalement utilis\u00e9 pour la polyol\u00e9fine (en particulier le poly\u00e9thyl\u00e8ne), le polyester, le polym\u00e8re styr\u00e9nique, le polyamide, le polym\u00e9thacrylate de m\u00e9thyle, le polycarbonate, l'\u00e9lastom\u00e8re et d'autres polym\u00e8res.<\/p>\n<p><strong>Ajout sugg\u00e9r\u00e9 :<\/strong><\/p>\n<table border=\"1\" width=\"584px\" align=\"LEFT\">\n<tbody>\n<tr>\n<td valign=\"top\" width=\"95\">Polystyr\u00e8ne<\/td>\n<td valign=\"top\" width=\"95\">Poly\u00e9thyl\u00e8ne<\/td>\n<td valign=\"top\" width=\"95\">Polyester<\/td>\n<td valign=\"top\" width=\"95\">Polycarbonate<\/td>\n<td valign=\"top\" width=\"95\">Chlorure de polyvinyle<\/td>\n<\/tr>\n<tr>\n<td valign=\"top\" width=\"95\">0.2-0.5%<\/td>\n<td valign=\"top\" width=\"95\">0.2-0.4%<\/td>\n<td valign=\"top\" width=\"95\">0.3-0.5%<\/td>\n<td valign=\"top\" width=\"95\">0.15-0.3%<\/td>\n<td valign=\"top\" width=\"95\">0.2-0.5%<\/td>\n<\/tr>\n<\/tbody>\n<\/table>\n<p>&nbsp;<\/p>\n<p>&nbsp;<\/p>\n<p>&nbsp;<\/p>\n<p><strong>Stockage :<\/strong><br \/>\nLes produits sont conserv\u00e9s dans un entrep\u00f4t sec, propre et bien ventil\u00e9.<br \/>\n\u00c9viter l'exposition \u00e0 la lumi\u00e8re et \u00e0 la chaleur pour pr\u00e9venir l'oxydation.<br \/>\nProt\u00e9ger le produit des fuites, de la pluie et de l'insolation pendant le transport.<\/p>\n<p>&nbsp;<\/p>\n<h2><strong>Contactez-nous d\u00e8s maintenant !<\/strong><\/h2>\n<p><strong>Si vous avez besoin de COA, MSDS ou TDS de <span style=\"color: #00ccff;\"><a style=\"color: #00ccff;\" href=\"https:\/\/longchangchemical.com\/fr\/product-category\/lcsorb-uv-absorber\/\">Absorbeur d'UV lcsorb<\/a><\/span>Si vous avez besoin d'aide, veuillez indiquer vos coordonn\u00e9es dans le formulaire ci-dessous. Nous vous contacterons g\u00e9n\u00e9ralement dans les 24 heures. Vous pouvez \u00e9galement m'envoyer un courriel <span style=\"color: #00ccff;\"><a style=\"color: #00ccff;\" href=\"mailto:info@longchangchemical.com\">info@longchangchemical.com<\/a> <\/span>pendant les heures de travail ( 8:30 am to 6:00 pm UTC+8 Mon.~Sat. ) ou utilisez le chat en direct du site web pour obtenir une r\u00e9ponse rapide.<\/strong><\/p>","protected":false},"excerpt":{"rendered":"<p>Nom du produit : Absorbeur d'UV UV-328<\/p>\n<p><strong>Nom chimique<\/strong>:2-(2H-benzotriazol-2-yl)-4,6-ditertpentylph\u00e9nol<\/p>\n<p><strong>Synonyme :<\/strong>Eversorb 74;GSTAB 328;Tinuvin 328<\/p>\n<p>Cas No. : 25973-55-1<\/p>\n<p>MF : C22H29N3O<\/p>\n<p>Puret\u00e9 : \u226599%(HPLC)<\/p>","protected":false},"featured_media":7960,"comment_status":"closed","ping_status":"closed","template":"","meta":[],"product_brand":[],"product_cat":[139],"product_tag":[],"class_list":{"0":"post-5763","1":"product","2":"type-product","3":"status-publish","4":"has-post-thumbnail","6":"product_cat-lcsorb-uv-absorber","8":"first","9":"instock","10":"shipping-taxable","11":"product-type-simple"},"yoast_head":"<!-- This site is optimized with the Yoast SEO plugin v25.3.1 - https:\/\/yoast.com\/wordpress\/plugins\/seo\/ -->\n<title>China Uv absorber UV-328 manufacturer Tinuvin 328 Cas 25973-55-1 Supplier - Longchang Chemical<\/title>\n<meta name=\"description\" content=\"UV-328 can replace Eversorb 74;GSTAB 328;Tinuvin 328,used as ultraviolet absorber and is the key product of lcnacure Longchang Chemical. We are the leading uv material manufacturer and supplier in China with the best quanlity and competitive price.\" \/>\n<meta name=\"robots\" content=\"index, follow, max-snippet:-1, max-image-preview:large, max-video-preview:-1\" \/>\n<link rel=\"canonical\" href=\"https:\/\/longchangchemical.com\/fr\/product\/lcsorb-uv-328-cas-25973-55-1\/\" \/>\n<meta property=\"og:locale\" content=\"fr_FR\" \/>\n<meta property=\"og:type\" content=\"article\" \/>\n<meta property=\"og:title\" content=\"China Uv absorber UV-328 manufacturer Tinuvin 328 Cas 25973-55-1 Supplier - Longchang Chemical\" \/>\n<meta property=\"og:description\" content=\"UV-328 can replace Eversorb 74;GSTAB 328;Tinuvin 328,used as ultraviolet absorber and is the key product of lcnacure Longchang Chemical. We are the leading uv material manufacturer and supplier in China with the best quanlity and competitive price.\" \/>\n<meta property=\"og:url\" content=\"https:\/\/longchangchemical.com\/fr\/product\/lcsorb-uv-328-cas-25973-55-1\/\" \/>\n<meta property=\"og:site_name\" content=\"Longchang Chemical\" \/>\n<meta property=\"article:modified_time\" content=\"2026-01-09T09:26:40+00:00\" \/>\n<meta property=\"og:image\" content=\"https:\/\/longchangchemical.com\/wp-content\/uploads\/2022\/11\/25973-55-1.jpg\" \/>\n\t<meta property=\"og:image:width\" content=\"600\" \/>\n\t<meta property=\"og:image:height\" content=\"600\" \/>\n\t<meta property=\"og:image:type\" content=\"image\/jpeg\" \/>\n<meta name=\"twitter:card\" content=\"summary_large_image\" \/>\n<script type=\"application\/ld+json\" class=\"yoast-schema-graph\">{\"@context\":\"https:\/\/schema.org\",\"@graph\":[{\"@type\":\"WebPage\",\"@id\":\"https:\/\/longchangchemical.com\/product\/lcsorb-uv-328-cas-25973-55-1\/\",\"url\":\"https:\/\/longchangchemical.com\/product\/lcsorb-uv-328-cas-25973-55-1\/\",\"name\":\"China Uv absorber UV-328 manufacturer Tinuvin 328 Cas 25973-55-1 Supplier - Longchang Chemical\",\"isPartOf\":{\"@id\":\"https:\/\/longchangchemical.com\/#website\"},\"primaryImageOfPage\":{\"@id\":\"https:\/\/longchangchemical.com\/product\/lcsorb-uv-328-cas-25973-55-1\/#primaryimage\"},\"image\":{\"@id\":\"https:\/\/longchangchemical.com\/product\/lcsorb-uv-328-cas-25973-55-1\/#primaryimage\"},\"thumbnailUrl\":\"https:\/\/longchangchemical.com\/wp-content\/uploads\/2022\/11\/25973-55-1.jpg\",\"datePublished\":\"2022-11-30T11:50:53+00:00\",\"dateModified\":\"2026-01-09T09:26:40+00:00\",\"description\":\"UV-328 can replace Eversorb 74;GSTAB 328;Tinuvin 328,used as ultraviolet absorber and is the key product of lcnacure Longchang Chemical. We are the leading uv material manufacturer and supplier in China with the best quanlity and competitive price.\",\"breadcrumb\":{\"@id\":\"https:\/\/longchangchemical.com\/product\/lcsorb-uv-328-cas-25973-55-1\/#breadcrumb\"},\"inLanguage\":\"fr-FR\",\"potentialAction\":[{\"@type\":\"ReadAction\",\"target\":[\"https:\/\/longchangchemical.com\/product\/lcsorb-uv-328-cas-25973-55-1\/\"]}]},{\"@type\":\"ImageObject\",\"inLanguage\":\"fr-FR\",\"@id\":\"https:\/\/longchangchemical.com\/product\/lcsorb-uv-328-cas-25973-55-1\/#primaryimage\",\"url\":\"https:\/\/longchangchemical.com\/wp-content\/uploads\/2022\/11\/25973-55-1.jpg\",\"contentUrl\":\"https:\/\/longchangchemical.com\/wp-content\/uploads\/2022\/11\/25973-55-1.jpg\",\"width\":600,\"height\":600},{\"@type\":\"BreadcrumbList\",\"@id\":\"https:\/\/longchangchemical.com\/product\/lcsorb-uv-328-cas-25973-55-1\/#breadcrumb\",\"itemListElement\":[{\"@type\":\"ListItem\",\"position\":1,\"name\":\"Home\",\"item\":\"https:\/\/longchangchemical.com\/\"},{\"@type\":\"ListItem\",\"position\":2,\"name\":\"Products Longchang\",\"item\":\"https:\/\/longchangchemical.com\/product\/\"},{\"@type\":\"ListItem\",\"position\":3,\"name\":\"UV-328 \/ Tinuvin 328 \/ Eversorb 74 CAS 25973-55-1\"}]},{\"@type\":\"WebSite\",\"@id\":\"https:\/\/longchangchemical.com\/#website\",\"url\":\"https:\/\/longchangchemical.com\/\",\"name\":\"Longchang Chemical\",\"description\":\"China chemical manufacturer \uff06 supplier\",\"publisher\":{\"@id\":\"https:\/\/longchangchemical.com\/#organization\"},\"potentialAction\":[{\"@type\":\"SearchAction\",\"target\":{\"@type\":\"EntryPoint\",\"urlTemplate\":\"https:\/\/longchangchemical.com\/?s={search_term_string}\"},\"query-input\":{\"@type\":\"PropertyValueSpecification\",\"valueRequired\":true,\"valueName\":\"search_term_string\"}}],\"inLanguage\":\"fr-FR\"},{\"@type\":\"Organization\",\"@id\":\"https:\/\/longchangchemical.com\/#organization\",\"name\":\"Longchang Chemical\",\"url\":\"https:\/\/longchangchemical.com\/\",\"logo\":{\"@type\":\"ImageObject\",\"inLanguage\":\"fr-FR\",\"@id\":\"https:\/\/longchangchemical.com\/#\/schema\/logo\/image\/\",\"url\":\"https:\/\/longchangchemical.com\/wp-content\/uploads\/2020\/08\/cropped-longchang-logo.png\",\"contentUrl\":\"https:\/\/longchangchemical.com\/wp-content\/uploads\/2020\/08\/cropped-longchang-logo.png\",\"width\":512,\"height\":512,\"caption\":\"Longchang Chemical\"},\"image\":{\"@id\":\"https:\/\/longchangchemical.com\/#\/schema\/logo\/image\/\"}}]}<\/script>\n<!-- \/ Yoast SEO plugin. -->","yoast_head_json":{"title":"Absorbeur d'UV chinois UV-328 fabricant Tinuvin 328 Cas 25973-55-1 Fournisseur - Longchang Chemical","description":"UV-328 peut remplacer Eversorb 74;GSTAB 328;Tinuvin 328,utilis\u00e9 comme absorbeur d'ultraviolets et est le produit cl\u00e9 de lcnacure Longchang Chemical. Nous sommes le principal fabricant et fournisseur de mat\u00e9riaux UV en Chine, avec la meilleure qualit\u00e9 et le prix le plus comp\u00e9titif.","robots":{"index":"index","follow":"follow","max-snippet":"max-snippet:-1","max-image-preview":"max-image-preview:large","max-video-preview":"max-video-preview:-1"},"canonical":"https:\/\/longchangchemical.com\/fr\/product\/lcsorb-uv-328-cas-25973-55-1\/","og_locale":"fr_FR","og_type":"article","og_title":"China Uv absorber UV-328 manufacturer Tinuvin 328 Cas 25973-55-1 Supplier - Longchang Chemical","og_description":"UV-328 can replace Eversorb 74;GSTAB 328;Tinuvin 328,used as ultraviolet absorber and is the key product of lcnacure Longchang Chemical. We are the leading uv material manufacturer and supplier in China with the best quanlity and competitive price.","og_url":"https:\/\/longchangchemical.com\/fr\/product\/lcsorb-uv-328-cas-25973-55-1\/","og_site_name":"Longchang Chemical","article_modified_time":"2026-01-09T09:26:40+00:00","og_image":[{"width":600,"height":600,"url":"https:\/\/longchangchemical.com\/wp-content\/uploads\/2022\/11\/25973-55-1.jpg","type":"image\/jpeg"}],"twitter_card":"summary_large_image","schema":{"@context":"https:\/\/schema.org","@graph":[{"@type":"WebPage","@id":"https:\/\/longchangchemical.com\/product\/lcsorb-uv-328-cas-25973-55-1\/","url":"https:\/\/longchangchemical.com\/product\/lcsorb-uv-328-cas-25973-55-1\/","name":"Absorbeur d'UV chinois UV-328 fabricant Tinuvin 328 Cas 25973-55-1 Fournisseur - Longchang Chemical","isPartOf":{"@id":"https:\/\/longchangchemical.com\/#website"},"primaryImageOfPage":{"@id":"https:\/\/longchangchemical.com\/product\/lcsorb-uv-328-cas-25973-55-1\/#primaryimage"},"image":{"@id":"https:\/\/longchangchemical.com\/product\/lcsorb-uv-328-cas-25973-55-1\/#primaryimage"},"thumbnailUrl":"https:\/\/longchangchemical.com\/wp-content\/uploads\/2022\/11\/25973-55-1.jpg","datePublished":"2022-11-30T11:50:53+00:00","dateModified":"2026-01-09T09:26:40+00:00","description":"UV-328 peut remplacer Eversorb 74;GSTAB 328;Tinuvin 328,utilis\u00e9 comme absorbeur d'ultraviolets et est le produit cl\u00e9 de lcnacure Longchang Chemical. Nous sommes le principal fabricant et fournisseur de mat\u00e9riaux UV en Chine, avec la meilleure qualit\u00e9 et le prix le plus comp\u00e9titif.","breadcrumb":{"@id":"https:\/\/longchangchemical.com\/product\/lcsorb-uv-328-cas-25973-55-1\/#breadcrumb"},"inLanguage":"fr-FR","potentialAction":[{"@type":"ReadAction","target":["https:\/\/longchangchemical.com\/product\/lcsorb-uv-328-cas-25973-55-1\/"]}]},{"@type":"ImageObject","inLanguage":"fr-FR","@id":"https:\/\/longchangchemical.com\/product\/lcsorb-uv-328-cas-25973-55-1\/#primaryimage","url":"https:\/\/longchangchemical.com\/wp-content\/uploads\/2022\/11\/25973-55-1.jpg","contentUrl":"https:\/\/longchangchemical.com\/wp-content\/uploads\/2022\/11\/25973-55-1.jpg","width":600,"height":600},{"@type":"BreadcrumbList","@id":"https:\/\/longchangchemical.com\/product\/lcsorb-uv-328-cas-25973-55-1\/#breadcrumb","itemListElement":[{"@type":"ListItem","position":1,"name":"Home","item":"https:\/\/longchangchemical.com\/"},{"@type":"ListItem","position":2,"name":"Products Longchang","item":"https:\/\/longchangchemical.com\/product\/"},{"@type":"ListItem","position":3,"name":"UV-328 \/ Tinuvin 328 \/ Eversorb 74 CAS 25973-55-1"}]},{"@type":"WebSite","@id":"https:\/\/longchangchemical.com\/#website","url":"https:\/\/longchangchemical.com\/","name":"Longchang Chemical","description":"Fabricant chinois de produits chimiques \uff06 fournisseur","publisher":{"@id":"https:\/\/longchangchemical.com\/#organization"},"potentialAction":[{"@type":"SearchAction","target":{"@type":"EntryPoint","urlTemplate":"https:\/\/longchangchemical.com\/?s={search_term_string}"},"query-input":{"@type":"PropertyValueSpecification","valueRequired":true,"valueName":"search_term_string"}}],"inLanguage":"fr-FR"},{"@type":"Organization","@id":"https:\/\/longchangchemical.com\/#organization","name":"Longchang Chemical","url":"https:\/\/longchangchemical.com\/","logo":{"@type":"ImageObject","inLanguage":"fr-FR","@id":"https:\/\/longchangchemical.com\/#\/schema\/logo\/image\/","url":"https:\/\/longchangchemical.com\/wp-content\/uploads\/2020\/08\/cropped-longchang-logo.png","contentUrl":"https:\/\/longchangchemical.com\/wp-content\/uploads\/2020\/08\/cropped-longchang-logo.png","width":512,"height":512,"caption":"Longchang Chemical"},"image":{"@id":"https:\/\/longchangchemical.com\/#\/schema\/logo\/image\/"}}]}},"_links":{"self":[{"href":"https:\/\/longchangchemical.com\/fr\/wp-json\/wp\/v2\/product\/5763","targetHints":{"allow":["GET"]}}],"collection":[{"href":"https:\/\/longchangchemical.com\/fr\/wp-json\/wp\/v2\/product"}],"about":[{"href":"https:\/\/longchangchemical.com\/fr\/wp-json\/wp\/v2\/types\/product"}],"replies":[{"embeddable":true,"href":"https:\/\/longchangchemical.com\/fr\/wp-json\/wp\/v2\/comments?post=5763"}],"wp:featuredmedia":[{"embeddable":true,"href":"https:\/\/longchangchemical.com\/fr\/wp-json\/wp\/v2\/media\/7960"}],"wp:attachment":[{"href":"https:\/\/longchangchemical.com\/fr\/wp-json\/wp\/v2\/media?parent=5763"}],"wp:term":[{"taxonomy":"product_brand","embeddable":true,"href":"https:\/\/longchangchemical.com\/fr\/wp-json\/wp\/v2\/product_brand?post=5763"},{"taxonomy":"product_cat","embeddable":true,"href":"https:\/\/longchangchemical.com\/fr\/wp-json\/wp\/v2\/product_cat?post=5763"},{"taxonomy":"product_tag","embeddable":true,"href":"https:\/\/longchangchemical.com\/fr\/wp-json\/wp\/v2\/product_tag?post=5763"}],"curies":[{"name":"wp","href":"https:\/\/api.w.org\/{rel}","templated":true}]}}