{"id":5614,"date":"2022-09-29T13:16:02","date_gmt":"2022-09-29T13:16:02","guid":{"rendered":"https:\/\/longchangchemical.com\/?post_type=product&#038;p=5614"},"modified":"2026-05-08T02:59:47","modified_gmt":"2026-05-08T02:59:47","slug":"chlumiflex-totm-cas-3319-31-1","status":"publish","type":"product","link":"https:\/\/longchangchemical.com\/fr\/product\/chlumiflex-totm-cas-3319-31-1\/","title":{"rendered":"CHLUMIFLEX\u00ae TOTM \/ Trioctyl trimellitate CAS 3319-31-1"},"content":{"rendered":"<h2><strong>Plastifiant TOTM \/ Trioctyl trimellitate CAS 3319-31-1<\/strong><\/h2>\n<p>&nbsp;<\/p>\n<table>\n<tbody>\n<tr>\n<td width=\"206\">Teneur en esters<\/td>\n<td width=\"305\">\u226599.5<\/td>\n<\/tr>\n<tr>\n<td width=\"206\">Couleur (pt-co rimetric)<\/td>\n<td width=\"305\">\u226450<\/td>\n<\/tr>\n<tr>\n<td width=\"206\">Destin\u00e9e,(20\u2103),g\/cm3<\/td>\n<td width=\"305\">0.984-0.991<\/td>\n<\/tr>\n<tr>\n<td width=\"206\">Acidit\u00e9<\/td>\n<td width=\"305\">\u22640.10<\/td>\n<\/tr>\n<tr>\n<td width=\"206\">Perte de chaleur (125\u2103 X 3 heures)<\/td>\n<td width=\"305\">\u2264 0.1<\/td>\n<\/tr>\n<tr>\n<td width=\"206\">Indice de r\u00e9fraction (nD 20\u2103)<\/td>\n<td width=\"305\">1.485\u00b10.003<\/td>\n<\/tr>\n<tr>\n<td width=\"206\">Point d'\u00e9clair<\/td>\n<td width=\"305\">\u2265245<\/td>\n<\/tr>\n<tr>\n<td width=\"206\">Teneur en humidit\u00e9 %<\/td>\n<td width=\"305\">\u22640.05<\/td>\n<\/tr>\n<tr>\n<td width=\"206\">R\u00e9sistivit\u00e9 volumique (\u03a9-cm)\u00d71011<\/td>\n<td width=\"305\"><strong>\u00a0<\/strong><\/p>\n<p>\u22656.0<\/td>\n<\/tr>\n<\/tbody>\n<\/table>\n<p>&nbsp;<\/p>\n<h2><strong>Plastifiant TOTM \/ Trioctyl trimellitate Conditionnement<\/strong><\/h2>\n<p>25L ou 200L \/tambour.  200KG\/tambour<\/p>\n<p>&nbsp;<\/p>\n<h2><strong>Plastifiant TOTM \/ Trioctyl trimellitate Fonction :<\/strong><\/h2>\n<p>&nbsp;<\/p>\n<p>Il s'agit d'un plastifiant primaire r\u00e9sistant \u00e0 la chaleur et durable pour une vari\u00e9t\u00e9 de plastiques tels que le chlorure de polyvinyle, les copolym\u00e8res de chlorure de vinyle, la nitrocellulose, l'\u00e9thylcellulose, le polym\u00e9thacrylate de m\u00e9thyle, etc. Ce produit combine les avantages d'un plastifiant pour polyester et d'un plastifiant pour monom\u00e8re.<\/p>\n<p>&nbsp;<\/p>\n<h2><strong>Plastifiant TOTM \/ Trioctyl trimellitate A<\/strong><strong>application :<\/strong><\/h2>\n<p>&nbsp;<\/p>\n<p>Principalement utilis\u00e9 pour les fils et c\u00e2bles r\u00e9sistants \u00e0 la chaleur \u00e0 105\u00b0C et d'autres produits tels que les plaques, les feuilles, les joints, etc. qui n\u00e9cessitent une r\u00e9sistance \u00e0 la chaleur et une durabilit\u00e9.<\/p>\n<p>&nbsp;<\/p>\n<h2><strong>Plastifiant TOTM \/ Trioctyl trimellitate Stockage : <\/strong><\/h2>\n<p>Les produits sont conserv\u00e9s dans un entrep\u00f4t sec, propre et bien ventil\u00e9.<\/p>\n<p>\u00c9viter l'exposition \u00e0 la lumi\u00e8re et \u00e0 la chaleur.<\/p>\n<p>Prot\u00e9ger le produit des fuites, de la pluie et de l'insolation pendant le transport.<\/p>\n<p>&nbsp;<\/p>\n<h2><strong>Plastifiants ignifuges de la m\u00eame s\u00e9rie<\/strong><\/h2>\n<table style=\"border-collapse: collapse; width: 374.27pt;\" border=\"0\" width=\"499\" cellspacing=\"0\" cellpadding=\"0\">\n<tbody>\n<tr style=\"height: 21.00pt;\">\n<td class=\"et2\" style=\"height: 21.00pt; width: 96.00pt;\" width=\"128\" height=\"28\"><a title=\"https:\/\/longchangchemical.com\/product\/cas-91082-17-6\/\" href=\"https:\/\/longchangchemical.com\/fr\/product\/cas-91082-17-6\/\"><span style=\"color: #00ccff;\">Lcflex\u00ae T-50<\/span><\/a><\/td>\n<td class=\"et3\" style=\"width: 159.75pt;\" width=\"213\">T-50 ; ASE<\/td>\n<td class=\"et3\" style=\"width: 118.50pt;\" width=\"158\">CAS 91082-17-6<\/td>\n<\/tr>\n<tr style=\"height: 21.00pt;\">\n<td class=\"et2\" style=\"height: 21.00pt; width: 96.00pt;\" width=\"128\" height=\"28\"><a title=\"https:\/\/longchangchemical.com\/product\/acetyl-tributyl-citrate-cas-77-90-7\/\" href=\"https:\/\/longchangchemical.com\/fr\/product\/acetyl-tributyl-citrate-cas-77-90-7\/\"><span style=\"color: #00ccff;\">Lcflex\u00ae ATBC<\/span><\/a><\/td>\n<td class=\"et3\" style=\"width: 159.75pt;\" width=\"213\">Citrate d'ac\u00e9tyle et de tributyle<\/td>\n<td class=\"et3\" style=\"width: 118.50pt;\" width=\"158\">CAS 77-90-7<\/td>\n<\/tr>\n<tr style=\"height: 21.00pt;\">\n<td class=\"et2\" style=\"height: 21.00pt; width: 96.00pt;\" width=\"128\" height=\"28\"><a title=\"https:\/\/longchangchemical.com\/product\/tributyl-citrate-tbc-cas-77-94-1\/\" href=\"https:\/\/longchangchemical.com\/fr\/product\/tributyl-citrate-tbc-cas-77-94-1\/\"><span style=\"color: #00ccff;\">Lcflex\u00ae TBC<\/span><\/a><\/td>\n<td class=\"et3\" style=\"width: 159.75pt;\" width=\"213\">Citrate de tributyle<\/td>\n<td class=\"et3\" style=\"width: 118.50pt;\" width=\"158\">CAS 77-94-1<\/td>\n<\/tr>\n<tr style=\"height: 21.00pt;\">\n<td class=\"et2\" style=\"height: 21.00pt; width: 96.00pt;\" width=\"128\" height=\"28\"><span style=\"color: #00ccff;\"><a style=\"color: #00ccff;\" title=\"https:\/\/longchangchemical.com\/product\/tcpp-cas-13674-84-5\/\" href=\"https:\/\/longchangchemical.com\/fr\/product\/tcpp-cas-13674-84-5\/\">Lcflex\u00ae TCPP<\/a><\/span><\/td>\n<td class=\"et3\" style=\"width: 159.75pt;\" width=\"213\">TCPP ignifuge<\/td>\n<td class=\"et3\" style=\"width: 118.50pt;\" width=\"158\">CAS 13674-84-5<\/td>\n<\/tr>\n<tr style=\"height: 21.00pt;\">\n<td class=\"et2\" style=\"height: 21.00pt; width: 96.00pt;\" width=\"128\" height=\"28\"><a title=\"https:\/\/longchangchemical.com\/product\/dotp-cas-6422-86-2\/\" href=\"https:\/\/longchangchemical.com\/fr\/product\/dotp-cas-6422-86-2\/\"><span style=\"color: #00ccff;\">Lcflex\u00ae DOTP<\/span><\/a><\/td>\n<td class=\"et3\" style=\"width: 159.75pt;\" width=\"213\">T\u00e9r\u00e9phtalate de dioctyle<\/td>\n<td class=\"et3\" style=\"width: 118.50pt;\" width=\"158\">CAS 6422-86-2<\/td>\n<\/tr>\n<tr style=\"height: 21.00pt;\">\n<td class=\"et2\" style=\"height: 21.00pt; width: 96.00pt;\" width=\"128\" height=\"28\"><span style=\"color: #00ccff;\"><a style=\"color: #00ccff;\" title=\"https:\/\/longchangchemical.com\/product\/diethyl-phthalate-dep-cas-84-66-2\/\" href=\"https:\/\/longchangchemical.com\/fr\/product\/diethyl-phthalate-dep-cas-84-66-2\/\">Lcflex\u00ae DEP<\/a><\/span><\/td>\n<td class=\"et3\" style=\"width: 159.75pt;\" width=\"213\">Phtalate de di\u00e9thyle<\/td>\n<td class=\"et3\" style=\"width: 118.50pt;\" width=\"158\">CAS 84-66-2<\/td>\n<\/tr>\n<tr style=\"height: 21.00pt;\">\n<td class=\"et2\" style=\"height: 21.00pt; width: 96.00pt;\" width=\"128\" height=\"28\"><span style=\"color: #00ccff;\"><a style=\"color: #00ccff;\" title=\"https:\/\/longchangchemical.com\/product\/triethyl-citrate-cas-77-93-0\/\" href=\"https:\/\/longchangchemical.com\/fr\/product\/triethyl-citrate-cas-77-93-0\/\">Lcflex\u00ae TEC<\/a><\/span><\/td>\n<td class=\"et3\" style=\"width: 159.75pt;\" width=\"213\">citrate de tri\u00e9thyle<\/td>\n<td class=\"et3\" style=\"width: 118.50pt;\" width=\"158\">CAS 77-93-0<\/td>\n<\/tr>\n<tr style=\"height: 21.00pt;\">\n<td class=\"et2\" style=\"height: 21.00pt; width: 96.00pt;\" width=\"128\" height=\"28\"><span style=\"color: #00ccff;\"><a style=\"color: #00ccff;\" title=\"https:\/\/longchangchemical.com\/product\/Lcflare-doa-cas-123-79-5\/\" href=\"https:\/\/longchangchemical.com\/fr\/product\/Lcflare-doa-cas-123-79-5\/\">Lcflex\u00ae DOA<\/a><\/span><\/td>\n<td class=\"et3\" style=\"width: 159.75pt;\" width=\"213\">Adipate de dioctyle<\/td>\n<td class=\"et3\" style=\"width: 118.50pt;\" width=\"158\">CAS 123-79-5<\/td>\n<\/tr>\n<tr style=\"height: 30.00pt;\">\n<td class=\"et2\" style=\"height: 30.00pt; width: 96.00pt;\" width=\"128\" height=\"40\"><span style=\"color: #00ccff;\"><a style=\"color: #00ccff;\" title=\"https:\/\/longchangchemical.com\/product\/Lcflare-dos-cas-2432-87-3\/\" href=\"https:\/\/longchangchemical.com\/fr\/product\/Lcflare-dos-cas-2432-87-3\/\">Lcflex\u00ae DOS<\/a><\/span><\/td>\n<td class=\"et3\" style=\"width: 159.75pt;\" width=\"213\">ESTER DE DI-N-OCTYLE DE L'ACIDE S\u00c9BACIQUE<\/td>\n<td class=\"et3\" style=\"width: 118.50pt;\" width=\"158\">CAS 2432-87-3<\/td>\n<\/tr>\n<tr style=\"height: 27.00pt;\">\n<td class=\"et2\" style=\"height: 27.00pt; width: 96.00pt;\" width=\"128\" height=\"36\"><a title=\"https:\/\/longchangchemical.com\/product\/cas-28553-12-0-685-15-48-0\/\" href=\"https:\/\/longchangchemical.com\/fr\/product\/cas-28553-12-0-685-15-48-0\/\"><span style=\"color: #00ccff;\">Lcflex\u00ae DINP<\/span><\/a><\/td>\n<td class=\"et3\" style=\"width: 159.75pt;\" width=\"213\">Phtalate de diisononyle<\/td>\n<td class=\"et3\" style=\"width: 118.50pt;\" width=\"158\">CAS 28553-12-0\/685 15-48-0<\/td>\n<\/tr>\n<tr style=\"height: 21.00pt;\">\n<td class=\"et2\" style=\"height: 21.00pt; width: 96.00pt;\" width=\"128\" height=\"28\"><span style=\"color: #00ccff;\"><a style=\"color: #00ccff;\" title=\"https:\/\/longchangchemical.com\/product\/tmp-cas-77-99-6\/\" href=\"https:\/\/longchangchemical.com\/fr\/product\/tmp-cas-77-99-6\/\">Lcflex\u00ae TMP<\/a><\/span><\/td>\n<td class=\"et3\" style=\"width: 159.75pt;\" width=\"213\">Trim\u00e9thylolpropane<\/td>\n<td class=\"et3\" style=\"width: 118.50pt;\" width=\"158\">CAS 77-99-6<\/td>\n<\/tr>\n<tr style=\"height: 13.50pt;\">\n<td class=\"et2\" style=\"height: 13.50pt; width: 96.00pt;\" width=\"128\" height=\"18\"><span style=\"color: #00ccff;\"><a style=\"color: #00ccff;\" title=\"https:\/\/longchangchemical.com\/product\/triethyl-phosphate-tep-cas-78-40-0\/\" href=\"https:\/\/longchangchemical.com\/fr\/product\/triethyl-phosphate-tep-cas-78-40-0\/\">Lcflex\u00ae TEP<\/a><\/span><\/td>\n<td class=\"et3\" style=\"width: 159.75pt;\" width=\"213\">Phosphate de tri\u00e9thyle<\/td>\n<td class=\"et3\" style=\"width: 118.50pt;\" width=\"158\">CAS 78-40-0<\/td>\n<\/tr>\n<tr style=\"height: 13.50pt;\">\n<td class=\"et4\" style=\"height: 13.50pt; width: 96.00pt;\" width=\"128\" height=\"18\"><a href=\"https:\/\/longchangchemical.com\/fr\/product\/Lcflex-totm-cas-3319-31-1\/\"><span style=\"color: #00ccff;\">Lcflex\u00ae TOTM<\/span><\/a><\/td>\n<td class=\"et3\" style=\"width: 159.75pt;\" width=\"213\">Trioctyl trimellitate<\/td>\n<td class=\"et3\" style=\"width: 118.50pt;\" width=\"158\">CAS 3319-31-1<\/td>\n<\/tr>\n<tr style=\"height: 40.50pt;\">\n<td class=\"et4\" style=\"height: 40.50pt; width: 96.00pt;\" width=\"128\" height=\"54\"><a href=\"https:\/\/longchangchemical.com\/fr\/product\/Lcflex-bbp\/\"><span style=\"color: #00ccff;\">Lcflex\u00ae BBP<\/span><\/a><\/td>\n<td class=\"et3\" style=\"width: 159.75pt;\" width=\"213\">Plastifiants biosourc\u00e9s, plastifiant \u00e0 haut rendement<\/td>\n<td class=\"et3\" style=\"width: 118.50pt;\" width=\"158\"><\/td>\n<\/tr>\n<tr style=\"height: 13.50pt;\">\n<td class=\"et4\" style=\"height: 13.50pt; width: 96.00pt;\" width=\"128\" height=\"18\"><a href=\"https:\/\/longchangchemical.com\/fr\/product\/tmp-cas-77-99-6\/\"><span style=\"color: #00ccff;\">Lcflex\u00ae TMP<\/span><\/a><\/td>\n<td class=\"et3\" style=\"width: 159.75pt;\" width=\"213\">Trim\u00e9thylol propane<\/td>\n<td class=\"et3\" style=\"width: 118.50pt;\" width=\"158\">CAS 77-99-6<\/td>\n<\/tr>\n<tr style=\"height: 30.00pt;\">\n<td class=\"et2\" style=\"height: 30.00pt; width: 96.00pt;\" width=\"128\" height=\"40\"><a title=\"https:\/\/longchangchemical.com\/product\/sinopszr-tcep-cas-115-96-8\/\" href=\"https:\/\/longchangchemical.com\/fr\/product\/sinopszr-tcep-cas-115-96-8\/\"><span style=\"color: #00ccff;\">Lcflare\u00ae TCEP<\/span><\/a><\/td>\n<td class=\"et3\" style=\"width: 159.75pt;\" width=\"213\">Phosphate de tris(2-chloro\u00e9thyle)<\/td>\n<td class=\"et3\" style=\"width: 118.50pt;\" width=\"158\">CAS 115-96-8<\/td>\n<\/tr>\n<tr style=\"height: 30.00pt;\">\n<td class=\"et2\" style=\"height: 30.00pt; width: 96.00pt;\" width=\"128\" height=\"40\"><span style=\"color: #00ccff;\"><a style=\"color: #00ccff;\" title=\"https:\/\/longchangchemical.com\/product\/Lcflare-bdp\/\" href=\"https:\/\/longchangchemical.com\/fr\/product\/Lcflare-bdp\/\">Lcflare\u00ae BDP<\/a><\/span><\/td>\n<td class=\"et3\" style=\"width: 159.75pt;\" width=\"213\">Bisph\u00e9nol-A bis(phosphate de diph\u00e9nyle)<\/td>\n<td class=\"et3\" style=\"width: 118.50pt;\" width=\"158\">CAS 5945-33-5<\/td>\n<\/tr>\n<tr style=\"height: 13.50pt;\">\n<td class=\"et2\" style=\"height: 13.50pt; width: 96.00pt;\" width=\"128\" height=\"18\"><span style=\"color: #00ccff;\"><a style=\"color: #00ccff;\" title=\"https:\/\/longchangchemical.com\/product\/Lcflare-tpp-cas-115-86-6\/\" href=\"https:\/\/longchangchemical.com\/fr\/product\/Lcflare-tpp-cas-115-86-6\/\">Lcflare\u00ae TPP<\/a><\/span><\/td>\n<td class=\"et3\" style=\"width: 159.75pt;\" width=\"213\">Phosphate de triph\u00e9nyle<\/td>\n<td class=\"et3\" style=\"width: 118.50pt;\" width=\"158\">CAS 115-86-6<\/td>\n<\/tr>\n<\/tbody>\n<\/table>\n<h2><\/h2>\n<h2><strong><b>Contactez-nous d\u00e8s maintenant !<\/b><\/strong><\/h2>\n<h4><strong><b>Si vous avez besoin de COA, MSDS ou TDS, veuillez indiquer vos coordonn\u00e9es dans le formulaire ci-dessous. Nous vous contacterons g\u00e9n\u00e9ralement dans les 24 heures.<\/b><\/strong> Vous pouvez \u00e9galement m'envoyer un courriel <a href=\"mailto:info@longchangchemical.com\"><span style=\"color: #0000ff;\">info@longchangchemical.com<\/span><\/a> pendant les heures de travail ( 8:30 am to 6:00 pm UTC+8 Mon.~Sat. ) ou utilisez le chat en direct du site web pour obtenir une r\u00e9ponse rapide.<\/h4>","protected":false},"excerpt":{"rendered":"<p><strong>Nom du produit<\/strong>:  Trioctyl trimellitate<\/p>\n<p><strong>S<\/strong><strong>ynonyme : <\/strong>TOTM<strong>; <\/strong>Tris(2-\u00e9thylhexyl)trimellitate ; ester tris(2-\u00e9thylhexyl) de l'acide 1,2,4-benzenetricarboxylique<\/p>\n<p><strong>No CAS :<\/strong>\u00a03319-31-1<\/p>\n<p><strong>Formule mol\u00e9culaire\uff1a<\/strong>C<sub>33<\/sub>H<sub>54<\/sub>O<sub>6<\/sub><\/p>\n<p><strong>Poids mol\u00e9culaire<\/strong>\uff1a546.78<\/p>\n<p><strong>Structure mol\u00e9culaire :<\/strong><img decoding=\"async\" class=\"alignnone size-full wp-image-5615\" src=\"https:\/\/longchangchemical.com\/wp-content\/uploads\/2022\/09\/Trioctyl-trimellitate.png\" alt=\"\" width=\"274\" height=\"141\" \/><\/p>","protected":false},"featured_media":0,"comment_status":"open","ping_status":"closed","template":"","meta":[],"product_brand":[],"product_cat":[111],"product_tag":[],"class_list":{"0":"post-5614","1":"product","2":"type-product","3":"status-publish","5":"product_cat-plasticizer","7":"first","8":"instock","9":"shipping-taxable","10":"product-type-simple"},"yoast_head":"<!-- This site is optimized with the Yoast SEO plugin v25.3.1 - https:\/\/yoast.com\/wordpress\/plugins\/seo\/ -->\n<title>China Plasticizer TOTM Manufacturer \/ Trioctyl trimellitate Manufacturer - Longchang Chemical<\/title>\n<meta name=\"description\" content=\"TOTM Trioctyl trimellitate CAS 3319-31-1 Plasticizer is a plasticizer for : Mainly used for 105\u00b0C grade heat-resistant wire and cable materials and other\" \/>\n<meta name=\"robots\" content=\"index, follow, max-snippet:-1, max-image-preview:large, max-video-preview:-1\" \/>\n<link rel=\"canonical\" href=\"https:\/\/longchangchemical.com\/fr\/product\/chlumiflex-totm-cas-3319-31-1\/\" \/>\n<meta property=\"og:locale\" content=\"fr_FR\" \/>\n<meta property=\"og:type\" content=\"article\" \/>\n<meta property=\"og:title\" content=\"China Plasticizer TOTM Manufacturer \/ Trioctyl trimellitate Manufacturer - Longchang Chemical\" \/>\n<meta property=\"og:description\" content=\"TOTM Trioctyl trimellitate CAS 3319-31-1 Plasticizer is a plasticizer for : Mainly used for 105\u00b0C grade heat-resistant wire and cable materials and other\" \/>\n<meta property=\"og:url\" content=\"https:\/\/longchangchemical.com\/fr\/product\/chlumiflex-totm-cas-3319-31-1\/\" \/>\n<meta property=\"og:site_name\" content=\"Longchang Chemical\" \/>\n<meta property=\"article:modified_time\" content=\"2026-05-08T02:59:47+00:00\" \/>\n<meta property=\"og:image\" content=\"https:\/\/longchangchemical.com\/wp-content\/uploads\/2024\/02\/logo-jpeg.jpg\" \/>\n\t<meta property=\"og:image:width\" content=\"1000\" \/>\n\t<meta property=\"og:image:height\" content=\"1000\" \/>\n\t<meta property=\"og:image:type\" content=\"image\/jpeg\" \/>\n<meta name=\"twitter:card\" content=\"summary_large_image\" \/>\n<script type=\"application\/ld+json\" class=\"yoast-schema-graph\">{\"@context\":\"https:\/\/schema.org\",\"@graph\":[{\"@type\":\"WebPage\",\"@id\":\"https:\/\/longchangchemical.com\/product\/chlumiflex-totm-cas-3319-31-1\/\",\"url\":\"https:\/\/longchangchemical.com\/product\/chlumiflex-totm-cas-3319-31-1\/\",\"name\":\"China Plasticizer TOTM Manufacturer \/ Trioctyl trimellitate Manufacturer - Longchang Chemical\",\"isPartOf\":{\"@id\":\"https:\/\/longchangchemical.com\/#website\"},\"datePublished\":\"2022-09-29T13:16:02+00:00\",\"dateModified\":\"2026-05-08T02:59:47+00:00\",\"description\":\"TOTM Trioctyl trimellitate CAS 3319-31-1 Plasticizer is a plasticizer for : Mainly used for 105\u00b0C grade heat-resistant wire and cable materials and other\",\"breadcrumb\":{\"@id\":\"https:\/\/longchangchemical.com\/product\/chlumiflex-totm-cas-3319-31-1\/#breadcrumb\"},\"inLanguage\":\"fr-FR\",\"potentialAction\":[{\"@type\":\"ReadAction\",\"target\":[\"https:\/\/longchangchemical.com\/product\/chlumiflex-totm-cas-3319-31-1\/\"]}]},{\"@type\":\"BreadcrumbList\",\"@id\":\"https:\/\/longchangchemical.com\/product\/chlumiflex-totm-cas-3319-31-1\/#breadcrumb\",\"itemListElement\":[{\"@type\":\"ListItem\",\"position\":1,\"name\":\"Home\",\"item\":\"https:\/\/longchangchemical.com\/\"},{\"@type\":\"ListItem\",\"position\":2,\"name\":\"Products Longchang\",\"item\":\"https:\/\/longchangchemical.com\/product\/\"},{\"@type\":\"ListItem\",\"position\":3,\"name\":\"CHLUMIFLEX\u00ae TOTM \/ Trioctyl trimellitate CAS 3319-31-1\"}]},{\"@type\":\"WebSite\",\"@id\":\"https:\/\/longchangchemical.com\/#website\",\"url\":\"https:\/\/longchangchemical.com\/\",\"name\":\"Longchang Chemical\",\"description\":\"China chemical manufacturer \uff06 supplier\",\"publisher\":{\"@id\":\"https:\/\/longchangchemical.com\/#organization\"},\"potentialAction\":[{\"@type\":\"SearchAction\",\"target\":{\"@type\":\"EntryPoint\",\"urlTemplate\":\"https:\/\/longchangchemical.com\/?s={search_term_string}\"},\"query-input\":{\"@type\":\"PropertyValueSpecification\",\"valueRequired\":true,\"valueName\":\"search_term_string\"}}],\"inLanguage\":\"fr-FR\"},{\"@type\":\"Organization\",\"@id\":\"https:\/\/longchangchemical.com\/#organization\",\"name\":\"Longchang Chemical\",\"url\":\"https:\/\/longchangchemical.com\/\",\"logo\":{\"@type\":\"ImageObject\",\"inLanguage\":\"fr-FR\",\"@id\":\"https:\/\/longchangchemical.com\/#\/schema\/logo\/image\/\",\"url\":\"https:\/\/longchangchemical.com\/wp-content\/uploads\/2020\/08\/cropped-longchang-logo.png\",\"contentUrl\":\"https:\/\/longchangchemical.com\/wp-content\/uploads\/2020\/08\/cropped-longchang-logo.png\",\"width\":512,\"height\":512,\"caption\":\"Longchang Chemical\"},\"image\":{\"@id\":\"https:\/\/longchangchemical.com\/#\/schema\/logo\/image\/\"}}]}<\/script>\n<!-- \/ Yoast SEO plugin. -->","yoast_head_json":{"title":"Plastifiant chinois TOTM \/ Trioctyl trimellitate - Longchang Chemical","description":"TOTM Trioctyl trimellitate CAS 3319-31-1 Plasticizer is a plasticizer for : Mainly used for 105\u00b0C grade heat-resistant wire and cable materials and other","robots":{"index":"index","follow":"follow","max-snippet":"max-snippet:-1","max-image-preview":"max-image-preview:large","max-video-preview":"max-video-preview:-1"},"canonical":"https:\/\/longchangchemical.com\/fr\/product\/chlumiflex-totm-cas-3319-31-1\/","og_locale":"fr_FR","og_type":"article","og_title":"China Plasticizer TOTM Manufacturer \/ Trioctyl trimellitate Manufacturer - Longchang Chemical","og_description":"TOTM Trioctyl trimellitate CAS 3319-31-1 Plasticizer is a plasticizer for : Mainly used for 105\u00b0C grade heat-resistant wire and cable materials and other","og_url":"https:\/\/longchangchemical.com\/fr\/product\/chlumiflex-totm-cas-3319-31-1\/","og_site_name":"Longchang Chemical","article_modified_time":"2026-05-08T02:59:47+00:00","og_image":[{"width":1000,"height":1000,"url":"https:\/\/longchangchemical.com\/wp-content\/uploads\/2024\/02\/logo-jpeg.jpg","type":"image\/jpeg"}],"twitter_card":"summary_large_image","schema":{"@context":"https:\/\/schema.org","@graph":[{"@type":"WebPage","@id":"https:\/\/longchangchemical.com\/product\/chlumiflex-totm-cas-3319-31-1\/","url":"https:\/\/longchangchemical.com\/product\/chlumiflex-totm-cas-3319-31-1\/","name":"Plastifiant chinois TOTM \/ Trioctyl trimellitate - Longchang Chemical","isPartOf":{"@id":"https:\/\/longchangchemical.com\/#website"},"datePublished":"2022-09-29T13:16:02+00:00","dateModified":"2026-05-08T02:59:47+00:00","description":"TOTM Trioctyl trimellitate CAS 3319-31-1 Plasticizer is a plasticizer for : Mainly used for 105\u00b0C grade heat-resistant wire and cable materials and other","breadcrumb":{"@id":"https:\/\/longchangchemical.com\/product\/chlumiflex-totm-cas-3319-31-1\/#breadcrumb"},"inLanguage":"fr-FR","potentialAction":[{"@type":"ReadAction","target":["https:\/\/longchangchemical.com\/product\/chlumiflex-totm-cas-3319-31-1\/"]}]},{"@type":"BreadcrumbList","@id":"https:\/\/longchangchemical.com\/product\/chlumiflex-totm-cas-3319-31-1\/#breadcrumb","itemListElement":[{"@type":"ListItem","position":1,"name":"Home","item":"https:\/\/longchangchemical.com\/"},{"@type":"ListItem","position":2,"name":"Products Longchang","item":"https:\/\/longchangchemical.com\/product\/"},{"@type":"ListItem","position":3,"name":"CHLUMIFLEX\u00ae TOTM \/ Trioctyl trimellitate CAS 3319-31-1"}]},{"@type":"WebSite","@id":"https:\/\/longchangchemical.com\/#website","url":"https:\/\/longchangchemical.com\/","name":"Longchang Chemical","description":"Fabricant chinois de produits chimiques \uff06 fournisseur","publisher":{"@id":"https:\/\/longchangchemical.com\/#organization"},"potentialAction":[{"@type":"SearchAction","target":{"@type":"EntryPoint","urlTemplate":"https:\/\/longchangchemical.com\/?s={search_term_string}"},"query-input":{"@type":"PropertyValueSpecification","valueRequired":true,"valueName":"search_term_string"}}],"inLanguage":"fr-FR"},{"@type":"Organization","@id":"https:\/\/longchangchemical.com\/#organization","name":"Longchang Chemical","url":"https:\/\/longchangchemical.com\/","logo":{"@type":"ImageObject","inLanguage":"fr-FR","@id":"https:\/\/longchangchemical.com\/#\/schema\/logo\/image\/","url":"https:\/\/longchangchemical.com\/wp-content\/uploads\/2020\/08\/cropped-longchang-logo.png","contentUrl":"https:\/\/longchangchemical.com\/wp-content\/uploads\/2020\/08\/cropped-longchang-logo.png","width":512,"height":512,"caption":"Longchang Chemical"},"image":{"@id":"https:\/\/longchangchemical.com\/#\/schema\/logo\/image\/"}}]}},"_links":{"self":[{"href":"https:\/\/longchangchemical.com\/fr\/wp-json\/wp\/v2\/product\/5614","targetHints":{"allow":["GET"]}}],"collection":[{"href":"https:\/\/longchangchemical.com\/fr\/wp-json\/wp\/v2\/product"}],"about":[{"href":"https:\/\/longchangchemical.com\/fr\/wp-json\/wp\/v2\/types\/product"}],"replies":[{"embeddable":true,"href":"https:\/\/longchangchemical.com\/fr\/wp-json\/wp\/v2\/comments?post=5614"}],"wp:attachment":[{"href":"https:\/\/longchangchemical.com\/fr\/wp-json\/wp\/v2\/media?parent=5614"}],"wp:term":[{"taxonomy":"product_brand","embeddable":true,"href":"https:\/\/longchangchemical.com\/fr\/wp-json\/wp\/v2\/product_brand?post=5614"},{"taxonomy":"product_cat","embeddable":true,"href":"https:\/\/longchangchemical.com\/fr\/wp-json\/wp\/v2\/product_cat?post=5614"},{"taxonomy":"product_tag","embeddable":true,"href":"https:\/\/longchangchemical.com\/fr\/wp-json\/wp\/v2\/product_tag?post=5614"}],"curies":[{"name":"wp","href":"https:\/\/api.w.org\/{rel}","templated":true}]}}