{"id":5603,"date":"2022-09-26T13:51:40","date_gmt":"2022-09-26T13:51:40","guid":{"rendered":"https:\/\/longchangchemical.com\/?post_type=product&#038;p=5603"},"modified":"2025-12-15T07:32:34","modified_gmt":"2025-12-15T07:32:34","slug":"lcflex-3940-cas-54686-97-4","status":"publish","type":"product","link":"https:\/\/longchangchemical.com\/fr\/product\/lcflex-3940-cas-54686-97-4\/","title":{"rendered":"CHLUMIFLEX\u00ae 3940 \/ Agent de nucl\u00e9ation 3940 CAS 54686-97-4"},"content":{"rendered":"<h1><strong>Agent de nucl\u00e9ation 3940 CAS 54686-97-4<\/strong><\/h1>\n<table style=\"border-collapse: collapse; width: 270.02pt;\" border=\"0\" width=\"360\" cellspacing=\"0\" cellpadding=\"0\">\n<tbody>\n<tr style=\"height: 13.50pt;\">\n<td class=\"et2\" style=\"height: 13.50pt; width: 126.00pt;\" width=\"168\" height=\"18\">Densit\u00e9<\/td>\n<td class=\"et3\" style=\"width: 144.00pt;\" width=\"192\">1,516 g\/cm3<\/td>\n<\/tr>\n<tr style=\"height: 13.50pt;\">\n<td class=\"et2\" style=\"height: 13.50pt; width: 126.00pt;\" width=\"168\" height=\"18\">Point d'\u00e9bullition<\/td>\n<td class=\"et3\" style=\"width: 144.00pt;\" width=\"192\">602,853\u00baC \u00e0 760 mmHg<\/td>\n<\/tr>\n<tr style=\"height: 13.50pt;\">\n<td class=\"et2\" style=\"height: 13.50pt; width: 126.00pt;\" width=\"168\" height=\"18\">Point de fusion<\/td>\n<td class=\"et3\" style=\"width: 144.00pt;\" width=\"192\">255-262\u00baC<\/td>\n<\/tr>\n<tr style=\"height: 13.50pt;\">\n<td class=\"et2\" style=\"height: 13.50pt; width: 126.00pt;\" width=\"168\" height=\"18\">Formule mol\u00e9culaire<\/td>\n<td class=\"et3\" style=\"width: 144.00pt;\" width=\"192\">C<span class=\"font3\">22<\/span><span class=\"font2\">H<\/span><span class=\"font3\">26<\/span><span class=\"font2\">O<\/span><span class=\"font3\">6<\/span><\/td>\n<\/tr>\n<tr style=\"height: 13.50pt;\">\n<td class=\"et2\" style=\"height: 13.50pt; width: 126.00pt;\" width=\"168\" height=\"18\">Poids mol\u00e9culaire<\/td>\n<td class=\"et3\" style=\"width: 144.00pt;\" width=\"192\">386.438<\/td>\n<\/tr>\n<tr style=\"height: 13.50pt;\">\n<td class=\"et2\" style=\"height: 13.50pt; width: 126.00pt;\" width=\"168\" height=\"18\">Point d'\u00e9clair<\/td>\n<td class=\"et3\" style=\"width: 144.00pt;\" width=\"192\">275,67\u00baC<\/td>\n<\/tr>\n<tr style=\"height: 13.50pt;\">\n<td class=\"et2\" style=\"height: 13.50pt; width: 126.00pt;\" width=\"168\" height=\"18\">Masse pr\u00e9cise<\/td>\n<td class=\"et3\" style=\"width: 144.00pt;\" width=\"192\">386.173<\/td>\n<\/tr>\n<tr style=\"height: 13.50pt;\">\n<td class=\"et2\" style=\"height: 13.50pt; width: 126.00pt;\" width=\"168\" height=\"18\">PSA<\/td>\n<td class=\"et3\" style=\"width: 144.00pt;\" width=\"192\">77.38<\/td>\n<\/tr>\n<tr style=\"height: 13.50pt;\">\n<td class=\"et2\" style=\"height: 13.50pt; width: 126.00pt;\" width=\"168\" height=\"18\">LogP<\/td>\n<td class=\"et3\" style=\"width: 144.00pt;\" width=\"192\">2.5534<\/td>\n<\/tr>\n<tr style=\"height: 13.50pt;\">\n<td class=\"et2\" style=\"height: 13.50pt; width: 126.00pt;\" width=\"168\" height=\"18\">Indice de r\u00e9fraction<\/td>\n<td class=\"et3\" style=\"width: 144.00pt;\" width=\"192\">1.738<\/td>\n<\/tr>\n<tr style=\"height: 13.50pt;\">\n<td class=\"et4\" style=\"height: 13.50pt; width: 126.00pt;\" width=\"168\" height=\"18\">Solubilit\u00e9 dans l'eau<\/td>\n<td class=\"et3\" style=\"width: 144.00pt;\" width=\"192\">&lt;0,01 g\/100 ml \u00e0 20 \u00baC<\/td>\n<\/tr>\n<\/tbody>\n<\/table>\n<h2><\/h2>\n<h2><strong>Agent de nucl\u00e9ation 3940 Applications<\/strong><\/h2>\n<p>1. Ce produit est principalement utilis\u00e9 pour les produits homopolym\u00e8res et copolym\u00e8res al\u00e9atoires en polypropyl\u00e8ne et les films LLDPE, qui peuvent \u00eatre directement m\u00e9lang\u00e9s \u00e0 la r\u00e9sine ou utilis\u00e9s pour le moulage par injection et par extrusion.<\/p>\n<p>2. Ce produit peut \u00e9galement \u00eatre utilis\u00e9 dans les domaines du caoutchouc, des fibres chimiques, du textile, de l'impression, du rev\u00eatement, des pigments, etc.<\/p>\n<p>&nbsp;<\/p>\n<h2><strong><b>Contactez-nous d\u00e8s maintenant !<\/b><\/strong><\/h2>\n<h4><strong><b>Si vous avez besoin de COA, MSDS ou TDS, veuillez indiquer vos coordonn\u00e9es dans le formulaire ci-dessous. Nous vous contacterons g\u00e9n\u00e9ralement dans les 24 heures.<\/b><\/strong> Vous pouvez \u00e9galement m'envoyer un courriel <a href=\"mailto:info@longchangchemical.com\"><span style=\"color: #0000ff;\">info@longchangchemical.com<\/span><\/a> pendant les heures de travail ( 8:30 am to 6:00 pm UTC+8 Mon.~Sat. ) ou utilisez le chat en direct du site web pour obtenir une r\u00e9ponse rapide.<\/h4>","protected":false},"excerpt":{"rendered":"<p>Nom du produit : Agent de nucl\u00e9ation 3940<\/p>\n<p>Num\u00e9ro CAS : 54686-97-4<\/p>\n<p>Formule mol\u00e9culaire : C22H26O6<\/p>\n<p>Poids mol\u00e9culaire 386,44<\/p>\n<p>Aspect : poudre blanche en vrac<\/p>","protected":false},"featured_media":5604,"comment_status":"open","ping_status":"closed","template":"","meta":[],"product_brand":[],"product_cat":[141],"product_tag":[],"class_list":{"0":"post-5603","1":"product","2":"type-product","3":"status-publish","4":"has-post-thumbnail","6":"product_cat-nucleating-agent","8":"first","9":"instock","10":"shipping-taxable","11":"product-type-simple"},"yoast_head":"<!-- This site is optimized with the Yoast SEO plugin v25.3.1 - https:\/\/yoast.com\/wordpress\/plugins\/seo\/ -->\n<title>China CHLUMIFLEX\u00ae 3940 \/ Nucleating agent 3940 CAS 54686-97-4 Manufacturer - Longchang Chemical<\/title>\n<meta name=\"description\" content=\"CHLUMIFLEX\u00ae 3940 \/ Nucleating agent 3940 CAS 54686-97-4 is a key product of Longchang Chemical. We provide the best price. We are the leading manufacturer in China with the best quality and competitive price.\" \/>\n<meta name=\"robots\" content=\"index, follow, max-snippet:-1, max-image-preview:large, max-video-preview:-1\" \/>\n<link rel=\"canonical\" href=\"https:\/\/longchangchemical.com\/fr\/product\/lcflex-3940-cas-54686-97-4\/\" \/>\n<meta property=\"og:locale\" content=\"fr_FR\" \/>\n<meta property=\"og:type\" content=\"article\" \/>\n<meta property=\"og:title\" content=\"China CHLUMIFLEX\u00ae 3940 \/ Nucleating agent 3940 CAS 54686-97-4 Manufacturer - Longchang Chemical\" \/>\n<meta property=\"og:description\" content=\"CHLUMIFLEX\u00ae 3940 \/ Nucleating agent 3940 CAS 54686-97-4 is a key product of Longchang Chemical. We provide the best price. We are the leading manufacturer in China with the best quality and competitive price.\" \/>\n<meta property=\"og:url\" content=\"https:\/\/longchangchemical.com\/fr\/product\/lcflex-3940-cas-54686-97-4\/\" \/>\n<meta property=\"og:site_name\" content=\"Longchang Chemical\" \/>\n<meta property=\"article:modified_time\" content=\"2025-12-15T07:32:34+00:00\" \/>\n<meta property=\"og:image\" content=\"https:\/\/longchangchemical.com\/wp-content\/uploads\/2022\/09\/52.jpg\" \/>\n\t<meta property=\"og:image:width\" content=\"600\" \/>\n\t<meta property=\"og:image:height\" content=\"654\" \/>\n\t<meta property=\"og:image:type\" content=\"image\/jpeg\" \/>\n<meta name=\"twitter:card\" content=\"summary_large_image\" \/>\n<script type=\"application\/ld+json\" class=\"yoast-schema-graph\">{\"@context\":\"https:\/\/schema.org\",\"@graph\":[{\"@type\":\"WebPage\",\"@id\":\"https:\/\/longchangchemical.com\/product\/lcflex-3940-cas-54686-97-4\/\",\"url\":\"https:\/\/longchangchemical.com\/product\/lcflex-3940-cas-54686-97-4\/\",\"name\":\"China CHLUMIFLEX\u00ae 3940 \/ Nucleating agent 3940 CAS 54686-97-4 Manufacturer - Longchang Chemical\",\"isPartOf\":{\"@id\":\"https:\/\/longchangchemical.com\/#website\"},\"primaryImageOfPage\":{\"@id\":\"https:\/\/longchangchemical.com\/product\/lcflex-3940-cas-54686-97-4\/#primaryimage\"},\"image\":{\"@id\":\"https:\/\/longchangchemical.com\/product\/lcflex-3940-cas-54686-97-4\/#primaryimage\"},\"thumbnailUrl\":\"https:\/\/longchangchemical.com\/wp-content\/uploads\/2022\/09\/52.jpg\",\"datePublished\":\"2022-09-26T13:51:40+00:00\",\"dateModified\":\"2025-12-15T07:32:34+00:00\",\"description\":\"CHLUMIFLEX\u00ae 3940 \/ Nucleating agent 3940 CAS 54686-97-4 is a key product of Longchang Chemical. We provide the best price. We are the leading manufacturer in China with the best quality and competitive price.\",\"breadcrumb\":{\"@id\":\"https:\/\/longchangchemical.com\/product\/lcflex-3940-cas-54686-97-4\/#breadcrumb\"},\"inLanguage\":\"fr-FR\",\"potentialAction\":[{\"@type\":\"ReadAction\",\"target\":[\"https:\/\/longchangchemical.com\/product\/lcflex-3940-cas-54686-97-4\/\"]}]},{\"@type\":\"ImageObject\",\"inLanguage\":\"fr-FR\",\"@id\":\"https:\/\/longchangchemical.com\/product\/lcflex-3940-cas-54686-97-4\/#primaryimage\",\"url\":\"https:\/\/longchangchemical.com\/wp-content\/uploads\/2022\/09\/52.jpg\",\"contentUrl\":\"https:\/\/longchangchemical.com\/wp-content\/uploads\/2022\/09\/52.jpg\",\"width\":600,\"height\":654},{\"@type\":\"BreadcrumbList\",\"@id\":\"https:\/\/longchangchemical.com\/product\/lcflex-3940-cas-54686-97-4\/#breadcrumb\",\"itemListElement\":[{\"@type\":\"ListItem\",\"position\":1,\"name\":\"Home\",\"item\":\"https:\/\/longchangchemical.com\/\"},{\"@type\":\"ListItem\",\"position\":2,\"name\":\"Products Longchang\",\"item\":\"https:\/\/longchangchemical.com\/product\/\"},{\"@type\":\"ListItem\",\"position\":3,\"name\":\"CHLUMIFLEX\u00ae 3940 \/ Nucleating agent 3940 CAS 54686-97-4\"}]},{\"@type\":\"WebSite\",\"@id\":\"https:\/\/longchangchemical.com\/#website\",\"url\":\"https:\/\/longchangchemical.com\/\",\"name\":\"Longchang Chemical\",\"description\":\"China chemical manufacturer \uff06 supplier\",\"publisher\":{\"@id\":\"https:\/\/longchangchemical.com\/#organization\"},\"potentialAction\":[{\"@type\":\"SearchAction\",\"target\":{\"@type\":\"EntryPoint\",\"urlTemplate\":\"https:\/\/longchangchemical.com\/?s={search_term_string}\"},\"query-input\":{\"@type\":\"PropertyValueSpecification\",\"valueRequired\":true,\"valueName\":\"search_term_string\"}}],\"inLanguage\":\"fr-FR\"},{\"@type\":\"Organization\",\"@id\":\"https:\/\/longchangchemical.com\/#organization\",\"name\":\"Longchang Chemical\",\"url\":\"https:\/\/longchangchemical.com\/\",\"logo\":{\"@type\":\"ImageObject\",\"inLanguage\":\"fr-FR\",\"@id\":\"https:\/\/longchangchemical.com\/#\/schema\/logo\/image\/\",\"url\":\"https:\/\/longchangchemical.com\/wp-content\/uploads\/2020\/08\/cropped-longchang-logo.png\",\"contentUrl\":\"https:\/\/longchangchemical.com\/wp-content\/uploads\/2020\/08\/cropped-longchang-logo.png\",\"width\":512,\"height\":512,\"caption\":\"Longchang Chemical\"},\"image\":{\"@id\":\"https:\/\/longchangchemical.com\/#\/schema\/logo\/image\/\"}}]}<\/script>\n<!-- \/ Yoast SEO plugin. -->","yoast_head_json":{"title":"CHLUMIFLEX\u00ae 3940 \/ Agent de nucl\u00e9ation 3940 CAS 54686-97-4 fabricant chinois - Longchang Chemical","description":"CHLUMIFLEX\u00ae 3940 \/ Agent de nucl\u00e9ation 3940 CAS 54686-97-4 est un produit cl\u00e9 de Longchang Chemical. Nous fournissons le meilleur prix. Nous sommes le principal fabricant en Chine avec la meilleure qualit\u00e9 et un prix comp\u00e9titif.","robots":{"index":"index","follow":"follow","max-snippet":"max-snippet:-1","max-image-preview":"max-image-preview:large","max-video-preview":"max-video-preview:-1"},"canonical":"https:\/\/longchangchemical.com\/fr\/product\/lcflex-3940-cas-54686-97-4\/","og_locale":"fr_FR","og_type":"article","og_title":"China CHLUMIFLEX\u00ae 3940 \/ Nucleating agent 3940 CAS 54686-97-4 Manufacturer - Longchang Chemical","og_description":"CHLUMIFLEX\u00ae 3940 \/ Nucleating agent 3940 CAS 54686-97-4 is a key product of Longchang Chemical. We provide the best price. We are the leading manufacturer in China with the best quality and competitive price.","og_url":"https:\/\/longchangchemical.com\/fr\/product\/lcflex-3940-cas-54686-97-4\/","og_site_name":"Longchang Chemical","article_modified_time":"2025-12-15T07:32:34+00:00","og_image":[{"width":600,"height":654,"url":"https:\/\/longchangchemical.com\/wp-content\/uploads\/2022\/09\/52.jpg","type":"image\/jpeg"}],"twitter_card":"summary_large_image","schema":{"@context":"https:\/\/schema.org","@graph":[{"@type":"WebPage","@id":"https:\/\/longchangchemical.com\/product\/lcflex-3940-cas-54686-97-4\/","url":"https:\/\/longchangchemical.com\/product\/lcflex-3940-cas-54686-97-4\/","name":"CHLUMIFLEX\u00ae 3940 \/ Agent de nucl\u00e9ation 3940 CAS 54686-97-4 fabricant chinois - Longchang Chemical","isPartOf":{"@id":"https:\/\/longchangchemical.com\/#website"},"primaryImageOfPage":{"@id":"https:\/\/longchangchemical.com\/product\/lcflex-3940-cas-54686-97-4\/#primaryimage"},"image":{"@id":"https:\/\/longchangchemical.com\/product\/lcflex-3940-cas-54686-97-4\/#primaryimage"},"thumbnailUrl":"https:\/\/longchangchemical.com\/wp-content\/uploads\/2022\/09\/52.jpg","datePublished":"2022-09-26T13:51:40+00:00","dateModified":"2025-12-15T07:32:34+00:00","description":"CHLUMIFLEX\u00ae 3940 \/ Agent de nucl\u00e9ation 3940 CAS 54686-97-4 est un produit cl\u00e9 de Longchang Chemical. Nous fournissons le meilleur prix. Nous sommes le principal fabricant en Chine avec la meilleure qualit\u00e9 et un prix comp\u00e9titif.","breadcrumb":{"@id":"https:\/\/longchangchemical.com\/product\/lcflex-3940-cas-54686-97-4\/#breadcrumb"},"inLanguage":"fr-FR","potentialAction":[{"@type":"ReadAction","target":["https:\/\/longchangchemical.com\/product\/lcflex-3940-cas-54686-97-4\/"]}]},{"@type":"ImageObject","inLanguage":"fr-FR","@id":"https:\/\/longchangchemical.com\/product\/lcflex-3940-cas-54686-97-4\/#primaryimage","url":"https:\/\/longchangchemical.com\/wp-content\/uploads\/2022\/09\/52.jpg","contentUrl":"https:\/\/longchangchemical.com\/wp-content\/uploads\/2022\/09\/52.jpg","width":600,"height":654},{"@type":"BreadcrumbList","@id":"https:\/\/longchangchemical.com\/product\/lcflex-3940-cas-54686-97-4\/#breadcrumb","itemListElement":[{"@type":"ListItem","position":1,"name":"Home","item":"https:\/\/longchangchemical.com\/"},{"@type":"ListItem","position":2,"name":"Products Longchang","item":"https:\/\/longchangchemical.com\/product\/"},{"@type":"ListItem","position":3,"name":"CHLUMIFLEX\u00ae 3940 \/ Nucleating agent 3940 CAS 54686-97-4"}]},{"@type":"WebSite","@id":"https:\/\/longchangchemical.com\/#website","url":"https:\/\/longchangchemical.com\/","name":"Longchang Chemical","description":"Fabricant chinois de produits chimiques \uff06 fournisseur","publisher":{"@id":"https:\/\/longchangchemical.com\/#organization"},"potentialAction":[{"@type":"SearchAction","target":{"@type":"EntryPoint","urlTemplate":"https:\/\/longchangchemical.com\/?s={search_term_string}"},"query-input":{"@type":"PropertyValueSpecification","valueRequired":true,"valueName":"search_term_string"}}],"inLanguage":"fr-FR"},{"@type":"Organization","@id":"https:\/\/longchangchemical.com\/#organization","name":"Longchang Chemical","url":"https:\/\/longchangchemical.com\/","logo":{"@type":"ImageObject","inLanguage":"fr-FR","@id":"https:\/\/longchangchemical.com\/#\/schema\/logo\/image\/","url":"https:\/\/longchangchemical.com\/wp-content\/uploads\/2020\/08\/cropped-longchang-logo.png","contentUrl":"https:\/\/longchangchemical.com\/wp-content\/uploads\/2020\/08\/cropped-longchang-logo.png","width":512,"height":512,"caption":"Longchang Chemical"},"image":{"@id":"https:\/\/longchangchemical.com\/#\/schema\/logo\/image\/"}}]}},"_links":{"self":[{"href":"https:\/\/longchangchemical.com\/fr\/wp-json\/wp\/v2\/product\/5603","targetHints":{"allow":["GET"]}}],"collection":[{"href":"https:\/\/longchangchemical.com\/fr\/wp-json\/wp\/v2\/product"}],"about":[{"href":"https:\/\/longchangchemical.com\/fr\/wp-json\/wp\/v2\/types\/product"}],"replies":[{"embeddable":true,"href":"https:\/\/longchangchemical.com\/fr\/wp-json\/wp\/v2\/comments?post=5603"}],"wp:featuredmedia":[{"embeddable":true,"href":"https:\/\/longchangchemical.com\/fr\/wp-json\/wp\/v2\/media\/5604"}],"wp:attachment":[{"href":"https:\/\/longchangchemical.com\/fr\/wp-json\/wp\/v2\/media?parent=5603"}],"wp:term":[{"taxonomy":"product_brand","embeddable":true,"href":"https:\/\/longchangchemical.com\/fr\/wp-json\/wp\/v2\/product_brand?post=5603"},{"taxonomy":"product_cat","embeddable":true,"href":"https:\/\/longchangchemical.com\/fr\/wp-json\/wp\/v2\/product_cat?post=5603"},{"taxonomy":"product_tag","embeddable":true,"href":"https:\/\/longchangchemical.com\/fr\/wp-json\/wp\/v2\/product_tag?post=5603"}],"curies":[{"name":"wp","href":"https:\/\/api.w.org\/{rel}","templated":true}]}}