{"id":5600,"date":"2022-09-25T12:44:37","date_gmt":"2022-09-25T12:44:37","guid":{"rendered":"https:\/\/longchangchemical.com\/?post_type=product&#038;p=5600"},"modified":"2025-04-01T07:40:13","modified_gmt":"2025-04-01T07:40:13","slug":"polycondensation-inhibitor-702-4-oxo-tempo-cas-2896-70-0","status":"publish","type":"product","link":"https:\/\/longchangchemical.com\/fr\/product\/polycondensation-inhibitor-702-4-oxo-tempo-cas-2896-70-0\/","title":{"rendered":"CHLUMINIT\u00ae 702 \/ Inhibiteur de polycondensation 702 \/ 4-Oxo-TEMPO CAS 2896-70-0"},"content":{"rendered":"<h1><strong>4-Oxo-TEMPO CAS 2896-70-0<\/strong><\/h1>\n<table style=\"border-collapse: collapse; width: 243.78pt;\" border=\"0\" width=\"325\" cellspacing=\"0\" cellpadding=\"0\">\n<tbody>\n<tr style=\"height: 13.50pt;\">\n<td class=\"et2\" style=\"height: 13.50pt; width: 101.25pt;\" width=\"135\" height=\"18\">Apparence<\/td>\n<td class=\"et3\" style=\"width: 142.50pt;\" width=\"190\">Cristaux orange clair<\/td>\n<\/tr>\n<tr style=\"height: 13.50pt;\">\n<td class=\"et2\" style=\"height: 13.50pt;\" height=\"18\">Contenu<\/td>\n<td class=\"et3\">\u226598%<\/td>\n<\/tr>\n<tr style=\"height: 13.50pt;\">\n<td class=\"et2\" style=\"height: 13.50pt;\" height=\"18\">Point de fusion<\/td>\n<td class=\"et3\">36-40\u00b0C<\/td>\n<\/tr>\n<tr style=\"height: 13.50pt;\">\n<td class=\"et2\" style=\"height: 13.50pt;\" height=\"18\">Fr\u00eane<\/td>\n<td class=\"et3\">\u22640.1%<\/td>\n<\/tr>\n<tr style=\"height: 13.50pt;\">\n<td class=\"et2\" style=\"height: 13.50pt;\" height=\"18\">Volatilit\u00e9<\/td>\n<td class=\"et3\">\u22640.5%<\/td>\n<\/tr>\n<\/tbody>\n<\/table>\n<h2><\/h2>\n<h2><strong>Utilisation du 4-Oxo-TEMPO<\/strong><\/h2>\n<p>1. L'inhibiteur de polycondensation 702 est un nouveau type d'inhibiteur de radicaux libres tr\u00e8s efficace, dont l'application est \u00e9tendue et qui est tr\u00e8s efficace pour inhiber la polycondensation. Il a un bon effet inhibiteur en milieu a\u00e9robie et ana\u00e9robie et son point de fusion est bas.<\/p>\n<p>2. Il est utilis\u00e9 pour emp\u00eacher l'autopolym\u00e9risation des monom\u00e8res de polyol\u00e9fines pendant la production, la s\u00e9paration, le raffinage, le stockage ou le transport, et pour contr\u00f4ler et r\u00e9guler le degr\u00e9 de polym\u00e9risation des ol\u00e9fines et de leurs d\u00e9riv\u00e9s dans les r\u00e9actions de synth\u00e8se organique. Le produit a un bon effet de blocage de la polym\u00e9risation sur les acrylates, les m\u00e9thacrylates, l'acide acrylique, l'acrylonitrile, le styr\u00e8ne et le butadi\u00e8ne. Ses performances en mati\u00e8re d'inhibition de la polym\u00e9risation sont sup\u00e9rieures \u00e0 celles des ph\u00e9nols, des amines aromatiques, des \u00e9thers, des quinones, des compos\u00e9s nitr\u00e9s et d'autres inhibiteurs.<\/p>\n<p>&nbsp;<\/p>\n<h2><strong>Pr\u00e9cautions concernant le 4-Oxo-TEMPO<\/strong><\/h2>\n<p>\u00c9viter la lumi\u00e8re du soleil, l'humidit\u00e9, les temp\u00e9ratures \u00e9lev\u00e9es et le stockage avec d'autres produits chimiques acides.<\/p>\n<p>&nbsp;<\/p>\n<h2><strong>Emballage du 4-Oxo-TEMPO<\/strong><\/h2>\n<p>Tambour de 180 kg, ou selon les exigences sp\u00e9cifi\u00e9es par le client.<\/p>\n<h2><strong><b>Contactez-nous d\u00e8s maintenant !<\/b><\/strong><\/h2>\n<h4><strong><b>Si vous avez besoin de COA, MSDS ou TDS, veuillez indiquer vos coordonn\u00e9es dans le formulaire ci-dessous. Nous vous contacterons g\u00e9n\u00e9ralement dans les 24 heures.<\/b><\/strong> Vous pouvez \u00e9galement m'envoyer un courriel <a href=\"mailto:info@longchangchemical.com\"><span style=\"color: #0000ff;\">info@longchangchemical.com<\/span><\/a> pendant les heures de travail ( 8:30 am to 6:00 pm UTC+8 Mon.~Sat. ) ou utilisez le chat en direct du site web pour obtenir une r\u00e9ponse rapide.<\/h4>","protected":false},"excerpt":{"rendered":"<p>Nom anglais : 4-Oxo-2,2,6,6-tetramethylpiperidinooxy<\/p>\n<p>Num\u00e9ro CAS : 2896-70-0<\/p>\n<p>Synonymes : (2,2,6,6-T\u00e9tram\u00e9thyl-4-Oxopip\u00e9ridine-1-Yl)Oxidanyl ; 1-Hydroxy-2,2,6,6-T\u00e9tram\u00e9thylpip\u00e9ridine-4-One ; 1-Oxyl-2,2,6,6-t\u00e9tram\u00e9thyl-4-oxopip\u00e9ridine ; 1-Oxyl-2,2,6,6-t\u00e9tram\u00e9thyl-4-pip\u00e9ridone ; 1-Oxyl-2,2,6,6-t\u00e9tram\u00e9thylpip\u00e9ridine-4-one ; 1-Pip\u00e9ridinyloxy, 2,2,6,6-t\u00e9tram\u00e9thyl-4-oxo- ; 2,2\u2032,6,6\u2032-T\u00e9tram\u00e9thyl-4-oxopip\u00e9ridine-1-oxyl ; 2,2,6,6-T\u00e9tram\u00e9thyl-4-oxo-1-pip\u00e9ridinooxy ;<\/p>\n<p>Structure chimique : <img decoding=\"async\" title=\"\" src=\"http:\/\/www.unitechem.cn\/upload\/202203\/25\/202203251344237980.png\" alt=\"\" width=\"108\" height=\"90\" align=\"\" \/><\/p>\n<p>Formule mol\u00e9culaire : C9H16NO2<\/p>\n<p>Poids mol\u00e9culaire : 170,23<\/p>","protected":false},"featured_media":5601,"comment_status":"open","ping_status":"closed","template":"","meta":[],"product_brand":[],"product_cat":[186],"product_tag":[],"class_list":{"0":"post-5600","1":"product","2":"type-product","3":"status-publish","4":"has-post-thumbnail","6":"product_cat-polymerization-inhibitor","8":"first","9":"instock","10":"shipping-taxable","11":"product-type-simple"},"yoast_head":"<!-- This site is optimized with the Yoast SEO plugin v25.3.1 - https:\/\/yoast.com\/wordpress\/plugins\/seo\/ -->\n<title>China CHLUMINIT\u00ae 702 \/ Polycondensation inhibitor 702 \/ 4-Oxo-TEMPO CAS 2896-70-0 Manufacturer - Longchang Chemical<\/title>\n<meta name=\"description\" content=\"CHLUMINIT\u00ae 702 \/ Polycondensation inhibitor 702 \/ 4-Oxo-TEMPO CAS 2896-70-0 is a key product of Longchang Chemical. We provide the best price. We are the leading manufacturer in China with the best quality and competitive price.\" \/>\n<meta name=\"robots\" content=\"index, follow, max-snippet:-1, max-image-preview:large, max-video-preview:-1\" \/>\n<link rel=\"canonical\" href=\"https:\/\/longchangchemical.com\/fr\/product\/polycondensation-inhibitor-702-4-oxo-tempo-cas-2896-70-0\/\" \/>\n<meta property=\"og:locale\" content=\"fr_FR\" \/>\n<meta property=\"og:type\" content=\"article\" \/>\n<meta property=\"og:title\" content=\"China CHLUMINIT\u00ae 702 \/ Polycondensation inhibitor 702 \/ 4-Oxo-TEMPO CAS 2896-70-0 Manufacturer - Longchang Chemical\" \/>\n<meta property=\"og:description\" content=\"CHLUMINIT\u00ae 702 \/ Polycondensation inhibitor 702 \/ 4-Oxo-TEMPO CAS 2896-70-0 is a key product of Longchang Chemical. We provide the best price. We are the leading manufacturer in China with the best quality and competitive price.\" \/>\n<meta property=\"og:url\" content=\"https:\/\/longchangchemical.com\/fr\/product\/polycondensation-inhibitor-702-4-oxo-tempo-cas-2896-70-0\/\" \/>\n<meta property=\"og:site_name\" content=\"Longchang Chemical\" \/>\n<meta property=\"article:modified_time\" content=\"2025-04-01T07:40:13+00:00\" \/>\n<meta property=\"og:image\" content=\"https:\/\/longchangchemical.com\/wp-content\/uploads\/2022\/09\/20.jpg\" \/>\n\t<meta property=\"og:image:width\" content=\"750\" \/>\n\t<meta property=\"og:image:height\" content=\"750\" \/>\n\t<meta property=\"og:image:type\" content=\"image\/jpeg\" \/>\n<meta name=\"twitter:card\" content=\"summary_large_image\" \/>\n<script type=\"application\/ld+json\" class=\"yoast-schema-graph\">{\"@context\":\"https:\/\/schema.org\",\"@graph\":[{\"@type\":\"WebPage\",\"@id\":\"https:\/\/longchangchemical.com\/product\/polycondensation-inhibitor-702-4-oxo-tempo-cas-2896-70-0\/\",\"url\":\"https:\/\/longchangchemical.com\/product\/polycondensation-inhibitor-702-4-oxo-tempo-cas-2896-70-0\/\",\"name\":\"China CHLUMINIT\u00ae 702 \/ Polycondensation inhibitor 702 \/ 4-Oxo-TEMPO CAS 2896-70-0 Manufacturer - Longchang Chemical\",\"isPartOf\":{\"@id\":\"https:\/\/longchangchemical.com\/#website\"},\"primaryImageOfPage\":{\"@id\":\"https:\/\/longchangchemical.com\/product\/polycondensation-inhibitor-702-4-oxo-tempo-cas-2896-70-0\/#primaryimage\"},\"image\":{\"@id\":\"https:\/\/longchangchemical.com\/product\/polycondensation-inhibitor-702-4-oxo-tempo-cas-2896-70-0\/#primaryimage\"},\"thumbnailUrl\":\"https:\/\/longchangchemical.com\/wp-content\/uploads\/2022\/09\/20.jpg\",\"datePublished\":\"2022-09-25T12:44:37+00:00\",\"dateModified\":\"2025-04-01T07:40:13+00:00\",\"description\":\"CHLUMINIT\u00ae 702 \/ Polycondensation inhibitor 702 \/ 4-Oxo-TEMPO CAS 2896-70-0 is a key product of Longchang Chemical. We provide the best price. We are the leading manufacturer in China with the best quality and competitive price.\",\"breadcrumb\":{\"@id\":\"https:\/\/longchangchemical.com\/product\/polycondensation-inhibitor-702-4-oxo-tempo-cas-2896-70-0\/#breadcrumb\"},\"inLanguage\":\"fr-FR\",\"potentialAction\":[{\"@type\":\"ReadAction\",\"target\":[\"https:\/\/longchangchemical.com\/product\/polycondensation-inhibitor-702-4-oxo-tempo-cas-2896-70-0\/\"]}]},{\"@type\":\"ImageObject\",\"inLanguage\":\"fr-FR\",\"@id\":\"https:\/\/longchangchemical.com\/product\/polycondensation-inhibitor-702-4-oxo-tempo-cas-2896-70-0\/#primaryimage\",\"url\":\"https:\/\/longchangchemical.com\/wp-content\/uploads\/2022\/09\/20.jpg\",\"contentUrl\":\"https:\/\/longchangchemical.com\/wp-content\/uploads\/2022\/09\/20.jpg\",\"width\":750,\"height\":750},{\"@type\":\"BreadcrumbList\",\"@id\":\"https:\/\/longchangchemical.com\/product\/polycondensation-inhibitor-702-4-oxo-tempo-cas-2896-70-0\/#breadcrumb\",\"itemListElement\":[{\"@type\":\"ListItem\",\"position\":1,\"name\":\"Home\",\"item\":\"https:\/\/longchangchemical.com\/\"},{\"@type\":\"ListItem\",\"position\":2,\"name\":\"Products Longchang\",\"item\":\"https:\/\/longchangchemical.com\/product\/\"},{\"@type\":\"ListItem\",\"position\":3,\"name\":\"CHLUMINIT\u00ae 702 \/ Polycondensation inhibitor 702 \/ 4-Oxo-TEMPO CAS 2896-70-0\"}]},{\"@type\":\"WebSite\",\"@id\":\"https:\/\/longchangchemical.com\/#website\",\"url\":\"https:\/\/longchangchemical.com\/\",\"name\":\"Longchang Chemical\",\"description\":\"China chemical manufacturer \uff06 supplier\",\"publisher\":{\"@id\":\"https:\/\/longchangchemical.com\/#organization\"},\"potentialAction\":[{\"@type\":\"SearchAction\",\"target\":{\"@type\":\"EntryPoint\",\"urlTemplate\":\"https:\/\/longchangchemical.com\/?s={search_term_string}\"},\"query-input\":{\"@type\":\"PropertyValueSpecification\",\"valueRequired\":true,\"valueName\":\"search_term_string\"}}],\"inLanguage\":\"fr-FR\"},{\"@type\":\"Organization\",\"@id\":\"https:\/\/longchangchemical.com\/#organization\",\"name\":\"Longchang Chemical\",\"url\":\"https:\/\/longchangchemical.com\/\",\"logo\":{\"@type\":\"ImageObject\",\"inLanguage\":\"fr-FR\",\"@id\":\"https:\/\/longchangchemical.com\/#\/schema\/logo\/image\/\",\"url\":\"https:\/\/longchangchemical.com\/wp-content\/uploads\/2020\/08\/cropped-longchang-logo.png\",\"contentUrl\":\"https:\/\/longchangchemical.com\/wp-content\/uploads\/2020\/08\/cropped-longchang-logo.png\",\"width\":512,\"height\":512,\"caption\":\"Longchang Chemical\"},\"image\":{\"@id\":\"https:\/\/longchangchemical.com\/#\/schema\/logo\/image\/\"}}]}<\/script>\n<!-- \/ Yoast SEO plugin. -->","yoast_head_json":{"title":"CHLUMINIT\u00ae 702 \/ Inhibiteur de polycondensation 702 \/ 4-Oxo-TEMPO CAS 2896-70-0 fabricant chinois - Longchang Chemical","description":"CHLUMINIT\u00ae 702 \/ Inhibiteur de polycondensation 702 \/ 4-Oxo-TEMPO CAS 2896-70-0 est un produit cl\u00e9 de Longchang Chemical. Nous fournissons le meilleur prix. Nous sommes le principal fabricant en Chine avec la meilleure qualit\u00e9 et un prix comp\u00e9titif.","robots":{"index":"index","follow":"follow","max-snippet":"max-snippet:-1","max-image-preview":"max-image-preview:large","max-video-preview":"max-video-preview:-1"},"canonical":"https:\/\/longchangchemical.com\/fr\/product\/polycondensation-inhibitor-702-4-oxo-tempo-cas-2896-70-0\/","og_locale":"fr_FR","og_type":"article","og_title":"China CHLUMINIT\u00ae 702 \/ Polycondensation inhibitor 702 \/ 4-Oxo-TEMPO CAS 2896-70-0 Manufacturer - Longchang Chemical","og_description":"CHLUMINIT\u00ae 702 \/ Polycondensation inhibitor 702 \/ 4-Oxo-TEMPO CAS 2896-70-0 is a key product of Longchang Chemical. We provide the best price. We are the leading manufacturer in China with the best quality and competitive price.","og_url":"https:\/\/longchangchemical.com\/fr\/product\/polycondensation-inhibitor-702-4-oxo-tempo-cas-2896-70-0\/","og_site_name":"Longchang Chemical","article_modified_time":"2025-04-01T07:40:13+00:00","og_image":[{"width":750,"height":750,"url":"https:\/\/longchangchemical.com\/wp-content\/uploads\/2022\/09\/20.jpg","type":"image\/jpeg"}],"twitter_card":"summary_large_image","schema":{"@context":"https:\/\/schema.org","@graph":[{"@type":"WebPage","@id":"https:\/\/longchangchemical.com\/product\/polycondensation-inhibitor-702-4-oxo-tempo-cas-2896-70-0\/","url":"https:\/\/longchangchemical.com\/product\/polycondensation-inhibitor-702-4-oxo-tempo-cas-2896-70-0\/","name":"CHLUMINIT\u00ae 702 \/ Inhibiteur de polycondensation 702 \/ 4-Oxo-TEMPO CAS 2896-70-0 fabricant chinois - Longchang Chemical","isPartOf":{"@id":"https:\/\/longchangchemical.com\/#website"},"primaryImageOfPage":{"@id":"https:\/\/longchangchemical.com\/product\/polycondensation-inhibitor-702-4-oxo-tempo-cas-2896-70-0\/#primaryimage"},"image":{"@id":"https:\/\/longchangchemical.com\/product\/polycondensation-inhibitor-702-4-oxo-tempo-cas-2896-70-0\/#primaryimage"},"thumbnailUrl":"https:\/\/longchangchemical.com\/wp-content\/uploads\/2022\/09\/20.jpg","datePublished":"2022-09-25T12:44:37+00:00","dateModified":"2025-04-01T07:40:13+00:00","description":"CHLUMINIT\u00ae 702 \/ Inhibiteur de polycondensation 702 \/ 4-Oxo-TEMPO CAS 2896-70-0 est un produit cl\u00e9 de Longchang Chemical. Nous fournissons le meilleur prix. Nous sommes le principal fabricant en Chine avec la meilleure qualit\u00e9 et un prix comp\u00e9titif.","breadcrumb":{"@id":"https:\/\/longchangchemical.com\/product\/polycondensation-inhibitor-702-4-oxo-tempo-cas-2896-70-0\/#breadcrumb"},"inLanguage":"fr-FR","potentialAction":[{"@type":"ReadAction","target":["https:\/\/longchangchemical.com\/product\/polycondensation-inhibitor-702-4-oxo-tempo-cas-2896-70-0\/"]}]},{"@type":"ImageObject","inLanguage":"fr-FR","@id":"https:\/\/longchangchemical.com\/product\/polycondensation-inhibitor-702-4-oxo-tempo-cas-2896-70-0\/#primaryimage","url":"https:\/\/longchangchemical.com\/wp-content\/uploads\/2022\/09\/20.jpg","contentUrl":"https:\/\/longchangchemical.com\/wp-content\/uploads\/2022\/09\/20.jpg","width":750,"height":750},{"@type":"BreadcrumbList","@id":"https:\/\/longchangchemical.com\/product\/polycondensation-inhibitor-702-4-oxo-tempo-cas-2896-70-0\/#breadcrumb","itemListElement":[{"@type":"ListItem","position":1,"name":"Home","item":"https:\/\/longchangchemical.com\/"},{"@type":"ListItem","position":2,"name":"Products Longchang","item":"https:\/\/longchangchemical.com\/product\/"},{"@type":"ListItem","position":3,"name":"CHLUMINIT\u00ae 702 \/ Polycondensation inhibitor 702 \/ 4-Oxo-TEMPO CAS 2896-70-0"}]},{"@type":"WebSite","@id":"https:\/\/longchangchemical.com\/#website","url":"https:\/\/longchangchemical.com\/","name":"Longchang Chemical","description":"Fabricant chinois de produits chimiques \uff06 fournisseur","publisher":{"@id":"https:\/\/longchangchemical.com\/#organization"},"potentialAction":[{"@type":"SearchAction","target":{"@type":"EntryPoint","urlTemplate":"https:\/\/longchangchemical.com\/?s={search_term_string}"},"query-input":{"@type":"PropertyValueSpecification","valueRequired":true,"valueName":"search_term_string"}}],"inLanguage":"fr-FR"},{"@type":"Organization","@id":"https:\/\/longchangchemical.com\/#organization","name":"Longchang Chemical","url":"https:\/\/longchangchemical.com\/","logo":{"@type":"ImageObject","inLanguage":"fr-FR","@id":"https:\/\/longchangchemical.com\/#\/schema\/logo\/image\/","url":"https:\/\/longchangchemical.com\/wp-content\/uploads\/2020\/08\/cropped-longchang-logo.png","contentUrl":"https:\/\/longchangchemical.com\/wp-content\/uploads\/2020\/08\/cropped-longchang-logo.png","width":512,"height":512,"caption":"Longchang Chemical"},"image":{"@id":"https:\/\/longchangchemical.com\/#\/schema\/logo\/image\/"}}]}},"_links":{"self":[{"href":"https:\/\/longchangchemical.com\/fr\/wp-json\/wp\/v2\/product\/5600","targetHints":{"allow":["GET"]}}],"collection":[{"href":"https:\/\/longchangchemical.com\/fr\/wp-json\/wp\/v2\/product"}],"about":[{"href":"https:\/\/longchangchemical.com\/fr\/wp-json\/wp\/v2\/types\/product"}],"replies":[{"embeddable":true,"href":"https:\/\/longchangchemical.com\/fr\/wp-json\/wp\/v2\/comments?post=5600"}],"wp:featuredmedia":[{"embeddable":true,"href":"https:\/\/longchangchemical.com\/fr\/wp-json\/wp\/v2\/media\/5601"}],"wp:attachment":[{"href":"https:\/\/longchangchemical.com\/fr\/wp-json\/wp\/v2\/media?parent=5600"}],"wp:term":[{"taxonomy":"product_brand","embeddable":true,"href":"https:\/\/longchangchemical.com\/fr\/wp-json\/wp\/v2\/product_brand?post=5600"},{"taxonomy":"product_cat","embeddable":true,"href":"https:\/\/longchangchemical.com\/fr\/wp-json\/wp\/v2\/product_cat?post=5600"},{"taxonomy":"product_tag","embeddable":true,"href":"https:\/\/longchangchemical.com\/fr\/wp-json\/wp\/v2\/product_tag?post=5600"}],"curies":[{"name":"wp","href":"https:\/\/api.w.org\/{rel}","templated":true}]}}