{"id":5530,"date":"2022-09-07T12:37:41","date_gmt":"2022-09-07T12:37:41","guid":{"rendered":"https:\/\/longchangchemical.com\/?post_type=product&#038;p=5530"},"modified":"2026-01-09T09:36:02","modified_gmt":"2026-01-09T09:36:02","slug":"lcsorb-bp-1-cas-131-56-6","status":"publish","type":"product","link":"https:\/\/longchangchemical.com\/fr\/product\/lcsorb-bp-1-cas-131-56-6\/","title":{"rendered":"BP-1( UV-0) \/ Benzophenone-1 \/ CAS 131-56-6"},"content":{"rendered":"<h1><strong>BP-1( UV-0) \/ Benzophenone-1 \/ CAS 131-56-6<\/strong><\/h1>\n<table class=\"woocommerce-product-attributes shop_attributes\">\n<tbody>\n<tr class=\"woocommerce-product-attributes-item woocommerce-product-attributes-item--attribute_chemical-name\">\n<th class=\"woocommerce-product-attributes-item__label\">Nom chimique :<\/th>\n<td class=\"woocommerce-product-attributes-item__value\">2,4-Dihydroxybenzoph\u00e9none\/ Benzoph\u00e9none-1<\/td>\n<\/tr>\n<tr class=\"woocommerce-product-attributes-item woocommerce-product-attributes-item--attribute_cas-no\">\n<th class=\"woocommerce-product-attributes-item__label\">Cas No.<\/th>\n<td class=\"woocommerce-product-attributes-item__value\">131-56-6<\/td>\n<\/tr>\n<tr class=\"woocommerce-product-attributes-item woocommerce-product-attributes-item--attribute_mf\">\n<th class=\"woocommerce-product-attributes-item__label\">MF<\/th>\n<td class=\"woocommerce-product-attributes-item__value\">C13H10O3<\/td>\n<\/tr>\n<tr class=\"woocommerce-product-attributes-item woocommerce-product-attributes-item--attribute_purity\">\n<th class=\"woocommerce-product-attributes-item__label\">La puret\u00e9<\/th>\n<td class=\"woocommerce-product-attributes-item__value\">99,5% min<\/td>\n<\/tr>\n<tr class=\"woocommerce-product-attributes-item woocommerce-product-attributes-item--attribute_package\">\n<th class=\"woocommerce-product-attributes-item__label\">Paquet<\/th>\n<td class=\"woocommerce-product-attributes-item__value\">25kgs\/carton<\/td>\n<\/tr>\n<\/tbody>\n<\/table>\n<p>&nbsp;<\/p>\n<h2><strong>Benzoph\u00e9none-1 Utilisation<\/strong><\/h2>\n<p>Le BP-1 est principalement utilis\u00e9 dans les domaines des plastiques, des rev\u00eatements et des adh\u00e9sifs ; il trouve \u00e9galement quelques applications dans les mat\u00e9riaux optiques.<\/p>\n<p>-St\u00e9ri\u00e8ne : Anti-jaunissement<br \/>\n-Polym\u00e9thacrylate : Am\u00e9liore les propri\u00e9t\u00e9s optiques et m\u00e9caniques du mat\u00e9riau (am\u00e9liore la transmission de la lumi\u00e8re de la feuille extrud\u00e9e).<br \/>\n-Adh\u00e9sif en caoutchouc : am\u00e9liore la stabilit\u00e9 \u00e0 la lumi\u00e8re de la colle.<br \/>\n-Ph\u00e9nols et r\u00e9sines alkydes : am\u00e9liorent la r\u00e9sistance aux intemp\u00e9ries.<br \/>\n-Syst\u00e8me de r\u00e9sine \u00e9poxy et insatur\u00e9e<br \/>\n-Lentille filtrante en plastique : am\u00e9liore la r\u00e9sistance aux intemp\u00e9ries du film couleur<br \/>\n-Peinture fluorescente : panneaux de signalisation et panneaux routiers<br \/>\n-D\u00e9tergent liquide color\u00e9<br \/>\nVernis \u00e0 ongles - Concentration maximale : 5%<\/p>\n<h2><strong>BP-1 Stockage<\/strong><\/h2>\n<p>Les produits sont conserv\u00e9s dans un entrep\u00f4t sec, propre et bien ventil\u00e9.<br \/>\n\u00c9viter l'exposition \u00e0 la lumi\u00e8re et \u00e0 la chaleur pour pr\u00e9venir l'oxydation.<br \/>\nProt\u00e9ger le produit des fuites, de la pluie et de l'insolation pendant le transport.<\/p>\n<h2><strong>Contactez-nous d\u00e8s maintenant !<\/strong><\/h2>\n<p><strong>Si vous avez besoin de COA, MSDS ou TDS de <span style=\"color: #00ccff;\"><a style=\"color: #00ccff;\" href=\"https:\/\/longchangchemical.com\/fr\/product-category\/lcsorb-uv-absorber\/\">Absorbeur d'UV lcsorb<\/a><\/span>Si vous avez besoin d'aide, veuillez indiquer vos coordonn\u00e9es dans le formulaire ci-dessous. Nous vous contacterons g\u00e9n\u00e9ralement dans les 24 heures. Vous pouvez \u00e9galement m'envoyer un courriel <span style=\"color: #00ccff;\"><a style=\"color: #00ccff;\" href=\"mailto:info@longchangchemical.com\">info@longchangchemical.com<\/a> <\/span>pendant les heures de travail ( 8:30 am to 6:00 pm UTC+8 Mon.~Sat. ) ou utilisez le chat en direct du site web pour obtenir une r\u00e9ponse rapide.<\/strong><\/p>","protected":false},"excerpt":{"rendered":"<p><strong>Nom chimique :<\/strong>2,4-dihydroxybenzoph\u00e9none<\/p>\n<p><strong>Cas No :<\/strong>131-56-6<\/p>\n<p><strong>Synonyme :<\/strong>Speedblock UV-0;Benzophenone-1;Absorbeur UV UV-0<\/p>\n<p><strong>Structure :<\/strong><\/p>\n<p><img decoding=\"async\" class=\"alignnone size-full wp-image-3586\" src=\"https:\/\/longchangchemical.com\/wp-content\/uploads\/2021\/07\/131-56-6.gif\" alt=\"\" width=\"265\" height=\"138\" \/><\/p>\n<p>Apparence\uff1aPoudre cristalline blanche ou jaune p\u00e2le<\/p>\n<p>Odeur\uff1aL\u00e9g\u00e8re odeur ph\u00e9nolique<\/p>\n<p>Extinction sp\u00e9cifique\uff081%\uff0c1cm\uff09\uff1aE290nm \u2265 630<\/p>\n<p>Puret\u00e9 (HPLC)\uff1a\u2265 99.0 %<\/p>\n<p>Identification IR\uff1aSelon la norme de r\u00e9f\u00e9rence<\/p>\n<p>Point de fusion\uff1a142.0\u2103~146.0\u2103<\/p>\n<p>Perte au s\u00e9chage\uff1a\u2264 0.2 %<\/p>\n<p>M\u00e9taux lourds (Pb)\uff1a\u2264 5 ppm<\/p>\n<p>Gardner Color\uff1a\u2264 3<\/p>","protected":false},"featured_media":7964,"comment_status":"closed","ping_status":"closed","template":"","meta":[],"product_brand":[],"product_cat":[139],"product_tag":[],"class_list":{"0":"post-5530","1":"product","2":"type-product","3":"status-publish","4":"has-post-thumbnail","6":"product_cat-lcsorb-uv-absorber","8":"first","9":"instock","10":"shipping-taxable","11":"product-type-simple"},"yoast_head":"<!-- This site is optimized with the Yoast SEO plugin v25.3.1 - https:\/\/yoast.com\/wordpress\/plugins\/seo\/ -->\n<title>China Uv absorber BP-1 manufacturer Cas 131-56-6 Supplier - Longchang Chemical<\/title>\n<meta name=\"description\" content=\"BP-1( UV-0 ) can replace speedblock UV-0;Benzophenone-1;UV absorber UV-0, used as ultraviolet absorber and is the key product of Longchang Chemcial. We are the leading uv material manufacturer and supplier in China with the best quanlity and competitive price.\" \/>\n<meta name=\"robots\" content=\"index, follow, max-snippet:-1, max-image-preview:large, max-video-preview:-1\" \/>\n<link rel=\"canonical\" href=\"https:\/\/longchangchemical.com\/fr\/product\/lcsorb-bp-1-cas-131-56-6\/\" \/>\n<meta property=\"og:locale\" content=\"fr_FR\" \/>\n<meta property=\"og:type\" content=\"article\" \/>\n<meta property=\"og:title\" content=\"China Uv absorber BP-1 manufacturer Cas 131-56-6 Supplier - Longchang Chemical\" \/>\n<meta property=\"og:description\" content=\"BP-1( UV-0 ) can replace speedblock UV-0;Benzophenone-1;UV absorber UV-0, used as ultraviolet absorber and is the key product of Longchang Chemcial. We are the leading uv material manufacturer and supplier in China with the best quanlity and competitive price.\" \/>\n<meta property=\"og:url\" content=\"https:\/\/longchangchemical.com\/fr\/product\/lcsorb-bp-1-cas-131-56-6\/\" \/>\n<meta property=\"og:site_name\" content=\"Longchang Chemical\" \/>\n<meta property=\"article:modified_time\" content=\"2026-01-09T09:36:02+00:00\" \/>\n<meta property=\"og:image\" content=\"https:\/\/longchangchemical.com\/wp-content\/uploads\/2022\/09\/131-56-6.jpg\" \/>\n\t<meta property=\"og:image:width\" content=\"600\" \/>\n\t<meta property=\"og:image:height\" content=\"600\" \/>\n\t<meta property=\"og:image:type\" content=\"image\/jpeg\" \/>\n<meta name=\"twitter:card\" content=\"summary_large_image\" \/>\n<script type=\"application\/ld+json\" class=\"yoast-schema-graph\">{\"@context\":\"https:\/\/schema.org\",\"@graph\":[{\"@type\":\"WebPage\",\"@id\":\"https:\/\/longchangchemical.com\/product\/lcsorb-bp-1-cas-131-56-6\/\",\"url\":\"https:\/\/longchangchemical.com\/product\/lcsorb-bp-1-cas-131-56-6\/\",\"name\":\"China Uv absorber BP-1 manufacturer Cas 131-56-6 Supplier - Longchang Chemical\",\"isPartOf\":{\"@id\":\"https:\/\/longchangchemical.com\/#website\"},\"primaryImageOfPage\":{\"@id\":\"https:\/\/longchangchemical.com\/product\/lcsorb-bp-1-cas-131-56-6\/#primaryimage\"},\"image\":{\"@id\":\"https:\/\/longchangchemical.com\/product\/lcsorb-bp-1-cas-131-56-6\/#primaryimage\"},\"thumbnailUrl\":\"https:\/\/longchangchemical.com\/wp-content\/uploads\/2022\/09\/131-56-6.jpg\",\"datePublished\":\"2022-09-07T12:37:41+00:00\",\"dateModified\":\"2026-01-09T09:36:02+00:00\",\"description\":\"BP-1( UV-0 ) can replace speedblock UV-0;Benzophenone-1;UV absorber UV-0, used as ultraviolet absorber and is the key product of Longchang Chemcial. We are the leading uv material manufacturer and supplier in China with the best quanlity and competitive price.\",\"breadcrumb\":{\"@id\":\"https:\/\/longchangchemical.com\/product\/lcsorb-bp-1-cas-131-56-6\/#breadcrumb\"},\"inLanguage\":\"fr-FR\",\"potentialAction\":[{\"@type\":\"ReadAction\",\"target\":[\"https:\/\/longchangchemical.com\/product\/lcsorb-bp-1-cas-131-56-6\/\"]}]},{\"@type\":\"ImageObject\",\"inLanguage\":\"fr-FR\",\"@id\":\"https:\/\/longchangchemical.com\/product\/lcsorb-bp-1-cas-131-56-6\/#primaryimage\",\"url\":\"https:\/\/longchangchemical.com\/wp-content\/uploads\/2022\/09\/131-56-6.jpg\",\"contentUrl\":\"https:\/\/longchangchemical.com\/wp-content\/uploads\/2022\/09\/131-56-6.jpg\",\"width\":600,\"height\":600},{\"@type\":\"BreadcrumbList\",\"@id\":\"https:\/\/longchangchemical.com\/product\/lcsorb-bp-1-cas-131-56-6\/#breadcrumb\",\"itemListElement\":[{\"@type\":\"ListItem\",\"position\":1,\"name\":\"Home\",\"item\":\"https:\/\/longchangchemical.com\/\"},{\"@type\":\"ListItem\",\"position\":2,\"name\":\"Products Longchang\",\"item\":\"https:\/\/longchangchemical.com\/product\/\"},{\"@type\":\"ListItem\",\"position\":3,\"name\":\"BP-1( UV-0) \/ Benzophenone-1 \/ CAS 131-56-6\"}]},{\"@type\":\"WebSite\",\"@id\":\"https:\/\/longchangchemical.com\/#website\",\"url\":\"https:\/\/longchangchemical.com\/\",\"name\":\"Longchang Chemical\",\"description\":\"China chemical manufacturer \uff06 supplier\",\"publisher\":{\"@id\":\"https:\/\/longchangchemical.com\/#organization\"},\"potentialAction\":[{\"@type\":\"SearchAction\",\"target\":{\"@type\":\"EntryPoint\",\"urlTemplate\":\"https:\/\/longchangchemical.com\/?s={search_term_string}\"},\"query-input\":{\"@type\":\"PropertyValueSpecification\",\"valueRequired\":true,\"valueName\":\"search_term_string\"}}],\"inLanguage\":\"fr-FR\"},{\"@type\":\"Organization\",\"@id\":\"https:\/\/longchangchemical.com\/#organization\",\"name\":\"Longchang Chemical\",\"url\":\"https:\/\/longchangchemical.com\/\",\"logo\":{\"@type\":\"ImageObject\",\"inLanguage\":\"fr-FR\",\"@id\":\"https:\/\/longchangchemical.com\/#\/schema\/logo\/image\/\",\"url\":\"https:\/\/longchangchemical.com\/wp-content\/uploads\/2020\/08\/cropped-longchang-logo.png\",\"contentUrl\":\"https:\/\/longchangchemical.com\/wp-content\/uploads\/2020\/08\/cropped-longchang-logo.png\",\"width\":512,\"height\":512,\"caption\":\"Longchang Chemical\"},\"image\":{\"@id\":\"https:\/\/longchangchemical.com\/#\/schema\/logo\/image\/\"}}]}<\/script>\n<!-- \/ Yoast SEO plugin. -->","yoast_head_json":{"title":"China Uv absorber BP-1 manufacturer Cas 131-56-6 Supplier - Longchang Chemical","description":"BP-1( UV-0 ) peut remplacer le speedblock UV-0;Benzophenone-1;absorbeur UV-0, utilis\u00e9 comme absorbeur ultraviolet et est le produit cl\u00e9 de Longchang Chemcial. Nous sommes le principal fabricant et fournisseur de mat\u00e9riaux UV en Chine, avec la meilleure qualit\u00e9 et des prix comp\u00e9titifs.","robots":{"index":"index","follow":"follow","max-snippet":"max-snippet:-1","max-image-preview":"max-image-preview:large","max-video-preview":"max-video-preview:-1"},"canonical":"https:\/\/longchangchemical.com\/fr\/product\/lcsorb-bp-1-cas-131-56-6\/","og_locale":"fr_FR","og_type":"article","og_title":"China Uv absorber BP-1 manufacturer Cas 131-56-6 Supplier - Longchang Chemical","og_description":"BP-1( UV-0 ) can replace speedblock UV-0;Benzophenone-1;UV absorber UV-0, used as ultraviolet absorber and is the key product of Longchang Chemcial. We are the leading uv material manufacturer and supplier in China with the best quanlity and competitive price.","og_url":"https:\/\/longchangchemical.com\/fr\/product\/lcsorb-bp-1-cas-131-56-6\/","og_site_name":"Longchang Chemical","article_modified_time":"2026-01-09T09:36:02+00:00","og_image":[{"width":600,"height":600,"url":"https:\/\/longchangchemical.com\/wp-content\/uploads\/2022\/09\/131-56-6.jpg","type":"image\/jpeg"}],"twitter_card":"summary_large_image","schema":{"@context":"https:\/\/schema.org","@graph":[{"@type":"WebPage","@id":"https:\/\/longchangchemical.com\/product\/lcsorb-bp-1-cas-131-56-6\/","url":"https:\/\/longchangchemical.com\/product\/lcsorb-bp-1-cas-131-56-6\/","name":"China Uv absorber BP-1 manufacturer Cas 131-56-6 Supplier - Longchang Chemical","isPartOf":{"@id":"https:\/\/longchangchemical.com\/#website"},"primaryImageOfPage":{"@id":"https:\/\/longchangchemical.com\/product\/lcsorb-bp-1-cas-131-56-6\/#primaryimage"},"image":{"@id":"https:\/\/longchangchemical.com\/product\/lcsorb-bp-1-cas-131-56-6\/#primaryimage"},"thumbnailUrl":"https:\/\/longchangchemical.com\/wp-content\/uploads\/2022\/09\/131-56-6.jpg","datePublished":"2022-09-07T12:37:41+00:00","dateModified":"2026-01-09T09:36:02+00:00","description":"BP-1( UV-0 ) peut remplacer le speedblock UV-0;Benzophenone-1;absorbeur UV-0, utilis\u00e9 comme absorbeur ultraviolet et est le produit cl\u00e9 de Longchang Chemcial. Nous sommes le principal fabricant et fournisseur de mat\u00e9riaux UV en Chine, avec la meilleure qualit\u00e9 et des prix comp\u00e9titifs.","breadcrumb":{"@id":"https:\/\/longchangchemical.com\/product\/lcsorb-bp-1-cas-131-56-6\/#breadcrumb"},"inLanguage":"fr-FR","potentialAction":[{"@type":"ReadAction","target":["https:\/\/longchangchemical.com\/product\/lcsorb-bp-1-cas-131-56-6\/"]}]},{"@type":"ImageObject","inLanguage":"fr-FR","@id":"https:\/\/longchangchemical.com\/product\/lcsorb-bp-1-cas-131-56-6\/#primaryimage","url":"https:\/\/longchangchemical.com\/wp-content\/uploads\/2022\/09\/131-56-6.jpg","contentUrl":"https:\/\/longchangchemical.com\/wp-content\/uploads\/2022\/09\/131-56-6.jpg","width":600,"height":600},{"@type":"BreadcrumbList","@id":"https:\/\/longchangchemical.com\/product\/lcsorb-bp-1-cas-131-56-6\/#breadcrumb","itemListElement":[{"@type":"ListItem","position":1,"name":"Home","item":"https:\/\/longchangchemical.com\/"},{"@type":"ListItem","position":2,"name":"Products Longchang","item":"https:\/\/longchangchemical.com\/product\/"},{"@type":"ListItem","position":3,"name":"BP-1( UV-0) \/ Benzophenone-1 \/ CAS 131-56-6"}]},{"@type":"WebSite","@id":"https:\/\/longchangchemical.com\/#website","url":"https:\/\/longchangchemical.com\/","name":"Longchang Chemical","description":"Fabricant chinois de produits chimiques \uff06 fournisseur","publisher":{"@id":"https:\/\/longchangchemical.com\/#organization"},"potentialAction":[{"@type":"SearchAction","target":{"@type":"EntryPoint","urlTemplate":"https:\/\/longchangchemical.com\/?s={search_term_string}"},"query-input":{"@type":"PropertyValueSpecification","valueRequired":true,"valueName":"search_term_string"}}],"inLanguage":"fr-FR"},{"@type":"Organization","@id":"https:\/\/longchangchemical.com\/#organization","name":"Longchang Chemical","url":"https:\/\/longchangchemical.com\/","logo":{"@type":"ImageObject","inLanguage":"fr-FR","@id":"https:\/\/longchangchemical.com\/#\/schema\/logo\/image\/","url":"https:\/\/longchangchemical.com\/wp-content\/uploads\/2020\/08\/cropped-longchang-logo.png","contentUrl":"https:\/\/longchangchemical.com\/wp-content\/uploads\/2020\/08\/cropped-longchang-logo.png","width":512,"height":512,"caption":"Longchang Chemical"},"image":{"@id":"https:\/\/longchangchemical.com\/#\/schema\/logo\/image\/"}}]}},"_links":{"self":[{"href":"https:\/\/longchangchemical.com\/fr\/wp-json\/wp\/v2\/product\/5530","targetHints":{"allow":["GET"]}}],"collection":[{"href":"https:\/\/longchangchemical.com\/fr\/wp-json\/wp\/v2\/product"}],"about":[{"href":"https:\/\/longchangchemical.com\/fr\/wp-json\/wp\/v2\/types\/product"}],"replies":[{"embeddable":true,"href":"https:\/\/longchangchemical.com\/fr\/wp-json\/wp\/v2\/comments?post=5530"}],"wp:featuredmedia":[{"embeddable":true,"href":"https:\/\/longchangchemical.com\/fr\/wp-json\/wp\/v2\/media\/7964"}],"wp:attachment":[{"href":"https:\/\/longchangchemical.com\/fr\/wp-json\/wp\/v2\/media?parent=5530"}],"wp:term":[{"taxonomy":"product_brand","embeddable":true,"href":"https:\/\/longchangchemical.com\/fr\/wp-json\/wp\/v2\/product_brand?post=5530"},{"taxonomy":"product_cat","embeddable":true,"href":"https:\/\/longchangchemical.com\/fr\/wp-json\/wp\/v2\/product_cat?post=5530"},{"taxonomy":"product_tag","embeddable":true,"href":"https:\/\/longchangchemical.com\/fr\/wp-json\/wp\/v2\/product_tag?post=5530"}],"curies":[{"name":"wp","href":"https:\/\/api.w.org\/{rel}","templated":true}]}}