{"id":5524,"date":"2022-09-05T13:18:09","date_gmt":"2022-09-05T13:18:09","guid":{"rendered":"https:\/\/longchangchemical.com\/?post_type=product&#038;p=5524"},"modified":"2026-01-09T09:38:18","modified_gmt":"2026-01-09T09:38:18","slug":"lcsorb-uv-531-cas-1843-05-6","status":"publish","type":"product","link":"https:\/\/longchangchemical.com\/fr\/product\/lcsorb-uv-531-cas-1843-05-6\/","title":{"rendered":"UV-531 \/ Benzophenone-12(BP-12) \/ CAS 1843-05-6"},"content":{"rendered":"<h1><strong>UV-531 CAS 1843-05-6<\/strong><\/h1>\n<table border=\"1\" width=\"505\" cellspacing=\"0\">\n<tbody>\n<tr>\n<td valign=\"top\" width=\"104\">Point de fusion<\/td>\n<td valign=\"top\" width=\"386\">47-49\u2103<\/td>\n<\/tr>\n<tr>\n<td valign=\"top\" width=\"104\">Fr\u00eane<\/td>\n<td valign=\"top\" width=\"386\">\u22640.1%<\/td>\n<\/tr>\n<tr>\n<td valign=\"top\" width=\"104\">Volatile<\/td>\n<td valign=\"top\" width=\"386\">\u22640.5%<\/td>\n<\/tr>\n<tr>\n<td valign=\"top\" width=\"104\">Transmittance<\/td>\n<td valign=\"top\" width=\"386\">440nm\u226595%\uff0c500nm\u226597%<\/td>\n<\/tr>\n<\/tbody>\n<\/table>\n<p>&nbsp;<\/p>\n<h2><strong>UV-531 Application<\/strong><\/h2>\n<p>UV-531 convient au poly\u00e9thyl\u00e8ne, au polypropyl\u00e8ne, au polystyr\u00e8ne, \u00e0 la r\u00e9sine AS, \u00e0 la r\u00e9sine ABS, au polycarbonate, au chlorure de polyvinyle, au chlorure de polyvinylid\u00e8ne, au polyester et au polyamide.<\/p>\n<p><strong><em>lcsorb\u00ae<\/em>UV-531<\/strong>\u00a0est un excellent absorbeur d'ultraviolets pour les coll\u00e8ges et les universit\u00e9s, qui peut absorber efficacement la lumi\u00e8re ultraviolette entre 270 et 340 nm. Il pr\u00e9sente les caract\u00e9ristiques suivantes : couleur claire, non toxique, bonne compatibilit\u00e9, faible migration et facilit\u00e9 de traitement.<\/p>\n<p><strong><em>lcsorb\u00ae<\/em>UV-531<\/strong>convient pour le poly\u00e9thyl\u00e8ne, le polypropyl\u00e8ne, le polystyr\u00e8ne, la r\u00e9sine AS, la r\u00e9sine ABS, le polycarbonate, le chlorure de polyvinyle, le chlorure de polyvinylid\u00e8ne, le polyester et le polyamide.<\/p>\n<p>&nbsp;<\/p>\n<h2><strong>UV-531 Ajouter la quantit\u00e9<\/strong><\/h2>\n<table border=\"1\" width=\"584\" align=\"LEFT\">\n<tbody>\n<tr>\n<td valign=\"top\" width=\"95\">Styr\u00e8ne<\/td>\n<td valign=\"top\" width=\"95\">Poly\u00e9thyl\u00e8ne<\/td>\n<td valign=\"top\" width=\"95\">Polypropyl\u00e8ne<\/td>\n<td valign=\"top\" width=\"95\">R\u00e9sine ABS<\/td>\n<td valign=\"top\" width=\"95\">Chlorure de polyvinyle<\/td>\n<\/tr>\n<tr>\n<td valign=\"top\" width=\"95\">0.2-0.5%<\/td>\n<td valign=\"top\" width=\"95\">0.2-0.4%<\/td>\n<td valign=\"top\" width=\"95\">0.5%<\/td>\n<td valign=\"top\" width=\"95\">0.3-0.5%<\/td>\n<td valign=\"top\" width=\"95\">0.25-0.5%<\/td>\n<\/tr>\n<\/tbody>\n<\/table>\n<p>&nbsp;<\/p>\n<p>&nbsp;<\/p>\n<p>&nbsp;<\/p>\n<h2><strong>UV-531 Stockage<\/strong><\/h2>\n<p>Les produits sont conserv\u00e9s dans un entrep\u00f4t sec, propre et bien ventil\u00e9.<br \/>\n\u00c9viter l'exposition \u00e0 la lumi\u00e8re et \u00e0 la chaleur pour pr\u00e9venir l'oxydation.<br \/>\nProt\u00e9ger le produit des fuites, de la pluie et de l'insolation pendant le transport.<\/p>\n<h2><strong>Autre nom :<\/strong><\/h2>\n<p>Benzoph\u00e9none 12 ;<br \/>\nBP-12 ;<br \/>\nCAS 1843-05-6 ;<br \/>\nOctabenzone ;<br \/>\nUV 531 ;<br \/>\nChisorb BP-12 ;<br \/>\nCyasorb UV-531 ;<br \/>\nFENTASORB 531 ;<\/p>\n<h2><strong>Contactez-nous d\u00e8s maintenant !<\/strong><\/h2>\n<p><strong>Si vous avez besoin de COA, MSDS ou TDS de <span style=\"color: #00ccff;\"><a style=\"color: #00ccff;\" href=\"https:\/\/longchangchemical.com\/fr\/product-category\/lcsorb-uv-absorber\/\">Absorbeur d'UV lcsorb<\/a><\/span>Si vous avez besoin d'aide, veuillez indiquer vos coordonn\u00e9es dans le formulaire ci-dessous. Nous vous contacterons g\u00e9n\u00e9ralement dans les 24 heures. Vous pouvez \u00e9galement m'envoyer un courriel <span style=\"color: #00ccff;\"><a style=\"color: #00ccff;\" href=\"mailto:info@longchangchemical.com\">info@longchangchemical.com<\/a> <\/span>pendant les heures de travail ( 8:30 am to 6:00 pm UTC+8 Mon.~Sat. ) ou utilisez le chat en direct du site web pour obtenir une r\u00e9ponse rapide.<\/strong><\/p>","protected":false},"excerpt":{"rendered":"<p><strong>Nom chimique<\/strong>:[2-Hhydroxy-4-(octyloxy)ph\u00e9nyl]ph\u00e9nylm\u00e9thanone;2-HYDROXY-4-N-OCTOXYBENZOPHENONE<\/p>\n<p><strong>Cas No :<\/strong>1843-05-6<\/p>\n<p><strong>Synonyme :<\/strong>Octabenzone;Eversorb 12;Benzophenone-12;BP-12;Chimassorb(R) 81;Chisorb BP-12;Cyasorb UV-531 Stabilisateur de lumi\u00e8re;FENTASORB 531;K.SORB 81;Uvinul 3008;Tinuvin 531<\/p>\n<p><strong>Structure :<\/strong><\/p>\n<p><img decoding=\"async\" class=\"alignnone wp-image-4150\" src=\"https:\/\/longchangchemical.com\/wp-content\/uploads\/2021\/09\/1843-05-6.gif\" alt=\"\" width=\"314\" height=\"82\" \/><\/p>\n<p>Aspect : Poudre cristalline ou flocons jaune clair<\/p>\n<p>Contenu : \u226599%(HPLC)<\/p>","protected":false},"featured_media":7966,"comment_status":"closed","ping_status":"closed","template":"","meta":[],"product_brand":[],"product_cat":[139],"product_tag":[],"class_list":{"0":"post-5524","1":"product","2":"type-product","3":"status-publish","4":"has-post-thumbnail","6":"product_cat-lcsorb-uv-absorber","8":"first","9":"instock","10":"shipping-taxable","11":"product-type-simple"},"yoast_head":"<!-- This site is optimized with the Yoast SEO plugin v25.3.1 - https:\/\/yoast.com\/wordpress\/plugins\/seo\/ -->\n<title>China Uv absorber UV-531 \/ Benzophenone-12 manufacturer Cas 1843-05-6 Supplier - Longchang Chemical<\/title>\n<meta name=\"description\" content=\"UV-531 can replace Octabenzone;Eversorb 12;Benzophenone-12;BP-12;Chimassorb(R) 81;Chisorb BP-12;Cyasorb UV-531 Light Stabilizer;FENTASORB 531;K.SORB 81;Uvinul 3008;Tinuvin 531,used as ultraviolet absorber and is the key product of Longchang Chemical. We are the leading uv material manufacturer and supplier in China with the best quanlity and competitive price.\" \/>\n<meta name=\"robots\" content=\"index, follow, max-snippet:-1, max-image-preview:large, max-video-preview:-1\" \/>\n<link rel=\"canonical\" href=\"https:\/\/longchangchemical.com\/fr\/product\/lcsorb-uv-531-cas-1843-05-6\/\" \/>\n<meta property=\"og:locale\" content=\"fr_FR\" \/>\n<meta property=\"og:type\" content=\"article\" \/>\n<meta property=\"og:title\" content=\"China Uv absorber UV-531 \/ Benzophenone-12 manufacturer Cas 1843-05-6 Supplier - Longchang Chemical\" \/>\n<meta property=\"og:description\" content=\"UV-531 can replace Octabenzone;Eversorb 12;Benzophenone-12;BP-12;Chimassorb(R) 81;Chisorb BP-12;Cyasorb UV-531 Light Stabilizer;FENTASORB 531;K.SORB 81;Uvinul 3008;Tinuvin 531,used as ultraviolet absorber and is the key product of Longchang Chemical. We are the leading uv material manufacturer and supplier in China with the best quanlity and competitive price.\" \/>\n<meta property=\"og:url\" content=\"https:\/\/longchangchemical.com\/fr\/product\/lcsorb-uv-531-cas-1843-05-6\/\" \/>\n<meta property=\"og:site_name\" content=\"Longchang Chemical\" \/>\n<meta property=\"article:modified_time\" content=\"2026-01-09T09:38:18+00:00\" \/>\n<meta property=\"og:image\" content=\"https:\/\/longchangchemical.com\/wp-content\/uploads\/2022\/09\/1843-05-6.jpg\" \/>\n\t<meta property=\"og:image:width\" content=\"600\" \/>\n\t<meta property=\"og:image:height\" content=\"600\" \/>\n\t<meta property=\"og:image:type\" content=\"image\/jpeg\" \/>\n<meta name=\"twitter:card\" content=\"summary_large_image\" \/>\n<script type=\"application\/ld+json\" class=\"yoast-schema-graph\">{\"@context\":\"https:\/\/schema.org\",\"@graph\":[{\"@type\":\"WebPage\",\"@id\":\"https:\/\/longchangchemical.com\/product\/lcsorb-uv-531-cas-1843-05-6\/\",\"url\":\"https:\/\/longchangchemical.com\/product\/lcsorb-uv-531-cas-1843-05-6\/\",\"name\":\"China Uv absorber UV-531 \/ Benzophenone-12 manufacturer Cas 1843-05-6 Supplier - Longchang Chemical\",\"isPartOf\":{\"@id\":\"https:\/\/longchangchemical.com\/#website\"},\"primaryImageOfPage\":{\"@id\":\"https:\/\/longchangchemical.com\/product\/lcsorb-uv-531-cas-1843-05-6\/#primaryimage\"},\"image\":{\"@id\":\"https:\/\/longchangchemical.com\/product\/lcsorb-uv-531-cas-1843-05-6\/#primaryimage\"},\"thumbnailUrl\":\"https:\/\/longchangchemical.com\/wp-content\/uploads\/2022\/09\/1843-05-6.jpg\",\"datePublished\":\"2022-09-05T13:18:09+00:00\",\"dateModified\":\"2026-01-09T09:38:18+00:00\",\"description\":\"UV-531 can replace Octabenzone;Eversorb 12;Benzophenone-12;BP-12;Chimassorb(R) 81;Chisorb BP-12;Cyasorb UV-531 Light Stabilizer;FENTASORB 531;K.SORB 81;Uvinul 3008;Tinuvin 531,used as ultraviolet absorber and is the key product of Longchang Chemical. We are the leading uv material manufacturer and supplier in China with the best quanlity and competitive price.\",\"breadcrumb\":{\"@id\":\"https:\/\/longchangchemical.com\/product\/lcsorb-uv-531-cas-1843-05-6\/#breadcrumb\"},\"inLanguage\":\"fr-FR\",\"potentialAction\":[{\"@type\":\"ReadAction\",\"target\":[\"https:\/\/longchangchemical.com\/product\/lcsorb-uv-531-cas-1843-05-6\/\"]}]},{\"@type\":\"ImageObject\",\"inLanguage\":\"fr-FR\",\"@id\":\"https:\/\/longchangchemical.com\/product\/lcsorb-uv-531-cas-1843-05-6\/#primaryimage\",\"url\":\"https:\/\/longchangchemical.com\/wp-content\/uploads\/2022\/09\/1843-05-6.jpg\",\"contentUrl\":\"https:\/\/longchangchemical.com\/wp-content\/uploads\/2022\/09\/1843-05-6.jpg\",\"width\":600,\"height\":600},{\"@type\":\"BreadcrumbList\",\"@id\":\"https:\/\/longchangchemical.com\/product\/lcsorb-uv-531-cas-1843-05-6\/#breadcrumb\",\"itemListElement\":[{\"@type\":\"ListItem\",\"position\":1,\"name\":\"Home\",\"item\":\"https:\/\/longchangchemical.com\/\"},{\"@type\":\"ListItem\",\"position\":2,\"name\":\"Products Longchang\",\"item\":\"https:\/\/longchangchemical.com\/product\/\"},{\"@type\":\"ListItem\",\"position\":3,\"name\":\"UV-531 \/ Benzophenone-12(BP-12) \/ CAS 1843-05-6\"}]},{\"@type\":\"WebSite\",\"@id\":\"https:\/\/longchangchemical.com\/#website\",\"url\":\"https:\/\/longchangchemical.com\/\",\"name\":\"Longchang Chemical\",\"description\":\"China chemical manufacturer \uff06 supplier\",\"publisher\":{\"@id\":\"https:\/\/longchangchemical.com\/#organization\"},\"potentialAction\":[{\"@type\":\"SearchAction\",\"target\":{\"@type\":\"EntryPoint\",\"urlTemplate\":\"https:\/\/longchangchemical.com\/?s={search_term_string}\"},\"query-input\":{\"@type\":\"PropertyValueSpecification\",\"valueRequired\":true,\"valueName\":\"search_term_string\"}}],\"inLanguage\":\"fr-FR\"},{\"@type\":\"Organization\",\"@id\":\"https:\/\/longchangchemical.com\/#organization\",\"name\":\"Longchang Chemical\",\"url\":\"https:\/\/longchangchemical.com\/\",\"logo\":{\"@type\":\"ImageObject\",\"inLanguage\":\"fr-FR\",\"@id\":\"https:\/\/longchangchemical.com\/#\/schema\/logo\/image\/\",\"url\":\"https:\/\/longchangchemical.com\/wp-content\/uploads\/2020\/08\/cropped-longchang-logo.png\",\"contentUrl\":\"https:\/\/longchangchemical.com\/wp-content\/uploads\/2020\/08\/cropped-longchang-logo.png\",\"width\":512,\"height\":512,\"caption\":\"Longchang Chemical\"},\"image\":{\"@id\":\"https:\/\/longchangchemical.com\/#\/schema\/logo\/image\/\"}}]}<\/script>\n<!-- \/ Yoast SEO plugin. -->","yoast_head_json":{"title":"China Uv absorber UV-531 \/ Benzophenone-12 manufacturer Cas 1843-05-6 Supplier - Longchang Chemical","description":"UV-531 peut remplacer Octabenzone;Eversorb 12;Benzophenone-12;BP-12;Chimassorb(R) 81;Chisorb BP-12;Cyasorb UV-531 Light Stabilizer;FENTASORB 531;K.SORB 81;Uvinul 3008;Tinuvin 531,utilis\u00e9 comme absorbeur d'ultraviolets et est le produit cl\u00e9 de Longchang Chemical. Nous sommes le principal fabricant et fournisseur de produits UV en Chine, avec la meilleure qualit\u00e9 et le prix le plus comp\u00e9titif.","robots":{"index":"index","follow":"follow","max-snippet":"max-snippet:-1","max-image-preview":"max-image-preview:large","max-video-preview":"max-video-preview:-1"},"canonical":"https:\/\/longchangchemical.com\/fr\/product\/lcsorb-uv-531-cas-1843-05-6\/","og_locale":"fr_FR","og_type":"article","og_title":"China Uv absorber UV-531 \/ Benzophenone-12 manufacturer Cas 1843-05-6 Supplier - Longchang Chemical","og_description":"UV-531 can replace Octabenzone;Eversorb 12;Benzophenone-12;BP-12;Chimassorb(R) 81;Chisorb BP-12;Cyasorb UV-531 Light Stabilizer;FENTASORB 531;K.SORB 81;Uvinul 3008;Tinuvin 531,used as ultraviolet absorber and is the key product of Longchang Chemical. We are the leading uv material manufacturer and supplier in China with the best quanlity and competitive price.","og_url":"https:\/\/longchangchemical.com\/fr\/product\/lcsorb-uv-531-cas-1843-05-6\/","og_site_name":"Longchang Chemical","article_modified_time":"2026-01-09T09:38:18+00:00","og_image":[{"width":600,"height":600,"url":"https:\/\/longchangchemical.com\/wp-content\/uploads\/2022\/09\/1843-05-6.jpg","type":"image\/jpeg"}],"twitter_card":"summary_large_image","schema":{"@context":"https:\/\/schema.org","@graph":[{"@type":"WebPage","@id":"https:\/\/longchangchemical.com\/product\/lcsorb-uv-531-cas-1843-05-6\/","url":"https:\/\/longchangchemical.com\/product\/lcsorb-uv-531-cas-1843-05-6\/","name":"China Uv absorber UV-531 \/ Benzophenone-12 manufacturer Cas 1843-05-6 Supplier - Longchang Chemical","isPartOf":{"@id":"https:\/\/longchangchemical.com\/#website"},"primaryImageOfPage":{"@id":"https:\/\/longchangchemical.com\/product\/lcsorb-uv-531-cas-1843-05-6\/#primaryimage"},"image":{"@id":"https:\/\/longchangchemical.com\/product\/lcsorb-uv-531-cas-1843-05-6\/#primaryimage"},"thumbnailUrl":"https:\/\/longchangchemical.com\/wp-content\/uploads\/2022\/09\/1843-05-6.jpg","datePublished":"2022-09-05T13:18:09+00:00","dateModified":"2026-01-09T09:38:18+00:00","description":"UV-531 peut remplacer Octabenzone;Eversorb 12;Benzophenone-12;BP-12;Chimassorb(R) 81;Chisorb BP-12;Cyasorb UV-531 Light Stabilizer;FENTASORB 531;K.SORB 81;Uvinul 3008;Tinuvin 531,utilis\u00e9 comme absorbeur d'ultraviolets et est le produit cl\u00e9 de Longchang Chemical. Nous sommes le principal fabricant et fournisseur de produits UV en Chine, avec la meilleure qualit\u00e9 et le prix le plus comp\u00e9titif.","breadcrumb":{"@id":"https:\/\/longchangchemical.com\/product\/lcsorb-uv-531-cas-1843-05-6\/#breadcrumb"},"inLanguage":"fr-FR","potentialAction":[{"@type":"ReadAction","target":["https:\/\/longchangchemical.com\/product\/lcsorb-uv-531-cas-1843-05-6\/"]}]},{"@type":"ImageObject","inLanguage":"fr-FR","@id":"https:\/\/longchangchemical.com\/product\/lcsorb-uv-531-cas-1843-05-6\/#primaryimage","url":"https:\/\/longchangchemical.com\/wp-content\/uploads\/2022\/09\/1843-05-6.jpg","contentUrl":"https:\/\/longchangchemical.com\/wp-content\/uploads\/2022\/09\/1843-05-6.jpg","width":600,"height":600},{"@type":"BreadcrumbList","@id":"https:\/\/longchangchemical.com\/product\/lcsorb-uv-531-cas-1843-05-6\/#breadcrumb","itemListElement":[{"@type":"ListItem","position":1,"name":"Home","item":"https:\/\/longchangchemical.com\/"},{"@type":"ListItem","position":2,"name":"Products Longchang","item":"https:\/\/longchangchemical.com\/product\/"},{"@type":"ListItem","position":3,"name":"UV-531 \/ Benzophenone-12(BP-12) \/ CAS 1843-05-6"}]},{"@type":"WebSite","@id":"https:\/\/longchangchemical.com\/#website","url":"https:\/\/longchangchemical.com\/","name":"Longchang Chemical","description":"Fabricant chinois de produits chimiques \uff06 fournisseur","publisher":{"@id":"https:\/\/longchangchemical.com\/#organization"},"potentialAction":[{"@type":"SearchAction","target":{"@type":"EntryPoint","urlTemplate":"https:\/\/longchangchemical.com\/?s={search_term_string}"},"query-input":{"@type":"PropertyValueSpecification","valueRequired":true,"valueName":"search_term_string"}}],"inLanguage":"fr-FR"},{"@type":"Organization","@id":"https:\/\/longchangchemical.com\/#organization","name":"Longchang Chemical","url":"https:\/\/longchangchemical.com\/","logo":{"@type":"ImageObject","inLanguage":"fr-FR","@id":"https:\/\/longchangchemical.com\/#\/schema\/logo\/image\/","url":"https:\/\/longchangchemical.com\/wp-content\/uploads\/2020\/08\/cropped-longchang-logo.png","contentUrl":"https:\/\/longchangchemical.com\/wp-content\/uploads\/2020\/08\/cropped-longchang-logo.png","width":512,"height":512,"caption":"Longchang Chemical"},"image":{"@id":"https:\/\/longchangchemical.com\/#\/schema\/logo\/image\/"}}]}},"_links":{"self":[{"href":"https:\/\/longchangchemical.com\/fr\/wp-json\/wp\/v2\/product\/5524","targetHints":{"allow":["GET"]}}],"collection":[{"href":"https:\/\/longchangchemical.com\/fr\/wp-json\/wp\/v2\/product"}],"about":[{"href":"https:\/\/longchangchemical.com\/fr\/wp-json\/wp\/v2\/types\/product"}],"replies":[{"embeddable":true,"href":"https:\/\/longchangchemical.com\/fr\/wp-json\/wp\/v2\/comments?post=5524"}],"wp:featuredmedia":[{"embeddable":true,"href":"https:\/\/longchangchemical.com\/fr\/wp-json\/wp\/v2\/media\/7966"}],"wp:attachment":[{"href":"https:\/\/longchangchemical.com\/fr\/wp-json\/wp\/v2\/media?parent=5524"}],"wp:term":[{"taxonomy":"product_brand","embeddable":true,"href":"https:\/\/longchangchemical.com\/fr\/wp-json\/wp\/v2\/product_brand?post=5524"},{"taxonomy":"product_cat","embeddable":true,"href":"https:\/\/longchangchemical.com\/fr\/wp-json\/wp\/v2\/product_cat?post=5524"},{"taxonomy":"product_tag","embeddable":true,"href":"https:\/\/longchangchemical.com\/fr\/wp-json\/wp\/v2\/product_tag?post=5524"}],"curies":[{"name":"wp","href":"https:\/\/api.w.org\/{rel}","templated":true}]}}