{"id":5481,"date":"2022-08-25T14:03:51","date_gmt":"2022-08-25T14:03:51","guid":{"rendered":"https:\/\/longchangchemical.com\/?post_type=product&#038;p=5481"},"modified":"2026-05-08T02:59:45","modified_gmt":"2026-05-08T02:59:45","slug":"sinosurf-slg-cas-29923-31-7","status":"publish","type":"product","link":"https:\/\/longchangchemical.com\/fr\/product\/sinosurf-slg-cas-29923-31-7\/","title":{"rendered":"SLG CAS 29923-31-7"},"content":{"rendered":"<h2><strong>Lauroyl glutamate de sodium CAS 29923-31-7<\/strong><\/h2>\n<table class=\"table-1\" cellspacing=\"0\">\n<tbody>\n<tr>\n<td>Objet<\/td>\n<td>Sp\u00e9cifications<\/td>\n<\/tr>\n<tr>\n<td>Apparence<\/td>\n<td>Blanc ou presque blanc Poudre<\/td>\n<\/tr>\n<tr>\n<td>Identification<\/td>\n<td>IR<\/td>\n<\/tr>\n<tr>\n<td>Perte au s\u00e9chage<\/td>\n<td>\u22643.0\uff05<\/td>\n<\/tr>\n<tr>\n<td>Valeur du pH<\/td>\n<td>5.0-5.5<\/td>\n<\/tr>\n<tr>\n<td>M\u00e9tal lourd<\/td>\n<td>\u226420ppm<\/td>\n<\/tr>\n<tr>\n<td>Essai<\/td>\n<td>\uff1e95%<\/td>\n<\/tr>\n<tr>\n<td>L'eau<\/td>\n<td>\u22645%<\/td>\n<\/tr>\n<tr>\n<td>Valeur acide<\/td>\n<td>120-160mg KOH\/G<\/td>\n<\/tr>\n<tr>\n<td>Cl %<\/td>\n<td>\u22642<\/td>\n<\/tr>\n<tr>\n<td>As(mg\/kg)<\/td>\n<td>\u22642.0ppm<\/td>\n<\/tr>\n<\/tbody>\n<\/table>\n<p>&nbsp;<\/p>\n<p><strong>Lauroyl glutamate de sodium Utilisation<\/strong><\/p>\n<p>Principalement utilis\u00e9 dans les produits de soins capillaires et corporels, tels que le shampoing, le gel douche, le savon liquide, le nettoyant pour le visage et les produits de soins doux pour b\u00e9b\u00e9s.<\/p>\n<p>&nbsp;<\/p>\n<p><strong>Lauroyl glutamate de sodium Emballage et exp\u00e9dition<\/strong><\/p>\n<p>Emballage : 25kg\/sac<\/p>\n<p>Livraison : 5-7 jours apr\u00e8s r\u00e9ception du paiement<\/p>\n<p>&nbsp;<\/p>\n<p><strong>Lauroyl glutamate de sodium Stockage<\/strong><\/p>\n<p>Conserver \u00e0 temp\u00e9rature ambiante.<\/p>\n<h2><strong><b>Contactez-nous d\u00e8s maintenant !<\/b><\/strong><\/h2>\n<h4><strong><b>Si vous avez besoin de COA, MSDS ou TDS, veuillez remplir vos coordonn\u00e9es dans le formulaire ci-dessous, nous vous contacterons g\u00e9n\u00e9ralement dans les 24 heures. Vous pouvez \u00e9galement m'envoyer un courriel <span style=\"color: #0000ff;\"><a style=\"color: #0000ff;\" href=\"mailto:info@longchangchemical.com\">info@longchangchemical.com<\/a><\/span> pendant les heures de travail ( 8:30 am to 6:00 pm UTC+8 Mon.~Sat. ) ou utilisez le chat en direct du site web pour obtenir une r\u00e9ponse rapide.<\/b><\/strong><\/h4>","protected":false},"excerpt":{"rendered":"<p>Nom chimique : Lauroyl glutamate de sodium<\/p>\n<p>Num\u00e9ro CAS : 29923-31-7<\/p>\n<p>Formule mol\u00e9culaire : C17H30NO5.Na<\/p>\n<p>Poids mol\u00e9culaire : 351,42<\/p>\n<p>Aspect : Poudre blanche<\/p>\n<p>Essai : 98%min<\/p>","protected":false},"featured_media":5482,"comment_status":"closed","ping_status":"closed","template":"","meta":[],"product_brand":[],"product_cat":[109],"product_tag":[],"class_list":{"0":"post-5481","1":"product","2":"type-product","3":"status-publish","4":"has-post-thumbnail","6":"product_cat-water-treatment","8":"first","9":"instock","10":"shipping-taxable","11":"product-type-simple"},"yoast_head":"<!-- This site is optimized with the Yoast SEO plugin v25.3.1 - https:\/\/yoast.com\/wordpress\/plugins\/seo\/ -->\n<title>China sodium lauroyl glutamate Manufacturer CAS 29923-31-7 supplier - Longchang Chemical<\/title>\n<meta name=\"description\" content=\"SLG CAS 29923-31-7 is used in industrial processing and formulation applications.\" \/>\n<meta name=\"robots\" content=\"index, follow, max-snippet:-1, max-image-preview:large, max-video-preview:-1\" \/>\n<link rel=\"canonical\" href=\"https:\/\/longchangchemical.com\/fr\/product\/sinosurf-slg-cas-29923-31-7\/\" \/>\n<meta property=\"og:locale\" content=\"fr_FR\" \/>\n<meta property=\"og:type\" content=\"article\" \/>\n<meta property=\"og:title\" content=\"China sodium lauroyl glutamate Manufacturer CAS 29923-31-7 supplier - Longchang Chemical\" \/>\n<meta property=\"og:description\" content=\"SLG CAS 29923-31-7 is used in industrial processing and formulation applications.\" \/>\n<meta property=\"og:url\" content=\"https:\/\/longchangchemical.com\/fr\/product\/sinosurf-slg-cas-29923-31-7\/\" \/>\n<meta property=\"og:site_name\" content=\"Longchang Chemical\" \/>\n<meta property=\"article:modified_time\" content=\"2026-05-08T02:59:45+00:00\" \/>\n<meta property=\"og:image\" content=\"https:\/\/longchangchemical.com\/wp-content\/uploads\/2022\/08\/\u5316\u5b66\u54c1\u5e26logo\u5916\u89c2\u56fe.jpg\" \/>\n\t<meta property=\"og:image:width\" content=\"800\" \/>\n\t<meta property=\"og:image:height\" content=\"800\" \/>\n\t<meta property=\"og:image:type\" content=\"image\/jpeg\" \/>\n<meta name=\"twitter:card\" content=\"summary_large_image\" \/>\n<script type=\"application\/ld+json\" class=\"yoast-schema-graph\">{\"@context\":\"https:\/\/schema.org\",\"@graph\":[{\"@type\":\"WebPage\",\"@id\":\"https:\/\/longchangchemical.com\/product\/sinosurf-slg-cas-29923-31-7\/\",\"url\":\"https:\/\/longchangchemical.com\/product\/sinosurf-slg-cas-29923-31-7\/\",\"name\":\"China sodium lauroyl glutamate Manufacturer CAS 29923-31-7 supplier - Longchang Chemical\",\"isPartOf\":{\"@id\":\"https:\/\/longchangchemical.com\/#website\"},\"primaryImageOfPage\":{\"@id\":\"https:\/\/longchangchemical.com\/product\/sinosurf-slg-cas-29923-31-7\/#primaryimage\"},\"image\":{\"@id\":\"https:\/\/longchangchemical.com\/product\/sinosurf-slg-cas-29923-31-7\/#primaryimage\"},\"thumbnailUrl\":\"https:\/\/longchangchemical.com\/wp-content\/uploads\/2022\/08\/\u5316\u5b66\u54c1\u5e26logo\u5916\u89c2\u56fe.jpg\",\"datePublished\":\"2022-08-25T14:03:51+00:00\",\"dateModified\":\"2026-05-08T02:59:45+00:00\",\"description\":\"SLG CAS 29923-31-7 is used in industrial processing and formulation applications.\",\"breadcrumb\":{\"@id\":\"https:\/\/longchangchemical.com\/product\/sinosurf-slg-cas-29923-31-7\/#breadcrumb\"},\"inLanguage\":\"fr-FR\",\"potentialAction\":[{\"@type\":\"ReadAction\",\"target\":[\"https:\/\/longchangchemical.com\/product\/sinosurf-slg-cas-29923-31-7\/\"]}]},{\"@type\":\"ImageObject\",\"inLanguage\":\"fr-FR\",\"@id\":\"https:\/\/longchangchemical.com\/product\/sinosurf-slg-cas-29923-31-7\/#primaryimage\",\"url\":\"https:\/\/longchangchemical.com\/wp-content\/uploads\/2022\/08\/\u5316\u5b66\u54c1\u5e26logo\u5916\u89c2\u56fe.jpg\",\"contentUrl\":\"https:\/\/longchangchemical.com\/wp-content\/uploads\/2022\/08\/\u5316\u5b66\u54c1\u5e26logo\u5916\u89c2\u56fe.jpg\",\"width\":800,\"height\":800,\"caption\":\"sodium lauroyl glutamate CAS 29923-31-7\"},{\"@type\":\"BreadcrumbList\",\"@id\":\"https:\/\/longchangchemical.com\/product\/sinosurf-slg-cas-29923-31-7\/#breadcrumb\",\"itemListElement\":[{\"@type\":\"ListItem\",\"position\":1,\"name\":\"Home\",\"item\":\"https:\/\/longchangchemical.com\/\"},{\"@type\":\"ListItem\",\"position\":2,\"name\":\"Products Longchang\",\"item\":\"https:\/\/longchangchemical.com\/product\/\"},{\"@type\":\"ListItem\",\"position\":3,\"name\":\"SLG CAS 29923-31-7\"}]},{\"@type\":\"WebSite\",\"@id\":\"https:\/\/longchangchemical.com\/#website\",\"url\":\"https:\/\/longchangchemical.com\/\",\"name\":\"Longchang Chemical\",\"description\":\"China chemical manufacturer \uff06 supplier\",\"publisher\":{\"@id\":\"https:\/\/longchangchemical.com\/#organization\"},\"potentialAction\":[{\"@type\":\"SearchAction\",\"target\":{\"@type\":\"EntryPoint\",\"urlTemplate\":\"https:\/\/longchangchemical.com\/?s={search_term_string}\"},\"query-input\":{\"@type\":\"PropertyValueSpecification\",\"valueRequired\":true,\"valueName\":\"search_term_string\"}}],\"inLanguage\":\"fr-FR\"},{\"@type\":\"Organization\",\"@id\":\"https:\/\/longchangchemical.com\/#organization\",\"name\":\"Longchang Chemical\",\"url\":\"https:\/\/longchangchemical.com\/\",\"logo\":{\"@type\":\"ImageObject\",\"inLanguage\":\"fr-FR\",\"@id\":\"https:\/\/longchangchemical.com\/#\/schema\/logo\/image\/\",\"url\":\"https:\/\/longchangchemical.com\/wp-content\/uploads\/2020\/08\/cropped-longchang-logo.png\",\"contentUrl\":\"https:\/\/longchangchemical.com\/wp-content\/uploads\/2020\/08\/cropped-longchang-logo.png\",\"width\":512,\"height\":512,\"caption\":\"Longchang Chemical\"},\"image\":{\"@id\":\"https:\/\/longchangchemical.com\/#\/schema\/logo\/image\/\"}}]}<\/script>\n<!-- \/ Yoast SEO plugin. -->","yoast_head_json":{"title":"Fournisseur chinois de lauroyl glutamate de sodium CAS 29923-31-7 - Longchang Chemical","description":"SLG CAS 29923-31-7 is used in industrial processing and formulation applications.","robots":{"index":"index","follow":"follow","max-snippet":"max-snippet:-1","max-image-preview":"max-image-preview:large","max-video-preview":"max-video-preview:-1"},"canonical":"https:\/\/longchangchemical.com\/fr\/product\/sinosurf-slg-cas-29923-31-7\/","og_locale":"fr_FR","og_type":"article","og_title":"China sodium lauroyl glutamate Manufacturer CAS 29923-31-7 supplier - Longchang Chemical","og_description":"SLG CAS 29923-31-7 is used in industrial processing and formulation applications.","og_url":"https:\/\/longchangchemical.com\/fr\/product\/sinosurf-slg-cas-29923-31-7\/","og_site_name":"Longchang Chemical","article_modified_time":"2026-05-08T02:59:45+00:00","og_image":[{"width":800,"height":800,"url":"https:\/\/longchangchemical.com\/wp-content\/uploads\/2022\/08\/\u5316\u5b66\u54c1\u5e26logo\u5916\u89c2\u56fe.jpg","type":"image\/jpeg"}],"twitter_card":"summary_large_image","schema":{"@context":"https:\/\/schema.org","@graph":[{"@type":"WebPage","@id":"https:\/\/longchangchemical.com\/product\/sinosurf-slg-cas-29923-31-7\/","url":"https:\/\/longchangchemical.com\/product\/sinosurf-slg-cas-29923-31-7\/","name":"Fournisseur chinois de lauroyl glutamate de sodium CAS 29923-31-7 - Longchang Chemical","isPartOf":{"@id":"https:\/\/longchangchemical.com\/#website"},"primaryImageOfPage":{"@id":"https:\/\/longchangchemical.com\/product\/sinosurf-slg-cas-29923-31-7\/#primaryimage"},"image":{"@id":"https:\/\/longchangchemical.com\/product\/sinosurf-slg-cas-29923-31-7\/#primaryimage"},"thumbnailUrl":"https:\/\/longchangchemical.com\/wp-content\/uploads\/2022\/08\/\u5316\u5b66\u54c1\u5e26logo\u5916\u89c2\u56fe.jpg","datePublished":"2022-08-25T14:03:51+00:00","dateModified":"2026-05-08T02:59:45+00:00","description":"SLG CAS 29923-31-7 is used in industrial processing and formulation applications.","breadcrumb":{"@id":"https:\/\/longchangchemical.com\/product\/sinosurf-slg-cas-29923-31-7\/#breadcrumb"},"inLanguage":"fr-FR","potentialAction":[{"@type":"ReadAction","target":["https:\/\/longchangchemical.com\/product\/sinosurf-slg-cas-29923-31-7\/"]}]},{"@type":"ImageObject","inLanguage":"fr-FR","@id":"https:\/\/longchangchemical.com\/product\/sinosurf-slg-cas-29923-31-7\/#primaryimage","url":"https:\/\/longchangchemical.com\/wp-content\/uploads\/2022\/08\/\u5316\u5b66\u54c1\u5e26logo\u5916\u89c2\u56fe.jpg","contentUrl":"https:\/\/longchangchemical.com\/wp-content\/uploads\/2022\/08\/\u5316\u5b66\u54c1\u5e26logo\u5916\u89c2\u56fe.jpg","width":800,"height":800,"caption":"sodium lauroyl glutamate CAS 29923-31-7"},{"@type":"BreadcrumbList","@id":"https:\/\/longchangchemical.com\/product\/sinosurf-slg-cas-29923-31-7\/#breadcrumb","itemListElement":[{"@type":"ListItem","position":1,"name":"Home","item":"https:\/\/longchangchemical.com\/"},{"@type":"ListItem","position":2,"name":"Products Longchang","item":"https:\/\/longchangchemical.com\/product\/"},{"@type":"ListItem","position":3,"name":"SLG CAS 29923-31-7"}]},{"@type":"WebSite","@id":"https:\/\/longchangchemical.com\/#website","url":"https:\/\/longchangchemical.com\/","name":"Longchang Chemical","description":"Fabricant chinois de produits chimiques \uff06 fournisseur","publisher":{"@id":"https:\/\/longchangchemical.com\/#organization"},"potentialAction":[{"@type":"SearchAction","target":{"@type":"EntryPoint","urlTemplate":"https:\/\/longchangchemical.com\/?s={search_term_string}"},"query-input":{"@type":"PropertyValueSpecification","valueRequired":true,"valueName":"search_term_string"}}],"inLanguage":"fr-FR"},{"@type":"Organization","@id":"https:\/\/longchangchemical.com\/#organization","name":"Longchang Chemical","url":"https:\/\/longchangchemical.com\/","logo":{"@type":"ImageObject","inLanguage":"fr-FR","@id":"https:\/\/longchangchemical.com\/#\/schema\/logo\/image\/","url":"https:\/\/longchangchemical.com\/wp-content\/uploads\/2020\/08\/cropped-longchang-logo.png","contentUrl":"https:\/\/longchangchemical.com\/wp-content\/uploads\/2020\/08\/cropped-longchang-logo.png","width":512,"height":512,"caption":"Longchang Chemical"},"image":{"@id":"https:\/\/longchangchemical.com\/#\/schema\/logo\/image\/"}}]}},"_links":{"self":[{"href":"https:\/\/longchangchemical.com\/fr\/wp-json\/wp\/v2\/product\/5481","targetHints":{"allow":["GET"]}}],"collection":[{"href":"https:\/\/longchangchemical.com\/fr\/wp-json\/wp\/v2\/product"}],"about":[{"href":"https:\/\/longchangchemical.com\/fr\/wp-json\/wp\/v2\/types\/product"}],"replies":[{"embeddable":true,"href":"https:\/\/longchangchemical.com\/fr\/wp-json\/wp\/v2\/comments?post=5481"}],"wp:featuredmedia":[{"embeddable":true,"href":"https:\/\/longchangchemical.com\/fr\/wp-json\/wp\/v2\/media\/5482"}],"wp:attachment":[{"href":"https:\/\/longchangchemical.com\/fr\/wp-json\/wp\/v2\/media?parent=5481"}],"wp:term":[{"taxonomy":"product_brand","embeddable":true,"href":"https:\/\/longchangchemical.com\/fr\/wp-json\/wp\/v2\/product_brand?post=5481"},{"taxonomy":"product_cat","embeddable":true,"href":"https:\/\/longchangchemical.com\/fr\/wp-json\/wp\/v2\/product_cat?post=5481"},{"taxonomy":"product_tag","embeddable":true,"href":"https:\/\/longchangchemical.com\/fr\/wp-json\/wp\/v2\/product_tag?post=5481"}],"curies":[{"name":"wp","href":"https:\/\/api.w.org\/{rel}","templated":true}]}}