{"id":5319,"date":"2022-06-24T12:49:15","date_gmt":"2022-06-24T12:49:15","guid":{"rendered":"https:\/\/longchangchemical.com\/?post_type=product&#038;p=5319"},"modified":"2025-04-01T07:15:10","modified_gmt":"2025-04-01T07:15:10","slug":"uvu6451","status":"publish","type":"product","link":"https:\/\/longchangchemical.com\/fr\/product\/uvu6451\/","title":{"rendered":"CHLUMICRYL\u00ae UVU6451 \/ Pour les encres de vernissage UV des plastiques avanc\u00e9s"},"content":{"rendered":"<h1 class=\"product_title entry-title\"><strong> UVU6451<\/strong><\/h1>\n<p><strong>Ingr\u00e9dient<\/strong>Polyur\u00e9thane t\u00e9traacrylate aliphatique<\/p>\n<div>\n<p><strong>T<\/strong><strong>ype :<\/strong><strong>\u00a0<\/strong>Ester amin\u00e9 aliphatique dur<\/p>\n<p><strong>Formulaire de fourniture :<\/strong><\/p>\n<p>100% R\u00e9sine<\/p>\n<p><strong>Suggestions d'application<\/strong><strong>\u00a0et de la propri\u00e9t\u00e9<\/strong><strong>:<\/strong><\/p>\n<ul>\n<li>Rev\u00eatements et encres photopolym\u00e9risables<\/li>\n<li>Il est utilis\u00e9 dans les rev\u00eatements qui n\u00e9cessitent des propri\u00e9t\u00e9s de durcissement rapide et une excellente r\u00e9sistance \u00e0 l'usure et \u00e0 la duret\u00e9. Il a les caract\u00e9ristiques d'\u00eatre dur et r\u00e9sistant<\/li>\n<li>UVU6451 pr\u00e9sente une excellente adh\u00e9rence \u00e0 une vari\u00e9t\u00e9 de substrats, un anti-jaunissement et une excellente r\u00e9sistance aux intemp\u00e9ries.<\/li>\n<li>Les utilisations recommand\u00e9es sont les suivantes :<\/li>\n<\/ul>\n<p>Rev\u00eatements plastiques avanc\u00e9s - la r\u00e9sine principale des rev\u00eatements comprend le PC, l'ABS, le PMMA et le PVC.<\/p>\n<p>Vernis pour bois de haute qualit\u00e9 -- finition de plancher super r\u00e9sistante \u00e0 l'usure, finition de meubles<\/p>\n<p>Vernis m\u00e9talliques et encres offset<\/p>\n<p><strong>Caract\u00e9ristiques :<\/strong><\/p>\n<table style=\"border-collapse: collapse; width: 287.27pt;\" border=\"0\" width=\"383\" cellspacing=\"0\" cellpadding=\"0\">\n<tbody>\n<tr style=\"height: 27.00pt;\">\n<td class=\"et2\" style=\"height: 27.00pt; width: 131.25pt;\" width=\"175\" height=\"36\">Aspect incolore<\/td>\n<td class=\"et2\" style=\"width: 156.00pt;\" width=\"208\">liquide visqueux transparent<\/td>\n<\/tr>\n<tr style=\"height: 13.50pt;\">\n<td class=\"et2\" style=\"height: 13.50pt; width: 131.25pt;\" width=\"175\" height=\"18\">Viscosit\u00e9 (60\u00b0)<\/td>\n<td class=\"et2\" style=\"width: 156.00pt;\" width=\"208\">30000~40000cps<\/td>\n<\/tr>\n<tr style=\"height: 13.50pt;\">\n<td class=\"et2\" style=\"height: 13.50pt; width: 131.25pt;\" width=\"175\" height=\"18\">Fonctionnalit\u00e9<\/td>\n<td class=\"et2\" style=\"width: 156.00pt;\" width=\"208\">4<\/td>\n<\/tr>\n<tr style=\"height: 13.50pt;\">\n<td class=\"et2\" style=\"height: 13.50pt; width: 131.25pt;\" width=\"175\" height=\"18\">Couleur (fe\/co)<\/td>\n<td class=\"et2\" style=\"width: 156.00pt;\" width=\"208\">0<\/td>\n<\/tr>\n<tr style=\"height: 13.50pt;\">\n<td class=\"et2\" style=\"height: 13.50pt; width: 131.25pt;\" width=\"175\" height=\"18\">NCO% dans<\/td>\n<td class=\"et2\" style=\"width: 156.00pt;\" width=\"208\">0.1<\/td>\n<\/tr>\n<tr style=\"height: 14.25pt;\">\n<td class=\"et4\" style=\"height: 14.25pt; width: 131.25pt;\" width=\"175\" height=\"19\">Gravit\u00e9 sp\u00e9cifique<\/td>\n<td class=\"et5\">1.12<\/td>\n<\/tr>\n<tr style=\"height: 28.50pt;\">\n<td class=\"et4\" style=\"height: 28.50pt; width: 131.25pt;\" width=\"175\" height=\"38\">Poids mol\u00e9culaire moyen<\/td>\n<td class=\"et5\">2000<\/td>\n<\/tr>\n<tr style=\"height: 14.25pt;\">\n<td class=\"et4\" style=\"height: 14.25pt; width: 131.25pt;\" width=\"175\" height=\"19\">Groupe fonctionnel<\/td>\n<td class=\"et5\">4<\/td>\n<\/tr>\n<tr style=\"height: 14.25pt;\">\n<td class=\"et4\" style=\"height: 14.25pt; width: 131.25pt;\" width=\"175\" height=\"19\">Teneur en solides de la r\u00e9sine<\/td>\n<td class=\"et6\">100%<\/td>\n<\/tr>\n<\/tbody>\n<\/table>\n<p><strong>C<\/strong><strong>ompatibilit\u00e9 :<\/strong><\/p>\n<p><strong>\u00a0\u00a0\u00a0\u00a0\u00a0<\/strong>UVU6451 est compl\u00e8tement miscible avec la plupart des diluants r\u00e9actifs, les acrylates \u00e9poxy, les acrylates polyester et les acrylates ur\u00e9thane.<\/p>\n<p><strong>Emballage<\/strong>: 50kg ou 200kg\/tambour.<\/p>\n<p><strong><b>Stockage :<\/b><\/strong><\/p>\n<p>Les produits sont conserv\u00e9s dans un entrep\u00f4t sec, propre et bien ventil\u00e9.<\/p>\n<p>\u00c9viter l'exposition \u00e0 la lumi\u00e8re et \u00e0 la chaleur.<\/p>\n<p>Prot\u00e9ger le produit des fuites, de la pluie et de l'insolation pendant le transport.<\/p>\n<h2><strong><b>Contactez-nous d\u00e8s maintenant !<\/b><\/strong><\/h2>\n<h4><strong><b>Si <\/b><\/strong><strong><b>vous avez besoin d'un prix ou d'un COA, d'une fiche de donn\u00e9es de s\u00e9curit\u00e9 ou d'une fiche technique, veuillez nous contacter. <\/b><\/strong><strong><b>remplissez le formulaire ci-dessous et indiquez que , nous vous contacterons g\u00e9n\u00e9ralement dans les 24 heures. Vous pouvez \u00e9galement m'envoyer un courriel <span style=\"color: #0000ff;\"><a style=\"color: #0000ff;\" href=\"mailto:info@longchangchemical.com\"><span style=\"color: #00ccff;\">info@longchangchemical.com<\/span><\/a><\/span> pendant les heures de travail ( 8:30 am to 6:00 pm UTC+8 Mon.~Sat. ) ou utilisez le chat en direct du site web pour obtenir une r\u00e9ponse rapide.<\/b><\/strong><\/h4>\n<p>&nbsp;<\/p>\n<\/div>","protected":false},"excerpt":{"rendered":"<p>UVU6451 Ingr\u00e9dient:T\u00e9traacrylate de polyur\u00e9thane aliphatique Type : Ester amin\u00e9 aliphatique dur Forme d'approvisionnement : R\u00e9sine 100% Suggestions d'application et propri\u00e9t\u00e9s : Rev\u00eatements et encres photopolym\u00e9risables Il est utilis\u00e9 dans les rev\u00eatements qui n\u00e9cessitent des propri\u00e9t\u00e9s de polym\u00e9risation rapide et une excellente r\u00e9sistance \u00e0 l'usure et \u00e0 la duret\u00e9. Il a les caract\u00e9ristiques d'\u00eatre dur et r\u00e9sistant. UVU6451 a une excellente adh\u00e9rence \u00e0 une vari\u00e9t\u00e9 de substrats, un anti-jaunissement et une excellente [...]<\/p>","protected":false},"featured_media":0,"comment_status":"closed","ping_status":"closed","template":"","meta":[],"product_brand":[],"product_cat":[137],"product_tag":[],"class_list":{"0":"post-5319","1":"product","2":"type-product","3":"status-publish","5":"product_cat-uv-oligomer","7":"first","8":"instock","9":"shipping-taxable","10":"product-type-simple"},"yoast_head":"<!-- This site is optimized with the Yoast SEO plugin v25.3.1 - https:\/\/yoast.com\/wordpress\/plugins\/seo\/ -->\n<title>China CHLUMICRYL\u00ae UVU6451 \/ For advanced plastic UV coating inks Manufacturer - Longchang Chemical<\/title>\n<meta name=\"description\" content=\"CHLUMICRYL\u00ae UVU6451 \/ For advanced plastic UV coating inks is a key product of Longchang Chemical. We provide the best price. We are the leading manufacturer in China with the best quality and competitive price.\" \/>\n<meta name=\"robots\" content=\"index, follow, max-snippet:-1, max-image-preview:large, max-video-preview:-1\" \/>\n<link rel=\"canonical\" href=\"https:\/\/longchangchemical.com\/fr\/product\/uvu6451\/\" \/>\n<meta property=\"og:locale\" content=\"fr_FR\" \/>\n<meta property=\"og:type\" content=\"article\" \/>\n<meta property=\"og:title\" content=\"China CHLUMICRYL\u00ae UVU6451 \/ For advanced plastic UV coating inks Manufacturer - Longchang Chemical\" \/>\n<meta property=\"og:description\" content=\"CHLUMICRYL\u00ae UVU6451 \/ For advanced plastic UV coating inks is a key product of Longchang Chemical. We provide the best price. We are the leading manufacturer in China with the best quality and competitive price.\" \/>\n<meta property=\"og:url\" content=\"https:\/\/longchangchemical.com\/fr\/product\/uvu6451\/\" \/>\n<meta property=\"og:site_name\" content=\"Longchang Chemical\" \/>\n<meta property=\"article:modified_time\" content=\"2025-04-01T07:15:10+00:00\" \/>\n<meta property=\"og:image\" content=\"https:\/\/longchangchemical.com\/wp-content\/uploads\/2024\/02\/logo-jpeg.jpg\" \/>\n\t<meta property=\"og:image:width\" content=\"1000\" \/>\n\t<meta property=\"og:image:height\" content=\"1000\" \/>\n\t<meta property=\"og:image:type\" content=\"image\/jpeg\" \/>\n<meta name=\"twitter:card\" content=\"summary_large_image\" \/>\n<script type=\"application\/ld+json\" class=\"yoast-schema-graph\">{\"@context\":\"https:\/\/schema.org\",\"@graph\":[{\"@type\":\"WebPage\",\"@id\":\"https:\/\/longchangchemical.com\/product\/uvu6451\/\",\"url\":\"https:\/\/longchangchemical.com\/product\/uvu6451\/\",\"name\":\"China CHLUMICRYL\u00ae UVU6451 \/ For advanced plastic UV coating inks Manufacturer - Longchang Chemical\",\"isPartOf\":{\"@id\":\"https:\/\/longchangchemical.com\/#website\"},\"datePublished\":\"2022-06-24T12:49:15+00:00\",\"dateModified\":\"2025-04-01T07:15:10+00:00\",\"description\":\"CHLUMICRYL\u00ae UVU6451 \/ For advanced plastic UV coating inks is a key product of Longchang Chemical. We provide the best price. We are the leading manufacturer in China with the best quality and competitive price.\",\"breadcrumb\":{\"@id\":\"https:\/\/longchangchemical.com\/product\/uvu6451\/#breadcrumb\"},\"inLanguage\":\"fr-FR\",\"potentialAction\":[{\"@type\":\"ReadAction\",\"target\":[\"https:\/\/longchangchemical.com\/product\/uvu6451\/\"]}]},{\"@type\":\"BreadcrumbList\",\"@id\":\"https:\/\/longchangchemical.com\/product\/uvu6451\/#breadcrumb\",\"itemListElement\":[{\"@type\":\"ListItem\",\"position\":1,\"name\":\"Home\",\"item\":\"https:\/\/longchangchemical.com\/\"},{\"@type\":\"ListItem\",\"position\":2,\"name\":\"Products Longchang\",\"item\":\"https:\/\/longchangchemical.com\/product\/\"},{\"@type\":\"ListItem\",\"position\":3,\"name\":\"CHLUMICRYL\u00ae UVU6451 \/ For advanced plastic UV coating inks\"}]},{\"@type\":\"WebSite\",\"@id\":\"https:\/\/longchangchemical.com\/#website\",\"url\":\"https:\/\/longchangchemical.com\/\",\"name\":\"Longchang Chemical\",\"description\":\"China chemical manufacturer \uff06 supplier\",\"publisher\":{\"@id\":\"https:\/\/longchangchemical.com\/#organization\"},\"potentialAction\":[{\"@type\":\"SearchAction\",\"target\":{\"@type\":\"EntryPoint\",\"urlTemplate\":\"https:\/\/longchangchemical.com\/?s={search_term_string}\"},\"query-input\":{\"@type\":\"PropertyValueSpecification\",\"valueRequired\":true,\"valueName\":\"search_term_string\"}}],\"inLanguage\":\"fr-FR\"},{\"@type\":\"Organization\",\"@id\":\"https:\/\/longchangchemical.com\/#organization\",\"name\":\"Longchang Chemical\",\"url\":\"https:\/\/longchangchemical.com\/\",\"logo\":{\"@type\":\"ImageObject\",\"inLanguage\":\"fr-FR\",\"@id\":\"https:\/\/longchangchemical.com\/#\/schema\/logo\/image\/\",\"url\":\"https:\/\/longchangchemical.com\/wp-content\/uploads\/2020\/08\/cropped-longchang-logo.png\",\"contentUrl\":\"https:\/\/longchangchemical.com\/wp-content\/uploads\/2020\/08\/cropped-longchang-logo.png\",\"width\":512,\"height\":512,\"caption\":\"Longchang Chemical\"},\"image\":{\"@id\":\"https:\/\/longchangchemical.com\/#\/schema\/logo\/image\/\"}}]}<\/script>\n<!-- \/ Yoast SEO plugin. -->","yoast_head_json":{"title":"CHLUMICRYL\u00ae UVU6451 \/ Pour les encres de vernis UV de plastique avanc\u00e9 - Longchang Chemical","description":"CHLUMICRYL\u00ae UVU6451 \/ Pour les encres de rev\u00eatement UV des plastiques avanc\u00e9s est un produit cl\u00e9 de Longchang Chemical. Nous fournissons le meilleur prix. Nous sommes le premier fabricant en Chine avec la meilleure qualit\u00e9 et un prix comp\u00e9titif.","robots":{"index":"index","follow":"follow","max-snippet":"max-snippet:-1","max-image-preview":"max-image-preview:large","max-video-preview":"max-video-preview:-1"},"canonical":"https:\/\/longchangchemical.com\/fr\/product\/uvu6451\/","og_locale":"fr_FR","og_type":"article","og_title":"China CHLUMICRYL\u00ae UVU6451 \/ For advanced plastic UV coating inks Manufacturer - Longchang Chemical","og_description":"CHLUMICRYL\u00ae UVU6451 \/ For advanced plastic UV coating inks is a key product of Longchang Chemical. We provide the best price. We are the leading manufacturer in China with the best quality and competitive price.","og_url":"https:\/\/longchangchemical.com\/fr\/product\/uvu6451\/","og_site_name":"Longchang Chemical","article_modified_time":"2025-04-01T07:15:10+00:00","og_image":[{"width":1000,"height":1000,"url":"https:\/\/longchangchemical.com\/wp-content\/uploads\/2024\/02\/logo-jpeg.jpg","type":"image\/jpeg"}],"twitter_card":"summary_large_image","schema":{"@context":"https:\/\/schema.org","@graph":[{"@type":"WebPage","@id":"https:\/\/longchangchemical.com\/product\/uvu6451\/","url":"https:\/\/longchangchemical.com\/product\/uvu6451\/","name":"CHLUMICRYL\u00ae UVU6451 \/ Pour les encres de vernis UV de plastique avanc\u00e9 - Longchang Chemical","isPartOf":{"@id":"https:\/\/longchangchemical.com\/#website"},"datePublished":"2022-06-24T12:49:15+00:00","dateModified":"2025-04-01T07:15:10+00:00","description":"CHLUMICRYL\u00ae UVU6451 \/ Pour les encres de rev\u00eatement UV des plastiques avanc\u00e9s est un produit cl\u00e9 de Longchang Chemical. Nous fournissons le meilleur prix. Nous sommes le premier fabricant en Chine avec la meilleure qualit\u00e9 et un prix comp\u00e9titif.","breadcrumb":{"@id":"https:\/\/longchangchemical.com\/product\/uvu6451\/#breadcrumb"},"inLanguage":"fr-FR","potentialAction":[{"@type":"ReadAction","target":["https:\/\/longchangchemical.com\/product\/uvu6451\/"]}]},{"@type":"BreadcrumbList","@id":"https:\/\/longchangchemical.com\/product\/uvu6451\/#breadcrumb","itemListElement":[{"@type":"ListItem","position":1,"name":"Home","item":"https:\/\/longchangchemical.com\/"},{"@type":"ListItem","position":2,"name":"Products Longchang","item":"https:\/\/longchangchemical.com\/product\/"},{"@type":"ListItem","position":3,"name":"CHLUMICRYL\u00ae UVU6451 \/ For advanced plastic UV coating inks"}]},{"@type":"WebSite","@id":"https:\/\/longchangchemical.com\/#website","url":"https:\/\/longchangchemical.com\/","name":"Longchang Chemical","description":"Fabricant chinois de produits chimiques \uff06 fournisseur","publisher":{"@id":"https:\/\/longchangchemical.com\/#organization"},"potentialAction":[{"@type":"SearchAction","target":{"@type":"EntryPoint","urlTemplate":"https:\/\/longchangchemical.com\/?s={search_term_string}"},"query-input":{"@type":"PropertyValueSpecification","valueRequired":true,"valueName":"search_term_string"}}],"inLanguage":"fr-FR"},{"@type":"Organization","@id":"https:\/\/longchangchemical.com\/#organization","name":"Longchang Chemical","url":"https:\/\/longchangchemical.com\/","logo":{"@type":"ImageObject","inLanguage":"fr-FR","@id":"https:\/\/longchangchemical.com\/#\/schema\/logo\/image\/","url":"https:\/\/longchangchemical.com\/wp-content\/uploads\/2020\/08\/cropped-longchang-logo.png","contentUrl":"https:\/\/longchangchemical.com\/wp-content\/uploads\/2020\/08\/cropped-longchang-logo.png","width":512,"height":512,"caption":"Longchang Chemical"},"image":{"@id":"https:\/\/longchangchemical.com\/#\/schema\/logo\/image\/"}}]}},"_links":{"self":[{"href":"https:\/\/longchangchemical.com\/fr\/wp-json\/wp\/v2\/product\/5319","targetHints":{"allow":["GET"]}}],"collection":[{"href":"https:\/\/longchangchemical.com\/fr\/wp-json\/wp\/v2\/product"}],"about":[{"href":"https:\/\/longchangchemical.com\/fr\/wp-json\/wp\/v2\/types\/product"}],"replies":[{"embeddable":true,"href":"https:\/\/longchangchemical.com\/fr\/wp-json\/wp\/v2\/comments?post=5319"}],"wp:attachment":[{"href":"https:\/\/longchangchemical.com\/fr\/wp-json\/wp\/v2\/media?parent=5319"}],"wp:term":[{"taxonomy":"product_brand","embeddable":true,"href":"https:\/\/longchangchemical.com\/fr\/wp-json\/wp\/v2\/product_brand?post=5319"},{"taxonomy":"product_cat","embeddable":true,"href":"https:\/\/longchangchemical.com\/fr\/wp-json\/wp\/v2\/product_cat?post=5319"},{"taxonomy":"product_tag","embeddable":true,"href":"https:\/\/longchangchemical.com\/fr\/wp-json\/wp\/v2\/product_tag?post=5319"}],"curies":[{"name":"wp","href":"https:\/\/api.w.org\/{rel}","templated":true}]}}