{"id":5308,"date":"2022-06-17T14:15:55","date_gmt":"2022-06-17T14:15:55","guid":{"rendered":"https:\/\/longchangchemical.com\/?post_type=product&#038;p=5308"},"modified":"2025-04-01T07:15:24","modified_gmt":"2025-04-01T07:15:24","slug":"uvu6305","status":"publish","type":"product","link":"https:\/\/longchangchemical.com\/fr\/product\/uvu6305\/","title":{"rendered":"CHLUMICRYL\u00ae UVU6305 \/ Triacrylate de polyur\u00e9thane aliphatique"},"content":{"rendered":"<h1 class=\"product_title entry-title\"><strong> UVU6305<\/strong><\/h1>\n<p><strong>Ingr\u00e9dient<\/strong>Triacrylate d'ur\u00e9thane aliphatique<\/p>\n<div>\n<p><strong>Les types<\/strong>\u00a0:Ester amin\u00e9 aliphatique dur<\/p>\n<p><strong>Formulaire de fourniture<\/strong>:   100% R\u00e9sine<\/p>\n<p><strong>Suggestions d'application<\/strong><strong>\u00a0et de la propri\u00e9t\u00e9<\/strong><strong>:<\/strong><\/p>\n<ul>\n<li>Rev\u00eatements et encres photopolym\u00e9risables<\/li>\n<li>Utilis\u00e9 dans les rev\u00eatements qui n\u00e9cessitent un durcissement rapide ainsi qu'une brillance et une duret\u00e9 exceptionnelles.<\/li>\n<li>UVU6305 pr\u00e9sente une excellente adh\u00e9rence \u00e0 une vari\u00e9t\u00e9 de substrats, une r\u00e9sistance \u00e0 l'abrasion et une excellente r\u00e9sistance au jaunissement.<\/li>\n<li>Les utilisations recommand\u00e9es sont les suivantes :<\/li>\n<\/ul>\n<p><em><i>Rev\u00eatements plastiques de haute qualit\u00e9 - la r\u00e9sine principale des rev\u00eatements comprend le PC, l'ABS, le PMMA et le PVC.<\/i><\/em><\/p>\n<p><em><i>Peinture de finition pour bois de haute qualit\u00e9 - finition de plancher super r\u00e9sistante \u00e0 l'usure, finition de meubles<\/i><\/em><\/p>\n<p><em><i>Vernis de finition m\u00e9tallique et encre d'impression offset<\/i><\/em><\/p>\n<p><strong>Caract\u00e9ristiques :<\/strong><\/p>\n<table>\n<tbody>\n<tr>\n<td width=\"245\">Aspect incolore<\/td>\n<td width=\"357\">Liquide visqueux transparent incolore<\/td>\n<\/tr>\n<tr>\n<td width=\"245\">Viscosit\u00e9 (60\u00b0)<\/td>\n<td width=\"357\">18000~28000cps<\/td>\n<\/tr>\n<tr>\n<td width=\"245\">Fonctionnalit\u00e9<\/td>\n<td width=\"357\">3<\/td>\n<\/tr>\n<tr>\n<td width=\"245\">Couleur (fe\/co)<\/td>\n<td width=\"357\">0<\/td>\n<\/tr>\n<tr>\n<td width=\"245\">NCO% dans<\/td>\n<td width=\"357\">0.1<\/td>\n<\/tr>\n<\/tbody>\n<\/table>\n<p><strong>\u00a0<\/strong><strong>C<\/strong><strong>ompatibilit\u00e9 :<\/strong><\/p>\n<p><strong>\u00a0\u00a0\u00a0\u00a0\u00a0<\/strong>UVU6305 est compl\u00e8tement miscible avec la plupart des diluants r\u00e9actifs, l'acrylate d'\u00e9poxy, l'acrylate de polyester et l'acrylate d'ur\u00e9thane.<\/p>\n<p><strong>Emballage<\/strong>: 50kg ou 200kg\/tambour.<\/p>\n<p><strong><b>Stockage :<\/b><\/strong><\/p>\n<p>Les produits sont conserv\u00e9s dans un entrep\u00f4t sec, propre et bien ventil\u00e9.<\/p>\n<p>\u00c9viter l'exposition \u00e0 la lumi\u00e8re et \u00e0 la chaleur.<\/p>\n<p>Prot\u00e9ger le produit des fuites, de la pluie et de l'insolation pendant le transport.<\/p>\n<h2><strong><b>Contactez-nous d\u00e8s maintenant !<\/b><\/strong><\/h2>\n<h4><strong><b>Si <\/b><\/strong><strong><b>vous avez besoin d'un prix ou d'un COA, d'une fiche de donn\u00e9es de s\u00e9curit\u00e9 ou d'une fiche technique, veuillez nous contacter. <\/b><\/strong><strong><b>remplissez le formulaire ci-dessous et indiquez que , nous vous contacterons g\u00e9n\u00e9ralement dans les 24 heures. Vous pouvez \u00e9galement m'envoyer un courriel <span style=\"color: #0000ff;\"><a style=\"color: #0000ff;\" href=\"mailto:info@longchangchemical.com\"><span style=\"color: #00ccff;\">info@longchangchemical.com<\/span><\/a><\/span> pendant les heures de travail ( 8:30 am to 6:00 pm UTC+8 Mon.~Sat. ) ou utilisez le chat en direct du site web pour obtenir une r\u00e9ponse rapide.<\/b><\/strong><\/h4>\n<\/div>","protected":false},"excerpt":{"rendered":"<p>UVU6305 Ingr\u00e9dient:Triacrylate d'ur\u00e9thane aliphatique Types:Ester amin\u00e9 aliphatique dur Forme d'approvisionnement :   R\u00e9sine 100% Suggestions d'application et propri\u00e9t\u00e9s : Rev\u00eatements et encres photopolym\u00e9risables Utilis\u00e9 dans les rev\u00eatements qui n\u00e9cessitent un durcissement rapide et une brillance et une duret\u00e9 exceptionnelles L'UVU6305 poss\u00e8de une adh\u00e9rence exceptionnelle \u00e0 une vari\u00e9t\u00e9 de substrats, une r\u00e9sistance \u00e0 l'abrasion et une r\u00e9sistance exceptionnelle au jaunissement : Plastique de haute qualit\u00e9 [...]<\/p>","protected":false},"featured_media":0,"comment_status":"closed","ping_status":"closed","template":"","meta":[],"product_brand":[],"product_cat":[137],"product_tag":[],"class_list":{"0":"post-5308","1":"product","2":"type-product","3":"status-publish","5":"product_cat-uv-oligomer","7":"first","8":"instock","9":"shipping-taxable","10":"product-type-simple"},"yoast_head":"<!-- This site is optimized with the Yoast SEO plugin v25.3.1 - https:\/\/yoast.com\/wordpress\/plugins\/seo\/ -->\n<title>China CHLUMICRYL\u00ae UVU6305 \/ Aliphatic polyurethane triacrylate Manufacturer - Longchang Chemical<\/title>\n<meta name=\"description\" content=\"CHLUMICRYL\u00ae UVU6305 \/ Aliphatic polyurethane triacrylate is a key product of Longchang Chemical. We provide the best price. We are the leading manufacturer in China with the best quality and competitive price.\" \/>\n<meta name=\"robots\" content=\"index, follow, max-snippet:-1, max-image-preview:large, max-video-preview:-1\" \/>\n<link rel=\"canonical\" href=\"https:\/\/longchangchemical.com\/fr\/product\/uvu6305\/\" \/>\n<meta property=\"og:locale\" content=\"fr_FR\" \/>\n<meta property=\"og:type\" content=\"article\" \/>\n<meta property=\"og:title\" content=\"China CHLUMICRYL\u00ae UVU6305 \/ Aliphatic polyurethane triacrylate Manufacturer - Longchang Chemical\" \/>\n<meta property=\"og:description\" content=\"CHLUMICRYL\u00ae UVU6305 \/ Aliphatic polyurethane triacrylate is a key product of Longchang Chemical. We provide the best price. We are the leading manufacturer in China with the best quality and competitive price.\" \/>\n<meta property=\"og:url\" content=\"https:\/\/longchangchemical.com\/fr\/product\/uvu6305\/\" \/>\n<meta property=\"og:site_name\" content=\"Longchang Chemical\" \/>\n<meta property=\"article:modified_time\" content=\"2025-04-01T07:15:24+00:00\" \/>\n<meta property=\"og:image\" content=\"https:\/\/longchangchemical.com\/wp-content\/uploads\/2024\/02\/logo-jpeg.jpg\" \/>\n\t<meta property=\"og:image:width\" content=\"1000\" \/>\n\t<meta property=\"og:image:height\" content=\"1000\" \/>\n\t<meta property=\"og:image:type\" content=\"image\/jpeg\" \/>\n<meta name=\"twitter:card\" content=\"summary_large_image\" \/>\n<script type=\"application\/ld+json\" class=\"yoast-schema-graph\">{\"@context\":\"https:\/\/schema.org\",\"@graph\":[{\"@type\":\"WebPage\",\"@id\":\"https:\/\/longchangchemical.com\/product\/uvu6305\/\",\"url\":\"https:\/\/longchangchemical.com\/product\/uvu6305\/\",\"name\":\"China CHLUMICRYL\u00ae UVU6305 \/ Aliphatic polyurethane triacrylate Manufacturer - Longchang Chemical\",\"isPartOf\":{\"@id\":\"https:\/\/longchangchemical.com\/#website\"},\"datePublished\":\"2022-06-17T14:15:55+00:00\",\"dateModified\":\"2025-04-01T07:15:24+00:00\",\"description\":\"CHLUMICRYL\u00ae UVU6305 \/ Aliphatic polyurethane triacrylate is a key product of Longchang Chemical. We provide the best price. We are the leading manufacturer in China with the best quality and competitive price.\",\"breadcrumb\":{\"@id\":\"https:\/\/longchangchemical.com\/product\/uvu6305\/#breadcrumb\"},\"inLanguage\":\"fr-FR\",\"potentialAction\":[{\"@type\":\"ReadAction\",\"target\":[\"https:\/\/longchangchemical.com\/product\/uvu6305\/\"]}]},{\"@type\":\"BreadcrumbList\",\"@id\":\"https:\/\/longchangchemical.com\/product\/uvu6305\/#breadcrumb\",\"itemListElement\":[{\"@type\":\"ListItem\",\"position\":1,\"name\":\"Home\",\"item\":\"https:\/\/longchangchemical.com\/\"},{\"@type\":\"ListItem\",\"position\":2,\"name\":\"Products Longchang\",\"item\":\"https:\/\/longchangchemical.com\/product\/\"},{\"@type\":\"ListItem\",\"position\":3,\"name\":\"CHLUMICRYL\u00ae UVU6305 \/ Aliphatic polyurethane triacrylate\"}]},{\"@type\":\"WebSite\",\"@id\":\"https:\/\/longchangchemical.com\/#website\",\"url\":\"https:\/\/longchangchemical.com\/\",\"name\":\"Longchang Chemical\",\"description\":\"China chemical manufacturer \uff06 supplier\",\"publisher\":{\"@id\":\"https:\/\/longchangchemical.com\/#organization\"},\"potentialAction\":[{\"@type\":\"SearchAction\",\"target\":{\"@type\":\"EntryPoint\",\"urlTemplate\":\"https:\/\/longchangchemical.com\/?s={search_term_string}\"},\"query-input\":{\"@type\":\"PropertyValueSpecification\",\"valueRequired\":true,\"valueName\":\"search_term_string\"}}],\"inLanguage\":\"fr-FR\"},{\"@type\":\"Organization\",\"@id\":\"https:\/\/longchangchemical.com\/#organization\",\"name\":\"Longchang Chemical\",\"url\":\"https:\/\/longchangchemical.com\/\",\"logo\":{\"@type\":\"ImageObject\",\"inLanguage\":\"fr-FR\",\"@id\":\"https:\/\/longchangchemical.com\/#\/schema\/logo\/image\/\",\"url\":\"https:\/\/longchangchemical.com\/wp-content\/uploads\/2020\/08\/cropped-longchang-logo.png\",\"contentUrl\":\"https:\/\/longchangchemical.com\/wp-content\/uploads\/2020\/08\/cropped-longchang-logo.png\",\"width\":512,\"height\":512,\"caption\":\"Longchang Chemical\"},\"image\":{\"@id\":\"https:\/\/longchangchemical.com\/#\/schema\/logo\/image\/\"}}]}<\/script>\n<!-- \/ Yoast SEO plugin. -->","yoast_head_json":{"title":"CHLUMICRYL\u00ae UVU6305 \/ Triacrylate de polyur\u00e9thane aliphatique - Longchang Chemical","description":"CHLUMICRYL\u00ae UVU6305 \/ Aliphatic polyurethane triacrylate est un produit cl\u00e9 de Longchang Chemical. Nous fournissons le meilleur prix. Nous sommes le premier fabricant en Chine avec la meilleure qualit\u00e9 et le prix le plus comp\u00e9titif.","robots":{"index":"index","follow":"follow","max-snippet":"max-snippet:-1","max-image-preview":"max-image-preview:large","max-video-preview":"max-video-preview:-1"},"canonical":"https:\/\/longchangchemical.com\/fr\/product\/uvu6305\/","og_locale":"fr_FR","og_type":"article","og_title":"China CHLUMICRYL\u00ae UVU6305 \/ Aliphatic polyurethane triacrylate Manufacturer - Longchang Chemical","og_description":"CHLUMICRYL\u00ae UVU6305 \/ Aliphatic polyurethane triacrylate is a key product of Longchang Chemical. We provide the best price. We are the leading manufacturer in China with the best quality and competitive price.","og_url":"https:\/\/longchangchemical.com\/fr\/product\/uvu6305\/","og_site_name":"Longchang Chemical","article_modified_time":"2025-04-01T07:15:24+00:00","og_image":[{"width":1000,"height":1000,"url":"https:\/\/longchangchemical.com\/wp-content\/uploads\/2024\/02\/logo-jpeg.jpg","type":"image\/jpeg"}],"twitter_card":"summary_large_image","schema":{"@context":"https:\/\/schema.org","@graph":[{"@type":"WebPage","@id":"https:\/\/longchangchemical.com\/product\/uvu6305\/","url":"https:\/\/longchangchemical.com\/product\/uvu6305\/","name":"CHLUMICRYL\u00ae UVU6305 \/ Triacrylate de polyur\u00e9thane aliphatique - Longchang Chemical","isPartOf":{"@id":"https:\/\/longchangchemical.com\/#website"},"datePublished":"2022-06-17T14:15:55+00:00","dateModified":"2025-04-01T07:15:24+00:00","description":"CHLUMICRYL\u00ae UVU6305 \/ Aliphatic polyurethane triacrylate est un produit cl\u00e9 de Longchang Chemical. Nous fournissons le meilleur prix. Nous sommes le premier fabricant en Chine avec la meilleure qualit\u00e9 et le prix le plus comp\u00e9titif.","breadcrumb":{"@id":"https:\/\/longchangchemical.com\/product\/uvu6305\/#breadcrumb"},"inLanguage":"fr-FR","potentialAction":[{"@type":"ReadAction","target":["https:\/\/longchangchemical.com\/product\/uvu6305\/"]}]},{"@type":"BreadcrumbList","@id":"https:\/\/longchangchemical.com\/product\/uvu6305\/#breadcrumb","itemListElement":[{"@type":"ListItem","position":1,"name":"Home","item":"https:\/\/longchangchemical.com\/"},{"@type":"ListItem","position":2,"name":"Products Longchang","item":"https:\/\/longchangchemical.com\/product\/"},{"@type":"ListItem","position":3,"name":"CHLUMICRYL\u00ae UVU6305 \/ Aliphatic polyurethane triacrylate"}]},{"@type":"WebSite","@id":"https:\/\/longchangchemical.com\/#website","url":"https:\/\/longchangchemical.com\/","name":"Longchang Chemical","description":"Fabricant chinois de produits chimiques \uff06 fournisseur","publisher":{"@id":"https:\/\/longchangchemical.com\/#organization"},"potentialAction":[{"@type":"SearchAction","target":{"@type":"EntryPoint","urlTemplate":"https:\/\/longchangchemical.com\/?s={search_term_string}"},"query-input":{"@type":"PropertyValueSpecification","valueRequired":true,"valueName":"search_term_string"}}],"inLanguage":"fr-FR"},{"@type":"Organization","@id":"https:\/\/longchangchemical.com\/#organization","name":"Longchang Chemical","url":"https:\/\/longchangchemical.com\/","logo":{"@type":"ImageObject","inLanguage":"fr-FR","@id":"https:\/\/longchangchemical.com\/#\/schema\/logo\/image\/","url":"https:\/\/longchangchemical.com\/wp-content\/uploads\/2020\/08\/cropped-longchang-logo.png","contentUrl":"https:\/\/longchangchemical.com\/wp-content\/uploads\/2020\/08\/cropped-longchang-logo.png","width":512,"height":512,"caption":"Longchang Chemical"},"image":{"@id":"https:\/\/longchangchemical.com\/#\/schema\/logo\/image\/"}}]}},"_links":{"self":[{"href":"https:\/\/longchangchemical.com\/fr\/wp-json\/wp\/v2\/product\/5308","targetHints":{"allow":["GET"]}}],"collection":[{"href":"https:\/\/longchangchemical.com\/fr\/wp-json\/wp\/v2\/product"}],"about":[{"href":"https:\/\/longchangchemical.com\/fr\/wp-json\/wp\/v2\/types\/product"}],"replies":[{"embeddable":true,"href":"https:\/\/longchangchemical.com\/fr\/wp-json\/wp\/v2\/comments?post=5308"}],"wp:attachment":[{"href":"https:\/\/longchangchemical.com\/fr\/wp-json\/wp\/v2\/media?parent=5308"}],"wp:term":[{"taxonomy":"product_brand","embeddable":true,"href":"https:\/\/longchangchemical.com\/fr\/wp-json\/wp\/v2\/product_brand?post=5308"},{"taxonomy":"product_cat","embeddable":true,"href":"https:\/\/longchangchemical.com\/fr\/wp-json\/wp\/v2\/product_cat?post=5308"},{"taxonomy":"product_tag","embeddable":true,"href":"https:\/\/longchangchemical.com\/fr\/wp-json\/wp\/v2\/product_tag?post=5308"}],"curies":[{"name":"wp","href":"https:\/\/api.w.org\/{rel}","templated":true}]}}