{"id":5281,"date":"2022-06-08T12:49:34","date_gmt":"2022-06-08T12:49:34","guid":{"rendered":"https:\/\/longchangchemical.com\/?post_type=product&#038;p=5281"},"modified":"2026-05-08T02:59:43","modified_gmt":"2026-05-08T02:59:43","slug":"uvj7004","status":"publish","type":"product","link":"https:\/\/longchangchemical.com\/fr\/product\/uvj7004\/","title":{"rendered":"CHLUMICRYL\u00ae UVJ7004 \/ R\u00e9sine de vernis \u00e0 ongles de phototh\u00e9rapie \/ Base Coat Mati\u00e8re premi\u00e8re"},"content":{"rendered":"<h2><strong> UVJ7004<\/strong><\/h2>\n<p><strong>Ingr\u00e9dient<\/strong>Phototh\u00e9rapie R\u00e9sine de vernis \u00e0 ongles<\/p>\n<div>\n<p><strong>T<\/strong><strong>ype :<\/strong>\u00a0Acrylate modifi\u00e9 par du polyur\u00e9thane<\/p>\n<p><strong>Suggestions d'application<\/strong><strong>\u00a0et de la propri\u00e9t\u00e9<\/strong><strong>:<\/strong><\/p>\n<ul>\n<li>Bon mouillage des pigments<\/li>\n<li>L'irritation de la peau est minime.<\/li>\n<li>Bonne adh\u00e9rence aux ongles<\/li>\n<li>Les utilisations recommand\u00e9es sont les suivantes :<\/li>\n<\/ul>\n<p><em><i>La r\u00e9sine principale de la colle pour vernis \u00e0 ongles photopolym\u00e9risable est principalement utilis\u00e9e pour la couche de base et la couche interm\u00e9diaire, et peut \u00e9galement \u00eatre utilis\u00e9e pour fabriquer des ongles allong\u00e9s. Le film de vernis pr\u00e9sente une grande transparence et une r\u00e9sistance exceptionnelle. Dosage sugg\u00e9r\u00e9 : 40-90%.<\/i><\/em><\/p>\n<p><strong>Notre propre marque a d\u00e9velopp\u00e9 une couche de base : <a href=\"https:\/\/chromeclair.com\/product\/base-coat-10ml-hema-free-tpo-free\/\"><span style=\"color: #00ccff;\">CHROM\u00c9CLAIR Base Coat<\/span><\/a><\/strong><\/p>\n<p><strong>Caract\u00e9ristiques :<\/strong><\/p>\n<table>\n<tbody>\n<tr>\n<td width=\"370\">Aspect incolore<\/td>\n<td width=\"293\">Liquide visqueux transparent<\/td>\n<\/tr>\n<tr>\n<td width=\"370\">Viscosit\u00e9 (40\u2103)<\/td>\n<td width=\"293\">60000-100000 mPa*s<\/td>\n<\/tr>\n<tr>\n<td width=\"370\">Couleur (fe\/co)<\/td>\n<td width=\"293\">\u00a00<\/td>\n<\/tr>\n<\/tbody>\n<\/table>\n<p><strong>Emballage<\/strong>: 50kg ou 200kg\/tambour.<\/p>\n<p><strong><b>Stockage :<\/b><\/strong><\/p>\n<p>Les produits sont conserv\u00e9s dans un entrep\u00f4t sec, propre et bien ventil\u00e9.<\/p>\n<p>\u00c9viter l'exposition \u00e0 la lumi\u00e8re et \u00e0 la chaleur.<\/p>\n<p>Prot\u00e9ger le produit des fuites, de la pluie et de l'insolation pendant le transport.<\/p>\n<\/div>\n<h2><strong><b>Contactez-nous d\u00e8s maintenant !<\/b><\/strong><\/h2>\n<h4><strong><b>Si <\/b><\/strong><strong><b>vous avez besoin d'un prix ou d'un COA, d'une fiche de donn\u00e9es de s\u00e9curit\u00e9 ou d'une fiche technique, veuillez nous contacter. <\/b><\/strong><strong><b>remplissez le formulaire ci-dessous et indiquez que , nous vous contacterons g\u00e9n\u00e9ralement dans les 24 heures. Vous pouvez \u00e9galement m'envoyer un courriel <span style=\"color: #0000ff;\"><a style=\"color: #0000ff;\" href=\"mailto:info@longchangchemical.com\">info@longchangchemical.com<\/a><\/span> pendant les heures de travail ( 8:30 am to 6:00 pm UTC+8 Mon.~Sat. ) ou utilisez le chat en direct du site web pour obtenir une r\u00e9ponse rapide.<\/b><\/strong><\/h4>","protected":false},"excerpt":{"rendered":"<p><strong> UVJ7004<\/strong>\u00a0est une r\u00e9sine sp\u00e9cialement con\u00e7ue pour les vernis \u00e0 ongles de phototh\u00e9rapie.<\/p>\n<p><strong>Propri\u00e9t\u00e9<\/strong><strong>:<\/strong><\/p>\n<p>1. Bonne mouillabilit\u00e9 des pigments<\/p>\n<p>2. L'irritation cutan\u00e9e est minime.<\/p>\n<p>3. Bonne adh\u00e9rence aux clous<\/p>\n<p>4. Les utilisations recommand\u00e9es sont les suivantes :<\/p>\n<p><em><i>La r\u00e9sine principale de la colle pour vernis \u00e0 ongles photopolym\u00e9risable est principalement utilis\u00e9e pour la couche inf\u00e9rieure et la couche interm\u00e9diaire, et peut \u00e9galement \u00eatre utilis\u00e9e pour fabriquer des ongles allong\u00e9s. Le film de rev\u00eatement pr\u00e9sente une grande transparence et une r\u00e9sistance exceptionnelle. Dosage sugg\u00e9r\u00e9 : 40-90%.<\/i><\/em><\/p>","protected":false},"featured_media":0,"comment_status":"closed","ping_status":"closed","template":"","meta":[],"product_brand":[],"product_cat":[137],"product_tag":[],"class_list":{"0":"post-5281","1":"product","2":"type-product","3":"status-publish","5":"product_cat-uv-oligomer","7":"first","8":"instock","9":"shipping-taxable","10":"product-type-simple"},"yoast_head":"<!-- This site is optimized with the Yoast SEO plugin v25.3.1 - https:\/\/yoast.com\/wordpress\/plugins\/seo\/ -->\n<title>Base Coat Raw Material - Phototherapy nail polish resin - Polyurethane Modified Acrylate manufacturer - Longchang Chemical<\/title>\n<meta name=\"description\" content=\"UVJ7004 is a resin specially for Base Coat Raw Material ,The main resin of light-cured nail polish glue is mainly used for the bottom layer and middle coating, and can also be used to make extended nails. The coating film has high transparency and outstanding toughness, Which is the key product of Longchang Chemical. We are the leading uv oligomer manufacturer and supplier in China with the best quanlity and competitive price.\" \/>\n<meta name=\"robots\" content=\"index, follow, max-snippet:-1, max-image-preview:large, max-video-preview:-1\" \/>\n<link rel=\"canonical\" href=\"https:\/\/longchangchemical.com\/fr\/product\/uvj7004\/\" \/>\n<meta property=\"og:locale\" content=\"fr_FR\" \/>\n<meta property=\"og:type\" content=\"article\" \/>\n<meta property=\"og:title\" content=\"Base Coat Raw Material - Phototherapy nail polish resin - Polyurethane Modified Acrylate manufacturer - Longchang Chemical\" \/>\n<meta property=\"og:description\" content=\"UVJ7004 is a resin specially for Base Coat Raw Material ,The main resin of light-cured nail polish glue is mainly used for the bottom layer and middle coating, and can also be used to make extended nails. The coating film has high transparency and outstanding toughness, Which is the key product of Longchang Chemical. We are the leading uv oligomer manufacturer and supplier in China with the best quanlity and competitive price.\" \/>\n<meta property=\"og:url\" content=\"https:\/\/longchangchemical.com\/fr\/product\/uvj7004\/\" \/>\n<meta property=\"og:site_name\" content=\"Longchang Chemical\" \/>\n<meta property=\"article:modified_time\" content=\"2026-05-08T02:59:43+00:00\" \/>\n<meta property=\"og:image\" content=\"https:\/\/longchangchemical.com\/wp-content\/uploads\/2024\/02\/logo-jpeg.jpg\" \/>\n\t<meta property=\"og:image:width\" content=\"1000\" \/>\n\t<meta property=\"og:image:height\" content=\"1000\" \/>\n\t<meta property=\"og:image:type\" content=\"image\/jpeg\" \/>\n<meta name=\"twitter:card\" content=\"summary_large_image\" \/>\n<script type=\"application\/ld+json\" class=\"yoast-schema-graph\">{\"@context\":\"https:\/\/schema.org\",\"@graph\":[{\"@type\":\"WebPage\",\"@id\":\"https:\/\/longchangchemical.com\/product\/uvj7004\/\",\"url\":\"https:\/\/longchangchemical.com\/product\/uvj7004\/\",\"name\":\"Base Coat Raw Material - Phototherapy nail polish resin - Polyurethane Modified Acrylate manufacturer - Longchang Chemical\",\"isPartOf\":{\"@id\":\"https:\/\/longchangchemical.com\/#website\"},\"datePublished\":\"2022-06-08T12:49:34+00:00\",\"dateModified\":\"2026-05-08T02:59:43+00:00\",\"description\":\"UVJ7004 is a resin specially for Base Coat Raw Material ,The main resin of light-cured nail polish glue is mainly used for the bottom layer and middle coating, and can also be used to make extended nails. The coating film has high transparency and outstanding toughness, Which is the key product of Longchang Chemical. We are the leading uv oligomer manufacturer and supplier in China with the best quanlity and competitive price.\",\"breadcrumb\":{\"@id\":\"https:\/\/longchangchemical.com\/product\/uvj7004\/#breadcrumb\"},\"inLanguage\":\"fr-FR\",\"potentialAction\":[{\"@type\":\"ReadAction\",\"target\":[\"https:\/\/longchangchemical.com\/product\/uvj7004\/\"]}]},{\"@type\":\"BreadcrumbList\",\"@id\":\"https:\/\/longchangchemical.com\/product\/uvj7004\/#breadcrumb\",\"itemListElement\":[{\"@type\":\"ListItem\",\"position\":1,\"name\":\"Home\",\"item\":\"https:\/\/longchangchemical.com\/\"},{\"@type\":\"ListItem\",\"position\":2,\"name\":\"Products Longchang\",\"item\":\"https:\/\/longchangchemical.com\/product\/\"},{\"@type\":\"ListItem\",\"position\":3,\"name\":\"CHLUMICRYL\u00ae UVJ7004 \/ Phototherapy nail polish resin \/ Base Coat Raw Material\"}]},{\"@type\":\"WebSite\",\"@id\":\"https:\/\/longchangchemical.com\/#website\",\"url\":\"https:\/\/longchangchemical.com\/\",\"name\":\"Longchang Chemical\",\"description\":\"China chemical manufacturer \uff06 supplier\",\"publisher\":{\"@id\":\"https:\/\/longchangchemical.com\/#organization\"},\"potentialAction\":[{\"@type\":\"SearchAction\",\"target\":{\"@type\":\"EntryPoint\",\"urlTemplate\":\"https:\/\/longchangchemical.com\/?s={search_term_string}\"},\"query-input\":{\"@type\":\"PropertyValueSpecification\",\"valueRequired\":true,\"valueName\":\"search_term_string\"}}],\"inLanguage\":\"fr-FR\"},{\"@type\":\"Organization\",\"@id\":\"https:\/\/longchangchemical.com\/#organization\",\"name\":\"Longchang Chemical\",\"url\":\"https:\/\/longchangchemical.com\/\",\"logo\":{\"@type\":\"ImageObject\",\"inLanguage\":\"fr-FR\",\"@id\":\"https:\/\/longchangchemical.com\/#\/schema\/logo\/image\/\",\"url\":\"https:\/\/longchangchemical.com\/wp-content\/uploads\/2020\/08\/cropped-longchang-logo.png\",\"contentUrl\":\"https:\/\/longchangchemical.com\/wp-content\/uploads\/2020\/08\/cropped-longchang-logo.png\",\"width\":512,\"height\":512,\"caption\":\"Longchang Chemical\"},\"image\":{\"@id\":\"https:\/\/longchangchemical.com\/#\/schema\/logo\/image\/\"}}]}<\/script>\n<!-- \/ Yoast SEO plugin. -->","yoast_head_json":{"title":"Mati\u00e8re premi\u00e8re pour couche de base - R\u00e9sine de vernis \u00e0 ongles pour phototh\u00e9rapie - Fabricant d'acrylate modifi\u00e9 par polyur\u00e9thane - Longchang Chemical","description":"UVJ7004 est une r\u00e9sine sp\u00e9cialement con\u00e7ue pour les mati\u00e8res premi\u00e8res de la couche de base, la r\u00e9sine principale de la colle de vernis \u00e0 ongles photopolym\u00e9risable est principalement utilis\u00e9e pour la couche inf\u00e9rieure et la couche interm\u00e9diaire, et peut \u00e9galement \u00eatre utilis\u00e9e pour fabriquer des ongles allong\u00e9s. Le film de rev\u00eatement a une grande transparence et une r\u00e9sistance exceptionnelle. C'est le produit cl\u00e9 de Longchang Chemical. Nous sommes le principal fabricant et fournisseur d'oligom\u00e8res UV en Chine, avec la meilleure qualit\u00e9 et le prix le plus comp\u00e9titif.","robots":{"index":"index","follow":"follow","max-snippet":"max-snippet:-1","max-image-preview":"max-image-preview:large","max-video-preview":"max-video-preview:-1"},"canonical":"https:\/\/longchangchemical.com\/fr\/product\/uvj7004\/","og_locale":"fr_FR","og_type":"article","og_title":"Base Coat Raw Material - Phototherapy nail polish resin - Polyurethane Modified Acrylate manufacturer - Longchang Chemical","og_description":"UVJ7004 is a resin specially for Base Coat Raw Material ,The main resin of light-cured nail polish glue is mainly used for the bottom layer and middle coating, and can also be used to make extended nails. The coating film has high transparency and outstanding toughness, Which is the key product of Longchang Chemical. We are the leading uv oligomer manufacturer and supplier in China with the best quanlity and competitive price.","og_url":"https:\/\/longchangchemical.com\/fr\/product\/uvj7004\/","og_site_name":"Longchang Chemical","article_modified_time":"2026-05-08T02:59:43+00:00","og_image":[{"width":1000,"height":1000,"url":"https:\/\/longchangchemical.com\/wp-content\/uploads\/2024\/02\/logo-jpeg.jpg","type":"image\/jpeg"}],"twitter_card":"summary_large_image","schema":{"@context":"https:\/\/schema.org","@graph":[{"@type":"WebPage","@id":"https:\/\/longchangchemical.com\/product\/uvj7004\/","url":"https:\/\/longchangchemical.com\/product\/uvj7004\/","name":"Mati\u00e8re premi\u00e8re pour couche de base - R\u00e9sine de vernis \u00e0 ongles pour phototh\u00e9rapie - Fabricant d'acrylate modifi\u00e9 par polyur\u00e9thane - Longchang Chemical","isPartOf":{"@id":"https:\/\/longchangchemical.com\/#website"},"datePublished":"2022-06-08T12:49:34+00:00","dateModified":"2026-05-08T02:59:43+00:00","description":"UVJ7004 est une r\u00e9sine sp\u00e9cialement con\u00e7ue pour les mati\u00e8res premi\u00e8res de la couche de base, la r\u00e9sine principale de la colle de vernis \u00e0 ongles photopolym\u00e9risable est principalement utilis\u00e9e pour la couche inf\u00e9rieure et la couche interm\u00e9diaire, et peut \u00e9galement \u00eatre utilis\u00e9e pour fabriquer des ongles allong\u00e9s. Le film de rev\u00eatement a une grande transparence et une r\u00e9sistance exceptionnelle. C'est le produit cl\u00e9 de Longchang Chemical. Nous sommes le principal fabricant et fournisseur d'oligom\u00e8res UV en Chine, avec la meilleure qualit\u00e9 et le prix le plus comp\u00e9titif.","breadcrumb":{"@id":"https:\/\/longchangchemical.com\/product\/uvj7004\/#breadcrumb"},"inLanguage":"fr-FR","potentialAction":[{"@type":"ReadAction","target":["https:\/\/longchangchemical.com\/product\/uvj7004\/"]}]},{"@type":"BreadcrumbList","@id":"https:\/\/longchangchemical.com\/product\/uvj7004\/#breadcrumb","itemListElement":[{"@type":"ListItem","position":1,"name":"Home","item":"https:\/\/longchangchemical.com\/"},{"@type":"ListItem","position":2,"name":"Products Longchang","item":"https:\/\/longchangchemical.com\/product\/"},{"@type":"ListItem","position":3,"name":"CHLUMICRYL\u00ae UVJ7004 \/ Phototherapy nail polish resin \/ Base Coat Raw Material"}]},{"@type":"WebSite","@id":"https:\/\/longchangchemical.com\/#website","url":"https:\/\/longchangchemical.com\/","name":"Longchang Chemical","description":"Fabricant chinois de produits chimiques \uff06 fournisseur","publisher":{"@id":"https:\/\/longchangchemical.com\/#organization"},"potentialAction":[{"@type":"SearchAction","target":{"@type":"EntryPoint","urlTemplate":"https:\/\/longchangchemical.com\/?s={search_term_string}"},"query-input":{"@type":"PropertyValueSpecification","valueRequired":true,"valueName":"search_term_string"}}],"inLanguage":"fr-FR"},{"@type":"Organization","@id":"https:\/\/longchangchemical.com\/#organization","name":"Longchang Chemical","url":"https:\/\/longchangchemical.com\/","logo":{"@type":"ImageObject","inLanguage":"fr-FR","@id":"https:\/\/longchangchemical.com\/#\/schema\/logo\/image\/","url":"https:\/\/longchangchemical.com\/wp-content\/uploads\/2020\/08\/cropped-longchang-logo.png","contentUrl":"https:\/\/longchangchemical.com\/wp-content\/uploads\/2020\/08\/cropped-longchang-logo.png","width":512,"height":512,"caption":"Longchang Chemical"},"image":{"@id":"https:\/\/longchangchemical.com\/#\/schema\/logo\/image\/"}}]}},"_links":{"self":[{"href":"https:\/\/longchangchemical.com\/fr\/wp-json\/wp\/v2\/product\/5281","targetHints":{"allow":["GET"]}}],"collection":[{"href":"https:\/\/longchangchemical.com\/fr\/wp-json\/wp\/v2\/product"}],"about":[{"href":"https:\/\/longchangchemical.com\/fr\/wp-json\/wp\/v2\/types\/product"}],"replies":[{"embeddable":true,"href":"https:\/\/longchangchemical.com\/fr\/wp-json\/wp\/v2\/comments?post=5281"}],"wp:attachment":[{"href":"https:\/\/longchangchemical.com\/fr\/wp-json\/wp\/v2\/media?parent=5281"}],"wp:term":[{"taxonomy":"product_brand","embeddable":true,"href":"https:\/\/longchangchemical.com\/fr\/wp-json\/wp\/v2\/product_brand?post=5281"},{"taxonomy":"product_cat","embeddable":true,"href":"https:\/\/longchangchemical.com\/fr\/wp-json\/wp\/v2\/product_cat?post=5281"},{"taxonomy":"product_tag","embeddable":true,"href":"https:\/\/longchangchemical.com\/fr\/wp-json\/wp\/v2\/product_tag?post=5281"}],"curies":[{"name":"wp","href":"https:\/\/api.w.org\/{rel}","templated":true}]}}