{"id":5110,"date":"2022-03-08T06:01:53","date_gmt":"2022-03-08T06:01:53","guid":{"rendered":"https:\/\/longchangchemical.com\/?post_type=product&#038;p=5110"},"modified":"2025-12-22T07:09:05","modified_gmt":"2025-12-22T07:09:05","slug":"santicor-tta-s-tolytriazole-sodium-salt-64665-57-2","status":"publish","type":"product","link":"https:\/\/longchangchemical.com\/fr\/product\/santicor-tta-s-tolytriazole-sodium-salt-64665-57-2\/","title":{"rendered":"Santicor\u00ae TTA-S | Tolytriazole sel de sodium CAS 64665-57-2"},"content":{"rendered":"<h1><strong>Santicor\u00ae TTA-S | Tolytriazole sel de sodium CAS 64665-57-2<\/strong><\/h1>\n<p>&nbsp;<\/p>\n<table style=\"border-collapse: collapse; width: 237.78pt;\" border=\"0\" width=\"317\" cellspacing=\"0\" cellpadding=\"0\">\n<tbody>\n<tr style=\"height: 33.00pt;\">\n<td class=\"et2\" style=\"height: 33.00pt; width: 111.00pt;\" width=\"148\" height=\"44\">Projet<\/td>\n<td class=\"et2\" style=\"width: 126.75pt;\" width=\"169\">Standard<\/td>\n<\/tr>\n<tr style=\"height: 33.00pt;\">\n<td class=\"et2\" style=\"height: 33.00pt; width: 111.00pt;\" width=\"148\" height=\"44\">Apparence<\/td>\n<td class=\"et2\" style=\"width: 126.75pt;\" width=\"169\">Liquide transparent jaune \u00e0 brun rouge\u00e2tre<\/td>\n<\/tr>\n<tr style=\"height: 33.00pt;\">\n<td class=\"et2\" style=\"height: 33.00pt; width: 111.00pt;\" width=\"148\" height=\"44\">contenu%<\/td>\n<td class=\"et2\" style=\"width: 126.75pt;\" width=\"169\">49.5-51.0<\/td>\n<\/tr>\n<tr style=\"height: 33.00pt;\">\n<td class=\"et2\" style=\"height: 33.00pt; width: 111.00pt;\" width=\"148\" height=\"44\">Base libre %<\/td>\n<td class=\"et2\" style=\"width: 126.75pt;\" width=\"169\">0,5MAX<\/td>\n<\/tr>\n<tr style=\"height: 33.00pt;\">\n<td class=\"et2\" style=\"height: 33.00pt; width: 111.00pt;\" width=\"148\" height=\"44\">Valeur PH (solution aqueuse de 10%, 20<span class=\"font2\">\u2103<\/span><span class=\"font0\">)<\/span><\/td>\n<td class=\"et2\" style=\"width: 126.75pt;\" width=\"169\">11.5-12.0<\/td>\n<\/tr>\n<tr style=\"height: 33.00pt;\">\n<td class=\"et2\" style=\"height: 33.00pt; width: 111.00pt;\" width=\"148\" height=\"44\">Densit\u00e9 (20\u00b0C)g\/cm3<\/td>\n<td class=\"et2\" style=\"width: 126.75pt;\" width=\"169\">1.186-1.210<\/td>\n<\/tr>\n<tr style=\"height: 45.00pt;\">\n<td class=\"et2\" style=\"height: 45.00pt; width: 111.00pt;\" width=\"148\" height=\"60\">Solubilit\u00e9 dans l'alcool<\/td>\n<td class=\"et2\" style=\"width: 126.75pt;\" width=\"169\">Clair et transparent sans impuret\u00e9s m\u00e9caniques visibles<\/td>\n<\/tr>\n<\/tbody>\n<\/table>\n<h2><\/h2>\n<h2><strong>Sel de sodium de tolytriazole Utilisation<\/strong><\/h2>\n<p>1. Ce produit est un inhibiteur de rouille et de corrosion pour le cuivre et les alliages de cuivre. Il peut \u00e9galement \u00eatre utilis\u00e9 pour la protection de l'acier inoxydable, de la fonte, du cadmium et des alliages de nickel.<\/p>\n<p>2. Ce produit peut \u00e9galement \u00eatre utilis\u00e9 comme additif d'huile lubrifiante, d\u00e9sactivateur de m\u00e9taux, agent de pression extr\u00eame, inhibiteur de bact\u00e9ries et d'oxydation, utilis\u00e9 comme antioxydant dans l'huile des moteurs \u00e0 combustion interne.<\/p>\n<p>Ce produit peut remplacer Benzotriazole, m\u00e9thyl, sel de sodium ; Natrium-4(oder 5)-methyl-1H-benzo-triazolid ; Sodium 4 methyl -1H benzotriazolide ; Sodium 4(or 5)-methyl-1H-benzotriazolide ; Sodium Tolyltriazole ; Sodium Tolytriazole.<\/p>\n<h2><strong>Emballage de sel de sodium de tolytriazole<\/strong><\/h2>\n<p>25, f\u00fbt en plastique de 230 kg ou IBC de 1200 kg.<\/p>\n<p>&nbsp;<\/p>\n<h2><strong>Produits de la m\u00eame s\u00e9rie<\/strong><\/h2>\n<table style=\"border-collapse: collapse; width: 362.27pt;\" border=\"0\" width=\"483\" cellspacing=\"0\" cellpadding=\"0\">\n<tbody>\n<tr style=\"height: 13.50pt;\">\n<td style=\"height: 13.50pt; width: 111.00pt;\" width=\"148\" height=\"18\"><a href=\"https:\/\/longchangchemical.com\/fr\/product\/tta-tolytriazole-cas-29385-43-1\/\"><span style=\"color: #00ccff;\">Santicor\u00ae TTA<\/span><\/a><\/td>\n<td style=\"width: 168.75pt;\" width=\"225\"><span style=\"color: #000000;\">Tolyltriazole<\/span><\/td>\n<td style=\"width: 82.50pt;\" width=\"110\"><span style=\"color: #000000;\">29385-43-1<\/span><\/td>\n<\/tr>\n<tr style=\"height: 13.50pt;\">\n<td style=\"height: 13.50pt;\" height=\"18\">Santicor\u00ae TTA-S<\/td>\n<td>Sel de sodium de tolytriazole<\/td>\n<td>64665-57-2<\/td>\n<\/tr>\n<tr style=\"height: 13.50pt;\">\n<td style=\"height: 13.50pt;\" height=\"18\">Santicor\u00ae TTA-2<\/td>\n<td>5-M\u00e9thyl-1H-benzotriazole<\/td>\n<td>136-85-6<\/td>\n<\/tr>\n<tr style=\"height: 13.50pt;\">\n<td style=\"height: 13.50pt;\" height=\"18\">Santicor\u00ae BTA<\/td>\n<td>1H-Benzotriazole<\/td>\n<td>95-14-7<\/td>\n<\/tr>\n<tr style=\"height: 13.50pt;\">\n<td style=\"height: 13.50pt;\" height=\"18\">Santicor\u00ae BTA-Na<\/td>\n<td>BENZOTRIAZOLE, SEL DE SODIUM<\/td>\n<td>15217-42-2<\/td>\n<\/tr>\n<\/tbody>\n<\/table>\n<p>&nbsp;<\/p>\n<h2><strong><b>Contactez-nous d\u00e8s maintenant !<\/b><\/strong><\/h2>\n<h4><strong><b>Si vous avez besoin de COA, MSDS ou TDS, veuillez remplir vos coordonn\u00e9es dans le formulaire ci-dessous, nous vous contacterons g\u00e9n\u00e9ralement dans les 24 heures. Vous pouvez \u00e9galement m'envoyer un courriel <span style=\"color: #0000ff;\"><a style=\"color: #0000ff;\" href=\"mailto:info@longchangchemical.com\">info@longchangchemical.com<\/a><\/span> pendant les heures de travail ( 8:30 am to 6:00 pm UTC+8 Mon.~Fri. ) ou utilisez le chat en direct du site web pour obtenir une r\u00e9ponse rapide.<\/b><\/strong><\/h4>","protected":false},"excerpt":{"rendered":"<p>Produit : Sel de sodium de tolutriazole<\/p>\n<p>Autre nom : Benzotriazole, m\u00e9thyle, sel de sodium ; Natrium-4(oder 5)-m\u00e9thyl-1H-benzo-triazolide ; 4 m\u00e9thyl -1H benzotriazolide de sodium ; 4(ou 5)-m\u00e9thyl-1H-benzotriazolide de sodium ; Tolyltriazole de sodium ; Tolytriazole de sodium.<\/p>\n<p>CAS : 64665-57-2<\/p>\n<p>Formule chimique : C7H6N3Na<\/p>\n<p>Poids mol\u00e9culaire : 155,13<\/p>\n<p>Aspect : Liquide transparent clair de couleur jaune \u00e0 brun rouge\u00e2tre<\/p>","protected":false},"featured_media":5112,"comment_status":"open","ping_status":"closed","template":"","meta":[],"product_brand":[],"product_cat":[135],"product_tag":[],"class_list":{"0":"post-5110","1":"product","2":"type-product","3":"status-publish","4":"has-post-thumbnail","6":"product_cat-santicor-corrosion-inhibitor","8":"first","9":"instock","10":"shipping-taxable","11":"product-type-simple"},"yoast_head":"<!-- This site is optimized with the Yoast SEO plugin v25.3.1 - https:\/\/yoast.com\/wordpress\/plugins\/seo\/ -->\n<title>China Tolytriazole sodium salt manufacturer \uff06 CAS 64665-57-2 supplier - Longchang Chemical<\/title>\n<meta name=\"description\" content=\"Longchang Chemical is China Tolytriazole sodium salt manufacturer \uff06 CAS 64665-57-2 supplier. This product can replace Benzotriazole, methyl, sodium salt; Natrium-4(oder 5)-methyl-1H-benzo-triazolid; Sodium 4 methyl -1H benzotriazolide; Sodium 4(or 5)-methyl-1H-benzotriazolide; Sodium Tolyltriazole; Sodium Tolytriazole.\" \/>\n<meta name=\"robots\" content=\"index, follow, max-snippet:-1, max-image-preview:large, max-video-preview:-1\" \/>\n<link rel=\"canonical\" href=\"https:\/\/longchangchemical.com\/fr\/product\/santicor-tta-s-tolytriazole-sodium-salt-64665-57-2\/\" \/>\n<meta property=\"og:locale\" content=\"fr_FR\" \/>\n<meta property=\"og:type\" content=\"article\" \/>\n<meta property=\"og:title\" content=\"China Tolytriazole sodium salt manufacturer \uff06 CAS 64665-57-2 supplier - Longchang Chemical\" \/>\n<meta property=\"og:description\" content=\"Longchang Chemical is China Tolytriazole sodium salt manufacturer \uff06 CAS 64665-57-2 supplier. This product can replace Benzotriazole, methyl, sodium salt; Natrium-4(oder 5)-methyl-1H-benzo-triazolid; Sodium 4 methyl -1H benzotriazolide; Sodium 4(or 5)-methyl-1H-benzotriazolide; Sodium Tolyltriazole; Sodium Tolytriazole.\" \/>\n<meta property=\"og:url\" content=\"https:\/\/longchangchemical.com\/fr\/product\/santicor-tta-s-tolytriazole-sodium-salt-64665-57-2\/\" \/>\n<meta property=\"og:site_name\" content=\"Longchang Chemical\" \/>\n<meta property=\"article:modified_time\" content=\"2025-12-22T07:09:05+00:00\" \/>\n<meta property=\"og:image\" content=\"https:\/\/longchangchemical.com\/wp-content\/uploads\/2022\/03\/Santicor\u00ae-TTA-S-Tolytriazole-sodium-salt-CAS-64665-57-2.jpg\" \/>\n\t<meta property=\"og:image:width\" content=\"600\" \/>\n\t<meta property=\"og:image:height\" content=\"800\" \/>\n\t<meta property=\"og:image:type\" content=\"image\/jpeg\" \/>\n<meta name=\"twitter:card\" content=\"summary_large_image\" \/>\n<script type=\"application\/ld+json\" class=\"yoast-schema-graph\">{\"@context\":\"https:\/\/schema.org\",\"@graph\":[{\"@type\":\"WebPage\",\"@id\":\"https:\/\/longchangchemical.com\/product\/santicor-tta-s-tolytriazole-sodium-salt-64665-57-2\/\",\"url\":\"https:\/\/longchangchemical.com\/product\/santicor-tta-s-tolytriazole-sodium-salt-64665-57-2\/\",\"name\":\"China Tolytriazole sodium salt manufacturer \uff06 CAS 64665-57-2 supplier - Longchang Chemical\",\"isPartOf\":{\"@id\":\"https:\/\/longchangchemical.com\/#website\"},\"primaryImageOfPage\":{\"@id\":\"https:\/\/longchangchemical.com\/product\/santicor-tta-s-tolytriazole-sodium-salt-64665-57-2\/#primaryimage\"},\"image\":{\"@id\":\"https:\/\/longchangchemical.com\/product\/santicor-tta-s-tolytriazole-sodium-salt-64665-57-2\/#primaryimage\"},\"thumbnailUrl\":\"https:\/\/longchangchemical.com\/wp-content\/uploads\/2022\/03\/Santicor\u00ae-TTA-S-Tolytriazole-sodium-salt-CAS-64665-57-2.jpg\",\"datePublished\":\"2022-03-08T06:01:53+00:00\",\"dateModified\":\"2025-12-22T07:09:05+00:00\",\"description\":\"Longchang Chemical is China Tolytriazole sodium salt manufacturer \uff06 CAS 64665-57-2 supplier. This product can replace Benzotriazole, methyl, sodium salt; Natrium-4(oder 5)-methyl-1H-benzo-triazolid; Sodium 4 methyl -1H benzotriazolide; Sodium 4(or 5)-methyl-1H-benzotriazolide; Sodium Tolyltriazole; Sodium Tolytriazole.\",\"breadcrumb\":{\"@id\":\"https:\/\/longchangchemical.com\/product\/santicor-tta-s-tolytriazole-sodium-salt-64665-57-2\/#breadcrumb\"},\"inLanguage\":\"fr-FR\",\"potentialAction\":[{\"@type\":\"ReadAction\",\"target\":[\"https:\/\/longchangchemical.com\/product\/santicor-tta-s-tolytriazole-sodium-salt-64665-57-2\/\"]}]},{\"@type\":\"ImageObject\",\"inLanguage\":\"fr-FR\",\"@id\":\"https:\/\/longchangchemical.com\/product\/santicor-tta-s-tolytriazole-sodium-salt-64665-57-2\/#primaryimage\",\"url\":\"https:\/\/longchangchemical.com\/wp-content\/uploads\/2022\/03\/Santicor\u00ae-TTA-S-Tolytriazole-sodium-salt-CAS-64665-57-2.jpg\",\"contentUrl\":\"https:\/\/longchangchemical.com\/wp-content\/uploads\/2022\/03\/Santicor\u00ae-TTA-S-Tolytriazole-sodium-salt-CAS-64665-57-2.jpg\",\"width\":600,\"height\":800},{\"@type\":\"BreadcrumbList\",\"@id\":\"https:\/\/longchangchemical.com\/product\/santicor-tta-s-tolytriazole-sodium-salt-64665-57-2\/#breadcrumb\",\"itemListElement\":[{\"@type\":\"ListItem\",\"position\":1,\"name\":\"Home\",\"item\":\"https:\/\/longchangchemical.com\/\"},{\"@type\":\"ListItem\",\"position\":2,\"name\":\"Products Longchang\",\"item\":\"https:\/\/longchangchemical.com\/product\/\"},{\"@type\":\"ListItem\",\"position\":3,\"name\":\"Santicor\u00ae TTA-S | Tolytriazole sodium salt CAS 64665-57-2\"}]},{\"@type\":\"WebSite\",\"@id\":\"https:\/\/longchangchemical.com\/#website\",\"url\":\"https:\/\/longchangchemical.com\/\",\"name\":\"Longchang Chemical\",\"description\":\"China chemical manufacturer \uff06 supplier\",\"publisher\":{\"@id\":\"https:\/\/longchangchemical.com\/#organization\"},\"potentialAction\":[{\"@type\":\"SearchAction\",\"target\":{\"@type\":\"EntryPoint\",\"urlTemplate\":\"https:\/\/longchangchemical.com\/?s={search_term_string}\"},\"query-input\":{\"@type\":\"PropertyValueSpecification\",\"valueRequired\":true,\"valueName\":\"search_term_string\"}}],\"inLanguage\":\"fr-FR\"},{\"@type\":\"Organization\",\"@id\":\"https:\/\/longchangchemical.com\/#organization\",\"name\":\"Longchang Chemical\",\"url\":\"https:\/\/longchangchemical.com\/\",\"logo\":{\"@type\":\"ImageObject\",\"inLanguage\":\"fr-FR\",\"@id\":\"https:\/\/longchangchemical.com\/#\/schema\/logo\/image\/\",\"url\":\"https:\/\/longchangchemical.com\/wp-content\/uploads\/2020\/08\/cropped-longchang-logo.png\",\"contentUrl\":\"https:\/\/longchangchemical.com\/wp-content\/uploads\/2020\/08\/cropped-longchang-logo.png\",\"width\":512,\"height\":512,\"caption\":\"Longchang Chemical\"},\"image\":{\"@id\":\"https:\/\/longchangchemical.com\/#\/schema\/logo\/image\/\"}}]}<\/script>\n<!-- \/ Yoast SEO plugin. -->","yoast_head_json":{"title":"Fabricant chinois de sel de sodium de tolytriazole \uff06 CAS 64665-57-2 fournisseur - Longchang Chemical","description":"Longchang Chemical est un fabricant chinois de sel de sodium de Tolytriazole \uff06 CAS 64665-57-2. Ce produit peut remplacer Benzotriazole, m\u00e9thyl, sel de sodium ; Natrium-4(oder 5)-methyl-1H-benzo-triazolid ; Sodium 4 methyl -1H benzotriazolide ; Sodium 4(or 5)-methyl-1H-benzotriazolide ; Sodium Tolyltriazole ; Sodium Tolytriazole.","robots":{"index":"index","follow":"follow","max-snippet":"max-snippet:-1","max-image-preview":"max-image-preview:large","max-video-preview":"max-video-preview:-1"},"canonical":"https:\/\/longchangchemical.com\/fr\/product\/santicor-tta-s-tolytriazole-sodium-salt-64665-57-2\/","og_locale":"fr_FR","og_type":"article","og_title":"China Tolytriazole sodium salt manufacturer \uff06 CAS 64665-57-2 supplier - Longchang Chemical","og_description":"Longchang Chemical is China Tolytriazole sodium salt manufacturer \uff06 CAS 64665-57-2 supplier. This product can replace Benzotriazole, methyl, sodium salt; Natrium-4(oder 5)-methyl-1H-benzo-triazolid; Sodium 4 methyl -1H benzotriazolide; Sodium 4(or 5)-methyl-1H-benzotriazolide; Sodium Tolyltriazole; Sodium Tolytriazole.","og_url":"https:\/\/longchangchemical.com\/fr\/product\/santicor-tta-s-tolytriazole-sodium-salt-64665-57-2\/","og_site_name":"Longchang Chemical","article_modified_time":"2025-12-22T07:09:05+00:00","og_image":[{"width":600,"height":800,"url":"https:\/\/longchangchemical.com\/wp-content\/uploads\/2022\/03\/Santicor\u00ae-TTA-S-Tolytriazole-sodium-salt-CAS-64665-57-2.jpg","type":"image\/jpeg"}],"twitter_card":"summary_large_image","schema":{"@context":"https:\/\/schema.org","@graph":[{"@type":"WebPage","@id":"https:\/\/longchangchemical.com\/product\/santicor-tta-s-tolytriazole-sodium-salt-64665-57-2\/","url":"https:\/\/longchangchemical.com\/product\/santicor-tta-s-tolytriazole-sodium-salt-64665-57-2\/","name":"Fabricant chinois de sel de sodium de tolytriazole \uff06 CAS 64665-57-2 fournisseur - Longchang Chemical","isPartOf":{"@id":"https:\/\/longchangchemical.com\/#website"},"primaryImageOfPage":{"@id":"https:\/\/longchangchemical.com\/product\/santicor-tta-s-tolytriazole-sodium-salt-64665-57-2\/#primaryimage"},"image":{"@id":"https:\/\/longchangchemical.com\/product\/santicor-tta-s-tolytriazole-sodium-salt-64665-57-2\/#primaryimage"},"thumbnailUrl":"https:\/\/longchangchemical.com\/wp-content\/uploads\/2022\/03\/Santicor\u00ae-TTA-S-Tolytriazole-sodium-salt-CAS-64665-57-2.jpg","datePublished":"2022-03-08T06:01:53+00:00","dateModified":"2025-12-22T07:09:05+00:00","description":"Longchang Chemical est un fabricant chinois de sel de sodium de Tolytriazole \uff06 CAS 64665-57-2. Ce produit peut remplacer Benzotriazole, m\u00e9thyl, sel de sodium ; Natrium-4(oder 5)-methyl-1H-benzo-triazolid ; Sodium 4 methyl -1H benzotriazolide ; Sodium 4(or 5)-methyl-1H-benzotriazolide ; Sodium Tolyltriazole ; Sodium Tolytriazole.","breadcrumb":{"@id":"https:\/\/longchangchemical.com\/product\/santicor-tta-s-tolytriazole-sodium-salt-64665-57-2\/#breadcrumb"},"inLanguage":"fr-FR","potentialAction":[{"@type":"ReadAction","target":["https:\/\/longchangchemical.com\/product\/santicor-tta-s-tolytriazole-sodium-salt-64665-57-2\/"]}]},{"@type":"ImageObject","inLanguage":"fr-FR","@id":"https:\/\/longchangchemical.com\/product\/santicor-tta-s-tolytriazole-sodium-salt-64665-57-2\/#primaryimage","url":"https:\/\/longchangchemical.com\/wp-content\/uploads\/2022\/03\/Santicor\u00ae-TTA-S-Tolytriazole-sodium-salt-CAS-64665-57-2.jpg","contentUrl":"https:\/\/longchangchemical.com\/wp-content\/uploads\/2022\/03\/Santicor\u00ae-TTA-S-Tolytriazole-sodium-salt-CAS-64665-57-2.jpg","width":600,"height":800},{"@type":"BreadcrumbList","@id":"https:\/\/longchangchemical.com\/product\/santicor-tta-s-tolytriazole-sodium-salt-64665-57-2\/#breadcrumb","itemListElement":[{"@type":"ListItem","position":1,"name":"Home","item":"https:\/\/longchangchemical.com\/"},{"@type":"ListItem","position":2,"name":"Products Longchang","item":"https:\/\/longchangchemical.com\/product\/"},{"@type":"ListItem","position":3,"name":"Santicor\u00ae TTA-S | Tolytriazole sodium salt CAS 64665-57-2"}]},{"@type":"WebSite","@id":"https:\/\/longchangchemical.com\/#website","url":"https:\/\/longchangchemical.com\/","name":"Longchang Chemical","description":"Fabricant chinois de produits chimiques \uff06 fournisseur","publisher":{"@id":"https:\/\/longchangchemical.com\/#organization"},"potentialAction":[{"@type":"SearchAction","target":{"@type":"EntryPoint","urlTemplate":"https:\/\/longchangchemical.com\/?s={search_term_string}"},"query-input":{"@type":"PropertyValueSpecification","valueRequired":true,"valueName":"search_term_string"}}],"inLanguage":"fr-FR"},{"@type":"Organization","@id":"https:\/\/longchangchemical.com\/#organization","name":"Longchang Chemical","url":"https:\/\/longchangchemical.com\/","logo":{"@type":"ImageObject","inLanguage":"fr-FR","@id":"https:\/\/longchangchemical.com\/#\/schema\/logo\/image\/","url":"https:\/\/longchangchemical.com\/wp-content\/uploads\/2020\/08\/cropped-longchang-logo.png","contentUrl":"https:\/\/longchangchemical.com\/wp-content\/uploads\/2020\/08\/cropped-longchang-logo.png","width":512,"height":512,"caption":"Longchang Chemical"},"image":{"@id":"https:\/\/longchangchemical.com\/#\/schema\/logo\/image\/"}}]}},"_links":{"self":[{"href":"https:\/\/longchangchemical.com\/fr\/wp-json\/wp\/v2\/product\/5110","targetHints":{"allow":["GET"]}}],"collection":[{"href":"https:\/\/longchangchemical.com\/fr\/wp-json\/wp\/v2\/product"}],"about":[{"href":"https:\/\/longchangchemical.com\/fr\/wp-json\/wp\/v2\/types\/product"}],"replies":[{"embeddable":true,"href":"https:\/\/longchangchemical.com\/fr\/wp-json\/wp\/v2\/comments?post=5110"}],"wp:featuredmedia":[{"embeddable":true,"href":"https:\/\/longchangchemical.com\/fr\/wp-json\/wp\/v2\/media\/5112"}],"wp:attachment":[{"href":"https:\/\/longchangchemical.com\/fr\/wp-json\/wp\/v2\/media?parent=5110"}],"wp:term":[{"taxonomy":"product_brand","embeddable":true,"href":"https:\/\/longchangchemical.com\/fr\/wp-json\/wp\/v2\/product_brand?post=5110"},{"taxonomy":"product_cat","embeddable":true,"href":"https:\/\/longchangchemical.com\/fr\/wp-json\/wp\/v2\/product_cat?post=5110"},{"taxonomy":"product_tag","embeddable":true,"href":"https:\/\/longchangchemical.com\/fr\/wp-json\/wp\/v2\/product_tag?post=5110"}],"curies":[{"name":"wp","href":"https:\/\/api.w.org\/{rel}","templated":true}]}}