{"id":5105,"date":"2022-03-07T08:36:54","date_gmt":"2022-03-07T08:36:54","guid":{"rendered":"https:\/\/longchangchemical.com\/?post_type=product&#038;p=5105"},"modified":"2025-12-22T07:12:35","modified_gmt":"2025-12-22T07:12:35","slug":"tta-tolytriazole-cas-29385-43-1","status":"publish","type":"product","link":"https:\/\/longchangchemical.com\/fr\/product\/tta-tolytriazole-cas-29385-43-1\/","title":{"rendered":"Santicor\u00aeTTA | Tolytriazole CAS 29385-43-1"},"content":{"rendered":"<h1>Santicor\u00aeTTA Tolytriazole CAS 29385-43-1<\/h1>\n<table style=\"border-collapse: collapse; width: 200.28pt;\" border=\"0\" width=\"267\" cellspacing=\"0\" cellpadding=\"0\">\n<tbody>\n<tr style=\"height: 39.00pt;\">\n<td class=\"et2\" style=\"height: 39.00pt; width: 89.25pt;\" width=\"119\" height=\"52\">projet<\/td>\n<td class=\"et3\" style=\"width: 111.00pt;\" width=\"148\">standard<\/td>\n<\/tr>\n<tr style=\"height: 39.00pt;\">\n<td class=\"et2\" style=\"height: 39.00pt;\" height=\"52\">Apparence<\/td>\n<td class=\"et3\" style=\"width: 111.00pt;\" width=\"148\">Granules ou poudre de couleur jaune clair \u00e0 blanche<\/td>\n<\/tr>\n<tr style=\"height: 39.00pt;\">\n<td class=\"et2\" style=\"height: 39.00pt;\" height=\"52\">puret\u00e9(%)<\/td>\n<td class=\"et3\" style=\"width: 111.00pt;\" width=\"148\">99.5 MIN<\/td>\n<\/tr>\n<tr style=\"height: 39.00pt;\">\n<td class=\"et2\" style=\"height: 39.00pt;\" height=\"52\">Point de fusion (\u00b0C)<\/td>\n<td class=\"et3\" style=\"width: 111.00pt;\" width=\"148\">80-86<\/td>\n<\/tr>\n<tr style=\"height: 39.00pt;\">\n<td class=\"et2\" style=\"height: 39.00pt;\" height=\"52\">Humidit\u00e9 (%)<\/td>\n<td class=\"et3\" style=\"width: 111.00pt;\" width=\"148\">0,2MAX<\/td>\n<\/tr>\n<tr style=\"height: 39.00pt;\">\n<td class=\"et2\" style=\"height: 39.00pt;\" height=\"52\">Fr\u00eane (%)<\/td>\n<td class=\"et3\" style=\"width: 111.00pt;\" width=\"148\">0,05MAX<\/td>\n<\/tr>\n<tr style=\"height: 39.00pt;\">\n<td class=\"et2\" style=\"height: 39.00pt;\" height=\"52\">PH<\/td>\n<td class=\"et3\" style=\"width: 111.00pt;\" width=\"148\">5.5-6.5<\/td>\n<\/tr>\n<tr style=\"height: 39.00pt;\">\n<td class=\"et2\" style=\"height: 39.00pt;\" height=\"52\">Solubilit\u00e9 dans l'alcool<\/td>\n<td class=\"et3\" style=\"width: 111.00pt;\" width=\"148\">Clair et transparent sans impuret\u00e9s m\u00e9caniques visibles<\/td>\n<\/tr>\n<\/tbody>\n<\/table>\n<h2><\/h2>\n<h2><strong>Utilisation du tolytriazole<\/strong><\/h2>\n<p>1. Ce produit est principalement utilis\u00e9 comme inhibiteur de rouille et de corrosion pour les m\u00e9taux (tels que l'argent, le cuivre, le plomb, le nickel, le zinc, etc.) Inhibiteur de corrosion, additif pour lubrifiant, antigel automobile.<\/p>\n<p>2. Ce produit peut \u00e9galement \u00eatre utilis\u00e9 comme agent de traitement de l'eau de circulation, en association avec divers inhibiteurs de tartre, bact\u00e9ricides et algicides, en particulier pour les syst\u00e8mes de refroidissement \u00e0 circulation ferm\u00e9e.<\/p>\n<p>Ce produit peut \u00eatre remplac\u00e9 par Methyl-1H-benzotriazole ; 1-methyl-1H-1,2,3-benzotriazole ; 1-methyl-1H-benzotriazole ; 1-methylbenzotriazole ; 4-Methyl-1H-1,2,3-benzotriazol ; 4-methyl-1H-benzotriazole ; 4-methyl-2H-benzotriazole ; 5-Methyl-1,2,3-benzotriazol ; METHYL 1H BENZOTYRIAZOLE.<\/p>\n<h2><strong>Emballage du tolytriazole<\/strong><\/h2>\n<p>Sac en papier kraft de 25 kg ou selon la demande du client.<\/p>\n<p>&nbsp;<\/p>\n<h2><strong>Produits de la m\u00eame s\u00e9rie<\/strong><\/h2>\n<table style=\"border-collapse: collapse; width: 362.27pt;\" border=\"0\" width=\"483\" cellspacing=\"0\" cellpadding=\"0\">\n<tbody>\n<tr style=\"height: 13.50pt;\">\n<td style=\"height: 13.50pt; width: 111.00pt;\" width=\"148\" height=\"18\">Santicor\u00ae TTA<\/td>\n<td style=\"width: 168.75pt;\" width=\"225\">Tolyltriazole<\/td>\n<td style=\"width: 82.50pt;\" width=\"110\">29385-43-1<\/td>\n<\/tr>\n<tr style=\"height: 13.50pt;\">\n<td style=\"height: 13.50pt;\" height=\"18\"><a href=\"https:\/\/longchangchemical.com\/fr\/product\/santicor-tta-s-tolytriazole-sodium-salt-64665-57-2\/\"><span style=\"color: #00ccff;\">Santicor\u00ae TTA-S<\/span><\/a><\/td>\n<td><span style=\"color: #000000;\">Sel de sodium de tolytriazole<\/span><\/td>\n<td><span style=\"color: #000000;\">64665-57-2<\/span><\/td>\n<\/tr>\n<tr style=\"height: 13.50pt;\">\n<td style=\"height: 13.50pt;\" height=\"18\">Santicor\u00ae TTA-2<\/td>\n<td>5-M\u00e9thyl-1H-benzotriazole<\/td>\n<td>136-85-6<\/td>\n<\/tr>\n<tr style=\"height: 13.50pt;\">\n<td style=\"height: 13.50pt;\" height=\"18\">Santicor\u00ae BTA<\/td>\n<td>1H-Benzotriazole<\/td>\n<td>95-14-7<\/td>\n<\/tr>\n<tr style=\"height: 13.50pt;\">\n<td style=\"height: 13.50pt;\" height=\"18\">Santicor\u00ae BTA-Na<\/td>\n<td>BENZOTRIAZOLE, SEL DE SODIUM<\/td>\n<td>15217-42-2<\/td>\n<\/tr>\n<\/tbody>\n<\/table>\n<p>&nbsp;<\/p>\n<h2><strong><b>Contactez-nous d\u00e8s maintenant !<\/b><\/strong><\/h2>\n<h4><strong><b>Si vous avez besoin de COA, MSDS ou TDS, veuillez remplir vos coordonn\u00e9es dans le formulaire ci-dessous, nous vous contacterons g\u00e9n\u00e9ralement dans les 24 heures. Vous pouvez \u00e9galement m'envoyer un courriel <span style=\"color: #0000ff;\"><a style=\"color: #0000ff;\" href=\"mailto:info@longchangchemical.com\">info@longchangchemical.com<\/a><\/span> pendant les heures de travail ( 8:30 am to 6:00 pm UTC+8 Mon.~Fri. ) ou utilisez le chat en direct du site web pour obtenir une r\u00e9ponse rapide.<\/b><\/strong><\/h4>","protected":false},"excerpt":{"rendered":"<p>Nom du produit : Tolutriazole<\/p>\n<p>Autre nom : M\u00e9thyl-1H-benzotriazole ; 1-m\u00e9thyl-1H-1,2,3-benzotriazole ; 1-m\u00e9thyl-1H-benzotriazole ; 1-m\u00e9thylbenzotriazole ; 4-M\u00e9thyl-1H-1,2,3-benzotriazol ; 4-m\u00e9thyl-1H-benzotriazole ; 4-m\u00e9thyl-2H-benzotriazole ; 5-M\u00e9thyl-1,2,3-benzotriazol ; METHYL 1H BENZOTYRIAZOLE.<\/p>\n<p>Num\u00e9ro CAS : 29385-43-1<\/p>\n<p>Poids mol\u00e9culaire : 133,15<\/p>\n<p>Formule chimique : C7H7N3<\/p>\n<p>Apparence : Ce produit se pr\u00e9sente sous la forme de granules ou de poudre de couleur jaune clair \u00e0 blanche, qui est un m\u00e9lange de 4-m\u00e9thylbenzotriazole et de 5-m\u00e9thyl-1H-benzotriazole.<\/p>","protected":false},"featured_media":5106,"comment_status":"open","ping_status":"closed","template":"","meta":[],"product_brand":[],"product_cat":[135],"product_tag":[],"class_list":{"0":"post-5105","1":"product","2":"type-product","3":"status-publish","4":"has-post-thumbnail","6":"product_cat-santicor-corrosion-inhibitor","8":"first","9":"instock","10":"shipping-taxable","11":"product-type-simple"},"yoast_head":"<!-- This site is optimized with the Yoast SEO plugin v25.3.1 - https:\/\/yoast.com\/wordpress\/plugins\/seo\/ -->\n<title>China Tolytriazole manufacturer \uff06 29385-43-1 supplier - Longchang Chemical<\/title>\n<meta name=\"description\" content=\"Longchang Chemical is China Tolytriazole manufacturer \uff06 29385-43-1 supplier. Tolutriazole can be replaced Methyl-1H-benzotriazole; 1-methyl-1H-1,2,3-benzotriazole; 1-methyl-1H-benzotriazole; 1-methylbenzotriazole; 4-Methyl-1H-1,2,3-benzotriazol; 4-methyl-1H-benzotriazole; 4-methyl-2H-benzotriazole; 5-Methyl-1,2,3-benzotriazol; METHYL 1H BENZOTYRIAZOLE.\" \/>\n<meta name=\"robots\" content=\"index, follow, max-snippet:-1, max-image-preview:large, max-video-preview:-1\" \/>\n<link rel=\"canonical\" href=\"https:\/\/longchangchemical.com\/fr\/product\/tta-tolytriazole-cas-29385-43-1\/\" \/>\n<meta property=\"og:locale\" content=\"fr_FR\" \/>\n<meta property=\"og:type\" content=\"article\" \/>\n<meta property=\"og:title\" content=\"China Tolytriazole manufacturer \uff06 29385-43-1 supplier - Longchang Chemical\" \/>\n<meta property=\"og:description\" content=\"Longchang Chemical is China Tolytriazole manufacturer \uff06 29385-43-1 supplier. Tolutriazole can be replaced Methyl-1H-benzotriazole; 1-methyl-1H-1,2,3-benzotriazole; 1-methyl-1H-benzotriazole; 1-methylbenzotriazole; 4-Methyl-1H-1,2,3-benzotriazol; 4-methyl-1H-benzotriazole; 4-methyl-2H-benzotriazole; 5-Methyl-1,2,3-benzotriazol; METHYL 1H BENZOTYRIAZOLE.\" \/>\n<meta property=\"og:url\" content=\"https:\/\/longchangchemical.com\/fr\/product\/tta-tolytriazole-cas-29385-43-1\/\" \/>\n<meta property=\"og:site_name\" content=\"Longchang Chemical\" \/>\n<meta property=\"article:modified_time\" content=\"2025-12-22T07:12:35+00:00\" \/>\n<meta property=\"og:image\" content=\"https:\/\/longchangchemical.com\/wp-content\/uploads\/2022\/03\/Santicor\u00aeTTA-Tolytriazole-CAS-29385-43-1.jpg\" \/>\n\t<meta property=\"og:image:width\" content=\"600\" \/>\n\t<meta property=\"og:image:height\" content=\"800\" \/>\n\t<meta property=\"og:image:type\" content=\"image\/jpeg\" \/>\n<meta name=\"twitter:card\" content=\"summary_large_image\" \/>\n<script type=\"application\/ld+json\" class=\"yoast-schema-graph\">{\"@context\":\"https:\/\/schema.org\",\"@graph\":[{\"@type\":\"WebPage\",\"@id\":\"https:\/\/longchangchemical.com\/product\/tta-tolytriazole-cas-29385-43-1\/\",\"url\":\"https:\/\/longchangchemical.com\/product\/tta-tolytriazole-cas-29385-43-1\/\",\"name\":\"China Tolytriazole manufacturer \uff06 29385-43-1 supplier - Longchang Chemical\",\"isPartOf\":{\"@id\":\"https:\/\/longchangchemical.com\/#website\"},\"primaryImageOfPage\":{\"@id\":\"https:\/\/longchangchemical.com\/product\/tta-tolytriazole-cas-29385-43-1\/#primaryimage\"},\"image\":{\"@id\":\"https:\/\/longchangchemical.com\/product\/tta-tolytriazole-cas-29385-43-1\/#primaryimage\"},\"thumbnailUrl\":\"https:\/\/longchangchemical.com\/wp-content\/uploads\/2022\/03\/Santicor\u00aeTTA-Tolytriazole-CAS-29385-43-1.jpg\",\"datePublished\":\"2022-03-07T08:36:54+00:00\",\"dateModified\":\"2025-12-22T07:12:35+00:00\",\"description\":\"Longchang Chemical is China Tolytriazole manufacturer \uff06 29385-43-1 supplier. Tolutriazole can be replaced Methyl-1H-benzotriazole; 1-methyl-1H-1,2,3-benzotriazole; 1-methyl-1H-benzotriazole; 1-methylbenzotriazole; 4-Methyl-1H-1,2,3-benzotriazol; 4-methyl-1H-benzotriazole; 4-methyl-2H-benzotriazole; 5-Methyl-1,2,3-benzotriazol; METHYL 1H BENZOTYRIAZOLE.\",\"breadcrumb\":{\"@id\":\"https:\/\/longchangchemical.com\/product\/tta-tolytriazole-cas-29385-43-1\/#breadcrumb\"},\"inLanguage\":\"fr-FR\",\"potentialAction\":[{\"@type\":\"ReadAction\",\"target\":[\"https:\/\/longchangchemical.com\/product\/tta-tolytriazole-cas-29385-43-1\/\"]}]},{\"@type\":\"ImageObject\",\"inLanguage\":\"fr-FR\",\"@id\":\"https:\/\/longchangchemical.com\/product\/tta-tolytriazole-cas-29385-43-1\/#primaryimage\",\"url\":\"https:\/\/longchangchemical.com\/wp-content\/uploads\/2022\/03\/Santicor\u00aeTTA-Tolytriazole-CAS-29385-43-1.jpg\",\"contentUrl\":\"https:\/\/longchangchemical.com\/wp-content\/uploads\/2022\/03\/Santicor\u00aeTTA-Tolytriazole-CAS-29385-43-1.jpg\",\"width\":600,\"height\":800},{\"@type\":\"BreadcrumbList\",\"@id\":\"https:\/\/longchangchemical.com\/product\/tta-tolytriazole-cas-29385-43-1\/#breadcrumb\",\"itemListElement\":[{\"@type\":\"ListItem\",\"position\":1,\"name\":\"Home\",\"item\":\"https:\/\/longchangchemical.com\/\"},{\"@type\":\"ListItem\",\"position\":2,\"name\":\"Products Longchang\",\"item\":\"https:\/\/longchangchemical.com\/product\/\"},{\"@type\":\"ListItem\",\"position\":3,\"name\":\"Santicor\u00aeTTA | Tolytriazole CAS 29385-43-1\"}]},{\"@type\":\"WebSite\",\"@id\":\"https:\/\/longchangchemical.com\/#website\",\"url\":\"https:\/\/longchangchemical.com\/\",\"name\":\"Longchang Chemical\",\"description\":\"China chemical manufacturer \uff06 supplier\",\"publisher\":{\"@id\":\"https:\/\/longchangchemical.com\/#organization\"},\"potentialAction\":[{\"@type\":\"SearchAction\",\"target\":{\"@type\":\"EntryPoint\",\"urlTemplate\":\"https:\/\/longchangchemical.com\/?s={search_term_string}\"},\"query-input\":{\"@type\":\"PropertyValueSpecification\",\"valueRequired\":true,\"valueName\":\"search_term_string\"}}],\"inLanguage\":\"fr-FR\"},{\"@type\":\"Organization\",\"@id\":\"https:\/\/longchangchemical.com\/#organization\",\"name\":\"Longchang Chemical\",\"url\":\"https:\/\/longchangchemical.com\/\",\"logo\":{\"@type\":\"ImageObject\",\"inLanguage\":\"fr-FR\",\"@id\":\"https:\/\/longchangchemical.com\/#\/schema\/logo\/image\/\",\"url\":\"https:\/\/longchangchemical.com\/wp-content\/uploads\/2020\/08\/cropped-longchang-logo.png\",\"contentUrl\":\"https:\/\/longchangchemical.com\/wp-content\/uploads\/2020\/08\/cropped-longchang-logo.png\",\"width\":512,\"height\":512,\"caption\":\"Longchang Chemical\"},\"image\":{\"@id\":\"https:\/\/longchangchemical.com\/#\/schema\/logo\/image\/\"}}]}<\/script>\n<!-- \/ Yoast SEO plugin. -->","yoast_head_json":{"title":"Fabricant chinois de Tolytriazole \uff06 29385-43-1 fournisseur - Longchang Chemical","description":"Longchang Chemical est un fabricant chinois de Tolytriazole \uff06 29385-43-1 fournisseur. Le tolutriazole peut \u00eatre remplac\u00e9 par le m\u00e9thyl-1H-benzotriazole ; le 1-m\u00e9thyl-1H-1,2,3-benzotriazole ; le 1-m\u00e9thyl-1H-benzotriazole ; le 1-m\u00e9thylbenzotriazole ; 4-M\u00e9thyl-1H-1,2,3-benzotriazole ; 4-m\u00e9thyl-1H-benzotriazole ; 4-m\u00e9thyl-2H-benzotriazole ; 5-M\u00e9thyl-1,2,3-benzotriazole ; METHYL 1H BENZOTYRIAZOLE.","robots":{"index":"index","follow":"follow","max-snippet":"max-snippet:-1","max-image-preview":"max-image-preview:large","max-video-preview":"max-video-preview:-1"},"canonical":"https:\/\/longchangchemical.com\/fr\/product\/tta-tolytriazole-cas-29385-43-1\/","og_locale":"fr_FR","og_type":"article","og_title":"China Tolytriazole manufacturer \uff06 29385-43-1 supplier - Longchang Chemical","og_description":"Longchang Chemical is China Tolytriazole manufacturer \uff06 29385-43-1 supplier. Tolutriazole can be replaced Methyl-1H-benzotriazole; 1-methyl-1H-1,2,3-benzotriazole; 1-methyl-1H-benzotriazole; 1-methylbenzotriazole; 4-Methyl-1H-1,2,3-benzotriazol; 4-methyl-1H-benzotriazole; 4-methyl-2H-benzotriazole; 5-Methyl-1,2,3-benzotriazol; METHYL 1H BENZOTYRIAZOLE.","og_url":"https:\/\/longchangchemical.com\/fr\/product\/tta-tolytriazole-cas-29385-43-1\/","og_site_name":"Longchang Chemical","article_modified_time":"2025-12-22T07:12:35+00:00","og_image":[{"width":600,"height":800,"url":"https:\/\/longchangchemical.com\/wp-content\/uploads\/2022\/03\/Santicor\u00aeTTA-Tolytriazole-CAS-29385-43-1.jpg","type":"image\/jpeg"}],"twitter_card":"summary_large_image","schema":{"@context":"https:\/\/schema.org","@graph":[{"@type":"WebPage","@id":"https:\/\/longchangchemical.com\/product\/tta-tolytriazole-cas-29385-43-1\/","url":"https:\/\/longchangchemical.com\/product\/tta-tolytriazole-cas-29385-43-1\/","name":"Fabricant chinois de Tolytriazole \uff06 29385-43-1 fournisseur - Longchang Chemical","isPartOf":{"@id":"https:\/\/longchangchemical.com\/#website"},"primaryImageOfPage":{"@id":"https:\/\/longchangchemical.com\/product\/tta-tolytriazole-cas-29385-43-1\/#primaryimage"},"image":{"@id":"https:\/\/longchangchemical.com\/product\/tta-tolytriazole-cas-29385-43-1\/#primaryimage"},"thumbnailUrl":"https:\/\/longchangchemical.com\/wp-content\/uploads\/2022\/03\/Santicor\u00aeTTA-Tolytriazole-CAS-29385-43-1.jpg","datePublished":"2022-03-07T08:36:54+00:00","dateModified":"2025-12-22T07:12:35+00:00","description":"Longchang Chemical est un fabricant chinois de Tolytriazole \uff06 29385-43-1 fournisseur. Le tolutriazole peut \u00eatre remplac\u00e9 par le m\u00e9thyl-1H-benzotriazole ; le 1-m\u00e9thyl-1H-1,2,3-benzotriazole ; le 1-m\u00e9thyl-1H-benzotriazole ; le 1-m\u00e9thylbenzotriazole ; 4-M\u00e9thyl-1H-1,2,3-benzotriazole ; 4-m\u00e9thyl-1H-benzotriazole ; 4-m\u00e9thyl-2H-benzotriazole ; 5-M\u00e9thyl-1,2,3-benzotriazole ; METHYL 1H BENZOTYRIAZOLE.","breadcrumb":{"@id":"https:\/\/longchangchemical.com\/product\/tta-tolytriazole-cas-29385-43-1\/#breadcrumb"},"inLanguage":"fr-FR","potentialAction":[{"@type":"ReadAction","target":["https:\/\/longchangchemical.com\/product\/tta-tolytriazole-cas-29385-43-1\/"]}]},{"@type":"ImageObject","inLanguage":"fr-FR","@id":"https:\/\/longchangchemical.com\/product\/tta-tolytriazole-cas-29385-43-1\/#primaryimage","url":"https:\/\/longchangchemical.com\/wp-content\/uploads\/2022\/03\/Santicor\u00aeTTA-Tolytriazole-CAS-29385-43-1.jpg","contentUrl":"https:\/\/longchangchemical.com\/wp-content\/uploads\/2022\/03\/Santicor\u00aeTTA-Tolytriazole-CAS-29385-43-1.jpg","width":600,"height":800},{"@type":"BreadcrumbList","@id":"https:\/\/longchangchemical.com\/product\/tta-tolytriazole-cas-29385-43-1\/#breadcrumb","itemListElement":[{"@type":"ListItem","position":1,"name":"Home","item":"https:\/\/longchangchemical.com\/"},{"@type":"ListItem","position":2,"name":"Products Longchang","item":"https:\/\/longchangchemical.com\/product\/"},{"@type":"ListItem","position":3,"name":"Santicor\u00aeTTA | Tolytriazole CAS 29385-43-1"}]},{"@type":"WebSite","@id":"https:\/\/longchangchemical.com\/#website","url":"https:\/\/longchangchemical.com\/","name":"Longchang Chemical","description":"Fabricant chinois de produits chimiques \uff06 fournisseur","publisher":{"@id":"https:\/\/longchangchemical.com\/#organization"},"potentialAction":[{"@type":"SearchAction","target":{"@type":"EntryPoint","urlTemplate":"https:\/\/longchangchemical.com\/?s={search_term_string}"},"query-input":{"@type":"PropertyValueSpecification","valueRequired":true,"valueName":"search_term_string"}}],"inLanguage":"fr-FR"},{"@type":"Organization","@id":"https:\/\/longchangchemical.com\/#organization","name":"Longchang Chemical","url":"https:\/\/longchangchemical.com\/","logo":{"@type":"ImageObject","inLanguage":"fr-FR","@id":"https:\/\/longchangchemical.com\/#\/schema\/logo\/image\/","url":"https:\/\/longchangchemical.com\/wp-content\/uploads\/2020\/08\/cropped-longchang-logo.png","contentUrl":"https:\/\/longchangchemical.com\/wp-content\/uploads\/2020\/08\/cropped-longchang-logo.png","width":512,"height":512,"caption":"Longchang Chemical"},"image":{"@id":"https:\/\/longchangchemical.com\/#\/schema\/logo\/image\/"}}]}},"_links":{"self":[{"href":"https:\/\/longchangchemical.com\/fr\/wp-json\/wp\/v2\/product\/5105","targetHints":{"allow":["GET"]}}],"collection":[{"href":"https:\/\/longchangchemical.com\/fr\/wp-json\/wp\/v2\/product"}],"about":[{"href":"https:\/\/longchangchemical.com\/fr\/wp-json\/wp\/v2\/types\/product"}],"replies":[{"embeddable":true,"href":"https:\/\/longchangchemical.com\/fr\/wp-json\/wp\/v2\/comments?post=5105"}],"wp:featuredmedia":[{"embeddable":true,"href":"https:\/\/longchangchemical.com\/fr\/wp-json\/wp\/v2\/media\/5106"}],"wp:attachment":[{"href":"https:\/\/longchangchemical.com\/fr\/wp-json\/wp\/v2\/media?parent=5105"}],"wp:term":[{"taxonomy":"product_brand","embeddable":true,"href":"https:\/\/longchangchemical.com\/fr\/wp-json\/wp\/v2\/product_brand?post=5105"},{"taxonomy":"product_cat","embeddable":true,"href":"https:\/\/longchangchemical.com\/fr\/wp-json\/wp\/v2\/product_cat?post=5105"},{"taxonomy":"product_tag","embeddable":true,"href":"https:\/\/longchangchemical.com\/fr\/wp-json\/wp\/v2\/product_tag?post=5105"}],"curies":[{"name":"wp","href":"https:\/\/api.w.org\/{rel}","templated":true}]}}