{"id":5085,"date":"2022-02-23T06:51:27","date_gmt":"2022-02-23T06:51:27","guid":{"rendered":"https:\/\/longchangchemical.com\/?post_type=product&#038;p=5085"},"modified":"2024-04-28T03:18:16","modified_gmt":"2024-04-28T03:18:16","slug":"refined-c5-petroleum-resin-for-adhesives","status":"publish","type":"product","link":"https:\/\/longchangchemical.com\/fr\/product\/refined-c5-petroleum-resin-for-adhesives\/","title":{"rendered":"R\u00e9sine de p\u00e9trole C5 raffin\u00e9e pour adh\u00e9sifs"},"content":{"rendered":"<h1><strong>R\u00e9sine de p\u00e9trole C5 raffin\u00e9e pour adh\u00e9sifs<\/strong><\/h1>\n<h2><strong>Utilisation<\/strong><\/h2>\n<h4>Dans l'industrie des adh\u00e9sifs et des produits d'\u00e9tanch\u00e9it\u00e9, les r\u00e9sines p\u00e9troli\u00e8res C5 occupent une place importante en tant que r\u00e9sines tackifiantes. Les plus utilis\u00e9es sont les adh\u00e9sifs thermofusibles et les adh\u00e9sifs sensibles \u00e0 la pression. Les r\u00e9sines de p\u00e9trole C5 raffin\u00e9es de la s\u00e9rie PRS\u00ae-A sont des r\u00e9sines de p\u00e9trole adapt\u00e9es aux adh\u00e9sifs thermofusibles et aux adh\u00e9sifs sensibles \u00e0 la pression. Elles pr\u00e9sentent une bonne compatibilit\u00e9 avec le SIS, le SBS, le SEBS, le SEPS et d'autres polym\u00e8res du styr\u00e8ne, le caoutchouc naturel, le caoutchouc synth\u00e9tique et l'EVA, etc., et sont compatibles avec les r\u00e9sines tackifiantes naturelles (terp\u00e8nes, colophane et ses d\u00e9riv\u00e9s). Ces derni\u00e8res ann\u00e9es, la r\u00e9sine de p\u00e9trole C5 a \u00e9t\u00e9 largement utilis\u00e9e en raison de sa grande force d'adh\u00e9rence au pelage, de sa bonne adh\u00e9sivit\u00e9 rapide, de son adh\u00e9rence stable, de sa viscosit\u00e9 \u00e0 l'\u00e9tat fondu mod\u00e9r\u00e9e, de sa bonne r\u00e9sistance \u00e0 la chaleur, de sa bonne compatibilit\u00e9 avec la matrice polym\u00e8re et de son prix peu \u00e9lev\u00e9. Elle remplace progressivement les adh\u00e9sifs \u00e0 base de r\u00e9sine naturelle (colophane et r\u00e9sines terp\u00e9niques) et occupe une place pr\u00e9pond\u00e9rante.<\/h4>\n<h2><strong>Caract\u00e9ristiques de la r\u00e9sine de p\u00e9trole C5 raffin\u00e9e Soresyn\u00ae-A1085, A1090, A1095, A1100, A2085, A2095, A2100, A2110 dans l'adh\u00e9sif thermofusible :<\/strong><\/h2>\n<h4>1. Bonne fluidit\u00e9, peut am\u00e9liorer la mouillabilit\u00e9 du mat\u00e9riau principal<br \/>\n2. Bonne viscosit\u00e9 et viscosit\u00e9 initiale exceptionnelle<br \/>\n3. Excellente r\u00e9sistance au vieillissement<br \/>\n4. Couleur claire<br \/>\n5. Transparent, faible odeur, faible teneur en mati\u00e8res volatiles<br \/>\n6. Dans les adh\u00e9sifs thermofusibles, la s\u00e9rie Soresyn\u00ae-A peut \u00eatre utilis\u00e9e seule comme r\u00e9sine tackifiante ou m\u00e9lang\u00e9e \u00e0 d'autres r\u00e9sines tackifiantes pour am\u00e9liorer certaines propri\u00e9t\u00e9s des adh\u00e9sifs thermofusibles.<br \/>\nDomaine d'application recommand\u00e9 : adh\u00e9sif thermofusible<br \/>\nAutres applications : adh\u00e9sif thermofusible, adh\u00e9sif \u00e0 base de solvant.<br \/>\nLa r\u00e9sine tackifiante avanc\u00e9e Soresyn\u00ae-A2020 \u00e0 bas point de ramollissement peut remplacer l'\u00e9quivalent de l'Escorez 2520 d'ExxonMobil.<\/h4>\n<h2><strong>Emballage<\/strong><\/h2>\n<h4>L'emballage du produit doit utiliser des sacs tiss\u00e9s en polypropyl\u00e8ne doubl\u00e9s de sacs en film poly\u00e9thyl\u00e8ne ou d'autres conditions d'emballage. Les mat\u00e9riaux d'emballage doivent garantir qu'ils ne sont pas pollu\u00e9s ou qu'ils ne fuient pas pendant le transport, l'empilage et le stockage, et que le contenu net est de 25 kg, 500 kg sans usure.<\/h4>\n<h2><strong>le transport<\/strong><\/h2>\n<h4>Ce produit n'est pas dangereux. Il est strictement interdit d'utiliser des outils tranchants tels que des crochets de fer pendant le transport, le chargement et le d\u00e9chargement, et de le jeter. Le moyen de transport doit \u00eatre propre, sec et \u00e9quip\u00e9 d'un abri. Pendant le transport, il ne doit pas \u00eatre m\u00e9lang\u00e9 avec du sable, du m\u00e9tal cass\u00e9, du charbon, du verre, etc., ni avec des mati\u00e8res toxiques, corrosives ou inflammables. L'exposition au soleil ou \u00e0 la pluie est strictement interdite. Douche.<\/h4>\n<h2><strong><b>Contactez-nous d\u00e8s maintenant !<\/b><\/strong><\/h2>\n<h4><strong><b>Si vous avez besoin d'un ACO ou d'un TDS, veuillez indiquer vos coordonn\u00e9es dans le formulaire ci-dessous. Nous vous contacterons g\u00e9n\u00e9ralement dans les 24 heures. Vous pouvez \u00e9galement m'envoyer un courriel <span style=\"color: #0000ff;\"><a style=\"color: #0000ff;\" href=\"mailto:info@longchangchemical.com\">info@longchangchemical.com<\/a><\/span> pendant les heures de travail ( 8:30 am to 6:00 pm UTC+8 Mon.~Sat. ) ou utilisez le chat en direct du site web pour obtenir une r\u00e9ponse rapide.<\/b><\/strong><\/h4>","protected":false},"excerpt":{"rendered":"<h4><strong><b>Si vous avez besoin d'un ACO ou d'un TDS, veuillez indiquer vos coordonn\u00e9es dans le formulaire ci-dessous. Nous vous contacterons g\u00e9n\u00e9ralement dans les 24 heures. Vous pouvez \u00e9galement m'envoyer un courriel <span style=\"color: #0000ff;\"><a style=\"color: #0000ff;\" href=\"mailto:info@longchangchemical.com\">info@longchangchemical.com<\/a><\/span><\/b><\/strong><\/h4>","protected":false},"featured_media":5082,"comment_status":"open","ping_status":"closed","template":"","meta":[],"product_brand":[],"product_cat":[69,116],"product_tag":[],"class_list":{"0":"post-5085","1":"product","2":"type-product","3":"status-publish","4":"has-post-thumbnail","6":"product_cat-catalysts-chemical-auxiliary-agents","7":"product_cat-soresyn-resin","9":"first","10":"instock","11":"shipping-taxable","12":"product-type-simple"},"yoast_head":"<!-- This site is optimized with the Yoast SEO plugin v25.3.1 - https:\/\/yoast.com\/wordpress\/plugins\/seo\/ -->\n<title>China Refined C5 Petroleum Resin supplier for Adhesives - Longchang chemical<\/title>\n<meta name=\"description\" content=\"Refined C5 Petroleum Resin for Adhesives. China refined C5 Petroleum Resin for Adhesives manufacturer \uff06 supplier. Soresyn\u00ae-A2020 low softening point advanced tackifying resin can replace the equivalent of ExxonMobil&#039;s Escorez 2520.\" \/>\n<meta name=\"robots\" content=\"index, follow, max-snippet:-1, max-image-preview:large, max-video-preview:-1\" \/>\n<link rel=\"canonical\" href=\"https:\/\/longchangchemical.com\/fr\/product\/refined-c5-petroleum-resin-for-adhesives\/\" \/>\n<meta property=\"og:locale\" content=\"fr_FR\" \/>\n<meta property=\"og:type\" content=\"article\" \/>\n<meta property=\"og:title\" content=\"China Refined C5 Petroleum Resin supplier for Adhesives - Longchang chemical\" \/>\n<meta property=\"og:description\" content=\"Refined C5 Petroleum Resin for Adhesives. China refined C5 Petroleum Resin for Adhesives manufacturer \uff06 supplier. Soresyn\u00ae-A2020 low softening point advanced tackifying resin can replace the equivalent of ExxonMobil&#039;s Escorez 2520.\" \/>\n<meta property=\"og:url\" content=\"https:\/\/longchangchemical.com\/fr\/product\/refined-c5-petroleum-resin-for-adhesives\/\" \/>\n<meta property=\"og:site_name\" content=\"Longchang Chemical\" \/>\n<meta property=\"article:modified_time\" content=\"2024-04-28T03:18:16+00:00\" \/>\n<meta property=\"og:image\" content=\"https:\/\/longchangchemical.com\/wp-content\/uploads\/2022\/02\/resin.png\" \/>\n\t<meta property=\"og:image:width\" content=\"600\" \/>\n\t<meta property=\"og:image:height\" content=\"600\" \/>\n\t<meta property=\"og:image:type\" content=\"image\/png\" \/>\n<meta name=\"twitter:card\" content=\"summary_large_image\" \/>\n<script type=\"application\/ld+json\" class=\"yoast-schema-graph\">{\"@context\":\"https:\/\/schema.org\",\"@graph\":[{\"@type\":\"WebPage\",\"@id\":\"https:\/\/longchangchemical.com\/product\/refined-c5-petroleum-resin-for-adhesives\/\",\"url\":\"https:\/\/longchangchemical.com\/product\/refined-c5-petroleum-resin-for-adhesives\/\",\"name\":\"China Refined C5 Petroleum Resin supplier for Adhesives - Longchang chemical\",\"isPartOf\":{\"@id\":\"https:\/\/longchangchemical.com\/#website\"},\"primaryImageOfPage\":{\"@id\":\"https:\/\/longchangchemical.com\/product\/refined-c5-petroleum-resin-for-adhesives\/#primaryimage\"},\"image\":{\"@id\":\"https:\/\/longchangchemical.com\/product\/refined-c5-petroleum-resin-for-adhesives\/#primaryimage\"},\"thumbnailUrl\":\"https:\/\/longchangchemical.com\/wp-content\/uploads\/2022\/02\/resin.png\",\"datePublished\":\"2022-02-23T06:51:27+00:00\",\"dateModified\":\"2024-04-28T03:18:16+00:00\",\"description\":\"Refined C5 Petroleum Resin for Adhesives. China refined C5 Petroleum Resin for Adhesives manufacturer \uff06 supplier. Soresyn\u00ae-A2020 low softening point advanced tackifying resin can replace the equivalent of ExxonMobil's Escorez 2520.\",\"breadcrumb\":{\"@id\":\"https:\/\/longchangchemical.com\/product\/refined-c5-petroleum-resin-for-adhesives\/#breadcrumb\"},\"inLanguage\":\"fr-FR\",\"potentialAction\":[{\"@type\":\"ReadAction\",\"target\":[\"https:\/\/longchangchemical.com\/product\/refined-c5-petroleum-resin-for-adhesives\/\"]}]},{\"@type\":\"ImageObject\",\"inLanguage\":\"fr-FR\",\"@id\":\"https:\/\/longchangchemical.com\/product\/refined-c5-petroleum-resin-for-adhesives\/#primaryimage\",\"url\":\"https:\/\/longchangchemical.com\/wp-content\/uploads\/2022\/02\/resin.png\",\"contentUrl\":\"https:\/\/longchangchemical.com\/wp-content\/uploads\/2022\/02\/resin.png\",\"width\":600,\"height\":600},{\"@type\":\"BreadcrumbList\",\"@id\":\"https:\/\/longchangchemical.com\/product\/refined-c5-petroleum-resin-for-adhesives\/#breadcrumb\",\"itemListElement\":[{\"@type\":\"ListItem\",\"position\":1,\"name\":\"Home\",\"item\":\"https:\/\/longchangchemical.com\/\"},{\"@type\":\"ListItem\",\"position\":2,\"name\":\"Products Longchang\",\"item\":\"https:\/\/longchangchemical.com\/product\/\"},{\"@type\":\"ListItem\",\"position\":3,\"name\":\"Refined C5 Petroleum Resin for Adhesives\"}]},{\"@type\":\"WebSite\",\"@id\":\"https:\/\/longchangchemical.com\/#website\",\"url\":\"https:\/\/longchangchemical.com\/\",\"name\":\"Longchang Chemical\",\"description\":\"China chemical manufacturer \uff06 supplier\",\"publisher\":{\"@id\":\"https:\/\/longchangchemical.com\/#organization\"},\"potentialAction\":[{\"@type\":\"SearchAction\",\"target\":{\"@type\":\"EntryPoint\",\"urlTemplate\":\"https:\/\/longchangchemical.com\/?s={search_term_string}\"},\"query-input\":{\"@type\":\"PropertyValueSpecification\",\"valueRequired\":true,\"valueName\":\"search_term_string\"}}],\"inLanguage\":\"fr-FR\"},{\"@type\":\"Organization\",\"@id\":\"https:\/\/longchangchemical.com\/#organization\",\"name\":\"Longchang Chemical\",\"url\":\"https:\/\/longchangchemical.com\/\",\"logo\":{\"@type\":\"ImageObject\",\"inLanguage\":\"fr-FR\",\"@id\":\"https:\/\/longchangchemical.com\/#\/schema\/logo\/image\/\",\"url\":\"https:\/\/longchangchemical.com\/wp-content\/uploads\/2020\/08\/cropped-longchang-logo.png\",\"contentUrl\":\"https:\/\/longchangchemical.com\/wp-content\/uploads\/2020\/08\/cropped-longchang-logo.png\",\"width\":512,\"height\":512,\"caption\":\"Longchang Chemical\"},\"image\":{\"@id\":\"https:\/\/longchangchemical.com\/#\/schema\/logo\/image\/\"}}]}<\/script>\n<!-- \/ Yoast SEO plugin. -->","yoast_head_json":{"title":"Fournisseur chinois de r\u00e9sine de p\u00e9trole raffin\u00e9e C5 pour adh\u00e9sifs - Longchang chemical","description":"R\u00e9sine de p\u00e9trole raffin\u00e9e C5 pour adh\u00e9sifs. R\u00e9sine de p\u00e9trole C5 raffin\u00e9e pour adh\u00e9sifs, fabricant \uff06 fournisseur chinois. La r\u00e9sine tackifiante avanc\u00e9e Soresyn\u00ae-A2020 \u00e0 bas point de ramollissement peut remplacer l'\u00e9quivalent de l'Escorez 2520 d'ExxonMobil.","robots":{"index":"index","follow":"follow","max-snippet":"max-snippet:-1","max-image-preview":"max-image-preview:large","max-video-preview":"max-video-preview:-1"},"canonical":"https:\/\/longchangchemical.com\/fr\/product\/refined-c5-petroleum-resin-for-adhesives\/","og_locale":"fr_FR","og_type":"article","og_title":"China Refined C5 Petroleum Resin supplier for Adhesives - Longchang chemical","og_description":"Refined C5 Petroleum Resin for Adhesives. China refined C5 Petroleum Resin for Adhesives manufacturer \uff06 supplier. Soresyn\u00ae-A2020 low softening point advanced tackifying resin can replace the equivalent of ExxonMobil's Escorez 2520.","og_url":"https:\/\/longchangchemical.com\/fr\/product\/refined-c5-petroleum-resin-for-adhesives\/","og_site_name":"Longchang Chemical","article_modified_time":"2024-04-28T03:18:16+00:00","og_image":[{"width":600,"height":600,"url":"https:\/\/longchangchemical.com\/wp-content\/uploads\/2022\/02\/resin.png","type":"image\/png"}],"twitter_card":"summary_large_image","schema":{"@context":"https:\/\/schema.org","@graph":[{"@type":"WebPage","@id":"https:\/\/longchangchemical.com\/product\/refined-c5-petroleum-resin-for-adhesives\/","url":"https:\/\/longchangchemical.com\/product\/refined-c5-petroleum-resin-for-adhesives\/","name":"Fournisseur chinois de r\u00e9sine de p\u00e9trole raffin\u00e9e C5 pour adh\u00e9sifs - Longchang chemical","isPartOf":{"@id":"https:\/\/longchangchemical.com\/#website"},"primaryImageOfPage":{"@id":"https:\/\/longchangchemical.com\/product\/refined-c5-petroleum-resin-for-adhesives\/#primaryimage"},"image":{"@id":"https:\/\/longchangchemical.com\/product\/refined-c5-petroleum-resin-for-adhesives\/#primaryimage"},"thumbnailUrl":"https:\/\/longchangchemical.com\/wp-content\/uploads\/2022\/02\/resin.png","datePublished":"2022-02-23T06:51:27+00:00","dateModified":"2024-04-28T03:18:16+00:00","description":"R\u00e9sine de p\u00e9trole raffin\u00e9e C5 pour adh\u00e9sifs. R\u00e9sine de p\u00e9trole C5 raffin\u00e9e pour adh\u00e9sifs, fabricant \uff06 fournisseur chinois. La r\u00e9sine tackifiante avanc\u00e9e Soresyn\u00ae-A2020 \u00e0 bas point de ramollissement peut remplacer l'\u00e9quivalent de l'Escorez 2520 d'ExxonMobil.","breadcrumb":{"@id":"https:\/\/longchangchemical.com\/product\/refined-c5-petroleum-resin-for-adhesives\/#breadcrumb"},"inLanguage":"fr-FR","potentialAction":[{"@type":"ReadAction","target":["https:\/\/longchangchemical.com\/product\/refined-c5-petroleum-resin-for-adhesives\/"]}]},{"@type":"ImageObject","inLanguage":"fr-FR","@id":"https:\/\/longchangchemical.com\/product\/refined-c5-petroleum-resin-for-adhesives\/#primaryimage","url":"https:\/\/longchangchemical.com\/wp-content\/uploads\/2022\/02\/resin.png","contentUrl":"https:\/\/longchangchemical.com\/wp-content\/uploads\/2022\/02\/resin.png","width":600,"height":600},{"@type":"BreadcrumbList","@id":"https:\/\/longchangchemical.com\/product\/refined-c5-petroleum-resin-for-adhesives\/#breadcrumb","itemListElement":[{"@type":"ListItem","position":1,"name":"Home","item":"https:\/\/longchangchemical.com\/"},{"@type":"ListItem","position":2,"name":"Products Longchang","item":"https:\/\/longchangchemical.com\/product\/"},{"@type":"ListItem","position":3,"name":"Refined C5 Petroleum Resin for Adhesives"}]},{"@type":"WebSite","@id":"https:\/\/longchangchemical.com\/#website","url":"https:\/\/longchangchemical.com\/","name":"Longchang Chemical","description":"Fabricant chinois de produits chimiques \uff06 fournisseur","publisher":{"@id":"https:\/\/longchangchemical.com\/#organization"},"potentialAction":[{"@type":"SearchAction","target":{"@type":"EntryPoint","urlTemplate":"https:\/\/longchangchemical.com\/?s={search_term_string}"},"query-input":{"@type":"PropertyValueSpecification","valueRequired":true,"valueName":"search_term_string"}}],"inLanguage":"fr-FR"},{"@type":"Organization","@id":"https:\/\/longchangchemical.com\/#organization","name":"Longchang Chemical","url":"https:\/\/longchangchemical.com\/","logo":{"@type":"ImageObject","inLanguage":"fr-FR","@id":"https:\/\/longchangchemical.com\/#\/schema\/logo\/image\/","url":"https:\/\/longchangchemical.com\/wp-content\/uploads\/2020\/08\/cropped-longchang-logo.png","contentUrl":"https:\/\/longchangchemical.com\/wp-content\/uploads\/2020\/08\/cropped-longchang-logo.png","width":512,"height":512,"caption":"Longchang Chemical"},"image":{"@id":"https:\/\/longchangchemical.com\/#\/schema\/logo\/image\/"}}]}},"_links":{"self":[{"href":"https:\/\/longchangchemical.com\/fr\/wp-json\/wp\/v2\/product\/5085","targetHints":{"allow":["GET"]}}],"collection":[{"href":"https:\/\/longchangchemical.com\/fr\/wp-json\/wp\/v2\/product"}],"about":[{"href":"https:\/\/longchangchemical.com\/fr\/wp-json\/wp\/v2\/types\/product"}],"replies":[{"embeddable":true,"href":"https:\/\/longchangchemical.com\/fr\/wp-json\/wp\/v2\/comments?post=5085"}],"wp:featuredmedia":[{"embeddable":true,"href":"https:\/\/longchangchemical.com\/fr\/wp-json\/wp\/v2\/media\/5082"}],"wp:attachment":[{"href":"https:\/\/longchangchemical.com\/fr\/wp-json\/wp\/v2\/media?parent=5085"}],"wp:term":[{"taxonomy":"product_brand","embeddable":true,"href":"https:\/\/longchangchemical.com\/fr\/wp-json\/wp\/v2\/product_brand?post=5085"},{"taxonomy":"product_cat","embeddable":true,"href":"https:\/\/longchangchemical.com\/fr\/wp-json\/wp\/v2\/product_cat?post=5085"},{"taxonomy":"product_tag","embeddable":true,"href":"https:\/\/longchangchemical.com\/fr\/wp-json\/wp\/v2\/product_tag?post=5085"}],"curies":[{"name":"wp","href":"https:\/\/api.w.org\/{rel}","templated":true}]}}