{"id":5069,"date":"2022-02-17T03:19:13","date_gmt":"2022-02-17T03:19:13","guid":{"rendered":"https:\/\/longchangchemical.com\/?post_type=product&#038;p=5069"},"modified":"2026-01-13T08:01:36","modified_gmt":"2026-01-13T08:01:36","slug":"benzalkonium-chloride-cas-63449-41-2","status":"publish","type":"product","link":"https:\/\/longchangchemical.com\/fr\/product\/benzalkonium-chloride-cas-63449-41-2\/","title":{"rendered":"Chlorure de benzalkonium CAS 63449-41-2"},"content":{"rendered":"<h1><strong>Chlorure de benzalkonium CAS 63449-41-2<\/strong><\/h1>\n<table width=\"477\">\n<tbody>\n<tr>\n<td width=\"223\">Nom du produit<\/td>\n<td width=\"254\">Lorure de benzalkonium\/BKC\/BKC80%\/BKC80<\/td>\n<\/tr>\n<tr>\n<td width=\"223\">Forme physique<\/td>\n<td width=\"254\">Incolore \u00e0 jaune p\u00e2le Liquide transparent<\/td>\n<\/tr>\n<tr>\n<td width=\"223\">No CAS<\/td>\n<td width=\"254\">63449-41-2<\/td>\n<\/tr>\n<tr>\n<td width=\"223\">Contenu actif<\/td>\n<td width=\"254\">50% ; 80%(\u00b11%)<\/td>\n<\/tr>\n<tr>\n<td width=\"223\">pH(10%Aq.Soln.)<\/td>\n<td width=\"254\">6-8<\/td>\n<\/tr>\n<tr>\n<td width=\"223\">Densit\u00e9 \u00e0 25\u00b0C (\u00b12)<\/td>\n<td width=\"254\">0.90-0.95<\/td>\n<\/tr>\n<tr>\n<td width=\"223\">Chlorhydrate d'amine libre<\/td>\n<td width=\"254\">NMT3.0% ; NMT6.0% ;<\/td>\n<\/tr>\n<tr>\n<td width=\"223\">Solubilit\u00e9<\/td>\n<td width=\"254\">Facilement soluble dans l'eau et l'alcool<\/td>\n<\/tr>\n<tr>\n<td width=\"223\">Alcalinit\u00e9\/Acidit\u00e9<\/td>\n<td width=\"254\">NMT 0,1 ml<\/td>\n<\/tr>\n<\/tbody>\n<\/table>\n<p><strong>Chlorure de benzalkonium Utilisation<\/strong><\/p>\n<p>1. Le chlorure de benzalkonium est un agent tensioactif cationique, un bact\u00e9ricide non oxydant, dot\u00e9 d'une capacit\u00e9 de st\u00e9rilisation et d'algicide \u00e0 large spectre et \u00e0 haute efficacit\u00e9, tout en ayant un certain degr\u00e9 d'\u00e9limination de l'huile, une capacit\u00e9 de d\u00e9sodorisation et d'inhibition de la corrosion, avec une capacit\u00e9 de st\u00e9rilisation et d'algicide \u00e0 large spectre et \u00e0 haute efficacit\u00e9 pour tuer les bact\u00e9ries sulfato-r\u00e9ductrices ont des effets sp\u00e9ciaux.<\/p>\n<p>2. Le chlorure de benzalkonium est moins toxique, ne pr\u00e9sente pas de toxicit\u00e9 cumulative et est facilement soluble dans l'eau, contrairement au traitement de l'eau au chlore qui contient du chlore r\u00e9siduel, provoquant une pollution secondaire. Il n'est pas affect\u00e9 par la duret\u00e9 de l'eau et est donc largement utilis\u00e9 dans les industries p\u00e9troli\u00e8re, chimique, \u00e9lectrique, textile et autres dans le syst\u00e8me de circulation de l'eau de refroidissement pour contr\u00f4ler la croissance des bact\u00e9ries et des algues dans le syst\u00e8me de circulation de l'eau de refroidissement, pour tuer les bact\u00e9ries sulfato-r\u00e9ductrices, et a un fort effet de d\u00e9capage des boues.<\/p>\n<p>3. a un bon effet de d\u00e9capage de la boue et une certaine dispersion, p\u00e9n\u00e9tration, peut contr\u00f4ler efficacement la reproduction des bact\u00e9ries et des algues dans l'eau et la croissance de la boue, la p\u00e9n\u00e9tration et l'\u00e9limination de la boue et le d\u00e9capage des algues attach\u00e9es, et a la capacit\u00e9 d'\u00e9liminer l'huile, mais aussi l'effet de nettoyage de l'huile.<\/p>\n<p>4. Le chlorure de benzalkonium peut \u00eatre utilis\u00e9 comme fongicide et agent anti-mildiou, adoucissant, agent antistatique, \u00e9mulsifiant, agent de conditionnement dans l'industrie de l'impression et de la teinture des textiles, et peut \u00e9galement \u00eatre utilis\u00e9 comme agent antiseptique et bact\u00e9ricide pour les lingettes humides.<\/p>\n<p><strong>Paquet de chlorure de benzalkonium<\/strong><\/p>\n<p>200 kgs<\/p>\n<h2><strong><b>Contactez-nous d\u00e8s maintenant !<\/b><\/strong><\/h2>\n<h4><strong><b>Si vous avez besoin d'un ACO, vous pouvez m'envoyer un courriel. <a href=\"mailto:info@longchangchemical.com\"><span style=\"color: #00ccff;\">info@longchangchemical.com<\/span><\/a> pendant les heures de travail ( 8:30 am to 6:00 pm UTC+8 Mon.~Sat. ) ou utilisez le chat en direct du site web pour obtenir une r\u00e9ponse rapide.<\/b><\/strong><\/h4>","protected":false},"excerpt":{"rendered":"<p>Nom du produit : Chlorure de benzalkonium<\/p>\n<p>NUM\u00c9RO DE CAS : 63449-41-2<\/p>\n<p>Formule mol\u00e9culaire : C21H38NCl<\/p>\n<p>Poids mol\u00e9culaire : 340,0<\/p>\n<p>Structure chimique :<img decoding=\"async\" title=\"Chlorure de benzalkonium Structure\" src=\"https:\/\/www.longchangchemical.com\/wp-content\/uploads\/product-details\/20200616340656.png\" alt=\"Chlorure de benzalkonium Structure\" width=\"209\" height=\"69\" border=\"0\" vspace=\"0\" \/><\/p>\n<p>Apparence : Liquide incolore \u00e0 jaune p\u00e2le.<\/p>\n<p>Puret\u00e9 : 50% ; 80%<\/p>","protected":false},"featured_media":4553,"comment_status":"closed","ping_status":"closed","template":"","meta":[],"product_brand":[],"product_cat":[109],"product_tag":[],"class_list":{"0":"post-5069","1":"product","2":"type-product","3":"status-publish","4":"has-post-thumbnail","6":"product_cat-water-treatment","8":"first","9":"instock","10":"shipping-taxable","11":"product-type-simple"},"yoast_head":"<!-- This site is optimized with the Yoast SEO plugin v25.3.1 - https:\/\/yoast.com\/wordpress\/plugins\/seo\/ -->\n<title>China Benzalkonium chloride manufacturer \uff06 CAS 63449-41-2 supplier - Longchang Chemical<\/title>\n<meta name=\"description\" content=\"China Benzalkonium chloride manufacturer \uff06 CAS 63449-41-2 supplier - Longchang Chemical\" \/>\n<meta name=\"robots\" content=\"index, follow, max-snippet:-1, max-image-preview:large, max-video-preview:-1\" \/>\n<link rel=\"canonical\" href=\"https:\/\/longchangchemical.com\/fr\/product\/benzalkonium-chloride-cas-63449-41-2\/\" \/>\n<meta property=\"og:locale\" content=\"fr_FR\" \/>\n<meta property=\"og:type\" content=\"article\" \/>\n<meta property=\"og:title\" content=\"China Benzalkonium chloride manufacturer \uff06 CAS 63449-41-2 supplier - Longchang Chemical\" \/>\n<meta property=\"og:description\" content=\"China Benzalkonium chloride manufacturer \uff06 CAS 63449-41-2 supplier - Longchang Chemical\" \/>\n<meta property=\"og:url\" content=\"https:\/\/longchangchemical.com\/fr\/product\/benzalkonium-chloride-cas-63449-41-2\/\" \/>\n<meta property=\"og:site_name\" content=\"Longchang Chemical\" \/>\n<meta property=\"article:modified_time\" content=\"2026-01-13T08:01:36+00:00\" \/>\n<meta property=\"og:image\" content=\"https:\/\/longchangchemical.com\/wp-content\/uploads\/2021\/01\/Appearance-20.jpg\" \/>\n\t<meta property=\"og:image:width\" content=\"600\" \/>\n\t<meta property=\"og:image:height\" content=\"800\" \/>\n\t<meta property=\"og:image:type\" content=\"image\/jpeg\" \/>\n<meta name=\"twitter:card\" content=\"summary_large_image\" \/>\n<script type=\"application\/ld+json\" class=\"yoast-schema-graph\">{\"@context\":\"https:\/\/schema.org\",\"@graph\":[{\"@type\":\"WebPage\",\"@id\":\"https:\/\/longchangchemical.com\/product\/benzalkonium-chloride-cas-63449-41-2\/\",\"url\":\"https:\/\/longchangchemical.com\/product\/benzalkonium-chloride-cas-63449-41-2\/\",\"name\":\"China Benzalkonium chloride manufacturer \uff06 CAS 63449-41-2 supplier - Longchang Chemical\",\"isPartOf\":{\"@id\":\"https:\/\/longchangchemical.com\/#website\"},\"primaryImageOfPage\":{\"@id\":\"https:\/\/longchangchemical.com\/product\/benzalkonium-chloride-cas-63449-41-2\/#primaryimage\"},\"image\":{\"@id\":\"https:\/\/longchangchemical.com\/product\/benzalkonium-chloride-cas-63449-41-2\/#primaryimage\"},\"thumbnailUrl\":\"https:\/\/longchangchemical.com\/wp-content\/uploads\/2021\/01\/Appearance-20.jpg\",\"datePublished\":\"2022-02-17T03:19:13+00:00\",\"dateModified\":\"2026-01-13T08:01:36+00:00\",\"description\":\"China Benzalkonium chloride manufacturer \uff06 CAS 63449-41-2 supplier - Longchang Chemical\",\"breadcrumb\":{\"@id\":\"https:\/\/longchangchemical.com\/product\/benzalkonium-chloride-cas-63449-41-2\/#breadcrumb\"},\"inLanguage\":\"fr-FR\",\"potentialAction\":[{\"@type\":\"ReadAction\",\"target\":[\"https:\/\/longchangchemical.com\/product\/benzalkonium-chloride-cas-63449-41-2\/\"]}]},{\"@type\":\"ImageObject\",\"inLanguage\":\"fr-FR\",\"@id\":\"https:\/\/longchangchemical.com\/product\/benzalkonium-chloride-cas-63449-41-2\/#primaryimage\",\"url\":\"https:\/\/longchangchemical.com\/wp-content\/uploads\/2021\/01\/Appearance-20.jpg\",\"contentUrl\":\"https:\/\/longchangchemical.com\/wp-content\/uploads\/2021\/01\/Appearance-20.jpg\",\"width\":600,\"height\":800},{\"@type\":\"BreadcrumbList\",\"@id\":\"https:\/\/longchangchemical.com\/product\/benzalkonium-chloride-cas-63449-41-2\/#breadcrumb\",\"itemListElement\":[{\"@type\":\"ListItem\",\"position\":1,\"name\":\"Home\",\"item\":\"https:\/\/longchangchemical.com\/\"},{\"@type\":\"ListItem\",\"position\":2,\"name\":\"Products Longchang\",\"item\":\"https:\/\/longchangchemical.com\/product\/\"},{\"@type\":\"ListItem\",\"position\":3,\"name\":\"Benzalkonium chloride CAS 63449-41-2\"}]},{\"@type\":\"WebSite\",\"@id\":\"https:\/\/longchangchemical.com\/#website\",\"url\":\"https:\/\/longchangchemical.com\/\",\"name\":\"Longchang Chemical\",\"description\":\"China chemical manufacturer \uff06 supplier\",\"publisher\":{\"@id\":\"https:\/\/longchangchemical.com\/#organization\"},\"potentialAction\":[{\"@type\":\"SearchAction\",\"target\":{\"@type\":\"EntryPoint\",\"urlTemplate\":\"https:\/\/longchangchemical.com\/?s={search_term_string}\"},\"query-input\":{\"@type\":\"PropertyValueSpecification\",\"valueRequired\":true,\"valueName\":\"search_term_string\"}}],\"inLanguage\":\"fr-FR\"},{\"@type\":\"Organization\",\"@id\":\"https:\/\/longchangchemical.com\/#organization\",\"name\":\"Longchang Chemical\",\"url\":\"https:\/\/longchangchemical.com\/\",\"logo\":{\"@type\":\"ImageObject\",\"inLanguage\":\"fr-FR\",\"@id\":\"https:\/\/longchangchemical.com\/#\/schema\/logo\/image\/\",\"url\":\"https:\/\/longchangchemical.com\/wp-content\/uploads\/2020\/08\/cropped-longchang-logo.png\",\"contentUrl\":\"https:\/\/longchangchemical.com\/wp-content\/uploads\/2020\/08\/cropped-longchang-logo.png\",\"width\":512,\"height\":512,\"caption\":\"Longchang Chemical\"},\"image\":{\"@id\":\"https:\/\/longchangchemical.com\/#\/schema\/logo\/image\/\"}}]}<\/script>\n<!-- \/ Yoast SEO plugin. -->","yoast_head_json":{"title":"Fabricant chinois de chlorure de benzalkonium \uff06 CAS 63449-41-2 fournisseur - Longchang Chemical","description":"Fabricant chinois de chlorure de benzalkonium \uff06 CAS 63449-41-2 fournisseur - Longchang Chemical","robots":{"index":"index","follow":"follow","max-snippet":"max-snippet:-1","max-image-preview":"max-image-preview:large","max-video-preview":"max-video-preview:-1"},"canonical":"https:\/\/longchangchemical.com\/fr\/product\/benzalkonium-chloride-cas-63449-41-2\/","og_locale":"fr_FR","og_type":"article","og_title":"China Benzalkonium chloride manufacturer \uff06 CAS 63449-41-2 supplier - Longchang Chemical","og_description":"China Benzalkonium chloride manufacturer \uff06 CAS 63449-41-2 supplier - Longchang Chemical","og_url":"https:\/\/longchangchemical.com\/fr\/product\/benzalkonium-chloride-cas-63449-41-2\/","og_site_name":"Longchang Chemical","article_modified_time":"2026-01-13T08:01:36+00:00","og_image":[{"width":600,"height":800,"url":"https:\/\/longchangchemical.com\/wp-content\/uploads\/2021\/01\/Appearance-20.jpg","type":"image\/jpeg"}],"twitter_card":"summary_large_image","schema":{"@context":"https:\/\/schema.org","@graph":[{"@type":"WebPage","@id":"https:\/\/longchangchemical.com\/product\/benzalkonium-chloride-cas-63449-41-2\/","url":"https:\/\/longchangchemical.com\/product\/benzalkonium-chloride-cas-63449-41-2\/","name":"Fabricant chinois de chlorure de benzalkonium \uff06 CAS 63449-41-2 fournisseur - Longchang Chemical","isPartOf":{"@id":"https:\/\/longchangchemical.com\/#website"},"primaryImageOfPage":{"@id":"https:\/\/longchangchemical.com\/product\/benzalkonium-chloride-cas-63449-41-2\/#primaryimage"},"image":{"@id":"https:\/\/longchangchemical.com\/product\/benzalkonium-chloride-cas-63449-41-2\/#primaryimage"},"thumbnailUrl":"https:\/\/longchangchemical.com\/wp-content\/uploads\/2021\/01\/Appearance-20.jpg","datePublished":"2022-02-17T03:19:13+00:00","dateModified":"2026-01-13T08:01:36+00:00","description":"Fabricant chinois de chlorure de benzalkonium \uff06 CAS 63449-41-2 fournisseur - Longchang Chemical","breadcrumb":{"@id":"https:\/\/longchangchemical.com\/product\/benzalkonium-chloride-cas-63449-41-2\/#breadcrumb"},"inLanguage":"fr-FR","potentialAction":[{"@type":"ReadAction","target":["https:\/\/longchangchemical.com\/product\/benzalkonium-chloride-cas-63449-41-2\/"]}]},{"@type":"ImageObject","inLanguage":"fr-FR","@id":"https:\/\/longchangchemical.com\/product\/benzalkonium-chloride-cas-63449-41-2\/#primaryimage","url":"https:\/\/longchangchemical.com\/wp-content\/uploads\/2021\/01\/Appearance-20.jpg","contentUrl":"https:\/\/longchangchemical.com\/wp-content\/uploads\/2021\/01\/Appearance-20.jpg","width":600,"height":800},{"@type":"BreadcrumbList","@id":"https:\/\/longchangchemical.com\/product\/benzalkonium-chloride-cas-63449-41-2\/#breadcrumb","itemListElement":[{"@type":"ListItem","position":1,"name":"Home","item":"https:\/\/longchangchemical.com\/"},{"@type":"ListItem","position":2,"name":"Products Longchang","item":"https:\/\/longchangchemical.com\/product\/"},{"@type":"ListItem","position":3,"name":"Benzalkonium chloride CAS 63449-41-2"}]},{"@type":"WebSite","@id":"https:\/\/longchangchemical.com\/#website","url":"https:\/\/longchangchemical.com\/","name":"Longchang Chemical","description":"Fabricant chinois de produits chimiques \uff06 fournisseur","publisher":{"@id":"https:\/\/longchangchemical.com\/#organization"},"potentialAction":[{"@type":"SearchAction","target":{"@type":"EntryPoint","urlTemplate":"https:\/\/longchangchemical.com\/?s={search_term_string}"},"query-input":{"@type":"PropertyValueSpecification","valueRequired":true,"valueName":"search_term_string"}}],"inLanguage":"fr-FR"},{"@type":"Organization","@id":"https:\/\/longchangchemical.com\/#organization","name":"Longchang Chemical","url":"https:\/\/longchangchemical.com\/","logo":{"@type":"ImageObject","inLanguage":"fr-FR","@id":"https:\/\/longchangchemical.com\/#\/schema\/logo\/image\/","url":"https:\/\/longchangchemical.com\/wp-content\/uploads\/2020\/08\/cropped-longchang-logo.png","contentUrl":"https:\/\/longchangchemical.com\/wp-content\/uploads\/2020\/08\/cropped-longchang-logo.png","width":512,"height":512,"caption":"Longchang Chemical"},"image":{"@id":"https:\/\/longchangchemical.com\/#\/schema\/logo\/image\/"}}]}},"_links":{"self":[{"href":"https:\/\/longchangchemical.com\/fr\/wp-json\/wp\/v2\/product\/5069","targetHints":{"allow":["GET"]}}],"collection":[{"href":"https:\/\/longchangchemical.com\/fr\/wp-json\/wp\/v2\/product"}],"about":[{"href":"https:\/\/longchangchemical.com\/fr\/wp-json\/wp\/v2\/types\/product"}],"replies":[{"embeddable":true,"href":"https:\/\/longchangchemical.com\/fr\/wp-json\/wp\/v2\/comments?post=5069"}],"wp:featuredmedia":[{"embeddable":true,"href":"https:\/\/longchangchemical.com\/fr\/wp-json\/wp\/v2\/media\/4553"}],"wp:attachment":[{"href":"https:\/\/longchangchemical.com\/fr\/wp-json\/wp\/v2\/media?parent=5069"}],"wp:term":[{"taxonomy":"product_brand","embeddable":true,"href":"https:\/\/longchangchemical.com\/fr\/wp-json\/wp\/v2\/product_brand?post=5069"},{"taxonomy":"product_cat","embeddable":true,"href":"https:\/\/longchangchemical.com\/fr\/wp-json\/wp\/v2\/product_cat?post=5069"},{"taxonomy":"product_tag","embeddable":true,"href":"https:\/\/longchangchemical.com\/fr\/wp-json\/wp\/v2\/product_tag?post=5069"}],"curies":[{"name":"wp","href":"https:\/\/api.w.org\/{rel}","templated":true}]}}