{"id":4860,"date":"2021-11-26T15:20:02","date_gmt":"2021-11-26T15:20:02","guid":{"rendered":"https:\/\/longchangchemical.com\/?post_type=product&#038;p=4860"},"modified":"2024-04-28T03:18:17","modified_gmt":"2024-04-28T03:18:17","slug":"soresyna1085","status":"publish","type":"product","link":"https:\/\/longchangchemical.com\/fr\/product\/soresyna1085\/","title":{"rendered":"Soresyn\u00aeA1085"},"content":{"rendered":"<h1><strong>Soresyn\u00aeA1085<\/strong><\/h1>\n<table width=\"497\">\n<tbody>\n<tr>\n<td width=\"147\">Code No.<\/td>\n<td colspan=\"3\" width=\"350\">Soresyn\u00ae-A1085<\/td>\n<\/tr>\n<tr>\n<td><\/td>\n<td>Super Grade<\/td>\n<td>Premi\u00e8re ann\u00e9e<\/td>\n<td>Grade qualifi\u00e9<\/td>\n<\/tr>\n<tr>\n<td>Apparence<\/td>\n<td colspan=\"3\">Granulaire<\/td>\n<\/tr>\n<tr>\n<td>Points d'adoucissement<\/td>\n<td colspan=\"3\">80-90<\/td>\n<\/tr>\n<tr>\n<td>Num\u00e9ro de couleur\u2264<\/td>\n<td>5<\/td>\n<td>6<\/td>\n<td>8<\/td>\n<\/tr>\n<tr>\n<td>Num\u00e9ro d'acide<\/td>\n<td colspan=\"3\">\u22641<\/td>\n<\/tr>\n<tr>\n<td width=\"147\">Viscosit\u00e9 de fusion mPa.s, \u2264<\/td>\n<td colspan=\"3\">Test \u00e0 la demande des clients<\/td>\n<\/tr>\n<tr>\n<td>Points d'\u00e9clair<\/td>\n<td colspan=\"3\">Test \u00e0 la demande des clients<\/td>\n<\/tr>\n<\/tbody>\n<\/table>\n<h2><strong>Emballage Soresyn\u00aeA1085<\/strong><\/h2>\n<h4>L'emballage du produit doit utiliser des sacs tiss\u00e9s en polypropyl\u00e8ne doubl\u00e9s de sacs en film poly\u00e9thyl\u00e8ne ou d'autres conditions d'emballage. Les mat\u00e9riaux d'emballage doivent garantir qu'ils ne sont pas pollu\u00e9s ou qu'ils ne fuient pas pendant le transport, l'empilage et le stockage, et que le contenu net est de 25 kg, 500 kg sans usure.<\/h4>\n<h2><strong>Transport Soresyn\u00aeA1085<\/strong><\/h2>\n<h4>Ce produit n'est pas dangereux. Il est strictement interdit d'utiliser des outils tranchants tels que des crochets de fer pendant le transport, le chargement et le d\u00e9chargement, et de le jeter. Le moyen de transport doit \u00eatre propre, sec et \u00e9quip\u00e9 d'un abri. Pendant le transport, il ne doit pas \u00eatre m\u00e9lang\u00e9 avec du sable, du m\u00e9tal cass\u00e9, du charbon, du verre, etc., ni avec des mati\u00e8res toxiques, corrosives ou inflammables. L'exposition au soleil ou \u00e0 la pluie est strictement interdite. Douche.<\/h4>\n<p>&nbsp;<\/p>\n<h2><strong><b>Contactez-nous d\u00e8s maintenant !<\/b><\/strong><\/h2>\n<h4><strong><b>Si vous avez besoin d'un ACO ou d'un TDS, veuillez indiquer vos coordonn\u00e9es dans le formulaire ci-dessous. Nous vous contacterons g\u00e9n\u00e9ralement dans les 24 heures. Vous pouvez \u00e9galement m'envoyer un courriel <span style=\"color: #0000ff;\"><a style=\"color: #0000ff;\" href=\"mailto:info@longchangchemical.com\">info@longchangchemical.com<\/a><\/span> pendant les heures de travail ( 8:30 am to 6:00 pm UTC+8 Mon.~Sat. ) ou utilisez le chat en direct du site web pour obtenir une r\u00e9ponse rapide.<\/b><\/strong><\/h4>","protected":false},"excerpt":{"rendered":"<h4><strong><b>Si vous avez besoin d'un ACO ou d'un TDS, veuillez indiquer vos coordonn\u00e9es dans le formulaire ci-dessous. Nous vous contacterons g\u00e9n\u00e9ralement dans les 24 heures. Vous pouvez \u00e9galement m'envoyer un courriel <span style=\"color: #0000ff;\"><a style=\"color: #0000ff;\" href=\"mailto:info@longchangchemical.com\">info@longchangchemical.com<\/a><\/span> pendant les heures de travail ( 8:30 am to 6:00 pm UTC+8 Mon.~Sat. )<\/b><\/strong><\/h4>","protected":false},"featured_media":4849,"comment_status":"open","ping_status":"closed","template":"","meta":[],"product_brand":[],"product_cat":[69,116],"product_tag":[],"class_list":{"0":"post-4860","1":"product","2":"type-product","3":"status-publish","4":"has-post-thumbnail","6":"product_cat-catalysts-chemical-auxiliary-agents","7":"product_cat-soresyn-resin","9":"first","10":"instock","11":"shipping-taxable","12":"product-type-simple"},"yoast_head":"<!-- This site is optimized with the Yoast SEO plugin v25.3.1 - https:\/\/yoast.com\/wordpress\/plugins\/seo\/ -->\n<title>China Soresyn\u00aeA1085 Manufacturer - Longchang Chemical<\/title>\n<meta name=\"description\" content=\"Soresyn\u00aeA1085 is a key product of Longchang Chemical. We provide the best price. We are the leading manufacturer in China with the best quality and competitive price.\" \/>\n<meta name=\"robots\" content=\"index, follow, max-snippet:-1, max-image-preview:large, max-video-preview:-1\" \/>\n<link rel=\"canonical\" href=\"https:\/\/longchangchemical.com\/fr\/product\/soresyna1085\/\" \/>\n<meta property=\"og:locale\" content=\"fr_FR\" \/>\n<meta property=\"og:type\" content=\"article\" \/>\n<meta property=\"og:title\" content=\"China Soresyn\u00aeA1085 Manufacturer - Longchang Chemical\" \/>\n<meta property=\"og:description\" content=\"Soresyn\u00aeA1085 is a key product of Longchang Chemical. We provide the best price. We are the leading manufacturer in China with the best quality and competitive price.\" \/>\n<meta property=\"og:url\" content=\"https:\/\/longchangchemical.com\/fr\/product\/soresyna1085\/\" \/>\n<meta property=\"og:site_name\" content=\"Longchang Chemical\" \/>\n<meta property=\"article:modified_time\" content=\"2024-04-28T03:18:17+00:00\" \/>\n<meta property=\"og:image\" content=\"https:\/\/longchangchemical.com\/wp-content\/uploads\/2021\/11\/5100-Appearance.jpg\" \/>\n\t<meta property=\"og:image:width\" content=\"600\" \/>\n\t<meta property=\"og:image:height\" content=\"800\" \/>\n\t<meta property=\"og:image:type\" content=\"image\/jpeg\" \/>\n<meta name=\"twitter:card\" content=\"summary_large_image\" \/>\n<script type=\"application\/ld+json\" class=\"yoast-schema-graph\">{\"@context\":\"https:\/\/schema.org\",\"@graph\":[{\"@type\":\"WebPage\",\"@id\":\"https:\/\/longchangchemical.com\/product\/soresyna1085\/\",\"url\":\"https:\/\/longchangchemical.com\/product\/soresyna1085\/\",\"name\":\"China Soresyn\u00aeA1085 Manufacturer - Longchang Chemical\",\"isPartOf\":{\"@id\":\"https:\/\/longchangchemical.com\/#website\"},\"primaryImageOfPage\":{\"@id\":\"https:\/\/longchangchemical.com\/product\/soresyna1085\/#primaryimage\"},\"image\":{\"@id\":\"https:\/\/longchangchemical.com\/product\/soresyna1085\/#primaryimage\"},\"thumbnailUrl\":\"https:\/\/longchangchemical.com\/wp-content\/uploads\/2021\/11\/5100-Appearance.jpg\",\"datePublished\":\"2021-11-26T15:20:02+00:00\",\"dateModified\":\"2024-04-28T03:18:17+00:00\",\"description\":\"Soresyn\u00aeA1085 is a key product of Longchang Chemical. We provide the best price. We are the leading manufacturer in China with the best quality and competitive price.\",\"breadcrumb\":{\"@id\":\"https:\/\/longchangchemical.com\/product\/soresyna1085\/#breadcrumb\"},\"inLanguage\":\"fr-FR\",\"potentialAction\":[{\"@type\":\"ReadAction\",\"target\":[\"https:\/\/longchangchemical.com\/product\/soresyna1085\/\"]}]},{\"@type\":\"ImageObject\",\"inLanguage\":\"fr-FR\",\"@id\":\"https:\/\/longchangchemical.com\/product\/soresyna1085\/#primaryimage\",\"url\":\"https:\/\/longchangchemical.com\/wp-content\/uploads\/2021\/11\/5100-Appearance.jpg\",\"contentUrl\":\"https:\/\/longchangchemical.com\/wp-content\/uploads\/2021\/11\/5100-Appearance.jpg\",\"width\":600,\"height\":800,\"caption\":\"A1085-Appearance\"},{\"@type\":\"BreadcrumbList\",\"@id\":\"https:\/\/longchangchemical.com\/product\/soresyna1085\/#breadcrumb\",\"itemListElement\":[{\"@type\":\"ListItem\",\"position\":1,\"name\":\"Home\",\"item\":\"https:\/\/longchangchemical.com\/\"},{\"@type\":\"ListItem\",\"position\":2,\"name\":\"Products Longchang\",\"item\":\"https:\/\/longchangchemical.com\/product\/\"},{\"@type\":\"ListItem\",\"position\":3,\"name\":\"Soresyn\u00aeA1085\"}]},{\"@type\":\"WebSite\",\"@id\":\"https:\/\/longchangchemical.com\/#website\",\"url\":\"https:\/\/longchangchemical.com\/\",\"name\":\"Longchang Chemical\",\"description\":\"China chemical manufacturer \uff06 supplier\",\"publisher\":{\"@id\":\"https:\/\/longchangchemical.com\/#organization\"},\"potentialAction\":[{\"@type\":\"SearchAction\",\"target\":{\"@type\":\"EntryPoint\",\"urlTemplate\":\"https:\/\/longchangchemical.com\/?s={search_term_string}\"},\"query-input\":{\"@type\":\"PropertyValueSpecification\",\"valueRequired\":true,\"valueName\":\"search_term_string\"}}],\"inLanguage\":\"fr-FR\"},{\"@type\":\"Organization\",\"@id\":\"https:\/\/longchangchemical.com\/#organization\",\"name\":\"Longchang Chemical\",\"url\":\"https:\/\/longchangchemical.com\/\",\"logo\":{\"@type\":\"ImageObject\",\"inLanguage\":\"fr-FR\",\"@id\":\"https:\/\/longchangchemical.com\/#\/schema\/logo\/image\/\",\"url\":\"https:\/\/longchangchemical.com\/wp-content\/uploads\/2020\/08\/cropped-longchang-logo.png\",\"contentUrl\":\"https:\/\/longchangchemical.com\/wp-content\/uploads\/2020\/08\/cropped-longchang-logo.png\",\"width\":512,\"height\":512,\"caption\":\"Longchang Chemical\"},\"image\":{\"@id\":\"https:\/\/longchangchemical.com\/#\/schema\/logo\/image\/\"}}]}<\/script>\n<!-- \/ Yoast SEO plugin. -->","yoast_head_json":{"title":"Fabricant chinois de Soresyn\u00aeA1085 - Longchang Chemical","description":"Soresyn\u00aeA1085 est un produit cl\u00e9 de Longchang Chemical. Nous fournissons le meilleur prix. Nous sommes le principal fabricant en Chine avec la meilleure qualit\u00e9 et un prix comp\u00e9titif.","robots":{"index":"index","follow":"follow","max-snippet":"max-snippet:-1","max-image-preview":"max-image-preview:large","max-video-preview":"max-video-preview:-1"},"canonical":"https:\/\/longchangchemical.com\/fr\/product\/soresyna1085\/","og_locale":"fr_FR","og_type":"article","og_title":"China Soresyn\u00aeA1085 Manufacturer - Longchang Chemical","og_description":"Soresyn\u00aeA1085 is a key product of Longchang Chemical. We provide the best price. We are the leading manufacturer in China with the best quality and competitive price.","og_url":"https:\/\/longchangchemical.com\/fr\/product\/soresyna1085\/","og_site_name":"Longchang Chemical","article_modified_time":"2024-04-28T03:18:17+00:00","og_image":[{"width":600,"height":800,"url":"https:\/\/longchangchemical.com\/wp-content\/uploads\/2021\/11\/5100-Appearance.jpg","type":"image\/jpeg"}],"twitter_card":"summary_large_image","schema":{"@context":"https:\/\/schema.org","@graph":[{"@type":"WebPage","@id":"https:\/\/longchangchemical.com\/product\/soresyna1085\/","url":"https:\/\/longchangchemical.com\/product\/soresyna1085\/","name":"Fabricant chinois de Soresyn\u00aeA1085 - Longchang Chemical","isPartOf":{"@id":"https:\/\/longchangchemical.com\/#website"},"primaryImageOfPage":{"@id":"https:\/\/longchangchemical.com\/product\/soresyna1085\/#primaryimage"},"image":{"@id":"https:\/\/longchangchemical.com\/product\/soresyna1085\/#primaryimage"},"thumbnailUrl":"https:\/\/longchangchemical.com\/wp-content\/uploads\/2021\/11\/5100-Appearance.jpg","datePublished":"2021-11-26T15:20:02+00:00","dateModified":"2024-04-28T03:18:17+00:00","description":"Soresyn\u00aeA1085 est un produit cl\u00e9 de Longchang Chemical. Nous fournissons le meilleur prix. Nous sommes le principal fabricant en Chine avec la meilleure qualit\u00e9 et un prix comp\u00e9titif.","breadcrumb":{"@id":"https:\/\/longchangchemical.com\/product\/soresyna1085\/#breadcrumb"},"inLanguage":"fr-FR","potentialAction":[{"@type":"ReadAction","target":["https:\/\/longchangchemical.com\/product\/soresyna1085\/"]}]},{"@type":"ImageObject","inLanguage":"fr-FR","@id":"https:\/\/longchangchemical.com\/product\/soresyna1085\/#primaryimage","url":"https:\/\/longchangchemical.com\/wp-content\/uploads\/2021\/11\/5100-Appearance.jpg","contentUrl":"https:\/\/longchangchemical.com\/wp-content\/uploads\/2021\/11\/5100-Appearance.jpg","width":600,"height":800,"caption":"A1085-Appearance"},{"@type":"BreadcrumbList","@id":"https:\/\/longchangchemical.com\/product\/soresyna1085\/#breadcrumb","itemListElement":[{"@type":"ListItem","position":1,"name":"Home","item":"https:\/\/longchangchemical.com\/"},{"@type":"ListItem","position":2,"name":"Products Longchang","item":"https:\/\/longchangchemical.com\/product\/"},{"@type":"ListItem","position":3,"name":"Soresyn\u00aeA1085"}]},{"@type":"WebSite","@id":"https:\/\/longchangchemical.com\/#website","url":"https:\/\/longchangchemical.com\/","name":"Longchang Chemical","description":"Fabricant chinois de produits chimiques \uff06 fournisseur","publisher":{"@id":"https:\/\/longchangchemical.com\/#organization"},"potentialAction":[{"@type":"SearchAction","target":{"@type":"EntryPoint","urlTemplate":"https:\/\/longchangchemical.com\/?s={search_term_string}"},"query-input":{"@type":"PropertyValueSpecification","valueRequired":true,"valueName":"search_term_string"}}],"inLanguage":"fr-FR"},{"@type":"Organization","@id":"https:\/\/longchangchemical.com\/#organization","name":"Longchang Chemical","url":"https:\/\/longchangchemical.com\/","logo":{"@type":"ImageObject","inLanguage":"fr-FR","@id":"https:\/\/longchangchemical.com\/#\/schema\/logo\/image\/","url":"https:\/\/longchangchemical.com\/wp-content\/uploads\/2020\/08\/cropped-longchang-logo.png","contentUrl":"https:\/\/longchangchemical.com\/wp-content\/uploads\/2020\/08\/cropped-longchang-logo.png","width":512,"height":512,"caption":"Longchang Chemical"},"image":{"@id":"https:\/\/longchangchemical.com\/#\/schema\/logo\/image\/"}}]}},"_links":{"self":[{"href":"https:\/\/longchangchemical.com\/fr\/wp-json\/wp\/v2\/product\/4860","targetHints":{"allow":["GET"]}}],"collection":[{"href":"https:\/\/longchangchemical.com\/fr\/wp-json\/wp\/v2\/product"}],"about":[{"href":"https:\/\/longchangchemical.com\/fr\/wp-json\/wp\/v2\/types\/product"}],"replies":[{"embeddable":true,"href":"https:\/\/longchangchemical.com\/fr\/wp-json\/wp\/v2\/comments?post=4860"}],"wp:featuredmedia":[{"embeddable":true,"href":"https:\/\/longchangchemical.com\/fr\/wp-json\/wp\/v2\/media\/4849"}],"wp:attachment":[{"href":"https:\/\/longchangchemical.com\/fr\/wp-json\/wp\/v2\/media?parent=4860"}],"wp:term":[{"taxonomy":"product_brand","embeddable":true,"href":"https:\/\/longchangchemical.com\/fr\/wp-json\/wp\/v2\/product_brand?post=4860"},{"taxonomy":"product_cat","embeddable":true,"href":"https:\/\/longchangchemical.com\/fr\/wp-json\/wp\/v2\/product_cat?post=4860"},{"taxonomy":"product_tag","embeddable":true,"href":"https:\/\/longchangchemical.com\/fr\/wp-json\/wp\/v2\/product_tag?post=4860"}],"curies":[{"name":"wp","href":"https:\/\/api.w.org\/{rel}","templated":true}]}}