{"id":4848,"date":"2021-11-23T15:05:50","date_gmt":"2021-11-23T15:05:50","guid":{"rendered":"https:\/\/longchangchemical.com\/?post_type=product&#038;p=4848"},"modified":"2022-04-07T04:43:09","modified_gmt":"2022-04-07T04:43:09","slug":"soresyn5100","status":"publish","type":"product","link":"https:\/\/longchangchemical.com\/fr\/product\/soresyn5100\/","title":{"rendered":"Soresyn\u00ae5100"},"content":{"rendered":"<h1>Qu'est-ce que Soresyn\u00ae5100 ?<\/h1>\n<h4>Le Soresyn\u00ae5100 est une r\u00e9sine DCPD hydrog\u00e9n\u00e9e, utilisant le dicyclopentadi\u00e8ne comme mati\u00e8re premi\u00e8re, le produit fini est un solide blanc comme l'eau, inodore, avec une excellente stabilit\u00e9 thermique, une forte r\u00e9sistance \u00e0 l'eau et aux UV, et l'EVA, le SIS, le SBS, le SEBS, l'APP, l'APAO ont une bonne compatibilit\u00e9. Il peut \u00eatre largement utilis\u00e9 dans les adh\u00e9sifs thermofusibles, les adh\u00e9sifs sensibles \u00e0 la pression, les rubans, les \u00e9tiquettes, les mat\u00e9riaux sanitaires, les m\u00e9langes de caoutchouc et d'autres domaines.<\/h4>\n<h2><strong>Emballage du Soresyn\u00ae5100<\/strong><\/h2>\n<h4>L'emballage du produit doit utiliser des sacs tiss\u00e9s en polypropyl\u00e8ne doubl\u00e9s de sacs en film poly\u00e9thyl\u00e8ne ou d'autres conditions d'emballage. Les mat\u00e9riaux d'emballage doivent garantir qu'ils ne sont pas pollu\u00e9s ou qu'ils ne fuient pas pendant le transport, l'empilage et le stockage, et que le contenu net est de 25 kg, 500 kg sans usure.<\/h4>\n<h2><strong>Transport Soresyn\u00ae5100<\/strong><\/h2>\n<h4>Ce produit n'est pas dangereux. Il est strictement interdit d'utiliser des outils tranchants tels que des crochets de fer pendant le transport, le chargement et le d\u00e9chargement, et de le jeter. Le moyen de transport doit \u00eatre propre, sec et \u00e9quip\u00e9 d'un abri. Pendant le transport, il ne doit pas \u00eatre m\u00e9lang\u00e9 avec du sable, du m\u00e9tal cass\u00e9, du charbon, du verre, etc., ni avec des mati\u00e8res toxiques, corrosives ou inflammables. L'exposition au soleil ou \u00e0 la pluie est strictement interdite. Douche.<\/h4>\n<p>&nbsp;<\/p>\n<h2><strong><b>Contactez-nous d\u00e8s maintenant !<\/b><\/strong><\/h2>\n<h4><strong><b>Si vous avez besoin d'un ACO ou d'un TDS, veuillez indiquer vos coordonn\u00e9es dans le formulaire ci-dessous. Nous vous contacterons g\u00e9n\u00e9ralement dans les 24 heures. Vous pouvez \u00e9galement m'envoyer un courriel <span style=\"color: #0000ff;\"><a style=\"color: #0000ff;\" href=\"mailto:info@longchangchemical.com\">info@longchangchemical.com<\/a><\/span> pendant les heures de travail ( 8:30 am to 6:00 pm UTC+8 Mon.~Sat. ) ou utilisez le chat en direct du site web pour obtenir une r\u00e9ponse rapide.<\/b><\/strong><\/h4>","protected":false},"excerpt":{"rendered":"<p>Qu'est-ce que le Soresyn\u00ae5100 ? Le Soresyn\u00ae5100 est une r\u00e9sine DCPD hydrog\u00e9n\u00e9e, utilisant le dicyclopentadi\u00e8ne comme mati\u00e8re premi\u00e8re, le produit fini est un solide blanc comme l'eau, inodore, avec une excellente stabilit\u00e9 thermique, une forte r\u00e9sistance \u00e0 l'eau et aux UV, et l'EVA, le SIS, le SBS, le SEBS, l'APP, l'APAO ont une bonne compatibilit\u00e9. Il peut \u00eatre largement utilis\u00e9 dans les adh\u00e9sifs thermofusibles, les adh\u00e9sifs sensibles \u00e0 la pression, les rubans, les \u00e9tiquettes, les mat\u00e9riaux sanitaires, [...]<\/p>","protected":false},"featured_media":4849,"comment_status":"open","ping_status":"closed","template":"","meta":[],"product_brand":[],"product_cat":[69,116],"product_tag":[],"class_list":{"0":"post-4848","1":"product","2":"type-product","3":"status-publish","4":"has-post-thumbnail","6":"product_cat-catalysts-chemical-auxiliary-agents","7":"product_cat-soresyn-resin","9":"first","10":"instock","11":"shipping-taxable","12":"product-type-simple"},"yoast_head":"<!-- This site is optimized with the Yoast SEO plugin v25.3.1 - https:\/\/yoast.com\/wordpress\/plugins\/seo\/ -->\n<title>China Soresyn\u00ae5100 C5 Hydrogenated DCPD resin Manufacturer - Longchang Chemical<\/title>\n<meta name=\"description\" content=\"Longchang Chemical is a China Soresyn\u00ae5100 C5 Hydrogenated DCPD resin Manufacturer and supplier. We can provide best Hydrogenated DCPD resin price. It can be widely used in hot-melt adhesives, pressure-sensitive adhesives, tapes, labels, sanitary materials, rubber mixing and other fields.\" \/>\n<meta name=\"robots\" content=\"index, follow, max-snippet:-1, max-image-preview:large, max-video-preview:-1\" \/>\n<link rel=\"canonical\" href=\"https:\/\/longchangchemical.com\/fr\/product\/soresyn5100\/\" \/>\n<meta property=\"og:locale\" content=\"fr_FR\" \/>\n<meta property=\"og:type\" content=\"article\" \/>\n<meta property=\"og:title\" content=\"China Soresyn\u00ae5100 C5 Hydrogenated DCPD resin Manufacturer - Longchang Chemical\" \/>\n<meta property=\"og:description\" content=\"Longchang Chemical is a China Soresyn\u00ae5100 C5 Hydrogenated DCPD resin Manufacturer and supplier. We can provide best Hydrogenated DCPD resin price. It can be widely used in hot-melt adhesives, pressure-sensitive adhesives, tapes, labels, sanitary materials, rubber mixing and other fields.\" \/>\n<meta property=\"og:url\" content=\"https:\/\/longchangchemical.com\/fr\/product\/soresyn5100\/\" \/>\n<meta property=\"og:site_name\" content=\"Longchang Chemical\" \/>\n<meta property=\"article:modified_time\" content=\"2022-04-07T04:43:09+00:00\" \/>\n<meta property=\"og:image\" content=\"https:\/\/longchangchemical.com\/wp-content\/uploads\/2021\/11\/5100-Appearance.jpg\" \/>\n\t<meta property=\"og:image:width\" content=\"600\" \/>\n\t<meta property=\"og:image:height\" content=\"800\" \/>\n\t<meta property=\"og:image:type\" content=\"image\/jpeg\" \/>\n<meta name=\"twitter:card\" content=\"summary_large_image\" \/>\n<script type=\"application\/ld+json\" class=\"yoast-schema-graph\">{\"@context\":\"https:\/\/schema.org\",\"@graph\":[{\"@type\":\"WebPage\",\"@id\":\"https:\/\/longchangchemical.com\/product\/soresyn5100\/\",\"url\":\"https:\/\/longchangchemical.com\/product\/soresyn5100\/\",\"name\":\"China Soresyn\u00ae5100 C5 Hydrogenated DCPD resin Manufacturer - Longchang Chemical\",\"isPartOf\":{\"@id\":\"https:\/\/longchangchemical.com\/#website\"},\"primaryImageOfPage\":{\"@id\":\"https:\/\/longchangchemical.com\/product\/soresyn5100\/#primaryimage\"},\"image\":{\"@id\":\"https:\/\/longchangchemical.com\/product\/soresyn5100\/#primaryimage\"},\"thumbnailUrl\":\"https:\/\/longchangchemical.com\/wp-content\/uploads\/2021\/11\/5100-Appearance.jpg\",\"datePublished\":\"2021-11-23T15:05:50+00:00\",\"dateModified\":\"2022-04-07T04:43:09+00:00\",\"description\":\"Longchang Chemical is a China Soresyn\u00ae5100 C5 Hydrogenated DCPD resin Manufacturer and supplier. We can provide best Hydrogenated DCPD resin price. It can be widely used in hot-melt adhesives, pressure-sensitive adhesives, tapes, labels, sanitary materials, rubber mixing and other fields.\",\"breadcrumb\":{\"@id\":\"https:\/\/longchangchemical.com\/product\/soresyn5100\/#breadcrumb\"},\"inLanguage\":\"fr-FR\",\"potentialAction\":[{\"@type\":\"ReadAction\",\"target\":[\"https:\/\/longchangchemical.com\/product\/soresyn5100\/\"]}]},{\"@type\":\"ImageObject\",\"inLanguage\":\"fr-FR\",\"@id\":\"https:\/\/longchangchemical.com\/product\/soresyn5100\/#primaryimage\",\"url\":\"https:\/\/longchangchemical.com\/wp-content\/uploads\/2021\/11\/5100-Appearance.jpg\",\"contentUrl\":\"https:\/\/longchangchemical.com\/wp-content\/uploads\/2021\/11\/5100-Appearance.jpg\",\"width\":600,\"height\":800,\"caption\":\"A1085-Appearance\"},{\"@type\":\"BreadcrumbList\",\"@id\":\"https:\/\/longchangchemical.com\/product\/soresyn5100\/#breadcrumb\",\"itemListElement\":[{\"@type\":\"ListItem\",\"position\":1,\"name\":\"Home\",\"item\":\"https:\/\/longchangchemical.com\/\"},{\"@type\":\"ListItem\",\"position\":2,\"name\":\"Products Longchang\",\"item\":\"https:\/\/longchangchemical.com\/product\/\"},{\"@type\":\"ListItem\",\"position\":3,\"name\":\"Soresyn\u00ae5100\"}]},{\"@type\":\"WebSite\",\"@id\":\"https:\/\/longchangchemical.com\/#website\",\"url\":\"https:\/\/longchangchemical.com\/\",\"name\":\"Longchang Chemical\",\"description\":\"China chemical manufacturer \uff06 supplier\",\"publisher\":{\"@id\":\"https:\/\/longchangchemical.com\/#organization\"},\"potentialAction\":[{\"@type\":\"SearchAction\",\"target\":{\"@type\":\"EntryPoint\",\"urlTemplate\":\"https:\/\/longchangchemical.com\/?s={search_term_string}\"},\"query-input\":{\"@type\":\"PropertyValueSpecification\",\"valueRequired\":true,\"valueName\":\"search_term_string\"}}],\"inLanguage\":\"fr-FR\"},{\"@type\":\"Organization\",\"@id\":\"https:\/\/longchangchemical.com\/#organization\",\"name\":\"Longchang Chemical\",\"url\":\"https:\/\/longchangchemical.com\/\",\"logo\":{\"@type\":\"ImageObject\",\"inLanguage\":\"fr-FR\",\"@id\":\"https:\/\/longchangchemical.com\/#\/schema\/logo\/image\/\",\"url\":\"https:\/\/longchangchemical.com\/wp-content\/uploads\/2020\/08\/cropped-longchang-logo.png\",\"contentUrl\":\"https:\/\/longchangchemical.com\/wp-content\/uploads\/2020\/08\/cropped-longchang-logo.png\",\"width\":512,\"height\":512,\"caption\":\"Longchang Chemical\"},\"image\":{\"@id\":\"https:\/\/longchangchemical.com\/#\/schema\/logo\/image\/\"}}]}<\/script>\n<!-- \/ Yoast SEO plugin. -->","yoast_head_json":{"title":"Fabricant de r\u00e9sine DCPD hydrog\u00e9n\u00e9e Soresyn\u00ae5100 C5 en Chine - Longchang Chemical","description":"Longchang Chemical est un fabricant et fournisseur chinois de r\u00e9sine DCPD hydrog\u00e9n\u00e9e Soresyn\u00ae5100 C5. Nous pouvons fournir le meilleur prix de r\u00e9sine DCPD hydrog\u00e9n\u00e9e. Elle peut \u00eatre largement utilis\u00e9e dans les adh\u00e9sifs thermofusibles, les adh\u00e9sifs sensibles \u00e0 la pression, les rubans, les \u00e9tiquettes, les mat\u00e9riaux sanitaires, les m\u00e9langes de caoutchouc et d'autres domaines.","robots":{"index":"index","follow":"follow","max-snippet":"max-snippet:-1","max-image-preview":"max-image-preview:large","max-video-preview":"max-video-preview:-1"},"canonical":"https:\/\/longchangchemical.com\/fr\/product\/soresyn5100\/","og_locale":"fr_FR","og_type":"article","og_title":"China Soresyn\u00ae5100 C5 Hydrogenated DCPD resin Manufacturer - Longchang Chemical","og_description":"Longchang Chemical is a China Soresyn\u00ae5100 C5 Hydrogenated DCPD resin Manufacturer and supplier. We can provide best Hydrogenated DCPD resin price. It can be widely used in hot-melt adhesives, pressure-sensitive adhesives, tapes, labels, sanitary materials, rubber mixing and other fields.","og_url":"https:\/\/longchangchemical.com\/fr\/product\/soresyn5100\/","og_site_name":"Longchang Chemical","article_modified_time":"2022-04-07T04:43:09+00:00","og_image":[{"width":600,"height":800,"url":"https:\/\/longchangchemical.com\/wp-content\/uploads\/2021\/11\/5100-Appearance.jpg","type":"image\/jpeg"}],"twitter_card":"summary_large_image","schema":{"@context":"https:\/\/schema.org","@graph":[{"@type":"WebPage","@id":"https:\/\/longchangchemical.com\/product\/soresyn5100\/","url":"https:\/\/longchangchemical.com\/product\/soresyn5100\/","name":"Fabricant de r\u00e9sine DCPD hydrog\u00e9n\u00e9e Soresyn\u00ae5100 C5 en Chine - Longchang Chemical","isPartOf":{"@id":"https:\/\/longchangchemical.com\/#website"},"primaryImageOfPage":{"@id":"https:\/\/longchangchemical.com\/product\/soresyn5100\/#primaryimage"},"image":{"@id":"https:\/\/longchangchemical.com\/product\/soresyn5100\/#primaryimage"},"thumbnailUrl":"https:\/\/longchangchemical.com\/wp-content\/uploads\/2021\/11\/5100-Appearance.jpg","datePublished":"2021-11-23T15:05:50+00:00","dateModified":"2022-04-07T04:43:09+00:00","description":"Longchang Chemical est un fabricant et fournisseur chinois de r\u00e9sine DCPD hydrog\u00e9n\u00e9e Soresyn\u00ae5100 C5. Nous pouvons fournir le meilleur prix de r\u00e9sine DCPD hydrog\u00e9n\u00e9e. Elle peut \u00eatre largement utilis\u00e9e dans les adh\u00e9sifs thermofusibles, les adh\u00e9sifs sensibles \u00e0 la pression, les rubans, les \u00e9tiquettes, les mat\u00e9riaux sanitaires, les m\u00e9langes de caoutchouc et d'autres domaines.","breadcrumb":{"@id":"https:\/\/longchangchemical.com\/product\/soresyn5100\/#breadcrumb"},"inLanguage":"fr-FR","potentialAction":[{"@type":"ReadAction","target":["https:\/\/longchangchemical.com\/product\/soresyn5100\/"]}]},{"@type":"ImageObject","inLanguage":"fr-FR","@id":"https:\/\/longchangchemical.com\/product\/soresyn5100\/#primaryimage","url":"https:\/\/longchangchemical.com\/wp-content\/uploads\/2021\/11\/5100-Appearance.jpg","contentUrl":"https:\/\/longchangchemical.com\/wp-content\/uploads\/2021\/11\/5100-Appearance.jpg","width":600,"height":800,"caption":"A1085-Appearance"},{"@type":"BreadcrumbList","@id":"https:\/\/longchangchemical.com\/product\/soresyn5100\/#breadcrumb","itemListElement":[{"@type":"ListItem","position":1,"name":"Home","item":"https:\/\/longchangchemical.com\/"},{"@type":"ListItem","position":2,"name":"Products Longchang","item":"https:\/\/longchangchemical.com\/product\/"},{"@type":"ListItem","position":3,"name":"Soresyn\u00ae5100"}]},{"@type":"WebSite","@id":"https:\/\/longchangchemical.com\/#website","url":"https:\/\/longchangchemical.com\/","name":"Longchang Chemical","description":"Fabricant chinois de produits chimiques \uff06 fournisseur","publisher":{"@id":"https:\/\/longchangchemical.com\/#organization"},"potentialAction":[{"@type":"SearchAction","target":{"@type":"EntryPoint","urlTemplate":"https:\/\/longchangchemical.com\/?s={search_term_string}"},"query-input":{"@type":"PropertyValueSpecification","valueRequired":true,"valueName":"search_term_string"}}],"inLanguage":"fr-FR"},{"@type":"Organization","@id":"https:\/\/longchangchemical.com\/#organization","name":"Longchang Chemical","url":"https:\/\/longchangchemical.com\/","logo":{"@type":"ImageObject","inLanguage":"fr-FR","@id":"https:\/\/longchangchemical.com\/#\/schema\/logo\/image\/","url":"https:\/\/longchangchemical.com\/wp-content\/uploads\/2020\/08\/cropped-longchang-logo.png","contentUrl":"https:\/\/longchangchemical.com\/wp-content\/uploads\/2020\/08\/cropped-longchang-logo.png","width":512,"height":512,"caption":"Longchang Chemical"},"image":{"@id":"https:\/\/longchangchemical.com\/#\/schema\/logo\/image\/"}}]}},"_links":{"self":[{"href":"https:\/\/longchangchemical.com\/fr\/wp-json\/wp\/v2\/product\/4848","targetHints":{"allow":["GET"]}}],"collection":[{"href":"https:\/\/longchangchemical.com\/fr\/wp-json\/wp\/v2\/product"}],"about":[{"href":"https:\/\/longchangchemical.com\/fr\/wp-json\/wp\/v2\/types\/product"}],"replies":[{"embeddable":true,"href":"https:\/\/longchangchemical.com\/fr\/wp-json\/wp\/v2\/comments?post=4848"}],"wp:featuredmedia":[{"embeddable":true,"href":"https:\/\/longchangchemical.com\/fr\/wp-json\/wp\/v2\/media\/4849"}],"wp:attachment":[{"href":"https:\/\/longchangchemical.com\/fr\/wp-json\/wp\/v2\/media?parent=4848"}],"wp:term":[{"taxonomy":"product_brand","embeddable":true,"href":"https:\/\/longchangchemical.com\/fr\/wp-json\/wp\/v2\/product_brand?post=4848"},{"taxonomy":"product_cat","embeddable":true,"href":"https:\/\/longchangchemical.com\/fr\/wp-json\/wp\/v2\/product_cat?post=4848"},{"taxonomy":"product_tag","embeddable":true,"href":"https:\/\/longchangchemical.com\/fr\/wp-json\/wp\/v2\/product_tag?post=4848"}],"curies":[{"name":"wp","href":"https:\/\/api.w.org\/{rel}","templated":true}]}}