{"id":4800,"date":"2021-10-11T15:30:07","date_gmt":"2021-10-11T15:30:07","guid":{"rendered":"https:\/\/longchangchemical.com\/?post_type=product&#038;p=4800"},"modified":"2026-01-12T06:03:48","modified_gmt":"2026-01-12T06:03:48","slug":"dmdee-cas-6425-39-4","status":"publish","type":"product","link":"https:\/\/longchangchemical.com\/fr\/product\/dmdee-cas-6425-39-4\/","title":{"rendered":"Sinocat\u00ae DMDEE CAS 6425-39-4"},"content":{"rendered":"<h1><strong>Sinocat\u00ae DMDEE CAS 6425-39-4<\/strong><\/h1>\n<table>\n<tbody>\n<tr>\n<td width=\"324\">\n<h4>Objet<\/h4>\n<\/td>\n<td width=\"322\">\n<h4>Standard<\/h4>\n<\/td>\n<\/tr>\n<tr>\n<td width=\"324\">\n<h4>Apparence<\/h4>\n<\/td>\n<td width=\"322\">\n<h4>Liquide transparent incolore<\/h4>\n<\/td>\n<\/tr>\n<tr>\n<td width=\"324\">\n<h4>Chromaticit\u00e9<\/h4>\n<\/td>\n<td width=\"322\">\n<h4>\uff1c2<\/h4>\n<\/td>\n<\/tr>\n<tr>\n<td width=\"324\">\n<h4>Teneur en eau<\/h4>\n<\/td>\n<td width=\"322\">\n<h4>\u22640.1%<\/h4>\n<\/td>\n<\/tr>\n<tr>\n<td width=\"324\">\n<h4>Contenu<\/h4>\n<\/td>\n<td width=\"322\">\n<h4>\u226599%<\/h4>\n<\/td>\n<\/tr>\n<\/tbody>\n<\/table>\n<p>&nbsp;<\/p>\n<h2><strong>Sinocat\u00ae DMDEE Application :<\/strong><\/h2>\n<h4>Sinocat\u00ae DMDEE convient aux syst\u00e8mes de durcissement \u00e0 l'eau et est un puissant catalyseur de mousse. En raison de l'encombrement st\u00e9rique des groupes amino, la p\u00e9riode de stockage des composants NCO peut \u00eatre prolong\u00e9e. Il convient \u00e0 la r\u00e9action catalytique des NCO et de l'eau dans des syst\u00e8mes tels que le TDI, le MDI et l'IPDI. Sinocat\u00ae DMDEE est principalement utilis\u00e9 dans les syst\u00e8mes de mousse de polyur\u00e9thane rigide \u00e0 un composant, mais il peut \u00e9galement \u00eatre utilis\u00e9 pour la mousse souple de polyur\u00e9thane poly\u00e9ther et polyester, la mousse semi-rigide, le mat\u00e9riau CASE, etc. La quantit\u00e9 ajout\u00e9e repr\u00e9sente 0,3-0,55% du composant poly\u00e9ther\/ester.<\/h4>\n<h4>Ce produit peut remplacer le 2,2\u2032-Dimorpholinodiethyl ether ; 2,2-dimorfolin dietiletere ; 4,4\u2032-(oxydiethane-2,1-diyl)dimorpholine ; 4-[2-(2-morpholin-4-ylethoxy)ethyl]morpholine ; 4-{2-[2-(morpholin-4-yl)ethoxy]ethyl}morpholine.<\/h4>\n<p>Catalyseur pour la polym\u00e9risation du polyur\u00e9thane : Le DMDEE peut \u00eatre utilis\u00e9 comme catalyseur pour la polym\u00e9risation du polyur\u00e9thane afin de faciliter la synth\u00e8se de mat\u00e9riaux en polyur\u00e9thane. Dans la r\u00e9action de polym\u00e9risation, le DMDEE r\u00e9agit avec l'isocyanate (g\u00e9n\u00e9ralement le diisocyanate) pour former un nucl\u00e9ophile, qui d\u00e9clenche \u00e0 son tour la r\u00e9action de polym\u00e9risation. Le DMDEE peut acc\u00e9l\u00e9rer le processus de durcissement des mat\u00e9riaux en polyur\u00e9thane, en am\u00e9liorant la vitesse et l'efficacit\u00e9 de la r\u00e9action.<\/p>\n<p>Rev\u00eatements et adh\u00e9sifs en polyur\u00e9thane : Le DMDEE est largement utilis\u00e9 dans la fabrication de rev\u00eatements et d'adh\u00e9sifs en polyur\u00e9thane. Il favorise le processus de durcissement des rev\u00eatements et des adh\u00e9sifs et am\u00e9liore leur liaison et leur durabilit\u00e9. L'ajout de DMDEE conf\u00e8re aux rev\u00eatements de polyur\u00e9thane une bonne r\u00e9sistance aux intemp\u00e9ries, aux produits chimiques et \u00e0 l'abrasion pour une large gamme d'applications dans les rev\u00eatements et les adh\u00e9sifs.<\/p>\n<p>\u00c9lastom\u00e8res de polyur\u00e9thane : Le DMDEE joue un r\u00f4le cl\u00e9 dans la fabrication des \u00e9lastom\u00e8res de polyur\u00e9thane. L'ajout de DMDEE \u00e0 la r\u00e9action de polym\u00e9risation permet d'ajuster la duret\u00e9, l'\u00e9lasticit\u00e9 et la r\u00e9sistance \u00e0 l'abrasion des \u00e9lastom\u00e8res de polyur\u00e9thane. Les \u00e9lastom\u00e8res de polyur\u00e9thane sont utilis\u00e9s dans une large gamme d'applications telles que la construction automobile, les mat\u00e9riaux de construction, les semelles de chaussures, les meubles et les coussins.<\/p>\n<p>Mousse de polyur\u00e9thane : Le DMDEE joue un r\u00f4le de catalyseur dans la pr\u00e9paration de la mousse de polyur\u00e9thane. Il peut favoriser la r\u00e9action de moussage de la mousse de polyur\u00e9thane, de sorte que le mat\u00e9riau en mousse obtienne une structure de pores et des propri\u00e9t\u00e9s physiques id\u00e9ales. La mousse de polyur\u00e9thane est largement utilis\u00e9e dans les mat\u00e9riaux d'isolation, les mat\u00e9riaux de remplissage, les mat\u00e9riaux d'absorption acoustique et les mat\u00e9riaux de rembourrage.<\/p>\n<p>Autres applications : Le DMDEE peut \u00e9galement \u00eatre utilis\u00e9 dans le processus de fabrication d'adh\u00e9sifs \u00e9lastiques en polyur\u00e9thane, de mat\u00e9riaux d'\u00e9tanch\u00e9it\u00e9, de peintures imperm\u00e9ables, de rev\u00eatements et d'adh\u00e9sifs. Il pr\u00e9sente une meilleure stabilit\u00e9 et une meilleure maniabilit\u00e9, et peut am\u00e9liorer les performances et la qualit\u00e9 des produits.<\/p>\n<h2><strong><b>Sinocat\u00ae DMDEE Stockage :<\/b><\/strong><\/h2>\n<h4>Stock\u00e9 dans un endroit frais et sec, \u00e0 l'abri de la lumi\u00e8re directe du soleil.<\/h4>\n<h2><strong>Sinocat\u00ae DMDEE Emballage<\/strong>:<\/h2>\n<h4>220 kg\/tambour.<\/h4>\n<h2><strong><b>Contactez-nous d\u00e8s maintenant !<\/b><\/strong><\/h2>\n<h4><strong><b>Si vous avez besoin de Price, veuillez indiquer vos coordonn\u00e9es dans le formulaire ci-dessous. Nous vous contacterons g\u00e9n\u00e9ralement dans les 24 heures. Vous pouvez \u00e9galement m'envoyer un courriel <span style=\"color: #0000ff;\"><a style=\"color: #0000ff;\" href=\"mailto:info@longchangchemical.com\">info@longchangchemical.com<\/a><\/span> pendant les heures de travail ( 8:30 am to 6:00 pm UTC+8 Mon.~Sat. ) ou utilisez le chat en direct du site web pour obtenir une r\u00e9ponse rapide.<\/b><\/strong><\/h4>\n<p><!--more--><\/p>\n<p>Est-ce le propre d'un catalyseur de faire baisser la temp\u00e9rature lors d'une r\u00e9action violente ?<\/p>\n<p>L'essence d'un catalyseur n'est pas d'abaisser la temp\u00e9rature lors d'une r\u00e9action violente, mais d'acc\u00e9l\u00e9rer la vitesse de la r\u00e9action en abaissant l'\u00e9nergie d'activation de la r\u00e9action. L'\u00e9nergie d'activation est la quantit\u00e9 minimale d'\u00e9nergie requise pour convertir un r\u00e9actif en produit, et peut \u00e9galement \u00eatre consid\u00e9r\u00e9e comme la barri\u00e8re \u00e9nerg\u00e9tique que le r\u00e9actif doit surmonter au cours de la r\u00e9action. Dans une r\u00e9action chimique, si les r\u00e9actifs ne sont pas en mesure de surmonter la barri\u00e8re \u00e9nerg\u00e9tique, la r\u00e9action ne peut avoir lieu. Un catalyseur facilite la r\u00e9action en r\u00e9duisant la quantit\u00e9 d'\u00e9nergie n\u00e9cessaire aux r\u00e9actifs pour surmonter cette barri\u00e8re \u00e9nerg\u00e9tique.<\/p>\n<p>Bien qu'un catalyseur diminue l'\u00e9nergie d'activation d'une r\u00e9action, il n'abaisse pas la temp\u00e9rature d'une r\u00e9action violente. Les catalyseurs permettent aux r\u00e9actions de se produire dans des conditions plus douces, mais ils n'abaissent pas non plus la temp\u00e9rature d'une r\u00e9action lorsqu'elle n\u00e9cessite une grande quantit\u00e9 d'\u00e9nergie thermique. En outre, les catalyseurs peuvent \u00e9galement acc\u00e9l\u00e9rer le rythme des r\u00e9actions violentes qui peuvent entra\u00eener des temp\u00e9ratures ou des pressions \u00e9lev\u00e9es. Ainsi, le r\u00f4le d'un catalyseur n'est pas d'acc\u00e9l\u00e9rer une r\u00e9action en abaissant sa temp\u00e9rature, mais plut\u00f4t d'acc\u00e9l\u00e9rer la vitesse de la r\u00e9action en modifiant les interactions entre les r\u00e9actifs.<\/p>\n<p>La plupart des PUR (adh\u00e9sifs thermofusibles) utilisent un catalyseur, l'\u00e9ther di\u00e9thylique bis-morpholino DMDEE, num\u00e9ro CAS : 6425-39-4.<\/p>\n<p>Sa quantit\u00e9 dans la formule est tr\u00e8s faible, g\u00e9n\u00e9ralement comprise entre 0,05% et 0,5%, mais il joue un r\u00f4le essentiel : il favorise la r\u00e9action entre l'isocyanate et le gaz aqueux, acc\u00e9l\u00e9rant ainsi la vitesse de durcissement.<\/p>\n<p>Il existe de nombreux types de catalyseurs pour polyur\u00e9thane, pourquoi DMDEE ?<\/p>\n<p>En effet, il permet non seulement d'am\u00e9liorer la vitesse de durcissement du PUR, mais aussi de maintenir une bonne stabilit\u00e9 thermique, c'est-\u00e0-dire une croissance relativement lente de la viscosit\u00e9 \u00e0 des temp\u00e9ratures \u00e9lev\u00e9es.<\/p>\n<p>Et pas de catalyseur PUR que la plupart des catalyseurs peuvent acc\u00e9l\u00e9rer la vitesse de durcissement du PUR, dont le DMDEE est l'effet le plus \u00e9vident, dans les 30 minutes peut rapidement augmenter la r\u00e9sistance au cisaillement de 14psi \u00e0 200psi, durcissement 1 heure apr\u00e8s la force d'adh\u00e9rence a atteint le niveau de deux jours de durcissement.<\/p>\n<p>En plus de pr\u00e9senter la vitesse de r\u00e9ticulation la plus rapide, le DMDEE a la meilleure stabilit\u00e9 de stockage thermique. Dans des conditions de chauffage \u00e0 120\u00b0C, le syst\u00e8me DMDEE de PUR a \u00e9valu\u00e9 un taux de croissance horaire de la viscosit\u00e9 de seulement 3,1%, soit seulement 0,5% de plus que le taux de croissance de 2,6% du syst\u00e8me PUR sans catalyseur. D'autres catalyseurs ont un taux de croissance de la viscosit\u00e9 d'au moins 6,2% par heure.<\/p>\n<p>En outre, bien que le DMDEE soit utilis\u00e9 en tr\u00e8s petites quantit\u00e9s, de l\u00e9g\u00e8res variations peuvent entra\u00eener des fluctuations importantes des performances. En augmentant simplement la teneur en DMDEE de 0,05% \u00e0 0,1%, la r\u00e9sistance au cisaillement du produit durci pendant 30 minutes, 1 heure et 1,5 heure a chang\u00e9 brusquement.<\/p>\n<p>Parall\u00e8lement, si vous souhaitez obtenir un PUR \u00e0 durcissement rapide, l'une des m\u00e9thodes efficaces et imm\u00e9diates consiste \u00e0 augmenter la teneur en DMDEE de 0,05% \u00e0 0,15%, et vous pouvez obtenir une r\u00e9sistance au cisaillement de 290 psi en 1,5 heure, ce qui est pratiquement \u00e9quivalent \u00e0 la r\u00e9sistance d'un PUR \u00e0 durcissement complet.<\/p>\n<p>Toutefois, une teneur trop \u00e9lev\u00e9e en DMDEE tend \u00e0 r\u00e9duire la stabilit\u00e9 thermique d'un lot \u00e0 l'autre et peut \u00e9galement entra\u00eener la formation de bulles d'air dans l'adh\u00e9sif polym\u00e9ris\u00e9.<\/p>\n<p>En bref, ne sous-estimez pas la faible teneur en catalyseur, qui a un impact critique sur les performances globales des adh\u00e9sifs thermofusibles PUR.<\/p>","protected":false},"excerpt":{"rendered":"<h4>Nom chimique : \u00c9ther de 2,2\u2032-dimorpholinodi\u00e9thyle<\/h4>\n<h4>CAS : 6425-39-4<\/h4>\n<h4>Synonyme:DMDEE;Niax\" Catalyst DMDEE;4,4\u2032-(oxydi\u00e9thane-2,1-diyl)dimorpholine<\/h4>\n<h4>Formule : C12H24N2O3<\/h4>\n<h4>Poids mol\u00e9culaire\uff1a244,33<\/h4>\n<h4>Contenu:\uff1e99%<\/h4>","protected":false},"featured_media":4395,"comment_status":"open","ping_status":"closed","template":"","meta":[],"product_brand":[],"product_cat":[119],"product_tag":[],"class_list":{"0":"post-4800","1":"product","2":"type-product","3":"status-publish","4":"has-post-thumbnail","6":"product_cat-synocat-polyurethane-catalyst","8":"first","9":"instock","10":"shipping-taxable","11":"product-type-simple"},"yoast_head":"<!-- This site is optimized with the Yoast SEO plugin v25.3.1 - https:\/\/yoast.com\/wordpress\/plugins\/seo\/ -->\n<title>China PU Catalyst DMDEE \/ 2,2&#039;-Dimorpholinodiethyl ether \/ DMDEE manufacturer - Longchang Chemical<\/title>\n<meta name=\"description\" content=\"China 2,2&#039;-Dimorpholinodiethyl ether \/ DMDEE manufacturer. DMDEE (REACH covered )can be used as pu catalyst ,aka DMDEE;Niax\u00ab Catalyst DMDEE; and is the key product of Longchang chemical. We are the leading pu catalyst manufacturer and supplier in China with the best quanlity and competitive price.\" \/>\n<meta name=\"robots\" content=\"index, follow, max-snippet:-1, max-image-preview:large, max-video-preview:-1\" \/>\n<link rel=\"canonical\" href=\"https:\/\/longchangchemical.com\/fr\/product\/dmdee-cas-6425-39-4\/\" \/>\n<meta property=\"og:locale\" content=\"fr_FR\" \/>\n<meta property=\"og:type\" content=\"article\" \/>\n<meta property=\"og:title\" content=\"China PU Catalyst DMDEE \/ 2,2&#039;-Dimorpholinodiethyl ether \/ DMDEE manufacturer - Longchang Chemical\" \/>\n<meta property=\"og:description\" content=\"China 2,2&#039;-Dimorpholinodiethyl ether \/ DMDEE manufacturer. DMDEE (REACH covered )can be used as pu catalyst ,aka DMDEE;Niax\u00ab Catalyst DMDEE; and is the key product of Longchang chemical. We are the leading pu catalyst manufacturer and supplier in China with the best quanlity and competitive price.\" \/>\n<meta property=\"og:url\" content=\"https:\/\/longchangchemical.com\/fr\/product\/dmdee-cas-6425-39-4\/\" \/>\n<meta property=\"og:site_name\" content=\"Longchang Chemical\" \/>\n<meta property=\"article:modified_time\" content=\"2026-01-12T06:03:48+00:00\" \/>\n<meta property=\"og:image\" content=\"https:\/\/longchangchemical.com\/wp-content\/uploads\/2021\/02\/Triethyl-citrate-Appearance.jpg\" \/>\n\t<meta property=\"og:image:width\" content=\"600\" \/>\n\t<meta property=\"og:image:height\" content=\"800\" \/>\n\t<meta property=\"og:image:type\" content=\"image\/jpeg\" \/>\n<meta name=\"twitter:card\" content=\"summary_large_image\" \/>\n<script type=\"application\/ld+json\" class=\"yoast-schema-graph\">{\"@context\":\"https:\/\/schema.org\",\"@graph\":[{\"@type\":\"WebPage\",\"@id\":\"https:\/\/longchangchemical.com\/product\/dmdee-cas-6425-39-4\/\",\"url\":\"https:\/\/longchangchemical.com\/product\/dmdee-cas-6425-39-4\/\",\"name\":\"China PU Catalyst DMDEE \/ 2,2'-Dimorpholinodiethyl ether \/ DMDEE manufacturer - Longchang Chemical\",\"isPartOf\":{\"@id\":\"https:\/\/longchangchemical.com\/#website\"},\"primaryImageOfPage\":{\"@id\":\"https:\/\/longchangchemical.com\/product\/dmdee-cas-6425-39-4\/#primaryimage\"},\"image\":{\"@id\":\"https:\/\/longchangchemical.com\/product\/dmdee-cas-6425-39-4\/#primaryimage\"},\"thumbnailUrl\":\"https:\/\/longchangchemical.com\/wp-content\/uploads\/2021\/02\/Triethyl-citrate-Appearance.jpg\",\"datePublished\":\"2021-10-11T15:30:07+00:00\",\"dateModified\":\"2026-01-12T06:03:48+00:00\",\"description\":\"China 2,2'-Dimorpholinodiethyl ether \/ DMDEE manufacturer. DMDEE (REACH covered )can be used as pu catalyst ,aka DMDEE;Niax\u00ab Catalyst DMDEE; and is the key product of Longchang chemical. We are the leading pu catalyst manufacturer and supplier in China with the best quanlity and competitive price.\",\"breadcrumb\":{\"@id\":\"https:\/\/longchangchemical.com\/product\/dmdee-cas-6425-39-4\/#breadcrumb\"},\"inLanguage\":\"fr-FR\",\"potentialAction\":[{\"@type\":\"ReadAction\",\"target\":[\"https:\/\/longchangchemical.com\/product\/dmdee-cas-6425-39-4\/\"]}]},{\"@type\":\"ImageObject\",\"inLanguage\":\"fr-FR\",\"@id\":\"https:\/\/longchangchemical.com\/product\/dmdee-cas-6425-39-4\/#primaryimage\",\"url\":\"https:\/\/longchangchemical.com\/wp-content\/uploads\/2021\/02\/Triethyl-citrate-Appearance.jpg\",\"contentUrl\":\"https:\/\/longchangchemical.com\/wp-content\/uploads\/2021\/02\/Triethyl-citrate-Appearance.jpg\",\"width\":600,\"height\":800,\"caption\":\"Triethyl citrate Appearance\"},{\"@type\":\"BreadcrumbList\",\"@id\":\"https:\/\/longchangchemical.com\/product\/dmdee-cas-6425-39-4\/#breadcrumb\",\"itemListElement\":[{\"@type\":\"ListItem\",\"position\":1,\"name\":\"Home\",\"item\":\"https:\/\/longchangchemical.com\/\"},{\"@type\":\"ListItem\",\"position\":2,\"name\":\"Products Longchang\",\"item\":\"https:\/\/longchangchemical.com\/product\/\"},{\"@type\":\"ListItem\",\"position\":3,\"name\":\"Sinocat\u00ae DMDEE CAS 6425-39-4\"}]},{\"@type\":\"WebSite\",\"@id\":\"https:\/\/longchangchemical.com\/#website\",\"url\":\"https:\/\/longchangchemical.com\/\",\"name\":\"Longchang Chemical\",\"description\":\"China chemical manufacturer \uff06 supplier\",\"publisher\":{\"@id\":\"https:\/\/longchangchemical.com\/#organization\"},\"potentialAction\":[{\"@type\":\"SearchAction\",\"target\":{\"@type\":\"EntryPoint\",\"urlTemplate\":\"https:\/\/longchangchemical.com\/?s={search_term_string}\"},\"query-input\":{\"@type\":\"PropertyValueSpecification\",\"valueRequired\":true,\"valueName\":\"search_term_string\"}}],\"inLanguage\":\"fr-FR\"},{\"@type\":\"Organization\",\"@id\":\"https:\/\/longchangchemical.com\/#organization\",\"name\":\"Longchang Chemical\",\"url\":\"https:\/\/longchangchemical.com\/\",\"logo\":{\"@type\":\"ImageObject\",\"inLanguage\":\"fr-FR\",\"@id\":\"https:\/\/longchangchemical.com\/#\/schema\/logo\/image\/\",\"url\":\"https:\/\/longchangchemical.com\/wp-content\/uploads\/2020\/08\/cropped-longchang-logo.png\",\"contentUrl\":\"https:\/\/longchangchemical.com\/wp-content\/uploads\/2020\/08\/cropped-longchang-logo.png\",\"width\":512,\"height\":512,\"caption\":\"Longchang Chemical\"},\"image\":{\"@id\":\"https:\/\/longchangchemical.com\/#\/schema\/logo\/image\/\"}}]}<\/script>\n<!-- \/ Yoast SEO plugin. -->","yoast_head_json":{"title":"Catalyseur PU chinois DMDEE \/ 2,2'-Dimorpholinodiethyl ether \/ DMDEE fabricant - Longchang Chemical","description":"Fabricant chinois d'\u00e9ther dimorpholinodi\u00e9thylique \/ DMDEE. DMDEE (couvert par REACH) peut \u00eatre utilis\u00e9 comme catalyseur pu, alias DMDEE;Niax\" Catalyst DMDEE ; et est le produit cl\u00e9 de Longchang chemical. Nous sommes le principal fabricant et fournisseur de catalyseurs PU en Chine, avec la meilleure qualit\u00e9 et le prix le plus comp\u00e9titif.","robots":{"index":"index","follow":"follow","max-snippet":"max-snippet:-1","max-image-preview":"max-image-preview:large","max-video-preview":"max-video-preview:-1"},"canonical":"https:\/\/longchangchemical.com\/fr\/product\/dmdee-cas-6425-39-4\/","og_locale":"fr_FR","og_type":"article","og_title":"China PU Catalyst DMDEE \/ 2,2'-Dimorpholinodiethyl ether \/ DMDEE manufacturer - Longchang Chemical","og_description":"China 2,2'-Dimorpholinodiethyl ether \/ DMDEE manufacturer. DMDEE (REACH covered )can be used as pu catalyst ,aka DMDEE;Niax\u00ab Catalyst DMDEE; and is the key product of Longchang chemical. We are the leading pu catalyst manufacturer and supplier in China with the best quanlity and competitive price.","og_url":"https:\/\/longchangchemical.com\/fr\/product\/dmdee-cas-6425-39-4\/","og_site_name":"Longchang Chemical","article_modified_time":"2026-01-12T06:03:48+00:00","og_image":[{"width":600,"height":800,"url":"https:\/\/longchangchemical.com\/wp-content\/uploads\/2021\/02\/Triethyl-citrate-Appearance.jpg","type":"image\/jpeg"}],"twitter_card":"summary_large_image","schema":{"@context":"https:\/\/schema.org","@graph":[{"@type":"WebPage","@id":"https:\/\/longchangchemical.com\/product\/dmdee-cas-6425-39-4\/","url":"https:\/\/longchangchemical.com\/product\/dmdee-cas-6425-39-4\/","name":"Catalyseur PU chinois DMDEE \/ 2,2'-Dimorpholinodiethyl ether \/ DMDEE fabricant - Longchang Chemical","isPartOf":{"@id":"https:\/\/longchangchemical.com\/#website"},"primaryImageOfPage":{"@id":"https:\/\/longchangchemical.com\/product\/dmdee-cas-6425-39-4\/#primaryimage"},"image":{"@id":"https:\/\/longchangchemical.com\/product\/dmdee-cas-6425-39-4\/#primaryimage"},"thumbnailUrl":"https:\/\/longchangchemical.com\/wp-content\/uploads\/2021\/02\/Triethyl-citrate-Appearance.jpg","datePublished":"2021-10-11T15:30:07+00:00","dateModified":"2026-01-12T06:03:48+00:00","description":"Fabricant chinois d'\u00e9ther dimorpholinodi\u00e9thylique \/ DMDEE. DMDEE (couvert par REACH) peut \u00eatre utilis\u00e9 comme catalyseur pu, alias DMDEE;Niax\" Catalyst DMDEE ; et est le produit cl\u00e9 de Longchang chemical. Nous sommes le principal fabricant et fournisseur de catalyseurs PU en Chine, avec la meilleure qualit\u00e9 et le prix le plus comp\u00e9titif.","breadcrumb":{"@id":"https:\/\/longchangchemical.com\/product\/dmdee-cas-6425-39-4\/#breadcrumb"},"inLanguage":"fr-FR","potentialAction":[{"@type":"ReadAction","target":["https:\/\/longchangchemical.com\/product\/dmdee-cas-6425-39-4\/"]}]},{"@type":"ImageObject","inLanguage":"fr-FR","@id":"https:\/\/longchangchemical.com\/product\/dmdee-cas-6425-39-4\/#primaryimage","url":"https:\/\/longchangchemical.com\/wp-content\/uploads\/2021\/02\/Triethyl-citrate-Appearance.jpg","contentUrl":"https:\/\/longchangchemical.com\/wp-content\/uploads\/2021\/02\/Triethyl-citrate-Appearance.jpg","width":600,"height":800,"caption":"Triethyl citrate Appearance"},{"@type":"BreadcrumbList","@id":"https:\/\/longchangchemical.com\/product\/dmdee-cas-6425-39-4\/#breadcrumb","itemListElement":[{"@type":"ListItem","position":1,"name":"Home","item":"https:\/\/longchangchemical.com\/"},{"@type":"ListItem","position":2,"name":"Products Longchang","item":"https:\/\/longchangchemical.com\/product\/"},{"@type":"ListItem","position":3,"name":"Sinocat\u00ae DMDEE CAS 6425-39-4"}]},{"@type":"WebSite","@id":"https:\/\/longchangchemical.com\/#website","url":"https:\/\/longchangchemical.com\/","name":"Longchang Chemical","description":"Fabricant chinois de produits chimiques \uff06 fournisseur","publisher":{"@id":"https:\/\/longchangchemical.com\/#organization"},"potentialAction":[{"@type":"SearchAction","target":{"@type":"EntryPoint","urlTemplate":"https:\/\/longchangchemical.com\/?s={search_term_string}"},"query-input":{"@type":"PropertyValueSpecification","valueRequired":true,"valueName":"search_term_string"}}],"inLanguage":"fr-FR"},{"@type":"Organization","@id":"https:\/\/longchangchemical.com\/#organization","name":"Longchang Chemical","url":"https:\/\/longchangchemical.com\/","logo":{"@type":"ImageObject","inLanguage":"fr-FR","@id":"https:\/\/longchangchemical.com\/#\/schema\/logo\/image\/","url":"https:\/\/longchangchemical.com\/wp-content\/uploads\/2020\/08\/cropped-longchang-logo.png","contentUrl":"https:\/\/longchangchemical.com\/wp-content\/uploads\/2020\/08\/cropped-longchang-logo.png","width":512,"height":512,"caption":"Longchang Chemical"},"image":{"@id":"https:\/\/longchangchemical.com\/#\/schema\/logo\/image\/"}}]}},"_links":{"self":[{"href":"https:\/\/longchangchemical.com\/fr\/wp-json\/wp\/v2\/product\/4800","targetHints":{"allow":["GET"]}}],"collection":[{"href":"https:\/\/longchangchemical.com\/fr\/wp-json\/wp\/v2\/product"}],"about":[{"href":"https:\/\/longchangchemical.com\/fr\/wp-json\/wp\/v2\/types\/product"}],"replies":[{"embeddable":true,"href":"https:\/\/longchangchemical.com\/fr\/wp-json\/wp\/v2\/comments?post=4800"}],"wp:featuredmedia":[{"embeddable":true,"href":"https:\/\/longchangchemical.com\/fr\/wp-json\/wp\/v2\/media\/4395"}],"wp:attachment":[{"href":"https:\/\/longchangchemical.com\/fr\/wp-json\/wp\/v2\/media?parent=4800"}],"wp:term":[{"taxonomy":"product_brand","embeddable":true,"href":"https:\/\/longchangchemical.com\/fr\/wp-json\/wp\/v2\/product_brand?post=4800"},{"taxonomy":"product_cat","embeddable":true,"href":"https:\/\/longchangchemical.com\/fr\/wp-json\/wp\/v2\/product_cat?post=4800"},{"taxonomy":"product_tag","embeddable":true,"href":"https:\/\/longchangchemical.com\/fr\/wp-json\/wp\/v2\/product_tag?post=4800"}],"curies":[{"name":"wp","href":"https:\/\/api.w.org\/{rel}","templated":true}]}}