{"id":4794,"date":"2021-10-08T14:19:29","date_gmt":"2021-10-08T14:19:29","guid":{"rendered":"https:\/\/longchangchemical.com\/?post_type=product&#038;p=4794"},"modified":"2026-05-08T02:59:40","modified_gmt":"2026-05-08T02:59:40","slug":"dotp-cas-6422-86-2","status":"publish","type":"product","link":"https:\/\/longchangchemical.com\/fr\/product\/dotp-cas-6422-86-2\/","title":{"rendered":"CHLUMIFLEX\u00ae DOTP \/ T\u00e9r\u00e9phtalate de dioctyle CAS 6422-86-2"},"content":{"rendered":"<h2><strong>T\u00e9r\u00e9phtalate de dioctyle DOTP CAS 6422-86-2<\/strong><\/h2>\n<table class=\"table-1\">\n<tbody>\n<tr>\n<td width=\"316\"><strong><b>Test<\/b><\/strong><strong><b>\u00a0article<\/b><\/strong><\/td>\n<td width=\"210\"><strong><b>Sp\u00e9cifications<\/b><\/strong><\/td>\n<\/tr>\n<tr>\n<td width=\"316\">Apparence<\/td>\n<td width=\"210\">Liquide transparent incolore<\/td>\n<\/tr>\n<tr>\n<td width=\"316\">Couleur\uff08APHA\uff09<\/td>\n<td width=\"210\">\u226420<\/td>\n<\/tr>\n<tr>\n<td width=\"316\">Acide (mgKOH\/g)<\/td>\n<td width=\"210\">0.02<\/td>\n<\/tr>\n<tr>\n<td width=\"316\">Densit\u00e9\uff0820\u2103\uff09\uff0cg\/cm3<\/td>\n<td width=\"210\">0.981-0.985<\/td>\n<\/tr>\n<tr>\n<td width=\"316\">Point d'\u00e9clair\uff08\u2103\uff09<\/td>\n<td width=\"210\">210<\/td>\n<\/tr>\n<tr>\n<td width=\"316\">Contenu\uff08%\uff09<\/td>\n<td width=\"210\">99.5<\/td>\n<\/tr>\n<tr>\n<td width=\"316\">Eau\uff08%\uff09<\/td>\n<td width=\"210\">0.03<\/td>\n<\/tr>\n<tr>\n<td width=\"316\">R\u00e9sistivit\u00e9 volumique *10<sup>10<\/sup>\u03a9.m\u2265<\/td>\n<td width=\"210\">2<\/td>\n<\/tr>\n<\/tbody>\n<\/table>\n<p>&nbsp;<\/p>\n<h2><strong>Utilisation du t\u00e9r\u00e9phtalate de dioctyle<\/strong><\/h2>\n<p>1. Le t\u00e9r\u00e9phtalate de dioctyle (DOTP) est un excellent plastifiant principal pour les plastiques \u00e0 base de chlorure de polyvinyle (PVC).<\/p>\n<p>2. Par rapport au phtalate de diisooctyle (DOP) couramment utilis\u00e9, il pr\u00e9sente les avantages suivants : r\u00e9sistance \u00e0 la chaleur, r\u00e9sistance au froid, difficult\u00e9 \u00e0 se volatiliser, r\u00e9sistance \u00e0 l'extraction, flexibilit\u00e9 et capacit\u00e9 d'isolation \u00e9lectrique, etc. et pr\u00e9sente d'excellentes performances en termes de durabilit\u00e9 des produits, de r\u00e9sistance \u00e0 l'eau savonneuse et de flexibilit\u00e9 \u00e0 basse temp\u00e9rature.<\/p>\n<p>3. En raison de sa faible volatilit\u00e9, l'utilisation du DOTP peut satisfaire pleinement aux exigences de r\u00e9sistance \u00e0 la temp\u00e9rature des fils et des c\u00e2bles, et peut \u00eatre largement utilis\u00e9e dans les mat\u00e9riaux de c\u00e2bles r\u00e9sistants \u00e0 70 \u2103 et dans d'autres produits souples en PVC.<\/p>\n<p>4. Outre un grand nombre de plastifiants utilis\u00e9s dans les mat\u00e9riaux pour c\u00e2bles et le PVC, le DOTP peut \u00e9galement \u00eatre utilis\u00e9 dans la production de films en cuir artificiel. En outre, le DOTP a une excellente compatibilit\u00e9 et peut \u00e9galement \u00eatre utilis\u00e9 comme plastifiant pour les d\u00e9riv\u00e9s de l'acrylonitrile, le butyral de polyvinyle, le caoutchouc nitrile, la nitrocellulose, etc., ainsi que comme plastifiant pour le caoutchouc synth\u00e9tique, les additifs pour peinture, les lubrifiants pour instruments de pr\u00e9cision, les additifs pour lubrifiants, et peut \u00e9galement \u00eatre utilis\u00e9 comme plastifiant pour le papier.<\/p>\n<p>Ce produit peut remplacer le 1,4-Benzenedicarboxylic acid, 1,4-bis(2-ethylhexyl) ester ; ADK Cizer D 810 ; Bis(2-ethylhexyl) terephthalate ; DEHTP ; Di-(2-ethylhexyl) terephthalate ; Eastman 168 ; Eastman TM 168 ; Kodaflex DOTP ; Palatinol DOTP ; Plasticizer 168 ; Terephthalic acid, bis(2-ethylhexyl) ester.<\/p>\n<h2><strong>Emballage et exp\u00e9dition du t\u00e9r\u00e9phtalate de dioctyle<\/strong><\/h2>\n<p>Emballage : 200kg\/tambour, 16 tonnes\/conteneur de 20 pieds avec palettes<\/p>\n<p>&nbsp;<\/p>\n<h2><strong>T\u00e9r\u00e9phtalate de dioctyle Stockage<\/strong><\/h2>\n<p>Conserver dans un endroit sombre et sec \u00e0 temp\u00e9rature ambiante.<\/p>\n<p>&nbsp;<\/p>\n<h2><strong>Plastifiants ignifuges de la m\u00eame s\u00e9rie<\/strong><\/h2>\n<table style=\"border-collapse: collapse; width: 374.27pt;\" border=\"0\" width=\"499\" cellspacing=\"0\" cellpadding=\"0\">\n<tbody>\n<tr style=\"height: 21.00pt;\">\n<td class=\"et2\" style=\"height: 21.00pt; width: 96.00pt;\" width=\"128\" height=\"28\"><a title=\"https:\/\/longchangchemical.com\/product\/cas-91082-17-6\/\" href=\"https:\/\/longchangchemical.com\/fr\/product\/cas-91082-17-6\/\"><span style=\"color: #00ccff;\">Lcflex\u00ae T-50<\/span><\/a><\/td>\n<td class=\"et3\" style=\"width: 159.75pt;\" width=\"213\">T-50 ; ASE<\/td>\n<td class=\"et3\" style=\"width: 118.50pt;\" width=\"158\">CAS 91082-17-6<\/td>\n<\/tr>\n<tr style=\"height: 21.00pt;\">\n<td class=\"et2\" style=\"height: 21.00pt; width: 96.00pt;\" width=\"128\" height=\"28\"><a title=\"https:\/\/longchangchemical.com\/product\/acetyl-tributyl-citrate-cas-77-90-7\/\" href=\"https:\/\/longchangchemical.com\/fr\/product\/acetyl-tributyl-citrate-cas-77-90-7\/\"><span style=\"color: #00ccff;\">Lcflex\u00ae ATBC<\/span><\/a><\/td>\n<td class=\"et3\" style=\"width: 159.75pt;\" width=\"213\">Citrate d'ac\u00e9tyle et de tributyle<\/td>\n<td class=\"et3\" style=\"width: 118.50pt;\" width=\"158\">CAS 77-90-7<\/td>\n<\/tr>\n<tr style=\"height: 21.00pt;\">\n<td class=\"et2\" style=\"height: 21.00pt; width: 96.00pt;\" width=\"128\" height=\"28\"><a title=\"https:\/\/longchangchemical.com\/product\/tributyl-citrate-tbc-cas-77-94-1\/\" href=\"https:\/\/longchangchemical.com\/fr\/product\/tributyl-citrate-tbc-cas-77-94-1\/\"><span style=\"color: #00ccff;\">Lcflex\u00ae TBC<\/span><\/a><\/td>\n<td class=\"et3\" style=\"width: 159.75pt;\" width=\"213\">Citrate de tributyle<\/td>\n<td class=\"et3\" style=\"width: 118.50pt;\" width=\"158\">CAS 77-94-1<\/td>\n<\/tr>\n<tr style=\"height: 21.00pt;\">\n<td class=\"et2\" style=\"height: 21.00pt; width: 96.00pt;\" width=\"128\" height=\"28\"><span style=\"color: #00ccff;\"><a style=\"color: #00ccff;\" title=\"https:\/\/longchangchemical.com\/product\/tcpp-cas-13674-84-5\/\" href=\"https:\/\/longchangchemical.com\/fr\/product\/tcpp-cas-13674-84-5\/\">Lcflex\u00ae TCPP<\/a><\/span><\/td>\n<td class=\"et3\" style=\"width: 159.75pt;\" width=\"213\">TCPP ignifuge<\/td>\n<td class=\"et3\" style=\"width: 118.50pt;\" width=\"158\">CAS 13674-84-5<\/td>\n<\/tr>\n<tr style=\"height: 21.00pt;\">\n<td class=\"et2\" style=\"height: 21.00pt; width: 96.00pt;\" width=\"128\" height=\"28\"><a title=\"https:\/\/longchangchemical.com\/product\/dotp-cas-6422-86-2\/\" href=\"https:\/\/longchangchemical.com\/fr\/product\/dotp-cas-6422-86-2\/\"><span style=\"color: #00ccff;\">Lcflex\u00ae DOTP<\/span><\/a><\/td>\n<td class=\"et3\" style=\"width: 159.75pt;\" width=\"213\">T\u00e9r\u00e9phtalate de dioctyle<\/td>\n<td class=\"et3\" style=\"width: 118.50pt;\" width=\"158\">CAS 6422-86-2<\/td>\n<\/tr>\n<tr style=\"height: 21.00pt;\">\n<td class=\"et2\" style=\"height: 21.00pt; width: 96.00pt;\" width=\"128\" height=\"28\"><span style=\"color: #00ccff;\"><a style=\"color: #00ccff;\" title=\"https:\/\/longchangchemical.com\/product\/diethyl-phthalate-dep-cas-84-66-2\/\" href=\"https:\/\/longchangchemical.com\/fr\/product\/diethyl-phthalate-dep-cas-84-66-2\/\">Lcflex\u00ae DEP<\/a><\/span><\/td>\n<td class=\"et3\" style=\"width: 159.75pt;\" width=\"213\">Phtalate de di\u00e9thyle<\/td>\n<td class=\"et3\" style=\"width: 118.50pt;\" width=\"158\">CAS 84-66-2<\/td>\n<\/tr>\n<tr style=\"height: 21.00pt;\">\n<td class=\"et2\" style=\"height: 21.00pt; width: 96.00pt;\" width=\"128\" height=\"28\"><span style=\"color: #00ccff;\"><a style=\"color: #00ccff;\" title=\"https:\/\/longchangchemical.com\/product\/triethyl-citrate-cas-77-93-0\/\" href=\"https:\/\/longchangchemical.com\/fr\/product\/triethyl-citrate-cas-77-93-0\/\">Lcflex\u00ae TEC<\/a><\/span><\/td>\n<td class=\"et3\" style=\"width: 159.75pt;\" width=\"213\">citrate de tri\u00e9thyle<\/td>\n<td class=\"et3\" style=\"width: 118.50pt;\" width=\"158\">CAS 77-93-0<\/td>\n<\/tr>\n<tr style=\"height: 21.00pt;\">\n<td class=\"et2\" style=\"height: 21.00pt; width: 96.00pt;\" width=\"128\" height=\"28\"><span style=\"color: #00ccff;\"><a style=\"color: #00ccff;\" title=\"https:\/\/longchangchemical.com\/product\/Lcflare-doa-cas-123-79-5\/\" href=\"https:\/\/longchangchemical.com\/fr\/product\/Lcflare-doa-cas-123-79-5\/\">Lcflex\u00ae DOA<\/a><\/span><\/td>\n<td class=\"et3\" style=\"width: 159.75pt;\" width=\"213\">Adipate de dioctyle<\/td>\n<td class=\"et3\" style=\"width: 118.50pt;\" width=\"158\">CAS 123-79-5<\/td>\n<\/tr>\n<tr style=\"height: 30.00pt;\">\n<td class=\"et2\" style=\"height: 30.00pt; width: 96.00pt;\" width=\"128\" height=\"40\"><span style=\"color: #00ccff;\"><a style=\"color: #00ccff;\" title=\"https:\/\/longchangchemical.com\/product\/Lcflare-dos-cas-2432-87-3\/\" href=\"https:\/\/longchangchemical.com\/fr\/product\/Lcflare-dos-cas-2432-87-3\/\">Lcflex\u00ae DOS<\/a><\/span><\/td>\n<td class=\"et3\" style=\"width: 159.75pt;\" width=\"213\">ESTER DE DI-N-OCTYLE DE L'ACIDE S\u00c9BACIQUE<\/td>\n<td class=\"et3\" style=\"width: 118.50pt;\" width=\"158\">CAS 2432-87-3<\/td>\n<\/tr>\n<tr style=\"height: 27.00pt;\">\n<td class=\"et2\" style=\"height: 27.00pt; width: 96.00pt;\" width=\"128\" height=\"36\"><a title=\"https:\/\/longchangchemical.com\/product\/cas-28553-12-0-685-15-48-0\/\" href=\"https:\/\/longchangchemical.com\/fr\/product\/cas-28553-12-0-685-15-48-0\/\"><span style=\"color: #00ccff;\">Lcflex\u00ae DINP<\/span><\/a><\/td>\n<td class=\"et3\" style=\"width: 159.75pt;\" width=\"213\">Phtalate de diisononyle<\/td>\n<td class=\"et3\" style=\"width: 118.50pt;\" width=\"158\">CAS 28553-12-0\/685 15-48-0<\/td>\n<\/tr>\n<tr style=\"height: 21.00pt;\">\n<td class=\"et2\" style=\"height: 21.00pt; width: 96.00pt;\" width=\"128\" height=\"28\"><span style=\"color: #00ccff;\"><a style=\"color: #00ccff;\" title=\"https:\/\/longchangchemical.com\/product\/tmp-cas-77-99-6\/\" href=\"https:\/\/longchangchemical.com\/fr\/product\/tmp-cas-77-99-6\/\">Lcflex\u00ae TMP<\/a><\/span><\/td>\n<td class=\"et3\" style=\"width: 159.75pt;\" width=\"213\">Trim\u00e9thylolpropane<\/td>\n<td class=\"et3\" style=\"width: 118.50pt;\" width=\"158\">CAS 77-99-6<\/td>\n<\/tr>\n<tr style=\"height: 13.50pt;\">\n<td class=\"et2\" style=\"height: 13.50pt; width: 96.00pt;\" width=\"128\" height=\"18\"><span style=\"color: #00ccff;\"><a style=\"color: #00ccff;\" title=\"https:\/\/longchangchemical.com\/product\/triethyl-phosphate-tep-cas-78-40-0\/\" href=\"https:\/\/longchangchemical.com\/fr\/product\/triethyl-phosphate-tep-cas-78-40-0\/\">Lcflex\u00ae TEP<\/a><\/span><\/td>\n<td class=\"et3\" style=\"width: 159.75pt;\" width=\"213\">Phosphate de tri\u00e9thyle<\/td>\n<td class=\"et3\" style=\"width: 118.50pt;\" width=\"158\">CAS 78-40-0<\/td>\n<\/tr>\n<tr style=\"height: 13.50pt;\">\n<td class=\"et4\" style=\"height: 13.50pt; width: 96.00pt;\" width=\"128\" height=\"18\"><a href=\"https:\/\/longchangchemical.com\/fr\/product\/Lcflex-totm-cas-3319-31-1\/\"><span style=\"color: #00ccff;\">Lcflex\u00ae TOTM<\/span><\/a><\/td>\n<td class=\"et3\" style=\"width: 159.75pt;\" width=\"213\">Trioctyl trimellitate<\/td>\n<td class=\"et3\" style=\"width: 118.50pt;\" width=\"158\">CAS 3319-31-1<\/td>\n<\/tr>\n<tr style=\"height: 40.50pt;\">\n<td class=\"et4\" style=\"height: 40.50pt; width: 96.00pt;\" width=\"128\" height=\"54\"><a href=\"https:\/\/longchangchemical.com\/fr\/product\/Lcflex-bbp\/\"><span style=\"color: #00ccff;\">Lcflex\u00ae BBP<\/span><\/a><\/td>\n<td class=\"et3\" style=\"width: 159.75pt;\" width=\"213\">Plastifiants biosourc\u00e9s, plastifiant \u00e0 haut rendement<\/td>\n<td class=\"et3\" style=\"width: 118.50pt;\" width=\"158\"><\/td>\n<\/tr>\n<tr style=\"height: 13.50pt;\">\n<td class=\"et4\" style=\"height: 13.50pt; width: 96.00pt;\" width=\"128\" height=\"18\"><a href=\"https:\/\/longchangchemical.com\/fr\/product\/tmp-cas-77-99-6\/\"><span style=\"color: #00ccff;\">Lcflex\u00ae TMP<\/span><\/a><\/td>\n<td class=\"et3\" style=\"width: 159.75pt;\" width=\"213\">Trim\u00e9thylol propane<\/td>\n<td class=\"et3\" style=\"width: 118.50pt;\" width=\"158\">CAS 77-99-6<\/td>\n<\/tr>\n<tr style=\"height: 30.00pt;\">\n<td class=\"et2\" style=\"height: 30.00pt; width: 96.00pt;\" width=\"128\" height=\"40\"><a title=\"https:\/\/longchangchemical.com\/product\/sinopszr-tcep-cas-115-96-8\/\" href=\"https:\/\/longchangchemical.com\/fr\/product\/sinopszr-tcep-cas-115-96-8\/\"><span style=\"color: #00ccff;\">Lcflare\u00ae TCEP<\/span><\/a><\/td>\n<td class=\"et3\" style=\"width: 159.75pt;\" width=\"213\">Phosphate de tris(2-chloro\u00e9thyle)<\/td>\n<td class=\"et3\" style=\"width: 118.50pt;\" width=\"158\">CAS 115-96-8<\/td>\n<\/tr>\n<tr style=\"height: 30.00pt;\">\n<td class=\"et2\" style=\"height: 30.00pt; width: 96.00pt;\" width=\"128\" height=\"40\"><span style=\"color: #00ccff;\"><a style=\"color: #00ccff;\" title=\"https:\/\/longchangchemical.com\/product\/Lcflare-bdp\/\" href=\"https:\/\/longchangchemical.com\/fr\/product\/Lcflare-bdp\/\">Lcflare\u00ae BDP<\/a><\/span><\/td>\n<td class=\"et3\" style=\"width: 159.75pt;\" width=\"213\">Bisph\u00e9nol-A bis(phosphate de diph\u00e9nyle)<\/td>\n<td class=\"et3\" style=\"width: 118.50pt;\" width=\"158\">CAS 5945-33-5<\/td>\n<\/tr>\n<tr style=\"height: 13.50pt;\">\n<td class=\"et2\" style=\"height: 13.50pt; width: 96.00pt;\" width=\"128\" height=\"18\"><span style=\"color: #00ccff;\"><a style=\"color: #00ccff;\" title=\"https:\/\/longchangchemical.com\/product\/Lcflare-tpp-cas-115-86-6\/\" href=\"https:\/\/longchangchemical.com\/fr\/product\/Lcflare-tpp-cas-115-86-6\/\">Lcflare\u00ae TPP<\/a><\/span><\/td>\n<td class=\"et3\" style=\"width: 159.75pt;\" width=\"213\">Phosphate de triph\u00e9nyle<\/td>\n<td class=\"et3\" style=\"width: 118.50pt;\" width=\"158\">CAS 115-86-6<\/td>\n<\/tr>\n<\/tbody>\n<\/table>\n<h2><\/h2>\n<h2><strong>Contactez-nous d\u00e8s maintenant !<\/strong><\/h2>\n<h4><strong><b>Si vous avez besoin de COA, MSDS ou TDS, veuillez remplir vos coordonn\u00e9es dans le formulaire ci-dessous, nous vous contacterons g\u00e9n\u00e9ralement dans les 24 heures. Vous pouvez \u00e9galement m'envoyer un courriel <span style=\"color: #0000ff;\"><a style=\"color: #0000ff;\" href=\"mailto:info@longchangchemical.com\">info@longchangchemical.com<\/a><\/span> pendant les heures de travail ( 8:30 am to 6:00 pm UTC+8 Mon.~Sat. ) ou utilisez le chat en direct du site web pour obtenir une r\u00e9ponse rapide.<\/b><\/strong><\/h4>","protected":false},"excerpt":{"rendered":"<h4>Nom chimique : Lcflex\u00ae DOTP<\/h4>\n<h4>Autre nom : T\u00e9r\u00e9phtalate de dioctyle ; acide 1,4-benz\u00e8nedicarboxylique, ester de 1,4-bis(2-\u00e9thylhexyle) ; ADK Cizer D 810 ; t\u00e9r\u00e9phtalate de bis(2-\u00e9thylhexyle) ; DEHTP ; t\u00e9r\u00e9phtalate de di-(2-\u00e9thylhexyle) ; Eastman 168 ; Eastman TM 168 ; Kodaflex DOTP ; Palatinol DOTP ; Plastifiant 168 ; Acide t\u00e9r\u00e9phtalique, ester de bis(2-\u00e9thylhexyle).<\/h4>\n<h4>Num\u00e9ro CAS : 6422-86-2<\/h4>\n<h4>Formule mol\u00e9culaire : C24H38O4<\/h4>\n<h4>Structure chimique :<img decoding=\"async\" title=\"CAS 6422-86-2 Structure\" src=\"https:\/\/www.longchangchemical.com\/wp-content\/uploads\/product-details\/20200612220282.png\" alt=\"CAS 6422-86-2 Structure\" width=\"149\" height=\"158\" border=\"0\" vspace=\"0\" \/><\/h4>\n<h4>Poids mol\u00e9culaire : 390,56<\/h4>\n<h4>Aspect : liquide transparent incolore<\/h4>\n<h4>Dosage : \u226599%<\/h4>","protected":false},"featured_media":0,"comment_status":"open","ping_status":"closed","template":"","meta":[],"product_brand":[],"product_cat":[111],"product_tag":[],"class_list":{"0":"post-4794","1":"product","2":"type-product","3":"status-publish","5":"product_cat-plasticizer","7":"first","8":"instock","9":"shipping-taxable","10":"product-type-simple"},"yoast_head":"<!-- This site is optimized with the Yoast SEO plugin v25.3.1 - https:\/\/yoast.com\/wordpress\/plugins\/seo\/ -->\n<title>China Dioctyl terephthalate DOTP manufacturer - Longchang chemical<\/title>\n<meta name=\"description\" content=\"China Dioctyl terephthalate DOTP CAS 6422-86-2 manufacturer. This product can replace Bis(2-ethylhexyl) terephthalate, DOTP, Eastman 168, Eastman TM 168, Kodaflex DOTP, NEO-T, Palatinol DOTP, Plasticizer 168, Terephthalic acid, bis(2-ethylhexyl) ester, terephthalic acid, bis(2-ethylhexyl)ester, DEHTP, Dioctyl terephthalate, ADK Cizer D 810.\" \/>\n<meta name=\"robots\" content=\"index, follow, max-snippet:-1, max-image-preview:large, max-video-preview:-1\" \/>\n<link rel=\"canonical\" href=\"https:\/\/longchangchemical.com\/fr\/product\/dotp-cas-6422-86-2\/\" \/>\n<meta property=\"og:locale\" content=\"fr_FR\" \/>\n<meta property=\"og:type\" content=\"article\" \/>\n<meta property=\"og:title\" content=\"China Dioctyl terephthalate DOTP manufacturer - Longchang chemical\" \/>\n<meta property=\"og:description\" content=\"China Dioctyl terephthalate DOTP CAS 6422-86-2 manufacturer. This product can replace Bis(2-ethylhexyl) terephthalate, DOTP, Eastman 168, Eastman TM 168, Kodaflex DOTP, NEO-T, Palatinol DOTP, Plasticizer 168, Terephthalic acid, bis(2-ethylhexyl) ester, terephthalic acid, bis(2-ethylhexyl)ester, DEHTP, Dioctyl terephthalate, ADK Cizer D 810.\" \/>\n<meta property=\"og:url\" content=\"https:\/\/longchangchemical.com\/fr\/product\/dotp-cas-6422-86-2\/\" \/>\n<meta property=\"og:site_name\" content=\"Longchang Chemical\" \/>\n<meta property=\"article:modified_time\" content=\"2026-05-08T02:59:40+00:00\" \/>\n<meta property=\"og:image\" content=\"https:\/\/longchangchemical.com\/wp-content\/uploads\/2024\/02\/logo-jpeg.jpg\" \/>\n\t<meta property=\"og:image:width\" content=\"1000\" \/>\n\t<meta property=\"og:image:height\" content=\"1000\" \/>\n\t<meta property=\"og:image:type\" content=\"image\/jpeg\" \/>\n<meta name=\"twitter:card\" content=\"summary_large_image\" \/>\n<script type=\"application\/ld+json\" class=\"yoast-schema-graph\">{\"@context\":\"https:\/\/schema.org\",\"@graph\":[{\"@type\":\"WebPage\",\"@id\":\"https:\/\/longchangchemical.com\/product\/dotp-cas-6422-86-2\/\",\"url\":\"https:\/\/longchangchemical.com\/product\/dotp-cas-6422-86-2\/\",\"name\":\"China Dioctyl terephthalate DOTP manufacturer - Longchang chemical\",\"isPartOf\":{\"@id\":\"https:\/\/longchangchemical.com\/#website\"},\"datePublished\":\"2021-10-08T14:19:29+00:00\",\"dateModified\":\"2026-05-08T02:59:40+00:00\",\"description\":\"China Dioctyl terephthalate DOTP CAS 6422-86-2 manufacturer. This product can replace Bis(2-ethylhexyl) terephthalate, DOTP, Eastman 168, Eastman TM 168, Kodaflex DOTP, NEO-T, Palatinol DOTP, Plasticizer 168, Terephthalic acid, bis(2-ethylhexyl) ester, terephthalic acid, bis(2-ethylhexyl)ester, DEHTP, Dioctyl terephthalate, ADK Cizer D 810.\",\"breadcrumb\":{\"@id\":\"https:\/\/longchangchemical.com\/product\/dotp-cas-6422-86-2\/#breadcrumb\"},\"inLanguage\":\"fr-FR\",\"potentialAction\":[{\"@type\":\"ReadAction\",\"target\":[\"https:\/\/longchangchemical.com\/product\/dotp-cas-6422-86-2\/\"]}]},{\"@type\":\"BreadcrumbList\",\"@id\":\"https:\/\/longchangchemical.com\/product\/dotp-cas-6422-86-2\/#breadcrumb\",\"itemListElement\":[{\"@type\":\"ListItem\",\"position\":1,\"name\":\"Home\",\"item\":\"https:\/\/longchangchemical.com\/\"},{\"@type\":\"ListItem\",\"position\":2,\"name\":\"Products Longchang\",\"item\":\"https:\/\/longchangchemical.com\/product\/\"},{\"@type\":\"ListItem\",\"position\":3,\"name\":\"CHLUMIFLEX\u00ae DOTP \/ Dioctyl terephthalate CAS 6422-86-2\"}]},{\"@type\":\"WebSite\",\"@id\":\"https:\/\/longchangchemical.com\/#website\",\"url\":\"https:\/\/longchangchemical.com\/\",\"name\":\"Longchang Chemical\",\"description\":\"China chemical manufacturer \uff06 supplier\",\"publisher\":{\"@id\":\"https:\/\/longchangchemical.com\/#organization\"},\"potentialAction\":[{\"@type\":\"SearchAction\",\"target\":{\"@type\":\"EntryPoint\",\"urlTemplate\":\"https:\/\/longchangchemical.com\/?s={search_term_string}\"},\"query-input\":{\"@type\":\"PropertyValueSpecification\",\"valueRequired\":true,\"valueName\":\"search_term_string\"}}],\"inLanguage\":\"fr-FR\"},{\"@type\":\"Organization\",\"@id\":\"https:\/\/longchangchemical.com\/#organization\",\"name\":\"Longchang Chemical\",\"url\":\"https:\/\/longchangchemical.com\/\",\"logo\":{\"@type\":\"ImageObject\",\"inLanguage\":\"fr-FR\",\"@id\":\"https:\/\/longchangchemical.com\/#\/schema\/logo\/image\/\",\"url\":\"https:\/\/longchangchemical.com\/wp-content\/uploads\/2020\/08\/cropped-longchang-logo.png\",\"contentUrl\":\"https:\/\/longchangchemical.com\/wp-content\/uploads\/2020\/08\/cropped-longchang-logo.png\",\"width\":512,\"height\":512,\"caption\":\"Longchang Chemical\"},\"image\":{\"@id\":\"https:\/\/longchangchemical.com\/#\/schema\/logo\/image\/\"}}]}<\/script>\n<!-- \/ Yoast SEO plugin. -->","yoast_head_json":{"title":"Fabricant chinois de Dioctyl terephthalate DOTP - Longchang chemical","description":"Fabricant chinois de Dioctyl terephthalate DOTP CAS 6422-86-2. Ce produit peut remplacer Bis(2-ethylhexyl) terephthalate, DOTP, Eastman 168, Eastman TM 168, Kodaflex DOTP, NEO-T, Palatinol DOTP, Plastifiant 168, Terephthalic acid, bis(2-ethylhexyl) ester, terephthalic acid, bis(2-ethylhexyl)ester, DEHTP, Dioctyl terephthalate, ADK Cizer D 810.","robots":{"index":"index","follow":"follow","max-snippet":"max-snippet:-1","max-image-preview":"max-image-preview:large","max-video-preview":"max-video-preview:-1"},"canonical":"https:\/\/longchangchemical.com\/fr\/product\/dotp-cas-6422-86-2\/","og_locale":"fr_FR","og_type":"article","og_title":"China Dioctyl terephthalate DOTP manufacturer - Longchang chemical","og_description":"China Dioctyl terephthalate DOTP CAS 6422-86-2 manufacturer. This product can replace Bis(2-ethylhexyl) terephthalate, DOTP, Eastman 168, Eastman TM 168, Kodaflex DOTP, NEO-T, Palatinol DOTP, Plasticizer 168, Terephthalic acid, bis(2-ethylhexyl) ester, terephthalic acid, bis(2-ethylhexyl)ester, DEHTP, Dioctyl terephthalate, ADK Cizer D 810.","og_url":"https:\/\/longchangchemical.com\/fr\/product\/dotp-cas-6422-86-2\/","og_site_name":"Longchang Chemical","article_modified_time":"2026-05-08T02:59:40+00:00","og_image":[{"width":1000,"height":1000,"url":"https:\/\/longchangchemical.com\/wp-content\/uploads\/2024\/02\/logo-jpeg.jpg","type":"image\/jpeg"}],"twitter_card":"summary_large_image","schema":{"@context":"https:\/\/schema.org","@graph":[{"@type":"WebPage","@id":"https:\/\/longchangchemical.com\/product\/dotp-cas-6422-86-2\/","url":"https:\/\/longchangchemical.com\/product\/dotp-cas-6422-86-2\/","name":"Fabricant chinois de Dioctyl terephthalate DOTP - Longchang chemical","isPartOf":{"@id":"https:\/\/longchangchemical.com\/#website"},"datePublished":"2021-10-08T14:19:29+00:00","dateModified":"2026-05-08T02:59:40+00:00","description":"Fabricant chinois de Dioctyl terephthalate DOTP CAS 6422-86-2. Ce produit peut remplacer Bis(2-ethylhexyl) terephthalate, DOTP, Eastman 168, Eastman TM 168, Kodaflex DOTP, NEO-T, Palatinol DOTP, Plastifiant 168, Terephthalic acid, bis(2-ethylhexyl) ester, terephthalic acid, bis(2-ethylhexyl)ester, DEHTP, Dioctyl terephthalate, ADK Cizer D 810.","breadcrumb":{"@id":"https:\/\/longchangchemical.com\/product\/dotp-cas-6422-86-2\/#breadcrumb"},"inLanguage":"fr-FR","potentialAction":[{"@type":"ReadAction","target":["https:\/\/longchangchemical.com\/product\/dotp-cas-6422-86-2\/"]}]},{"@type":"BreadcrumbList","@id":"https:\/\/longchangchemical.com\/product\/dotp-cas-6422-86-2\/#breadcrumb","itemListElement":[{"@type":"ListItem","position":1,"name":"Home","item":"https:\/\/longchangchemical.com\/"},{"@type":"ListItem","position":2,"name":"Products Longchang","item":"https:\/\/longchangchemical.com\/product\/"},{"@type":"ListItem","position":3,"name":"CHLUMIFLEX\u00ae DOTP \/ Dioctyl terephthalate CAS 6422-86-2"}]},{"@type":"WebSite","@id":"https:\/\/longchangchemical.com\/#website","url":"https:\/\/longchangchemical.com\/","name":"Longchang Chemical","description":"Fabricant chinois de produits chimiques \uff06 fournisseur","publisher":{"@id":"https:\/\/longchangchemical.com\/#organization"},"potentialAction":[{"@type":"SearchAction","target":{"@type":"EntryPoint","urlTemplate":"https:\/\/longchangchemical.com\/?s={search_term_string}"},"query-input":{"@type":"PropertyValueSpecification","valueRequired":true,"valueName":"search_term_string"}}],"inLanguage":"fr-FR"},{"@type":"Organization","@id":"https:\/\/longchangchemical.com\/#organization","name":"Longchang Chemical","url":"https:\/\/longchangchemical.com\/","logo":{"@type":"ImageObject","inLanguage":"fr-FR","@id":"https:\/\/longchangchemical.com\/#\/schema\/logo\/image\/","url":"https:\/\/longchangchemical.com\/wp-content\/uploads\/2020\/08\/cropped-longchang-logo.png","contentUrl":"https:\/\/longchangchemical.com\/wp-content\/uploads\/2020\/08\/cropped-longchang-logo.png","width":512,"height":512,"caption":"Longchang Chemical"},"image":{"@id":"https:\/\/longchangchemical.com\/#\/schema\/logo\/image\/"}}]}},"_links":{"self":[{"href":"https:\/\/longchangchemical.com\/fr\/wp-json\/wp\/v2\/product\/4794","targetHints":{"allow":["GET"]}}],"collection":[{"href":"https:\/\/longchangchemical.com\/fr\/wp-json\/wp\/v2\/product"}],"about":[{"href":"https:\/\/longchangchemical.com\/fr\/wp-json\/wp\/v2\/types\/product"}],"replies":[{"embeddable":true,"href":"https:\/\/longchangchemical.com\/fr\/wp-json\/wp\/v2\/comments?post=4794"}],"wp:attachment":[{"href":"https:\/\/longchangchemical.com\/fr\/wp-json\/wp\/v2\/media?parent=4794"}],"wp:term":[{"taxonomy":"product_brand","embeddable":true,"href":"https:\/\/longchangchemical.com\/fr\/wp-json\/wp\/v2\/product_brand?post=4794"},{"taxonomy":"product_cat","embeddable":true,"href":"https:\/\/longchangchemical.com\/fr\/wp-json\/wp\/v2\/product_cat?post=4794"},{"taxonomy":"product_tag","embeddable":true,"href":"https:\/\/longchangchemical.com\/fr\/wp-json\/wp\/v2\/product_tag?post=4794"}],"curies":[{"name":"wp","href":"https:\/\/api.w.org\/{rel}","templated":true}]}}