{"id":4790,"date":"2021-10-07T08:03:42","date_gmt":"2021-10-07T08:03:42","guid":{"rendered":"https:\/\/longchangchemical.com\/?post_type=product&#038;p=4790"},"modified":"2025-12-22T07:20:23","modified_gmt":"2025-12-22T07:20:23","slug":"liquid-sodium-silicate-cas-1344-09-8","status":"publish","type":"product","link":"https:\/\/longchangchemical.com\/fr\/product\/liquid-sodium-silicate-cas-1344-09-8\/","title":{"rendered":"Silicate de sodium liquide CAS 1344-09-8"},"content":{"rendered":"<h1><strong>Silicate de sodium liquide CAS 1344-09-8<\/strong><\/h1>\n<p><strong>Mod\u00e8les en stock : 40BE, 42BE, 50BE.<\/strong><\/p>\n<p><strong>Molarit\u00e9 : 3.1-3.4 ; 3.1-3.35 ; 2.1-2.5<\/strong><\/p>\n<p><strong>Diff\u00e9rentes sp\u00e9cifications, diff\u00e9rents prix. Si vous ne comprenez pas les sp\u00e9cifications, vous pouvez nous indiquer l'objectif, nous vous recommanderons le produit qui vous convient.<\/strong><\/p>\n<p>&nbsp;<\/p>\n<table width=\"288\">\n<tbody>\n<tr>\n<td width=\"191\">Objet<\/td>\n<td width=\"97\">Indicateurs<\/td>\n<\/tr>\n<tr>\n<td>Temp\u00e9rature (20\u2103-g\/ml)<\/td>\n<td>1.368-1.394<\/td>\n<\/tr>\n<tr>\n<td>Teneur en oxyde de sodium (Na2O)%\u2265<\/td>\n<td>8.2<\/td>\n<\/tr>\n<tr>\n<td>Dioxyde de silicium (SiO2)contenu%\u2265<\/td>\n<td>26<\/td>\n<\/tr>\n<tr>\n<td>Module M<\/td>\n<td>3.10-3.40<\/td>\n<\/tr>\n<\/tbody>\n<\/table>\n<p>&nbsp;<\/p>\n<h2><strong>Explication du nom du silicate de sodium<\/strong><\/h2>\n<p>Formule mol\u00e9culaire : Na2O-mSiO2 m repr\u00e9sente le module<br \/>\nRapport (Na2O : SiO2)<br \/>\nRapport (Na2O : SiO2) - Le rapport entre le sable quartzeux et l'alcali, c'est-\u00e0-dire le rapport molaire entre SiO2 et Na2O, d\u00e9termine le module M du silicate de sodium, et le module indique la composition du silicate de sodium.<br \/>\nLa teneur moyenne en Na2O% correspond \u00e0 la teneur moyenne en Na2O<br \/>\nSiO2 moyen %-- se r\u00e9f\u00e8re \u00e0 la valeur moyenne de la teneur en SiO2<br \/>\nSolubilit\u00e9 totale (Silicate %):- solubilit\u00e9 du silicate de sodium<br \/>\nMati\u00e8res insolubles dans l'eau % : teneur en mati\u00e8res insolubles<\/p>\n<p>&nbsp;<\/p>\n<h2>Comment utiliser le silicate de sodium ?<\/h2>\n<p>1. Le silicate de sodium 40BE-50BE est largement utilis\u00e9 dans l'industrie m\u00e9canique pour le moulage, la fabrication de meules et l'inhibition de la corrosion des m\u00e9taux.<br \/>\n2. Le silicate de sodium est utilis\u00e9 dans l'industrie de la construction pour la fabrication de ciment \u00e0 s\u00e9chage rapide, de ciment r\u00e9sistant aux acides et d'huile imperm\u00e9able, d'agent de durcissement des sols, de mat\u00e9riaux r\u00e9fractaires, etc.<br \/>\n3. Le silicate de sodium est utilis\u00e9 en agriculture pour fabriquer des engrais \u00e0 base de silice.<br \/>\n4. En outre, en tant qu'adh\u00e9sif, le silicate de sodium 42BE est largement utilis\u00e9 comme adh\u00e9sif \u00e0 haute viscosit\u00e9 pour les cartons (papier ondul\u00e9) et les tubes en papier.<\/p>\n<p>&nbsp;<\/p>\n<p>1. utilis\u00e9s dans l'industrie p\u00e9troli\u00e8re pour fabriquer des catalyseurs silice-alumine pour la catalyse et le craquage du p\u00e9trole.<\/p>\n<p>2. dans l'industrie chimique, il est utilis\u00e9 pour fabriquer de la silice, des tamis mol\u00e9culaires en z\u00e9olite, de la silice pr\u00e9cipit\u00e9e, divers types de silicates, et constitue la mati\u00e8re premi\u00e8re de base des siliciures.<\/p>\n<p>3. dans l'industrie chimique l\u00e9g\u00e8re, il constitue une charge indispensable dans les d\u00e9tergents et les savons, et le silicate de sodium lui-m\u00eame est un d\u00e9tergent efficace, un agent adoucissant et un adjuvant pour l'eau du robinet utilis\u00e9e par le public.<\/p>\n<p>4. dans l'industrie textile, utilis\u00e9 comme aide \u00e0 la teinture, au blanchiment et \u00e0 l'encollage.<\/p>\n<p>5. dans l'industrie des machines, il est largement utilis\u00e9 dans le moulage, le moulage de pr\u00e9cision, la fabrication de meules et comme agent de conservation des m\u00e9taux.<\/p>\n<p>6. dans l'industrie de la construction, utilis\u00e9 dans la fabrication de ciment \u00e0 s\u00e9chage rapide, de ciment r\u00e9sistant aux acides, d'huile imperm\u00e9able, d'agent de durcissement des sols, de mat\u00e9riaux r\u00e9fractaires, de carton ondul\u00e9, etc.<\/p>\n<p>7. dans les mines, pour le traitement des minerais, l'imperm\u00e9abilisation et le colmatage.<\/p>\n<p>8. dans l'agriculture, pour la fabrication d'engrais \u00e0 base de silice.<\/p>\n<p>9. le bois a des propri\u00e9t\u00e9s ignifuges lorsqu'il est tremp\u00e9 dans du silicate de sodium.<\/p>\n<p>10. les \u0153ufs peuvent \u00eatre conserv\u00e9s pendant une longue p\u00e9riode sans d\u00e9t\u00e9rioration apr\u00e8s avoir \u00e9t\u00e9 plong\u00e9s dans du silicate de sodium ; le silicate de sodium \u00e0 haut module est le liant du carton et de la bo\u00eete.<\/p>\n<p>&nbsp;<\/p>\n<h2><strong>Silicate de sodium Paquet<\/strong><\/h2>\n<p>200kg\/tambour ou 1000kg\/tambour.<\/p>\n<p>Nous disposons d'une flotte de v\u00e9hicules de transport et pouvons livrer \u00e0 votre porte dans la province.<\/p>\n<p>&nbsp;<\/p>\n<h2><strong><b>Contactez-nous d\u00e8s maintenant !<\/b><\/strong><\/h2>\n<h4><strong><b>Si vous avez besoin de COA, MSDS ou TDS, veuillez remplir vos coordonn\u00e9es dans le formulaire ci-dessous, nous vous contacterons g\u00e9n\u00e9ralement dans les 24 heures. Vous pouvez \u00e9galement m'envoyer un courriel <span style=\"color: #0000ff;\"><a style=\"color: #0000ff;\" href=\"mailto:info@longchangchemical.com\">info@longchangchemical.com<\/a><\/span> pendant les heures de travail ( 8:30 am to 6:00 pm UTC+8 Mon.~Sat. ) ou utilisez le chat en direct du site web pour obtenir une r\u00e9ponse rapide.<\/b><\/strong><\/h4>","protected":false},"excerpt":{"rendered":"<p><strong>Nom du produit : Silicate de sodium<\/strong><\/p>\n<p><strong>Num\u00e9ro CAS : 1344-09-8<\/strong><\/p>\n<p><strong>Autre nom : Silicate de sodium liquide ; verre d'eau silicate de sodium ; silicate de sodium verre d'eau ; silicate de sodium liquide ; silicate de sodium verre liquide<\/strong><\/p>\n<p><strong>Formule mol\u00e9culaire : Na2O3Si<\/strong><\/p>\n<p><strong>Poids mol\u00e9culaire : 122,06<\/strong><\/p>\n<p><strong>Aspect : Liquide collant incolore \u00e0 jaune clair et cyan.<\/strong><\/p>\n<p><strong>Emballage : 200 kgs\/tambour ; 1 tonne\/tambour<\/strong><\/p>\n<p><strong>Production mensuelle : 15 000 tonnes<\/strong><\/p>\n<p>&nbsp;<\/p>","protected":false},"featured_media":4792,"comment_status":"open","ping_status":"closed","template":"","meta":[],"product_brand":[],"product_cat":[103],"product_tag":[],"class_list":{"0":"post-4790","1":"product","2":"type-product","3":"status-publish","4":"has-post-thumbnail","6":"product_cat-cosmetic-additives","8":"first","9":"instock","10":"shipping-taxable","11":"product-type-simple"},"yoast_head":"<!-- This site is optimized with the Yoast SEO plugin v25.3.1 - https:\/\/yoast.com\/wordpress\/plugins\/seo\/ -->\n<title>China Liquid Sodium silicate manufacturer \uff06 CAS 1344-09-8 supplier - Longchang Chemical Co., Ltd.<\/title>\n<meta name=\"description\" content=\"China Liquid Sodium silicate CAS 1344-09-8 manufacturer and supplier. This product can replace Silicic acid, sodium salt, Sodium hydroxy(oxo)silanolate, sodium hydroxysilanoylolate, Sodium metasilicate, SODIUM SILICATE SOLUTION. Liquid Sodium silicate; water glass sodium silicate; sodium silicate water glass; Sodium silicate Liquid; Sodium silicate Liquid glass.\" \/>\n<meta name=\"robots\" content=\"index, follow, max-snippet:-1, max-image-preview:large, max-video-preview:-1\" \/>\n<link rel=\"canonical\" href=\"https:\/\/longchangchemical.com\/fr\/product\/liquid-sodium-silicate-cas-1344-09-8\/\" \/>\n<meta property=\"og:locale\" content=\"fr_FR\" \/>\n<meta property=\"og:type\" content=\"article\" \/>\n<meta property=\"og:title\" content=\"China Liquid Sodium silicate manufacturer \uff06 CAS 1344-09-8 supplier - Longchang Chemical Co., Ltd.\" \/>\n<meta property=\"og:description\" content=\"China Liquid Sodium silicate CAS 1344-09-8 manufacturer and supplier. This product can replace Silicic acid, sodium salt, Sodium hydroxy(oxo)silanolate, sodium hydroxysilanoylolate, Sodium metasilicate, SODIUM SILICATE SOLUTION. Liquid Sodium silicate; water glass sodium silicate; sodium silicate water glass; Sodium silicate Liquid; Sodium silicate Liquid glass.\" \/>\n<meta property=\"og:url\" content=\"https:\/\/longchangchemical.com\/fr\/product\/liquid-sodium-silicate-cas-1344-09-8\/\" \/>\n<meta property=\"og:site_name\" content=\"Longchang Chemical\" \/>\n<meta property=\"article:modified_time\" content=\"2025-12-22T07:20:23+00:00\" \/>\n<meta property=\"og:image\" content=\"https:\/\/longchangchemical.com\/wp-content\/uploads\/2021\/10\/Appearance.jpg\" \/>\n\t<meta property=\"og:image:width\" content=\"800\" \/>\n\t<meta property=\"og:image:height\" content=\"800\" \/>\n\t<meta property=\"og:image:type\" content=\"image\/jpeg\" \/>\n<meta name=\"twitter:card\" content=\"summary_large_image\" \/>\n<script type=\"application\/ld+json\" class=\"yoast-schema-graph\">{\"@context\":\"https:\/\/schema.org\",\"@graph\":[{\"@type\":\"WebPage\",\"@id\":\"https:\/\/longchangchemical.com\/product\/liquid-sodium-silicate-cas-1344-09-8\/\",\"url\":\"https:\/\/longchangchemical.com\/product\/liquid-sodium-silicate-cas-1344-09-8\/\",\"name\":\"China Liquid Sodium silicate manufacturer \uff06 CAS 1344-09-8 supplier - Longchang Chemical Co., Ltd.\",\"isPartOf\":{\"@id\":\"https:\/\/longchangchemical.com\/#website\"},\"primaryImageOfPage\":{\"@id\":\"https:\/\/longchangchemical.com\/product\/liquid-sodium-silicate-cas-1344-09-8\/#primaryimage\"},\"image\":{\"@id\":\"https:\/\/longchangchemical.com\/product\/liquid-sodium-silicate-cas-1344-09-8\/#primaryimage\"},\"thumbnailUrl\":\"https:\/\/longchangchemical.com\/wp-content\/uploads\/2021\/10\/Appearance.jpg\",\"datePublished\":\"2021-10-07T08:03:42+00:00\",\"dateModified\":\"2025-12-22T07:20:23+00:00\",\"description\":\"China Liquid Sodium silicate CAS 1344-09-8 manufacturer and supplier. This product can replace Silicic acid, sodium salt, Sodium hydroxy(oxo)silanolate, sodium hydroxysilanoylolate, Sodium metasilicate, SODIUM SILICATE SOLUTION. Liquid Sodium silicate; water glass sodium silicate; sodium silicate water glass; Sodium silicate Liquid; Sodium silicate Liquid glass.\",\"breadcrumb\":{\"@id\":\"https:\/\/longchangchemical.com\/product\/liquid-sodium-silicate-cas-1344-09-8\/#breadcrumb\"},\"inLanguage\":\"fr-FR\",\"potentialAction\":[{\"@type\":\"ReadAction\",\"target\":[\"https:\/\/longchangchemical.com\/product\/liquid-sodium-silicate-cas-1344-09-8\/\"]}]},{\"@type\":\"ImageObject\",\"inLanguage\":\"fr-FR\",\"@id\":\"https:\/\/longchangchemical.com\/product\/liquid-sodium-silicate-cas-1344-09-8\/#primaryimage\",\"url\":\"https:\/\/longchangchemical.com\/wp-content\/uploads\/2021\/10\/Appearance.jpg\",\"contentUrl\":\"https:\/\/longchangchemical.com\/wp-content\/uploads\/2021\/10\/Appearance.jpg\",\"width\":800,\"height\":800},{\"@type\":\"BreadcrumbList\",\"@id\":\"https:\/\/longchangchemical.com\/product\/liquid-sodium-silicate-cas-1344-09-8\/#breadcrumb\",\"itemListElement\":[{\"@type\":\"ListItem\",\"position\":1,\"name\":\"Home\",\"item\":\"https:\/\/longchangchemical.com\/\"},{\"@type\":\"ListItem\",\"position\":2,\"name\":\"Products Longchang\",\"item\":\"https:\/\/longchangchemical.com\/product\/\"},{\"@type\":\"ListItem\",\"position\":3,\"name\":\"Liquid Sodium silicate CAS 1344-09-8\"}]},{\"@type\":\"WebSite\",\"@id\":\"https:\/\/longchangchemical.com\/#website\",\"url\":\"https:\/\/longchangchemical.com\/\",\"name\":\"Longchang Chemical\",\"description\":\"China chemical manufacturer \uff06 supplier\",\"publisher\":{\"@id\":\"https:\/\/longchangchemical.com\/#organization\"},\"potentialAction\":[{\"@type\":\"SearchAction\",\"target\":{\"@type\":\"EntryPoint\",\"urlTemplate\":\"https:\/\/longchangchemical.com\/?s={search_term_string}\"},\"query-input\":{\"@type\":\"PropertyValueSpecification\",\"valueRequired\":true,\"valueName\":\"search_term_string\"}}],\"inLanguage\":\"fr-FR\"},{\"@type\":\"Organization\",\"@id\":\"https:\/\/longchangchemical.com\/#organization\",\"name\":\"Longchang Chemical\",\"url\":\"https:\/\/longchangchemical.com\/\",\"logo\":{\"@type\":\"ImageObject\",\"inLanguage\":\"fr-FR\",\"@id\":\"https:\/\/longchangchemical.com\/#\/schema\/logo\/image\/\",\"url\":\"https:\/\/longchangchemical.com\/wp-content\/uploads\/2020\/08\/cropped-longchang-logo.png\",\"contentUrl\":\"https:\/\/longchangchemical.com\/wp-content\/uploads\/2020\/08\/cropped-longchang-logo.png\",\"width\":512,\"height\":512,\"caption\":\"Longchang Chemical\"},\"image\":{\"@id\":\"https:\/\/longchangchemical.com\/#\/schema\/logo\/image\/\"}}]}<\/script>\n<!-- \/ Yoast SEO plugin. -->","yoast_head_json":{"title":"Fabricant chinois de silicate de sodium liquide \uff06 CAS 1344-09-8 - Longchang Chemical Co.","description":"Silicate de sodium liquide CAS 1344-09-8, fabricant et fournisseur chinois. Ce produit peut remplacer l'acide silicique, le sel de sodium, l'hydroxy(oxo)silanolate de sodium, l'hydroxysilanoylolate de sodium, le m\u00e9tasilicate de sodium, la SOLUTION DE SILICATE DE SODIUM. Silicate de sodium liquide ; verre d'eau silicate de sodium ; verre d'eau silicate de sodium ; silicate de sodium liquide ; verre de silicate de sodium liquide.","robots":{"index":"index","follow":"follow","max-snippet":"max-snippet:-1","max-image-preview":"max-image-preview:large","max-video-preview":"max-video-preview:-1"},"canonical":"https:\/\/longchangchemical.com\/fr\/product\/liquid-sodium-silicate-cas-1344-09-8\/","og_locale":"fr_FR","og_type":"article","og_title":"China Liquid Sodium silicate manufacturer \uff06 CAS 1344-09-8 supplier - Longchang Chemical Co., Ltd.","og_description":"China Liquid Sodium silicate CAS 1344-09-8 manufacturer and supplier. This product can replace Silicic acid, sodium salt, Sodium hydroxy(oxo)silanolate, sodium hydroxysilanoylolate, Sodium metasilicate, SODIUM SILICATE SOLUTION. Liquid Sodium silicate; water glass sodium silicate; sodium silicate water glass; Sodium silicate Liquid; Sodium silicate Liquid glass.","og_url":"https:\/\/longchangchemical.com\/fr\/product\/liquid-sodium-silicate-cas-1344-09-8\/","og_site_name":"Longchang Chemical","article_modified_time":"2025-12-22T07:20:23+00:00","og_image":[{"width":800,"height":800,"url":"https:\/\/longchangchemical.com\/wp-content\/uploads\/2021\/10\/Appearance.jpg","type":"image\/jpeg"}],"twitter_card":"summary_large_image","schema":{"@context":"https:\/\/schema.org","@graph":[{"@type":"WebPage","@id":"https:\/\/longchangchemical.com\/product\/liquid-sodium-silicate-cas-1344-09-8\/","url":"https:\/\/longchangchemical.com\/product\/liquid-sodium-silicate-cas-1344-09-8\/","name":"Fabricant chinois de silicate de sodium liquide \uff06 CAS 1344-09-8 - Longchang Chemical Co.","isPartOf":{"@id":"https:\/\/longchangchemical.com\/#website"},"primaryImageOfPage":{"@id":"https:\/\/longchangchemical.com\/product\/liquid-sodium-silicate-cas-1344-09-8\/#primaryimage"},"image":{"@id":"https:\/\/longchangchemical.com\/product\/liquid-sodium-silicate-cas-1344-09-8\/#primaryimage"},"thumbnailUrl":"https:\/\/longchangchemical.com\/wp-content\/uploads\/2021\/10\/Appearance.jpg","datePublished":"2021-10-07T08:03:42+00:00","dateModified":"2025-12-22T07:20:23+00:00","description":"Silicate de sodium liquide CAS 1344-09-8, fabricant et fournisseur chinois. Ce produit peut remplacer l'acide silicique, le sel de sodium, l'hydroxy(oxo)silanolate de sodium, l'hydroxysilanoylolate de sodium, le m\u00e9tasilicate de sodium, la SOLUTION DE SILICATE DE SODIUM. Silicate de sodium liquide ; verre d'eau silicate de sodium ; verre d'eau silicate de sodium ; silicate de sodium liquide ; verre de silicate de sodium liquide.","breadcrumb":{"@id":"https:\/\/longchangchemical.com\/product\/liquid-sodium-silicate-cas-1344-09-8\/#breadcrumb"},"inLanguage":"fr-FR","potentialAction":[{"@type":"ReadAction","target":["https:\/\/longchangchemical.com\/product\/liquid-sodium-silicate-cas-1344-09-8\/"]}]},{"@type":"ImageObject","inLanguage":"fr-FR","@id":"https:\/\/longchangchemical.com\/product\/liquid-sodium-silicate-cas-1344-09-8\/#primaryimage","url":"https:\/\/longchangchemical.com\/wp-content\/uploads\/2021\/10\/Appearance.jpg","contentUrl":"https:\/\/longchangchemical.com\/wp-content\/uploads\/2021\/10\/Appearance.jpg","width":800,"height":800},{"@type":"BreadcrumbList","@id":"https:\/\/longchangchemical.com\/product\/liquid-sodium-silicate-cas-1344-09-8\/#breadcrumb","itemListElement":[{"@type":"ListItem","position":1,"name":"Home","item":"https:\/\/longchangchemical.com\/"},{"@type":"ListItem","position":2,"name":"Products Longchang","item":"https:\/\/longchangchemical.com\/product\/"},{"@type":"ListItem","position":3,"name":"Liquid Sodium silicate CAS 1344-09-8"}]},{"@type":"WebSite","@id":"https:\/\/longchangchemical.com\/#website","url":"https:\/\/longchangchemical.com\/","name":"Longchang Chemical","description":"Fabricant chinois de produits chimiques \uff06 fournisseur","publisher":{"@id":"https:\/\/longchangchemical.com\/#organization"},"potentialAction":[{"@type":"SearchAction","target":{"@type":"EntryPoint","urlTemplate":"https:\/\/longchangchemical.com\/?s={search_term_string}"},"query-input":{"@type":"PropertyValueSpecification","valueRequired":true,"valueName":"search_term_string"}}],"inLanguage":"fr-FR"},{"@type":"Organization","@id":"https:\/\/longchangchemical.com\/#organization","name":"Longchang Chemical","url":"https:\/\/longchangchemical.com\/","logo":{"@type":"ImageObject","inLanguage":"fr-FR","@id":"https:\/\/longchangchemical.com\/#\/schema\/logo\/image\/","url":"https:\/\/longchangchemical.com\/wp-content\/uploads\/2020\/08\/cropped-longchang-logo.png","contentUrl":"https:\/\/longchangchemical.com\/wp-content\/uploads\/2020\/08\/cropped-longchang-logo.png","width":512,"height":512,"caption":"Longchang Chemical"},"image":{"@id":"https:\/\/longchangchemical.com\/#\/schema\/logo\/image\/"}}]}},"_links":{"self":[{"href":"https:\/\/longchangchemical.com\/fr\/wp-json\/wp\/v2\/product\/4790","targetHints":{"allow":["GET"]}}],"collection":[{"href":"https:\/\/longchangchemical.com\/fr\/wp-json\/wp\/v2\/product"}],"about":[{"href":"https:\/\/longchangchemical.com\/fr\/wp-json\/wp\/v2\/types\/product"}],"replies":[{"embeddable":true,"href":"https:\/\/longchangchemical.com\/fr\/wp-json\/wp\/v2\/comments?post=4790"}],"wp:featuredmedia":[{"embeddable":true,"href":"https:\/\/longchangchemical.com\/fr\/wp-json\/wp\/v2\/media\/4792"}],"wp:attachment":[{"href":"https:\/\/longchangchemical.com\/fr\/wp-json\/wp\/v2\/media?parent=4790"}],"wp:term":[{"taxonomy":"product_brand","embeddable":true,"href":"https:\/\/longchangchemical.com\/fr\/wp-json\/wp\/v2\/product_brand?post=4790"},{"taxonomy":"product_cat","embeddable":true,"href":"https:\/\/longchangchemical.com\/fr\/wp-json\/wp\/v2\/product_cat?post=4790"},{"taxonomy":"product_tag","embeddable":true,"href":"https:\/\/longchangchemical.com\/fr\/wp-json\/wp\/v2\/product_tag?post=4790"}],"curies":[{"name":"wp","href":"https:\/\/api.w.org\/{rel}","templated":true}]}}