{"id":4775,"date":"2021-09-06T02:54:41","date_gmt":"2021-09-06T02:54:41","guid":{"rendered":"https:\/\/longchangchemical.com\/?post_type=product&#038;p=4775"},"modified":"2025-12-22T07:48:24","modified_gmt":"2025-12-22T07:48:24","slug":"soybean-extract-574-12-9","status":"publish","type":"product","link":"https:\/\/longchangchemical.com\/fr\/product\/soybean-extract-574-12-9\/","title":{"rendered":"Extrait de soja CAS 574-12-9"},"content":{"rendered":"<h1><strong>Extrait de soja CAS 574-12-9<\/strong><\/h1>\n<p>Ingr\u00e9dients actifs : Isoflavones de soja Aglycon<br \/>\nSp\u00e9cification : 20%-80% (100% naturel)<br \/>\nM\u00e9thode de dosage : HPLC<br \/>\nSource botanique : Soja (Glycine max.)<br \/>\nPartie de la plante utilis\u00e9e : Germes de soja<br \/>\nApparence : Poudre gris fonc\u00e9 \u00e0 blanc cass\u00e9<br \/>\nCertificats : NON-OGM, HALAL, CASHER, SC<\/p>\n<h2><strong>Qu'est-ce que l'extrait de soja ?<\/strong><\/h2>\n<p>Elle a \u00e9t\u00e9 extraite des germes du soja (Glycine max.), plante annuelle du genre leguminosae, et se pr\u00e9sente sous la forme d'une poudre gris fonc\u00e9 \u00e0 blanc cass\u00e9, \u00e0 l'odeur particuli\u00e8re et au go\u00fbt l\u00e9ger. Les isoflavones de soja sont une sorte de m\u00e9tabolites secondaires form\u00e9s lors de la croissance du soja. Elles existent principalement dans les cotyl\u00e9dons et les hypocotyles des graines de soja. Les isoflavones de soja comprennent la g\u00e9nist\u00e9ine, la daidz\u00e9ine et la daidz\u00e9ine. Les isoflavones de soja naturelles sont principalement compos\u00e9es d'isoflavones de soja \u03b2- Sous forme de glucoside, l'isoflavone de soja peut \u00eatre hydrolys\u00e9e en isoflavone libre sous l'action de diverses glucosidases d'isoflavones. Isoflavones de soja aglycones : Les isoflavones aglycones repr\u00e9sentent 80% des isoflavones totales. Le groupe glucose de l'isoflavone de soja glucosidique a \u00e9t\u00e9 \u00e9limin\u00e9 par hydrolyse enzymatique et transform\u00e9 en isoflavone de soja libre avec une activit\u00e9 plus \u00e9lev\u00e9e.<\/p>\n<p>&nbsp;<\/p>\n<h2>Extrait de soja Fonction et utilisation :<\/h2>\n<p>Le r\u00f4le faible des \u0153strog\u00e8nes et des anti-\u0153strog\u00e8nes aide \u00e0 soulager les sympt\u00f4mes associ\u00e9s \u00e0 la m\u00e9nopause.<\/p>\n<p>Anti-oxydation, anti-\u00e2ge, am\u00e9lioration de la qualit\u00e9 de la peau<\/p>\n<p>Anti-ost\u00e9oporose<\/p>\n<p>Pr\u00e9venir les maladies cardiovasculaires<\/p>\n<p>Avantages : Faible r\u00e9sidu de pesticide, faible r\u00e9sidu de solvant, conforme \u00e0 la norme relative aux plastifiants, non OGM, non irradi\u00e9, conforme \u00e0 la norme relative aux PAH4...etc.<\/p>\n<p>1. Protection de l'environnement : Il n'y a pas de rejets d'eaux us\u00e9es dans l'ensemble de la production, vous pouvez contribuer \u00e0 la protection de l'environnement lorsque vous achetez des produits.<\/p>\n<p>2. Technologie : Technologie d'extraction automatique continue \u00e0 contre-courant, haut degr\u00e9 d'automatisation dans le processus de production du produit.<\/p>\n<p>3. Responsabilit\u00e9 sociale : Utilisation rationnelle des r\u00e9sidus de mati\u00e8res premi\u00e8res et responsabilit\u00e9 sociale<\/p>\n<p>4. Efficace : La temp\u00e9rature totale de production du produit ne d\u00e9passe pas 60\u2103, et l'activit\u00e9 biologique du produit est efficacement prot\u00e9g\u00e9e.<\/p>\n<p>Nous pouvons fabriquer les produits conform\u00e9ment \u00e0 vos exigences.<\/p>\n<p>D\u00e9clarations : Peut \u00eatre fourni selon les besoins du client.<\/p>\n<p>&nbsp;<\/p>\n<h2><strong><b>Contactez-nous d\u00e8s maintenant !<\/b><\/strong><\/h2>\n<h4><strong><b>Si vous avez besoin de COA, MSDS ou TDS, veuillez remplir vos coordonn\u00e9es dans le formulaire ci-dessous, nous vous contacterons g\u00e9n\u00e9ralement dans les 24 heures. Vous pouvez \u00e9galement m'envoyer un courriel <span style=\"color: #0000ff;\"><a style=\"color: #0000ff;\" href=\"mailto:info@longchangchemical.com\">info@longchangchemical.com<\/a><\/span> pendant les heures de travail ( 8:30 am to 6:00 pm UTC+8 Mon.~Sat. ) ou utilisez le chat en direct du site web pour obtenir une r\u00e9ponse rapide.<\/b><\/strong><\/h4>","protected":false},"excerpt":{"rendered":"<h4>Nom du produit : Extrait de soja<\/h4>\n<h4>CAS : 574-12-9<\/h4>\n<h4>Formule mol\u00e9culaire : C15H10O2<\/h4>\n<h4>Solvant d'extraction : Ethanol et eau<\/h4>\n<h4>Poids mol\u00e9culaire : 222,243<\/h4>\n<h4>Irradiation : Non irradi\u00e9<\/h4>\n<h4>Identification : TLC<\/h4>\n<h4>OGM : Non-OGM<\/h4>\n<h4>Transporteurs\/excipients : Aucun<\/h4>","protected":false},"featured_media":4776,"comment_status":"open","ping_status":"closed","template":"","meta":[],"product_brand":[],"product_cat":[113],"product_tag":[],"class_list":{"0":"post-4775","1":"product","2":"type-product","3":"status-publish","4":"has-post-thumbnail","6":"product_cat-organic-intermediate","8":"first","9":"instock","10":"shipping-taxable","11":"product-type-simple"},"yoast_head":"<!-- This site is optimized with the Yoast SEO plugin v25.3.1 - https:\/\/yoast.com\/wordpress\/plugins\/seo\/ -->\n<title>China Soybean Extract CAS 574-12-9 Manufacturer - Longchang Chemical<\/title>\n<meta name=\"description\" content=\"Soybean Extract CAS 574-12-9 is a key product of Longchang Chemical. We provide the best price. We are the leading manufacturer in China with the best quality and competitive price.\" \/>\n<meta name=\"robots\" content=\"index, follow, max-snippet:-1, max-image-preview:large, max-video-preview:-1\" \/>\n<link rel=\"canonical\" href=\"https:\/\/longchangchemical.com\/fr\/product\/soybean-extract-574-12-9\/\" \/>\n<meta property=\"og:locale\" content=\"fr_FR\" \/>\n<meta property=\"og:type\" content=\"article\" \/>\n<meta property=\"og:title\" content=\"China Soybean Extract CAS 574-12-9 Manufacturer - Longchang Chemical\" \/>\n<meta property=\"og:description\" content=\"Soybean Extract CAS 574-12-9 is a key product of Longchang Chemical. We provide the best price. We are the leading manufacturer in China with the best quality and competitive price.\" \/>\n<meta property=\"og:url\" content=\"https:\/\/longchangchemical.com\/fr\/product\/soybean-extract-574-12-9\/\" \/>\n<meta property=\"og:site_name\" content=\"Longchang Chemical\" \/>\n<meta property=\"article:modified_time\" content=\"2025-12-22T07:48:24+00:00\" \/>\n<meta property=\"og:image\" content=\"https:\/\/longchangchemical.com\/wp-content\/uploads\/2021\/09\/Soybean-Extract-CAS-574-12-9.jpg\" \/>\n\t<meta property=\"og:image:width\" content=\"600\" \/>\n\t<meta property=\"og:image:height\" content=\"600\" \/>\n\t<meta property=\"og:image:type\" content=\"image\/jpeg\" \/>\n<meta name=\"twitter:card\" content=\"summary_large_image\" \/>\n<script type=\"application\/ld+json\" class=\"yoast-schema-graph\">{\"@context\":\"https:\/\/schema.org\",\"@graph\":[{\"@type\":\"WebPage\",\"@id\":\"https:\/\/longchangchemical.com\/product\/soybean-extract-574-12-9\/\",\"url\":\"https:\/\/longchangchemical.com\/product\/soybean-extract-574-12-9\/\",\"name\":\"China Soybean Extract CAS 574-12-9 Manufacturer - Longchang Chemical\",\"isPartOf\":{\"@id\":\"https:\/\/longchangchemical.com\/#website\"},\"primaryImageOfPage\":{\"@id\":\"https:\/\/longchangchemical.com\/product\/soybean-extract-574-12-9\/#primaryimage\"},\"image\":{\"@id\":\"https:\/\/longchangchemical.com\/product\/soybean-extract-574-12-9\/#primaryimage\"},\"thumbnailUrl\":\"https:\/\/longchangchemical.com\/wp-content\/uploads\/2021\/09\/Soybean-Extract-CAS-574-12-9.jpg\",\"datePublished\":\"2021-09-06T02:54:41+00:00\",\"dateModified\":\"2025-12-22T07:48:24+00:00\",\"description\":\"Soybean Extract CAS 574-12-9 is a key product of Longchang Chemical. We provide the best price. We are the leading manufacturer in China with the best quality and competitive price.\",\"breadcrumb\":{\"@id\":\"https:\/\/longchangchemical.com\/product\/soybean-extract-574-12-9\/#breadcrumb\"},\"inLanguage\":\"fr-FR\",\"potentialAction\":[{\"@type\":\"ReadAction\",\"target\":[\"https:\/\/longchangchemical.com\/product\/soybean-extract-574-12-9\/\"]}]},{\"@type\":\"ImageObject\",\"inLanguage\":\"fr-FR\",\"@id\":\"https:\/\/longchangchemical.com\/product\/soybean-extract-574-12-9\/#primaryimage\",\"url\":\"https:\/\/longchangchemical.com\/wp-content\/uploads\/2021\/09\/Soybean-Extract-CAS-574-12-9.jpg\",\"contentUrl\":\"https:\/\/longchangchemical.com\/wp-content\/uploads\/2021\/09\/Soybean-Extract-CAS-574-12-9.jpg\",\"width\":600,\"height\":600},{\"@type\":\"BreadcrumbList\",\"@id\":\"https:\/\/longchangchemical.com\/product\/soybean-extract-574-12-9\/#breadcrumb\",\"itemListElement\":[{\"@type\":\"ListItem\",\"position\":1,\"name\":\"Home\",\"item\":\"https:\/\/longchangchemical.com\/\"},{\"@type\":\"ListItem\",\"position\":2,\"name\":\"Products Longchang\",\"item\":\"https:\/\/longchangchemical.com\/product\/\"},{\"@type\":\"ListItem\",\"position\":3,\"name\":\"Soybean Extract CAS 574-12-9\"}]},{\"@type\":\"WebSite\",\"@id\":\"https:\/\/longchangchemical.com\/#website\",\"url\":\"https:\/\/longchangchemical.com\/\",\"name\":\"Longchang Chemical\",\"description\":\"China chemical manufacturer \uff06 supplier\",\"publisher\":{\"@id\":\"https:\/\/longchangchemical.com\/#organization\"},\"potentialAction\":[{\"@type\":\"SearchAction\",\"target\":{\"@type\":\"EntryPoint\",\"urlTemplate\":\"https:\/\/longchangchemical.com\/?s={search_term_string}\"},\"query-input\":{\"@type\":\"PropertyValueSpecification\",\"valueRequired\":true,\"valueName\":\"search_term_string\"}}],\"inLanguage\":\"fr-FR\"},{\"@type\":\"Organization\",\"@id\":\"https:\/\/longchangchemical.com\/#organization\",\"name\":\"Longchang Chemical\",\"url\":\"https:\/\/longchangchemical.com\/\",\"logo\":{\"@type\":\"ImageObject\",\"inLanguage\":\"fr-FR\",\"@id\":\"https:\/\/longchangchemical.com\/#\/schema\/logo\/image\/\",\"url\":\"https:\/\/longchangchemical.com\/wp-content\/uploads\/2020\/08\/cropped-longchang-logo.png\",\"contentUrl\":\"https:\/\/longchangchemical.com\/wp-content\/uploads\/2020\/08\/cropped-longchang-logo.png\",\"width\":512,\"height\":512,\"caption\":\"Longchang Chemical\"},\"image\":{\"@id\":\"https:\/\/longchangchemical.com\/#\/schema\/logo\/image\/\"}}]}<\/script>\n<!-- \/ Yoast SEO plugin. -->","yoast_head_json":{"title":"Extrait de soja CAS 574-12-9 fabricant chinois - Longchang Chemical","description":"L'extrait de soja CAS 574-12-9 est un produit cl\u00e9 de Longchang Chemical. Nous fournissons le meilleur prix. Nous sommes le premier fabricant en Chine avec la meilleure qualit\u00e9 et un prix comp\u00e9titif.","robots":{"index":"index","follow":"follow","max-snippet":"max-snippet:-1","max-image-preview":"max-image-preview:large","max-video-preview":"max-video-preview:-1"},"canonical":"https:\/\/longchangchemical.com\/fr\/product\/soybean-extract-574-12-9\/","og_locale":"fr_FR","og_type":"article","og_title":"China Soybean Extract CAS 574-12-9 Manufacturer - Longchang Chemical","og_description":"Soybean Extract CAS 574-12-9 is a key product of Longchang Chemical. We provide the best price. We are the leading manufacturer in China with the best quality and competitive price.","og_url":"https:\/\/longchangchemical.com\/fr\/product\/soybean-extract-574-12-9\/","og_site_name":"Longchang Chemical","article_modified_time":"2025-12-22T07:48:24+00:00","og_image":[{"width":600,"height":600,"url":"https:\/\/longchangchemical.com\/wp-content\/uploads\/2021\/09\/Soybean-Extract-CAS-574-12-9.jpg","type":"image\/jpeg"}],"twitter_card":"summary_large_image","schema":{"@context":"https:\/\/schema.org","@graph":[{"@type":"WebPage","@id":"https:\/\/longchangchemical.com\/product\/soybean-extract-574-12-9\/","url":"https:\/\/longchangchemical.com\/product\/soybean-extract-574-12-9\/","name":"Extrait de soja CAS 574-12-9 fabricant chinois - Longchang Chemical","isPartOf":{"@id":"https:\/\/longchangchemical.com\/#website"},"primaryImageOfPage":{"@id":"https:\/\/longchangchemical.com\/product\/soybean-extract-574-12-9\/#primaryimage"},"image":{"@id":"https:\/\/longchangchemical.com\/product\/soybean-extract-574-12-9\/#primaryimage"},"thumbnailUrl":"https:\/\/longchangchemical.com\/wp-content\/uploads\/2021\/09\/Soybean-Extract-CAS-574-12-9.jpg","datePublished":"2021-09-06T02:54:41+00:00","dateModified":"2025-12-22T07:48:24+00:00","description":"L'extrait de soja CAS 574-12-9 est un produit cl\u00e9 de Longchang Chemical. Nous fournissons le meilleur prix. Nous sommes le premier fabricant en Chine avec la meilleure qualit\u00e9 et un prix comp\u00e9titif.","breadcrumb":{"@id":"https:\/\/longchangchemical.com\/product\/soybean-extract-574-12-9\/#breadcrumb"},"inLanguage":"fr-FR","potentialAction":[{"@type":"ReadAction","target":["https:\/\/longchangchemical.com\/product\/soybean-extract-574-12-9\/"]}]},{"@type":"ImageObject","inLanguage":"fr-FR","@id":"https:\/\/longchangchemical.com\/product\/soybean-extract-574-12-9\/#primaryimage","url":"https:\/\/longchangchemical.com\/wp-content\/uploads\/2021\/09\/Soybean-Extract-CAS-574-12-9.jpg","contentUrl":"https:\/\/longchangchemical.com\/wp-content\/uploads\/2021\/09\/Soybean-Extract-CAS-574-12-9.jpg","width":600,"height":600},{"@type":"BreadcrumbList","@id":"https:\/\/longchangchemical.com\/product\/soybean-extract-574-12-9\/#breadcrumb","itemListElement":[{"@type":"ListItem","position":1,"name":"Home","item":"https:\/\/longchangchemical.com\/"},{"@type":"ListItem","position":2,"name":"Products Longchang","item":"https:\/\/longchangchemical.com\/product\/"},{"@type":"ListItem","position":3,"name":"Soybean Extract CAS 574-12-9"}]},{"@type":"WebSite","@id":"https:\/\/longchangchemical.com\/#website","url":"https:\/\/longchangchemical.com\/","name":"Longchang Chemical","description":"Fabricant chinois de produits chimiques \uff06 fournisseur","publisher":{"@id":"https:\/\/longchangchemical.com\/#organization"},"potentialAction":[{"@type":"SearchAction","target":{"@type":"EntryPoint","urlTemplate":"https:\/\/longchangchemical.com\/?s={search_term_string}"},"query-input":{"@type":"PropertyValueSpecification","valueRequired":true,"valueName":"search_term_string"}}],"inLanguage":"fr-FR"},{"@type":"Organization","@id":"https:\/\/longchangchemical.com\/#organization","name":"Longchang Chemical","url":"https:\/\/longchangchemical.com\/","logo":{"@type":"ImageObject","inLanguage":"fr-FR","@id":"https:\/\/longchangchemical.com\/#\/schema\/logo\/image\/","url":"https:\/\/longchangchemical.com\/wp-content\/uploads\/2020\/08\/cropped-longchang-logo.png","contentUrl":"https:\/\/longchangchemical.com\/wp-content\/uploads\/2020\/08\/cropped-longchang-logo.png","width":512,"height":512,"caption":"Longchang Chemical"},"image":{"@id":"https:\/\/longchangchemical.com\/#\/schema\/logo\/image\/"}}]}},"_links":{"self":[{"href":"https:\/\/longchangchemical.com\/fr\/wp-json\/wp\/v2\/product\/4775","targetHints":{"allow":["GET"]}}],"collection":[{"href":"https:\/\/longchangchemical.com\/fr\/wp-json\/wp\/v2\/product"}],"about":[{"href":"https:\/\/longchangchemical.com\/fr\/wp-json\/wp\/v2\/types\/product"}],"replies":[{"embeddable":true,"href":"https:\/\/longchangchemical.com\/fr\/wp-json\/wp\/v2\/comments?post=4775"}],"wp:featuredmedia":[{"embeddable":true,"href":"https:\/\/longchangchemical.com\/fr\/wp-json\/wp\/v2\/media\/4776"}],"wp:attachment":[{"href":"https:\/\/longchangchemical.com\/fr\/wp-json\/wp\/v2\/media?parent=4775"}],"wp:term":[{"taxonomy":"product_brand","embeddable":true,"href":"https:\/\/longchangchemical.com\/fr\/wp-json\/wp\/v2\/product_brand?post=4775"},{"taxonomy":"product_cat","embeddable":true,"href":"https:\/\/longchangchemical.com\/fr\/wp-json\/wp\/v2\/product_cat?post=4775"},{"taxonomy":"product_tag","embeddable":true,"href":"https:\/\/longchangchemical.com\/fr\/wp-json\/wp\/v2\/product_tag?post=4775"}],"curies":[{"name":"wp","href":"https:\/\/api.w.org\/{rel}","templated":true}]}}