{"id":4373,"date":"2021-02-09T13:49:07","date_gmt":"2021-02-09T13:49:07","guid":{"rendered":"https:\/\/longchangchemical.com\/?post_type=product&#038;p=4373"},"modified":"2022-02-17T02:52:58","modified_gmt":"2022-02-17T02:52:58","slug":"ferric-citrate-cas-3522-50-7","status":"publish","type":"product","link":"https:\/\/longchangchemical.com\/fr\/product\/ferric-citrate-cas-3522-50-7\/","title":{"rendered":"Citrate ferrique CAS 3522-50-7"},"content":{"rendered":"<h1><strong>Citrate ferrique CAS 3522-50-7<\/strong><\/h1>\n<table>\n<tbody>\n<tr>\n<td width=\"202\">\n<h4><strong><b>Objet<\/b><\/strong><\/h4>\n<\/td>\n<td width=\"287\">\n<h4><strong><b>Standard<\/b><\/strong><\/h4>\n<\/td>\n<td width=\"208\">\n<h4><strong><b>R\u00e9sultats<\/b><\/strong><\/h4>\n<\/td>\n<\/tr>\n<tr>\n<td width=\"202\">\n<h4>Essai(Fe)%<\/h4>\n<\/td>\n<td width=\"287\">\n<h4>16.5-18.5<\/h4>\n<\/td>\n<td width=\"208\">\n<h4>17.7%<\/h4>\n<\/td>\n<\/tr>\n<tr>\n<td width=\"202\">\n<h4>citrate<\/h4>\n<\/td>\n<td width=\"287\">\n<h4>R\u00e9pondre \u00e0 l'exigence<\/h4>\n<\/td>\n<td width=\"208\">\n<h4>R\u00e9pondre \u00e0 l'exigence<\/h4>\n<\/td>\n<\/tr>\n<tr>\n<td width=\"202\">\n<h4>l'azote<\/h4>\n<\/td>\n<td width=\"287\">\n<h4>R\u00e9pondre \u00e0 l'exigence<\/h4>\n<\/td>\n<td width=\"208\">\n<h4>R\u00e9pondre \u00e0 l'exigence<\/h4>\n<\/td>\n<\/tr>\n<tr>\n<td width=\"202\">\n<h4>ion chlorure%<\/h4>\n<\/td>\n<td width=\"287\">\n<h4>\u22640.05%<\/h4>\n<\/td>\n<td width=\"208\">\n<h4>\uff1c0.05%<\/h4>\n<\/td>\n<\/tr>\n<tr>\n<td width=\"202\">\n<h4>Soufre %<\/h4>\n<\/td>\n<td width=\"287\">\n<h4>\u22640.02%<\/h4>\n<\/td>\n<td width=\"208\">\n<h4>\uff1c0.02%<\/h4>\n<\/td>\n<\/tr>\n<tr>\n<td width=\"202\">\n<h4>M\u00e9tal lourd<\/h4>\n<\/td>\n<td width=\"287\">\n<h4>\u226430ppm<\/h4>\n<\/td>\n<td width=\"208\">\n<h4>\uff1c30ppm<\/h4>\n<\/td>\n<\/tr>\n<tr>\n<td width=\"202\">\n<h4>M\u00e9tal alcalin%<\/h4>\n<\/td>\n<td width=\"287\">\n<h4>\u22640.2%<\/h4>\n<\/td>\n<td width=\"208\">\n<h4>\uff1c0.2%<\/h4>\n<\/td>\n<\/tr>\n<tr>\n<td width=\"202\">\n<h4>Conclusion<\/h4>\n<\/td>\n<td colspan=\"2\" width=\"495\">\n<h4>Conforme \u00e0 la norme.<\/h4>\n<\/td>\n<\/tr>\n<\/tbody>\n<\/table>\n<p>&nbsp;<\/p>\n<h2><strong>Citrate ferrique Utilisation<\/strong><\/h2>\n<h4>1. Le citrate ferrique peut \u00eatre utilis\u00e9 comme fortifiant en fer et comme compl\u00e9ment nutritionnel.<\/h4>\n<h4>2. Le citrate ferrique peut \u00eatre utilis\u00e9 dans les biscuits, le lait de calcium en poudre, etc ;<\/h4>\n<h4>3. Dans l'industrie pharmaceutique, le citrate ferrique peut \u00eatre utilis\u00e9 comme m\u00e9dicament radioactif pour v\u00e9rifier les anomalies du m\u00e9tabolisme du fer et de la fonction h\u00e9matopo\u00ef\u00e9tique.<\/h4>\n<h4>4. Le citrate ferrique peut \u00eatre utilis\u00e9 comme additif alimentaire.<\/h4>\n<h4>5.  Parmi les additifs alimentaires, le citrate ferrique a pour effet de renforcer l'organisme et d'\u00e9liminer la fatigue. Il peut favoriser la d\u00e9composition des graisses et r\u00e9guler l'\u00e9quilibre acido-basique de l'organisme. Il soulage les enfants souffrant d'anorexie, d'\u00e9clipse partielle, de cheveux clairsem\u00e9s, de retard mental, de pouss\u00e9e dentaire tardive, de perte d'\u00e9nergie chez les adolescents, de fatigue facile, de maux de dos, d'immunit\u00e9 affaiblie, de caries dentaires et de mauvais d\u00e9veloppement des dents. Pr\u00e9venir \u00e9galement les maladies cutan\u00e9es s\u00e9niles, les douleurs lombaires et cervicales, les ulc\u00e8res digestifs, l'insomnie, les r\u00eaves, les palpitations, l'irritabilit\u00e9, l'an\u00e9mie, les vertiges, les douleurs articulaires, les crampes pendant l'allaitement des femmes enceintes et d'autres sympt\u00f4mes.<\/h4>\n<p>&nbsp;<\/p>\n<h2><strong>Emballage et exp\u00e9dition du citrate ferrique<\/strong><\/h2>\n<h4>Emballage : 25 kg \/ 50 kg de carton \/ sac \/ tonneau ; 500 kg de sac<\/h4>\n<h4>Livraison : par courrier express, par voie maritime, par voie a\u00e9rienne.<\/h4>\n<p>&nbsp;<\/p>\n<h2><strong>Citrate ferrique Stockage<\/strong><\/h2>\n<h4>Conserver dans un r\u00e9cipient propre, sec et ferm\u00e9.<\/h4>\n<p>&nbsp;<\/p>\n<h2><strong>Produits de la m\u00eame s\u00e9rie<\/strong><\/h2>\n<table style=\"border-collapse: collapse; width: 312.02pt;\" border=\"0\" width=\"416\" cellspacing=\"0\" cellpadding=\"0\">\n<tbody>\n<tr style=\"height: 54.00pt;\">\n<td class=\"et4\" style=\"height: 54.00pt; width: 201.75pt;\" width=\"269\" height=\"72\">\n<h4><a href=\"https:\/\/longchangchemical.com\/fr\/product\/bismuth-citrate-cas-813-93-4\/\"><span style=\"color: #0000ff;\"><strong>Citrate de bismuth<\/strong><\/span><\/a><\/h4>\n<\/td>\n<td class=\"et4\" style=\"width: 110.25pt;\" width=\"147\">\n<h4><a href=\"https:\/\/longchangchemical.com\/fr\/product\/bismuth-citrate-cas-813-93-4\/\"><span style=\"color: #0000ff;\"><strong>813-93-4<\/strong><\/span><\/a><\/h4>\n<\/td>\n<\/tr>\n<tr style=\"height: 54.00pt;\">\n<td class=\"et5\" style=\"height: 54.00pt; width: 201.75pt;\" width=\"269\" height=\"72\">\n<h4><a href=\"https:\/\/longchangchemical.com\/fr\/product\/boron-citrate-5\/\"><span style=\"color: #0000ff;\"><strong>Citrate de bore<\/strong><\/span><\/a><\/h4>\n<\/td>\n<td class=\"et6\" style=\"width: 110.25pt;\" width=\"147\"><\/td>\n<\/tr>\n<tr style=\"height: 40.50pt;\">\n<td class=\"et7\" style=\"height: 40.50pt; width: 201.75pt;\" width=\"269\" height=\"54\">\n<h4><strong>Citrate ferrique<\/strong><\/h4>\n<\/td>\n<td class=\"et7\" style=\"width: 110.25pt;\" width=\"147\">\n<h4><strong>3522-50-7<\/strong><\/h4>\n<\/td>\n<\/tr>\n<tr style=\"height: 40.50pt;\">\n<td class=\"et7\" style=\"height: 40.50pt; width: 201.75pt;\" width=\"269\" height=\"54\">\n<h4><a href=\"https:\/\/longchangchemical.com\/fr\/product\/calcium-citrate-cas-813-94-5\/\"><span style=\"color: #0000ff;\"><strong>Citrate de calcium<\/strong><\/span><\/a><\/h4>\n<\/td>\n<td class=\"et7\" style=\"width: 110.25pt;\" width=\"147\">\n<h4><a href=\"https:\/\/longchangchemical.com\/fr\/product\/calcium-citrate-cas-813-94-5\/\"><span style=\"color: #0000ff;\"><strong>813-94-5<\/strong><\/span><\/a><\/h4>\n<\/td>\n<\/tr>\n<tr style=\"height: 40.50pt;\">\n<td class=\"et7\" style=\"height: 40.50pt; width: 201.75pt;\" width=\"269\" height=\"54\">\n<h4><a href=\"https:\/\/longchangchemical.com\/fr\/product\/trimagnesium-dicitrate-cas-3344-18-1\/\"><span style=\"color: #0000ff;\"><strong>Dicitrate de trimagn\u00e9sium<\/strong><\/span><\/a><\/h4>\n<\/td>\n<td class=\"et7\" style=\"width: 110.25pt;\" width=\"147\">\n<h4><a href=\"https:\/\/longchangchemical.com\/fr\/product\/trimagnesium-dicitrate-cas-3344-18-1\/\"><span style=\"color: #0000ff;\"><strong>3344-18-1<\/strong><\/span><\/a><\/h4>\n<\/td>\n<\/tr>\n<tr style=\"height: 40.50pt;\">\n<td class=\"et7\" style=\"height: 40.50pt; width: 201.75pt;\" width=\"269\" height=\"54\">\n<h4><a href=\"https:\/\/longchangchemical.com\/fr\/product\/zinc-citrate-tribasic-dihydrate-cas-5990-32-9\/\"><span style=\"color: #0000ff;\">Citrate de zinc tribasique dihydrat\u00e9<\/span><\/a><\/h4>\n<\/td>\n<td class=\"et7\" style=\"width: 110.25pt;\" width=\"147\">\n<h4><a href=\"https:\/\/longchangchemical.com\/fr\/product\/zinc-citrate-tribasic-dihydrate-cas-5990-32-9\/\"><span style=\"color: #0000ff;\">5990-32-9<\/span><\/a><\/h4>\n<\/td>\n<\/tr>\n<tr style=\"height: 40.50pt;\">\n<td class=\"et7\" style=\"height: 40.50pt; width: 201.75pt;\" width=\"269\" height=\"54\">\n<h4><a href=\"https:\/\/longchangchemical.com\/fr\/product\/manganese-citrate-cas-10024-66-5\/\"><span style=\"color: #0000ff;\"><strong>Citrate de mangan\u00e8se<\/strong><\/span><\/a><\/h4>\n<\/td>\n<td class=\"et7\" style=\"width: 110.25pt;\" width=\"147\">\n<h4><a href=\"https:\/\/longchangchemical.com\/fr\/product\/manganese-citrate-cas-10024-66-5\/\"><span style=\"color: #0000ff;\"><strong>10024-66-5<\/strong><\/span><\/a><\/h4>\n<\/td>\n<\/tr>\n<tr style=\"height: 40.50pt;\">\n<td class=\"et7\" style=\"height: 40.50pt; width: 201.75pt;\" width=\"269\" height=\"54\">\n<h4><a href=\"https:\/\/longchangchemical.com\/fr\/product\/trimethyl-citrate-cas-1587-20-8\/\"><span style=\"color: #0000ff;\"><strong>Citrate de trim\u00e9thyle<\/strong><\/span><\/a><\/h4>\n<\/td>\n<td class=\"et7\" style=\"width: 110.25pt;\" width=\"147\">\n<h4><a href=\"https:\/\/longchangchemical.com\/fr\/product\/trimethyl-citrate-cas-1587-20-8\/\"><span style=\"color: #0000ff;\"><strong>1587-20-8<\/strong><\/span><\/a><\/h4>\n<\/td>\n<\/tr>\n<tr style=\"height: 40.50pt;\">\n<td class=\"et7\" style=\"height: 40.50pt; width: 201.75pt;\" width=\"269\" height=\"54\">\n<h4><a href=\"https:\/\/longchangchemical.com\/fr\/product\/triethyl-citrate-cas-77-93-0\/\"><span style=\"color: #0000ff;\"><strong>Citrate de tri\u00e9thyle<\/strong><\/span><\/a><\/h4>\n<\/td>\n<td class=\"et7\" style=\"width: 110.25pt;\" width=\"147\">\n<h4><a href=\"https:\/\/longchangchemical.com\/fr\/product\/triethyl-citrate-cas-77-93-0\/\"><span style=\"color: #0000ff;\"><strong>77-93-0<\/strong><\/span><\/a><\/h4>\n<\/td>\n<\/tr>\n<\/tbody>\n<\/table>\n<p>&nbsp;<\/p>\n<h2><strong><b>Contactez-nous d\u00e8s maintenant !<\/b><\/strong><\/h2>\n<h4><strong><b>Nous fournissons des services personnalis\u00e9s, nous vous contacterons g\u00e9n\u00e9ralement dans les 24 heures. Vous pouvez \u00e9galement m'envoyer un courriel \u00e0 l'adresse info@longchangchemical.com pendant les heures de travail (de 8h30 \u00e0 18h00 UTC+8 du lundi au samedi) ou utiliser le chat en direct du site web pour obtenir une r\u00e9ponse rapide.<\/b><\/strong><\/h4>","protected":false},"excerpt":{"rendered":"<h4>Nom chimique : Citrate ferrique<\/h4>\n<h4>Autre nom : Citrate de fer (III)<\/h4>\n<h4>Num\u00e9ro CAS : 3522-50-7<\/h4>\n<h4>Formule mol\u00e9culaire : C6H5FeO7<\/h4>\n<h4>Poids mol\u00e9culaire : 244,94<\/h4>\n<h4>Structure chimique :<img decoding=\"async\" title=\"CAS 3522-50-7 (Citrate de fer (III)) \" src=\"https:\/\/www.longchangchemical.com\/wp-content\/uploads\/product-details\/20200612073877.png\" alt=\"CAS 3522-50-7 (Citrate de fer (III)) \" width=\"145\" height=\"95\" border=\"0\" vspace=\"0\" \/><\/h4>\n<h4>Aspect : Poudre orange ou brune\uff0cGrain brun-orange<\/h4>\n<h4>Essai : 18%<\/h4>","protected":false},"featured_media":4374,"comment_status":"open","ping_status":"closed","template":"","meta":[],"product_brand":[],"product_cat":[113],"product_tag":[],"class_list":{"0":"post-4373","1":"product","2":"type-product","3":"status-publish","4":"has-post-thumbnail","6":"product_cat-organic-intermediate","8":"first","9":"instock","10":"shipping-taxable","11":"product-type-simple"},"yoast_head":"<!-- This site is optimized with the Yoast SEO plugin v25.3.1 - https:\/\/yoast.com\/wordpress\/plugins\/seo\/ -->\n<title>China Ferric citrate Manufacturer \uff06 Supplier - Longchang chemical Co., Ltd.<\/title>\n<meta name=\"description\" content=\"Longchang Chemical is a leading manufacturer and supplier of Ferric citrate in China. Buy Ferric citrate in china. We can provide the best Ferric citrate price.\" \/>\n<meta name=\"robots\" content=\"index, follow, max-snippet:-1, max-image-preview:large, max-video-preview:-1\" \/>\n<link rel=\"canonical\" href=\"https:\/\/longchangchemical.com\/fr\/product\/ferric-citrate-cas-3522-50-7\/\" \/>\n<meta property=\"og:locale\" content=\"fr_FR\" \/>\n<meta property=\"og:type\" content=\"article\" \/>\n<meta property=\"og:title\" content=\"China Ferric citrate Manufacturer \uff06 Supplier - Longchang chemical Co., Ltd.\" \/>\n<meta property=\"og:description\" content=\"Longchang Chemical is a leading manufacturer and supplier of Ferric citrate in China. Buy Ferric citrate in china. We can provide the best Ferric citrate price.\" \/>\n<meta property=\"og:url\" content=\"https:\/\/longchangchemical.com\/fr\/product\/ferric-citrate-cas-3522-50-7\/\" \/>\n<meta property=\"og:site_name\" content=\"Longchang Chemical\" \/>\n<meta property=\"article:modified_time\" content=\"2022-02-17T02:52:58+00:00\" \/>\n<meta property=\"og:image\" content=\"https:\/\/longchangchemical.com\/wp-content\/uploads\/2021\/02\/Ferric-citrate-Appearance.jpg\" \/>\n\t<meta property=\"og:image:width\" content=\"600\" \/>\n\t<meta property=\"og:image:height\" content=\"800\" \/>\n\t<meta property=\"og:image:type\" content=\"image\/jpeg\" \/>\n<meta name=\"twitter:card\" content=\"summary_large_image\" \/>\n<script type=\"application\/ld+json\" class=\"yoast-schema-graph\">{\"@context\":\"https:\/\/schema.org\",\"@graph\":[{\"@type\":\"WebPage\",\"@id\":\"https:\/\/longchangchemical.com\/product\/ferric-citrate-cas-3522-50-7\/\",\"url\":\"https:\/\/longchangchemical.com\/product\/ferric-citrate-cas-3522-50-7\/\",\"name\":\"China Ferric citrate Manufacturer \uff06 Supplier - Longchang chemical Co., Ltd.\",\"isPartOf\":{\"@id\":\"https:\/\/longchangchemical.com\/#website\"},\"primaryImageOfPage\":{\"@id\":\"https:\/\/longchangchemical.com\/product\/ferric-citrate-cas-3522-50-7\/#primaryimage\"},\"image\":{\"@id\":\"https:\/\/longchangchemical.com\/product\/ferric-citrate-cas-3522-50-7\/#primaryimage\"},\"thumbnailUrl\":\"https:\/\/longchangchemical.com\/wp-content\/uploads\/2021\/02\/Ferric-citrate-Appearance.jpg\",\"datePublished\":\"2021-02-09T13:49:07+00:00\",\"dateModified\":\"2022-02-17T02:52:58+00:00\",\"description\":\"Longchang Chemical is a leading manufacturer and supplier of Ferric citrate in China. Buy Ferric citrate in china. We can provide the best Ferric citrate price.\",\"breadcrumb\":{\"@id\":\"https:\/\/longchangchemical.com\/product\/ferric-citrate-cas-3522-50-7\/#breadcrumb\"},\"inLanguage\":\"fr-FR\",\"potentialAction\":[{\"@type\":\"ReadAction\",\"target\":[\"https:\/\/longchangchemical.com\/product\/ferric-citrate-cas-3522-50-7\/\"]}]},{\"@type\":\"ImageObject\",\"inLanguage\":\"fr-FR\",\"@id\":\"https:\/\/longchangchemical.com\/product\/ferric-citrate-cas-3522-50-7\/#primaryimage\",\"url\":\"https:\/\/longchangchemical.com\/wp-content\/uploads\/2021\/02\/Ferric-citrate-Appearance.jpg\",\"contentUrl\":\"https:\/\/longchangchemical.com\/wp-content\/uploads\/2021\/02\/Ferric-citrate-Appearance.jpg\",\"width\":600,\"height\":800,\"caption\":\"Ferric citrate Appearance\"},{\"@type\":\"BreadcrumbList\",\"@id\":\"https:\/\/longchangchemical.com\/product\/ferric-citrate-cas-3522-50-7\/#breadcrumb\",\"itemListElement\":[{\"@type\":\"ListItem\",\"position\":1,\"name\":\"Home\",\"item\":\"https:\/\/longchangchemical.com\/\"},{\"@type\":\"ListItem\",\"position\":2,\"name\":\"Products Longchang\",\"item\":\"https:\/\/longchangchemical.com\/product\/\"},{\"@type\":\"ListItem\",\"position\":3,\"name\":\"Ferric citrate CAS 3522-50-7\"}]},{\"@type\":\"WebSite\",\"@id\":\"https:\/\/longchangchemical.com\/#website\",\"url\":\"https:\/\/longchangchemical.com\/\",\"name\":\"Longchang Chemical\",\"description\":\"China chemical manufacturer \uff06 supplier\",\"publisher\":{\"@id\":\"https:\/\/longchangchemical.com\/#organization\"},\"potentialAction\":[{\"@type\":\"SearchAction\",\"target\":{\"@type\":\"EntryPoint\",\"urlTemplate\":\"https:\/\/longchangchemical.com\/?s={search_term_string}\"},\"query-input\":{\"@type\":\"PropertyValueSpecification\",\"valueRequired\":true,\"valueName\":\"search_term_string\"}}],\"inLanguage\":\"fr-FR\"},{\"@type\":\"Organization\",\"@id\":\"https:\/\/longchangchemical.com\/#organization\",\"name\":\"Longchang Chemical\",\"url\":\"https:\/\/longchangchemical.com\/\",\"logo\":{\"@type\":\"ImageObject\",\"inLanguage\":\"fr-FR\",\"@id\":\"https:\/\/longchangchemical.com\/#\/schema\/logo\/image\/\",\"url\":\"https:\/\/longchangchemical.com\/wp-content\/uploads\/2020\/08\/cropped-longchang-logo.png\",\"contentUrl\":\"https:\/\/longchangchemical.com\/wp-content\/uploads\/2020\/08\/cropped-longchang-logo.png\",\"width\":512,\"height\":512,\"caption\":\"Longchang Chemical\"},\"image\":{\"@id\":\"https:\/\/longchangchemical.com\/#\/schema\/logo\/image\/\"}}]}<\/script>\n<!-- \/ Yoast SEO plugin. -->","yoast_head_json":{"title":"China Ferric citrate Manufacturer \uff06 Supplier - Longchang chemical Co, Ltd.","description":"Longchang Chemical est un fabricant et fournisseur leader de citrate ferrique en Chine. Acheter le citrate de fer en Chine. Nous pouvons fournir le meilleur prix de citrate ferrique.","robots":{"index":"index","follow":"follow","max-snippet":"max-snippet:-1","max-image-preview":"max-image-preview:large","max-video-preview":"max-video-preview:-1"},"canonical":"https:\/\/longchangchemical.com\/fr\/product\/ferric-citrate-cas-3522-50-7\/","og_locale":"fr_FR","og_type":"article","og_title":"China Ferric citrate Manufacturer \uff06 Supplier - Longchang chemical Co., Ltd.","og_description":"Longchang Chemical is a leading manufacturer and supplier of Ferric citrate in China. Buy Ferric citrate in china. We can provide the best Ferric citrate price.","og_url":"https:\/\/longchangchemical.com\/fr\/product\/ferric-citrate-cas-3522-50-7\/","og_site_name":"Longchang Chemical","article_modified_time":"2022-02-17T02:52:58+00:00","og_image":[{"width":600,"height":800,"url":"https:\/\/longchangchemical.com\/wp-content\/uploads\/2021\/02\/Ferric-citrate-Appearance.jpg","type":"image\/jpeg"}],"twitter_card":"summary_large_image","schema":{"@context":"https:\/\/schema.org","@graph":[{"@type":"WebPage","@id":"https:\/\/longchangchemical.com\/product\/ferric-citrate-cas-3522-50-7\/","url":"https:\/\/longchangchemical.com\/product\/ferric-citrate-cas-3522-50-7\/","name":"China Ferric citrate Manufacturer \uff06 Supplier - Longchang chemical Co, Ltd.","isPartOf":{"@id":"https:\/\/longchangchemical.com\/#website"},"primaryImageOfPage":{"@id":"https:\/\/longchangchemical.com\/product\/ferric-citrate-cas-3522-50-7\/#primaryimage"},"image":{"@id":"https:\/\/longchangchemical.com\/product\/ferric-citrate-cas-3522-50-7\/#primaryimage"},"thumbnailUrl":"https:\/\/longchangchemical.com\/wp-content\/uploads\/2021\/02\/Ferric-citrate-Appearance.jpg","datePublished":"2021-02-09T13:49:07+00:00","dateModified":"2022-02-17T02:52:58+00:00","description":"Longchang Chemical est un fabricant et fournisseur leader de citrate ferrique en Chine. Acheter le citrate de fer en Chine. Nous pouvons fournir le meilleur prix de citrate ferrique.","breadcrumb":{"@id":"https:\/\/longchangchemical.com\/product\/ferric-citrate-cas-3522-50-7\/#breadcrumb"},"inLanguage":"fr-FR","potentialAction":[{"@type":"ReadAction","target":["https:\/\/longchangchemical.com\/product\/ferric-citrate-cas-3522-50-7\/"]}]},{"@type":"ImageObject","inLanguage":"fr-FR","@id":"https:\/\/longchangchemical.com\/product\/ferric-citrate-cas-3522-50-7\/#primaryimage","url":"https:\/\/longchangchemical.com\/wp-content\/uploads\/2021\/02\/Ferric-citrate-Appearance.jpg","contentUrl":"https:\/\/longchangchemical.com\/wp-content\/uploads\/2021\/02\/Ferric-citrate-Appearance.jpg","width":600,"height":800,"caption":"Ferric citrate Appearance"},{"@type":"BreadcrumbList","@id":"https:\/\/longchangchemical.com\/product\/ferric-citrate-cas-3522-50-7\/#breadcrumb","itemListElement":[{"@type":"ListItem","position":1,"name":"Home","item":"https:\/\/longchangchemical.com\/"},{"@type":"ListItem","position":2,"name":"Products Longchang","item":"https:\/\/longchangchemical.com\/product\/"},{"@type":"ListItem","position":3,"name":"Ferric citrate CAS 3522-50-7"}]},{"@type":"WebSite","@id":"https:\/\/longchangchemical.com\/#website","url":"https:\/\/longchangchemical.com\/","name":"Longchang Chemical","description":"Fabricant chinois de produits chimiques \uff06 fournisseur","publisher":{"@id":"https:\/\/longchangchemical.com\/#organization"},"potentialAction":[{"@type":"SearchAction","target":{"@type":"EntryPoint","urlTemplate":"https:\/\/longchangchemical.com\/?s={search_term_string}"},"query-input":{"@type":"PropertyValueSpecification","valueRequired":true,"valueName":"search_term_string"}}],"inLanguage":"fr-FR"},{"@type":"Organization","@id":"https:\/\/longchangchemical.com\/#organization","name":"Longchang Chemical","url":"https:\/\/longchangchemical.com\/","logo":{"@type":"ImageObject","inLanguage":"fr-FR","@id":"https:\/\/longchangchemical.com\/#\/schema\/logo\/image\/","url":"https:\/\/longchangchemical.com\/wp-content\/uploads\/2020\/08\/cropped-longchang-logo.png","contentUrl":"https:\/\/longchangchemical.com\/wp-content\/uploads\/2020\/08\/cropped-longchang-logo.png","width":512,"height":512,"caption":"Longchang Chemical"},"image":{"@id":"https:\/\/longchangchemical.com\/#\/schema\/logo\/image\/"}}]}},"_links":{"self":[{"href":"https:\/\/longchangchemical.com\/fr\/wp-json\/wp\/v2\/product\/4373","targetHints":{"allow":["GET"]}}],"collection":[{"href":"https:\/\/longchangchemical.com\/fr\/wp-json\/wp\/v2\/product"}],"about":[{"href":"https:\/\/longchangchemical.com\/fr\/wp-json\/wp\/v2\/types\/product"}],"replies":[{"embeddable":true,"href":"https:\/\/longchangchemical.com\/fr\/wp-json\/wp\/v2\/comments?post=4373"}],"wp:featuredmedia":[{"embeddable":true,"href":"https:\/\/longchangchemical.com\/fr\/wp-json\/wp\/v2\/media\/4374"}],"wp:attachment":[{"href":"https:\/\/longchangchemical.com\/fr\/wp-json\/wp\/v2\/media?parent=4373"}],"wp:term":[{"taxonomy":"product_brand","embeddable":true,"href":"https:\/\/longchangchemical.com\/fr\/wp-json\/wp\/v2\/product_brand?post=4373"},{"taxonomy":"product_cat","embeddable":true,"href":"https:\/\/longchangchemical.com\/fr\/wp-json\/wp\/v2\/product_cat?post=4373"},{"taxonomy":"product_tag","embeddable":true,"href":"https:\/\/longchangchemical.com\/fr\/wp-json\/wp\/v2\/product_tag?post=4373"}],"curies":[{"name":"wp","href":"https:\/\/api.w.org\/{rel}","templated":true}]}}