{"id":4362,"date":"2021-02-08T12:31:01","date_gmt":"2021-02-08T12:31:01","guid":{"rendered":"https:\/\/longchangchemical.com\/?post_type=product&#038;p=4362"},"modified":"2021-06-16T01:14:45","modified_gmt":"2021-06-16T01:14:45","slug":"cas-768-66-1","status":"publish","type":"product","link":"https:\/\/longchangchemical.com\/fr\/product\/cas-768-66-1\/","title":{"rendered":"2,2,6,6-T\u00e9tram\u00e9thylpip\u00e9ridine CAS 768-66-1"},"content":{"rendered":"<h1><strong>2,2,6,6-T\u00e9tram\u00e9thylpip\u00e9ridine CAS 768-66-1<\/strong><\/h1>\n<table class=\"table-1\" cellspacing=\"0\">\n<tbody>\n<tr>\n<td>\n<h4>Objet<\/h4>\n<\/td>\n<td>\n<h4>Standard<\/h4>\n<\/td>\n<\/tr>\n<tr>\n<td>\n<h4>Apparence<\/h4>\n<\/td>\n<td>\n<h4>Liquide incolore ou jaune clair<\/h4>\n<\/td>\n<\/tr>\n<tr>\n<td>\n<h4>Essai<\/h4>\n<\/td>\n<td>\n<h4>\u226598.5%<\/h4>\n<\/td>\n<\/tr>\n<tr>\n<td>\n<h4>Point d'\u00e9bullition<\/h4>\n<\/td>\n<td>\n<h4>152-153\u2103<\/h4>\n<\/td>\n<\/tr>\n<tr>\n<td>\n<h4>L'eau<\/h4>\n<\/td>\n<td>\n<h4>0,5%max<\/h4>\n<\/td>\n<\/tr>\n<\/tbody>\n<\/table>\n<h2><\/h2>\n<h2><strong>2,2,6,6-T\u00e9tram\u00e9thylpip\u00e9ridine Utilisation<\/strong><\/h2>\n<h4>1. Il a \u00e9t\u00e9 utilis\u00e9 pour l'orthod\u00e9protonation efficace de la pyridine-3-carboxamide.<\/h4>\n<h4>2. Utiliser l'amide de lithium, r\u00e9actif efficace de d\u00e9protonation de la pyridine-3-carboxyamine.<\/h4>\n<p>&nbsp;<\/p>\n<h2><strong>Emballage et exp\u00e9dition de la 2,2,6,6-T\u00e9tram\u00e9thylpip\u00e9ridine<\/strong><\/h2>\n<h4>Emballage : 160kg\/tambour<\/h4>\n<h4>Livraison : par voie maritime.<\/h4>\n<p>&nbsp;<\/p>\n<h2><strong>Produits de la m\u00eame s\u00e9rie<\/strong><\/h2>\n<table style=\"border-collapse: collapse; width: 312.02pt;\" border=\"0\" width=\"416\" cellspacing=\"0\" cellpadding=\"0\">\n<tbody>\n<tr style=\"height: 45.00pt;\">\n<td class=\"et2\" style=\"height: 45.00pt; width: 201.75pt;\" width=\"269\" height=\"60\">\n<h4><a href=\"https:\/\/longchangchemical.com\/fr\/product\/tempo-cas-2564-83-2\/\"><span style=\"color: #3366ff;\"><strong>2,2,6,6-T\u00e9tram\u00e9thylpip\u00e9ridinooxy<\/strong><\/span><\/a><\/h4>\n<\/td>\n<td class=\"et2\" style=\"width: 110.25pt;\" width=\"147\">\n<h4><a href=\"https:\/\/longchangchemical.com\/fr\/product\/tempo-cas-2564-83-2\/\"><span style=\"color: #3366ff;\"><strong>2564-83-2<\/strong><\/span><\/a><\/h4>\n<\/td>\n<\/tr>\n<tr style=\"height: 45.00pt;\">\n<td class=\"et3\" style=\"height: 45.00pt; width: 201.75pt;\" width=\"269\" height=\"60\">\n<h4><span style=\"color: #3366ff;\"><strong>2,2,6,6-T\u00e9tram\u00e9thylpip\u00e9ridine<\/strong><\/span><\/h4>\n<\/td>\n<td class=\"et3\" style=\"width: 110.25pt;\" width=\"147\">\n<h4><span style=\"color: #3366ff;\"><strong>768-66-1<\/strong><\/span><\/h4>\n<\/td>\n<\/tr>\n<\/tbody>\n<\/table>\n<h2><\/h2>\n<h2><strong><b>Contactez-nous d\u00e8s maintenant !<\/b><\/strong><\/h2>\n<h4><strong><b>Nous fournissons des services personnalis\u00e9s, nous vous contacterons g\u00e9n\u00e9ralement dans les 24 heures. Vous pouvez \u00e9galement m'envoyer un courriel \u00e0 l'adresse info@longchangchemical.com pendant les heures de travail (de 8h30 \u00e0 18h00 UTC+8 du lundi au samedi) ou utiliser le chat en direct du site web pour obtenir une r\u00e9ponse rapide.<\/b><\/strong><\/h4>","protected":false},"excerpt":{"rendered":"<h4>Nom chimique : 2,2,6,6-T\u00e9tram\u00e9thylpip\u00e9ridine<\/h4>\n<h4>Num\u00e9ro CAS : 768-66-1<\/h4>\n<h4>Formule mol\u00e9culaire : C9H19N<\/h4>\n<h4>Poids mol\u00e9culaire : 141,25<\/h4>\n<h4>Structure chimique :<img decoding=\"async\" title=\"Structure de la 2,2,6,6-T\u00e9tram\u00e9thylpip\u00e9ridine\" src=\"https:\/\/www.longchangchemical.com\/wp-content\/uploads\/product-details\/20200612119860.png\" alt=\"Structure de la 2,2,6,6-T\u00e9tram\u00e9thylpip\u00e9ridine\" width=\"77\" height=\"60\" border=\"0\" vspace=\"0\" \/><\/h4>\n<h4>Aspect : Liquide incolore ou jaune clair<\/h4>\n<h4>Dosage : \u226598.5%<\/h4>","protected":false},"featured_media":4363,"comment_status":"open","ping_status":"closed","template":"","meta":[],"product_brand":[],"product_cat":[69],"product_tag":[],"class_list":{"0":"post-4362","1":"product","2":"type-product","3":"status-publish","4":"has-post-thumbnail","6":"product_cat-catalysts-chemical-auxiliary-agents","8":"first","9":"instock","10":"shipping-taxable","11":"product-type-simple"},"yoast_head":"<!-- This site is optimized with the Yoast SEO plugin v25.3.1 - https:\/\/yoast.com\/wordpress\/plugins\/seo\/ -->\n<title>China 2,2,6,6-Tetramethylpiperidine Manufacturer \uff06 Supplier - Longchang chemical Co., Ltd.<\/title>\n<meta name=\"description\" content=\"Longchang Chemical is a leading manufacturer and supplier of 2,2,6,6-Tetramethylpiperidine in China. Buy 2,2,6,6-Tetramethylpiperidine in china. We can provide the best 2,2,6,6-Tetramethylpiperidine price.\" \/>\n<meta name=\"robots\" content=\"index, follow, max-snippet:-1, max-image-preview:large, max-video-preview:-1\" \/>\n<link rel=\"canonical\" href=\"https:\/\/longchangchemical.com\/fr\/product\/cas-768-66-1\/\" \/>\n<meta property=\"og:locale\" content=\"fr_FR\" \/>\n<meta property=\"og:type\" content=\"article\" \/>\n<meta property=\"og:title\" content=\"China 2,2,6,6-Tetramethylpiperidine Manufacturer \uff06 Supplier - Longchang chemical Co., Ltd.\" \/>\n<meta property=\"og:description\" content=\"Longchang Chemical is a leading manufacturer and supplier of 2,2,6,6-Tetramethylpiperidine in China. Buy 2,2,6,6-Tetramethylpiperidine in china. We can provide the best 2,2,6,6-Tetramethylpiperidine price.\" \/>\n<meta property=\"og:url\" content=\"https:\/\/longchangchemical.com\/fr\/product\/cas-768-66-1\/\" \/>\n<meta property=\"og:site_name\" content=\"Longchang Chemical\" \/>\n<meta property=\"article:modified_time\" content=\"2021-06-16T01:14:45+00:00\" \/>\n<meta property=\"og:image\" content=\"https:\/\/longchangchemical.com\/wp-content\/uploads\/2021\/02\/2266-Tetramethylpiperidine-Appearance.jpg\" \/>\n\t<meta property=\"og:image:width\" content=\"600\" \/>\n\t<meta property=\"og:image:height\" content=\"800\" \/>\n\t<meta property=\"og:image:type\" content=\"image\/jpeg\" \/>\n<meta name=\"twitter:card\" content=\"summary_large_image\" \/>\n<script type=\"application\/ld+json\" class=\"yoast-schema-graph\">{\"@context\":\"https:\/\/schema.org\",\"@graph\":[{\"@type\":\"WebPage\",\"@id\":\"https:\/\/longchangchemical.com\/product\/cas-768-66-1\/\",\"url\":\"https:\/\/longchangchemical.com\/product\/cas-768-66-1\/\",\"name\":\"China 2,2,6,6-Tetramethylpiperidine Manufacturer \uff06 Supplier - Longchang chemical Co., Ltd.\",\"isPartOf\":{\"@id\":\"https:\/\/longchangchemical.com\/#website\"},\"primaryImageOfPage\":{\"@id\":\"https:\/\/longchangchemical.com\/product\/cas-768-66-1\/#primaryimage\"},\"image\":{\"@id\":\"https:\/\/longchangchemical.com\/product\/cas-768-66-1\/#primaryimage\"},\"thumbnailUrl\":\"https:\/\/longchangchemical.com\/wp-content\/uploads\/2021\/02\/2266-Tetramethylpiperidine-Appearance.jpg\",\"datePublished\":\"2021-02-08T12:31:01+00:00\",\"dateModified\":\"2021-06-16T01:14:45+00:00\",\"description\":\"Longchang Chemical is a leading manufacturer and supplier of 2,2,6,6-Tetramethylpiperidine in China. Buy 2,2,6,6-Tetramethylpiperidine in china. We can provide the best 2,2,6,6-Tetramethylpiperidine price.\",\"breadcrumb\":{\"@id\":\"https:\/\/longchangchemical.com\/product\/cas-768-66-1\/#breadcrumb\"},\"inLanguage\":\"fr-FR\",\"potentialAction\":[{\"@type\":\"ReadAction\",\"target\":[\"https:\/\/longchangchemical.com\/product\/cas-768-66-1\/\"]}]},{\"@type\":\"ImageObject\",\"inLanguage\":\"fr-FR\",\"@id\":\"https:\/\/longchangchemical.com\/product\/cas-768-66-1\/#primaryimage\",\"url\":\"https:\/\/longchangchemical.com\/wp-content\/uploads\/2021\/02\/2266-Tetramethylpiperidine-Appearance.jpg\",\"contentUrl\":\"https:\/\/longchangchemical.com\/wp-content\/uploads\/2021\/02\/2266-Tetramethylpiperidine-Appearance.jpg\",\"width\":600,\"height\":800,\"caption\":\"2,2,6,6-Tetramethylpiperidine Appearance\"},{\"@type\":\"BreadcrumbList\",\"@id\":\"https:\/\/longchangchemical.com\/product\/cas-768-66-1\/#breadcrumb\",\"itemListElement\":[{\"@type\":\"ListItem\",\"position\":1,\"name\":\"Home\",\"item\":\"https:\/\/longchangchemical.com\/\"},{\"@type\":\"ListItem\",\"position\":2,\"name\":\"Products Longchang\",\"item\":\"https:\/\/longchangchemical.com\/product\/\"},{\"@type\":\"ListItem\",\"position\":3,\"name\":\"2,2,6,6-Tetramethylpiperidine CAS 768-66-1\"}]},{\"@type\":\"WebSite\",\"@id\":\"https:\/\/longchangchemical.com\/#website\",\"url\":\"https:\/\/longchangchemical.com\/\",\"name\":\"Longchang Chemical\",\"description\":\"China chemical manufacturer \uff06 supplier\",\"publisher\":{\"@id\":\"https:\/\/longchangchemical.com\/#organization\"},\"potentialAction\":[{\"@type\":\"SearchAction\",\"target\":{\"@type\":\"EntryPoint\",\"urlTemplate\":\"https:\/\/longchangchemical.com\/?s={search_term_string}\"},\"query-input\":{\"@type\":\"PropertyValueSpecification\",\"valueRequired\":true,\"valueName\":\"search_term_string\"}}],\"inLanguage\":\"fr-FR\"},{\"@type\":\"Organization\",\"@id\":\"https:\/\/longchangchemical.com\/#organization\",\"name\":\"Longchang Chemical\",\"url\":\"https:\/\/longchangchemical.com\/\",\"logo\":{\"@type\":\"ImageObject\",\"inLanguage\":\"fr-FR\",\"@id\":\"https:\/\/longchangchemical.com\/#\/schema\/logo\/image\/\",\"url\":\"https:\/\/longchangchemical.com\/wp-content\/uploads\/2020\/08\/cropped-longchang-logo.png\",\"contentUrl\":\"https:\/\/longchangchemical.com\/wp-content\/uploads\/2020\/08\/cropped-longchang-logo.png\",\"width\":512,\"height\":512,\"caption\":\"Longchang Chemical\"},\"image\":{\"@id\":\"https:\/\/longchangchemical.com\/#\/schema\/logo\/image\/\"}}]}<\/script>\n<!-- \/ Yoast SEO plugin. -->","yoast_head_json":{"title":"China 2,2,6,6-Tetramethylpiperidine Manufacturer \uff06 Supplier - Longchang chemical Co., Ltd.","description":"Longchang Chemical est un fabricant et fournisseur leader de 2,2,6,6-T\u00e9tram\u00e9thylpip\u00e9ridine en Chine. Acheter 2,2,6,6-T\u00e9tram\u00e9thylpip\u00e9ridine en Chine. Nous pouvons fournir le meilleur prix de 2,2,6,6-T\u00e9tram\u00e9thylpip\u00e9ridine.","robots":{"index":"index","follow":"follow","max-snippet":"max-snippet:-1","max-image-preview":"max-image-preview:large","max-video-preview":"max-video-preview:-1"},"canonical":"https:\/\/longchangchemical.com\/fr\/product\/cas-768-66-1\/","og_locale":"fr_FR","og_type":"article","og_title":"China 2,2,6,6-Tetramethylpiperidine Manufacturer \uff06 Supplier - Longchang chemical Co., Ltd.","og_description":"Longchang Chemical is a leading manufacturer and supplier of 2,2,6,6-Tetramethylpiperidine in China. Buy 2,2,6,6-Tetramethylpiperidine in china. We can provide the best 2,2,6,6-Tetramethylpiperidine price.","og_url":"https:\/\/longchangchemical.com\/fr\/product\/cas-768-66-1\/","og_site_name":"Longchang Chemical","article_modified_time":"2021-06-16T01:14:45+00:00","og_image":[{"width":600,"height":800,"url":"https:\/\/longchangchemical.com\/wp-content\/uploads\/2021\/02\/2266-Tetramethylpiperidine-Appearance.jpg","type":"image\/jpeg"}],"twitter_card":"summary_large_image","schema":{"@context":"https:\/\/schema.org","@graph":[{"@type":"WebPage","@id":"https:\/\/longchangchemical.com\/product\/cas-768-66-1\/","url":"https:\/\/longchangchemical.com\/product\/cas-768-66-1\/","name":"China 2,2,6,6-Tetramethylpiperidine Manufacturer \uff06 Supplier - Longchang chemical Co., Ltd.","isPartOf":{"@id":"https:\/\/longchangchemical.com\/#website"},"primaryImageOfPage":{"@id":"https:\/\/longchangchemical.com\/product\/cas-768-66-1\/#primaryimage"},"image":{"@id":"https:\/\/longchangchemical.com\/product\/cas-768-66-1\/#primaryimage"},"thumbnailUrl":"https:\/\/longchangchemical.com\/wp-content\/uploads\/2021\/02\/2266-Tetramethylpiperidine-Appearance.jpg","datePublished":"2021-02-08T12:31:01+00:00","dateModified":"2021-06-16T01:14:45+00:00","description":"Longchang Chemical est un fabricant et fournisseur leader de 2,2,6,6-T\u00e9tram\u00e9thylpip\u00e9ridine en Chine. Acheter 2,2,6,6-T\u00e9tram\u00e9thylpip\u00e9ridine en Chine. Nous pouvons fournir le meilleur prix de 2,2,6,6-T\u00e9tram\u00e9thylpip\u00e9ridine.","breadcrumb":{"@id":"https:\/\/longchangchemical.com\/product\/cas-768-66-1\/#breadcrumb"},"inLanguage":"fr-FR","potentialAction":[{"@type":"ReadAction","target":["https:\/\/longchangchemical.com\/product\/cas-768-66-1\/"]}]},{"@type":"ImageObject","inLanguage":"fr-FR","@id":"https:\/\/longchangchemical.com\/product\/cas-768-66-1\/#primaryimage","url":"https:\/\/longchangchemical.com\/wp-content\/uploads\/2021\/02\/2266-Tetramethylpiperidine-Appearance.jpg","contentUrl":"https:\/\/longchangchemical.com\/wp-content\/uploads\/2021\/02\/2266-Tetramethylpiperidine-Appearance.jpg","width":600,"height":800,"caption":"2,2,6,6-Tetramethylpiperidine Appearance"},{"@type":"BreadcrumbList","@id":"https:\/\/longchangchemical.com\/product\/cas-768-66-1\/#breadcrumb","itemListElement":[{"@type":"ListItem","position":1,"name":"Home","item":"https:\/\/longchangchemical.com\/"},{"@type":"ListItem","position":2,"name":"Products Longchang","item":"https:\/\/longchangchemical.com\/product\/"},{"@type":"ListItem","position":3,"name":"2,2,6,6-Tetramethylpiperidine CAS 768-66-1"}]},{"@type":"WebSite","@id":"https:\/\/longchangchemical.com\/#website","url":"https:\/\/longchangchemical.com\/","name":"Longchang Chemical","description":"Fabricant chinois de produits chimiques \uff06 fournisseur","publisher":{"@id":"https:\/\/longchangchemical.com\/#organization"},"potentialAction":[{"@type":"SearchAction","target":{"@type":"EntryPoint","urlTemplate":"https:\/\/longchangchemical.com\/?s={search_term_string}"},"query-input":{"@type":"PropertyValueSpecification","valueRequired":true,"valueName":"search_term_string"}}],"inLanguage":"fr-FR"},{"@type":"Organization","@id":"https:\/\/longchangchemical.com\/#organization","name":"Longchang Chemical","url":"https:\/\/longchangchemical.com\/","logo":{"@type":"ImageObject","inLanguage":"fr-FR","@id":"https:\/\/longchangchemical.com\/#\/schema\/logo\/image\/","url":"https:\/\/longchangchemical.com\/wp-content\/uploads\/2020\/08\/cropped-longchang-logo.png","contentUrl":"https:\/\/longchangchemical.com\/wp-content\/uploads\/2020\/08\/cropped-longchang-logo.png","width":512,"height":512,"caption":"Longchang Chemical"},"image":{"@id":"https:\/\/longchangchemical.com\/#\/schema\/logo\/image\/"}}]}},"_links":{"self":[{"href":"https:\/\/longchangchemical.com\/fr\/wp-json\/wp\/v2\/product\/4362","targetHints":{"allow":["GET"]}}],"collection":[{"href":"https:\/\/longchangchemical.com\/fr\/wp-json\/wp\/v2\/product"}],"about":[{"href":"https:\/\/longchangchemical.com\/fr\/wp-json\/wp\/v2\/types\/product"}],"replies":[{"embeddable":true,"href":"https:\/\/longchangchemical.com\/fr\/wp-json\/wp\/v2\/comments?post=4362"}],"wp:featuredmedia":[{"embeddable":true,"href":"https:\/\/longchangchemical.com\/fr\/wp-json\/wp\/v2\/media\/4363"}],"wp:attachment":[{"href":"https:\/\/longchangchemical.com\/fr\/wp-json\/wp\/v2\/media?parent=4362"}],"wp:term":[{"taxonomy":"product_brand","embeddable":true,"href":"https:\/\/longchangchemical.com\/fr\/wp-json\/wp\/v2\/product_brand?post=4362"},{"taxonomy":"product_cat","embeddable":true,"href":"https:\/\/longchangchemical.com\/fr\/wp-json\/wp\/v2\/product_cat?post=4362"},{"taxonomy":"product_tag","embeddable":true,"href":"https:\/\/longchangchemical.com\/fr\/wp-json\/wp\/v2\/product_tag?post=4362"}],"curies":[{"name":"wp","href":"https:\/\/api.w.org\/{rel}","templated":true}]}}