{"id":4280,"date":"2024-01-10T08:23:38","date_gmt":"2024-01-10T08:23:38","guid":{"rendered":"https:\/\/longchangchemical.com\/?post_type=product&#038;p=4280"},"modified":"2026-01-12T06:46:39","modified_gmt":"2026-01-12T06:46:39","slug":"methoxypolyethylene-glycols-cas-9004-74-4","status":"publish","type":"product","link":"https:\/\/longchangchemical.com\/fr\/product\/methoxypolyethylene-glycols-cas-9004-74-4\/","title":{"rendered":"m\u00e9thoxypoly\u00e9thyl\u00e8neglycols cas 9004-74-4"},"content":{"rendered":"<h2><strong>M\u00e9thoxypoly\u00e9thyl\u00e8neglycolsPropri\u00e9t\u00e9s typiques<\/strong><\/h2>\n<table class=\"table-1\" cellspacing=\"0\">\n<tbody>\n<tr>\n<td><strong>Objet<\/strong><\/td>\n<td><strong>Sp\u00e9cifications<\/strong><\/td>\n<td><strong>R\u00e9sultats<\/strong><\/td>\n<\/tr>\n<tr>\n<td>Aspect \u00e0 25\u00b0C<\/td>\n<td>Flocon blanc<\/td>\n<td>Flocon blanc<\/td>\n<\/tr>\n<tr>\n<td>Couleur (Pt-Co)<\/td>\n<td>0~80<\/td>\n<td>30<\/td>\n<\/tr>\n<tr>\n<td>Nombre d'hydroxyles\uff08mgKOH\/g\uff09<\/td>\n<td>23~28<\/td>\n<td>25.3<\/td>\n<\/tr>\n<tr>\n<td>Poids mol\u00e9culaire<\/td>\n<td>2000~2400<\/td>\n<td>2218<\/td>\n<\/tr>\n<tr>\n<td>pH<\/td>\n<td>5.0~7.0<\/td>\n<td>6.35<\/td>\n<\/tr>\n<tr>\n<td>Eau\uff08% m\/m\uff09<\/td>\n<td>\u22641.0<\/td>\n<td>0.32<\/td>\n<\/tr>\n<\/tbody>\n<\/table>\n<h2><strong>M\u00e9thoxypoly\u00e9thyl\u00e8neglycols Utilisation<\/strong><\/h2>\n<p>Il peut \u00eatre appliqu\u00e9 au b\u00e9ton commercial \u00e0 haute performance et \u00e0 haute r\u00e9sistance (C60 ou plus) lors du m\u00e9lange sur site et du transport sur de longues distances.M\u00e9thoxypoly\u00e9thyl\u00e8neglycols.<\/p>\n<ol>\n<li><strong>Industrie des polym\u00e8res :<\/strong> Les m\u00e9thoxypoly\u00e9thyl\u00e8neglycols, dont le num\u00e9ro CAS est 9004-74-4, sont couramment utilis\u00e9s dans l'industrie des polym\u00e8res. Ils servent de composants cl\u00e9s dans la production de divers polym\u00e8res et copolym\u00e8res, contribuant \u00e0 la modification des propri\u00e9t\u00e9s des polym\u00e8res.<\/li>\n<li><strong>Agent \u00e9mulsifiant :<\/strong> Ce compos\u00e9 est utilis\u00e9 comme agent \u00e9mulsifiant. Les m\u00e9thoxypoly\u00e9thyl\u00e8neglycols peuvent contribuer \u00e0 la stabilit\u00e9 et \u00e0 la texture des \u00e9mulsions, ce qui les rend utiles dans les formulations telles que les cr\u00e8mes, les lotions et les produits industriels.<\/li>\n<li><strong>Industrie textile :<\/strong> Les m\u00e9thoxypoly\u00e9thyl\u00e8neglycols peuvent \u00eatre utilis\u00e9s dans l'industrie textile. Ils peuvent \u00eatre utilis\u00e9s dans les processus d'ennoblissement des textiles, apportant douceur et souplesse aux tissus.<\/li>\n<li><strong>Produits de soins personnels :<\/strong> Les m\u00e9thoxypoly\u00e9thyl\u00e8nes glycols sont utilis\u00e9s dans la production de produits de soins personnels. Ils entrent dans la composition des produits de soin de la peau et des cheveux en raison de leurs propri\u00e9t\u00e9s \u00e9mulsifiantes et revitalisantes.<\/li>\n<\/ol>\n<h2><strong>Emballage et exp\u00e9dition des m\u00e9thoxypoly\u00e9thyl\u00e8nes glycols<\/strong><\/h2>\n<p>Emballage : 200Kg\/tambour<\/p>\n<h2><strong>M\u00e9thoxypoly\u00e9thyl\u00e8neglycolsStockage<\/strong><\/h2>\n<p>Il doit \u00eatre plac\u00e9 au frais et au sec.<\/p>\n<h2><strong><b>Contactez-nous d\u00e8s maintenant !<\/b><\/strong><\/h2>\n<h4><strong><b>Si vous avez besoin de COA, MSDS ou TDS, veuillez remplir vos coordonn\u00e9es dans le formulaire ci-dessous, nous vous contacterons g\u00e9n\u00e9ralement dans les 24 heures. Vous pouvez \u00e9galement m'envoyer un courriel <span style=\"color: #0000ff;\"><a style=\"color: #0000ff;\" href=\"mailto:info@longchangchemical.com\">info@longchangchemical.com<\/a><\/span> pendant les heures de travail ( 8:30 am to 6:00 pm UTC+8 Mon.~Sat. ) ou utilisez le chat en direct du site web pour obtenir une r\u00e9ponse rapide.<\/b><\/strong><\/h4>","protected":false},"excerpt":{"rendered":"<h2><strong>M\u00e9thoxypoly\u00e9thyl\u00e8neglycolsD\u00e9tails rapides<\/strong><\/h2>\n<p>Nom chimique : M\u00e9thoxypoly\u00e9thyl\u00e8neglycols<\/p>\n<p>Num\u00e9ro CAS : 9004-74-4<\/p>\n<p>Formule mol\u00e9culaire : C5H12O3<\/p>\n<p>Structure chimique :<img decoding=\"async\" title=\"Structure des m\u00e9thoxypoly\u00e9thyl\u00e8nes glycols\" src=\"https:\/\/www.longchangchemical.com\/wp-content\/uploads\/product-details\/20200611239401.png\" alt=\"Structure des m\u00e9thoxypoly\u00e9thyl\u00e8nes glycols\" width=\"234\" height=\"71\" border=\"0\" vspace=\"0\" \/><\/p>\n<p>Poids mol\u00e9culaire : 20,14698<\/p>\n<p>Aspect : Flocons blancs<\/p>\n<p>Essai : 2000~2400<\/p>","protected":false},"featured_media":6391,"comment_status":"open","ping_status":"closed","template":"","meta":[],"product_brand":[],"product_cat":[154],"product_tag":[],"class_list":{"0":"post-4280","1":"product","2":"type-product","3":"status-publish","4":"has-post-thumbnail","6":"product_cat-solvent","8":"first","9":"instock","10":"shipping-taxable","11":"product-type-simple"},"yoast_head":"<!-- This site is optimized with the Yoast SEO plugin v25.3.1 - https:\/\/yoast.com\/wordpress\/plugins\/seo\/ -->\n<title>China Methoxypolyethylene Glycols Manufacturer CAS 9004-74-4 -Longchang Chemical<\/title>\n<meta name=\"description\" content=\"methoxypolyethylene glycols cas 9004-74-4 is key product of Longchang Chemical. We provide best price. We are the leading manufacturer and supplier in China with the best quanlity and competitive price.\" \/>\n<meta name=\"robots\" content=\"index, follow, max-snippet:-1, max-image-preview:large, max-video-preview:-1\" \/>\n<link rel=\"canonical\" href=\"https:\/\/longchangchemical.com\/fr\/product\/methoxypolyethylene-glycols-cas-9004-74-4\/\" \/>\n<meta property=\"og:locale\" content=\"fr_FR\" \/>\n<meta property=\"og:type\" content=\"article\" \/>\n<meta property=\"og:title\" content=\"China Methoxypolyethylene Glycols Manufacturer CAS 9004-74-4 -Longchang Chemical\" \/>\n<meta property=\"og:description\" content=\"methoxypolyethylene glycols cas 9004-74-4 is key product of Longchang Chemical. We provide best price. We are the leading manufacturer and supplier in China with the best quanlity and competitive price.\" \/>\n<meta property=\"og:url\" content=\"https:\/\/longchangchemical.com\/fr\/product\/methoxypolyethylene-glycols-cas-9004-74-4\/\" \/>\n<meta property=\"og:site_name\" content=\"Longchang Chemical\" \/>\n<meta property=\"article:modified_time\" content=\"2026-01-12T06:46:39+00:00\" \/>\n<meta property=\"og:image\" content=\"https:\/\/longchangchemical.com\/wp-content\/uploads\/2021\/01\/3.jpg\" \/>\n\t<meta property=\"og:image:width\" content=\"800\" \/>\n\t<meta property=\"og:image:height\" content=\"800\" \/>\n\t<meta property=\"og:image:type\" content=\"image\/jpeg\" \/>\n<meta name=\"twitter:card\" content=\"summary_large_image\" \/>\n<script type=\"application\/ld+json\" class=\"yoast-schema-graph\">{\"@context\":\"https:\/\/schema.org\",\"@graph\":[{\"@type\":\"WebPage\",\"@id\":\"https:\/\/longchangchemical.com\/product\/methoxypolyethylene-glycols-cas-9004-74-4\/\",\"url\":\"https:\/\/longchangchemical.com\/product\/methoxypolyethylene-glycols-cas-9004-74-4\/\",\"name\":\"China Methoxypolyethylene Glycols Manufacturer CAS 9004-74-4 -Longchang Chemical\",\"isPartOf\":{\"@id\":\"https:\/\/longchangchemical.com\/#website\"},\"primaryImageOfPage\":{\"@id\":\"https:\/\/longchangchemical.com\/product\/methoxypolyethylene-glycols-cas-9004-74-4\/#primaryimage\"},\"image\":{\"@id\":\"https:\/\/longchangchemical.com\/product\/methoxypolyethylene-glycols-cas-9004-74-4\/#primaryimage\"},\"thumbnailUrl\":\"https:\/\/longchangchemical.com\/wp-content\/uploads\/2021\/01\/3.jpg\",\"datePublished\":\"2024-01-10T08:23:38+00:00\",\"dateModified\":\"2026-01-12T06:46:39+00:00\",\"description\":\"methoxypolyethylene glycols cas 9004-74-4 is key product of Longchang Chemical. We provide best price. We are the leading manufacturer and supplier in China with the best quanlity and competitive price.\",\"breadcrumb\":{\"@id\":\"https:\/\/longchangchemical.com\/product\/methoxypolyethylene-glycols-cas-9004-74-4\/#breadcrumb\"},\"inLanguage\":\"fr-FR\",\"potentialAction\":[{\"@type\":\"ReadAction\",\"target\":[\"https:\/\/longchangchemical.com\/product\/methoxypolyethylene-glycols-cas-9004-74-4\/\"]}]},{\"@type\":\"ImageObject\",\"inLanguage\":\"fr-FR\",\"@id\":\"https:\/\/longchangchemical.com\/product\/methoxypolyethylene-glycols-cas-9004-74-4\/#primaryimage\",\"url\":\"https:\/\/longchangchemical.com\/wp-content\/uploads\/2021\/01\/3.jpg\",\"contentUrl\":\"https:\/\/longchangchemical.com\/wp-content\/uploads\/2021\/01\/3.jpg\",\"width\":800,\"height\":800,\"caption\":\"methoxypolyethylene glycols cas 9004-74-4\"},{\"@type\":\"BreadcrumbList\",\"@id\":\"https:\/\/longchangchemical.com\/product\/methoxypolyethylene-glycols-cas-9004-74-4\/#breadcrumb\",\"itemListElement\":[{\"@type\":\"ListItem\",\"position\":1,\"name\":\"Home\",\"item\":\"https:\/\/longchangchemical.com\/\"},{\"@type\":\"ListItem\",\"position\":2,\"name\":\"Products Longchang\",\"item\":\"https:\/\/longchangchemical.com\/product\/\"},{\"@type\":\"ListItem\",\"position\":3,\"name\":\"methoxypolyethylene glycols cas 9004-74-4\"}]},{\"@type\":\"WebSite\",\"@id\":\"https:\/\/longchangchemical.com\/#website\",\"url\":\"https:\/\/longchangchemical.com\/\",\"name\":\"Longchang Chemical\",\"description\":\"China chemical manufacturer \uff06 supplier\",\"publisher\":{\"@id\":\"https:\/\/longchangchemical.com\/#organization\"},\"potentialAction\":[{\"@type\":\"SearchAction\",\"target\":{\"@type\":\"EntryPoint\",\"urlTemplate\":\"https:\/\/longchangchemical.com\/?s={search_term_string}\"},\"query-input\":{\"@type\":\"PropertyValueSpecification\",\"valueRequired\":true,\"valueName\":\"search_term_string\"}}],\"inLanguage\":\"fr-FR\"},{\"@type\":\"Organization\",\"@id\":\"https:\/\/longchangchemical.com\/#organization\",\"name\":\"Longchang Chemical\",\"url\":\"https:\/\/longchangchemical.com\/\",\"logo\":{\"@type\":\"ImageObject\",\"inLanguage\":\"fr-FR\",\"@id\":\"https:\/\/longchangchemical.com\/#\/schema\/logo\/image\/\",\"url\":\"https:\/\/longchangchemical.com\/wp-content\/uploads\/2020\/08\/cropped-longchang-logo.png\",\"contentUrl\":\"https:\/\/longchangchemical.com\/wp-content\/uploads\/2020\/08\/cropped-longchang-logo.png\",\"width\":512,\"height\":512,\"caption\":\"Longchang Chemical\"},\"image\":{\"@id\":\"https:\/\/longchangchemical.com\/#\/schema\/logo\/image\/\"}}]}<\/script>\n<!-- \/ Yoast SEO plugin. -->","yoast_head_json":{"title":"Fabricant chinois de m\u00e9thoxypoly\u00e9thyl\u00e8neglycols CAS 9004-74-4 -Longchang Chemical","description":"methoxypolyethylene glycols cas 9004-74-4 est un produit cl\u00e9 de Longchang Chemical. Nous fournissons le meilleur prix. Nous sommes le principal fabricant et fournisseur en Chine avec la meilleure quantit\u00e9 et le prix comp\u00e9titif.","robots":{"index":"index","follow":"follow","max-snippet":"max-snippet:-1","max-image-preview":"max-image-preview:large","max-video-preview":"max-video-preview:-1"},"canonical":"https:\/\/longchangchemical.com\/fr\/product\/methoxypolyethylene-glycols-cas-9004-74-4\/","og_locale":"fr_FR","og_type":"article","og_title":"China Methoxypolyethylene Glycols Manufacturer CAS 9004-74-4 -Longchang Chemical","og_description":"methoxypolyethylene glycols cas 9004-74-4 is key product of Longchang Chemical. We provide best price. We are the leading manufacturer and supplier in China with the best quanlity and competitive price.","og_url":"https:\/\/longchangchemical.com\/fr\/product\/methoxypolyethylene-glycols-cas-9004-74-4\/","og_site_name":"Longchang Chemical","article_modified_time":"2026-01-12T06:46:39+00:00","og_image":[{"width":800,"height":800,"url":"https:\/\/longchangchemical.com\/wp-content\/uploads\/2021\/01\/3.jpg","type":"image\/jpeg"}],"twitter_card":"summary_large_image","schema":{"@context":"https:\/\/schema.org","@graph":[{"@type":"WebPage","@id":"https:\/\/longchangchemical.com\/product\/methoxypolyethylene-glycols-cas-9004-74-4\/","url":"https:\/\/longchangchemical.com\/product\/methoxypolyethylene-glycols-cas-9004-74-4\/","name":"Fabricant chinois de m\u00e9thoxypoly\u00e9thyl\u00e8neglycols CAS 9004-74-4 -Longchang Chemical","isPartOf":{"@id":"https:\/\/longchangchemical.com\/#website"},"primaryImageOfPage":{"@id":"https:\/\/longchangchemical.com\/product\/methoxypolyethylene-glycols-cas-9004-74-4\/#primaryimage"},"image":{"@id":"https:\/\/longchangchemical.com\/product\/methoxypolyethylene-glycols-cas-9004-74-4\/#primaryimage"},"thumbnailUrl":"https:\/\/longchangchemical.com\/wp-content\/uploads\/2021\/01\/3.jpg","datePublished":"2024-01-10T08:23:38+00:00","dateModified":"2026-01-12T06:46:39+00:00","description":"methoxypolyethylene glycols cas 9004-74-4 est un produit cl\u00e9 de Longchang Chemical. Nous fournissons le meilleur prix. Nous sommes le principal fabricant et fournisseur en Chine avec la meilleure quantit\u00e9 et le prix comp\u00e9titif.","breadcrumb":{"@id":"https:\/\/longchangchemical.com\/product\/methoxypolyethylene-glycols-cas-9004-74-4\/#breadcrumb"},"inLanguage":"fr-FR","potentialAction":[{"@type":"ReadAction","target":["https:\/\/longchangchemical.com\/product\/methoxypolyethylene-glycols-cas-9004-74-4\/"]}]},{"@type":"ImageObject","inLanguage":"fr-FR","@id":"https:\/\/longchangchemical.com\/product\/methoxypolyethylene-glycols-cas-9004-74-4\/#primaryimage","url":"https:\/\/longchangchemical.com\/wp-content\/uploads\/2021\/01\/3.jpg","contentUrl":"https:\/\/longchangchemical.com\/wp-content\/uploads\/2021\/01\/3.jpg","width":800,"height":800,"caption":"methoxypolyethylene glycols cas 9004-74-4"},{"@type":"BreadcrumbList","@id":"https:\/\/longchangchemical.com\/product\/methoxypolyethylene-glycols-cas-9004-74-4\/#breadcrumb","itemListElement":[{"@type":"ListItem","position":1,"name":"Home","item":"https:\/\/longchangchemical.com\/"},{"@type":"ListItem","position":2,"name":"Products Longchang","item":"https:\/\/longchangchemical.com\/product\/"},{"@type":"ListItem","position":3,"name":"methoxypolyethylene glycols cas 9004-74-4"}]},{"@type":"WebSite","@id":"https:\/\/longchangchemical.com\/#website","url":"https:\/\/longchangchemical.com\/","name":"Longchang Chemical","description":"Fabricant chinois de produits chimiques \uff06 fournisseur","publisher":{"@id":"https:\/\/longchangchemical.com\/#organization"},"potentialAction":[{"@type":"SearchAction","target":{"@type":"EntryPoint","urlTemplate":"https:\/\/longchangchemical.com\/?s={search_term_string}"},"query-input":{"@type":"PropertyValueSpecification","valueRequired":true,"valueName":"search_term_string"}}],"inLanguage":"fr-FR"},{"@type":"Organization","@id":"https:\/\/longchangchemical.com\/#organization","name":"Longchang Chemical","url":"https:\/\/longchangchemical.com\/","logo":{"@type":"ImageObject","inLanguage":"fr-FR","@id":"https:\/\/longchangchemical.com\/#\/schema\/logo\/image\/","url":"https:\/\/longchangchemical.com\/wp-content\/uploads\/2020\/08\/cropped-longchang-logo.png","contentUrl":"https:\/\/longchangchemical.com\/wp-content\/uploads\/2020\/08\/cropped-longchang-logo.png","width":512,"height":512,"caption":"Longchang Chemical"},"image":{"@id":"https:\/\/longchangchemical.com\/#\/schema\/logo\/image\/"}}]}},"_links":{"self":[{"href":"https:\/\/longchangchemical.com\/fr\/wp-json\/wp\/v2\/product\/4280","targetHints":{"allow":["GET"]}}],"collection":[{"href":"https:\/\/longchangchemical.com\/fr\/wp-json\/wp\/v2\/product"}],"about":[{"href":"https:\/\/longchangchemical.com\/fr\/wp-json\/wp\/v2\/types\/product"}],"replies":[{"embeddable":true,"href":"https:\/\/longchangchemical.com\/fr\/wp-json\/wp\/v2\/comments?post=4280"}],"wp:featuredmedia":[{"embeddable":true,"href":"https:\/\/longchangchemical.com\/fr\/wp-json\/wp\/v2\/media\/6391"}],"wp:attachment":[{"href":"https:\/\/longchangchemical.com\/fr\/wp-json\/wp\/v2\/media?parent=4280"}],"wp:term":[{"taxonomy":"product_brand","embeddable":true,"href":"https:\/\/longchangchemical.com\/fr\/wp-json\/wp\/v2\/product_brand?post=4280"},{"taxonomy":"product_cat","embeddable":true,"href":"https:\/\/longchangchemical.com\/fr\/wp-json\/wp\/v2\/product_cat?post=4280"},{"taxonomy":"product_tag","embeddable":true,"href":"https:\/\/longchangchemical.com\/fr\/wp-json\/wp\/v2\/product_tag?post=4280"}],"curies":[{"name":"wp","href":"https:\/\/api.w.org\/{rel}","templated":true}]}}