{"id":4274,"date":"2024-01-11T02:40:10","date_gmt":"2024-01-11T02:40:10","guid":{"rendered":"https:\/\/longchangchemical.com\/?post_type=product&#038;p=4274"},"modified":"2025-12-22T05:49:09","modified_gmt":"2025-12-22T05:49:09","slug":"fish-collagen-peptide-cas-9007-34-5","status":"publish","type":"product","link":"https:\/\/longchangchemical.com\/fr\/product\/fish-collagen-peptide-cas-9007-34-5\/","title":{"rendered":"peptide de collag\u00e8ne de poisson cas 9007-34-5"},"content":{"rendered":"<h2><strong>Peptide de collag\u00e8ne de poisson Propri\u00e9t\u00e9s typiques<\/strong><\/h2>\n<table class=\"table-1\">\n<tbody>\n<tr>\n<td colspan=\"1\" rowspan=\"1\" valign=\"top\">\u00c9l\u00e9ment de test<\/td>\n<td colspan=\"1\" rowspan=\"1\" valign=\"top\">Sp\u00e9cifications<\/td>\n<\/tr>\n<tr>\n<td valign=\"top\" width=\"647\">Forme organisationnelle<\/td>\n<td valign=\"top\" width=\"647\">Poudre uniforme, douce, sans effet de mottage<\/td>\n<\/tr>\n<tr>\n<td valign=\"top\" width=\"647\">Apparence<\/td>\n<td valign=\"top\" width=\"647\">Poudre blanche ou jaune clair<\/td>\n<\/tr>\n<tr>\n<td valign=\"top\" width=\"647\">Le go\u00fbt et l'odorat<\/td>\n<td valign=\"top\" width=\"647\">Le go\u00fbt et l'odeur de ce produit sont uniques, il n'y a pas d'odeur particuli\u00e8re.<\/td>\n<\/tr>\n<tr>\n<td valign=\"top\" width=\"647\">Impuret\u00e9<\/td>\n<td valign=\"top\" width=\"647\">Aucune impuret\u00e9 exog\u00e8ne visible<\/td>\n<\/tr>\n<tr>\n<td valign=\"top\" width=\"647\">Densit\u00e9 d'empilement, g\/mol<\/td>\n<td valign=\"top\" width=\"647\">0.32<\/td>\n<\/tr>\n<tr>\n<td valign=\"top\" width=\"647\">Prot\u00e9ine (facteur de conversion 5,79), %<\/td>\n<td valign=\"top\" width=\"647\">\u226590.0<\/td>\n<\/tr>\n<tr>\n<td valign=\"top\" width=\"647\">Humidit\u00e9, %<\/td>\n<td valign=\"top\" width=\"647\">\u22647.0<\/td>\n<\/tr>\n<tr>\n<td valign=\"top\" width=\"647\">Fr\u00eane, %<\/td>\n<td valign=\"top\" width=\"647\">\u22642.0<\/td>\n<\/tr>\n<tr>\n<td valign=\"top\" width=\"647\">pH(6,67% solution aqueuse)<\/td>\n<td valign=\"top\" width=\"647\">5.5-7.5<\/td>\n<\/tr>\n<tr>\n<td valign=\"top\" width=\"647\">Pb,mg\/kg<\/td>\n<td valign=\"top\" width=\"647\">\u22640.50<\/td>\n<\/tr>\n<tr>\n<td colspan=\"1\" rowspan=\"1\" valign=\"top\">As,mg\/kg<\/td>\n<td colspan=\"1\" rowspan=\"1\" valign=\"top\">\u22640.50<\/td>\n<\/tr>\n<tr>\n<td colspan=\"1\" rowspan=\"1\" valign=\"top\">Hg,mg\/kg<\/td>\n<td colspan=\"1\" rowspan=\"1\" valign=\"top\">\u22640.50<\/td>\n<\/tr>\n<tr>\n<td colspan=\"1\" rowspan=\"1\" valign=\"top\">Cr,mg\/kg<\/td>\n<td colspan=\"1\" rowspan=\"1\" valign=\"top\">\u22642.00<\/td>\n<\/tr>\n<tr>\n<td colspan=\"1\" rowspan=\"1\" valign=\"top\">Cd,mg\/kg<\/td>\n<td colspan=\"1\" rowspan=\"1\" valign=\"top\">\u22640.10<\/td>\n<\/tr>\n<tr>\n<td colspan=\"1\" rowspan=\"1\" valign=\"top\">Bact\u00e9ries totales, UFC\/g<\/td>\n<td colspan=\"1\" rowspan=\"1\" valign=\"top\">Bact\u00e9ries totales, UFC\/g<\/td>\n<\/tr>\n<tr>\n<td colspan=\"1\" rowspan=\"1\" valign=\"top\">Coliformes, MPN\/g<\/td>\n<td colspan=\"1\" rowspan=\"1\" valign=\"top\">\uff1c3<\/td>\n<\/tr>\n<tr>\n<td colspan=\"1\" rowspan=\"1\" valign=\"top\">Moisissures Levures, CFU\/g<\/td>\n<td colspan=\"1\" rowspan=\"1\" valign=\"top\">\u226450<\/td>\n<\/tr>\n<tr>\n<td colspan=\"1\" rowspan=\"1\" valign=\"top\">Bact\u00e9ries nuisibles\uff08Salmonella, Shigella, Vibrio parahaemolyticus, Staphylococcus aureus\uff09<\/td>\n<td colspan=\"1\" rowspan=\"1\" valign=\"top\">N\u00e9gatif<\/td>\n<\/tr>\n<\/tbody>\n<\/table>\n<h2><strong>Utilisation du peptide de collag\u00e8ne de poisson<\/strong><\/h2>\n<p>Le peptide de collag\u00e8ne de poisson est utilis\u00e9 dans les boissons solides, les comprim\u00e9s, les g\u00e9lules, les liquides oraux et autres aliments et aliments fonctionnels, les shampooings, les eaux de maquillage, les \u00e9mulsions, les cr\u00e8mes pour le visage et autres cosm\u00e9tiques.<\/p>\n<ol>\n<li><strong>L'industrie cosm\u00e9tique :<\/strong> Le peptide de collag\u00e8ne de poisson, dont le num\u00e9ro CAS est 9007-34-5, est couramment utilis\u00e9 dans l'industrie cosm\u00e9tique. C'est un ingr\u00e9dient populaire dans les produits de soin de la peau en raison de ses propri\u00e9t\u00e9s hydratantes et anti-\u00e2ge, contribuant \u00e0 am\u00e9liorer l'\u00e9lasticit\u00e9 de la peau.<\/li>\n<li><strong>Produits nutraceutiques et suppl\u00e9ments :<\/strong> Ce compos\u00e9 trouve des applications dans l'industrie des nutraceutiques et des compl\u00e9ments alimentaires. Le peptide de collag\u00e8ne de poisson est souvent utilis\u00e9 comme suppl\u00e9ment pour la sant\u00e9 des articulations, favorisant la production de collag\u00e8ne dans le corps.<\/li>\n<li><strong>L'industrie alimentaire et des boissons :<\/strong> Le peptide de collag\u00e8ne de poisson peut \u00eatre utilis\u00e9 dans l'industrie alimentaire et des boissons. Il est utilis\u00e9 dans certaines formulations pour am\u00e9liorer le contenu nutritionnel des produits, en particulier ceux qui favorisent la sant\u00e9 des articulations et de la peau.<\/li>\n<li><strong>Applications m\u00e9dicales et pharmaceutiques :<\/strong> Dans les applications m\u00e9dicales et pharmaceutiques, le peptide de collag\u00e8ne de poisson est utilis\u00e9 pour ses avantages th\u00e9rapeutiques potentiels. Il peut \u00eatre incorpor\u00e9 dans des formulations visant \u00e0 favoriser la cicatrisation des plaies ou la r\u00e9paration des tissus.<\/li>\n<\/ol>\n<h2><strong>Emballage et exp\u00e9dition du peptide de collag\u00e8ne de poisson<\/strong><\/h2>\n<p>10 kg\/caisse<\/p>\n<h2><strong>Stockage de peptides de collag\u00e8ne de poisson<\/strong><\/h2>\n<p>Stocker dans un endroit sec et ventil\u00e9, loin de la chaleur et de l'eau.<\/p>\n<h2><strong><b>Contactez-nous d\u00e8s maintenant !<\/b><\/strong><\/h2>\n<h4><strong><b>Si vous avez besoin de COA, MSDS ou TDS, veuillez remplir vos coordonn\u00e9es dans le formulaire ci-dessous, nous vous contacterons g\u00e9n\u00e9ralement dans les 24 heures. Vous pouvez \u00e9galement m'envoyer un courriel <span style=\"color: #0000ff;\"><a style=\"color: #0000ff;\" href=\"mailto:info@longchangchemical.com\">info@longchangchemical.com<\/a><\/span> pendant les heures de travail ( 8:30 am to 6:00 pm UTC+8 Mon.~Sat. ) ou utilisez le chat en direct du site web pour obtenir une r\u00e9ponse rapide.<\/b><\/strong><\/h4>","protected":false},"excerpt":{"rendered":"<h2><strong>Peptide de collag\u00e8ne de poisson Quick Details<\/strong><\/h2>\n<p>Nom chimique:Peptide de collag\u00e8ne de poisson<\/p>\n<p>Num\u00e9ro CAS : 9064-67-9<\/p>\n<p>Formule mol\u00e9culaire:C4H6N2O3R2.(C7H9N2O2R)n<\/p>\n<p>N\u00b0 EINECS : 618-608-5<\/p>","protected":false},"featured_media":6402,"comment_status":"open","ping_status":"closed","template":"","meta":[],"product_brand":[],"product_cat":[15],"product_tag":[],"class_list":{"0":"post-4274","1":"product","2":"type-product","3":"status-publish","4":"has-post-thumbnail","6":"product_cat-food-additives","8":"first","9":"instock","10":"shipping-taxable","11":"product-type-simple"},"yoast_head":"<!-- This site is optimized with the Yoast SEO plugin v25.3.1 - https:\/\/yoast.com\/wordpress\/plugins\/seo\/ -->\n<title>China Fish Collagen Peptide Manufacturer CAS 9007-34-5 -Longchang Chemical<\/title>\n<meta name=\"description\" content=\"fish collagen peptide cas 9007-34-5 is key product of Longchang Chemical. We provide best price. We are the leading manufacturer and supplier in China with the best quanlity and competitive price.\" \/>\n<meta name=\"robots\" content=\"index, follow, max-snippet:-1, max-image-preview:large, max-video-preview:-1\" \/>\n<link rel=\"canonical\" href=\"https:\/\/longchangchemical.com\/fr\/product\/fish-collagen-peptide-cas-9007-34-5\/\" \/>\n<meta property=\"og:locale\" content=\"fr_FR\" \/>\n<meta property=\"og:type\" content=\"article\" \/>\n<meta property=\"og:title\" content=\"China Fish Collagen Peptide Manufacturer CAS 9007-34-5 -Longchang Chemical\" \/>\n<meta property=\"og:description\" content=\"fish collagen peptide cas 9007-34-5 is key product of Longchang Chemical. We provide best price. We are the leading manufacturer and supplier in China with the best quanlity and competitive price.\" \/>\n<meta property=\"og:url\" content=\"https:\/\/longchangchemical.com\/fr\/product\/fish-collagen-peptide-cas-9007-34-5\/\" \/>\n<meta property=\"og:site_name\" content=\"Longchang Chemical\" \/>\n<meta property=\"article:modified_time\" content=\"2025-12-22T05:49:09+00:00\" \/>\n<meta property=\"og:image\" content=\"https:\/\/longchangchemical.com\/wp-content\/uploads\/2021\/01\/4.jpg\" \/>\n\t<meta property=\"og:image:width\" content=\"800\" \/>\n\t<meta property=\"og:image:height\" content=\"800\" \/>\n\t<meta property=\"og:image:type\" content=\"image\/jpeg\" \/>\n<meta name=\"twitter:card\" content=\"summary_large_image\" \/>\n<script type=\"application\/ld+json\" class=\"yoast-schema-graph\">{\"@context\":\"https:\/\/schema.org\",\"@graph\":[{\"@type\":\"WebPage\",\"@id\":\"https:\/\/longchangchemical.com\/product\/fish-collagen-peptide-cas-9007-34-5\/\",\"url\":\"https:\/\/longchangchemical.com\/product\/fish-collagen-peptide-cas-9007-34-5\/\",\"name\":\"China Fish Collagen Peptide Manufacturer CAS 9007-34-5 -Longchang Chemical\",\"isPartOf\":{\"@id\":\"https:\/\/longchangchemical.com\/#website\"},\"primaryImageOfPage\":{\"@id\":\"https:\/\/longchangchemical.com\/product\/fish-collagen-peptide-cas-9007-34-5\/#primaryimage\"},\"image\":{\"@id\":\"https:\/\/longchangchemical.com\/product\/fish-collagen-peptide-cas-9007-34-5\/#primaryimage\"},\"thumbnailUrl\":\"https:\/\/longchangchemical.com\/wp-content\/uploads\/2021\/01\/4.jpg\",\"datePublished\":\"2024-01-11T02:40:10+00:00\",\"dateModified\":\"2025-12-22T05:49:09+00:00\",\"description\":\"fish collagen peptide cas 9007-34-5 is key product of Longchang Chemical. We provide best price. We are the leading manufacturer and supplier in China with the best quanlity and competitive price.\",\"breadcrumb\":{\"@id\":\"https:\/\/longchangchemical.com\/product\/fish-collagen-peptide-cas-9007-34-5\/#breadcrumb\"},\"inLanguage\":\"fr-FR\",\"potentialAction\":[{\"@type\":\"ReadAction\",\"target\":[\"https:\/\/longchangchemical.com\/product\/fish-collagen-peptide-cas-9007-34-5\/\"]}]},{\"@type\":\"ImageObject\",\"inLanguage\":\"fr-FR\",\"@id\":\"https:\/\/longchangchemical.com\/product\/fish-collagen-peptide-cas-9007-34-5\/#primaryimage\",\"url\":\"https:\/\/longchangchemical.com\/wp-content\/uploads\/2021\/01\/4.jpg\",\"contentUrl\":\"https:\/\/longchangchemical.com\/wp-content\/uploads\/2021\/01\/4.jpg\",\"width\":800,\"height\":800,\"caption\":\"fish collagen peptide cas 9007-34-5\"},{\"@type\":\"BreadcrumbList\",\"@id\":\"https:\/\/longchangchemical.com\/product\/fish-collagen-peptide-cas-9007-34-5\/#breadcrumb\",\"itemListElement\":[{\"@type\":\"ListItem\",\"position\":1,\"name\":\"Home\",\"item\":\"https:\/\/longchangchemical.com\/\"},{\"@type\":\"ListItem\",\"position\":2,\"name\":\"Products Longchang\",\"item\":\"https:\/\/longchangchemical.com\/product\/\"},{\"@type\":\"ListItem\",\"position\":3,\"name\":\"fish collagen peptide cas 9007-34-5\"}]},{\"@type\":\"WebSite\",\"@id\":\"https:\/\/longchangchemical.com\/#website\",\"url\":\"https:\/\/longchangchemical.com\/\",\"name\":\"Longchang Chemical\",\"description\":\"China chemical manufacturer \uff06 supplier\",\"publisher\":{\"@id\":\"https:\/\/longchangchemical.com\/#organization\"},\"potentialAction\":[{\"@type\":\"SearchAction\",\"target\":{\"@type\":\"EntryPoint\",\"urlTemplate\":\"https:\/\/longchangchemical.com\/?s={search_term_string}\"},\"query-input\":{\"@type\":\"PropertyValueSpecification\",\"valueRequired\":true,\"valueName\":\"search_term_string\"}}],\"inLanguage\":\"fr-FR\"},{\"@type\":\"Organization\",\"@id\":\"https:\/\/longchangchemical.com\/#organization\",\"name\":\"Longchang Chemical\",\"url\":\"https:\/\/longchangchemical.com\/\",\"logo\":{\"@type\":\"ImageObject\",\"inLanguage\":\"fr-FR\",\"@id\":\"https:\/\/longchangchemical.com\/#\/schema\/logo\/image\/\",\"url\":\"https:\/\/longchangchemical.com\/wp-content\/uploads\/2020\/08\/cropped-longchang-logo.png\",\"contentUrl\":\"https:\/\/longchangchemical.com\/wp-content\/uploads\/2020\/08\/cropped-longchang-logo.png\",\"width\":512,\"height\":512,\"caption\":\"Longchang Chemical\"},\"image\":{\"@id\":\"https:\/\/longchangchemical.com\/#\/schema\/logo\/image\/\"}}]}<\/script>\n<!-- \/ Yoast SEO plugin. -->","yoast_head_json":{"title":"Fabricant chinois de peptides de collag\u00e8ne de poisson CAS 9007-34-5 -Longchang Chemical","description":"Le peptide de collag\u00e8ne de poisson cas 9007-34-5 est un produit cl\u00e9 de Longchang Chemical. Nous fournissons le meilleur prix. Nous sommes le principal fabricant et fournisseur en Chine avec la meilleure quantit\u00e9 et le prix comp\u00e9titif.","robots":{"index":"index","follow":"follow","max-snippet":"max-snippet:-1","max-image-preview":"max-image-preview:large","max-video-preview":"max-video-preview:-1"},"canonical":"https:\/\/longchangchemical.com\/fr\/product\/fish-collagen-peptide-cas-9007-34-5\/","og_locale":"fr_FR","og_type":"article","og_title":"China Fish Collagen Peptide Manufacturer CAS 9007-34-5 -Longchang Chemical","og_description":"fish collagen peptide cas 9007-34-5 is key product of Longchang Chemical. We provide best price. We are the leading manufacturer and supplier in China with the best quanlity and competitive price.","og_url":"https:\/\/longchangchemical.com\/fr\/product\/fish-collagen-peptide-cas-9007-34-5\/","og_site_name":"Longchang Chemical","article_modified_time":"2025-12-22T05:49:09+00:00","og_image":[{"width":800,"height":800,"url":"https:\/\/longchangchemical.com\/wp-content\/uploads\/2021\/01\/4.jpg","type":"image\/jpeg"}],"twitter_card":"summary_large_image","schema":{"@context":"https:\/\/schema.org","@graph":[{"@type":"WebPage","@id":"https:\/\/longchangchemical.com\/product\/fish-collagen-peptide-cas-9007-34-5\/","url":"https:\/\/longchangchemical.com\/product\/fish-collagen-peptide-cas-9007-34-5\/","name":"Fabricant chinois de peptides de collag\u00e8ne de poisson CAS 9007-34-5 -Longchang Chemical","isPartOf":{"@id":"https:\/\/longchangchemical.com\/#website"},"primaryImageOfPage":{"@id":"https:\/\/longchangchemical.com\/product\/fish-collagen-peptide-cas-9007-34-5\/#primaryimage"},"image":{"@id":"https:\/\/longchangchemical.com\/product\/fish-collagen-peptide-cas-9007-34-5\/#primaryimage"},"thumbnailUrl":"https:\/\/longchangchemical.com\/wp-content\/uploads\/2021\/01\/4.jpg","datePublished":"2024-01-11T02:40:10+00:00","dateModified":"2025-12-22T05:49:09+00:00","description":"Le peptide de collag\u00e8ne de poisson cas 9007-34-5 est un produit cl\u00e9 de Longchang Chemical. Nous fournissons le meilleur prix. Nous sommes le principal fabricant et fournisseur en Chine avec la meilleure quantit\u00e9 et le prix comp\u00e9titif.","breadcrumb":{"@id":"https:\/\/longchangchemical.com\/product\/fish-collagen-peptide-cas-9007-34-5\/#breadcrumb"},"inLanguage":"fr-FR","potentialAction":[{"@type":"ReadAction","target":["https:\/\/longchangchemical.com\/product\/fish-collagen-peptide-cas-9007-34-5\/"]}]},{"@type":"ImageObject","inLanguage":"fr-FR","@id":"https:\/\/longchangchemical.com\/product\/fish-collagen-peptide-cas-9007-34-5\/#primaryimage","url":"https:\/\/longchangchemical.com\/wp-content\/uploads\/2021\/01\/4.jpg","contentUrl":"https:\/\/longchangchemical.com\/wp-content\/uploads\/2021\/01\/4.jpg","width":800,"height":800,"caption":"fish collagen peptide cas 9007-34-5"},{"@type":"BreadcrumbList","@id":"https:\/\/longchangchemical.com\/product\/fish-collagen-peptide-cas-9007-34-5\/#breadcrumb","itemListElement":[{"@type":"ListItem","position":1,"name":"Home","item":"https:\/\/longchangchemical.com\/"},{"@type":"ListItem","position":2,"name":"Products Longchang","item":"https:\/\/longchangchemical.com\/product\/"},{"@type":"ListItem","position":3,"name":"fish collagen peptide cas 9007-34-5"}]},{"@type":"WebSite","@id":"https:\/\/longchangchemical.com\/#website","url":"https:\/\/longchangchemical.com\/","name":"Longchang Chemical","description":"Fabricant chinois de produits chimiques \uff06 fournisseur","publisher":{"@id":"https:\/\/longchangchemical.com\/#organization"},"potentialAction":[{"@type":"SearchAction","target":{"@type":"EntryPoint","urlTemplate":"https:\/\/longchangchemical.com\/?s={search_term_string}"},"query-input":{"@type":"PropertyValueSpecification","valueRequired":true,"valueName":"search_term_string"}}],"inLanguage":"fr-FR"},{"@type":"Organization","@id":"https:\/\/longchangchemical.com\/#organization","name":"Longchang Chemical","url":"https:\/\/longchangchemical.com\/","logo":{"@type":"ImageObject","inLanguage":"fr-FR","@id":"https:\/\/longchangchemical.com\/#\/schema\/logo\/image\/","url":"https:\/\/longchangchemical.com\/wp-content\/uploads\/2020\/08\/cropped-longchang-logo.png","contentUrl":"https:\/\/longchangchemical.com\/wp-content\/uploads\/2020\/08\/cropped-longchang-logo.png","width":512,"height":512,"caption":"Longchang Chemical"},"image":{"@id":"https:\/\/longchangchemical.com\/#\/schema\/logo\/image\/"}}]}},"_links":{"self":[{"href":"https:\/\/longchangchemical.com\/fr\/wp-json\/wp\/v2\/product\/4274","targetHints":{"allow":["GET"]}}],"collection":[{"href":"https:\/\/longchangchemical.com\/fr\/wp-json\/wp\/v2\/product"}],"about":[{"href":"https:\/\/longchangchemical.com\/fr\/wp-json\/wp\/v2\/types\/product"}],"replies":[{"embeddable":true,"href":"https:\/\/longchangchemical.com\/fr\/wp-json\/wp\/v2\/comments?post=4274"}],"wp:featuredmedia":[{"embeddable":true,"href":"https:\/\/longchangchemical.com\/fr\/wp-json\/wp\/v2\/media\/6402"}],"wp:attachment":[{"href":"https:\/\/longchangchemical.com\/fr\/wp-json\/wp\/v2\/media?parent=4274"}],"wp:term":[{"taxonomy":"product_brand","embeddable":true,"href":"https:\/\/longchangchemical.com\/fr\/wp-json\/wp\/v2\/product_brand?post=4274"},{"taxonomy":"product_cat","embeddable":true,"href":"https:\/\/longchangchemical.com\/fr\/wp-json\/wp\/v2\/product_cat?post=4274"},{"taxonomy":"product_tag","embeddable":true,"href":"https:\/\/longchangchemical.com\/fr\/wp-json\/wp\/v2\/product_tag?post=4274"}],"curies":[{"name":"wp","href":"https:\/\/api.w.org\/{rel}","templated":true}]}}