{"id":4236,"date":"2024-01-15T07:54:34","date_gmt":"2024-01-15T07:54:34","guid":{"rendered":"https:\/\/longchangchemical.com\/?post_type=product&#038;p=4236"},"modified":"2026-05-08T03:00:01","modified_gmt":"2026-05-08T03:00:01","slug":"para-toluic-acid-cas-99-94-5","status":"publish","type":"product","link":"https:\/\/longchangchemical.com\/fr\/product\/para-toluic-acid-cas-99-94-5\/","title":{"rendered":"Acide para-toluique cas 99-94-5"},"content":{"rendered":"<h2><strong>Acide para-toluique cas 99-94-5<\/strong><\/h2>\n<table class=\"table-1\" cellspacing=\"0\">\n<tbody>\n<tr>\n<td>Apparence<\/td>\n<td>Flocon blanc ou jaune p\u00e2le<\/td>\n<\/tr>\n<tr>\n<td>Essai<\/td>\n<td>99%min<\/td>\n<\/tr>\n<tr>\n<td>L'eau<\/td>\n<td>0,2%max<\/td>\n<\/tr>\n<tr>\n<td>Point de fusion<\/td>\n<td>178\u2103-182\u2103<\/td>\n<\/tr>\n<tr>\n<td>Acide t\u00e9r\u00e9phtalique<\/td>\n<td>0,3%max<\/td>\n<\/tr>\n<tr>\n<td>Fr\u00eane<\/td>\n<td>0,1% max<\/td>\n<\/tr>\n<tr>\n<td>Acide benzo\u00efque<\/td>\n<td>0,2%max<\/td>\n<\/tr>\n<\/tbody>\n<\/table>\n<h2><strong>Utilisation de l'acide para-toluique<\/strong><\/h2>\n<p>Utilis\u00e9 dans les interm\u00e9diaires de synth\u00e8se organique, dans l'industrie des pesticides pour produire des phosphoramides fongicides, il peut \u00e9galement \u00eatre utilis\u00e9 dans les \u00e9pices et les films.<\/p>\n<p>Il est principalement utilis\u00e9 dans la fabrication d'acide aromatique h\u00e9mostatique, de nitrile de para - m\u00e9thyle, de chlorure de para - toluyle, de mat\u00e9riaux photosensibles, etc.<\/p>\n<ol>\n<li><strong>Interm\u00e9diaires chimiques :<\/strong> L'acide para-toluique, dont le num\u00e9ro CAS est 99-94-5, est largement utilis\u00e9 comme interm\u00e9diaire chimique dans la synth\u00e8se de divers compos\u00e9s organiques. Il sert d'\u00e9l\u00e9ment de base dans la production de produits pharmaceutiques, agrochimiques et de sp\u00e9cialit\u00e9s chimiques.<\/li>\n<li><strong>Industrie des polym\u00e8res :<\/strong> Ce compos\u00e9 trouve des applications dans l'industrie des polym\u00e8res. L'acide para-toluique est utilis\u00e9 dans la synth\u00e8se de polym\u00e8res et de copolym\u00e8res, contribuant \u00e0 la modification des propri\u00e9t\u00e9s des polym\u00e8res et au d\u00e9veloppement de mat\u00e9riaux sp\u00e9cifiques.<\/li>\n<li><strong>Interm\u00e9diaires de teinture :<\/strong> L'acide para-toluique est utilis\u00e9 comme interm\u00e9diaire dans la production de colorants. Il contribue \u00e0 la synth\u00e8se de mol\u00e9cules de colorants sp\u00e9cifiques utilis\u00e9es dans les industries du textile, du papier et autres.<\/li>\n<li><strong>Recherche et d\u00e9veloppement :<\/strong> Dans les activit\u00e9s de recherche et de d\u00e9veloppement, l'acide para-toluique est utilis\u00e9 pour diverses analyses et exp\u00e9riences chimiques. Sa polyvalence le rend pr\u00e9cieux pour la d\u00e9couverte et le d\u00e9veloppement de nouveaux compos\u00e9s.<\/li>\n<\/ol>\n<h2><strong>Paquet d'acide para-toluique<\/strong><\/h2>\n<p>220kg\/tambour en plastique, ou emballage personnalis\u00e9.<\/p>\n<h2><strong>Stockage de l'acide para-toluique<\/strong><\/h2>\n<p>Lieu de stockage abrit\u00e9, sec et sombre.<\/p>\n<h2><strong><b>Contactez-nous d\u00e8s maintenant !<\/b><\/strong><\/h2>\n<h4><strong><b>Si vous avez besoin de COA, MSDS ou TDS, veuillez remplir vos coordonn\u00e9es dans le formulaire ci-dessous, nous vous contacterons g\u00e9n\u00e9ralement dans les 24 heures. Vous pouvez \u00e9galement m'envoyer un courriel <span style=\"color: #0000ff;\"><a style=\"color: #0000ff;\" href=\"mailto:info@longchangchemical.com\">info@longchangchemical.com<\/a><\/span> pendant les heures de travail ( 8:30 am to 6:00 pm UTC+8 Mon.~Sat. ) ou utilisez le chat en direct du site web pour obtenir une r\u00e9ponse rapide.<\/b><\/strong><\/h4>","protected":false},"excerpt":{"rendered":"<p>Nom du produit : Acide para-toluique<\/p>\n<p>Num\u00e9ro CAS : 99-94-5<\/p>\n<p>Formule mol\u00e9culaire : C8H8O2<\/p>\n<p>Poids mol\u00e9culaire : 136,15<\/p>\n<p>Aspect : poudre blanche<\/p>\n<p>Dosage : 99,5%min<\/p>","protected":false},"featured_media":6470,"comment_status":"open","ping_status":"closed","template":"","meta":[],"product_brand":[],"product_cat":[69],"product_tag":[],"class_list":{"0":"post-4236","1":"product","2":"type-product","3":"status-publish","4":"has-post-thumbnail","6":"product_cat-catalysts-chemical-auxiliary-agents","8":"first","9":"instock","10":"shipping-taxable","11":"product-type-simple"},"yoast_head":"<!-- This site is optimized with the Yoast SEO plugin v25.3.1 - https:\/\/yoast.com\/wordpress\/plugins\/seo\/ -->\n<title>China p-Toluic acid Manufacturer CAS 99-94-5 -Longchang Chemical<\/title>\n<meta name=\"description\" content=\"para toluic acid cas 99-94-5 is key product of Longchang Chemical. We provide best price. We are the leading manufacturer and supplier in China with the best quanlity and competitive price.\" \/>\n<meta name=\"robots\" content=\"index, follow, max-snippet:-1, max-image-preview:large, max-video-preview:-1\" \/>\n<link rel=\"canonical\" href=\"https:\/\/longchangchemical.com\/fr\/product\/para-toluic-acid-cas-99-94-5\/\" \/>\n<meta property=\"og:locale\" content=\"fr_FR\" \/>\n<meta property=\"og:type\" content=\"article\" \/>\n<meta property=\"og:title\" content=\"China p-Toluic acid Manufacturer CAS 99-94-5 -Longchang Chemical\" \/>\n<meta property=\"og:description\" content=\"para toluic acid cas 99-94-5 is key product of Longchang Chemical. We provide best price. We are the leading manufacturer and supplier in China with the best quanlity and competitive price.\" \/>\n<meta property=\"og:url\" content=\"https:\/\/longchangchemical.com\/fr\/product\/para-toluic-acid-cas-99-94-5\/\" \/>\n<meta property=\"og:site_name\" content=\"Longchang Chemical\" \/>\n<meta property=\"article:modified_time\" content=\"2026-05-08T03:00:01+00:00\" \/>\n<meta property=\"og:image\" content=\"https:\/\/longchangchemical.com\/wp-content\/uploads\/2024\/01\/10.jpg\" \/>\n\t<meta property=\"og:image:width\" content=\"800\" \/>\n\t<meta property=\"og:image:height\" content=\"800\" \/>\n\t<meta property=\"og:image:type\" content=\"image\/jpeg\" \/>\n<meta name=\"twitter:card\" content=\"summary_large_image\" \/>\n<script type=\"application\/ld+json\" class=\"yoast-schema-graph\">{\"@context\":\"https:\/\/schema.org\",\"@graph\":[{\"@type\":\"WebPage\",\"@id\":\"https:\/\/longchangchemical.com\/product\/para-toluic-acid-cas-99-94-5\/\",\"url\":\"https:\/\/longchangchemical.com\/product\/para-toluic-acid-cas-99-94-5\/\",\"name\":\"China p-Toluic acid Manufacturer CAS 99-94-5 -Longchang Chemical\",\"isPartOf\":{\"@id\":\"https:\/\/longchangchemical.com\/#website\"},\"primaryImageOfPage\":{\"@id\":\"https:\/\/longchangchemical.com\/product\/para-toluic-acid-cas-99-94-5\/#primaryimage\"},\"image\":{\"@id\":\"https:\/\/longchangchemical.com\/product\/para-toluic-acid-cas-99-94-5\/#primaryimage\"},\"thumbnailUrl\":\"https:\/\/longchangchemical.com\/wp-content\/uploads\/2024\/01\/10.jpg\",\"datePublished\":\"2024-01-15T07:54:34+00:00\",\"dateModified\":\"2026-05-08T03:00:01+00:00\",\"description\":\"para toluic acid cas 99-94-5 is key product of Longchang Chemical. We provide best price. We are the leading manufacturer and supplier in China with the best quanlity and competitive price.\",\"breadcrumb\":{\"@id\":\"https:\/\/longchangchemical.com\/product\/para-toluic-acid-cas-99-94-5\/#breadcrumb\"},\"inLanguage\":\"fr-FR\",\"potentialAction\":[{\"@type\":\"ReadAction\",\"target\":[\"https:\/\/longchangchemical.com\/product\/para-toluic-acid-cas-99-94-5\/\"]}]},{\"@type\":\"ImageObject\",\"inLanguage\":\"fr-FR\",\"@id\":\"https:\/\/longchangchemical.com\/product\/para-toluic-acid-cas-99-94-5\/#primaryimage\",\"url\":\"https:\/\/longchangchemical.com\/wp-content\/uploads\/2024\/01\/10.jpg\",\"contentUrl\":\"https:\/\/longchangchemical.com\/wp-content\/uploads\/2024\/01\/10.jpg\",\"width\":800,\"height\":800,\"caption\":\"para toluic acid cas 99-94-5\"},{\"@type\":\"BreadcrumbList\",\"@id\":\"https:\/\/longchangchemical.com\/product\/para-toluic-acid-cas-99-94-5\/#breadcrumb\",\"itemListElement\":[{\"@type\":\"ListItem\",\"position\":1,\"name\":\"Home\",\"item\":\"https:\/\/longchangchemical.com\/\"},{\"@type\":\"ListItem\",\"position\":2,\"name\":\"Products Longchang\",\"item\":\"https:\/\/longchangchemical.com\/product\/\"},{\"@type\":\"ListItem\",\"position\":3,\"name\":\"para toluic acid cas 99-94-5\"}]},{\"@type\":\"WebSite\",\"@id\":\"https:\/\/longchangchemical.com\/#website\",\"url\":\"https:\/\/longchangchemical.com\/\",\"name\":\"Longchang Chemical\",\"description\":\"China chemical manufacturer \uff06 supplier\",\"publisher\":{\"@id\":\"https:\/\/longchangchemical.com\/#organization\"},\"potentialAction\":[{\"@type\":\"SearchAction\",\"target\":{\"@type\":\"EntryPoint\",\"urlTemplate\":\"https:\/\/longchangchemical.com\/?s={search_term_string}\"},\"query-input\":{\"@type\":\"PropertyValueSpecification\",\"valueRequired\":true,\"valueName\":\"search_term_string\"}}],\"inLanguage\":\"fr-FR\"},{\"@type\":\"Organization\",\"@id\":\"https:\/\/longchangchemical.com\/#organization\",\"name\":\"Longchang Chemical\",\"url\":\"https:\/\/longchangchemical.com\/\",\"logo\":{\"@type\":\"ImageObject\",\"inLanguage\":\"fr-FR\",\"@id\":\"https:\/\/longchangchemical.com\/#\/schema\/logo\/image\/\",\"url\":\"https:\/\/longchangchemical.com\/wp-content\/uploads\/2020\/08\/cropped-longchang-logo.png\",\"contentUrl\":\"https:\/\/longchangchemical.com\/wp-content\/uploads\/2020\/08\/cropped-longchang-logo.png\",\"width\":512,\"height\":512,\"caption\":\"Longchang Chemical\"},\"image\":{\"@id\":\"https:\/\/longchangchemical.com\/#\/schema\/logo\/image\/\"}}]}<\/script>\n<!-- \/ Yoast SEO plugin. -->","yoast_head_json":{"title":"Fabricant chinois d'acide p-toluique CAS 99-94-5 -Longchang Chemical","description":"L'acide para toluique cas 99-94-5 est un produit cl\u00e9 de Longchang Chemical. Nous fournissons le meilleur prix. Nous sommes le principal fabricant et fournisseur en Chine avec la meilleure quantit\u00e9 et le prix comp\u00e9titif.","robots":{"index":"index","follow":"follow","max-snippet":"max-snippet:-1","max-image-preview":"max-image-preview:large","max-video-preview":"max-video-preview:-1"},"canonical":"https:\/\/longchangchemical.com\/fr\/product\/para-toluic-acid-cas-99-94-5\/","og_locale":"fr_FR","og_type":"article","og_title":"China p-Toluic acid Manufacturer CAS 99-94-5 -Longchang Chemical","og_description":"para toluic acid cas 99-94-5 is key product of Longchang Chemical. We provide best price. We are the leading manufacturer and supplier in China with the best quanlity and competitive price.","og_url":"https:\/\/longchangchemical.com\/fr\/product\/para-toluic-acid-cas-99-94-5\/","og_site_name":"Longchang Chemical","article_modified_time":"2026-05-08T03:00:01+00:00","og_image":[{"width":800,"height":800,"url":"https:\/\/longchangchemical.com\/wp-content\/uploads\/2024\/01\/10.jpg","type":"image\/jpeg"}],"twitter_card":"summary_large_image","schema":{"@context":"https:\/\/schema.org","@graph":[{"@type":"WebPage","@id":"https:\/\/longchangchemical.com\/product\/para-toluic-acid-cas-99-94-5\/","url":"https:\/\/longchangchemical.com\/product\/para-toluic-acid-cas-99-94-5\/","name":"Fabricant chinois d'acide p-toluique CAS 99-94-5 -Longchang Chemical","isPartOf":{"@id":"https:\/\/longchangchemical.com\/#website"},"primaryImageOfPage":{"@id":"https:\/\/longchangchemical.com\/product\/para-toluic-acid-cas-99-94-5\/#primaryimage"},"image":{"@id":"https:\/\/longchangchemical.com\/product\/para-toluic-acid-cas-99-94-5\/#primaryimage"},"thumbnailUrl":"https:\/\/longchangchemical.com\/wp-content\/uploads\/2024\/01\/10.jpg","datePublished":"2024-01-15T07:54:34+00:00","dateModified":"2026-05-08T03:00:01+00:00","description":"L'acide para toluique cas 99-94-5 est un produit cl\u00e9 de Longchang Chemical. Nous fournissons le meilleur prix. Nous sommes le principal fabricant et fournisseur en Chine avec la meilleure quantit\u00e9 et le prix comp\u00e9titif.","breadcrumb":{"@id":"https:\/\/longchangchemical.com\/product\/para-toluic-acid-cas-99-94-5\/#breadcrumb"},"inLanguage":"fr-FR","potentialAction":[{"@type":"ReadAction","target":["https:\/\/longchangchemical.com\/product\/para-toluic-acid-cas-99-94-5\/"]}]},{"@type":"ImageObject","inLanguage":"fr-FR","@id":"https:\/\/longchangchemical.com\/product\/para-toluic-acid-cas-99-94-5\/#primaryimage","url":"https:\/\/longchangchemical.com\/wp-content\/uploads\/2024\/01\/10.jpg","contentUrl":"https:\/\/longchangchemical.com\/wp-content\/uploads\/2024\/01\/10.jpg","width":800,"height":800,"caption":"para toluic acid cas 99-94-5"},{"@type":"BreadcrumbList","@id":"https:\/\/longchangchemical.com\/product\/para-toluic-acid-cas-99-94-5\/#breadcrumb","itemListElement":[{"@type":"ListItem","position":1,"name":"Home","item":"https:\/\/longchangchemical.com\/"},{"@type":"ListItem","position":2,"name":"Products Longchang","item":"https:\/\/longchangchemical.com\/product\/"},{"@type":"ListItem","position":3,"name":"para toluic acid cas 99-94-5"}]},{"@type":"WebSite","@id":"https:\/\/longchangchemical.com\/#website","url":"https:\/\/longchangchemical.com\/","name":"Longchang Chemical","description":"Fabricant chinois de produits chimiques \uff06 fournisseur","publisher":{"@id":"https:\/\/longchangchemical.com\/#organization"},"potentialAction":[{"@type":"SearchAction","target":{"@type":"EntryPoint","urlTemplate":"https:\/\/longchangchemical.com\/?s={search_term_string}"},"query-input":{"@type":"PropertyValueSpecification","valueRequired":true,"valueName":"search_term_string"}}],"inLanguage":"fr-FR"},{"@type":"Organization","@id":"https:\/\/longchangchemical.com\/#organization","name":"Longchang Chemical","url":"https:\/\/longchangchemical.com\/","logo":{"@type":"ImageObject","inLanguage":"fr-FR","@id":"https:\/\/longchangchemical.com\/#\/schema\/logo\/image\/","url":"https:\/\/longchangchemical.com\/wp-content\/uploads\/2020\/08\/cropped-longchang-logo.png","contentUrl":"https:\/\/longchangchemical.com\/wp-content\/uploads\/2020\/08\/cropped-longchang-logo.png","width":512,"height":512,"caption":"Longchang Chemical"},"image":{"@id":"https:\/\/longchangchemical.com\/#\/schema\/logo\/image\/"}}]}},"_links":{"self":[{"href":"https:\/\/longchangchemical.com\/fr\/wp-json\/wp\/v2\/product\/4236","targetHints":{"allow":["GET"]}}],"collection":[{"href":"https:\/\/longchangchemical.com\/fr\/wp-json\/wp\/v2\/product"}],"about":[{"href":"https:\/\/longchangchemical.com\/fr\/wp-json\/wp\/v2\/types\/product"}],"replies":[{"embeddable":true,"href":"https:\/\/longchangchemical.com\/fr\/wp-json\/wp\/v2\/comments?post=4236"}],"wp:featuredmedia":[{"embeddable":true,"href":"https:\/\/longchangchemical.com\/fr\/wp-json\/wp\/v2\/media\/6470"}],"wp:attachment":[{"href":"https:\/\/longchangchemical.com\/fr\/wp-json\/wp\/v2\/media?parent=4236"}],"wp:term":[{"taxonomy":"product_brand","embeddable":true,"href":"https:\/\/longchangchemical.com\/fr\/wp-json\/wp\/v2\/product_brand?post=4236"},{"taxonomy":"product_cat","embeddable":true,"href":"https:\/\/longchangchemical.com\/fr\/wp-json\/wp\/v2\/product_cat?post=4236"},{"taxonomy":"product_tag","embeddable":true,"href":"https:\/\/longchangchemical.com\/fr\/wp-json\/wp\/v2\/product_tag?post=4236"}],"curies":[{"name":"wp","href":"https:\/\/api.w.org\/{rel}","templated":true}]}}