{"id":4228,"date":"2021-04-09T08:58:42","date_gmt":"2021-04-09T08:58:42","guid":{"rendered":"https:\/\/longchangchemical.com\/?post_type=product&#038;p=4228"},"modified":"2025-12-22T09:46:21","modified_gmt":"2025-12-22T09:46:21","slug":"sodium-ascorbyl-phosphate","status":"publish","type":"product","link":"https:\/\/longchangchemical.com\/fr\/product\/sodium-ascorbyl-phosphate\/","title":{"rendered":"L-ascorbyl-2-phosphate de sodium (phosphate d'ascorbyle de sodium) CAS 66170-10-3"},"content":{"rendered":"<h1><strong>L-ascorbyl-2-phosphate de sodium (phosphate d'ascorbyle de sodium) CAS 66170-10-3<\/strong><\/h1>\n<table class=\"table-1\" cellspacing=\"0\">\n<tbody>\n<tr>\n<td>\n<h4><strong>Objet<\/strong><\/h4>\n<\/td>\n<td>\n<h4><strong>Sp\u00e9cifications<\/strong><\/h4>\n<\/td>\n<\/tr>\n<tr>\n<td>\n<h4>Apparence<\/h4>\n<\/td>\n<td>\n<h4>Ce produit se pr\u00e9sente sous la forme d'une poudre blanche ou blanc cass\u00e9<\/h4>\n<\/td>\n<\/tr>\n<tr>\n<td>\n<h4>Identification<\/h4>\n<\/td>\n<td>\n<h4>Le spectre d'absorption infrarouge de ce produit doit correspondre \u00e0 la carte du produit de r\u00e9f\u00e9rence de la vitamine C phosphate de sodium.<\/h4>\n<\/td>\n<\/tr>\n<tr>\n<td>\n<h4>Valeur PH<\/h4>\n<\/td>\n<td>\n<h4>8.0~10.0<\/h4>\n<\/td>\n<\/tr>\n<tr>\n<td>\n<h4>Degr\u00e9 de clarification de la solution<\/h4>\n<\/td>\n<td>\n<h4>3% la solution aqueuse de l'\u00e9chantillon doit \u00eatre clarifi\u00e9e et presque incolore<\/h4>\n<\/td>\n<\/tr>\n<tr>\n<td>\n<h4>Perte au s\u00e9chage<\/h4>\n<\/td>\n<td>\n<h4>\u226410.0%<\/h4>\n<\/td>\n<\/tr>\n<tr>\n<td>\n<h4>M\u00e9tal lourd<\/h4>\n<\/td>\n<td>\n<h4>\u22640.001%<\/h4>\n<\/td>\n<\/tr>\n<tr>\n<td>\n<h4>Teneur (C6H6O9Na3P)<\/h4>\n<\/td>\n<td>\n<h4>\u226598.0%<\/h4>\n<\/td>\n<\/tr>\n<\/tbody>\n<\/table>\n<h2><\/h2>\n<h2><strong>L-ascorbyl-2-phosphate de sodium\/phosphate d'ascorbyle de sodium (SAP) Utilisation<\/strong><\/h2>\n<h4>1. Le sel trisodique de l'acide L-ascorbique-2-phosphate peut \u00eatre utilis\u00e9 comme substrat catalytique de la phosphatase alcaline. La phosphatase alcaline (ALP) est un biomarqueur important dont l'expression anormale est associ\u00e9e \u00e0 de nombreuses maladies telles que le cancer du sein, le cancer de la prostate, les maladies osseuses, le diab\u00e8te et les dysfonctionnements h\u00e9patiques. La d\u00e9tection quantitative de l'ALP dans le s\u00e9rum peut contribuer au diagnostic des maladies associ\u00e9es. L'analyse spectrale a \u00e9t\u00e9 largement utilis\u00e9e pour la d\u00e9tection de l'ALP en raison de sa simplicit\u00e9 et de sa rapidit\u00e9 de r\u00e9ponse. Cependant, la spectroscopie conventionnelle bas\u00e9e sur un seul mat\u00e9riau et un seul signal de sortie colorim\u00e9trique ou fluorescent a une faible capacit\u00e9 anti-interf\u00e9rence et une faible pr\u00e9cision, et il est difficile de l'utiliser pour la d\u00e9tection de cibles dans des \u00e9chantillons complexes. Avec les progr\u00e8s de la nanotechnologie, diverses m\u00e9thodes de d\u00e9tection colorim\u00e9trique ALP bas\u00e9es sur le nano-or et le nano-argent ont \u00e9t\u00e9 d\u00e9velopp\u00e9es, mais la sensibilit\u00e9 de ces m\u00e9thodes doit \u00eatre am\u00e9lior\u00e9e ; de faibles modifications de l'enveloppe des nanoparticules \u00e0 noyau peuvent entra\u00eener des changements significatifs. L'apparition de changements de spectre et de couleur permet d'am\u00e9liorer encore la sensibilit\u00e9 de la d\u00e9tection colorim\u00e9trique.<\/h4>\n<h4>2. Des \u00e9tudes ont fourni une m\u00e9thode de d\u00e9tection \u00e0 deux canaux pour l'activit\u00e9 de la phosphatase alcaline. Le principe est que la phosphatase alcaline catalyse l'hydrolyse de son substrat, le sel trisodique de l'acide L-ascorbique-2-phosphate (AAP), pour produire de l'acide ascorbique r\u00e9ducteur. L'acide ascorbique r\u00e9duit le r\u00e9actif de Torun pour g\u00e9n\u00e9rer l'\u00e9l\u00e9ment argent et se d\u00e9pose sur la surface du nano-or pour former des Au@AgNP, ce qui entra\u00eene des changements dans la couleur et le spectre d'absorption de la solution ; en outre, les Au@AgNP g\u00e9n\u00e9r\u00e9es peuvent efficacement \u00e9teindre la fluorescence des points quantiques de graph\u00e8ne (GQD). La modification de l'intensit\u00e9 de la fluorescence de la solution. Ainsi, la mesure colorim\u00e9trique et fluorescente \u00e0 double canal de l'activit\u00e9 de la phosphatase alcaline peut \u00eatre r\u00e9alis\u00e9e par des changements simultan\u00e9s de la couleur de la solution, de l'absorbance et de l'intensit\u00e9 de la fluorescence.<\/h4>\n<h4>3. Le sel trisodique de l'acide L-ascorbique-2-phosphate peut \u00e9galement \u00eatre utilis\u00e9 dans la pr\u00e9paration d'un capteur photo\u00e9lectrochimique de parathion. Il appartient au domaine technique des nouveaux mat\u00e9riaux nanofonctionnels et des biocapteurs. Tout d'abord, un nouveau type de mat\u00e9riau nanophotosensible bidimensionnel Mn-MoO3\/TiO2@g-C3N4 a \u00e9t\u00e9 pr\u00e9par\u00e9. Gr\u00e2ce \u00e0 sa bonne biocompatibilit\u00e9 et \u00e0 sa grande surface sp\u00e9cifique, le mat\u00e9riau a \u00e9t\u00e9 charg\u00e9 d'anticorps contre le parathion, puis pass\u00e9 au glutarald\u00e9hyde. La r\u00e9ticulation fixe la phosphatase alcaline. Pendant la d\u00e9tection, la phosphatase alcaline peut catalyser le sel trisodique AAP de l'acide L-ascorbique-2-phosphate pour produire de l'acide L-ascorbique AA in situ, puis fournir des donneurs d'\u00e9lectrons pour la d\u00e9tection photo\u00e9lectrique. R\u00e9utilisation de l'effet de la liaison quantitative sp\u00e9cifique de l'anticorps et de l'antig\u00e8ne sur la capacit\u00e9 de transport d'\u00e9lectrons, de sorte que l'intensit\u00e9 du photocourant est r\u00e9duite en cons\u00e9quence, et finalement un biocapteur photo\u00e9lectrochimique \u00e0 faible co\u00fbt, \u00e0 haute sensibilit\u00e9, \u00e0 bonne sp\u00e9cificit\u00e9, \u00e0 d\u00e9tection rapide et \u00e0 pr\u00e9paration simple pour la d\u00e9tection sans parathion.<\/h4>\n<p>&nbsp;<\/p>\n<h2><strong>Emballage et exp\u00e9dition du L-ascorbyl-2-phosphate de sodium\/Sodium Ascorbyl Phosphate (SAP)<\/strong><\/h2>\n<h4>Emballage en carton, scell\u00e9 \u00e0 l'int\u00e9rieur avec un sac en aluminium de 1kg*20.<\/h4>\n<h4>Emballage dans un tambour en papier, scell\u00e9 \u00e0 l'int\u00e9rieur avec un sac en aluminium de 1kg*20 ou un sac en plastique de 20kg.<\/h4>\n<h4>Livraison : Livraison dans les 2 \u00e0 3 jours suivant la r\u00e9ception du paiement.<\/h4>\n<p>&nbsp;<\/p>\n<h2><strong>Stockage de L-ascorbyl-2-phosphate de sodium\/Sodium Ascorbyl Phosphate (SAP)<\/strong><\/h2>\n<h4>Scell\u00e9 et prot\u00e9g\u00e9 de la lumi\u00e8re, il a une dur\u00e9e de conservation de 3 ans.<\/h4>\n<p>&nbsp;<\/p>\n<h2><strong>Produits de la m\u00eame s\u00e9rie<\/strong><\/h2>\n<table style=\"border-collapse: collapse; width: 276.77pt;\" border=\"0\" width=\"369\" cellspacing=\"0\" cellpadding=\"0\">\n<tbody>\n<tr style=\"height: 14.25pt;\">\n<td style=\"height: 14.25pt; width: 195.75pt;\" width=\"261\" height=\"19\">\n<h4><span style=\"color: #000000;\">Phosphate d'ascorbyle sodique<\/span><\/h4>\n<\/td>\n<td style=\"width: 81.00pt;\" width=\"108\">\n<h4><span style=\"color: #000000;\">66170-10-3<\/span><\/h4>\n<\/td>\n<\/tr>\n<tr style=\"height: 14.25pt;\">\n<td style=\"height: 14.25pt;\" height=\"19\">\n<h4><a href=\"https:\/\/longchangchemical.com\/fr\/product\/magnesium-ascorbyl-phosphate\/\"><span style=\"color: #3366ff;\">Phosphate d'ascorbyle de magn\u00e9sium<\/span><\/a><\/h4>\n<\/td>\n<td>\n<h4><span style=\"color: #000000;\">113170-55-1<\/span><\/h4>\n<\/td>\n<\/tr>\n<\/tbody>\n<\/table>\n<h2><\/h2>\n<h2><strong><b>Contactez-nous d\u00e8s maintenant !<\/b><\/strong><\/h2>\n<h4><strong><b>Si vous avez besoin de COA, MSDS ou TDS, veuillez remplir vos coordonn\u00e9es dans le formulaire ci-dessous, nous vous contacterons g\u00e9n\u00e9ralement dans les 24 heures. Vous pouvez \u00e9galement m'envoyer un courriel <span style=\"color: #0000ff;\"><a style=\"color: #0000ff;\" href=\"mailto:info@longchangchemical.com\">info@longchangchemical.com<\/a><\/span> pendant les heures de travail ( 8:30 am to 6:00 pm UTC+8 Mon.~Sat. ) ou utilisez le chat en direct du site web pour obtenir une r\u00e9ponse rapide.<\/b><\/strong><\/h4>","protected":false},"excerpt":{"rendered":"<h4>Nom chimique : L-ascorbyl-2-phosphate de sodium (phosphate d'ascorbyle de sodium)<\/h4>\n<h4>Num\u00e9ro CAS : 66170-10-3<\/h4>\n<h4>Formule mol\u00e9culaire:C6H6Na3O9P<\/h4>\n<h4>Poids mol\u00e9culaire : 322,05<\/h4>\n<h4>Structure chimique :<img decoding=\"async\" title=\"Structure du L-ascorbyl-2-phosphate de sodium\" src=\"https:\/\/www.longchangchemical.com\/wp-content\/uploads\/product-details\/20200612232134.png\" alt=\"Structure du L-ascorbyl-2-phosphate de sodium\" width=\"154\" height=\"142\" border=\"0\" vspace=\"0\" \/><\/h4>\n<h4>Aspect : Poudre blanche ou blanc cass\u00e9<\/h4>\n<h4>Essai : 98.0%<\/h4>","protected":false},"featured_media":4488,"comment_status":"open","ping_status":"closed","template":"","meta":[],"product_brand":[],"product_cat":[113],"product_tag":[],"class_list":{"0":"post-4228","1":"product","2":"type-product","3":"status-publish","4":"has-post-thumbnail","6":"product_cat-organic-intermediate","8":"first","9":"instock","10":"shipping-taxable","11":"product-type-simple"},"yoast_head":"<!-- This site is optimized with the Yoast SEO plugin v25.3.1 - https:\/\/yoast.com\/wordpress\/plugins\/seo\/ -->\n<title>China Sodium Ascorbyl Phosphate Manufacturer \uff06 Supplier - Longchang chemical Co., Ltd.<\/title>\n<meta name=\"description\" content=\"Longchang Chemical is a leading manufacturer and supplier of Sodium Ascorbyl Phosphate in China. Buy Sodium Ascorbyl Phosphate in china. We can provide the best Sodium Ascorbyl Phosphate price.\" \/>\n<meta name=\"robots\" content=\"index, follow, max-snippet:-1, max-image-preview:large, max-video-preview:-1\" \/>\n<link rel=\"canonical\" href=\"https:\/\/longchangchemical.com\/fr\/product\/sodium-ascorbyl-phosphate\/\" \/>\n<meta property=\"og:locale\" content=\"fr_FR\" \/>\n<meta property=\"og:type\" content=\"article\" \/>\n<meta property=\"og:title\" content=\"China Sodium Ascorbyl Phosphate Manufacturer \uff06 Supplier - Longchang chemical Co., Ltd.\" \/>\n<meta property=\"og:description\" content=\"Longchang Chemical is a leading manufacturer and supplier of Sodium Ascorbyl Phosphate in China. Buy Sodium Ascorbyl Phosphate in china. We can provide the best Sodium Ascorbyl Phosphate price.\" \/>\n<meta property=\"og:url\" content=\"https:\/\/longchangchemical.com\/fr\/product\/sodium-ascorbyl-phosphate\/\" \/>\n<meta property=\"og:site_name\" content=\"Longchang Chemical\" \/>\n<meta property=\"article:modified_time\" content=\"2025-12-22T09:46:21+00:00\" \/>\n<meta property=\"og:image\" content=\"https:\/\/longchangchemical.com\/wp-content\/uploads\/2021\/04\/Sodium-Ascorbyl-Phosphate-Appearance.jpg\" \/>\n\t<meta property=\"og:image:width\" content=\"600\" \/>\n\t<meta property=\"og:image:height\" content=\"800\" \/>\n\t<meta property=\"og:image:type\" content=\"image\/jpeg\" \/>\n<meta name=\"twitter:card\" content=\"summary_large_image\" \/>\n<script type=\"application\/ld+json\" class=\"yoast-schema-graph\">{\"@context\":\"https:\/\/schema.org\",\"@graph\":[{\"@type\":\"WebPage\",\"@id\":\"https:\/\/longchangchemical.com\/product\/sodium-ascorbyl-phosphate\/\",\"url\":\"https:\/\/longchangchemical.com\/product\/sodium-ascorbyl-phosphate\/\",\"name\":\"China Sodium Ascorbyl Phosphate Manufacturer \uff06 Supplier - Longchang chemical Co., Ltd.\",\"isPartOf\":{\"@id\":\"https:\/\/longchangchemical.com\/#website\"},\"primaryImageOfPage\":{\"@id\":\"https:\/\/longchangchemical.com\/product\/sodium-ascorbyl-phosphate\/#primaryimage\"},\"image\":{\"@id\":\"https:\/\/longchangchemical.com\/product\/sodium-ascorbyl-phosphate\/#primaryimage\"},\"thumbnailUrl\":\"https:\/\/longchangchemical.com\/wp-content\/uploads\/2021\/04\/Sodium-Ascorbyl-Phosphate-Appearance.jpg\",\"datePublished\":\"2021-04-09T08:58:42+00:00\",\"dateModified\":\"2025-12-22T09:46:21+00:00\",\"description\":\"Longchang Chemical is a leading manufacturer and supplier of Sodium Ascorbyl Phosphate in China. Buy Sodium Ascorbyl Phosphate in china. We can provide the best Sodium Ascorbyl Phosphate price.\",\"breadcrumb\":{\"@id\":\"https:\/\/longchangchemical.com\/product\/sodium-ascorbyl-phosphate\/#breadcrumb\"},\"inLanguage\":\"fr-FR\",\"potentialAction\":[{\"@type\":\"ReadAction\",\"target\":[\"https:\/\/longchangchemical.com\/product\/sodium-ascorbyl-phosphate\/\"]}]},{\"@type\":\"ImageObject\",\"inLanguage\":\"fr-FR\",\"@id\":\"https:\/\/longchangchemical.com\/product\/sodium-ascorbyl-phosphate\/#primaryimage\",\"url\":\"https:\/\/longchangchemical.com\/wp-content\/uploads\/2021\/04\/Sodium-Ascorbyl-Phosphate-Appearance.jpg\",\"contentUrl\":\"https:\/\/longchangchemical.com\/wp-content\/uploads\/2021\/04\/Sodium-Ascorbyl-Phosphate-Appearance.jpg\",\"width\":600,\"height\":800},{\"@type\":\"BreadcrumbList\",\"@id\":\"https:\/\/longchangchemical.com\/product\/sodium-ascorbyl-phosphate\/#breadcrumb\",\"itemListElement\":[{\"@type\":\"ListItem\",\"position\":1,\"name\":\"Home\",\"item\":\"https:\/\/longchangchemical.com\/\"},{\"@type\":\"ListItem\",\"position\":2,\"name\":\"Products Longchang\",\"item\":\"https:\/\/longchangchemical.com\/product\/\"},{\"@type\":\"ListItem\",\"position\":3,\"name\":\"Sodium l-ascorbyl-2-phosphate (sodium ascorbyl phosphate) CAS 66170-10-3\"}]},{\"@type\":\"WebSite\",\"@id\":\"https:\/\/longchangchemical.com\/#website\",\"url\":\"https:\/\/longchangchemical.com\/\",\"name\":\"Longchang Chemical\",\"description\":\"China chemical manufacturer \uff06 supplier\",\"publisher\":{\"@id\":\"https:\/\/longchangchemical.com\/#organization\"},\"potentialAction\":[{\"@type\":\"SearchAction\",\"target\":{\"@type\":\"EntryPoint\",\"urlTemplate\":\"https:\/\/longchangchemical.com\/?s={search_term_string}\"},\"query-input\":{\"@type\":\"PropertyValueSpecification\",\"valueRequired\":true,\"valueName\":\"search_term_string\"}}],\"inLanguage\":\"fr-FR\"},{\"@type\":\"Organization\",\"@id\":\"https:\/\/longchangchemical.com\/#organization\",\"name\":\"Longchang Chemical\",\"url\":\"https:\/\/longchangchemical.com\/\",\"logo\":{\"@type\":\"ImageObject\",\"inLanguage\":\"fr-FR\",\"@id\":\"https:\/\/longchangchemical.com\/#\/schema\/logo\/image\/\",\"url\":\"https:\/\/longchangchemical.com\/wp-content\/uploads\/2020\/08\/cropped-longchang-logo.png\",\"contentUrl\":\"https:\/\/longchangchemical.com\/wp-content\/uploads\/2020\/08\/cropped-longchang-logo.png\",\"width\":512,\"height\":512,\"caption\":\"Longchang Chemical\"},\"image\":{\"@id\":\"https:\/\/longchangchemical.com\/#\/schema\/logo\/image\/\"}}]}<\/script>\n<!-- \/ Yoast SEO plugin. -->","yoast_head_json":{"title":"China Sodium Ascorbyl Phosphate Manufacturer \uff06 Supplier - Longchang chemical Co., Ltd.","description":"Longchang Chemical est un fabricant et fournisseur leader de phosphate d'ascorbyle de sodium en Chine. Acheter Phosphate d'ascorbyle de sodium en Chine. Nous pouvons vous fournir le meilleur prix de Phosphate d'ascorbyle de sodium.","robots":{"index":"index","follow":"follow","max-snippet":"max-snippet:-1","max-image-preview":"max-image-preview:large","max-video-preview":"max-video-preview:-1"},"canonical":"https:\/\/longchangchemical.com\/fr\/product\/sodium-ascorbyl-phosphate\/","og_locale":"fr_FR","og_type":"article","og_title":"China Sodium Ascorbyl Phosphate Manufacturer \uff06 Supplier - Longchang chemical Co., Ltd.","og_description":"Longchang Chemical is a leading manufacturer and supplier of Sodium Ascorbyl Phosphate in China. Buy Sodium Ascorbyl Phosphate in china. We can provide the best Sodium Ascorbyl Phosphate price.","og_url":"https:\/\/longchangchemical.com\/fr\/product\/sodium-ascorbyl-phosphate\/","og_site_name":"Longchang Chemical","article_modified_time":"2025-12-22T09:46:21+00:00","og_image":[{"width":600,"height":800,"url":"https:\/\/longchangchemical.com\/wp-content\/uploads\/2021\/04\/Sodium-Ascorbyl-Phosphate-Appearance.jpg","type":"image\/jpeg"}],"twitter_card":"summary_large_image","schema":{"@context":"https:\/\/schema.org","@graph":[{"@type":"WebPage","@id":"https:\/\/longchangchemical.com\/product\/sodium-ascorbyl-phosphate\/","url":"https:\/\/longchangchemical.com\/product\/sodium-ascorbyl-phosphate\/","name":"China Sodium Ascorbyl Phosphate Manufacturer \uff06 Supplier - Longchang chemical Co., Ltd.","isPartOf":{"@id":"https:\/\/longchangchemical.com\/#website"},"primaryImageOfPage":{"@id":"https:\/\/longchangchemical.com\/product\/sodium-ascorbyl-phosphate\/#primaryimage"},"image":{"@id":"https:\/\/longchangchemical.com\/product\/sodium-ascorbyl-phosphate\/#primaryimage"},"thumbnailUrl":"https:\/\/longchangchemical.com\/wp-content\/uploads\/2021\/04\/Sodium-Ascorbyl-Phosphate-Appearance.jpg","datePublished":"2021-04-09T08:58:42+00:00","dateModified":"2025-12-22T09:46:21+00:00","description":"Longchang Chemical est un fabricant et fournisseur leader de phosphate d'ascorbyle de sodium en Chine. Acheter Phosphate d'ascorbyle de sodium en Chine. Nous pouvons vous fournir le meilleur prix de Phosphate d'ascorbyle de sodium.","breadcrumb":{"@id":"https:\/\/longchangchemical.com\/product\/sodium-ascorbyl-phosphate\/#breadcrumb"},"inLanguage":"fr-FR","potentialAction":[{"@type":"ReadAction","target":["https:\/\/longchangchemical.com\/product\/sodium-ascorbyl-phosphate\/"]}]},{"@type":"ImageObject","inLanguage":"fr-FR","@id":"https:\/\/longchangchemical.com\/product\/sodium-ascorbyl-phosphate\/#primaryimage","url":"https:\/\/longchangchemical.com\/wp-content\/uploads\/2021\/04\/Sodium-Ascorbyl-Phosphate-Appearance.jpg","contentUrl":"https:\/\/longchangchemical.com\/wp-content\/uploads\/2021\/04\/Sodium-Ascorbyl-Phosphate-Appearance.jpg","width":600,"height":800},{"@type":"BreadcrumbList","@id":"https:\/\/longchangchemical.com\/product\/sodium-ascorbyl-phosphate\/#breadcrumb","itemListElement":[{"@type":"ListItem","position":1,"name":"Home","item":"https:\/\/longchangchemical.com\/"},{"@type":"ListItem","position":2,"name":"Products Longchang","item":"https:\/\/longchangchemical.com\/product\/"},{"@type":"ListItem","position":3,"name":"Sodium l-ascorbyl-2-phosphate (sodium ascorbyl phosphate) CAS 66170-10-3"}]},{"@type":"WebSite","@id":"https:\/\/longchangchemical.com\/#website","url":"https:\/\/longchangchemical.com\/","name":"Longchang Chemical","description":"Fabricant chinois de produits chimiques \uff06 fournisseur","publisher":{"@id":"https:\/\/longchangchemical.com\/#organization"},"potentialAction":[{"@type":"SearchAction","target":{"@type":"EntryPoint","urlTemplate":"https:\/\/longchangchemical.com\/?s={search_term_string}"},"query-input":{"@type":"PropertyValueSpecification","valueRequired":true,"valueName":"search_term_string"}}],"inLanguage":"fr-FR"},{"@type":"Organization","@id":"https:\/\/longchangchemical.com\/#organization","name":"Longchang Chemical","url":"https:\/\/longchangchemical.com\/","logo":{"@type":"ImageObject","inLanguage":"fr-FR","@id":"https:\/\/longchangchemical.com\/#\/schema\/logo\/image\/","url":"https:\/\/longchangchemical.com\/wp-content\/uploads\/2020\/08\/cropped-longchang-logo.png","contentUrl":"https:\/\/longchangchemical.com\/wp-content\/uploads\/2020\/08\/cropped-longchang-logo.png","width":512,"height":512,"caption":"Longchang Chemical"},"image":{"@id":"https:\/\/longchangchemical.com\/#\/schema\/logo\/image\/"}}]}},"_links":{"self":[{"href":"https:\/\/longchangchemical.com\/fr\/wp-json\/wp\/v2\/product\/4228","targetHints":{"allow":["GET"]}}],"collection":[{"href":"https:\/\/longchangchemical.com\/fr\/wp-json\/wp\/v2\/product"}],"about":[{"href":"https:\/\/longchangchemical.com\/fr\/wp-json\/wp\/v2\/types\/product"}],"replies":[{"embeddable":true,"href":"https:\/\/longchangchemical.com\/fr\/wp-json\/wp\/v2\/comments?post=4228"}],"wp:featuredmedia":[{"embeddable":true,"href":"https:\/\/longchangchemical.com\/fr\/wp-json\/wp\/v2\/media\/4488"}],"wp:attachment":[{"href":"https:\/\/longchangchemical.com\/fr\/wp-json\/wp\/v2\/media?parent=4228"}],"wp:term":[{"taxonomy":"product_brand","embeddable":true,"href":"https:\/\/longchangchemical.com\/fr\/wp-json\/wp\/v2\/product_brand?post=4228"},{"taxonomy":"product_cat","embeddable":true,"href":"https:\/\/longchangchemical.com\/fr\/wp-json\/wp\/v2\/product_cat?post=4228"},{"taxonomy":"product_tag","embeddable":true,"href":"https:\/\/longchangchemical.com\/fr\/wp-json\/wp\/v2\/product_tag?post=4228"}],"curies":[{"name":"wp","href":"https:\/\/api.w.org\/{rel}","templated":true}]}}